{"id":1735,"date":"2021-11-09T00:49:55","date_gmt":"2021-11-08T23:49:55","guid":{"rendered":"https:\/\/www.consultingcheck.com\/ressource\/formblatt-zur-integrierten-beurteilung-einer-standortzusammenlegung-excel\/"},"modified":"2024-06-18T13:30:49","modified_gmt":"2024-06-18T11:30:49","slug":"formblatt-zur-integrierten-beurteilung-einer-standortzusammenlegung-excel","status":"publish","type":"product","link":"https:\/\/www.consultingcheck.com\/de\/ressource\/formblatt-zur-integrierten-beurteilung-einer-standortzusammenlegung-excel\/","title":{"rendered":"Rechenanwendung f\u00fcr die Beurteilung der Standortfrage"},"content":{"rendered":"<h3>Inhalte<\/h3>\n<p>Hier finden Sie eine verallgemeinerte Rechenanwendung, mit der Sie objektiv ermitteln k\u00f6nnen, ob f\u00fcr Ihren Fall eine Zusammenlegung mehrerer operativer Standorte wirtschaftlich sinnvoll ist oder nicht. In diese Rechenanwendung flie\u00dft der Aufwand f\u00fcr den Umzug ebenso ein wie die durch eine Entscheidung wirksamen laufenden Erl\u00f6se und Aufw\u00e4nde. Ganz wichtig ist aber, dass auch die durch eine Entscheidung ausgel\u00f6ste Ver\u00e4nderung der Mitarbeitermotivation, zu erwartende tarifliche Ver\u00e4nderungen und m\u00f6gliche Anlaufschwierigkeiten (Stillst\u00e4nde, Lageraufbau, Ausschuss, Lieferverzug) in die Betrachtung einflie\u00dfen.<\/p>\n<p>Die Rechenanwendung besteht aus drei miteinander verkn\u00fcpften Arbeitsbl\u00e4ttern: In Arbeitsblatt geben Sie Ihre Annahmen ein, ein zweites Arbeitsblatt zeigt einen Vergleich aller Optionen und ein drittes liefert einen G&amp;V-Vergleich.<\/p>\n<p>Im Ergebnis zeigt die Anwendung den Setup-Aufwand f\u00fcr eine m\u00f6gliche Ver\u00e4nderung (Move) und m\u00fcndet in eine Aussage zur Ver\u00e4nderung in [EUR] bez\u00fcglich der gesamten Gewinn- und Verlustrechnung im ersten Jahr nach der Umsetzug der Entscheidung sowie langfristig. Damit ist diese Rechenanwendung ein geeignetes Simulations-Tool, um die Entscheidung \u00fcber eine Standortzusammenlegung objektiv vorzubereiten.<\/p>\n<p>&nbsp;<\/p>\n<h3>Vorteile<\/h3>\n<ul>\n<li>Sie erwerben den Zugang zu einer praktisch erprobten Rechenanwendung zur Vorbereitung der Entscheidung \u00fcber eine Standortzusammenlegung.<\/li>\n<li>Schon w\u00e4hrend der Nutzung der Anwendung schulen Sie den Blick der involvierten Personen f\u00fcr die relevanten Parameter und die nicht trivialen Wirkungszusammenh\u00e4nge.<\/li>\n<li>Die drei Arbeitsbl\u00e4tter dieses Tool sind komplett verformelt, k\u00f6nnen aber bei Bedarf individuell erweitert oder angepasst werden (offene MS Excel-Datei).<\/li>\n<\/ul>\n<p>&nbsp;<\/p>\n<h3>Digitaler Download<\/h3>\n<p>Nach der Bestellung erhalten Sie einen Download-Link zur verformelten MS Excel-Datei, die Sie sofort nutzen k\u00f6nnen.<\/p>\n<p>Bitte beachten Sie, dass diese Rechenanwendung, zu der Sie den Zugang erwerben, ausschlie\u00dflich f\u00fcr Ihren pers\u00f6nlichen Gebrauch bestimmt sind. Es ist untersagt, die Anwendung in jeglicher Form und in jeglicher digitaler oder physischer Weise weiterzuverkaufen oder sie ohne meine Erlaubnis in einer physischen oder Online-Ver\u00f6ffentlichung zu ver\u00f6ffentlichen. Ich bin der einzige Copyright-Inhaber dieser Datei.<\/p>\n<p>Link zum Download: MS Excel-Datei<\/p>\n","protected":false},"excerpt":{"rendered":"<h2>Ist eine Standortzusammenlegung sinnvoll? Diese Frage beurteilen Sie mit unserer Anwendung objektiv!<\/h2>\n","protected":false},"featured_media":20132,"template":"","meta":{"_links_to":"","_links_to_target":""},"product_brand":[],"product_cat":[1297,597,1227,1229],"product_tag":[],"jask_topic_categories":[1216,1220,1296,110,113,145,150,152,159,154,160,161,162,164,168,177,219,327,332,385,386,399,415,421,447,484,477,505,559],"class_list":{"0":"post-1735","1":"product","2":"type-product","3":"status-publish","4":"has-post-thumbnail","6":"product_cat-gewerbeimmobilien-und-industriebau","7":"product_cat-formblatt","8":"product_cat-management","9":"product_cat-unternehmenstransaktionen","10":"jask_topic_categories-finanz","11":"jask_topic_categories-management","12":"jask_topic_categories-industriebau","13":"jask_topic_categories-expansion-mit-bestehenden-produkten-in-neue-regionale-maerkte-und-oder-in-neue-anwendungen","14":"jask_topic_categories-expansion-mit-neuen-produkten-in-neue-maerkte","15":"jask_topic_categories-kostenoptimierung-zur-ertragssteigerung","16":"jask_topic_categories-kostensenkung-in-der-fertigung","17":"jask_topic_categories-investition","18":"jask_topic_categories-standortstrategie","19":"jask_topic_categories-optimierung-des-fertigungsprozesses","20":"jask_topic_categories-argumente-fuer-eine-standortzusammenlegung","21":"jask_topic_categories-argumente-gegen-eine-standortzusammenlegung","22":"jask_topic_categories-risiken-und-kosten-eines-umzugs","23":"jask_topic_categories-fazit-zur-standortzusammenlegung","24":"jask_topic_categories-stabilisierung","25":"jask_topic_categories-innovation","26":"jask_topic_categories-flexibilisierung","27":"jask_topic_categories-agiles-arbeiten","28":"jask_topic_categories-change-management","29":"jask_topic_categories-finanzierung","30":"jask_topic_categories-innenfinanzierung","31":"jask_topic_categories-aussenfinanzierung","32":"jask_topic_categories-krise-und-sanierung","33":"jask_topic_categories-turnaround-management","34":"jask_topic_categories-unternehmensbewertung","35":"jask_topic_categories-site-due-diligence","36":"jask_topic_categories-due-diligence","37":"jask_topic_categories-strategien","38":"jask_topic_categories-kapitalgesellschaft","40":"first","41":"instock","42":"downloadable","43":"virtual","44":"sold-individually","45":"taxable","46":"purchasable","47":"product-type-simple"},"yoast_head":"<!-- This site is optimized with the Yoast SEO plugin v27.4 - https:\/\/yoast.com\/product\/yoast-seo-wordpress\/ -->\n<title>Excel-Vorlage zur Beurteilung von Unternehmensstandorten kaufen<\/title>\n<meta name=\"description\" content=\"Ist eine Standortzusammenlegung sinnvoll? Mit unserer Excel-Vorlage haben Sie eine objektive Beurteilungshilfe an der Hand. Jetzt herunterladen!\" \/>\n<meta name=\"robots\" content=\"index, follow, max-snippet:-1, max-image-preview:large, max-video-preview:-1\" \/>\n<link rel=\"canonical\" href=\"https:\/\/www.consultingcheck.com\/de\/ressource\/formblatt-zur-integrierten-beurteilung-einer-standortzusammenlegung-excel\/\" \/>\n<meta property=\"og:locale\" content=\"de_DE\" \/>\n<meta property=\"og:type\" content=\"article\" \/>\n<meta property=\"og:title\" content=\"Excel-Vorlage zur Beurteilung von Unternehmensstandorten kaufen\" \/>\n<meta property=\"og:description\" content=\"Ist eine Standortzusammenlegung sinnvoll? Mit unserer Excel-Vorlage haben Sie eine objektive Beurteilungshilfe an der Hand. Jetzt herunterladen!\" \/>\n<meta property=\"og:url\" content=\"https:\/\/www.consultingcheck.com\/de\/ressource\/formblatt-zur-integrierten-beurteilung-einer-standortzusammenlegung-excel\/\" \/>\n<meta property=\"og:site_name\" content=\"consultingcheck\" \/>\n<meta property=\"article:modified_time\" content=\"2024-06-18T11:30:49+00:00\" \/>\n<meta property=\"og:image\" content=\"https:\/\/www.consultingcheck.com\/wp-content\/uploads\/2021\/11\/formblatt-zur-integrierten-beurteilung-einer-standortzusammenlegung-excel.jpg\" \/>\n\t<meta property=\"og:image:width\" content=\"1000\" \/>\n\t<meta property=\"og:image:height\" content=\"679\" \/>\n\t<meta property=\"og:image:type\" content=\"image\/jpeg\" \/>\n<meta name=\"twitter:card\" content=\"summary_large_image\" \/>\n<meta name=\"twitter:label1\" content=\"Gesch\u00e4tzte Lesezeit\" \/>\n\t<meta name=\"twitter:data1\" content=\"2\u00a0Minuten\" \/>\n<script type=\"application\/ld+json\" class=\"yoast-schema-graph\">{\"@context\":\"https:\\\/\\\/schema.org\",\"@graph\":[{\"@type\":\"WebPage\",\"@id\":\"https:\\\/\\\/www.consultingcheck.com\\\/de\\\/ressource\\\/formblatt-zur-integrierten-beurteilung-einer-standortzusammenlegung-excel\\\/\",\"url\":\"https:\\\/\\\/www.consultingcheck.com\\\/de\\\/ressource\\\/formblatt-zur-integrierten-beurteilung-einer-standortzusammenlegung-excel\\\/\",\"name\":\"Excel-Vorlage zur Beurteilung von Unternehmensstandorten kaufen\",\"isPartOf\":{\"@id\":\"https:\\\/\\\/www.consultingcheck.com\\\/de\\\/#website\"},\"primaryImageOfPage\":{\"@id\":\"https:\\\/\\\/www.consultingcheck.com\\\/de\\\/ressource\\\/formblatt-zur-integrierten-beurteilung-einer-standortzusammenlegung-excel\\\/#primaryimage\"},\"image\":{\"@id\":\"https:\\\/\\\/www.consultingcheck.com\\\/de\\\/ressource\\\/formblatt-zur-integrierten-beurteilung-einer-standortzusammenlegung-excel\\\/#primaryimage\"},\"thumbnailUrl\":\"https:\\\/\\\/www.consultingcheck.com\\\/wp-content\\\/uploads\\\/2021\\\/11\\\/formblatt-zur-integrierten-beurteilung-einer-standortzusammenlegung-excel.jpg\",\"datePublished\":\"2021-11-08T23:49:55+00:00\",\"dateModified\":\"2024-06-18T11:30:49+00:00\",\"description\":\"Ist eine Standortzusammenlegung sinnvoll? Mit unserer Excel-Vorlage haben Sie eine objektive Beurteilungshilfe an der Hand. Jetzt herunterladen!\",\"breadcrumb\":{\"@id\":\"https:\\\/\\\/www.consultingcheck.com\\\/de\\\/ressource\\\/formblatt-zur-integrierten-beurteilung-einer-standortzusammenlegung-excel\\\/#breadcrumb\"},\"inLanguage\":\"de\",\"potentialAction\":[{\"@type\":\"ReadAction\",\"target\":[\"https:\\\/\\\/www.consultingcheck.com\\\/de\\\/ressource\\\/formblatt-zur-integrierten-beurteilung-einer-standortzusammenlegung-excel\\\/\"]}]},{\"@type\":\"ImageObject\",\"inLanguage\":\"de\",\"@id\":\"https:\\\/\\\/www.consultingcheck.com\\\/de\\\/ressource\\\/formblatt-zur-integrierten-beurteilung-einer-standortzusammenlegung-excel\\\/#primaryimage\",\"url\":\"https:\\\/\\\/www.consultingcheck.com\\\/wp-content\\\/uploads\\\/2021\\\/11\\\/formblatt-zur-integrierten-beurteilung-einer-standortzusammenlegung-excel.jpg\",\"contentUrl\":\"https:\\\/\\\/www.consultingcheck.com\\\/wp-content\\\/uploads\\\/2021\\\/11\\\/formblatt-zur-integrierten-beurteilung-einer-standortzusammenlegung-excel.jpg\",\"width\":1000,\"height\":679,\"caption\":\"Ein Screenshot der Rechenanwendung f\u00fcr die Beurteilung der Standortfrage.\"},{\"@type\":\"BreadcrumbList\",\"@id\":\"https:\\\/\\\/www.consultingcheck.com\\\/de\\\/ressource\\\/formblatt-zur-integrierten-beurteilung-einer-standortzusammenlegung-excel\\\/#breadcrumb\",\"itemListElement\":[{\"@type\":\"ListItem\",\"position\":1,\"name\":\"Startseite\",\"item\":\"https:\\\/\\\/www.consultingcheck.com\\\/de\\\/\"},{\"@type\":\"ListItem\",\"position\":2,\"name\":\"Downloads, Anwendungen und Produkte\",\"item\":\"https:\\\/\\\/www.consultingcheck.com\\\/de\\\/tools\\\/downloads-anwendungen-und-produkte\\\/\"},{\"@type\":\"ListItem\",\"position\":3,\"name\":\"Rechenanwendung f\u00fcr die Beurteilung der Standortfrage\"}]},{\"@type\":\"WebSite\",\"@id\":\"https:\\\/\\\/www.consultingcheck.com\\\/de\\\/#website\",\"url\":\"https:\\\/\\\/www.consultingcheck.com\\\/de\\\/\",\"name\":\"consultingcheck\",\"description\":\"Vernetzt gedacht. Entzaubert. Hands-on.\",\"potentialAction\":[{\"@type\":\"SearchAction\",\"target\":{\"@type\":\"EntryPoint\",\"urlTemplate\":\"https:\\\/\\\/www.consultingcheck.com\\\/de\\\/?s={search_term_string}\"},\"query-input\":{\"@type\":\"PropertyValueSpecification\",\"valueRequired\":true,\"valueName\":\"search_term_string\"}}],\"inLanguage\":\"de\"}]}<\/script>\n<!-- \/ Yoast SEO plugin. -->","yoast_head_json":{"title":"Excel-Vorlage zur Beurteilung von Unternehmensstandorten kaufen","description":"Ist eine Standortzusammenlegung sinnvoll? Mit unserer Excel-Vorlage haben Sie eine objektive Beurteilungshilfe an der Hand. Jetzt herunterladen!","robots":{"index":"index","follow":"follow","max-snippet":"max-snippet:-1","max-image-preview":"max-image-preview:large","max-video-preview":"max-video-preview:-1"},"canonical":"https:\/\/www.consultingcheck.com\/de\/ressource\/formblatt-zur-integrierten-beurteilung-einer-standortzusammenlegung-excel\/","og_locale":"de_DE","og_type":"article","og_title":"Excel-Vorlage zur Beurteilung von Unternehmensstandorten kaufen","og_description":"Ist eine Standortzusammenlegung sinnvoll? Mit unserer Excel-Vorlage haben Sie eine objektive Beurteilungshilfe an der Hand. Jetzt herunterladen!","og_url":"https:\/\/www.consultingcheck.com\/de\/ressource\/formblatt-zur-integrierten-beurteilung-einer-standortzusammenlegung-excel\/","og_site_name":"consultingcheck","article_modified_time":"2024-06-18T11:30:49+00:00","og_image":[{"width":1000,"height":679,"url":"https:\/\/www.consultingcheck.com\/wp-content\/uploads\/2021\/11\/formblatt-zur-integrierten-beurteilung-einer-standortzusammenlegung-excel.jpg","type":"image\/jpeg"}],"twitter_card":"summary_large_image","twitter_misc":{"Gesch\u00e4tzte Lesezeit":"2\u00a0Minuten"},"schema":{"@context":"https:\/\/schema.org","@graph":[{"@type":"WebPage","@id":"https:\/\/www.consultingcheck.com\/de\/ressource\/formblatt-zur-integrierten-beurteilung-einer-standortzusammenlegung-excel\/","url":"https:\/\/www.consultingcheck.com\/de\/ressource\/formblatt-zur-integrierten-beurteilung-einer-standortzusammenlegung-excel\/","name":"Excel-Vorlage zur Beurteilung von Unternehmensstandorten kaufen","isPartOf":{"@id":"https:\/\/www.consultingcheck.com\/de\/#website"},"primaryImageOfPage":{"@id":"https:\/\/www.consultingcheck.com\/de\/ressource\/formblatt-zur-integrierten-beurteilung-einer-standortzusammenlegung-excel\/#primaryimage"},"image":{"@id":"https:\/\/www.consultingcheck.com\/de\/ressource\/formblatt-zur-integrierten-beurteilung-einer-standortzusammenlegung-excel\/#primaryimage"},"thumbnailUrl":"https:\/\/www.consultingcheck.com\/wp-content\/uploads\/2021\/11\/formblatt-zur-integrierten-beurteilung-einer-standortzusammenlegung-excel.jpg","datePublished":"2021-11-08T23:49:55+00:00","dateModified":"2024-06-18T11:30:49+00:00","description":"Ist eine Standortzusammenlegung sinnvoll? Mit unserer Excel-Vorlage haben Sie eine objektive Beurteilungshilfe an der Hand. Jetzt herunterladen!","breadcrumb":{"@id":"https:\/\/www.consultingcheck.com\/de\/ressource\/formblatt-zur-integrierten-beurteilung-einer-standortzusammenlegung-excel\/#breadcrumb"},"inLanguage":"de","potentialAction":[{"@type":"ReadAction","target":["https:\/\/www.consultingcheck.com\/de\/ressource\/formblatt-zur-integrierten-beurteilung-einer-standortzusammenlegung-excel\/"]}]},{"@type":"ImageObject","inLanguage":"de","@id":"https:\/\/www.consultingcheck.com\/de\/ressource\/formblatt-zur-integrierten-beurteilung-einer-standortzusammenlegung-excel\/#primaryimage","url":"https:\/\/www.consultingcheck.com\/wp-content\/uploads\/2021\/11\/formblatt-zur-integrierten-beurteilung-einer-standortzusammenlegung-excel.jpg","contentUrl":"https:\/\/www.consultingcheck.com\/wp-content\/uploads\/2021\/11\/formblatt-zur-integrierten-beurteilung-einer-standortzusammenlegung-excel.jpg","width":1000,"height":679,"caption":"Ein Screenshot der Rechenanwendung f\u00fcr die Beurteilung der Standortfrage."},{"@type":"BreadcrumbList","@id":"https:\/\/www.consultingcheck.com\/de\/ressource\/formblatt-zur-integrierten-beurteilung-einer-standortzusammenlegung-excel\/#breadcrumb","itemListElement":[{"@type":"ListItem","position":1,"name":"Startseite","item":"https:\/\/www.consultingcheck.com\/de\/"},{"@type":"ListItem","position":2,"name":"Downloads, Anwendungen und Produkte","item":"https:\/\/www.consultingcheck.com\/de\/tools\/downloads-anwendungen-und-produkte\/"},{"@type":"ListItem","position":3,"name":"Rechenanwendung f\u00fcr die Beurteilung der Standortfrage"}]},{"@type":"WebSite","@id":"https:\/\/www.consultingcheck.com\/de\/#website","url":"https:\/\/www.consultingcheck.com\/de\/","name":"consultingcheck","description":"Vernetzt gedacht. Entzaubert. Hands-on.","potentialAction":[{"@type":"SearchAction","target":{"@type":"EntryPoint","urlTemplate":"https:\/\/www.consultingcheck.com\/de\/?s={search_term_string}"},"query-input":{"@type":"PropertyValueSpecification","valueRequired":true,"valueName":"search_term_string"}}],"inLanguage":"de"}]}},"_links":{"self":[{"href":"https:\/\/www.consultingcheck.com\/de\/wp-json\/wp\/v2\/product\/1735","targetHints":{"allow":["GET"]}}],"collection":[{"href":"https:\/\/www.consultingcheck.com\/de\/wp-json\/wp\/v2\/product"}],"about":[{"href":"https:\/\/www.consultingcheck.com\/de\/wp-json\/wp\/v2\/types\/product"}],"wp:featuredmedia":[{"embeddable":true,"href":"https:\/\/www.consultingcheck.com\/de\/wp-json\/wp\/v2\/media\/20132"}],"wp:attachment":[{"href":"https:\/\/www.consultingcheck.com\/de\/wp-json\/wp\/v2\/media?parent=1735"}],"wp:term":[{"taxonomy":"product_brand","embeddable":true,"href":"https:\/\/www.consultingcheck.com\/de\/wp-json\/wp\/v2\/product_brand?post=1735"},{"taxonomy":"product_cat","embeddable":true,"href":"https:\/\/www.consultingcheck.com\/de\/wp-json\/wp\/v2\/product_cat?post=1735"},{"taxonomy":"product_tag","embeddable":true,"href":"https:\/\/www.consultingcheck.com\/de\/wp-json\/wp\/v2\/product_tag?post=1735"},{"taxonomy":"jask_topic_categories","embeddable":true,"href":"https:\/\/www.consultingcheck.com\/de\/wp-json\/wp\/v2\/jask_topic_categories?post=1735"}],"curies":[{"name":"wp","href":"https:\/\/api.w.org\/{rel}","templated":true}]}}