{"id":1734,"date":"2021-11-09T00:49:55","date_gmt":"2021-11-08T23:49:55","guid":{"rendered":"https:\/\/www.consultingcheck.com\/ressource\/operative-risk-self-assessment\/"},"modified":"2024-06-18T13:28:39","modified_gmt":"2024-06-18T11:28:39","slug":"operative-risk-self-assessment","status":"publish","type":"product","link":"https:\/\/www.consultingcheck.com\/de\/ressource\/operative-risk-self-assessment\/","title":{"rendered":"Vorlage f\u00fcr ein Operational-Risk Self-Assessment"},"content":{"rendered":"<h3>Inhalte<\/h3>\n<p>Operative Risiken gef\u00e4hrden den wirtschaftlichen Erfolg und k\u00f6nnen sogar Unternehmensexistenzen ausl\u00f6schen. Oft bleiben operative Risiken aber unerkannt oder zumindest \u201eunbehandelt\u201c. Deshalb empfiehlt sich ein Prozess zur regelm\u00e4\u00dfigen, systematischen Aufnahme operativer Risiken im Unternehmen. Weil operative Risiken in der Regel an der Basis von Unternehmen entstehen, macht ein bottom-up-Ansatz zur Erfassung operativer Risiken Sinn. Die an der Unternehmensbasis erfassten Risiken sollten dann aggregiert werden, um das Unternehmensrisiko zu sehen.<\/p>\n<p>Indem Mitarbeiter in den einzelnen betrieblichen Funktionen in die Erfassung eingebunden werden, gelingt nicht nur die Umsetzung des bottom-up-Ansatzes; vielmehr werden das bewusstsein der Mitarbeiter bereits f\u00fcr operative Risiken gesch\u00e4rft. Manche Risiken k\u00f6nnen so durch ein Operational-Risk Self-Assessment verringert bzw. sogar vermieden werden. Lassen Sie Ihre Mitarbeiter dar\u00fcber nachdenken, welche operativen Risiken sie aus ihrer Perspektive wahrnehmen, wie sie die Eintrittswahrscheinlichkeit beurteilen und welche Ma\u00dfnahmen ihnen einfallen, um Risiken gegenzusteuern.<\/p>\n<p>Daf\u00fcr finden Sie hier eine Vorlage, die Sie so oder in individuell angepasster Form in Ihrem Unternehmen einf\u00fchren k\u00f6nnen.<\/p>\n<p>&nbsp;<\/p>\n<h3>Vorteile<\/h3>\n<ul>\n<li>Sie erhalten eine weitgehend verformelte Vorlage f\u00fcr einen Prozess zur Aufnahme der operativen Risiken in Ihrem Unternehmen.<\/li>\n<li>Durch die Einf\u00fchrung eines Operational-Risk Self-Assessments auf der Grundlage dieser Vorlage werden Ihnen und Ihren Mitarbeitern die operativen Risiken bewusst, und Sie k\u00f6nnen Risiken sogar vermeiden bzw. besser vorbereitet darauf reagieren.<\/li>\n<\/ul>\n<p>&nbsp;<\/p>\n<h3>Digitaler Download<\/h3>\n<p>Nach der Bestellung erhalten Sie einen Download-Link zur Vorlage, die Sie sofort nutzen k\u00f6nnen.<\/p>\n<p>Bitte beachten Sie, dass diese Vorlage, zu der Sie den Zugang erwerben, ausschlie\u00dflich f\u00fcr Ihren pers\u00f6nlichen Gebrauch bestimmt sind. Es ist untersagt, die Vorlage in jeglicher Form und in jeglicher digitaler oder physischer Weise weiterzuverkaufen oder sie ohne meine Erlaubnis in einer physischen oder Online-Ver\u00f6ffentlichung zu ver\u00f6ffentlichen. Ich bin der einzige Copyright-Inhaber dieser Datei.<\/p>\n<p>Link zum Download: MS Excel-Dokument<\/p>\n","protected":false},"excerpt":{"rendered":"<h2>Operative Risiken erkennen und \u00fcberwachen \u2013 mit der systematischen Vorlage ganz einfach!<\/h2>\n","protected":false},"featured_media":20126,"template":"","meta":{"_links_to":"","_links_to_target":""},"product_brand":[],"product_cat":[597,1231],"product_tag":[],"jask_topic_categories":[1216,1220,127,249,266,250,253,342,344,345,347,341,415,417,416],"class_list":{"0":"post-1734","1":"product","2":"type-product","3":"status-publish","4":"has-post-thumbnail","6":"product_cat-formblatt","7":"product_cat-finanz","8":"jask_topic_categories-finanz","9":"jask_topic_categories-management","10":"jask_topic_categories-prozessoptimierung","11":"jask_topic_categories-organisation-und-personal","12":"jask_topic_categories-aussenfuehrung","13":"jask_topic_categories-zusammenarbeit","14":"jask_topic_categories-leadership","15":"jask_topic_categories-ganzheitliches-controlling","16":"jask_topic_categories-agile-planung-mit-beyond-budgeting","17":"jask_topic_categories-risikomanagement","18":"jask_topic_categories-operative-risk-self-assessment-orsa","19":"jask_topic_categories-controlling-und-risikomanagement","20":"jask_topic_categories-krise-und-sanierung","21":"jask_topic_categories-ganzheitliche-ertragssteigerung-in-der-krise","22":"jask_topic_categories-ertragssteigerung-in-der-krise","24":"first","25":"instock","26":"downloadable","27":"virtual","28":"sold-individually","29":"taxable","30":"purchasable","31":"product-type-simple"},"yoast_head":"<!-- This site is optimized with the Yoast SEO plugin v27.3 - https:\/\/yoast.com\/product\/yoast-seo-wordpress\/ -->\n<title>Excel-Vorlage f\u00fcr ein Operational-Risk Self-Assessment kaufen<\/title>\n<meta name=\"description\" content=\"Excel-Vorlage f\u00fcr die systematische Aufnahme von operativen Risiken: Jetzt Excel-Vorlage f\u00fcrs Self-Assessment herunterladen!\" \/>\n<meta name=\"robots\" content=\"index, follow, max-snippet:-1, max-image-preview:large, max-video-preview:-1\" \/>\n<link rel=\"canonical\" href=\"https:\/\/www.consultingcheck.com\/de\/ressource\/operative-risk-self-assessment\/\" \/>\n<meta property=\"og:locale\" content=\"de_DE\" \/>\n<meta property=\"og:type\" content=\"article\" \/>\n<meta property=\"og:title\" content=\"Excel-Vorlage f\u00fcr ein Operational-Risk Self-Assessment kaufen\" \/>\n<meta property=\"og:description\" content=\"Excel-Vorlage f\u00fcr die systematische Aufnahme von operativen Risiken: Jetzt Excel-Vorlage f\u00fcrs Self-Assessment herunterladen!\" \/>\n<meta property=\"og:url\" content=\"https:\/\/www.consultingcheck.com\/de\/ressource\/operative-risk-self-assessment\/\" \/>\n<meta property=\"og:site_name\" content=\"consultingcheck\" \/>\n<meta property=\"article:modified_time\" content=\"2024-06-18T11:28:39+00:00\" \/>\n<meta property=\"og:image\" content=\"https:\/\/www.consultingcheck.com\/wp-content\/uploads\/2021\/11\/operative-risk-self-assessment.jpg\" \/>\n\t<meta property=\"og:image:width\" content=\"1000\" \/>\n\t<meta property=\"og:image:height\" content=\"679\" \/>\n\t<meta property=\"og:image:type\" content=\"image\/jpeg\" \/>\n<meta name=\"twitter:card\" content=\"summary_large_image\" \/>\n<meta name=\"twitter:label1\" content=\"Gesch\u00e4tzte Lesezeit\" \/>\n\t<meta name=\"twitter:data1\" content=\"2\u00a0Minuten\" \/>\n<script type=\"application\/ld+json\" class=\"yoast-schema-graph\">{\"@context\":\"https:\\\/\\\/schema.org\",\"@graph\":[{\"@type\":\"WebPage\",\"@id\":\"https:\\\/\\\/www.consultingcheck.com\\\/de\\\/ressource\\\/operative-risk-self-assessment\\\/\",\"url\":\"https:\\\/\\\/www.consultingcheck.com\\\/de\\\/ressource\\\/operative-risk-self-assessment\\\/\",\"name\":\"Excel-Vorlage f\u00fcr ein Operational-Risk Self-Assessment kaufen\",\"isPartOf\":{\"@id\":\"https:\\\/\\\/www.consultingcheck.com\\\/de\\\/#website\"},\"primaryImageOfPage\":{\"@id\":\"https:\\\/\\\/www.consultingcheck.com\\\/de\\\/ressource\\\/operative-risk-self-assessment\\\/#primaryimage\"},\"image\":{\"@id\":\"https:\\\/\\\/www.consultingcheck.com\\\/de\\\/ressource\\\/operative-risk-self-assessment\\\/#primaryimage\"},\"thumbnailUrl\":\"https:\\\/\\\/www.consultingcheck.com\\\/wp-content\\\/uploads\\\/2021\\\/11\\\/operative-risk-self-assessment.jpg\",\"datePublished\":\"2021-11-08T23:49:55+00:00\",\"dateModified\":\"2024-06-18T11:28:39+00:00\",\"description\":\"Excel-Vorlage f\u00fcr die systematische Aufnahme von operativen Risiken: Jetzt Excel-Vorlage f\u00fcrs Self-Assessment herunterladen!\",\"breadcrumb\":{\"@id\":\"https:\\\/\\\/www.consultingcheck.com\\\/de\\\/ressource\\\/operative-risk-self-assessment\\\/#breadcrumb\"},\"inLanguage\":\"de\",\"potentialAction\":[{\"@type\":\"ReadAction\",\"target\":[\"https:\\\/\\\/www.consultingcheck.com\\\/de\\\/ressource\\\/operative-risk-self-assessment\\\/\"]}]},{\"@type\":\"ImageObject\",\"inLanguage\":\"de\",\"@id\":\"https:\\\/\\\/www.consultingcheck.com\\\/de\\\/ressource\\\/operative-risk-self-assessment\\\/#primaryimage\",\"url\":\"https:\\\/\\\/www.consultingcheck.com\\\/wp-content\\\/uploads\\\/2021\\\/11\\\/operative-risk-self-assessment.jpg\",\"contentUrl\":\"https:\\\/\\\/www.consultingcheck.com\\\/wp-content\\\/uploads\\\/2021\\\/11\\\/operative-risk-self-assessment.jpg\",\"width\":1000,\"height\":679,\"caption\":\"Ein Screenshot der Vorlage f\u00fcr ein Operational-Risk Self-Assessment.\"},{\"@type\":\"BreadcrumbList\",\"@id\":\"https:\\\/\\\/www.consultingcheck.com\\\/de\\\/ressource\\\/operative-risk-self-assessment\\\/#breadcrumb\",\"itemListElement\":[{\"@type\":\"ListItem\",\"position\":1,\"name\":\"Startseite\",\"item\":\"https:\\\/\\\/www.consultingcheck.com\\\/de\\\/\"},{\"@type\":\"ListItem\",\"position\":2,\"name\":\"Downloads, Anwendungen und Produkte\",\"item\":\"https:\\\/\\\/www.consultingcheck.com\\\/de\\\/tools\\\/downloads-anwendungen-und-produkte\\\/\"},{\"@type\":\"ListItem\",\"position\":3,\"name\":\"Vorlage f\u00fcr ein Operational-Risk Self-Assessment\"}]},{\"@type\":\"WebSite\",\"@id\":\"https:\\\/\\\/www.consultingcheck.com\\\/de\\\/#website\",\"url\":\"https:\\\/\\\/www.consultingcheck.com\\\/de\\\/\",\"name\":\"consultingcheck\",\"description\":\"Vernetzt gedacht. Entzaubert. Hands-on.\",\"potentialAction\":[{\"@type\":\"SearchAction\",\"target\":{\"@type\":\"EntryPoint\",\"urlTemplate\":\"https:\\\/\\\/www.consultingcheck.com\\\/de\\\/?s={search_term_string}\"},\"query-input\":{\"@type\":\"PropertyValueSpecification\",\"valueRequired\":true,\"valueName\":\"search_term_string\"}}],\"inLanguage\":\"de\"}]}<\/script>\n<!-- \/ Yoast SEO plugin. -->","yoast_head_json":{"title":"Excel-Vorlage f\u00fcr ein Operational-Risk Self-Assessment kaufen","description":"Excel-Vorlage f\u00fcr die systematische Aufnahme von operativen Risiken: Jetzt Excel-Vorlage f\u00fcrs Self-Assessment herunterladen!","robots":{"index":"index","follow":"follow","max-snippet":"max-snippet:-1","max-image-preview":"max-image-preview:large","max-video-preview":"max-video-preview:-1"},"canonical":"https:\/\/www.consultingcheck.com\/de\/ressource\/operative-risk-self-assessment\/","og_locale":"de_DE","og_type":"article","og_title":"Excel-Vorlage f\u00fcr ein Operational-Risk Self-Assessment kaufen","og_description":"Excel-Vorlage f\u00fcr die systematische Aufnahme von operativen Risiken: Jetzt Excel-Vorlage f\u00fcrs Self-Assessment herunterladen!","og_url":"https:\/\/www.consultingcheck.com\/de\/ressource\/operative-risk-self-assessment\/","og_site_name":"consultingcheck","article_modified_time":"2024-06-18T11:28:39+00:00","og_image":[{"width":1000,"height":679,"url":"https:\/\/www.consultingcheck.com\/wp-content\/uploads\/2021\/11\/operative-risk-self-assessment.jpg","type":"image\/jpeg"}],"twitter_card":"summary_large_image","twitter_misc":{"Gesch\u00e4tzte Lesezeit":"2\u00a0Minuten"},"schema":{"@context":"https:\/\/schema.org","@graph":[{"@type":"WebPage","@id":"https:\/\/www.consultingcheck.com\/de\/ressource\/operative-risk-self-assessment\/","url":"https:\/\/www.consultingcheck.com\/de\/ressource\/operative-risk-self-assessment\/","name":"Excel-Vorlage f\u00fcr ein Operational-Risk Self-Assessment kaufen","isPartOf":{"@id":"https:\/\/www.consultingcheck.com\/de\/#website"},"primaryImageOfPage":{"@id":"https:\/\/www.consultingcheck.com\/de\/ressource\/operative-risk-self-assessment\/#primaryimage"},"image":{"@id":"https:\/\/www.consultingcheck.com\/de\/ressource\/operative-risk-self-assessment\/#primaryimage"},"thumbnailUrl":"https:\/\/www.consultingcheck.com\/wp-content\/uploads\/2021\/11\/operative-risk-self-assessment.jpg","datePublished":"2021-11-08T23:49:55+00:00","dateModified":"2024-06-18T11:28:39+00:00","description":"Excel-Vorlage f\u00fcr die systematische Aufnahme von operativen Risiken: Jetzt Excel-Vorlage f\u00fcrs Self-Assessment herunterladen!","breadcrumb":{"@id":"https:\/\/www.consultingcheck.com\/de\/ressource\/operative-risk-self-assessment\/#breadcrumb"},"inLanguage":"de","potentialAction":[{"@type":"ReadAction","target":["https:\/\/www.consultingcheck.com\/de\/ressource\/operative-risk-self-assessment\/"]}]},{"@type":"ImageObject","inLanguage":"de","@id":"https:\/\/www.consultingcheck.com\/de\/ressource\/operative-risk-self-assessment\/#primaryimage","url":"https:\/\/www.consultingcheck.com\/wp-content\/uploads\/2021\/11\/operative-risk-self-assessment.jpg","contentUrl":"https:\/\/www.consultingcheck.com\/wp-content\/uploads\/2021\/11\/operative-risk-self-assessment.jpg","width":1000,"height":679,"caption":"Ein Screenshot der Vorlage f\u00fcr ein Operational-Risk Self-Assessment."},{"@type":"BreadcrumbList","@id":"https:\/\/www.consultingcheck.com\/de\/ressource\/operative-risk-self-assessment\/#breadcrumb","itemListElement":[{"@type":"ListItem","position":1,"name":"Startseite","item":"https:\/\/www.consultingcheck.com\/de\/"},{"@type":"ListItem","position":2,"name":"Downloads, Anwendungen und Produkte","item":"https:\/\/www.consultingcheck.com\/de\/tools\/downloads-anwendungen-und-produkte\/"},{"@type":"ListItem","position":3,"name":"Vorlage f\u00fcr ein Operational-Risk Self-Assessment"}]},{"@type":"WebSite","@id":"https:\/\/www.consultingcheck.com\/de\/#website","url":"https:\/\/www.consultingcheck.com\/de\/","name":"consultingcheck","description":"Vernetzt gedacht. Entzaubert. Hands-on.","potentialAction":[{"@type":"SearchAction","target":{"@type":"EntryPoint","urlTemplate":"https:\/\/www.consultingcheck.com\/de\/?s={search_term_string}"},"query-input":{"@type":"PropertyValueSpecification","valueRequired":true,"valueName":"search_term_string"}}],"inLanguage":"de"}]}},"_links":{"self":[{"href":"https:\/\/www.consultingcheck.com\/de\/wp-json\/wp\/v2\/product\/1734","targetHints":{"allow":["GET"]}}],"collection":[{"href":"https:\/\/www.consultingcheck.com\/de\/wp-json\/wp\/v2\/product"}],"about":[{"href":"https:\/\/www.consultingcheck.com\/de\/wp-json\/wp\/v2\/types\/product"}],"wp:featuredmedia":[{"embeddable":true,"href":"https:\/\/www.consultingcheck.com\/de\/wp-json\/wp\/v2\/media\/20126"}],"wp:attachment":[{"href":"https:\/\/www.consultingcheck.com\/de\/wp-json\/wp\/v2\/media?parent=1734"}],"wp:term":[{"taxonomy":"product_brand","embeddable":true,"href":"https:\/\/www.consultingcheck.com\/de\/wp-json\/wp\/v2\/product_brand?post=1734"},{"taxonomy":"product_cat","embeddable":true,"href":"https:\/\/www.consultingcheck.com\/de\/wp-json\/wp\/v2\/product_cat?post=1734"},{"taxonomy":"product_tag","embeddable":true,"href":"https:\/\/www.consultingcheck.com\/de\/wp-json\/wp\/v2\/product_tag?post=1734"},{"taxonomy":"jask_topic_categories","embeddable":true,"href":"https:\/\/www.consultingcheck.com\/de\/wp-json\/wp\/v2\/jask_topic_categories?post=1734"}],"curies":[{"name":"wp","href":"https:\/\/api.w.org\/{rel}","templated":true}]}}