{"id":1733,"date":"2021-11-09T00:49:55","date_gmt":"2021-11-08T23:49:55","guid":{"rendered":"https:\/\/www.consultingcheck.com\/ressource\/liquiditaetsplanungsvorlage\/"},"modified":"2024-06-18T13:27:17","modified_gmt":"2024-06-18T11:27:17","slug":"liquiditaetsplanungsvorlage","status":"publish","type":"product","link":"https:\/\/www.consultingcheck.com\/de\/ressource\/liquiditaetsplanungsvorlage\/","title":{"rendered":"Vorlage f\u00fcr die Liquidit\u00e4tsplanung"},"content":{"rendered":"<h3>Inhalte<\/h3>\n<p>Wenn die Liquidit\u00e4t knapp zu werden droht, empfiehlt sich eine Liquidit\u00e4tsplanung. In kritischen F\u00e4llen erwarten Gesch\u00e4ftsbanken eine solide Liquidit\u00e4tsplanung.<\/p>\n<p>Hier finden Sie eine verformelte Arbeitsvorlage, mit der Sie Ihre Liquidit\u00e4tsplanung erstellen k\u00f6nnen.<\/p>\n<p>Die offene MS Excel-Datei enth\u00e4lt drei Arbeitsbl\u00e4tter. In das erste verformelte Arbeitsblatt geben Sie Ihre Absatz-, Umsatz- und Aufwandszahlen aus Ihren lertzten drei BWAs ein. Dann f\u00fchren Sie die Planung f\u00fcr die n\u00e4chsten 12 Monate durch, indem Sie Ihre Erwartungen zu Ver\u00e4nderungen gegen\u00fcber dem jeweiligen Vormonat eintragen. So erhalten Sie eine schl\u00fcssige Plan-Gewinn- und Verlustrechnung. In das dritte Arbeitsblatt tragen Sie in die gelb markierten Felder Kreditinformationen ein. Automatisch ergibt sich unten im Planungs-Arbeitsblatt Ihre Liquidit\u00e4tsplanung.<\/p>\n<p>&nbsp;<\/p>\n<h3>Vorteile<\/h3>\n<ul>\n<li>Sie erhalten eine weitgehend verformelte Vorlage (offenes MS Excel-Dokument) f\u00fcr eine Liquidit\u00e4tsplanung, mit der Sie viel Aufwand sparen.<\/li>\n<li>Je nach Anforderung, etwa von einer Gesch\u00e4ftsbank, k\u00f6nnen Sie diese Vorlage auch nutzen, um eine Liquidit\u00e4tsplanung auf Wochenbasis zu erstellen. In Krisenphasen besteht oft die bankenseitige Anforderung, eine rollende 13-Wochen-Liquidit\u00e4tsplanung zu f\u00fchren.<\/li>\n<\/ul>\n<p>&nbsp;<\/p>\n<h3>Digitaler Download<\/h3>\n<p>Nach der Bestellung erhalten Sie einen Download-Link zur Vorlage, die Sie sofort nutzen k\u00f6nnen.<\/p>\n<p>Bitte beachten Sie, dass diese Vorlage, zu der Sie den Zugang erwerben, ausschlie\u00dflich f\u00fcr Ihren pers\u00f6nlichen Gebrauch bestimmt sind. Es ist untersagt, die Vorlage in jeglicher Form und in jeglicher digitaler oder physischer Weise weiterzuverkaufen oder sie ohne meine Erlaubnis in einer physischen oder Online-Ver\u00f6ffentlichung zu ver\u00f6ffentlichen. Ich bin der einzige Copyright-Inhaber dieser Datei.<\/p>\n<p>Link zum Download: MS Excel-Dokument<\/p>\n<p>&nbsp;<\/p>\n","protected":false},"excerpt":{"rendered":"<h2>Erstellen Sie eine solide Liquidit\u00e4tsplanung mit unserer einfachen Vorlage!<\/h2>\n","protected":false},"featured_media":0,"template":"","meta":{"_links_to":"","_links_to_target":""},"product_brand":[],"product_cat":[1231,597,1225,1229],"product_tag":[],"jask_topic_categories":[1216,1217,1220,76,104,107,105,141,143,144,142,145,165,168,177,176,169,240,288,385,386,387,399,400,405,415,418,420,421,423,422,424,439,438,446,478,491,493,490],"class_list":{"0":"post-1733","1":"product","2":"type-product","3":"status-publish","5":"product_cat-finanz","6":"product_cat-formblatt","7":"product_cat-gruendung","8":"product_cat-unternehmenstransaktionen","9":"jask_topic_categories-finanz","10":"jask_topic_categories-gruendung","11":"jask_topic_categories-management","12":"jask_topic_categories-marketing-und-vertrieb","13":"jask_topic_categories-vertrieb","14":"jask_topic_categories-preisgestaltung-pricing","15":"jask_topic_categories-vertriebsstrategie","16":"jask_topic_categories-ertragssteigerung","17":"jask_topic_categories-absatzvolumen","18":"jask_topic_categories-preisgestaltung","19":"jask_topic_categories-einfluss-von-absatz-und-umsatzerloesen-auf-den-ertrag","20":"jask_topic_categories-kostenoptimierung-zur-ertragssteigerung","21":"jask_topic_categories-strukturkosten","22":"jask_topic_categories-stabilisierung","23":"jask_topic_categories-innovation","24":"jask_topic_categories-systemgerechtes-management-als-schluessel-zu-nachhaltigem-erfolg","25":"jask_topic_categories-ganzheitlicher-vernetzter-ansatz","26":"jask_topic_categories-nachhaltig-wirtschaften","27":"jask_topic_categories-verstaendnis-fuer-das-zusammenspiel-der-kraefte","28":"jask_topic_categories-finanzierung","29":"jask_topic_categories-innenfinanzierung","30":"jask_topic_categories-working-capital-optimierung","31":"jask_topic_categories-aussenfinanzierung","32":"jask_topic_categories-zwischenfinanzierung","33":"jask_topic_categories-langfristige-finanzierung","34":"jask_topic_categories-krise-und-sanierung","35":"jask_topic_categories-sinnvolle-kostensenkung-in-der-krise","36":"jask_topic_categories-beherzter-abbau-von-strukturkosten","37":"jask_topic_categories-turnaround-management","38":"jask_topic_categories-sanierungskonzept-mit-fortfuehrungsprognose-nach-idw-s6","39":"jask_topic_categories-massgeschneiderte-sanierungskonzepte","40":"jask_topic_categories-sanierungsbeduerftigkeit","41":"jask_topic_categories-sofortmassnahmen","42":"jask_topic_categories-akute-krise","43":"jask_topic_categories-unternehmensverkauf-kauf-unternehmensgruendung","44":"jask_topic_categories-financial-due-diligence","45":"jask_topic_categories-basisfragen","46":"jask_topic_categories-gruendungsfinanzierung","47":"jask_topic_categories-unternehmensgruendung","49":"first","50":"instock","51":"downloadable","52":"virtual","53":"sold-individually","54":"taxable","55":"purchasable","56":"product-type-simple"},"yoast_head":"<!-- This site is optimized with the Yoast SEO plugin v27.3 - https:\/\/yoast.com\/product\/yoast-seo-wordpress\/ -->\n<title>Liquidit\u00e4tsplanung erstellen: jetzt Excel-Vorlage downloaden!<\/title>\n<meta name=\"description\" content=\"Planen Sie die Liquidit\u00e4t Ihres Unternehmens mit der verformelten Excel-Vorlage von consultingcheck. Jetzt einfach herunterladen!\" \/>\n<meta name=\"robots\" content=\"index, follow, max-snippet:-1, max-image-preview:large, max-video-preview:-1\" \/>\n<link rel=\"canonical\" href=\"https:\/\/www.consultingcheck.com\/de\/ressource\/liquiditaetsplanungsvorlage\/\" \/>\n<meta property=\"og:locale\" content=\"de_DE\" \/>\n<meta property=\"og:type\" content=\"article\" \/>\n<meta property=\"og:title\" content=\"Liquidit\u00e4tsplanung erstellen: jetzt Excel-Vorlage downloaden!\" \/>\n<meta property=\"og:description\" content=\"Planen Sie die Liquidit\u00e4t Ihres Unternehmens mit der verformelten Excel-Vorlage von consultingcheck. Jetzt einfach herunterladen!\" \/>\n<meta property=\"og:url\" content=\"https:\/\/www.consultingcheck.com\/de\/ressource\/liquiditaetsplanungsvorlage\/\" \/>\n<meta property=\"og:site_name\" content=\"consultingcheck\" \/>\n<meta property=\"article:modified_time\" content=\"2024-06-18T11:27:17+00:00\" \/>\n<meta name=\"twitter:card\" content=\"summary_large_image\" \/>\n<meta name=\"twitter:label1\" content=\"Gesch\u00e4tzte Lesezeit\" \/>\n\t<meta name=\"twitter:data1\" content=\"2\u00a0Minuten\" \/>\n<script type=\"application\/ld+json\" class=\"yoast-schema-graph\">{\"@context\":\"https:\\\/\\\/schema.org\",\"@graph\":[{\"@type\":\"WebPage\",\"@id\":\"https:\\\/\\\/www.consultingcheck.com\\\/de\\\/ressource\\\/liquiditaetsplanungsvorlage\\\/\",\"url\":\"https:\\\/\\\/www.consultingcheck.com\\\/de\\\/ressource\\\/liquiditaetsplanungsvorlage\\\/\",\"name\":\"Liquidit\u00e4tsplanung erstellen: jetzt Excel-Vorlage downloaden!\",\"isPartOf\":{\"@id\":\"https:\\\/\\\/www.consultingcheck.com\\\/de\\\/#website\"},\"datePublished\":\"2021-11-08T23:49:55+00:00\",\"dateModified\":\"2024-06-18T11:27:17+00:00\",\"description\":\"Planen Sie die Liquidit\u00e4t Ihres Unternehmens mit der verformelten Excel-Vorlage von consultingcheck. Jetzt einfach herunterladen!\",\"breadcrumb\":{\"@id\":\"https:\\\/\\\/www.consultingcheck.com\\\/de\\\/ressource\\\/liquiditaetsplanungsvorlage\\\/#breadcrumb\"},\"inLanguage\":\"de\",\"potentialAction\":[{\"@type\":\"ReadAction\",\"target\":[\"https:\\\/\\\/www.consultingcheck.com\\\/de\\\/ressource\\\/liquiditaetsplanungsvorlage\\\/\"]}]},{\"@type\":\"BreadcrumbList\",\"@id\":\"https:\\\/\\\/www.consultingcheck.com\\\/de\\\/ressource\\\/liquiditaetsplanungsvorlage\\\/#breadcrumb\",\"itemListElement\":[{\"@type\":\"ListItem\",\"position\":1,\"name\":\"Startseite\",\"item\":\"https:\\\/\\\/www.consultingcheck.com\\\/de\\\/\"},{\"@type\":\"ListItem\",\"position\":2,\"name\":\"Downloads, Anwendungen und Produkte\",\"item\":\"https:\\\/\\\/www.consultingcheck.com\\\/de\\\/tools\\\/downloads-anwendungen-und-produkte\\\/\"},{\"@type\":\"ListItem\",\"position\":3,\"name\":\"Vorlage f\u00fcr die Liquidit\u00e4tsplanung\"}]},{\"@type\":\"WebSite\",\"@id\":\"https:\\\/\\\/www.consultingcheck.com\\\/de\\\/#website\",\"url\":\"https:\\\/\\\/www.consultingcheck.com\\\/de\\\/\",\"name\":\"consultingcheck\",\"description\":\"Vernetzt gedacht. Entzaubert. Hands-on.\",\"potentialAction\":[{\"@type\":\"SearchAction\",\"target\":{\"@type\":\"EntryPoint\",\"urlTemplate\":\"https:\\\/\\\/www.consultingcheck.com\\\/de\\\/?s={search_term_string}\"},\"query-input\":{\"@type\":\"PropertyValueSpecification\",\"valueRequired\":true,\"valueName\":\"search_term_string\"}}],\"inLanguage\":\"de\"}]}<\/script>\n<!-- \/ Yoast SEO plugin. -->","yoast_head_json":{"title":"Liquidit\u00e4tsplanung erstellen: jetzt Excel-Vorlage downloaden!","description":"Planen Sie die Liquidit\u00e4t Ihres Unternehmens mit der verformelten Excel-Vorlage von consultingcheck. Jetzt einfach herunterladen!","robots":{"index":"index","follow":"follow","max-snippet":"max-snippet:-1","max-image-preview":"max-image-preview:large","max-video-preview":"max-video-preview:-1"},"canonical":"https:\/\/www.consultingcheck.com\/de\/ressource\/liquiditaetsplanungsvorlage\/","og_locale":"de_DE","og_type":"article","og_title":"Liquidit\u00e4tsplanung erstellen: jetzt Excel-Vorlage downloaden!","og_description":"Planen Sie die Liquidit\u00e4t Ihres Unternehmens mit der verformelten Excel-Vorlage von consultingcheck. Jetzt einfach herunterladen!","og_url":"https:\/\/www.consultingcheck.com\/de\/ressource\/liquiditaetsplanungsvorlage\/","og_site_name":"consultingcheck","article_modified_time":"2024-06-18T11:27:17+00:00","twitter_card":"summary_large_image","twitter_misc":{"Gesch\u00e4tzte Lesezeit":"2\u00a0Minuten"},"schema":{"@context":"https:\/\/schema.org","@graph":[{"@type":"WebPage","@id":"https:\/\/www.consultingcheck.com\/de\/ressource\/liquiditaetsplanungsvorlage\/","url":"https:\/\/www.consultingcheck.com\/de\/ressource\/liquiditaetsplanungsvorlage\/","name":"Liquidit\u00e4tsplanung erstellen: jetzt Excel-Vorlage downloaden!","isPartOf":{"@id":"https:\/\/www.consultingcheck.com\/de\/#website"},"datePublished":"2021-11-08T23:49:55+00:00","dateModified":"2024-06-18T11:27:17+00:00","description":"Planen Sie die Liquidit\u00e4t Ihres Unternehmens mit der verformelten Excel-Vorlage von consultingcheck. Jetzt einfach herunterladen!","breadcrumb":{"@id":"https:\/\/www.consultingcheck.com\/de\/ressource\/liquiditaetsplanungsvorlage\/#breadcrumb"},"inLanguage":"de","potentialAction":[{"@type":"ReadAction","target":["https:\/\/www.consultingcheck.com\/de\/ressource\/liquiditaetsplanungsvorlage\/"]}]},{"@type":"BreadcrumbList","@id":"https:\/\/www.consultingcheck.com\/de\/ressource\/liquiditaetsplanungsvorlage\/#breadcrumb","itemListElement":[{"@type":"ListItem","position":1,"name":"Startseite","item":"https:\/\/www.consultingcheck.com\/de\/"},{"@type":"ListItem","position":2,"name":"Downloads, Anwendungen und Produkte","item":"https:\/\/www.consultingcheck.com\/de\/tools\/downloads-anwendungen-und-produkte\/"},{"@type":"ListItem","position":3,"name":"Vorlage f\u00fcr die Liquidit\u00e4tsplanung"}]},{"@type":"WebSite","@id":"https:\/\/www.consultingcheck.com\/de\/#website","url":"https:\/\/www.consultingcheck.com\/de\/","name":"consultingcheck","description":"Vernetzt gedacht. Entzaubert. Hands-on.","potentialAction":[{"@type":"SearchAction","target":{"@type":"EntryPoint","urlTemplate":"https:\/\/www.consultingcheck.com\/de\/?s={search_term_string}"},"query-input":{"@type":"PropertyValueSpecification","valueRequired":true,"valueName":"search_term_string"}}],"inLanguage":"de"}]}},"_links":{"self":[{"href":"https:\/\/www.consultingcheck.com\/de\/wp-json\/wp\/v2\/product\/1733","targetHints":{"allow":["GET"]}}],"collection":[{"href":"https:\/\/www.consultingcheck.com\/de\/wp-json\/wp\/v2\/product"}],"about":[{"href":"https:\/\/www.consultingcheck.com\/de\/wp-json\/wp\/v2\/types\/product"}],"wp:attachment":[{"href":"https:\/\/www.consultingcheck.com\/de\/wp-json\/wp\/v2\/media?parent=1733"}],"wp:term":[{"taxonomy":"product_brand","embeddable":true,"href":"https:\/\/www.consultingcheck.com\/de\/wp-json\/wp\/v2\/product_brand?post=1733"},{"taxonomy":"product_cat","embeddable":true,"href":"https:\/\/www.consultingcheck.com\/de\/wp-json\/wp\/v2\/product_cat?post=1733"},{"taxonomy":"product_tag","embeddable":true,"href":"https:\/\/www.consultingcheck.com\/de\/wp-json\/wp\/v2\/product_tag?post=1733"},{"taxonomy":"jask_topic_categories","embeddable":true,"href":"https:\/\/www.consultingcheck.com\/de\/wp-json\/wp\/v2\/jask_topic_categories?post=1733"}],"curies":[{"name":"wp","href":"https:\/\/api.w.org\/{rel}","templated":true}]}}