{"id":1732,"date":"2021-11-09T00:49:55","date_gmt":"2021-11-08T23:49:55","guid":{"rendered":"https:\/\/www.consultingcheck.com\/ressource\/boardroom\/"},"modified":"2024-06-18T13:42:53","modified_gmt":"2024-06-18T11:42:53","slug":"boardroom","status":"publish","type":"product","link":"https:\/\/www.consultingcheck.com\/de\/ressource\/boardroom\/","title":{"rendered":"Simulationsanwendung &#8222;BoardRoom&#8220;"},"content":{"rendered":"<h3>Inhalte<\/h3>\n<p>Nicht immer ist Entscheidern bewusst, welche Wirkungen ihre Entscheidungen ausl\u00f6sen. Insbesondere dann, wenn Entscheidungen von verschiedenen Personen im Management miteinander wirken, kommt es zu sich \u00fcberlagernden, komplexen Entwicklungen, die schwierig bis gar nicht mehr vorausgesehen werden k\u00f6nnen. Eine Simulation solcher Entscheidungen kann das Bewusstsein f\u00fcr solche komplexe Entwicklungen sch\u00e4rfen.<\/p>\n<p>Hier erhalten Sie den vollen Anwenderzugriff auf \u201eBoardRoom\u201c, eine Vensim-basierte System-Dynamics-Anwendung, mit der Sie Managemententscheidungen simulieren k\u00f6nnen. Sie sehen, welche Auswirkungen Ihre Entscheidungen auf die Stabilit\u00e4t Ihres Unternehmen haben w\u00fcrden. Sie k\u00f6nnen mehrere L\u00e4ufe durchf\u00fchren, die Wirkungen miteinander vergleichen und Lerneffekte ziehen. Hier k\u00f6nnen Sie die Anwendung in einer Demoversion testen: <a href=\"https:\/\/forio.com\/app\/wirkungsgefuege\/boardroom-demo\/index.html#introduction.html\">Demoversion<\/a><\/p>\n<p>&nbsp;<\/p>\n<h3>Vorteile<\/h3>\n<ul>\n<li>Mit BoardRoom erkennen Sie schnell, ob beabsichtigte Entscheidungen f\u00fcr Ma\u00dfnahmenb\u00fcndel Ihr Unternehmen eher stabilisieren oder eher destabilisieren.<\/li>\n<li>Durch alternative Optionen k\u00f6nnen Sie lernen, wie Ihre Entscheidungen wirken, ohne die Wirkungszusammenh\u00e4nge im Einzelnen verstehen zu m\u00fcssen.<\/li>\n<li>Die Ergebnisse werden anschalich grafisch angezeigt.<\/li>\n<li>Sie k\u00f6nnen Ihre Simulationsl\u00e4ufe speichern.<\/li>\n<\/ul>\n<p>&nbsp;<\/p>\n<h3>Digitaler Download<\/h3>\n<p>Nach der Bestellung erhalten Sie einen Download-Link zur Simulationsanwendung, die Sie sofort ausf\u00fchren k\u00f6nnen. Sie k\u00f6nnen die Simulationsanwendung so oft nutzen, wie Sie m\u00f6chten<\/p>\n<p>Bitte beachten Sie, dass diese Simulationsanwendung, zu der Sie den Zugang erwerben, ausschlie\u00dflich f\u00fcr Ihren pers\u00f6nlichen Gebrauch bestimmt sind. Es ist untersagt, die Folien in jeglicher Form und in jeglicher digitaler oder physischer Weise weiterzuverkaufen oder ihn ohne meine Erlaubnis in einer physischen oder Online-Ver\u00f6ffentlichung zu ver\u00f6ffentlichen. Ich bin der einzige Copyright-Inhaber dieser Datei.<\/p>\n<p>Link zum Download: Zugang zur web-basierten Simulationsanwendung<\/p>\n","protected":false},"excerpt":{"rendered":"<h2>Welche Wirkung haben Ihre Entscheidungen? Simulieren Sie sie einfach in BoardRoom!<\/h2>\n","protected":false},"featured_media":20114,"template":"","meta":{"_links_to":"","_links_to_target":""},"product_brand":[],"product_cat":[1227,594,598,599],"product_tag":[],"jask_topic_categories":[1220,127,128,129,130,131,136,168,178,179,180,207,213,221,231,176,170,169,173,174,235,240,249,251,327,332,250,253,284,304,286,292,287,288,315,329,336,342,341,382,381,384,421,429,439,438,491,490,496,505,509,517,521,522],"class_list":{"0":"post-1732","1":"product","2":"type-product","3":"status-publish","4":"has-post-thumbnail","6":"product_cat-management","7":"product_cat-leadership","8":"product_cat-web-basierte-anwendung","9":"product_cat-rechenmodul","10":"jask_topic_categories-management","11":"jask_topic_categories-prozessoptimierung","12":"jask_topic_categories-schnittstellen-in-prozessen","13":"jask_topic_categories-feedback-schleifen-in-prozessen","14":"jask_topic_categories-verknuepfung-von-prozessen-miteinander","15":"jask_topic_categories-koordination-und-entwicklungsfaehigkeit-in-die-prozesse-legen","16":"jask_topic_categories-produkte-und-dienstleistungen","17":"jask_topic_categories-stabilisierung","18":"jask_topic_categories-innovationsprozess","19":"jask_topic_categories-ideengenerierung-fuer-innovationen","20":"jask_topic_categories-kreativitaet-fuer-innovationen","21":"jask_topic_categories-entscheidungsprozess-fuer-innovationen","22":"jask_topic_categories-vorgehensweisen-fuer-die-produktentwicklung","23":"jask_topic_categories-durchgaengige-gestaltung-von-vertragswerken","24":"jask_topic_categories-regelkreise-mit-stabilisierender-wirkung","25":"jask_topic_categories-systemgerechtes-management-als-schluessel-zu-nachhaltigem-erfolg","26":"jask_topic_categories-umgang-mit-komplexitaet","27":"jask_topic_categories-ganzheitlicher-vernetzter-ansatz","28":"jask_topic_categories-komplexe-sachverhalte","29":"jask_topic_categories-chaotische-sachverhalte","30":"jask_topic_categories-nachhaltigkeit","31":"jask_topic_categories-nachhaltig-wirtschaften","32":"jask_topic_categories-organisation-und-personal","33":"jask_topic_categories-prozesse","34":"jask_topic_categories-agiles-arbeiten","35":"jask_topic_categories-change-management","36":"jask_topic_categories-zusammenarbeit","37":"jask_topic_categories-leadership","38":"jask_topic_categories-entscheidungen-aussenfuehrung","39":"jask_topic_categories-motivation","40":"jask_topic_categories-entscheidungsprozess","41":"jask_topic_categories-spieltheoretische-modelle","42":"jask_topic_categories-informationsquellen-fuer-entscheidungsgrundlagen","43":"jask_topic_categories-verstaendnis-fuer-das-zusammenspiel-der-kraefte","44":"jask_topic_categories-gespraechsprinzipien","45":"jask_topic_categories-methoden-fuer-agiles-arbeiten","46":"jask_topic_categories-agiles-projektmanagement-mit-scrum","47":"jask_topic_categories-ganzheitliches-controlling","48":"jask_topic_categories-controlling-und-risikomanagement","49":"jask_topic_categories-ausbau-der-kooperationsfaehigkeit","50":"jask_topic_categories-kooperation-und-vernetzung","51":"jask_topic_categories-zusammenarbeit-mit-betriebsraeten","52":"jask_topic_categories-turnaround-management","53":"jask_topic_categories-turnaround-vorgehensmodell","54":"jask_topic_categories-sofortmassnahmen","55":"jask_topic_categories-akute-krise","56":"jask_topic_categories-basisfragen","57":"jask_topic_categories-unternehmensgruendung","58":"jask_topic_categories-geschaeftsmodelle","59":"jask_topic_categories-strategien","60":"jask_topic_categories-strategische-fokussierung","61":"jask_topic_categories-strategiemodelle","62":"jask_topic_categories-dynamikorientierte-strategiemodelle","63":"jask_topic_categories-prozessorientierte-strategiemodelle","65":"first","66":"instock","67":"virtual","68":"sold-individually","69":"taxable","70":"purchasable","71":"product-type-simple"},"yoast_head":"<!-- This site is optimized with the Yoast SEO plugin v27.3 - https:\/\/yoast.com\/product\/yoast-seo-wordpress\/ -->\n<title>Simulationsanwendung \u201eBoardRoom\u201c: jetzt Zugang kaufen!<\/title>\n<meta name=\"description\" content=\"Managemententscheidungen realistisch simulieren: Sichern Sie sich vollen Anwenderzugriff auf \u201eBoardRoom\u201c. Jetzt besser entscheiden!\" \/>\n<meta name=\"robots\" content=\"index, follow, max-snippet:-1, max-image-preview:large, max-video-preview:-1\" \/>\n<link rel=\"canonical\" href=\"https:\/\/www.consultingcheck.com\/de\/ressource\/boardroom\/\" \/>\n<meta property=\"og:locale\" content=\"de_DE\" \/>\n<meta property=\"og:type\" content=\"article\" \/>\n<meta property=\"og:title\" content=\"Simulationsanwendung \u201eBoardRoom\u201c: jetzt Zugang kaufen!\" \/>\n<meta property=\"og:description\" content=\"Managemententscheidungen realistisch simulieren: Sichern Sie sich vollen Anwenderzugriff auf \u201eBoardRoom\u201c. Jetzt besser entscheiden!\" \/>\n<meta property=\"og:url\" content=\"https:\/\/www.consultingcheck.com\/de\/ressource\/boardroom\/\" \/>\n<meta property=\"og:site_name\" content=\"consultingcheck\" \/>\n<meta property=\"article:modified_time\" content=\"2024-06-18T11:42:53+00:00\" \/>\n<meta property=\"og:image\" content=\"https:\/\/www.consultingcheck.com\/wp-content\/uploads\/2021\/11\/boardroom.jpg\" \/>\n\t<meta property=\"og:image:width\" content=\"1000\" \/>\n\t<meta property=\"og:image:height\" content=\"679\" \/>\n\t<meta property=\"og:image:type\" content=\"image\/jpeg\" \/>\n<meta name=\"twitter:card\" content=\"summary_large_image\" \/>\n<meta name=\"twitter:label1\" content=\"Gesch\u00e4tzte Lesezeit\" \/>\n\t<meta name=\"twitter:data1\" content=\"2\u00a0Minuten\" \/>\n<script type=\"application\/ld+json\" class=\"yoast-schema-graph\">{\"@context\":\"https:\\\/\\\/schema.org\",\"@graph\":[{\"@type\":\"WebPage\",\"@id\":\"https:\\\/\\\/www.consultingcheck.com\\\/de\\\/ressource\\\/boardroom\\\/\",\"url\":\"https:\\\/\\\/www.consultingcheck.com\\\/de\\\/ressource\\\/boardroom\\\/\",\"name\":\"Simulationsanwendung \u201eBoardRoom\u201c: jetzt Zugang kaufen!\",\"isPartOf\":{\"@id\":\"https:\\\/\\\/www.consultingcheck.com\\\/de\\\/#website\"},\"primaryImageOfPage\":{\"@id\":\"https:\\\/\\\/www.consultingcheck.com\\\/de\\\/ressource\\\/boardroom\\\/#primaryimage\"},\"image\":{\"@id\":\"https:\\\/\\\/www.consultingcheck.com\\\/de\\\/ressource\\\/boardroom\\\/#primaryimage\"},\"thumbnailUrl\":\"https:\\\/\\\/www.consultingcheck.com\\\/wp-content\\\/uploads\\\/2021\\\/11\\\/boardroom.jpg\",\"datePublished\":\"2021-11-08T23:49:55+00:00\",\"dateModified\":\"2024-06-18T11:42:53+00:00\",\"description\":\"Managemententscheidungen realistisch simulieren: Sichern Sie sich vollen Anwenderzugriff auf \u201eBoardRoom\u201c. Jetzt besser entscheiden!\",\"breadcrumb\":{\"@id\":\"https:\\\/\\\/www.consultingcheck.com\\\/de\\\/ressource\\\/boardroom\\\/#breadcrumb\"},\"inLanguage\":\"de\",\"potentialAction\":[{\"@type\":\"ReadAction\",\"target\":[\"https:\\\/\\\/www.consultingcheck.com\\\/de\\\/ressource\\\/boardroom\\\/\"]}]},{\"@type\":\"ImageObject\",\"inLanguage\":\"de\",\"@id\":\"https:\\\/\\\/www.consultingcheck.com\\\/de\\\/ressource\\\/boardroom\\\/#primaryimage\",\"url\":\"https:\\\/\\\/www.consultingcheck.com\\\/wp-content\\\/uploads\\\/2021\\\/11\\\/boardroom.jpg\",\"contentUrl\":\"https:\\\/\\\/www.consultingcheck.com\\\/wp-content\\\/uploads\\\/2021\\\/11\\\/boardroom.jpg\",\"width\":1000,\"height\":679,\"caption\":\"Ein Screenshot der Simulationsanwendung BoardRoom.\"},{\"@type\":\"BreadcrumbList\",\"@id\":\"https:\\\/\\\/www.consultingcheck.com\\\/de\\\/ressource\\\/boardroom\\\/#breadcrumb\",\"itemListElement\":[{\"@type\":\"ListItem\",\"position\":1,\"name\":\"Startseite\",\"item\":\"https:\\\/\\\/www.consultingcheck.com\\\/de\\\/\"},{\"@type\":\"ListItem\",\"position\":2,\"name\":\"Downloads, Anwendungen und Produkte\",\"item\":\"https:\\\/\\\/www.consultingcheck.com\\\/de\\\/tools\\\/downloads-anwendungen-und-produkte\\\/\"},{\"@type\":\"ListItem\",\"position\":3,\"name\":\"Simulationsanwendung &#8222;BoardRoom&#8220;\"}]},{\"@type\":\"WebSite\",\"@id\":\"https:\\\/\\\/www.consultingcheck.com\\\/de\\\/#website\",\"url\":\"https:\\\/\\\/www.consultingcheck.com\\\/de\\\/\",\"name\":\"consultingcheck\",\"description\":\"Vernetzt gedacht. Entzaubert. Hands-on.\",\"potentialAction\":[{\"@type\":\"SearchAction\",\"target\":{\"@type\":\"EntryPoint\",\"urlTemplate\":\"https:\\\/\\\/www.consultingcheck.com\\\/de\\\/?s={search_term_string}\"},\"query-input\":{\"@type\":\"PropertyValueSpecification\",\"valueRequired\":true,\"valueName\":\"search_term_string\"}}],\"inLanguage\":\"de\"}]}<\/script>\n<!-- \/ Yoast SEO plugin. -->","yoast_head_json":{"title":"Simulationsanwendung \u201eBoardRoom\u201c: jetzt Zugang kaufen!","description":"Managemententscheidungen realistisch simulieren: Sichern Sie sich vollen Anwenderzugriff auf \u201eBoardRoom\u201c. Jetzt besser entscheiden!","robots":{"index":"index","follow":"follow","max-snippet":"max-snippet:-1","max-image-preview":"max-image-preview:large","max-video-preview":"max-video-preview:-1"},"canonical":"https:\/\/www.consultingcheck.com\/de\/ressource\/boardroom\/","og_locale":"de_DE","og_type":"article","og_title":"Simulationsanwendung \u201eBoardRoom\u201c: jetzt Zugang kaufen!","og_description":"Managemententscheidungen realistisch simulieren: Sichern Sie sich vollen Anwenderzugriff auf \u201eBoardRoom\u201c. Jetzt besser entscheiden!","og_url":"https:\/\/www.consultingcheck.com\/de\/ressource\/boardroom\/","og_site_name":"consultingcheck","article_modified_time":"2024-06-18T11:42:53+00:00","og_image":[{"width":1000,"height":679,"url":"https:\/\/www.consultingcheck.com\/wp-content\/uploads\/2021\/11\/boardroom.jpg","type":"image\/jpeg"}],"twitter_card":"summary_large_image","twitter_misc":{"Gesch\u00e4tzte Lesezeit":"2\u00a0Minuten"},"schema":{"@context":"https:\/\/schema.org","@graph":[{"@type":"WebPage","@id":"https:\/\/www.consultingcheck.com\/de\/ressource\/boardroom\/","url":"https:\/\/www.consultingcheck.com\/de\/ressource\/boardroom\/","name":"Simulationsanwendung \u201eBoardRoom\u201c: jetzt Zugang kaufen!","isPartOf":{"@id":"https:\/\/www.consultingcheck.com\/de\/#website"},"primaryImageOfPage":{"@id":"https:\/\/www.consultingcheck.com\/de\/ressource\/boardroom\/#primaryimage"},"image":{"@id":"https:\/\/www.consultingcheck.com\/de\/ressource\/boardroom\/#primaryimage"},"thumbnailUrl":"https:\/\/www.consultingcheck.com\/wp-content\/uploads\/2021\/11\/boardroom.jpg","datePublished":"2021-11-08T23:49:55+00:00","dateModified":"2024-06-18T11:42:53+00:00","description":"Managemententscheidungen realistisch simulieren: Sichern Sie sich vollen Anwenderzugriff auf \u201eBoardRoom\u201c. Jetzt besser entscheiden!","breadcrumb":{"@id":"https:\/\/www.consultingcheck.com\/de\/ressource\/boardroom\/#breadcrumb"},"inLanguage":"de","potentialAction":[{"@type":"ReadAction","target":["https:\/\/www.consultingcheck.com\/de\/ressource\/boardroom\/"]}]},{"@type":"ImageObject","inLanguage":"de","@id":"https:\/\/www.consultingcheck.com\/de\/ressource\/boardroom\/#primaryimage","url":"https:\/\/www.consultingcheck.com\/wp-content\/uploads\/2021\/11\/boardroom.jpg","contentUrl":"https:\/\/www.consultingcheck.com\/wp-content\/uploads\/2021\/11\/boardroom.jpg","width":1000,"height":679,"caption":"Ein Screenshot der Simulationsanwendung BoardRoom."},{"@type":"BreadcrumbList","@id":"https:\/\/www.consultingcheck.com\/de\/ressource\/boardroom\/#breadcrumb","itemListElement":[{"@type":"ListItem","position":1,"name":"Startseite","item":"https:\/\/www.consultingcheck.com\/de\/"},{"@type":"ListItem","position":2,"name":"Downloads, Anwendungen und Produkte","item":"https:\/\/www.consultingcheck.com\/de\/tools\/downloads-anwendungen-und-produkte\/"},{"@type":"ListItem","position":3,"name":"Simulationsanwendung &#8222;BoardRoom&#8220;"}]},{"@type":"WebSite","@id":"https:\/\/www.consultingcheck.com\/de\/#website","url":"https:\/\/www.consultingcheck.com\/de\/","name":"consultingcheck","description":"Vernetzt gedacht. Entzaubert. Hands-on.","potentialAction":[{"@type":"SearchAction","target":{"@type":"EntryPoint","urlTemplate":"https:\/\/www.consultingcheck.com\/de\/?s={search_term_string}"},"query-input":{"@type":"PropertyValueSpecification","valueRequired":true,"valueName":"search_term_string"}}],"inLanguage":"de"}]}},"_links":{"self":[{"href":"https:\/\/www.consultingcheck.com\/de\/wp-json\/wp\/v2\/product\/1732","targetHints":{"allow":["GET"]}}],"collection":[{"href":"https:\/\/www.consultingcheck.com\/de\/wp-json\/wp\/v2\/product"}],"about":[{"href":"https:\/\/www.consultingcheck.com\/de\/wp-json\/wp\/v2\/types\/product"}],"wp:featuredmedia":[{"embeddable":true,"href":"https:\/\/www.consultingcheck.com\/de\/wp-json\/wp\/v2\/media\/20114"}],"wp:attachment":[{"href":"https:\/\/www.consultingcheck.com\/de\/wp-json\/wp\/v2\/media?parent=1732"}],"wp:term":[{"taxonomy":"product_brand","embeddable":true,"href":"https:\/\/www.consultingcheck.com\/de\/wp-json\/wp\/v2\/product_brand?post=1732"},{"taxonomy":"product_cat","embeddable":true,"href":"https:\/\/www.consultingcheck.com\/de\/wp-json\/wp\/v2\/product_cat?post=1732"},{"taxonomy":"product_tag","embeddable":true,"href":"https:\/\/www.consultingcheck.com\/de\/wp-json\/wp\/v2\/product_tag?post=1732"},{"taxonomy":"jask_topic_categories","embeddable":true,"href":"https:\/\/www.consultingcheck.com\/de\/wp-json\/wp\/v2\/jask_topic_categories?post=1732"}],"curies":[{"name":"wp","href":"https:\/\/api.w.org\/{rel}","templated":true}]}}