{"id":1731,"date":"2021-11-09T00:49:54","date_gmt":"2021-11-08T23:49:54","guid":{"rendered":"https:\/\/www.consultingcheck.com\/ressource\/kreativitaetstechniken\/"},"modified":"2024-06-18T14:00:44","modified_gmt":"2024-06-18T12:00:44","slug":"kreativitaetstechniken","status":"publish","type":"product","link":"https:\/\/www.consultingcheck.com\/de\/ressource\/kreativitaetstechniken\/","title":{"rendered":"Briefing \u00fcber Kreativit\u00e4tstechniken"},"content":{"rendered":"<h3>Inhalte<\/h3>\n<p>Mit diesem Whitepaper erhalten Sie auf 8 Seiten einen fundierten \u00dcberblick \u00fcber die wesentlichen Kreativit\u00e4tstechniken. In einer zunehmend dynamischen Wirtschaftswelt ist es wichtig, Chancen zu ergreifen. Daf\u00fcr taugt das Tagesgesch\u00e4ft nur bedingt. Oft ist n\u00e4mlich Kreativit\u00e4t gefragt. Wie k\u00f6nnen Dinge ganz anders gemacht werden? Welche Leistungen k\u00f6nnten im Markt nachgefragt sein? Wie setzen wir Kundenanforderungen um? Wie innovieren wir unser Gesch\u00e4ftsmodell?<\/p>\n<p>In diesem Beitrag erfahren Sie, welche Kreativit\u00e4tstechniken es gibt und f\u00fcr welche Aufgabenstellungen sie sich gut eignen.<\/p>\n<p>&nbsp;<\/p>\n<h3>Vorteile<\/h3>\n<ul>\n<li>Sie erfahren, weshalb Kreativit\u00e4t f\u00fcr die Existenzsicherung von Unternehmen so wichtig ist.<\/li>\n<li>Sie erhalten einen kompakten \u00dcberblick \u00fcber bew\u00e4hrte Kreativit\u00e4tstechniken.<\/li>\n<li>Sie erfahren, welche Kreativit\u00e4tstechniken Sie f\u00fcr Ihre Herausforderung im Unternehmen am besten einsetzen k\u00f6nnen.<\/li>\n<\/ul>\n<p>&nbsp;<\/p>\n<h3>Digitaler Download<\/h3>\n<p>Nach der Bestellung erhalten Sie einen Download-Link zum Whitepaper, das Sie sofort nutzen k\u00f6nnen.<\/p>\n<p>Bitte beachten Sie, dass dieses Whitepaper, zu dem Sie den Zugang erwerben, ausschlie\u00dflich f\u00fcr Ihren pers\u00f6nlichen Gebrauch bestimmt sind. Es ist untersagt, dieses Whitepaper in jeglicher Form und in jeglicher digitaler oder physischer Weise weiterzuverkaufen oder es ohne meine Erlaubnis in einer physischen oder Online-Ver\u00f6ffentlichung zu ver\u00f6ffentlichen. Ich bin der einzige Copyright-Inhaber dieser Datei.<\/p>\n<p>Link zum Download: pdf<\/p>\n","protected":false},"excerpt":{"rendered":"<h2>Lernen Sie die relevanten Kreativit\u00e4tstechniken f\u00fcr Unternehmen kennen!<\/h2>\n","protected":false},"featured_media":20150,"template":"","meta":{"_links_to":"","_links_to_target":""},"product_brand":[],"product_cat":[1226,596,1225],"product_tag":[],"jask_topic_categories":[1217,1220,77,105,95,127,152,177,178,179,180,181,182,183,194,201,213,327,332,333,292,329,336,344,343,341,415,416,421,494,495,496,524],"class_list":{"0":"post-1731","1":"product","2":"type-product","3":"status-publish","4":"has-post-thumbnail","6":"product_cat-innovation","7":"product_cat-allgemein","8":"product_cat-gruendung","9":"jask_topic_categories-gruendung","10":"jask_topic_categories-management","11":"jask_topic_categories-marketing","12":"jask_topic_categories-vertriebsstrategie","13":"jask_topic_categories-marketing-botschaften","14":"jask_topic_categories-prozessoptimierung","15":"jask_topic_categories-investition","16":"jask_topic_categories-innovation","17":"jask_topic_categories-innovationsprozess","18":"jask_topic_categories-ideengenerierung-fuer-innovationen","19":"jask_topic_categories-kreativitaet-fuer-innovationen","20":"jask_topic_categories-voraussetzungen-fuer-kreativitaet-schaffen","21":"jask_topic_categories-kreativitaetstechniken-einsetzen","22":"jask_topic_categories-intuitive-methoden","23":"jask_topic_categories-diskursive-methoden","24":"jask_topic_categories-kombination-intuitiver-und-diskursiver-methoden","25":"jask_topic_categories-vorgehensweisen-fuer-die-produktentwicklung","26":"jask_topic_categories-agiles-arbeiten","27":"jask_topic_categories-change-management","28":"jask_topic_categories-projektmanagement","29":"jask_topic_categories-spieltheoretische-modelle","30":"jask_topic_categories-methoden-fuer-agiles-arbeiten","31":"jask_topic_categories-agiles-projektmanagement-mit-scrum","32":"jask_topic_categories-agile-planung-mit-beyond-budgeting","33":"jask_topic_categories-businessplan","34":"jask_topic_categories-controlling-und-risikomanagement","35":"jask_topic_categories-krise-und-sanierung","36":"jask_topic_categories-ertragssteigerung-in-der-krise","37":"jask_topic_categories-turnaround-management","38":"jask_topic_categories-visionen-geschaeftsmodelle-und-strategien","39":"jask_topic_categories-vision","40":"jask_topic_categories-geschaeftsmodelle","41":"jask_topic_categories-corporate-foresight-prozess","43":"first","44":"instock","45":"sold-individually","46":"taxable","47":"shipping-taxable","48":"purchasable","49":"product-type-variable"},"yoast_head":"<!-- This site is optimized with the Yoast SEO plugin v27.3 - https:\/\/yoast.com\/product\/yoast-seo-wordpress\/ -->\n<title>Die verschiedenen Kreativit\u00e4tstechniken: PDF-Briefing kaufen<\/title>\n<meta name=\"description\" content=\"Welche Kreativit\u00e4tstechniken gibt es und wie setzt man sie in Unternehmen um? Erfahren Sie jetzt mehr im PDF-Briefing von consultingcheck!\" \/>\n<meta name=\"robots\" content=\"index, follow, max-snippet:-1, max-image-preview:large, max-video-preview:-1\" \/>\n<link rel=\"canonical\" href=\"https:\/\/www.consultingcheck.com\/de\/ressource\/kreativitaetstechniken\/\" \/>\n<meta property=\"og:locale\" content=\"de_DE\" \/>\n<meta property=\"og:type\" content=\"article\" \/>\n<meta property=\"og:title\" content=\"Die verschiedenen Kreativit\u00e4tstechniken: PDF-Briefing kaufen\" \/>\n<meta property=\"og:description\" content=\"Welche Kreativit\u00e4tstechniken gibt es und wie setzt man sie in Unternehmen um? Erfahren Sie jetzt mehr im PDF-Briefing von consultingcheck!\" \/>\n<meta property=\"og:url\" content=\"https:\/\/www.consultingcheck.com\/de\/ressource\/kreativitaetstechniken\/\" \/>\n<meta property=\"og:site_name\" content=\"consultingcheck\" \/>\n<meta property=\"article:modified_time\" content=\"2024-06-18T12:00:44+00:00\" \/>\n<meta property=\"og:image\" content=\"https:\/\/www.consultingcheck.com\/wp-content\/uploads\/2021\/11\/kreativitaetstechniken.jpg\" \/>\n\t<meta property=\"og:image:width\" content=\"1000\" \/>\n\t<meta property=\"og:image:height\" content=\"679\" \/>\n\t<meta property=\"og:image:type\" content=\"image\/jpeg\" \/>\n<meta name=\"twitter:card\" content=\"summary_large_image\" \/>\n<meta name=\"twitter:label1\" content=\"Gesch\u00e4tzte Lesezeit\" \/>\n\t<meta name=\"twitter:data1\" content=\"2\u00a0Minuten\" \/>\n<script type=\"application\/ld+json\" class=\"yoast-schema-graph\">{\"@context\":\"https:\\\/\\\/schema.org\",\"@graph\":[{\"@type\":\"WebPage\",\"@id\":\"https:\\\/\\\/www.consultingcheck.com\\\/de\\\/ressource\\\/kreativitaetstechniken\\\/\",\"url\":\"https:\\\/\\\/www.consultingcheck.com\\\/de\\\/ressource\\\/kreativitaetstechniken\\\/\",\"name\":\"Die verschiedenen Kreativit\u00e4tstechniken: PDF-Briefing kaufen\",\"isPartOf\":{\"@id\":\"https:\\\/\\\/www.consultingcheck.com\\\/de\\\/#website\"},\"primaryImageOfPage\":{\"@id\":\"https:\\\/\\\/www.consultingcheck.com\\\/de\\\/ressource\\\/kreativitaetstechniken\\\/#primaryimage\"},\"image\":{\"@id\":\"https:\\\/\\\/www.consultingcheck.com\\\/de\\\/ressource\\\/kreativitaetstechniken\\\/#primaryimage\"},\"thumbnailUrl\":\"https:\\\/\\\/www.consultingcheck.com\\\/wp-content\\\/uploads\\\/2021\\\/11\\\/kreativitaetstechniken.jpg\",\"datePublished\":\"2021-11-08T23:49:54+00:00\",\"dateModified\":\"2024-06-18T12:00:44+00:00\",\"description\":\"Welche Kreativit\u00e4tstechniken gibt es und wie setzt man sie in Unternehmen um? Erfahren Sie jetzt mehr im PDF-Briefing von consultingcheck!\",\"breadcrumb\":{\"@id\":\"https:\\\/\\\/www.consultingcheck.com\\\/de\\\/ressource\\\/kreativitaetstechniken\\\/#breadcrumb\"},\"inLanguage\":\"de\",\"potentialAction\":[{\"@type\":\"ReadAction\",\"target\":[\"https:\\\/\\\/www.consultingcheck.com\\\/de\\\/ressource\\\/kreativitaetstechniken\\\/\"]}]},{\"@type\":\"ImageObject\",\"inLanguage\":\"de\",\"@id\":\"https:\\\/\\\/www.consultingcheck.com\\\/de\\\/ressource\\\/kreativitaetstechniken\\\/#primaryimage\",\"url\":\"https:\\\/\\\/www.consultingcheck.com\\\/wp-content\\\/uploads\\\/2021\\\/11\\\/kreativitaetstechniken.jpg\",\"contentUrl\":\"https:\\\/\\\/www.consultingcheck.com\\\/wp-content\\\/uploads\\\/2021\\\/11\\\/kreativitaetstechniken.jpg\",\"width\":1000,\"height\":679,\"caption\":\"Ein Screenshot des Briefings \u00fcber Kreativit\u00e4tstechniken.\"},{\"@type\":\"BreadcrumbList\",\"@id\":\"https:\\\/\\\/www.consultingcheck.com\\\/de\\\/ressource\\\/kreativitaetstechniken\\\/#breadcrumb\",\"itemListElement\":[{\"@type\":\"ListItem\",\"position\":1,\"name\":\"Startseite\",\"item\":\"https:\\\/\\\/www.consultingcheck.com\\\/de\\\/\"},{\"@type\":\"ListItem\",\"position\":2,\"name\":\"Downloads, Anwendungen und Produkte\",\"item\":\"https:\\\/\\\/www.consultingcheck.com\\\/de\\\/tools\\\/downloads-anwendungen-und-produkte\\\/\"},{\"@type\":\"ListItem\",\"position\":3,\"name\":\"Briefing \u00fcber Kreativit\u00e4tstechniken\"}]},{\"@type\":\"WebSite\",\"@id\":\"https:\\\/\\\/www.consultingcheck.com\\\/de\\\/#website\",\"url\":\"https:\\\/\\\/www.consultingcheck.com\\\/de\\\/\",\"name\":\"consultingcheck\",\"description\":\"Vernetzt gedacht. Entzaubert. Hands-on.\",\"potentialAction\":[{\"@type\":\"SearchAction\",\"target\":{\"@type\":\"EntryPoint\",\"urlTemplate\":\"https:\\\/\\\/www.consultingcheck.com\\\/de\\\/?s={search_term_string}\"},\"query-input\":{\"@type\":\"PropertyValueSpecification\",\"valueRequired\":true,\"valueName\":\"search_term_string\"}}],\"inLanguage\":\"de\"}]}<\/script>\n<!-- \/ Yoast SEO plugin. -->","yoast_head_json":{"title":"Die verschiedenen Kreativit\u00e4tstechniken: PDF-Briefing kaufen","description":"Welche Kreativit\u00e4tstechniken gibt es und wie setzt man sie in Unternehmen um? Erfahren Sie jetzt mehr im PDF-Briefing von consultingcheck!","robots":{"index":"index","follow":"follow","max-snippet":"max-snippet:-1","max-image-preview":"max-image-preview:large","max-video-preview":"max-video-preview:-1"},"canonical":"https:\/\/www.consultingcheck.com\/de\/ressource\/kreativitaetstechniken\/","og_locale":"de_DE","og_type":"article","og_title":"Die verschiedenen Kreativit\u00e4tstechniken: PDF-Briefing kaufen","og_description":"Welche Kreativit\u00e4tstechniken gibt es und wie setzt man sie in Unternehmen um? Erfahren Sie jetzt mehr im PDF-Briefing von consultingcheck!","og_url":"https:\/\/www.consultingcheck.com\/de\/ressource\/kreativitaetstechniken\/","og_site_name":"consultingcheck","article_modified_time":"2024-06-18T12:00:44+00:00","og_image":[{"width":1000,"height":679,"url":"https:\/\/www.consultingcheck.com\/wp-content\/uploads\/2021\/11\/kreativitaetstechniken.jpg","type":"image\/jpeg"}],"twitter_card":"summary_large_image","twitter_misc":{"Gesch\u00e4tzte Lesezeit":"2\u00a0Minuten"},"schema":{"@context":"https:\/\/schema.org","@graph":[{"@type":"WebPage","@id":"https:\/\/www.consultingcheck.com\/de\/ressource\/kreativitaetstechniken\/","url":"https:\/\/www.consultingcheck.com\/de\/ressource\/kreativitaetstechniken\/","name":"Die verschiedenen Kreativit\u00e4tstechniken: PDF-Briefing kaufen","isPartOf":{"@id":"https:\/\/www.consultingcheck.com\/de\/#website"},"primaryImageOfPage":{"@id":"https:\/\/www.consultingcheck.com\/de\/ressource\/kreativitaetstechniken\/#primaryimage"},"image":{"@id":"https:\/\/www.consultingcheck.com\/de\/ressource\/kreativitaetstechniken\/#primaryimage"},"thumbnailUrl":"https:\/\/www.consultingcheck.com\/wp-content\/uploads\/2021\/11\/kreativitaetstechniken.jpg","datePublished":"2021-11-08T23:49:54+00:00","dateModified":"2024-06-18T12:00:44+00:00","description":"Welche Kreativit\u00e4tstechniken gibt es und wie setzt man sie in Unternehmen um? Erfahren Sie jetzt mehr im PDF-Briefing von consultingcheck!","breadcrumb":{"@id":"https:\/\/www.consultingcheck.com\/de\/ressource\/kreativitaetstechniken\/#breadcrumb"},"inLanguage":"de","potentialAction":[{"@type":"ReadAction","target":["https:\/\/www.consultingcheck.com\/de\/ressource\/kreativitaetstechniken\/"]}]},{"@type":"ImageObject","inLanguage":"de","@id":"https:\/\/www.consultingcheck.com\/de\/ressource\/kreativitaetstechniken\/#primaryimage","url":"https:\/\/www.consultingcheck.com\/wp-content\/uploads\/2021\/11\/kreativitaetstechniken.jpg","contentUrl":"https:\/\/www.consultingcheck.com\/wp-content\/uploads\/2021\/11\/kreativitaetstechniken.jpg","width":1000,"height":679,"caption":"Ein Screenshot des Briefings \u00fcber Kreativit\u00e4tstechniken."},{"@type":"BreadcrumbList","@id":"https:\/\/www.consultingcheck.com\/de\/ressource\/kreativitaetstechniken\/#breadcrumb","itemListElement":[{"@type":"ListItem","position":1,"name":"Startseite","item":"https:\/\/www.consultingcheck.com\/de\/"},{"@type":"ListItem","position":2,"name":"Downloads, Anwendungen und Produkte","item":"https:\/\/www.consultingcheck.com\/de\/tools\/downloads-anwendungen-und-produkte\/"},{"@type":"ListItem","position":3,"name":"Briefing \u00fcber Kreativit\u00e4tstechniken"}]},{"@type":"WebSite","@id":"https:\/\/www.consultingcheck.com\/de\/#website","url":"https:\/\/www.consultingcheck.com\/de\/","name":"consultingcheck","description":"Vernetzt gedacht. Entzaubert. Hands-on.","potentialAction":[{"@type":"SearchAction","target":{"@type":"EntryPoint","urlTemplate":"https:\/\/www.consultingcheck.com\/de\/?s={search_term_string}"},"query-input":{"@type":"PropertyValueSpecification","valueRequired":true,"valueName":"search_term_string"}}],"inLanguage":"de"}]}},"_links":{"self":[{"href":"https:\/\/www.consultingcheck.com\/de\/wp-json\/wp\/v2\/product\/1731","targetHints":{"allow":["GET"]}}],"collection":[{"href":"https:\/\/www.consultingcheck.com\/de\/wp-json\/wp\/v2\/product"}],"about":[{"href":"https:\/\/www.consultingcheck.com\/de\/wp-json\/wp\/v2\/types\/product"}],"wp:featuredmedia":[{"embeddable":true,"href":"https:\/\/www.consultingcheck.com\/de\/wp-json\/wp\/v2\/media\/20150"}],"wp:attachment":[{"href":"https:\/\/www.consultingcheck.com\/de\/wp-json\/wp\/v2\/media?parent=1731"}],"wp:term":[{"taxonomy":"product_brand","embeddable":true,"href":"https:\/\/www.consultingcheck.com\/de\/wp-json\/wp\/v2\/product_brand?post=1731"},{"taxonomy":"product_cat","embeddable":true,"href":"https:\/\/www.consultingcheck.com\/de\/wp-json\/wp\/v2\/product_cat?post=1731"},{"taxonomy":"product_tag","embeddable":true,"href":"https:\/\/www.consultingcheck.com\/de\/wp-json\/wp\/v2\/product_tag?post=1731"},{"taxonomy":"jask_topic_categories","embeddable":true,"href":"https:\/\/www.consultingcheck.com\/de\/wp-json\/wp\/v2\/jask_topic_categories?post=1731"}],"curies":[{"name":"wp","href":"https:\/\/api.w.org\/{rel}","templated":true}]}}