{"id":1730,"date":"2021-11-09T00:49:54","date_gmt":"2021-11-08T23:49:54","guid":{"rendered":"https:\/\/www.consultingcheck.com\/ressource\/investitionsrechnung-excel\/"},"modified":"2024-06-18T13:49:16","modified_gmt":"2024-06-18T11:49:16","slug":"investitionsrechnung-excel","status":"publish","type":"product","link":"https:\/\/www.consultingcheck.com\/de\/ressource\/investitionsrechnung-excel\/","title":{"rendered":"Vorlage f\u00fcr eine Investitionsrechnung"},"content":{"rendered":"<h3>Inhalte<\/h3>\n<p>Investitionen sind eine Voraussetzung, um den k\u00fcnftigen wirtschaftlichen Erfolg zu sichern. Dazu m\u00fcssen Investitionen aber auch fachgerecht ausgew\u00e4hlt und umgesetzt werden.<\/p>\n<p>Eine Grundlage hierf\u00fcr ist eine sorgf\u00e4ltige Investitionsrechnung.<\/p>\n<p>Interessante Kriterien f\u00fcr Investitionen sind der Barwert, der Return on Investment (ROI) und die Amortisationszeit der Investition. Alle drei Kenngr\u00f6\u00dfen k\u00f6nnen Sie mit dieser Vorlage zur Investitionsrechnung ermitteln, und zwar f\u00fcr die Formen \u201eKauf\u201c und \u201eLeasing\u201c.<\/p>\n<p>Die Rechenanwendung nimmt zun\u00e4chst die Grunddaten der Investition auf. Dazu z\u00e4hlen die Anschaffungskosten, die m\u00f6gliche Nutzungsdauer, die gew\u00fcnschte Abschreibungsdauer, die gew\u00fcnschte Finanzierungsdauer sowie die Wahl, ob die Investition durch einen Kauf oder durch eine Leasing-Vereinbarung umgesetzt werden soll.<\/p>\n<p>Dann k\u00f6nnen Sie in das Arbeitsblatt f\u00fcr technisch-organisatorische Annahmen Aussagen zur Leistungsf\u00e4higkeit und zur Auslastung der Investition eintragen. Die Investitionskenngr\u00f6\u00dfen werden aus Ihren Eingaben automatisch errechnet.<\/p>\n<p>&nbsp;<\/p>\n<h3>Vorteile<\/h3>\n<ul>\n<li>Sie erhalten eine fertig verformelte Vorlage (offenes MS Excel-Dokument) f\u00fcr eine Investitionsrechnung, mit der Sie viel Aufwand sparen.<\/li>\n<li>Sie k\u00f6nnen die Entscheidungsgrundlage f\u00fcr Ihre Investitionen sch\u00e4rfen.<\/li>\n<li>Sie k\u00f6nnen alternative Investitionen durchrechnen und sich f\u00fcr die beste Variante entscheiden.<\/li>\n<li>Sie k\u00f6nnen Ihre Investitionsvorschl\u00e4ge durch eine fundierte Investitionsrechnung argumentativ untermauern.<\/li>\n<\/ul>\n<p><strong>\u00a0<\/strong><\/p>\n<h3>Digitaler Download<\/h3>\n<p>Nach der Bestellung erhalten Sie einen Download-Link zur Vorlage, die Sie sofort nutzen k\u00f6nnen.<\/p>\n<p>Bitte beachten Sie, dass diese Vorlage, zu der Sie den Zugang erwerben, ausschlie\u00dflich f\u00fcr Ihren pers\u00f6nlichen Gebrauch bestimmt sind. Es ist untersagt, die Vorlage in jeglicher Form und in jeglicher digitaler oder physischer Weise weiterzuverkaufen oder sie ohne meine Erlaubnis in einer physischen oder Online-Ver\u00f6ffentlichung zu ver\u00f6ffentlichen. Ich bin der einzige Copyright-Inhaber dieser Datei.<\/p>\n<p>Link zum Download: MS Excel-Dokument<\/p>\n","protected":false},"excerpt":{"rendered":"<h2>Erstellen Sie Ihre Investitionsrechnung mit unserer Excel-Anwendung!<\/h2>\n","protected":false},"featured_media":20060,"template":"","meta":{"_links_to":"","_links_to_target":""},"product_brand":[],"product_cat":[1231,599,1226,1229],"product_tag":[],"jask_topic_categories":[1216,1217,1220,108,105,140,141,145,165,151,152,159,154,167,168,177,209,234,169,235,240,249,332,256,253,284,286,345,343,347,349,354,341,353,356,348,385,386,399,415,417,416,421,422,429,446,493,490],"class_list":{"0":"post-1730","1":"product","2":"type-product","3":"status-publish","4":"has-post-thumbnail","6":"product_cat-finanz","7":"product_cat-rechenmodul","8":"product_cat-innovation","9":"product_cat-unternehmenstransaktionen","10":"jask_topic_categories-finanz","11":"jask_topic_categories-gruendung","12":"jask_topic_categories-management","13":"jask_topic_categories-wachstum","14":"jask_topic_categories-vertriebsstrategie","15":"jask_topic_categories-akquisition-von-geschaeft","16":"jask_topic_categories-ertragssteigerung","17":"jask_topic_categories-kostenoptimierung-zur-ertragssteigerung","18":"jask_topic_categories-strukturkosten","19":"jask_topic_categories-auswahl-von-fertigungsverfahren","20":"jask_topic_categories-investition","21":"jask_topic_categories-standortstrategie","22":"jask_topic_categories-optimierung-des-fertigungsprozesses","23":"jask_topic_categories-sachliche-strukturkosten","24":"jask_topic_categories-stabilisierung","25":"jask_topic_categories-innovation","26":"jask_topic_categories-bedarfsermittlung","27":"jask_topic_categories-entscheidungen","28":"jask_topic_categories-ganzheitlicher-vernetzter-ansatz","29":"jask_topic_categories-nachhaltigkeit","30":"jask_topic_categories-nachhaltig-wirtschaften","31":"jask_topic_categories-organisation-und-personal","32":"jask_topic_categories-change-management","33":"jask_topic_categories-fuehren-von-geschaeften","34":"jask_topic_categories-leadership","35":"jask_topic_categories-entscheidungen-aussenfuehrung","36":"jask_topic_categories-entscheidungsprozess","37":"jask_topic_categories-risikomanagement","38":"jask_topic_categories-businessplan","39":"jask_topic_categories-operative-risk-self-assessment-orsa","40":"jask_topic_categories-erp-systeme","41":"jask_topic_categories-anwendung-kuenstlicher-intelligenz","42":"jask_topic_categories-controlling-und-risikomanagement","43":"jask_topic_categories-umsetzung-eines-erp-systemwechsels","44":"jask_topic_categories-technische-schritte-fuer-eine-ki-transformation","45":"jask_topic_categories-it-transformation-und-digitalisierung","46":"jask_topic_categories-finanzierung","47":"jask_topic_categories-innenfinanzierung","48":"jask_topic_categories-aussenfinanzierung","49":"jask_topic_categories-krise-und-sanierung","50":"jask_topic_categories-ganzheitliche-ertragssteigerung-in-der-krise","51":"jask_topic_categories-ertragssteigerung-in-der-krise","52":"jask_topic_categories-turnaround-management","53":"jask_topic_categories-massgeschneiderte-sanierungskonzepte","54":"jask_topic_categories-turnaround-vorgehensmodell","55":"jask_topic_categories-unternehmensverkauf-kauf-unternehmensgruendung","56":"jask_topic_categories-gruendungsfinanzierung","57":"jask_topic_categories-unternehmensgruendung","59":"first","60":"instock","61":"sold-individually","62":"taxable","63":"shipping-taxable","64":"purchasable","65":"product-type-variable"},"yoast_head":"<!-- This site is optimized with the Yoast SEO plugin v27.3 - https:\/\/yoast.com\/product\/yoast-seo-wordpress\/ -->\n<title>Vorlage f\u00fcr Investitionsrechnung: jetzt Excel herunterladen!<\/title>\n<meta name=\"description\" content=\"Sorgf\u00e4ltige Investitionsrechnung zur Entscheidungsfindung: Nutzen Sie jetzt unsere Excel-Vorlage als Entscheidungsgrundlage!\" \/>\n<meta name=\"robots\" content=\"index, follow, max-snippet:-1, max-image-preview:large, max-video-preview:-1\" \/>\n<link rel=\"canonical\" href=\"https:\/\/www.consultingcheck.com\/de\/ressource\/investitionsrechnung-excel\/\" \/>\n<meta property=\"og:locale\" content=\"de_DE\" \/>\n<meta property=\"og:type\" content=\"article\" \/>\n<meta property=\"og:title\" content=\"Vorlage f\u00fcr Investitionsrechnung: jetzt Excel herunterladen!\" \/>\n<meta property=\"og:description\" content=\"Sorgf\u00e4ltige Investitionsrechnung zur Entscheidungsfindung: Nutzen Sie jetzt unsere Excel-Vorlage als Entscheidungsgrundlage!\" \/>\n<meta property=\"og:url\" content=\"https:\/\/www.consultingcheck.com\/de\/ressource\/investitionsrechnung-excel\/\" \/>\n<meta property=\"og:site_name\" content=\"consultingcheck\" \/>\n<meta property=\"article:modified_time\" content=\"2024-06-18T11:49:16+00:00\" \/>\n<meta property=\"og:image\" content=\"https:\/\/www.consultingcheck.com\/wp-content\/uploads\/2021\/11\/investitionsrechnung-excel.jpg\" \/>\n\t<meta property=\"og:image:width\" content=\"1000\" \/>\n\t<meta property=\"og:image:height\" content=\"679\" \/>\n\t<meta property=\"og:image:type\" content=\"image\/jpeg\" \/>\n<meta name=\"twitter:card\" content=\"summary_large_image\" \/>\n<meta name=\"twitter:label1\" content=\"Gesch\u00e4tzte Lesezeit\" \/>\n\t<meta name=\"twitter:data1\" content=\"2\u00a0Minuten\" \/>\n<script type=\"application\/ld+json\" class=\"yoast-schema-graph\">{\"@context\":\"https:\\\/\\\/schema.org\",\"@graph\":[{\"@type\":\"WebPage\",\"@id\":\"https:\\\/\\\/www.consultingcheck.com\\\/de\\\/ressource\\\/investitionsrechnung-excel\\\/\",\"url\":\"https:\\\/\\\/www.consultingcheck.com\\\/de\\\/ressource\\\/investitionsrechnung-excel\\\/\",\"name\":\"Vorlage f\u00fcr Investitionsrechnung: jetzt Excel herunterladen!\",\"isPartOf\":{\"@id\":\"https:\\\/\\\/www.consultingcheck.com\\\/de\\\/#website\"},\"primaryImageOfPage\":{\"@id\":\"https:\\\/\\\/www.consultingcheck.com\\\/de\\\/ressource\\\/investitionsrechnung-excel\\\/#primaryimage\"},\"image\":{\"@id\":\"https:\\\/\\\/www.consultingcheck.com\\\/de\\\/ressource\\\/investitionsrechnung-excel\\\/#primaryimage\"},\"thumbnailUrl\":\"https:\\\/\\\/www.consultingcheck.com\\\/wp-content\\\/uploads\\\/2021\\\/11\\\/investitionsrechnung-excel.jpg\",\"datePublished\":\"2021-11-08T23:49:54+00:00\",\"dateModified\":\"2024-06-18T11:49:16+00:00\",\"description\":\"Sorgf\u00e4ltige Investitionsrechnung zur Entscheidungsfindung: Nutzen Sie jetzt unsere Excel-Vorlage als Entscheidungsgrundlage!\",\"breadcrumb\":{\"@id\":\"https:\\\/\\\/www.consultingcheck.com\\\/de\\\/ressource\\\/investitionsrechnung-excel\\\/#breadcrumb\"},\"inLanguage\":\"de\",\"potentialAction\":[{\"@type\":\"ReadAction\",\"target\":[\"https:\\\/\\\/www.consultingcheck.com\\\/de\\\/ressource\\\/investitionsrechnung-excel\\\/\"]}]},{\"@type\":\"ImageObject\",\"inLanguage\":\"de\",\"@id\":\"https:\\\/\\\/www.consultingcheck.com\\\/de\\\/ressource\\\/investitionsrechnung-excel\\\/#primaryimage\",\"url\":\"https:\\\/\\\/www.consultingcheck.com\\\/wp-content\\\/uploads\\\/2021\\\/11\\\/investitionsrechnung-excel.jpg\",\"contentUrl\":\"https:\\\/\\\/www.consultingcheck.com\\\/wp-content\\\/uploads\\\/2021\\\/11\\\/investitionsrechnung-excel.jpg\",\"width\":1000,\"height\":679,\"caption\":\"Ein Screenshot der Vorlage f\u00fcr eine Investitionsrechnung.\"},{\"@type\":\"BreadcrumbList\",\"@id\":\"https:\\\/\\\/www.consultingcheck.com\\\/de\\\/ressource\\\/investitionsrechnung-excel\\\/#breadcrumb\",\"itemListElement\":[{\"@type\":\"ListItem\",\"position\":1,\"name\":\"Startseite\",\"item\":\"https:\\\/\\\/www.consultingcheck.com\\\/de\\\/\"},{\"@type\":\"ListItem\",\"position\":2,\"name\":\"Downloads, Anwendungen und Produkte\",\"item\":\"https:\\\/\\\/www.consultingcheck.com\\\/de\\\/tools\\\/downloads-anwendungen-und-produkte\\\/\"},{\"@type\":\"ListItem\",\"position\":3,\"name\":\"Vorlage f\u00fcr eine Investitionsrechnung\"}]},{\"@type\":\"WebSite\",\"@id\":\"https:\\\/\\\/www.consultingcheck.com\\\/de\\\/#website\",\"url\":\"https:\\\/\\\/www.consultingcheck.com\\\/de\\\/\",\"name\":\"consultingcheck\",\"description\":\"Vernetzt gedacht. Entzaubert. Hands-on.\",\"potentialAction\":[{\"@type\":\"SearchAction\",\"target\":{\"@type\":\"EntryPoint\",\"urlTemplate\":\"https:\\\/\\\/www.consultingcheck.com\\\/de\\\/?s={search_term_string}\"},\"query-input\":{\"@type\":\"PropertyValueSpecification\",\"valueRequired\":true,\"valueName\":\"search_term_string\"}}],\"inLanguage\":\"de\"}]}<\/script>\n<!-- \/ Yoast SEO plugin. -->","yoast_head_json":{"title":"Vorlage f\u00fcr Investitionsrechnung: jetzt Excel herunterladen!","description":"Sorgf\u00e4ltige Investitionsrechnung zur Entscheidungsfindung: Nutzen Sie jetzt unsere Excel-Vorlage als Entscheidungsgrundlage!","robots":{"index":"index","follow":"follow","max-snippet":"max-snippet:-1","max-image-preview":"max-image-preview:large","max-video-preview":"max-video-preview:-1"},"canonical":"https:\/\/www.consultingcheck.com\/de\/ressource\/investitionsrechnung-excel\/","og_locale":"de_DE","og_type":"article","og_title":"Vorlage f\u00fcr Investitionsrechnung: jetzt Excel herunterladen!","og_description":"Sorgf\u00e4ltige Investitionsrechnung zur Entscheidungsfindung: Nutzen Sie jetzt unsere Excel-Vorlage als Entscheidungsgrundlage!","og_url":"https:\/\/www.consultingcheck.com\/de\/ressource\/investitionsrechnung-excel\/","og_site_name":"consultingcheck","article_modified_time":"2024-06-18T11:49:16+00:00","og_image":[{"width":1000,"height":679,"url":"https:\/\/www.consultingcheck.com\/wp-content\/uploads\/2021\/11\/investitionsrechnung-excel.jpg","type":"image\/jpeg"}],"twitter_card":"summary_large_image","twitter_misc":{"Gesch\u00e4tzte Lesezeit":"2\u00a0Minuten"},"schema":{"@context":"https:\/\/schema.org","@graph":[{"@type":"WebPage","@id":"https:\/\/www.consultingcheck.com\/de\/ressource\/investitionsrechnung-excel\/","url":"https:\/\/www.consultingcheck.com\/de\/ressource\/investitionsrechnung-excel\/","name":"Vorlage f\u00fcr Investitionsrechnung: jetzt Excel herunterladen!","isPartOf":{"@id":"https:\/\/www.consultingcheck.com\/de\/#website"},"primaryImageOfPage":{"@id":"https:\/\/www.consultingcheck.com\/de\/ressource\/investitionsrechnung-excel\/#primaryimage"},"image":{"@id":"https:\/\/www.consultingcheck.com\/de\/ressource\/investitionsrechnung-excel\/#primaryimage"},"thumbnailUrl":"https:\/\/www.consultingcheck.com\/wp-content\/uploads\/2021\/11\/investitionsrechnung-excel.jpg","datePublished":"2021-11-08T23:49:54+00:00","dateModified":"2024-06-18T11:49:16+00:00","description":"Sorgf\u00e4ltige Investitionsrechnung zur Entscheidungsfindung: Nutzen Sie jetzt unsere Excel-Vorlage als Entscheidungsgrundlage!","breadcrumb":{"@id":"https:\/\/www.consultingcheck.com\/de\/ressource\/investitionsrechnung-excel\/#breadcrumb"},"inLanguage":"de","potentialAction":[{"@type":"ReadAction","target":["https:\/\/www.consultingcheck.com\/de\/ressource\/investitionsrechnung-excel\/"]}]},{"@type":"ImageObject","inLanguage":"de","@id":"https:\/\/www.consultingcheck.com\/de\/ressource\/investitionsrechnung-excel\/#primaryimage","url":"https:\/\/www.consultingcheck.com\/wp-content\/uploads\/2021\/11\/investitionsrechnung-excel.jpg","contentUrl":"https:\/\/www.consultingcheck.com\/wp-content\/uploads\/2021\/11\/investitionsrechnung-excel.jpg","width":1000,"height":679,"caption":"Ein Screenshot der Vorlage f\u00fcr eine Investitionsrechnung."},{"@type":"BreadcrumbList","@id":"https:\/\/www.consultingcheck.com\/de\/ressource\/investitionsrechnung-excel\/#breadcrumb","itemListElement":[{"@type":"ListItem","position":1,"name":"Startseite","item":"https:\/\/www.consultingcheck.com\/de\/"},{"@type":"ListItem","position":2,"name":"Downloads, Anwendungen und Produkte","item":"https:\/\/www.consultingcheck.com\/de\/tools\/downloads-anwendungen-und-produkte\/"},{"@type":"ListItem","position":3,"name":"Vorlage f\u00fcr eine Investitionsrechnung"}]},{"@type":"WebSite","@id":"https:\/\/www.consultingcheck.com\/de\/#website","url":"https:\/\/www.consultingcheck.com\/de\/","name":"consultingcheck","description":"Vernetzt gedacht. Entzaubert. Hands-on.","potentialAction":[{"@type":"SearchAction","target":{"@type":"EntryPoint","urlTemplate":"https:\/\/www.consultingcheck.com\/de\/?s={search_term_string}"},"query-input":{"@type":"PropertyValueSpecification","valueRequired":true,"valueName":"search_term_string"}}],"inLanguage":"de"}]}},"_links":{"self":[{"href":"https:\/\/www.consultingcheck.com\/de\/wp-json\/wp\/v2\/product\/1730","targetHints":{"allow":["GET"]}}],"collection":[{"href":"https:\/\/www.consultingcheck.com\/de\/wp-json\/wp\/v2\/product"}],"about":[{"href":"https:\/\/www.consultingcheck.com\/de\/wp-json\/wp\/v2\/types\/product"}],"wp:featuredmedia":[{"embeddable":true,"href":"https:\/\/www.consultingcheck.com\/de\/wp-json\/wp\/v2\/media\/20060"}],"wp:attachment":[{"href":"https:\/\/www.consultingcheck.com\/de\/wp-json\/wp\/v2\/media?parent=1730"}],"wp:term":[{"taxonomy":"product_brand","embeddable":true,"href":"https:\/\/www.consultingcheck.com\/de\/wp-json\/wp\/v2\/product_brand?post=1730"},{"taxonomy":"product_cat","embeddable":true,"href":"https:\/\/www.consultingcheck.com\/de\/wp-json\/wp\/v2\/product_cat?post=1730"},{"taxonomy":"product_tag","embeddable":true,"href":"https:\/\/www.consultingcheck.com\/de\/wp-json\/wp\/v2\/product_tag?post=1730"},{"taxonomy":"jask_topic_categories","embeddable":true,"href":"https:\/\/www.consultingcheck.com\/de\/wp-json\/wp\/v2\/jask_topic_categories?post=1730"}],"curies":[{"name":"wp","href":"https:\/\/api.w.org\/{rel}","templated":true}]}}