{"id":1729,"date":"2021-11-09T00:49:54","date_gmt":"2021-11-08T23:49:54","guid":{"rendered":"https:\/\/www.consultingcheck.com\/ressource\/innovationsphasenmodell\/"},"modified":"2024-06-18T13:48:18","modified_gmt":"2024-06-18T11:48:18","slug":"innovationsphasenmodell","status":"publish","type":"product","link":"https:\/\/www.consultingcheck.com\/de\/ressource\/innovationsphasenmodell\/","title":{"rendered":"Innovationsphasenmodell"},"content":{"rendered":"<h3>Inhalte<\/h3>\n<p>Hier finden Sie eine Vorlage, die die sechs Phasen des \u00fcblichen Innovationsprozesses abbildet. Wird ein Innovationsprozess nach diesen sechs Phasen implementiert, erfordert jede Innovationsinitiative eine explizite Freigabe, um in die n\u00e4chst h\u00f6here Phase einzutreten. Mit jeder Phase erh\u00f6ht sich der Aufwand. Deshalb sollten sich die Initiativen konkretisieren und im Wettbewerb mit alternativen Initiativen durchsetzen, um das n\u00e4chste Level zu erreichen.<\/p>\n<p><strong>\u00a0<\/strong><\/p>\n<h3>Vorteile<\/h3>\n<ul>\n<li>Diese Vorlage wirkt simpel, kann aber \u00e4u\u00dferst wirksam zur Fokussierung eingesetzt werden.<\/li>\n<li>Bei konsequenter Anwendung eines Innovationsprozesses nach diesen sechs Phasen bleibt das Unternehmen flexibel, weil es sich mit hinreichend vielen Innovationsinitiativen besch\u00e4ftigt, verausgabt sich aber nicht, weil es sich auf die situativ besten Optionen konzentriert.<\/li>\n<\/ul>\n<p><strong>\u00a0<\/strong><\/p>\n<h3>Digitaler Download<\/h3>\n<p>Nach der Bestellung erhalten Sie einen Download-Link zur Vorlage, die Sie sofort nutzen k\u00f6nnen.<\/p>\n<p>Bitte beachten Sie, dass diese Vorlage, zu der Sie den Zugang erwerben, ausschlie\u00dflich f\u00fcr Ihren pers\u00f6nlichen Gebrauch bestimmt sind. Es ist untersagt, die Folien in jeglicher Form und in jeglicher digitaler oder physischer Weise weiterzuverkaufen oder sie ohne meine Erlaubnis in einer physischen oder Online-Ver\u00f6ffentlichung zu ver\u00f6ffentlichen. Ich bin der einzige Copyright-Inhaber dieser Datei.<\/p>\n<p>Link zum Download: MS Word-Dokument<\/p>\n<p>&nbsp;<\/p>\n","protected":false},"excerpt":{"rendered":"<h2>Setzen Sie mit unserer Vorlage Ihren Innovationsprozess in sechs einfachen Phasen um!<\/h2>\n","protected":false},"featured_media":20189,"template":"","meta":{"_links_to":"","_links_to_target":""},"product_brand":[],"product_cat":[597,1226],"product_tag":[],"jask_topic_categories":[1220,76,96,98,101,77,108,95,79,78,80,109,110,113,81,137,138,136,152,168,177,178,209,210,211,179,207,208,213,219,226,234,327,332,333,256,284,286,328,345,354,385],"class_list":{"0":"post-1729","1":"product","2":"type-product","3":"status-publish","4":"has-post-thumbnail","6":"product_cat-formblatt","7":"product_cat-innovation","8":"jask_topic_categories-management","9":"jask_topic_categories-marketing-und-vertrieb","10":"jask_topic_categories-zielkundenorientierung","11":"jask_topic_categories-nutzen","12":"jask_topic_categories-branding","13":"jask_topic_categories-marketing","14":"jask_topic_categories-wachstum","15":"jask_topic_categories-marketing-botschaften","16":"jask_topic_categories-methoden-zur-bedarfsermittlung","17":"jask_topic_categories-marktforschung","18":"jask_topic_categories-reichweite-reach-und-zielkundenfokus","19":"jask_topic_categories-marktdurchdringung-mit-bestehenden-produkten-in-bestehenden-maerkten","20":"jask_topic_categories-expansion-mit-bestehenden-produkten-in-neue-regionale-maerkte-und-oder-in-neue-anwendungen","21":"jask_topic_categories-expansion-mit-neuen-produkten-in-neue-maerkte","22":"jask_topic_categories-inbound-marketing","23":"jask_topic_categories-produktangebot","24":"jask_topic_categories-service-angebot","25":"jask_topic_categories-produkte-und-dienstleistungen","26":"jask_topic_categories-investition","27":"jask_topic_categories-stabilisierung","28":"jask_topic_categories-innovation","29":"jask_topic_categories-innovationsprozess","30":"jask_topic_categories-bedarfsermittlung","31":"jask_topic_categories-produktmanagement","32":"jask_topic_categories-produktentwicklung","33":"jask_topic_categories-ideengenerierung-fuer-innovationen","34":"jask_topic_categories-entscheidungsprozess-fuer-innovationen","35":"jask_topic_categories-umsetzung-von-innovationen","36":"jask_topic_categories-vorgehensweisen-fuer-die-produktentwicklung","37":"jask_topic_categories-flexibilisierung","38":"jask_topic_categories-agilisierung-zur-laufenden-anpassung","39":"jask_topic_categories-entscheidungen","40":"jask_topic_categories-agiles-arbeiten","41":"jask_topic_categories-change-management","42":"jask_topic_categories-projektmanagement","43":"jask_topic_categories-fuehren-von-geschaeften","44":"jask_topic_categories-entscheidungen-aussenfuehrung","45":"jask_topic_categories-entscheidungsprozess","46":"jask_topic_categories-voraussetzungen-fuer-agiles-arbeiten","47":"jask_topic_categories-risikomanagement","48":"jask_topic_categories-anwendung-kuenstlicher-intelligenz","49":"jask_topic_categories-finanzierung","51":"first","52":"instock","53":"sold-individually","54":"taxable","55":"shipping-taxable","56":"purchasable","57":"product-type-variable"},"yoast_head":"<!-- This site is optimized with the Yoast SEO plugin v27.3 - https:\/\/yoast.com\/product\/yoast-seo-wordpress\/ -->\n<title>Innovationsphasenmodell: jetzt Word-Doc downloaden!<\/title>\n<meta name=\"description\" content=\"Die sechs Phasen des \u00fcblichen Innovationsprozesses verst\u00e4ndlich abgebildet: Sichern Sie sich jetzt unsere leicht anwendbare Word-Vorlage!\" \/>\n<meta name=\"robots\" content=\"index, follow, max-snippet:-1, max-image-preview:large, max-video-preview:-1\" \/>\n<link rel=\"canonical\" href=\"https:\/\/www.consultingcheck.com\/de\/ressource\/innovationsphasenmodell\/\" \/>\n<meta property=\"og:locale\" content=\"de_DE\" \/>\n<meta property=\"og:type\" content=\"article\" \/>\n<meta property=\"og:title\" content=\"Innovationsphasenmodell: jetzt Word-Doc downloaden!\" \/>\n<meta property=\"og:description\" content=\"Die sechs Phasen des \u00fcblichen Innovationsprozesses verst\u00e4ndlich abgebildet: Sichern Sie sich jetzt unsere leicht anwendbare Word-Vorlage!\" \/>\n<meta property=\"og:url\" content=\"https:\/\/www.consultingcheck.com\/de\/ressource\/innovationsphasenmodell\/\" \/>\n<meta property=\"og:site_name\" content=\"consultingcheck\" \/>\n<meta property=\"article:modified_time\" content=\"2024-06-18T11:48:18+00:00\" \/>\n<meta property=\"og:image\" content=\"https:\/\/www.consultingcheck.com\/wp-content\/uploads\/2021\/11\/innovationsphasenmodell.jpg\" \/>\n\t<meta property=\"og:image:width\" content=\"1000\" \/>\n\t<meta property=\"og:image:height\" content=\"679\" \/>\n\t<meta property=\"og:image:type\" content=\"image\/jpeg\" \/>\n<meta name=\"twitter:card\" content=\"summary_large_image\" \/>\n<meta name=\"twitter:label1\" content=\"Gesch\u00e4tzte Lesezeit\" \/>\n\t<meta name=\"twitter:data1\" content=\"2\u00a0Minuten\" \/>\n<script type=\"application\/ld+json\" class=\"yoast-schema-graph\">{\"@context\":\"https:\\\/\\\/schema.org\",\"@graph\":[{\"@type\":\"WebPage\",\"@id\":\"https:\\\/\\\/www.consultingcheck.com\\\/de\\\/ressource\\\/innovationsphasenmodell\\\/\",\"url\":\"https:\\\/\\\/www.consultingcheck.com\\\/de\\\/ressource\\\/innovationsphasenmodell\\\/\",\"name\":\"Innovationsphasenmodell: jetzt Word-Doc downloaden!\",\"isPartOf\":{\"@id\":\"https:\\\/\\\/www.consultingcheck.com\\\/de\\\/#website\"},\"primaryImageOfPage\":{\"@id\":\"https:\\\/\\\/www.consultingcheck.com\\\/de\\\/ressource\\\/innovationsphasenmodell\\\/#primaryimage\"},\"image\":{\"@id\":\"https:\\\/\\\/www.consultingcheck.com\\\/de\\\/ressource\\\/innovationsphasenmodell\\\/#primaryimage\"},\"thumbnailUrl\":\"https:\\\/\\\/www.consultingcheck.com\\\/wp-content\\\/uploads\\\/2021\\\/11\\\/innovationsphasenmodell.jpg\",\"datePublished\":\"2021-11-08T23:49:54+00:00\",\"dateModified\":\"2024-06-18T11:48:18+00:00\",\"description\":\"Die sechs Phasen des \u00fcblichen Innovationsprozesses verst\u00e4ndlich abgebildet: Sichern Sie sich jetzt unsere leicht anwendbare Word-Vorlage!\",\"breadcrumb\":{\"@id\":\"https:\\\/\\\/www.consultingcheck.com\\\/de\\\/ressource\\\/innovationsphasenmodell\\\/#breadcrumb\"},\"inLanguage\":\"de\",\"potentialAction\":[{\"@type\":\"ReadAction\",\"target\":[\"https:\\\/\\\/www.consultingcheck.com\\\/de\\\/ressource\\\/innovationsphasenmodell\\\/\"]}]},{\"@type\":\"ImageObject\",\"inLanguage\":\"de\",\"@id\":\"https:\\\/\\\/www.consultingcheck.com\\\/de\\\/ressource\\\/innovationsphasenmodell\\\/#primaryimage\",\"url\":\"https:\\\/\\\/www.consultingcheck.com\\\/wp-content\\\/uploads\\\/2021\\\/11\\\/innovationsphasenmodell.jpg\",\"contentUrl\":\"https:\\\/\\\/www.consultingcheck.com\\\/wp-content\\\/uploads\\\/2021\\\/11\\\/innovationsphasenmodell.jpg\",\"width\":1000,\"height\":679,\"caption\":\"Ein Screenshot der Pr\u00e4sentation des Innovationsphasenmodells.\"},{\"@type\":\"BreadcrumbList\",\"@id\":\"https:\\\/\\\/www.consultingcheck.com\\\/de\\\/ressource\\\/innovationsphasenmodell\\\/#breadcrumb\",\"itemListElement\":[{\"@type\":\"ListItem\",\"position\":1,\"name\":\"Startseite\",\"item\":\"https:\\\/\\\/www.consultingcheck.com\\\/de\\\/\"},{\"@type\":\"ListItem\",\"position\":2,\"name\":\"Downloads, Anwendungen und Produkte\",\"item\":\"https:\\\/\\\/www.consultingcheck.com\\\/de\\\/tools\\\/downloads-anwendungen-und-produkte\\\/\"},{\"@type\":\"ListItem\",\"position\":3,\"name\":\"Innovationsphasenmodell\"}]},{\"@type\":\"WebSite\",\"@id\":\"https:\\\/\\\/www.consultingcheck.com\\\/de\\\/#website\",\"url\":\"https:\\\/\\\/www.consultingcheck.com\\\/de\\\/\",\"name\":\"consultingcheck\",\"description\":\"Vernetzt gedacht. Entzaubert. Hands-on.\",\"potentialAction\":[{\"@type\":\"SearchAction\",\"target\":{\"@type\":\"EntryPoint\",\"urlTemplate\":\"https:\\\/\\\/www.consultingcheck.com\\\/de\\\/?s={search_term_string}\"},\"query-input\":{\"@type\":\"PropertyValueSpecification\",\"valueRequired\":true,\"valueName\":\"search_term_string\"}}],\"inLanguage\":\"de\"}]}<\/script>\n<!-- \/ Yoast SEO plugin. -->","yoast_head_json":{"title":"Innovationsphasenmodell: jetzt Word-Doc downloaden!","description":"Die sechs Phasen des \u00fcblichen Innovationsprozesses verst\u00e4ndlich abgebildet: Sichern Sie sich jetzt unsere leicht anwendbare Word-Vorlage!","robots":{"index":"index","follow":"follow","max-snippet":"max-snippet:-1","max-image-preview":"max-image-preview:large","max-video-preview":"max-video-preview:-1"},"canonical":"https:\/\/www.consultingcheck.com\/de\/ressource\/innovationsphasenmodell\/","og_locale":"de_DE","og_type":"article","og_title":"Innovationsphasenmodell: jetzt Word-Doc downloaden!","og_description":"Die sechs Phasen des \u00fcblichen Innovationsprozesses verst\u00e4ndlich abgebildet: Sichern Sie sich jetzt unsere leicht anwendbare Word-Vorlage!","og_url":"https:\/\/www.consultingcheck.com\/de\/ressource\/innovationsphasenmodell\/","og_site_name":"consultingcheck","article_modified_time":"2024-06-18T11:48:18+00:00","og_image":[{"width":1000,"height":679,"url":"https:\/\/www.consultingcheck.com\/wp-content\/uploads\/2021\/11\/innovationsphasenmodell.jpg","type":"image\/jpeg"}],"twitter_card":"summary_large_image","twitter_misc":{"Gesch\u00e4tzte Lesezeit":"2\u00a0Minuten"},"schema":{"@context":"https:\/\/schema.org","@graph":[{"@type":"WebPage","@id":"https:\/\/www.consultingcheck.com\/de\/ressource\/innovationsphasenmodell\/","url":"https:\/\/www.consultingcheck.com\/de\/ressource\/innovationsphasenmodell\/","name":"Innovationsphasenmodell: jetzt Word-Doc downloaden!","isPartOf":{"@id":"https:\/\/www.consultingcheck.com\/de\/#website"},"primaryImageOfPage":{"@id":"https:\/\/www.consultingcheck.com\/de\/ressource\/innovationsphasenmodell\/#primaryimage"},"image":{"@id":"https:\/\/www.consultingcheck.com\/de\/ressource\/innovationsphasenmodell\/#primaryimage"},"thumbnailUrl":"https:\/\/www.consultingcheck.com\/wp-content\/uploads\/2021\/11\/innovationsphasenmodell.jpg","datePublished":"2021-11-08T23:49:54+00:00","dateModified":"2024-06-18T11:48:18+00:00","description":"Die sechs Phasen des \u00fcblichen Innovationsprozesses verst\u00e4ndlich abgebildet: Sichern Sie sich jetzt unsere leicht anwendbare Word-Vorlage!","breadcrumb":{"@id":"https:\/\/www.consultingcheck.com\/de\/ressource\/innovationsphasenmodell\/#breadcrumb"},"inLanguage":"de","potentialAction":[{"@type":"ReadAction","target":["https:\/\/www.consultingcheck.com\/de\/ressource\/innovationsphasenmodell\/"]}]},{"@type":"ImageObject","inLanguage":"de","@id":"https:\/\/www.consultingcheck.com\/de\/ressource\/innovationsphasenmodell\/#primaryimage","url":"https:\/\/www.consultingcheck.com\/wp-content\/uploads\/2021\/11\/innovationsphasenmodell.jpg","contentUrl":"https:\/\/www.consultingcheck.com\/wp-content\/uploads\/2021\/11\/innovationsphasenmodell.jpg","width":1000,"height":679,"caption":"Ein Screenshot der Pr\u00e4sentation des Innovationsphasenmodells."},{"@type":"BreadcrumbList","@id":"https:\/\/www.consultingcheck.com\/de\/ressource\/innovationsphasenmodell\/#breadcrumb","itemListElement":[{"@type":"ListItem","position":1,"name":"Startseite","item":"https:\/\/www.consultingcheck.com\/de\/"},{"@type":"ListItem","position":2,"name":"Downloads, Anwendungen und Produkte","item":"https:\/\/www.consultingcheck.com\/de\/tools\/downloads-anwendungen-und-produkte\/"},{"@type":"ListItem","position":3,"name":"Innovationsphasenmodell"}]},{"@type":"WebSite","@id":"https:\/\/www.consultingcheck.com\/de\/#website","url":"https:\/\/www.consultingcheck.com\/de\/","name":"consultingcheck","description":"Vernetzt gedacht. Entzaubert. Hands-on.","potentialAction":[{"@type":"SearchAction","target":{"@type":"EntryPoint","urlTemplate":"https:\/\/www.consultingcheck.com\/de\/?s={search_term_string}"},"query-input":{"@type":"PropertyValueSpecification","valueRequired":true,"valueName":"search_term_string"}}],"inLanguage":"de"}]}},"_links":{"self":[{"href":"https:\/\/www.consultingcheck.com\/de\/wp-json\/wp\/v2\/product\/1729","targetHints":{"allow":["GET"]}}],"collection":[{"href":"https:\/\/www.consultingcheck.com\/de\/wp-json\/wp\/v2\/product"}],"about":[{"href":"https:\/\/www.consultingcheck.com\/de\/wp-json\/wp\/v2\/types\/product"}],"wp:featuredmedia":[{"embeddable":true,"href":"https:\/\/www.consultingcheck.com\/de\/wp-json\/wp\/v2\/media\/20189"}],"wp:attachment":[{"href":"https:\/\/www.consultingcheck.com\/de\/wp-json\/wp\/v2\/media?parent=1729"}],"wp:term":[{"taxonomy":"product_brand","embeddable":true,"href":"https:\/\/www.consultingcheck.com\/de\/wp-json\/wp\/v2\/product_brand?post=1729"},{"taxonomy":"product_cat","embeddable":true,"href":"https:\/\/www.consultingcheck.com\/de\/wp-json\/wp\/v2\/product_cat?post=1729"},{"taxonomy":"product_tag","embeddable":true,"href":"https:\/\/www.consultingcheck.com\/de\/wp-json\/wp\/v2\/product_tag?post=1729"},{"taxonomy":"jask_topic_categories","embeddable":true,"href":"https:\/\/www.consultingcheck.com\/de\/wp-json\/wp\/v2\/jask_topic_categories?post=1729"}],"curies":[{"name":"wp","href":"https:\/\/api.w.org\/{rel}","templated":true}]}}