{"id":1727,"date":"2021-11-09T00:49:54","date_gmt":"2021-11-08T23:49:54","guid":{"rendered":"https:\/\/www.consultingcheck.com\/ressource\/ertragswertberechnung\/"},"modified":"2024-06-18T13:46:20","modified_gmt":"2024-06-18T11:46:20","slug":"ertragswertberechnung","status":"publish","type":"product","link":"https:\/\/www.consultingcheck.com\/de\/ressource\/ertragswertberechnung\/","title":{"rendered":"Anwendung zur Berechnung des Unternehmenswertes"},"content":{"rendered":"<h3>Inhalte<\/h3>\n<p>Hier erhalten Sie Zugang zu einer pragmatischen Anwendung f\u00fcr die Bewertung von Unternehmen bzw. Gesch\u00e4ften.\u00a0Diese Anwendung erm\u00f6glicht es Ihnen, schnell und unkompliziert den Wert eines Unternehmens zu ermitteln.<\/p>\n<p>Erforderlich ist eine Finanzplanung, aus der k\u00fcnftig erwartete Ertr\u00e4ge der kommenden f\u00fcnf Jahre hervorgehen. Geben Sie diese erwarteten Ertr\u00e4ge in den Fragebogen ein. Beschreiben Sie das Unternehmen dann entlang eines strukturierten Fragebogens in seinen f\u00fcr den Unternehmenswert relevanten Facetten (15 verst\u00e4ndliche Fragen mit Hilfefunktion). Und schon erhalten Sie eine verl\u00e4ssliche Aussage \u00fcber den \u00fcberschl\u00e4gigen Unternehmenswert.<\/p>\n<p>Die Anwendung beruht auf dem anerkannten Ertragswertverfahren.<\/p>\n<p>&nbsp;<\/p>\n<h3>Vorteile<\/h3>\n<ul>\n<li>rasche Verf\u00fcgbarkeit des \u00fcberschl\u00e4gigen Unternehmenswertes<\/li>\n<li>keine Vorkenntnisse \u00fcber die Methodik zur Berechnung des Unternehmenswertes erforderlich<\/li>\n<li>sch\u00e4rft das Bewusstsein f\u00fcr die relevanten Hebel zur Steigerung des Unternehmenswertes<\/li>\n<li>kann innerhalb von drei Monaten beliebig oft angewendet werden<\/li>\n<\/ul>\n<h3><\/h3>\n<h3>Digitaler Download<\/h3>\n<p>Nach der Bestellung erhalten Sie einen Link zur Anwendung, die Sie sofort nutzen k\u00f6nnen.<\/p>\n<p>Sie k\u00f6nnen die Anwendung 30 Tage lang so oft nutzen, wie Sie m\u00f6gen.<\/p>\n<p>Bitte beachten Sie, dass die Anwendung, zu der Sie den Zugang erwerben, ausschlie\u00dflich f\u00fcr Ihren pers\u00f6nlichen Gebrauch bestimmt sind. Es ist untersagt, sie in jeglicher Form und in jeglicher digitaler oder physischer Weise weiterzuverkaufen, Produkte mit diesen Daten zu erstellen oder es ohne meine Erlaubnis in einer physischen oder Online-Ver\u00f6ffentlichung zu ver\u00f6ffentlichen. Ich bin der einzige Copyright-Inhaber dieser Anwendung.<\/p>\n<p>Falls Sie den Ertragswertrechner bereits gekauft haben k\u00f6nnen Sie ihn hier aufrufen: <a href=\"https:\/\/www.consultingcheck.com\/de\/ertragswertrechner\/\" target=\"_blank\" rel=\"noopener\">https:\/\/www.consultingcheck.com\/de\/ertragswertrechner\/<\/a>.<br \/>\nBitte stellen Sie sicher, dass Sie mit Ihrem Consultingcheck Konto angemeldet sind &#8211; sonst werden Sie zum Shop weitergeleitet.<\/p>\n","protected":false},"excerpt":{"rendered":"<h2>Ermitteln Sie schnell und unkompliziert den Wert eines Unternehmens!<\/h2>\n","protected":false},"featured_media":20051,"template":"","meta":{"_links_to":"","_links_to_target":""},"product_brand":[],"product_cat":[1229,1231,598],"product_tag":[],"jask_topic_categories":[1216,1220,127,141,145,152,168,177,234,176,169,235,332,253,284,342,345,341,379,380,378,385,405,620,415,421,423,446,447,455,464,463,473,478,477,487,486,492,493,490],"class_list":{"0":"post-1727","1":"product","2":"type-product","3":"status-publish","4":"has-post-thumbnail","6":"product_cat-unternehmenstransaktionen","7":"product_cat-finanz","8":"product_cat-web-basierte-anwendung","9":"jask_topic_categories-finanz","10":"jask_topic_categories-management","11":"jask_topic_categories-prozessoptimierung","12":"jask_topic_categories-ertragssteigerung","13":"jask_topic_categories-kostenoptimierung-zur-ertragssteigerung","14":"jask_topic_categories-investition","15":"jask_topic_categories-stabilisierung","16":"jask_topic_categories-innovation","17":"jask_topic_categories-entscheidungen","18":"jask_topic_categories-systemgerechtes-management-als-schluessel-zu-nachhaltigem-erfolg","19":"jask_topic_categories-ganzheitlicher-vernetzter-ansatz","20":"jask_topic_categories-nachhaltigkeit","21":"jask_topic_categories-change-management","22":"jask_topic_categories-leadership","23":"jask_topic_categories-entscheidungen-aussenfuehrung","24":"jask_topic_categories-ganzheitliches-controlling","25":"jask_topic_categories-risikomanagement","26":"jask_topic_categories-controlling-und-risikomanagement","27":"jask_topic_categories-corporate-social-responsibility-csr","28":"jask_topic_categories-employer-branding","29":"jask_topic_categories-corporate-social-responsibility-csr-und-employer-branding","30":"jask_topic_categories-finanzierung","31":"jask_topic_categories-langfristige-finanzierung","32":"jask_topic_categories-boersengang-initial-public-offering-ipo","33":"jask_topic_categories-krise-und-sanierung","34":"jask_topic_categories-turnaround-management","35":"jask_topic_categories-sanierungskonzept-mit-fortfuehrungsprognose-nach-idw-s6","36":"jask_topic_categories-unternehmensverkauf-kauf-unternehmensgruendung","37":"jask_topic_categories-unternehmensbewertung","38":"jask_topic_categories-ermittlung-des-ertragswertes","39":"jask_topic_categories-vorbereitung-des-unternehmens-auf-einen-verkauf","40":"jask_topic_categories-unternehmensverkauf","41":"jask_topic_categories-unternehmenskauf","42":"jask_topic_categories-financial-due-diligence","43":"jask_topic_categories-due-diligence","44":"jask_topic_categories-kaufpreisverhandlung-und-signing","45":"jask_topic_categories-verkaufsverhandlung-und-transaktion","46":"jask_topic_categories-businessplan-unternehmensgruendung","47":"jask_topic_categories-gruendungsfinanzierung","48":"jask_topic_categories-unternehmensgruendung","50":"first","51":"instock","52":"virtual","53":"sold-individually","54":"taxable","55":"purchasable","56":"product-type-simple"},"yoast_head":"<!-- This site is optimized with the Yoast SEO plugin v27.5 - https:\/\/yoast.com\/product\/yoast-seo-wordpress\/ -->\n<title>Unternehmenswert berechnen mit unserer Anwendung<\/title>\n<meta name=\"description\" content=\"Anwendung zur einfachen Berechnung des Unternehmenswerts: Sichern Sie sich jetzt Zugang zu unserer Web-basierten Rechenanwendung!\" \/>\n<meta name=\"robots\" content=\"index, follow, max-snippet:-1, max-image-preview:large, max-video-preview:-1\" \/>\n<link rel=\"canonical\" href=\"https:\/\/www.consultingcheck.com\/de\/ressource\/ertragswertberechnung\/\" \/>\n<meta property=\"og:locale\" content=\"de_DE\" \/>\n<meta property=\"og:type\" content=\"article\" \/>\n<meta property=\"og:title\" content=\"Unternehmenswert berechnen mit unserer Anwendung\" \/>\n<meta property=\"og:description\" content=\"Anwendung zur einfachen Berechnung des Unternehmenswerts: Sichern Sie sich jetzt Zugang zu unserer Web-basierten Rechenanwendung!\" \/>\n<meta property=\"og:url\" content=\"https:\/\/www.consultingcheck.com\/de\/ressource\/ertragswertberechnung\/\" \/>\n<meta property=\"og:site_name\" content=\"consultingcheck\" \/>\n<meta property=\"article:modified_time\" content=\"2024-06-18T11:46:20+00:00\" \/>\n<meta property=\"og:image\" content=\"https:\/\/www.consultingcheck.com\/wp-content\/uploads\/2021\/11\/ertragswertberechnung.jpg\" \/>\n\t<meta property=\"og:image:width\" content=\"1000\" \/>\n\t<meta property=\"og:image:height\" content=\"679\" \/>\n\t<meta property=\"og:image:type\" content=\"image\/jpeg\" \/>\n<meta name=\"twitter:card\" content=\"summary_large_image\" \/>\n<meta name=\"twitter:label1\" content=\"Gesch\u00e4tzte Lesezeit\" \/>\n\t<meta name=\"twitter:data1\" content=\"2\u00a0Minuten\" \/>\n<script type=\"application\/ld+json\" class=\"yoast-schema-graph\">{\"@context\":\"https:\\\/\\\/schema.org\",\"@graph\":[{\"@type\":\"WebPage\",\"@id\":\"https:\\\/\\\/www.consultingcheck.com\\\/de\\\/ressource\\\/ertragswertberechnung\\\/\",\"url\":\"https:\\\/\\\/www.consultingcheck.com\\\/de\\\/ressource\\\/ertragswertberechnung\\\/\",\"name\":\"Unternehmenswert berechnen mit unserer Anwendung\",\"isPartOf\":{\"@id\":\"https:\\\/\\\/www.consultingcheck.com\\\/de\\\/#website\"},\"primaryImageOfPage\":{\"@id\":\"https:\\\/\\\/www.consultingcheck.com\\\/de\\\/ressource\\\/ertragswertberechnung\\\/#primaryimage\"},\"image\":{\"@id\":\"https:\\\/\\\/www.consultingcheck.com\\\/de\\\/ressource\\\/ertragswertberechnung\\\/#primaryimage\"},\"thumbnailUrl\":\"https:\\\/\\\/www.consultingcheck.com\\\/wp-content\\\/uploads\\\/2021\\\/11\\\/ertragswertberechnung.jpg\",\"datePublished\":\"2021-11-08T23:49:54+00:00\",\"dateModified\":\"2024-06-18T11:46:20+00:00\",\"description\":\"Anwendung zur einfachen Berechnung des Unternehmenswerts: Sichern Sie sich jetzt Zugang zu unserer Web-basierten Rechenanwendung!\",\"breadcrumb\":{\"@id\":\"https:\\\/\\\/www.consultingcheck.com\\\/de\\\/ressource\\\/ertragswertberechnung\\\/#breadcrumb\"},\"inLanguage\":\"de\",\"potentialAction\":[{\"@type\":\"ReadAction\",\"target\":[\"https:\\\/\\\/www.consultingcheck.com\\\/de\\\/ressource\\\/ertragswertberechnung\\\/\"]}]},{\"@type\":\"ImageObject\",\"inLanguage\":\"de\",\"@id\":\"https:\\\/\\\/www.consultingcheck.com\\\/de\\\/ressource\\\/ertragswertberechnung\\\/#primaryimage\",\"url\":\"https:\\\/\\\/www.consultingcheck.com\\\/wp-content\\\/uploads\\\/2021\\\/11\\\/ertragswertberechnung.jpg\",\"contentUrl\":\"https:\\\/\\\/www.consultingcheck.com\\\/wp-content\\\/uploads\\\/2021\\\/11\\\/ertragswertberechnung.jpg\",\"width\":1000,\"height\":679,\"caption\":\"Ein Screenshot der Anwendung zur Berechnung des Unternehmenswertes.\"},{\"@type\":\"BreadcrumbList\",\"@id\":\"https:\\\/\\\/www.consultingcheck.com\\\/de\\\/ressource\\\/ertragswertberechnung\\\/#breadcrumb\",\"itemListElement\":[{\"@type\":\"ListItem\",\"position\":1,\"name\":\"Startseite\",\"item\":\"https:\\\/\\\/www.consultingcheck.com\\\/de\\\/\"},{\"@type\":\"ListItem\",\"position\":2,\"name\":\"Downloads, Anwendungen und Produkte\",\"item\":\"https:\\\/\\\/www.consultingcheck.com\\\/de\\\/tools\\\/downloads-anwendungen-und-produkte\\\/\"},{\"@type\":\"ListItem\",\"position\":3,\"name\":\"Anwendung zur Berechnung des Unternehmenswertes\"}]},{\"@type\":\"WebSite\",\"@id\":\"https:\\\/\\\/www.consultingcheck.com\\\/de\\\/#website\",\"url\":\"https:\\\/\\\/www.consultingcheck.com\\\/de\\\/\",\"name\":\"consultingcheck\",\"description\":\"Vernetzt gedacht. Entzaubert. Hands-on.\",\"potentialAction\":[{\"@type\":\"SearchAction\",\"target\":{\"@type\":\"EntryPoint\",\"urlTemplate\":\"https:\\\/\\\/www.consultingcheck.com\\\/de\\\/?s={search_term_string}\"},\"query-input\":{\"@type\":\"PropertyValueSpecification\",\"valueRequired\":true,\"valueName\":\"search_term_string\"}}],\"inLanguage\":\"de\"}]}<\/script>\n<!-- \/ Yoast SEO plugin. -->","yoast_head_json":{"title":"Unternehmenswert berechnen mit unserer Anwendung","description":"Anwendung zur einfachen Berechnung des Unternehmenswerts: Sichern Sie sich jetzt Zugang zu unserer Web-basierten Rechenanwendung!","robots":{"index":"index","follow":"follow","max-snippet":"max-snippet:-1","max-image-preview":"max-image-preview:large","max-video-preview":"max-video-preview:-1"},"canonical":"https:\/\/www.consultingcheck.com\/de\/ressource\/ertragswertberechnung\/","og_locale":"de_DE","og_type":"article","og_title":"Unternehmenswert berechnen mit unserer Anwendung","og_description":"Anwendung zur einfachen Berechnung des Unternehmenswerts: Sichern Sie sich jetzt Zugang zu unserer Web-basierten Rechenanwendung!","og_url":"https:\/\/www.consultingcheck.com\/de\/ressource\/ertragswertberechnung\/","og_site_name":"consultingcheck","article_modified_time":"2024-06-18T11:46:20+00:00","og_image":[{"width":1000,"height":679,"url":"https:\/\/www.consultingcheck.com\/wp-content\/uploads\/2021\/11\/ertragswertberechnung.jpg","type":"image\/jpeg"}],"twitter_card":"summary_large_image","twitter_misc":{"Gesch\u00e4tzte Lesezeit":"2\u00a0Minuten"},"schema":{"@context":"https:\/\/schema.org","@graph":[{"@type":"WebPage","@id":"https:\/\/www.consultingcheck.com\/de\/ressource\/ertragswertberechnung\/","url":"https:\/\/www.consultingcheck.com\/de\/ressource\/ertragswertberechnung\/","name":"Unternehmenswert berechnen mit unserer Anwendung","isPartOf":{"@id":"https:\/\/www.consultingcheck.com\/de\/#website"},"primaryImageOfPage":{"@id":"https:\/\/www.consultingcheck.com\/de\/ressource\/ertragswertberechnung\/#primaryimage"},"image":{"@id":"https:\/\/www.consultingcheck.com\/de\/ressource\/ertragswertberechnung\/#primaryimage"},"thumbnailUrl":"https:\/\/www.consultingcheck.com\/wp-content\/uploads\/2021\/11\/ertragswertberechnung.jpg","datePublished":"2021-11-08T23:49:54+00:00","dateModified":"2024-06-18T11:46:20+00:00","description":"Anwendung zur einfachen Berechnung des Unternehmenswerts: Sichern Sie sich jetzt Zugang zu unserer Web-basierten Rechenanwendung!","breadcrumb":{"@id":"https:\/\/www.consultingcheck.com\/de\/ressource\/ertragswertberechnung\/#breadcrumb"},"inLanguage":"de","potentialAction":[{"@type":"ReadAction","target":["https:\/\/www.consultingcheck.com\/de\/ressource\/ertragswertberechnung\/"]}]},{"@type":"ImageObject","inLanguage":"de","@id":"https:\/\/www.consultingcheck.com\/de\/ressource\/ertragswertberechnung\/#primaryimage","url":"https:\/\/www.consultingcheck.com\/wp-content\/uploads\/2021\/11\/ertragswertberechnung.jpg","contentUrl":"https:\/\/www.consultingcheck.com\/wp-content\/uploads\/2021\/11\/ertragswertberechnung.jpg","width":1000,"height":679,"caption":"Ein Screenshot der Anwendung zur Berechnung des Unternehmenswertes."},{"@type":"BreadcrumbList","@id":"https:\/\/www.consultingcheck.com\/de\/ressource\/ertragswertberechnung\/#breadcrumb","itemListElement":[{"@type":"ListItem","position":1,"name":"Startseite","item":"https:\/\/www.consultingcheck.com\/de\/"},{"@type":"ListItem","position":2,"name":"Downloads, Anwendungen und Produkte","item":"https:\/\/www.consultingcheck.com\/de\/tools\/downloads-anwendungen-und-produkte\/"},{"@type":"ListItem","position":3,"name":"Anwendung zur Berechnung des Unternehmenswertes"}]},{"@type":"WebSite","@id":"https:\/\/www.consultingcheck.com\/de\/#website","url":"https:\/\/www.consultingcheck.com\/de\/","name":"consultingcheck","description":"Vernetzt gedacht. Entzaubert. Hands-on.","potentialAction":[{"@type":"SearchAction","target":{"@type":"EntryPoint","urlTemplate":"https:\/\/www.consultingcheck.com\/de\/?s={search_term_string}"},"query-input":{"@type":"PropertyValueSpecification","valueRequired":true,"valueName":"search_term_string"}}],"inLanguage":"de"}]}},"_links":{"self":[{"href":"https:\/\/www.consultingcheck.com\/de\/wp-json\/wp\/v2\/product\/1727","targetHints":{"allow":["GET"]}}],"collection":[{"href":"https:\/\/www.consultingcheck.com\/de\/wp-json\/wp\/v2\/product"}],"about":[{"href":"https:\/\/www.consultingcheck.com\/de\/wp-json\/wp\/v2\/types\/product"}],"wp:featuredmedia":[{"embeddable":true,"href":"https:\/\/www.consultingcheck.com\/de\/wp-json\/wp\/v2\/media\/20051"}],"wp:attachment":[{"href":"https:\/\/www.consultingcheck.com\/de\/wp-json\/wp\/v2\/media?parent=1727"}],"wp:term":[{"taxonomy":"product_brand","embeddable":true,"href":"https:\/\/www.consultingcheck.com\/de\/wp-json\/wp\/v2\/product_brand?post=1727"},{"taxonomy":"product_cat","embeddable":true,"href":"https:\/\/www.consultingcheck.com\/de\/wp-json\/wp\/v2\/product_cat?post=1727"},{"taxonomy":"product_tag","embeddable":true,"href":"https:\/\/www.consultingcheck.com\/de\/wp-json\/wp\/v2\/product_tag?post=1727"},{"taxonomy":"jask_topic_categories","embeddable":true,"href":"https:\/\/www.consultingcheck.com\/de\/wp-json\/wp\/v2\/jask_topic_categories?post=1727"}],"curies":[{"name":"wp","href":"https:\/\/api.w.org\/{rel}","templated":true}]}}