{"id":1726,"date":"2021-11-09T00:49:54","date_gmt":"2021-11-08T23:49:54","guid":{"rendered":"https:\/\/www.consultingcheck.com\/ressource\/checkliste-zur-ideenbeschreibung\/"},"modified":"2024-06-18T13:45:21","modified_gmt":"2024-06-18T11:45:21","slug":"checkliste-zur-ideenbeschreibung","status":"publish","type":"product","link":"https:\/\/www.consultingcheck.com\/de\/ressource\/checkliste-zur-ideenbeschreibung\/","title":{"rendered":"Checkliste zur Ideenbeschreibung"},"content":{"rendered":"<h3>Inhalte<\/h3>\n<p>Hier finden Sie eine strukturierte Checkliste, die Ihnen hilft, Ideen systematisch in Ihren Innovationsprozess einflie\u00dfen zu lassen. Dieser One-Pager hat es in sich. So kompakt und simpel er wirkt, so gut l\u00e4sst er sich in betriebliche Abl\u00e4ufe einf\u00fchren. Von der Art der Innovation, die mit der Idee verfolgt wird, \u00fcber den erwarteten Innovationsgrad bis hin zum Potenzial, das mit der Umsetzung der jeweiligen Idee m\u00f6glicherweise erschlossen werden kann, erfasst diese Checkliste die wesentlichen Eckdaten.<\/p>\n<p>Diese Checkliste sollte jedem Mitarbeiter im Unternehmen vorliegen, um Ideen in den Innovationsprozess einzubringen. Geniale Dinge wirken oft verbl\u00fcffend einfach. So ist es auch mit dieser Checkliste zur Ideenbeschreibung.<\/p>\n<p>Empfohlen wird an dieser Stelle auch der bei consultingcheck verf\u00fcgbare Stagegate-Prozess zur Entscheidung \u00fcber Ideen entlang des Prozesses.<\/p>\n<p>&nbsp;<\/p>\n<h3>Vorteile<\/h3>\n<ul>\n<li>Diese kleine Checkliste hilft Mitarbeitern, ihre Ideen bereits zu Beginn zu strukturieren und sie systematisch auf ihr Potenzial hin zu hinterfragen.<\/li>\n<li>Die Checkliste hilft, den Ideentrichter f\u00fcr einen lebendigen Innovationsprozess zu f\u00fcllen.<\/li>\n<li>Die Checkliste ist ein geeignetes Mittel, um die Innovationsaktivit\u00e4t im Unternehmen zu f\u00f6rdern.<\/li>\n<\/ul>\n<p>&nbsp;<\/p>\n<h3>Digitaler Download<\/h3>\n<p>Nach der Bestellung erhalten Sie einen Download-Link zur strukturierten Checkliste, die Sie sofort nutzen k\u00f6nnen.<\/p>\n<p>Bitte beachten Sie, dass diese Checkliste, zu der Sie den Zugang erwerben, ausschlie\u00dflich f\u00fcr Ihren pers\u00f6nlichen Gebrauch bestimmt sind. Es ist untersagt, die Checkliste in jeglicher Form und in jeglicher digitaler oder physischer Weise weiterzuverkaufen oder sie ohne meine Erlaubnis in einer physischen oder Online-Ver\u00f6ffentlichung zu ver\u00f6ffentlichen. Ich bin der einzige Copyright-Inhaber dieser Datei.<\/p>\n<p>Link zum Download: pdf<\/p>\n","protected":false},"excerpt":{"rendered":"<h2>Strukturieren Sie mit unserer Checkliste Ihre Ideen f\u00fcr den Innovationsprozess!<\/h2>\n","protected":false},"featured_media":20078,"template":"","meta":{"_links_to":"","_links_to_target":""},"product_brand":[],"product_cat":[592,597,1225,1226],"product_tag":[],"jask_topic_categories":[1217,1220,108,137,138,136,177,178,210,211,179,180,235,240,333,280,304,307,491,492,490,526],"class_list":{"0":"post-1726","1":"product","2":"type-product","3":"status-publish","4":"has-post-thumbnail","6":"product_cat-checkliste","7":"product_cat-formblatt","8":"product_cat-gruendung","9":"product_cat-innovation","10":"jask_topic_categories-gruendung","11":"jask_topic_categories-management","12":"jask_topic_categories-wachstum","13":"jask_topic_categories-produktangebot","14":"jask_topic_categories-service-angebot","15":"jask_topic_categories-produkte-und-dienstleistungen","16":"jask_topic_categories-innovation","17":"jask_topic_categories-innovationsprozess","18":"jask_topic_categories-produktmanagement","19":"jask_topic_categories-produktentwicklung","20":"jask_topic_categories-ideengenerierung-fuer-innovationen","21":"jask_topic_categories-kreativitaet-fuer-innovationen","22":"jask_topic_categories-nachhaltigkeit","23":"jask_topic_categories-nachhaltig-wirtschaften","24":"jask_topic_categories-projektmanagement","25":"jask_topic_categories-umgang-mit-zielen","26":"jask_topic_categories-motivation","27":"jask_topic_categories-nuetzliche-motivationstheorien","28":"jask_topic_categories-basisfragen","29":"jask_topic_categories-businessplan-unternehmensgruendung","30":"jask_topic_categories-unternehmensgruendung","31":"jask_topic_categories-durchfuehrung-und-nutzen-eines-foresight-prozesses","33":"first","34":"instock","35":"sold-individually","36":"taxable","37":"shipping-taxable","38":"purchasable","39":"product-type-variable"},"yoast_head":"<!-- This site is optimized with the Yoast SEO plugin v27.5 - https:\/\/yoast.com\/product\/yoast-seo-wordpress\/ -->\n<title>F\u00fcr bessere Ideenbeschreibung: PDF-Checkliste downloaden<\/title>\n<meta name=\"description\" content=\"Diese strukturierte Checkliste hilft Ihnen dabei, Ideen systematisch in den Innovationsprozess einflie\u00dfen zu lassen. Jetzt einfach downloaden!\" \/>\n<meta name=\"robots\" content=\"index, follow, max-snippet:-1, max-image-preview:large, max-video-preview:-1\" \/>\n<link rel=\"canonical\" href=\"https:\/\/www.consultingcheck.com\/de\/ressource\/checkliste-zur-ideenbeschreibung\/\" \/>\n<meta property=\"og:locale\" content=\"de_DE\" \/>\n<meta property=\"og:type\" content=\"article\" \/>\n<meta property=\"og:title\" content=\"F\u00fcr bessere Ideenbeschreibung: PDF-Checkliste downloaden\" \/>\n<meta property=\"og:description\" content=\"Diese strukturierte Checkliste hilft Ihnen dabei, Ideen systematisch in den Innovationsprozess einflie\u00dfen zu lassen. Jetzt einfach downloaden!\" \/>\n<meta property=\"og:url\" content=\"https:\/\/www.consultingcheck.com\/de\/ressource\/checkliste-zur-ideenbeschreibung\/\" \/>\n<meta property=\"og:site_name\" content=\"consultingcheck\" \/>\n<meta property=\"article:modified_time\" content=\"2024-06-18T11:45:21+00:00\" \/>\n<meta property=\"og:image\" content=\"https:\/\/www.consultingcheck.com\/wp-content\/uploads\/2021\/11\/checkliste-zur-ideenbeschreibung.jpg\" \/>\n\t<meta property=\"og:image:width\" content=\"1000\" \/>\n\t<meta property=\"og:image:height\" content=\"679\" \/>\n\t<meta property=\"og:image:type\" content=\"image\/jpeg\" \/>\n<meta name=\"twitter:card\" content=\"summary_large_image\" \/>\n<meta name=\"twitter:label1\" content=\"Gesch\u00e4tzte Lesezeit\" \/>\n\t<meta name=\"twitter:data1\" content=\"2\u00a0Minuten\" \/>\n<script type=\"application\/ld+json\" class=\"yoast-schema-graph\">{\"@context\":\"https:\\\/\\\/schema.org\",\"@graph\":[{\"@type\":\"WebPage\",\"@id\":\"https:\\\/\\\/www.consultingcheck.com\\\/de\\\/ressource\\\/checkliste-zur-ideenbeschreibung\\\/\",\"url\":\"https:\\\/\\\/www.consultingcheck.com\\\/de\\\/ressource\\\/checkliste-zur-ideenbeschreibung\\\/\",\"name\":\"F\u00fcr bessere Ideenbeschreibung: PDF-Checkliste downloaden\",\"isPartOf\":{\"@id\":\"https:\\\/\\\/www.consultingcheck.com\\\/de\\\/#website\"},\"primaryImageOfPage\":{\"@id\":\"https:\\\/\\\/www.consultingcheck.com\\\/de\\\/ressource\\\/checkliste-zur-ideenbeschreibung\\\/#primaryimage\"},\"image\":{\"@id\":\"https:\\\/\\\/www.consultingcheck.com\\\/de\\\/ressource\\\/checkliste-zur-ideenbeschreibung\\\/#primaryimage\"},\"thumbnailUrl\":\"https:\\\/\\\/www.consultingcheck.com\\\/wp-content\\\/uploads\\\/2021\\\/11\\\/checkliste-zur-ideenbeschreibung.jpg\",\"datePublished\":\"2021-11-08T23:49:54+00:00\",\"dateModified\":\"2024-06-18T11:45:21+00:00\",\"description\":\"Diese strukturierte Checkliste hilft Ihnen dabei, Ideen systematisch in den Innovationsprozess einflie\u00dfen zu lassen. Jetzt einfach downloaden!\",\"breadcrumb\":{\"@id\":\"https:\\\/\\\/www.consultingcheck.com\\\/de\\\/ressource\\\/checkliste-zur-ideenbeschreibung\\\/#breadcrumb\"},\"inLanguage\":\"de\",\"potentialAction\":[{\"@type\":\"ReadAction\",\"target\":[\"https:\\\/\\\/www.consultingcheck.com\\\/de\\\/ressource\\\/checkliste-zur-ideenbeschreibung\\\/\"]}]},{\"@type\":\"ImageObject\",\"inLanguage\":\"de\",\"@id\":\"https:\\\/\\\/www.consultingcheck.com\\\/de\\\/ressource\\\/checkliste-zur-ideenbeschreibung\\\/#primaryimage\",\"url\":\"https:\\\/\\\/www.consultingcheck.com\\\/wp-content\\\/uploads\\\/2021\\\/11\\\/checkliste-zur-ideenbeschreibung.jpg\",\"contentUrl\":\"https:\\\/\\\/www.consultingcheck.com\\\/wp-content\\\/uploads\\\/2021\\\/11\\\/checkliste-zur-ideenbeschreibung.jpg\",\"width\":1000,\"height\":679,\"caption\":\"Ein Screenshot der Checkliste zur Ideenbeschreibung.\"},{\"@type\":\"BreadcrumbList\",\"@id\":\"https:\\\/\\\/www.consultingcheck.com\\\/de\\\/ressource\\\/checkliste-zur-ideenbeschreibung\\\/#breadcrumb\",\"itemListElement\":[{\"@type\":\"ListItem\",\"position\":1,\"name\":\"Startseite\",\"item\":\"https:\\\/\\\/www.consultingcheck.com\\\/de\\\/\"},{\"@type\":\"ListItem\",\"position\":2,\"name\":\"Downloads, Anwendungen und Produkte\",\"item\":\"https:\\\/\\\/www.consultingcheck.com\\\/de\\\/tools\\\/downloads-anwendungen-und-produkte\\\/\"},{\"@type\":\"ListItem\",\"position\":3,\"name\":\"Checkliste zur Ideenbeschreibung\"}]},{\"@type\":\"WebSite\",\"@id\":\"https:\\\/\\\/www.consultingcheck.com\\\/de\\\/#website\",\"url\":\"https:\\\/\\\/www.consultingcheck.com\\\/de\\\/\",\"name\":\"consultingcheck\",\"description\":\"Vernetzt gedacht. Entzaubert. Hands-on.\",\"potentialAction\":[{\"@type\":\"SearchAction\",\"target\":{\"@type\":\"EntryPoint\",\"urlTemplate\":\"https:\\\/\\\/www.consultingcheck.com\\\/de\\\/?s={search_term_string}\"},\"query-input\":{\"@type\":\"PropertyValueSpecification\",\"valueRequired\":true,\"valueName\":\"search_term_string\"}}],\"inLanguage\":\"de\"}]}<\/script>\n<!-- \/ Yoast SEO plugin. -->","yoast_head_json":{"title":"F\u00fcr bessere Ideenbeschreibung: PDF-Checkliste downloaden","description":"Diese strukturierte Checkliste hilft Ihnen dabei, Ideen systematisch in den Innovationsprozess einflie\u00dfen zu lassen. Jetzt einfach downloaden!","robots":{"index":"index","follow":"follow","max-snippet":"max-snippet:-1","max-image-preview":"max-image-preview:large","max-video-preview":"max-video-preview:-1"},"canonical":"https:\/\/www.consultingcheck.com\/de\/ressource\/checkliste-zur-ideenbeschreibung\/","og_locale":"de_DE","og_type":"article","og_title":"F\u00fcr bessere Ideenbeschreibung: PDF-Checkliste downloaden","og_description":"Diese strukturierte Checkliste hilft Ihnen dabei, Ideen systematisch in den Innovationsprozess einflie\u00dfen zu lassen. Jetzt einfach downloaden!","og_url":"https:\/\/www.consultingcheck.com\/de\/ressource\/checkliste-zur-ideenbeschreibung\/","og_site_name":"consultingcheck","article_modified_time":"2024-06-18T11:45:21+00:00","og_image":[{"width":1000,"height":679,"url":"https:\/\/www.consultingcheck.com\/wp-content\/uploads\/2021\/11\/checkliste-zur-ideenbeschreibung.jpg","type":"image\/jpeg"}],"twitter_card":"summary_large_image","twitter_misc":{"Gesch\u00e4tzte Lesezeit":"2\u00a0Minuten"},"schema":{"@context":"https:\/\/schema.org","@graph":[{"@type":"WebPage","@id":"https:\/\/www.consultingcheck.com\/de\/ressource\/checkliste-zur-ideenbeschreibung\/","url":"https:\/\/www.consultingcheck.com\/de\/ressource\/checkliste-zur-ideenbeschreibung\/","name":"F\u00fcr bessere Ideenbeschreibung: PDF-Checkliste downloaden","isPartOf":{"@id":"https:\/\/www.consultingcheck.com\/de\/#website"},"primaryImageOfPage":{"@id":"https:\/\/www.consultingcheck.com\/de\/ressource\/checkliste-zur-ideenbeschreibung\/#primaryimage"},"image":{"@id":"https:\/\/www.consultingcheck.com\/de\/ressource\/checkliste-zur-ideenbeschreibung\/#primaryimage"},"thumbnailUrl":"https:\/\/www.consultingcheck.com\/wp-content\/uploads\/2021\/11\/checkliste-zur-ideenbeschreibung.jpg","datePublished":"2021-11-08T23:49:54+00:00","dateModified":"2024-06-18T11:45:21+00:00","description":"Diese strukturierte Checkliste hilft Ihnen dabei, Ideen systematisch in den Innovationsprozess einflie\u00dfen zu lassen. Jetzt einfach downloaden!","breadcrumb":{"@id":"https:\/\/www.consultingcheck.com\/de\/ressource\/checkliste-zur-ideenbeschreibung\/#breadcrumb"},"inLanguage":"de","potentialAction":[{"@type":"ReadAction","target":["https:\/\/www.consultingcheck.com\/de\/ressource\/checkliste-zur-ideenbeschreibung\/"]}]},{"@type":"ImageObject","inLanguage":"de","@id":"https:\/\/www.consultingcheck.com\/de\/ressource\/checkliste-zur-ideenbeschreibung\/#primaryimage","url":"https:\/\/www.consultingcheck.com\/wp-content\/uploads\/2021\/11\/checkliste-zur-ideenbeschreibung.jpg","contentUrl":"https:\/\/www.consultingcheck.com\/wp-content\/uploads\/2021\/11\/checkliste-zur-ideenbeschreibung.jpg","width":1000,"height":679,"caption":"Ein Screenshot der Checkliste zur Ideenbeschreibung."},{"@type":"BreadcrumbList","@id":"https:\/\/www.consultingcheck.com\/de\/ressource\/checkliste-zur-ideenbeschreibung\/#breadcrumb","itemListElement":[{"@type":"ListItem","position":1,"name":"Startseite","item":"https:\/\/www.consultingcheck.com\/de\/"},{"@type":"ListItem","position":2,"name":"Downloads, Anwendungen und Produkte","item":"https:\/\/www.consultingcheck.com\/de\/tools\/downloads-anwendungen-und-produkte\/"},{"@type":"ListItem","position":3,"name":"Checkliste zur Ideenbeschreibung"}]},{"@type":"WebSite","@id":"https:\/\/www.consultingcheck.com\/de\/#website","url":"https:\/\/www.consultingcheck.com\/de\/","name":"consultingcheck","description":"Vernetzt gedacht. Entzaubert. Hands-on.","potentialAction":[{"@type":"SearchAction","target":{"@type":"EntryPoint","urlTemplate":"https:\/\/www.consultingcheck.com\/de\/?s={search_term_string}"},"query-input":{"@type":"PropertyValueSpecification","valueRequired":true,"valueName":"search_term_string"}}],"inLanguage":"de"}]}},"_links":{"self":[{"href":"https:\/\/www.consultingcheck.com\/de\/wp-json\/wp\/v2\/product\/1726","targetHints":{"allow":["GET"]}}],"collection":[{"href":"https:\/\/www.consultingcheck.com\/de\/wp-json\/wp\/v2\/product"}],"about":[{"href":"https:\/\/www.consultingcheck.com\/de\/wp-json\/wp\/v2\/types\/product"}],"wp:featuredmedia":[{"embeddable":true,"href":"https:\/\/www.consultingcheck.com\/de\/wp-json\/wp\/v2\/media\/20078"}],"wp:attachment":[{"href":"https:\/\/www.consultingcheck.com\/de\/wp-json\/wp\/v2\/media?parent=1726"}],"wp:term":[{"taxonomy":"product_brand","embeddable":true,"href":"https:\/\/www.consultingcheck.com\/de\/wp-json\/wp\/v2\/product_brand?post=1726"},{"taxonomy":"product_cat","embeddable":true,"href":"https:\/\/www.consultingcheck.com\/de\/wp-json\/wp\/v2\/product_cat?post=1726"},{"taxonomy":"product_tag","embeddable":true,"href":"https:\/\/www.consultingcheck.com\/de\/wp-json\/wp\/v2\/product_tag?post=1726"},{"taxonomy":"jask_topic_categories","embeddable":true,"href":"https:\/\/www.consultingcheck.com\/de\/wp-json\/wp\/v2\/jask_topic_categories?post=1726"}],"curies":[{"name":"wp","href":"https:\/\/api.w.org\/{rel}","templated":true}]}}