{"id":1723,"date":"2021-11-09T00:49:54","date_gmt":"2021-11-08T23:49:54","guid":{"rendered":"https:\/\/www.consultingcheck.com\/ressource\/bc-plakat-a2-fuehrung\/"},"modified":"2024-06-18T14:01:25","modified_gmt":"2024-06-18T12:01:25","slug":"bc-plakat-a2-fuehrung","status":"publish","type":"product","link":"https:\/\/www.consultingcheck.com\/de\/ressource\/bc-plakat-a2-fuehrung\/","title":{"rendered":"Plakat zum Thema \u201eF\u00fchrung\u201c"},"content":{"rendered":"<h3>Inhalte<\/h3>\n<p>Hier finden Sie ein Plakat, das die wesentlichen Elemente der F\u00fchrung veranschaulicht. Das Plakat geht auf Aspekte der Innenf\u00fchrung und der Au\u00dfenf\u00fchrung ein. Insbesondere hebt es die wichtigen Themen der Prozessgestaltung, des Ver\u00e4nderungsmanagements und der Mitarbeitergespr\u00e4che hervor. Das Plakat eignet sich \u2013 ausgeplottet im DIN A2-Format hervorragend als Orientierung f\u00fcr die B\u00fcrowand.<\/p>\n<p>&nbsp;<\/p>\n<h3>Vorteile<\/h3>\n<ul>\n<li>Sie erhalten ein Plakat, das Sie ausplotten und in den B\u00fcros Ihrer Mitarbeiter aufh\u00e4ngen k\u00f6nnen, um das Thema \u201eF\u00fchrung\u201c in den Vordergrund zu stellen.<\/li>\n<li>Das Plakat wird Ihren Mitarbeiter als anschauliche Orientierung dienen.<\/li>\n<\/ul>\n<p>&nbsp;<\/p>\n<h3>Digitaler Download<\/h3>\n<p>Nach der Bestellung erhalten Sie einen Download-Link zum Plakat, die Sie sofort nutzen k\u00f6nnen.<\/p>\n<p>Bitte beachten Sie, dass dieses Plakat, zu dem Sie den Zugang erwerben, ausschlie\u00dflich f\u00fcr Ihren pers\u00f6nlichen Gebrauch bestimmt sind. Es ist untersagt, die Folien in jeglicher Form und in jeglicher digitaler oder physischer Weise weiterzuverkaufen oder sie ohne meine Erlaubnis in einer physischen oder Online-Ver\u00f6ffentlichung zu ver\u00f6ffentlichen. Ich bin der einzige Copyright-Inhaber dieser Datei.<\/p>\n<p>Link zum Download: pdf<\/p>\n<p>&nbsp;<\/p>\n","protected":false},"excerpt":{"rendered":"<h2>Der perfekte \u00dcberblick: das anschauliche Plakat zur Innen- und Au\u00dfenf\u00fchrung<\/h2>\n","protected":false},"featured_media":0,"template":"","meta":{"_links_to":"","_links_to_target":""},"product_brand":[],"product_cat":[594],"product_tag":[],"jask_topic_categories":[1220,120,122,124,168,224,235,248,249,252,254,255,258,266,340,257,259,260,261,262,250,265,253,267,268,271,274,284,312,318,321,269,270,276,277,278,279,281,286,289,290,316,323,324,334,376,377,365,380,371,384,421,432,439,481,491,490,505,509,546,547],"class_list":{"0":"post-1723","1":"product","2":"type-product","3":"status-publish","5":"product_cat-leadership","6":"jask_topic_categories-management","7":"jask_topic_categories-operative-vertriebsfuehrung","8":"jask_topic_categories-personalfuehrung-im-vertrieb","9":"jask_topic_categories-personalfuehrung-im-vertrieb-personalfuehrung-im-vertrieb","10":"jask_topic_categories-stabilisierung","11":"jask_topic_categories-organisation-von-zentralen-diensten","12":"jask_topic_categories-nachhaltigkeit","13":"jask_topic_categories-das-balanced-scorecard-konzept","14":"jask_topic_categories-organisation-und-personal","15":"jask_topic_categories-wissensmanagement","16":"jask_topic_categories-relevanz-von-leadership","17":"jask_topic_categories-einordnung-von-leadership","18":"jask_topic_categories-innenfuehrung","19":"jask_topic_categories-aussenfuehrung","20":"jask_topic_categories-fuehrung-und-moral","21":"jask_topic_categories-personalfuehrung","22":"jask_topic_categories-leadership-haltung","23":"jask_topic_categories-selbstwahrnehmung-und-selbststeuerung","24":"jask_topic_categories-die-zen-praxis-als-ein-weg-zur-selbstwahrnehmung-und-zur-selbststeuerung","25":"jask_topic_categories-zeitmanagement","26":"jask_topic_categories-zusammenarbeit","27":"jask_topic_categories-delegieren-von-aufgaben","28":"jask_topic_categories-leadership","29":"jask_topic_categories-leistungsklima-und-fairer-umgang-miteinander","30":"jask_topic_categories-kultur-des-vertrauens-und-der-wertschaetzung","31":"jask_topic_categories-identifikation-von-potenzial-und-leistungstraegern","32":"jask_topic_categories-situative-fuehrung","33":"jask_topic_categories-entscheidungen-aussenfuehrung","34":"jask_topic_categories-mitarbeitergespraeche","35":"jask_topic_categories-rollenwechsel-zur-fuehrungskraft","36":"jask_topic_categories-konfliktmanagement","37":"jask_topic_categories-vertrauenskultur","38":"jask_topic_categories-wertschaetzungskultur","39":"jask_topic_categories-fuehrungsbereitschaft","40":"jask_topic_categories-fuehrungsfaehigkeit","41":"jask_topic_categories-fuehrungsmoeglichkeit","42":"jask_topic_categories-vorleben-der-fuehrungsrolle","43":"jask_topic_categories-zielvereinbarungen-mit-dem-smart-prinzip","44":"jask_topic_categories-entscheidungsprozess","45":"jask_topic_categories-physiologische-aspekte-im-entscheidungsprozess","46":"jask_topic_categories-kommunikationskultur","47":"jask_topic_categories-ursachen-fuer-misserfolg-in-mitarbeitergespraechen","48":"jask_topic_categories-konfliktpraevention","49":"jask_topic_categories-konfliktbeseitigung","50":"jask_topic_categories-methoden-des-projektmanagements","51":"jask_topic_categories-kandidateninterview-und-auswahlkriterien","52":"jask_topic_categories-onboarding-prozess","53":"jask_topic_categories-organisationsstruktur","54":"jask_topic_categories-employer-branding","55":"jask_topic_categories-personalbeschaffung","56":"jask_topic_categories-zusammenarbeit-mit-betriebsraeten","57":"jask_topic_categories-turnaround-management","58":"jask_topic_categories-personalabbau","59":"jask_topic_categories-sofortmassnahmen","60":"jask_topic_categories-personnel-due-diligence","61":"jask_topic_categories-basisfragen","62":"jask_topic_categories-unternehmensgruendung","63":"jask_topic_categories-strategien","64":"jask_topic_categories-strategische-fokussierung","65":"jask_topic_categories-systemzertifizierungen","66":"jask_topic_categories-managementsysteme","68":"first","69":"instock","70":"downloadable","71":"virtual","72":"sold-individually","73":"taxable","74":"purchasable","75":"product-type-simple"},"yoast_head":"<!-- This site is optimized with the Yoast SEO plugin v27.4 - https:\/\/yoast.com\/product\/yoast-seo-wordpress\/ -->\n<title>PDF-Plakat zum Thema F\u00fchrung herunterladen<\/title>\n<meta name=\"description\" content=\"Wie gelingt gute F\u00fchrung in Unternehmen? Wir haben Ihnen wesentliche Elemente im PDF-Plakat zusammengefasst. Jetzt herunterladen!\" \/>\n<meta name=\"robots\" content=\"index, follow, max-snippet:-1, max-image-preview:large, max-video-preview:-1\" \/>\n<link rel=\"canonical\" href=\"https:\/\/www.consultingcheck.com\/de\/ressource\/bc-plakat-a2-fuehrung\/\" \/>\n<meta property=\"og:locale\" content=\"de_DE\" \/>\n<meta property=\"og:type\" content=\"article\" \/>\n<meta property=\"og:title\" content=\"PDF-Plakat zum Thema F\u00fchrung herunterladen\" \/>\n<meta property=\"og:description\" content=\"Wie gelingt gute F\u00fchrung in Unternehmen? Wir haben Ihnen wesentliche Elemente im PDF-Plakat zusammengefasst. Jetzt herunterladen!\" \/>\n<meta property=\"og:url\" content=\"https:\/\/www.consultingcheck.com\/de\/ressource\/bc-plakat-a2-fuehrung\/\" \/>\n<meta property=\"og:site_name\" content=\"consultingcheck\" \/>\n<meta property=\"article:modified_time\" content=\"2024-06-18T12:01:25+00:00\" \/>\n<meta name=\"twitter:card\" content=\"summary_large_image\" \/>\n<meta name=\"twitter:label1\" content=\"Gesch\u00e4tzte Lesezeit\" \/>\n\t<meta name=\"twitter:data1\" content=\"1\u00a0Minute\" \/>\n<script type=\"application\/ld+json\" class=\"yoast-schema-graph\">{\"@context\":\"https:\\\/\\\/schema.org\",\"@graph\":[{\"@type\":\"WebPage\",\"@id\":\"https:\\\/\\\/www.consultingcheck.com\\\/de\\\/ressource\\\/bc-plakat-a2-fuehrung\\\/\",\"url\":\"https:\\\/\\\/www.consultingcheck.com\\\/de\\\/ressource\\\/bc-plakat-a2-fuehrung\\\/\",\"name\":\"PDF-Plakat zum Thema F\u00fchrung herunterladen\",\"isPartOf\":{\"@id\":\"https:\\\/\\\/www.consultingcheck.com\\\/de\\\/#website\"},\"datePublished\":\"2021-11-08T23:49:54+00:00\",\"dateModified\":\"2024-06-18T12:01:25+00:00\",\"description\":\"Wie gelingt gute F\u00fchrung in Unternehmen? Wir haben Ihnen wesentliche Elemente im PDF-Plakat zusammengefasst. Jetzt herunterladen!\",\"breadcrumb\":{\"@id\":\"https:\\\/\\\/www.consultingcheck.com\\\/de\\\/ressource\\\/bc-plakat-a2-fuehrung\\\/#breadcrumb\"},\"inLanguage\":\"de\",\"potentialAction\":[{\"@type\":\"ReadAction\",\"target\":[\"https:\\\/\\\/www.consultingcheck.com\\\/de\\\/ressource\\\/bc-plakat-a2-fuehrung\\\/\"]}]},{\"@type\":\"BreadcrumbList\",\"@id\":\"https:\\\/\\\/www.consultingcheck.com\\\/de\\\/ressource\\\/bc-plakat-a2-fuehrung\\\/#breadcrumb\",\"itemListElement\":[{\"@type\":\"ListItem\",\"position\":1,\"name\":\"Startseite\",\"item\":\"https:\\\/\\\/www.consultingcheck.com\\\/de\\\/\"},{\"@type\":\"ListItem\",\"position\":2,\"name\":\"Downloads, Anwendungen und Produkte\",\"item\":\"https:\\\/\\\/www.consultingcheck.com\\\/de\\\/tools\\\/downloads-anwendungen-und-produkte\\\/\"},{\"@type\":\"ListItem\",\"position\":3,\"name\":\"Plakat zum Thema \u201eF\u00fchrung\u201c\"}]},{\"@type\":\"WebSite\",\"@id\":\"https:\\\/\\\/www.consultingcheck.com\\\/de\\\/#website\",\"url\":\"https:\\\/\\\/www.consultingcheck.com\\\/de\\\/\",\"name\":\"consultingcheck\",\"description\":\"Vernetzt gedacht. Entzaubert. Hands-on.\",\"potentialAction\":[{\"@type\":\"SearchAction\",\"target\":{\"@type\":\"EntryPoint\",\"urlTemplate\":\"https:\\\/\\\/www.consultingcheck.com\\\/de\\\/?s={search_term_string}\"},\"query-input\":{\"@type\":\"PropertyValueSpecification\",\"valueRequired\":true,\"valueName\":\"search_term_string\"}}],\"inLanguage\":\"de\"}]}<\/script>\n<!-- \/ Yoast SEO plugin. -->","yoast_head_json":{"title":"PDF-Plakat zum Thema F\u00fchrung herunterladen","description":"Wie gelingt gute F\u00fchrung in Unternehmen? Wir haben Ihnen wesentliche Elemente im PDF-Plakat zusammengefasst. Jetzt herunterladen!","robots":{"index":"index","follow":"follow","max-snippet":"max-snippet:-1","max-image-preview":"max-image-preview:large","max-video-preview":"max-video-preview:-1"},"canonical":"https:\/\/www.consultingcheck.com\/de\/ressource\/bc-plakat-a2-fuehrung\/","og_locale":"de_DE","og_type":"article","og_title":"PDF-Plakat zum Thema F\u00fchrung herunterladen","og_description":"Wie gelingt gute F\u00fchrung in Unternehmen? Wir haben Ihnen wesentliche Elemente im PDF-Plakat zusammengefasst. Jetzt herunterladen!","og_url":"https:\/\/www.consultingcheck.com\/de\/ressource\/bc-plakat-a2-fuehrung\/","og_site_name":"consultingcheck","article_modified_time":"2024-06-18T12:01:25+00:00","twitter_card":"summary_large_image","twitter_misc":{"Gesch\u00e4tzte Lesezeit":"1\u00a0Minute"},"schema":{"@context":"https:\/\/schema.org","@graph":[{"@type":"WebPage","@id":"https:\/\/www.consultingcheck.com\/de\/ressource\/bc-plakat-a2-fuehrung\/","url":"https:\/\/www.consultingcheck.com\/de\/ressource\/bc-plakat-a2-fuehrung\/","name":"PDF-Plakat zum Thema F\u00fchrung herunterladen","isPartOf":{"@id":"https:\/\/www.consultingcheck.com\/de\/#website"},"datePublished":"2021-11-08T23:49:54+00:00","dateModified":"2024-06-18T12:01:25+00:00","description":"Wie gelingt gute F\u00fchrung in Unternehmen? Wir haben Ihnen wesentliche Elemente im PDF-Plakat zusammengefasst. Jetzt herunterladen!","breadcrumb":{"@id":"https:\/\/www.consultingcheck.com\/de\/ressource\/bc-plakat-a2-fuehrung\/#breadcrumb"},"inLanguage":"de","potentialAction":[{"@type":"ReadAction","target":["https:\/\/www.consultingcheck.com\/de\/ressource\/bc-plakat-a2-fuehrung\/"]}]},{"@type":"BreadcrumbList","@id":"https:\/\/www.consultingcheck.com\/de\/ressource\/bc-plakat-a2-fuehrung\/#breadcrumb","itemListElement":[{"@type":"ListItem","position":1,"name":"Startseite","item":"https:\/\/www.consultingcheck.com\/de\/"},{"@type":"ListItem","position":2,"name":"Downloads, Anwendungen und Produkte","item":"https:\/\/www.consultingcheck.com\/de\/tools\/downloads-anwendungen-und-produkte\/"},{"@type":"ListItem","position":3,"name":"Plakat zum Thema \u201eF\u00fchrung\u201c"}]},{"@type":"WebSite","@id":"https:\/\/www.consultingcheck.com\/de\/#website","url":"https:\/\/www.consultingcheck.com\/de\/","name":"consultingcheck","description":"Vernetzt gedacht. Entzaubert. Hands-on.","potentialAction":[{"@type":"SearchAction","target":{"@type":"EntryPoint","urlTemplate":"https:\/\/www.consultingcheck.com\/de\/?s={search_term_string}"},"query-input":{"@type":"PropertyValueSpecification","valueRequired":true,"valueName":"search_term_string"}}],"inLanguage":"de"}]}},"_links":{"self":[{"href":"https:\/\/www.consultingcheck.com\/de\/wp-json\/wp\/v2\/product\/1723","targetHints":{"allow":["GET"]}}],"collection":[{"href":"https:\/\/www.consultingcheck.com\/de\/wp-json\/wp\/v2\/product"}],"about":[{"href":"https:\/\/www.consultingcheck.com\/de\/wp-json\/wp\/v2\/types\/product"}],"wp:attachment":[{"href":"https:\/\/www.consultingcheck.com\/de\/wp-json\/wp\/v2\/media?parent=1723"}],"wp:term":[{"taxonomy":"product_brand","embeddable":true,"href":"https:\/\/www.consultingcheck.com\/de\/wp-json\/wp\/v2\/product_brand?post=1723"},{"taxonomy":"product_cat","embeddable":true,"href":"https:\/\/www.consultingcheck.com\/de\/wp-json\/wp\/v2\/product_cat?post=1723"},{"taxonomy":"product_tag","embeddable":true,"href":"https:\/\/www.consultingcheck.com\/de\/wp-json\/wp\/v2\/product_tag?post=1723"},{"taxonomy":"jask_topic_categories","embeddable":true,"href":"https:\/\/www.consultingcheck.com\/de\/wp-json\/wp\/v2\/jask_topic_categories?post=1723"}],"curies":[{"name":"wp","href":"https:\/\/api.w.org\/{rel}","templated":true}]}}