{"id":1720,"date":"2021-11-09T00:49:54","date_gmt":"2021-11-08T23:49:54","guid":{"rendered":"https:\/\/www.consultingcheck.com\/ressource\/zielsetzung\/"},"modified":"2024-06-18T14:22:33","modified_gmt":"2024-06-18T12:22:33","slug":"zielsetzung","status":"publish","type":"product","link":"https:\/\/www.consultingcheck.com\/de\/ressource\/zielsetzung\/","title":{"rendered":"Briefing zum Thema Zielsetzungen"},"content":{"rendered":"<h3>Inhalte<\/h3>\n<p>In diesem Foliensatz erhalten Sie auf 10 Inhaltsfolien die wesentlichen Grundlagen, um in Unternehmen Ziele zu erreichen. Sie werden an den Prozess von der Definition bis zur Ausf\u00fchrung von Leistungen herangef\u00fchrt. Au\u00dferdem geht dieser Foliensatz darauf ein, wie Ziele konkret vereinbart werden sollten, damit sie mit Erfolg verfolgt und erreicht werden. Auch das Spannungsverh\u00e4ltnis zwischen kurz- und langfristigen Zielen wird thematisiert, und es werden Empfehlungen aufgezeigt, wie es in Unternehmen bew\u00e4ltigt werden kann. Schlie\u00dflich wird auch darauf eingegangen, wie Sie als F\u00fchrungskraft mit Fehlern Ihrer Mitarbeiter konstruktiv umgehen k\u00f6nnen.<\/p>\n<p>&nbsp;<\/p>\n<h3>Vorteile<\/h3>\n<ul>\n<li>Sie erfahren, wie Sie Ziele so konkret vereinbaren k\u00f6nnen, dass sie von Ihren Mitarbeitern verfolgt und erreicht werden k\u00f6nnen.<\/li>\n<li>Sie lernen, wie Sie mit Ihrer Organisation kurz- und langfristige Ziele gleichzeitig verfolgen k\u00f6nnen, ohne dass eine der beiden Facetten darunter leidet.<\/li>\n<li>Sie erfahren, wie Sie mit Fehlern Ihrer Mitarbeiter konstruktiv umgehen und deren Motivation sogar steigern k\u00f6nnen, damit sie ihre Ziele k\u00fcnftig besser erreichen.<\/li>\n<\/ul>\n<p>&nbsp;<\/p>\n<h3>Digitaler Download<\/h3>\n<p>Nach der Bestellung erhalten Sie einen Download-Link zum Foliensatz, den Sie sofort nutzen k\u00f6nnen.<\/p>\n<p>Bitte beachten Sie, dass dieser Foliensatz, zu dem Sie den Zugang erwerben, ausschlie\u00dflich f\u00fcr Ihren pers\u00f6nlichen Gebrauch bestimmt sind. Es ist untersagt, die Folien in jeglicher Form und in jeglicher digitaler oder physischer Weise weiterzuverkaufen oder sie ohne meine Erlaubnis in einer physischen oder Online-Ver\u00f6ffentlichung zu ver\u00f6ffentlichen. Ich bin der einzige Copyright-Inhaber dieser Datei.<\/p>\n<p>Link zum Download: pdf<\/p>\n<p>&nbsp;<\/p>\n","protected":false},"excerpt":{"rendered":"<h2><strong>Wie erreichen Sie Ziele im Unternehmen? Mehr erfahren mit unserem Foliensatz!<\/strong><\/h2>\n","protected":false},"featured_media":20168,"template":"","meta":{"_links_to":"","_links_to_target":""},"product_brand":[],"product_cat":[594,601,1230],"product_tag":[],"jask_topic_categories":[1220,76,104,108,118,80,109,110,111,112,113,114,119,120,122,127,133,88,141,147,150,159,168,177,178,210,211,219,226,227,234,169,249,252,266,332,333,256,257,250,253,267,268,275,280,284,312,281,282,283,286,317,362,376,379,380,371,382,381,421,423,422,432,446,463,473,491,490,494,495,505,509,517,524,525,546],"class_list":{"0":"post-1720","1":"product","2":"type-product","3":"status-publish","4":"has-post-thumbnail","6":"product_cat-leadership","7":"product_cat-foliensatz","8":"product_cat-vertrieb","9":"jask_topic_categories-management","10":"jask_topic_categories-marketing-und-vertrieb","11":"jask_topic_categories-vertrieb","12":"jask_topic_categories-wachstum","13":"jask_topic_categories-vertriebsmanagement","14":"jask_topic_categories-reichweite-reach-und-zielkundenfokus","15":"jask_topic_categories-marktdurchdringung-mit-bestehenden-produkten-in-bestehenden-maerkten","16":"jask_topic_categories-expansion-mit-bestehenden-produkten-in-neue-regionale-maerkte-und-oder-in-neue-anwendungen","17":"jask_topic_categories-internationale-expansion-mit-bestehenden-produkten","18":"jask_topic_categories-verkauf-neuer-produkte-an-bestehende-kunden","19":"jask_topic_categories-expansion-mit-neuen-produkten-in-neue-maerkte","20":"jask_topic_categories-wachstum-durch-den-zukauf-von-unternehmen","21":"jask_topic_categories-strategische-vertriebsfuehrung","22":"jask_topic_categories-operative-vertriebsfuehrung","23":"jask_topic_categories-personalfuehrung-im-vertrieb","24":"jask_topic_categories-prozessoptimierung","25":"jask_topic_categories-fertigungsplanung","26":"jask_topic_categories-outbound-marketing","27":"jask_topic_categories-ertragssteigerung","28":"jask_topic_categories-kostensenkung-in-der-beschaffung","29":"jask_topic_categories-kostensenkung-in-der-fertigung","30":"jask_topic_categories-standortstrategie","31":"jask_topic_categories-stabilisierung","32":"jask_topic_categories-innovation","33":"jask_topic_categories-innovationsprozess","34":"jask_topic_categories-produktmanagement","35":"jask_topic_categories-produktentwicklung","36":"jask_topic_categories-flexibilisierung","37":"jask_topic_categories-agilisierung-zur-laufenden-anpassung","38":"jask_topic_categories-regelung","39":"jask_topic_categories-entscheidungen","40":"jask_topic_categories-ganzheitlicher-vernetzter-ansatz","41":"jask_topic_categories-organisation-und-personal","42":"jask_topic_categories-wissensmanagement","43":"jask_topic_categories-aussenfuehrung","44":"jask_topic_categories-change-management","45":"jask_topic_categories-projektmanagement","46":"jask_topic_categories-fuehren-von-geschaeften","47":"jask_topic_categories-personalfuehrung","48":"jask_topic_categories-zusammenarbeit","49":"jask_topic_categories-leadership","50":"jask_topic_categories-leistungsklima-und-fairer-umgang-miteinander","51":"jask_topic_categories-kultur-des-vertrauens-und-der-wertschaetzung","52":"jask_topic_categories-fuehrungsbereitschaft-fuehrungsfaehigkeit-und-fuehrungsmoeglichkeit","53":"jask_topic_categories-umgang-mit-zielen","54":"jask_topic_categories-entscheidungen-aussenfuehrung","55":"jask_topic_categories-mitarbeitergespraeche","56":"jask_topic_categories-zielvereinbarungen-mit-dem-smart-prinzip","57":"jask_topic_categories-zielverfolgung","58":"jask_topic_categories-abgleich-kurz-und-langfristiger-ziele-mit-hoshin-kanri","59":"jask_topic_categories-entscheidungsprozess","60":"jask_topic_categories-kritikgespraeche","61":"jask_topic_categories-daten-und-systemsicherheit","62":"jask_topic_categories-kandidateninterview-und-auswahlkriterien","63":"jask_topic_categories-corporate-social-responsibility-csr","64":"jask_topic_categories-employer-branding","65":"jask_topic_categories-personalbeschaffung","66":"jask_topic_categories-ausbau-der-kooperationsfaehigkeit","67":"jask_topic_categories-kooperation-und-vernetzung","68":"jask_topic_categories-turnaround-management","69":"jask_topic_categories-sanierungskonzept-mit-fortfuehrungsprognose-nach-idw-s6","70":"jask_topic_categories-massgeschneiderte-sanierungskonzepte","71":"jask_topic_categories-personalabbau","72":"jask_topic_categories-unternehmensverkauf-kauf-unternehmensgruendung","73":"jask_topic_categories-unternehmensverkauf","74":"jask_topic_categories-unternehmenskauf","75":"jask_topic_categories-basisfragen","76":"jask_topic_categories-unternehmensgruendung","77":"jask_topic_categories-visionen-geschaeftsmodelle-und-strategien","78":"jask_topic_categories-vision","79":"jask_topic_categories-strategien","80":"jask_topic_categories-strategische-fokussierung","81":"jask_topic_categories-strategiemodelle","82":"jask_topic_categories-corporate-foresight-prozess","83":"jask_topic_categories-bedarf-fuer-einen-foresight-prozess","84":"jask_topic_categories-systemzertifizierungen","86":"first","87":"instock","88":"sold-individually","89":"taxable","90":"shipping-taxable","91":"purchasable","92":"product-type-variable"},"yoast_head":"<!-- This site is optimized with the Yoast SEO plugin v27.3 - https:\/\/yoast.com\/product\/yoast-seo-wordpress\/ -->\n<title>PDF-Briefing zum Thema Zielsetzungen kaufen!<\/title>\n<meta name=\"description\" content=\"Ziele im Unternehmen effektiv erreichen: Im Briefing zum Thema Zielsetzungen erfahren Sie alles \u00fcber den richtigen Prozess. Jetzt downloaden!\" \/>\n<meta name=\"robots\" content=\"index, follow, max-snippet:-1, max-image-preview:large, max-video-preview:-1\" \/>\n<link rel=\"canonical\" href=\"https:\/\/www.consultingcheck.com\/de\/ressource\/zielsetzung\/\" \/>\n<meta property=\"og:locale\" content=\"de_DE\" \/>\n<meta property=\"og:type\" content=\"article\" \/>\n<meta property=\"og:title\" content=\"PDF-Briefing zum Thema Zielsetzungen kaufen!\" \/>\n<meta property=\"og:description\" content=\"Ziele im Unternehmen effektiv erreichen: Im Briefing zum Thema Zielsetzungen erfahren Sie alles \u00fcber den richtigen Prozess. Jetzt downloaden!\" \/>\n<meta property=\"og:url\" content=\"https:\/\/www.consultingcheck.com\/de\/ressource\/zielsetzung\/\" \/>\n<meta property=\"og:site_name\" content=\"consultingcheck\" \/>\n<meta property=\"article:modified_time\" content=\"2024-06-18T12:22:33+00:00\" \/>\n<meta property=\"og:image\" content=\"https:\/\/www.consultingcheck.com\/wp-content\/uploads\/2021\/11\/zielsetzung.jpg\" \/>\n\t<meta property=\"og:image:width\" content=\"1000\" \/>\n\t<meta property=\"og:image:height\" content=\"679\" \/>\n\t<meta property=\"og:image:type\" content=\"image\/jpeg\" \/>\n<meta name=\"twitter:card\" content=\"summary_large_image\" \/>\n<meta name=\"twitter:label1\" content=\"Gesch\u00e4tzte Lesezeit\" \/>\n\t<meta name=\"twitter:data1\" content=\"2\u00a0Minuten\" \/>\n<script type=\"application\/ld+json\" class=\"yoast-schema-graph\">{\"@context\":\"https:\\\/\\\/schema.org\",\"@graph\":[{\"@type\":\"WebPage\",\"@id\":\"https:\\\/\\\/www.consultingcheck.com\\\/de\\\/ressource\\\/zielsetzung\\\/\",\"url\":\"https:\\\/\\\/www.consultingcheck.com\\\/de\\\/ressource\\\/zielsetzung\\\/\",\"name\":\"PDF-Briefing zum Thema Zielsetzungen kaufen!\",\"isPartOf\":{\"@id\":\"https:\\\/\\\/www.consultingcheck.com\\\/de\\\/#website\"},\"primaryImageOfPage\":{\"@id\":\"https:\\\/\\\/www.consultingcheck.com\\\/de\\\/ressource\\\/zielsetzung\\\/#primaryimage\"},\"image\":{\"@id\":\"https:\\\/\\\/www.consultingcheck.com\\\/de\\\/ressource\\\/zielsetzung\\\/#primaryimage\"},\"thumbnailUrl\":\"https:\\\/\\\/www.consultingcheck.com\\\/wp-content\\\/uploads\\\/2021\\\/11\\\/zielsetzung.jpg\",\"datePublished\":\"2021-11-08T23:49:54+00:00\",\"dateModified\":\"2024-06-18T12:22:33+00:00\",\"description\":\"Ziele im Unternehmen effektiv erreichen: Im Briefing zum Thema Zielsetzungen erfahren Sie alles \u00fcber den richtigen Prozess. Jetzt downloaden!\",\"breadcrumb\":{\"@id\":\"https:\\\/\\\/www.consultingcheck.com\\\/de\\\/ressource\\\/zielsetzung\\\/#breadcrumb\"},\"inLanguage\":\"de\",\"potentialAction\":[{\"@type\":\"ReadAction\",\"target\":[\"https:\\\/\\\/www.consultingcheck.com\\\/de\\\/ressource\\\/zielsetzung\\\/\"]}]},{\"@type\":\"ImageObject\",\"inLanguage\":\"de\",\"@id\":\"https:\\\/\\\/www.consultingcheck.com\\\/de\\\/ressource\\\/zielsetzung\\\/#primaryimage\",\"url\":\"https:\\\/\\\/www.consultingcheck.com\\\/wp-content\\\/uploads\\\/2021\\\/11\\\/zielsetzung.jpg\",\"contentUrl\":\"https:\\\/\\\/www.consultingcheck.com\\\/wp-content\\\/uploads\\\/2021\\\/11\\\/zielsetzung.jpg\",\"width\":1000,\"height\":679,\"caption\":\"Ein Screenshot des Briefings zum Thema Zielsetzungen.\"},{\"@type\":\"BreadcrumbList\",\"@id\":\"https:\\\/\\\/www.consultingcheck.com\\\/de\\\/ressource\\\/zielsetzung\\\/#breadcrumb\",\"itemListElement\":[{\"@type\":\"ListItem\",\"position\":1,\"name\":\"Startseite\",\"item\":\"https:\\\/\\\/www.consultingcheck.com\\\/de\\\/\"},{\"@type\":\"ListItem\",\"position\":2,\"name\":\"Downloads, Anwendungen und Produkte\",\"item\":\"https:\\\/\\\/www.consultingcheck.com\\\/de\\\/tools\\\/downloads-anwendungen-und-produkte\\\/\"},{\"@type\":\"ListItem\",\"position\":3,\"name\":\"Briefing zum Thema Zielsetzungen\"}]},{\"@type\":\"WebSite\",\"@id\":\"https:\\\/\\\/www.consultingcheck.com\\\/de\\\/#website\",\"url\":\"https:\\\/\\\/www.consultingcheck.com\\\/de\\\/\",\"name\":\"consultingcheck\",\"description\":\"Vernetzt gedacht. Entzaubert. Hands-on.\",\"potentialAction\":[{\"@type\":\"SearchAction\",\"target\":{\"@type\":\"EntryPoint\",\"urlTemplate\":\"https:\\\/\\\/www.consultingcheck.com\\\/de\\\/?s={search_term_string}\"},\"query-input\":{\"@type\":\"PropertyValueSpecification\",\"valueRequired\":true,\"valueName\":\"search_term_string\"}}],\"inLanguage\":\"de\"}]}<\/script>\n<!-- \/ Yoast SEO plugin. -->","yoast_head_json":{"title":"PDF-Briefing zum Thema Zielsetzungen kaufen!","description":"Ziele im Unternehmen effektiv erreichen: Im Briefing zum Thema Zielsetzungen erfahren Sie alles \u00fcber den richtigen Prozess. Jetzt downloaden!","robots":{"index":"index","follow":"follow","max-snippet":"max-snippet:-1","max-image-preview":"max-image-preview:large","max-video-preview":"max-video-preview:-1"},"canonical":"https:\/\/www.consultingcheck.com\/de\/ressource\/zielsetzung\/","og_locale":"de_DE","og_type":"article","og_title":"PDF-Briefing zum Thema Zielsetzungen kaufen!","og_description":"Ziele im Unternehmen effektiv erreichen: Im Briefing zum Thema Zielsetzungen erfahren Sie alles \u00fcber den richtigen Prozess. Jetzt downloaden!","og_url":"https:\/\/www.consultingcheck.com\/de\/ressource\/zielsetzung\/","og_site_name":"consultingcheck","article_modified_time":"2024-06-18T12:22:33+00:00","og_image":[{"width":1000,"height":679,"url":"https:\/\/www.consultingcheck.com\/wp-content\/uploads\/2021\/11\/zielsetzung.jpg","type":"image\/jpeg"}],"twitter_card":"summary_large_image","twitter_misc":{"Gesch\u00e4tzte Lesezeit":"2\u00a0Minuten"},"schema":{"@context":"https:\/\/schema.org","@graph":[{"@type":"WebPage","@id":"https:\/\/www.consultingcheck.com\/de\/ressource\/zielsetzung\/","url":"https:\/\/www.consultingcheck.com\/de\/ressource\/zielsetzung\/","name":"PDF-Briefing zum Thema Zielsetzungen kaufen!","isPartOf":{"@id":"https:\/\/www.consultingcheck.com\/de\/#website"},"primaryImageOfPage":{"@id":"https:\/\/www.consultingcheck.com\/de\/ressource\/zielsetzung\/#primaryimage"},"image":{"@id":"https:\/\/www.consultingcheck.com\/de\/ressource\/zielsetzung\/#primaryimage"},"thumbnailUrl":"https:\/\/www.consultingcheck.com\/wp-content\/uploads\/2021\/11\/zielsetzung.jpg","datePublished":"2021-11-08T23:49:54+00:00","dateModified":"2024-06-18T12:22:33+00:00","description":"Ziele im Unternehmen effektiv erreichen: Im Briefing zum Thema Zielsetzungen erfahren Sie alles \u00fcber den richtigen Prozess. Jetzt downloaden!","breadcrumb":{"@id":"https:\/\/www.consultingcheck.com\/de\/ressource\/zielsetzung\/#breadcrumb"},"inLanguage":"de","potentialAction":[{"@type":"ReadAction","target":["https:\/\/www.consultingcheck.com\/de\/ressource\/zielsetzung\/"]}]},{"@type":"ImageObject","inLanguage":"de","@id":"https:\/\/www.consultingcheck.com\/de\/ressource\/zielsetzung\/#primaryimage","url":"https:\/\/www.consultingcheck.com\/wp-content\/uploads\/2021\/11\/zielsetzung.jpg","contentUrl":"https:\/\/www.consultingcheck.com\/wp-content\/uploads\/2021\/11\/zielsetzung.jpg","width":1000,"height":679,"caption":"Ein Screenshot des Briefings zum Thema Zielsetzungen."},{"@type":"BreadcrumbList","@id":"https:\/\/www.consultingcheck.com\/de\/ressource\/zielsetzung\/#breadcrumb","itemListElement":[{"@type":"ListItem","position":1,"name":"Startseite","item":"https:\/\/www.consultingcheck.com\/de\/"},{"@type":"ListItem","position":2,"name":"Downloads, Anwendungen und Produkte","item":"https:\/\/www.consultingcheck.com\/de\/tools\/downloads-anwendungen-und-produkte\/"},{"@type":"ListItem","position":3,"name":"Briefing zum Thema Zielsetzungen"}]},{"@type":"WebSite","@id":"https:\/\/www.consultingcheck.com\/de\/#website","url":"https:\/\/www.consultingcheck.com\/de\/","name":"consultingcheck","description":"Vernetzt gedacht. Entzaubert. Hands-on.","potentialAction":[{"@type":"SearchAction","target":{"@type":"EntryPoint","urlTemplate":"https:\/\/www.consultingcheck.com\/de\/?s={search_term_string}"},"query-input":{"@type":"PropertyValueSpecification","valueRequired":true,"valueName":"search_term_string"}}],"inLanguage":"de"}]}},"_links":{"self":[{"href":"https:\/\/www.consultingcheck.com\/de\/wp-json\/wp\/v2\/product\/1720","targetHints":{"allow":["GET"]}}],"collection":[{"href":"https:\/\/www.consultingcheck.com\/de\/wp-json\/wp\/v2\/product"}],"about":[{"href":"https:\/\/www.consultingcheck.com\/de\/wp-json\/wp\/v2\/types\/product"}],"wp:featuredmedia":[{"embeddable":true,"href":"https:\/\/www.consultingcheck.com\/de\/wp-json\/wp\/v2\/media\/20168"}],"wp:attachment":[{"href":"https:\/\/www.consultingcheck.com\/de\/wp-json\/wp\/v2\/media?parent=1720"}],"wp:term":[{"taxonomy":"product_brand","embeddable":true,"href":"https:\/\/www.consultingcheck.com\/de\/wp-json\/wp\/v2\/product_brand?post=1720"},{"taxonomy":"product_cat","embeddable":true,"href":"https:\/\/www.consultingcheck.com\/de\/wp-json\/wp\/v2\/product_cat?post=1720"},{"taxonomy":"product_tag","embeddable":true,"href":"https:\/\/www.consultingcheck.com\/de\/wp-json\/wp\/v2\/product_tag?post=1720"},{"taxonomy":"jask_topic_categories","embeddable":true,"href":"https:\/\/www.consultingcheck.com\/de\/wp-json\/wp\/v2\/jask_topic_categories?post=1720"}],"curies":[{"name":"wp","href":"https:\/\/api.w.org\/{rel}","templated":true}]}}