{"id":1719,"date":"2021-11-09T00:49:54","date_gmt":"2021-11-08T23:49:54","guid":{"rendered":"https:\/\/www.consultingcheck.com\/ressource\/zeitmanagement\/"},"modified":"2024-06-18T14:21:05","modified_gmt":"2024-06-18T12:21:05","slug":"zeitmanagement","status":"publish","type":"product","link":"https:\/\/www.consultingcheck.com\/de\/ressource\/zeitmanagement\/","title":{"rendered":"Briefing zum &#8222;Zeitmanagement&#8220;"},"content":{"rendered":"<h3>Inhalte<\/h3>\n<p>Auf f\u00fcnf Inhaltsfolien erhalten Sie als F\u00fchrungskraft Impulse, worauf Sie sich im Unternehmen pers\u00f6nlich konzentrieren sollten und wie Sie sich die Zeit daf\u00fcr verschaffen k\u00f6nnen, um noch wirksamer zu werden.<\/p>\n<p>Mit wenig Zeitaufwand wird Ihr Blick in diesem Foliensatz auf das Wesentliche im Unternehmen gelenkt.<\/p>\n<p>&nbsp;<\/p>\n<h3>Vorteile<\/h3>\n<ul>\n<li>Ihnen wird bewusst, welchen Stellenwert F\u00fchrung im Unternehmen hat.<\/li>\n<li>Sie erfahren, welche Aufgaben Sie delegieren sollten, um Zeit f\u00fcr F\u00fchrung zu gewinnen.<\/li>\n<\/ul>\n<h3><\/h3>\n<h3>Digitaler Download<\/h3>\n<p>Nach der Bestellung erhalten Sie einen Download-Link zum Foliensatz, den Sie sofort nutzen k\u00f6nnen.<\/p>\n<p>Bitte beachten Sie, dass dieser Foliensatz, zu dem Sie den Zugang erwerben, ausschlie\u00dflich f\u00fcr Ihren pers\u00f6nlichen Gebrauch bestimmt sind. Es ist untersagt, die Folien in jeglicher Form und in jeglicher digitaler oder physischer Weise weiterzuverkaufen oder sie ohne meine Erlaubnis in einer physischen oder Online-Ver\u00f6ffentlichung zu ver\u00f6ffentlichen. Ich bin der einzige Copyright-Inhaber dieser Datei.<\/p>\n<p>Link zum Download: pdf<\/p>\n","protected":false},"excerpt":{"rendered":"<h2><strong>Zeitmanagement f\u00fcr Fach- und F\u00fchrungskr\u00e4fte: So arbeiten Sie einfach fokussierter!<\/strong><\/h2>\n","protected":false},"featured_media":20240,"template":"","meta":{"_links_to":"","_links_to_target":""},"product_brand":[],"product_cat":[594,601],"product_tag":[],"jask_topic_categories":[1220,118,120,127,126,128,131,153,181,254,258,266,327,333,257,259,260,262,263,264,265,253,267,268,275,280,284,312,277,282,286,328,329,343,341,392],"class_list":{"0":"post-1719","1":"product","2":"type-product","3":"status-publish","4":"has-post-thumbnail","6":"product_cat-leadership","7":"product_cat-foliensatz","8":"jask_topic_categories-management","9":"jask_topic_categories-vertriebsmanagement","10":"jask_topic_categories-operative-vertriebsfuehrung","11":"jask_topic_categories-prozessoptimierung","12":"jask_topic_categories-durchsatz","13":"jask_topic_categories-schnittstellen-in-prozessen","14":"jask_topic_categories-koordination-und-entwicklungsfaehigkeit-in-die-prozesse-legen","15":"jask_topic_categories-fertigungsmanagement","16":"jask_topic_categories-voraussetzungen-fuer-kreativitaet-schaffen","17":"jask_topic_categories-relevanz-von-leadership","18":"jask_topic_categories-innenfuehrung","19":"jask_topic_categories-aussenfuehrung","20":"jask_topic_categories-agiles-arbeiten","21":"jask_topic_categories-projektmanagement","22":"jask_topic_categories-personalfuehrung","23":"jask_topic_categories-leadership-haltung","24":"jask_topic_categories-selbstwahrnehmung-und-selbststeuerung","25":"jask_topic_categories-zeitmanagement","26":"jask_topic_categories-pareto-prinzip","27":"jask_topic_categories-eisenhower-prinzip","28":"jask_topic_categories-delegieren-von-aufgaben","29":"jask_topic_categories-leadership","30":"jask_topic_categories-leistungsklima-und-fairer-umgang-miteinander","31":"jask_topic_categories-kultur-des-vertrauens-und-der-wertschaetzung","32":"jask_topic_categories-fuehrungsbereitschaft-fuehrungsfaehigkeit-und-fuehrungsmoeglichkeit","33":"jask_topic_categories-umgang-mit-zielen","34":"jask_topic_categories-entscheidungen-aussenfuehrung","35":"jask_topic_categories-mitarbeitergespraeche","36":"jask_topic_categories-fuehrungsfaehigkeit","37":"jask_topic_categories-zielverfolgung","38":"jask_topic_categories-entscheidungsprozess","39":"jask_topic_categories-voraussetzungen-fuer-agiles-arbeiten","40":"jask_topic_categories-methoden-fuer-agiles-arbeiten","41":"jask_topic_categories-businessplan","42":"jask_topic_categories-controlling-und-risikomanagement","43":"jask_topic_categories-straffes-forderungsmanagement","45":"first","46":"instock","47":"sold-individually","48":"taxable","49":"shipping-taxable","50":"purchasable","51":"product-type-variable"},"yoast_head":"<!-- This site is optimized with the Yoast SEO plugin v27.4 - https:\/\/yoast.com\/product\/yoast-seo-wordpress\/ -->\n<title>PDF-Briefing zum Zeitmanagement downloaden!<\/title>\n<meta name=\"description\" content=\"Als F\u00fchrungskraft produktiv arbeiten: Wir geben Ihnen wertvolle Tipps f\u00fcr ein besseres Zeitmanagement. Laden Sie jetzt unser PDF-Briefing herunter!\" \/>\n<meta name=\"robots\" content=\"index, follow, max-snippet:-1, max-image-preview:large, max-video-preview:-1\" \/>\n<link rel=\"canonical\" href=\"https:\/\/www.consultingcheck.com\/de\/ressource\/zeitmanagement\/\" \/>\n<meta property=\"og:locale\" content=\"de_DE\" \/>\n<meta property=\"og:type\" content=\"article\" \/>\n<meta property=\"og:title\" content=\"PDF-Briefing zum Zeitmanagement downloaden!\" \/>\n<meta property=\"og:description\" content=\"Als F\u00fchrungskraft produktiv arbeiten: Wir geben Ihnen wertvolle Tipps f\u00fcr ein besseres Zeitmanagement. Laden Sie jetzt unser PDF-Briefing herunter!\" \/>\n<meta property=\"og:url\" content=\"https:\/\/www.consultingcheck.com\/de\/ressource\/zeitmanagement\/\" \/>\n<meta property=\"og:site_name\" content=\"consultingcheck\" \/>\n<meta property=\"article:modified_time\" content=\"2024-06-18T12:21:05+00:00\" \/>\n<meta property=\"og:image\" content=\"https:\/\/www.consultingcheck.com\/wp-content\/uploads\/2021\/11\/zeitmanagement.jpg\" \/>\n\t<meta property=\"og:image:width\" content=\"1000\" \/>\n\t<meta property=\"og:image:height\" content=\"679\" \/>\n\t<meta property=\"og:image:type\" content=\"image\/jpeg\" \/>\n<meta name=\"twitter:card\" content=\"summary_large_image\" \/>\n<meta name=\"twitter:label1\" content=\"Gesch\u00e4tzte Lesezeit\" \/>\n\t<meta name=\"twitter:data1\" content=\"1\u00a0Minute\" \/>\n<script type=\"application\/ld+json\" class=\"yoast-schema-graph\">{\"@context\":\"https:\\\/\\\/schema.org\",\"@graph\":[{\"@type\":\"WebPage\",\"@id\":\"https:\\\/\\\/www.consultingcheck.com\\\/de\\\/ressource\\\/zeitmanagement\\\/\",\"url\":\"https:\\\/\\\/www.consultingcheck.com\\\/de\\\/ressource\\\/zeitmanagement\\\/\",\"name\":\"PDF-Briefing zum Zeitmanagement downloaden!\",\"isPartOf\":{\"@id\":\"https:\\\/\\\/www.consultingcheck.com\\\/de\\\/#website\"},\"primaryImageOfPage\":{\"@id\":\"https:\\\/\\\/www.consultingcheck.com\\\/de\\\/ressource\\\/zeitmanagement\\\/#primaryimage\"},\"image\":{\"@id\":\"https:\\\/\\\/www.consultingcheck.com\\\/de\\\/ressource\\\/zeitmanagement\\\/#primaryimage\"},\"thumbnailUrl\":\"https:\\\/\\\/www.consultingcheck.com\\\/wp-content\\\/uploads\\\/2021\\\/11\\\/zeitmanagement.jpg\",\"datePublished\":\"2021-11-08T23:49:54+00:00\",\"dateModified\":\"2024-06-18T12:21:05+00:00\",\"description\":\"Als F\u00fchrungskraft produktiv arbeiten: Wir geben Ihnen wertvolle Tipps f\u00fcr ein besseres Zeitmanagement. Laden Sie jetzt unser PDF-Briefing herunter!\",\"breadcrumb\":{\"@id\":\"https:\\\/\\\/www.consultingcheck.com\\\/de\\\/ressource\\\/zeitmanagement\\\/#breadcrumb\"},\"inLanguage\":\"de\",\"potentialAction\":[{\"@type\":\"ReadAction\",\"target\":[\"https:\\\/\\\/www.consultingcheck.com\\\/de\\\/ressource\\\/zeitmanagement\\\/\"]}]},{\"@type\":\"ImageObject\",\"inLanguage\":\"de\",\"@id\":\"https:\\\/\\\/www.consultingcheck.com\\\/de\\\/ressource\\\/zeitmanagement\\\/#primaryimage\",\"url\":\"https:\\\/\\\/www.consultingcheck.com\\\/wp-content\\\/uploads\\\/2021\\\/11\\\/zeitmanagement.jpg\",\"contentUrl\":\"https:\\\/\\\/www.consultingcheck.com\\\/wp-content\\\/uploads\\\/2021\\\/11\\\/zeitmanagement.jpg\",\"width\":1000,\"height\":679,\"caption\":\"Ein Screenshot des Briefings zum Zeitmanagement.\"},{\"@type\":\"BreadcrumbList\",\"@id\":\"https:\\\/\\\/www.consultingcheck.com\\\/de\\\/ressource\\\/zeitmanagement\\\/#breadcrumb\",\"itemListElement\":[{\"@type\":\"ListItem\",\"position\":1,\"name\":\"Startseite\",\"item\":\"https:\\\/\\\/www.consultingcheck.com\\\/de\\\/\"},{\"@type\":\"ListItem\",\"position\":2,\"name\":\"Downloads, Anwendungen und Produkte\",\"item\":\"https:\\\/\\\/www.consultingcheck.com\\\/de\\\/tools\\\/downloads-anwendungen-und-produkte\\\/\"},{\"@type\":\"ListItem\",\"position\":3,\"name\":\"Briefing zum &#8222;Zeitmanagement&#8220;\"}]},{\"@type\":\"WebSite\",\"@id\":\"https:\\\/\\\/www.consultingcheck.com\\\/de\\\/#website\",\"url\":\"https:\\\/\\\/www.consultingcheck.com\\\/de\\\/\",\"name\":\"consultingcheck\",\"description\":\"Vernetzt gedacht. Entzaubert. Hands-on.\",\"potentialAction\":[{\"@type\":\"SearchAction\",\"target\":{\"@type\":\"EntryPoint\",\"urlTemplate\":\"https:\\\/\\\/www.consultingcheck.com\\\/de\\\/?s={search_term_string}\"},\"query-input\":{\"@type\":\"PropertyValueSpecification\",\"valueRequired\":true,\"valueName\":\"search_term_string\"}}],\"inLanguage\":\"de\"}]}<\/script>\n<!-- \/ Yoast SEO plugin. -->","yoast_head_json":{"title":"PDF-Briefing zum Zeitmanagement downloaden!","description":"Als F\u00fchrungskraft produktiv arbeiten: Wir geben Ihnen wertvolle Tipps f\u00fcr ein besseres Zeitmanagement. Laden Sie jetzt unser PDF-Briefing herunter!","robots":{"index":"index","follow":"follow","max-snippet":"max-snippet:-1","max-image-preview":"max-image-preview:large","max-video-preview":"max-video-preview:-1"},"canonical":"https:\/\/www.consultingcheck.com\/de\/ressource\/zeitmanagement\/","og_locale":"de_DE","og_type":"article","og_title":"PDF-Briefing zum Zeitmanagement downloaden!","og_description":"Als F\u00fchrungskraft produktiv arbeiten: Wir geben Ihnen wertvolle Tipps f\u00fcr ein besseres Zeitmanagement. Laden Sie jetzt unser PDF-Briefing herunter!","og_url":"https:\/\/www.consultingcheck.com\/de\/ressource\/zeitmanagement\/","og_site_name":"consultingcheck","article_modified_time":"2024-06-18T12:21:05+00:00","og_image":[{"width":1000,"height":679,"url":"https:\/\/www.consultingcheck.com\/wp-content\/uploads\/2021\/11\/zeitmanagement.jpg","type":"image\/jpeg"}],"twitter_card":"summary_large_image","twitter_misc":{"Gesch\u00e4tzte Lesezeit":"1\u00a0Minute"},"schema":{"@context":"https:\/\/schema.org","@graph":[{"@type":"WebPage","@id":"https:\/\/www.consultingcheck.com\/de\/ressource\/zeitmanagement\/","url":"https:\/\/www.consultingcheck.com\/de\/ressource\/zeitmanagement\/","name":"PDF-Briefing zum Zeitmanagement downloaden!","isPartOf":{"@id":"https:\/\/www.consultingcheck.com\/de\/#website"},"primaryImageOfPage":{"@id":"https:\/\/www.consultingcheck.com\/de\/ressource\/zeitmanagement\/#primaryimage"},"image":{"@id":"https:\/\/www.consultingcheck.com\/de\/ressource\/zeitmanagement\/#primaryimage"},"thumbnailUrl":"https:\/\/www.consultingcheck.com\/wp-content\/uploads\/2021\/11\/zeitmanagement.jpg","datePublished":"2021-11-08T23:49:54+00:00","dateModified":"2024-06-18T12:21:05+00:00","description":"Als F\u00fchrungskraft produktiv arbeiten: Wir geben Ihnen wertvolle Tipps f\u00fcr ein besseres Zeitmanagement. Laden Sie jetzt unser PDF-Briefing herunter!","breadcrumb":{"@id":"https:\/\/www.consultingcheck.com\/de\/ressource\/zeitmanagement\/#breadcrumb"},"inLanguage":"de","potentialAction":[{"@type":"ReadAction","target":["https:\/\/www.consultingcheck.com\/de\/ressource\/zeitmanagement\/"]}]},{"@type":"ImageObject","inLanguage":"de","@id":"https:\/\/www.consultingcheck.com\/de\/ressource\/zeitmanagement\/#primaryimage","url":"https:\/\/www.consultingcheck.com\/wp-content\/uploads\/2021\/11\/zeitmanagement.jpg","contentUrl":"https:\/\/www.consultingcheck.com\/wp-content\/uploads\/2021\/11\/zeitmanagement.jpg","width":1000,"height":679,"caption":"Ein Screenshot des Briefings zum Zeitmanagement."},{"@type":"BreadcrumbList","@id":"https:\/\/www.consultingcheck.com\/de\/ressource\/zeitmanagement\/#breadcrumb","itemListElement":[{"@type":"ListItem","position":1,"name":"Startseite","item":"https:\/\/www.consultingcheck.com\/de\/"},{"@type":"ListItem","position":2,"name":"Downloads, Anwendungen und Produkte","item":"https:\/\/www.consultingcheck.com\/de\/tools\/downloads-anwendungen-und-produkte\/"},{"@type":"ListItem","position":3,"name":"Briefing zum &#8222;Zeitmanagement&#8220;"}]},{"@type":"WebSite","@id":"https:\/\/www.consultingcheck.com\/de\/#website","url":"https:\/\/www.consultingcheck.com\/de\/","name":"consultingcheck","description":"Vernetzt gedacht. Entzaubert. Hands-on.","potentialAction":[{"@type":"SearchAction","target":{"@type":"EntryPoint","urlTemplate":"https:\/\/www.consultingcheck.com\/de\/?s={search_term_string}"},"query-input":{"@type":"PropertyValueSpecification","valueRequired":true,"valueName":"search_term_string"}}],"inLanguage":"de"}]}},"_links":{"self":[{"href":"https:\/\/www.consultingcheck.com\/de\/wp-json\/wp\/v2\/product\/1719","targetHints":{"allow":["GET"]}}],"collection":[{"href":"https:\/\/www.consultingcheck.com\/de\/wp-json\/wp\/v2\/product"}],"about":[{"href":"https:\/\/www.consultingcheck.com\/de\/wp-json\/wp\/v2\/types\/product"}],"wp:featuredmedia":[{"embeddable":true,"href":"https:\/\/www.consultingcheck.com\/de\/wp-json\/wp\/v2\/media\/20240"}],"wp:attachment":[{"href":"https:\/\/www.consultingcheck.com\/de\/wp-json\/wp\/v2\/media?parent=1719"}],"wp:term":[{"taxonomy":"product_brand","embeddable":true,"href":"https:\/\/www.consultingcheck.com\/de\/wp-json\/wp\/v2\/product_brand?post=1719"},{"taxonomy":"product_cat","embeddable":true,"href":"https:\/\/www.consultingcheck.com\/de\/wp-json\/wp\/v2\/product_cat?post=1719"},{"taxonomy":"product_tag","embeddable":true,"href":"https:\/\/www.consultingcheck.com\/de\/wp-json\/wp\/v2\/product_tag?post=1719"},{"taxonomy":"jask_topic_categories","embeddable":true,"href":"https:\/\/www.consultingcheck.com\/de\/wp-json\/wp\/v2\/jask_topic_categories?post=1719"}],"curies":[{"name":"wp","href":"https:\/\/api.w.org\/{rel}","templated":true}]}}