{"id":1717,"date":"2021-11-09T00:49:54","date_gmt":"2021-11-08T23:49:54","guid":{"rendered":"https:\/\/www.consultingcheck.com\/ressource\/motivation-fuer-und-einordnung-von-leadership\/"},"modified":"2024-06-18T14:18:05","modified_gmt":"2024-06-18T12:18:05","slug":"motivation-fuer-und-einordnung-von-leadership","status":"publish","type":"product","link":"https:\/\/www.consultingcheck.com\/de\/ressource\/motivation-fuer-und-einordnung-von-leadership\/","title":{"rendered":"Briefing zur Bedeutung von Leadership"},"content":{"rendered":"<h3>Inhalte<\/h3>\n<p>In diesem Foliensatz erfahren Sie auf 22 Inhaltsfolien, weshalb Leadership f\u00fcr Unternehmen so wichtig ist. Ihnen wird bewusst gemacht, dass alles, was in Unternehmen geschieht, von Menschen erfolgt, weshalb die F\u00fchrung dieser Menschen einen wesentlichen Einfluss auf die Ausrichtung, die Leistung und die Efffizienz hat. Anhand aktueller Studien erfahren Sie, dass Minderleistung ma\u00dfgeblich auf schlechte F\u00fchrung zur\u00fcckzuf\u00fchren ist. Potenziale werden dargestellt, bevor \u201eF\u00fchrung\u201c als eine Komponente des Managements vorgestellt wird. Schlie\u00dflich werden verschiedene F\u00fchrungsstile gezeigt.<\/p>\n<p>&nbsp;<\/p>\n<h3>Vorteile<\/h3>\n<ul>\n<li>Ihnen wird klar, welche Bedeutung F\u00fchrung f\u00fcr den Unternehmenserfolg hat.<\/li>\n<li>Sie lernen die Aufgaben, die mit F\u00fchrung verbunden sind, als wichtige Komponenten des Managements kennen.<\/li>\n<li>Sie lernen die Auspr\u00e4gungen verschiedener F\u00fchrungsstile kennen.<\/li>\n<\/ul>\n<p>&nbsp;<\/p>\n<h3>Digitaler Download<\/h3>\n<p>Nach der Bestellung erhalten Sie einen Download-Link zum Foliensatz, den Sie sofort nutzen k\u00f6nnen.<\/p>\n<p>Bitte beachten Sie, dass dieser Foliensatz, zu dem Sie den Zugang erwerben, ausschlie\u00dflich f\u00fcr Ihren pers\u00f6nlichen Gebrauch bestimmt sind. Es ist untersagt, die Folien in jeglicher Form und in jeglicher digitaler oder physischer Weise weiterzuverkaufen oder sie ohne meine Erlaubnis in einer physischen oder Online-Ver\u00f6ffentlichung zu ver\u00f6ffentlichen. Ich bin der einzige Copyright-Inhaber dieser Datei.<\/p>\n<p>Link zum Download: pdf<\/p>\n","protected":false},"excerpt":{"rendered":"<h2><strong>Was ist Leadership und warum ist es so wichtig? Jetzt mehr erfahren in unserem Foliensatz!<\/strong><\/h2>\n","protected":false},"featured_media":0,"template":"","meta":{"_links_to":"","_links_to_target":""},"product_brand":[],"product_cat":[594,601],"product_tag":[],"jask_topic_categories":[1220,254,255,258,266,259,260,253,267,268,271,272,275,280,312,318,321,279,277,305,306,315,317,319,320,379,380,378],"class_list":{"0":"post-1717","1":"product","2":"type-product","3":"status-publish","5":"product_cat-leadership","6":"product_cat-foliensatz","7":"jask_topic_categories-management","8":"jask_topic_categories-relevanz-von-leadership","9":"jask_topic_categories-einordnung-von-leadership","10":"jask_topic_categories-innenfuehrung","11":"jask_topic_categories-aussenfuehrung","12":"jask_topic_categories-leadership-haltung","13":"jask_topic_categories-selbstwahrnehmung-und-selbststeuerung","14":"jask_topic_categories-leadership","15":"jask_topic_categories-leistungsklima-und-fairer-umgang-miteinander","16":"jask_topic_categories-kultur-des-vertrauens-und-der-wertschaetzung","17":"jask_topic_categories-identifikation-von-potenzial-und-leistungstraegern","18":"jask_topic_categories-fachliche-und-persoenliche-merkmale","19":"jask_topic_categories-fuehrungsbereitschaft-fuehrungsfaehigkeit-und-fuehrungsmoeglichkeit","20":"jask_topic_categories-umgang-mit-zielen","21":"jask_topic_categories-mitarbeitergespraeche","22":"jask_topic_categories-rollenwechsel-zur-fuehrungskraft","23":"jask_topic_categories-konfliktmanagement","24":"jask_topic_categories-vorleben-der-fuehrungsrolle","25":"jask_topic_categories-fuehrungsfaehigkeit","26":"jask_topic_categories-motive","27":"jask_topic_categories-intrinsische-und-extrinsische-motivationsfaktoren","28":"jask_topic_categories-gespraechsprinzipien","29":"jask_topic_categories-kritikgespraeche","30":"jask_topic_categories-von-der-fachkraft-zur-fuehrungskraft","31":"jask_topic_categories-umgang-mit-ehemaligen-mitarbeitern","32":"jask_topic_categories-corporate-social-responsibility-csr","33":"jask_topic_categories-employer-branding","34":"jask_topic_categories-corporate-social-responsibility-csr-und-employer-branding","36":"first","37":"instock","38":"sold-individually","39":"taxable","40":"shipping-taxable","41":"purchasable","42":"product-type-variable"},"yoast_head":"<!-- This site is optimized with the Yoast SEO plugin v27.3 - https:\/\/yoast.com\/product\/yoast-seo-wordpress\/ -->\n<title>Bedeutung von Leadership: PDF-Briefing herunterladen!<\/title>\n<meta name=\"description\" content=\"Was bedeutet Leadership? Wir haben Ihnen die wesentlichen Aspekte auf 22 Inhaltsfolien zusammengestellt. Jetzt PDF-Briefing downloaden!\" \/>\n<meta name=\"robots\" content=\"index, follow, max-snippet:-1, max-image-preview:large, max-video-preview:-1\" \/>\n<link rel=\"canonical\" href=\"https:\/\/www.consultingcheck.com\/de\/ressource\/motivation-fuer-und-einordnung-von-leadership\/\" \/>\n<meta property=\"og:locale\" content=\"de_DE\" \/>\n<meta property=\"og:type\" content=\"article\" \/>\n<meta property=\"og:title\" content=\"Bedeutung von Leadership: PDF-Briefing herunterladen!\" \/>\n<meta property=\"og:description\" content=\"Was bedeutet Leadership? Wir haben Ihnen die wesentlichen Aspekte auf 22 Inhaltsfolien zusammengestellt. Jetzt PDF-Briefing downloaden!\" \/>\n<meta property=\"og:url\" content=\"https:\/\/www.consultingcheck.com\/de\/ressource\/motivation-fuer-und-einordnung-von-leadership\/\" \/>\n<meta property=\"og:site_name\" content=\"consultingcheck\" \/>\n<meta property=\"article:modified_time\" content=\"2024-06-18T12:18:05+00:00\" \/>\n<meta name=\"twitter:card\" content=\"summary_large_image\" \/>\n<meta name=\"twitter:label1\" content=\"Gesch\u00e4tzte Lesezeit\" \/>\n\t<meta name=\"twitter:data1\" content=\"2\u00a0Minuten\" \/>\n<script type=\"application\/ld+json\" class=\"yoast-schema-graph\">{\"@context\":\"https:\\\/\\\/schema.org\",\"@graph\":[{\"@type\":\"WebPage\",\"@id\":\"https:\\\/\\\/www.consultingcheck.com\\\/de\\\/ressource\\\/motivation-fuer-und-einordnung-von-leadership\\\/\",\"url\":\"https:\\\/\\\/www.consultingcheck.com\\\/de\\\/ressource\\\/motivation-fuer-und-einordnung-von-leadership\\\/\",\"name\":\"Bedeutung von Leadership: PDF-Briefing herunterladen!\",\"isPartOf\":{\"@id\":\"https:\\\/\\\/www.consultingcheck.com\\\/de\\\/#website\"},\"datePublished\":\"2021-11-08T23:49:54+00:00\",\"dateModified\":\"2024-06-18T12:18:05+00:00\",\"description\":\"Was bedeutet Leadership? Wir haben Ihnen die wesentlichen Aspekte auf 22 Inhaltsfolien zusammengestellt. Jetzt PDF-Briefing downloaden!\",\"breadcrumb\":{\"@id\":\"https:\\\/\\\/www.consultingcheck.com\\\/de\\\/ressource\\\/motivation-fuer-und-einordnung-von-leadership\\\/#breadcrumb\"},\"inLanguage\":\"de\",\"potentialAction\":[{\"@type\":\"ReadAction\",\"target\":[\"https:\\\/\\\/www.consultingcheck.com\\\/de\\\/ressource\\\/motivation-fuer-und-einordnung-von-leadership\\\/\"]}]},{\"@type\":\"BreadcrumbList\",\"@id\":\"https:\\\/\\\/www.consultingcheck.com\\\/de\\\/ressource\\\/motivation-fuer-und-einordnung-von-leadership\\\/#breadcrumb\",\"itemListElement\":[{\"@type\":\"ListItem\",\"position\":1,\"name\":\"Startseite\",\"item\":\"https:\\\/\\\/www.consultingcheck.com\\\/de\\\/\"},{\"@type\":\"ListItem\",\"position\":2,\"name\":\"Downloads, Anwendungen und Produkte\",\"item\":\"https:\\\/\\\/www.consultingcheck.com\\\/de\\\/tools\\\/downloads-anwendungen-und-produkte\\\/\"},{\"@type\":\"ListItem\",\"position\":3,\"name\":\"Briefing zur Bedeutung von Leadership\"}]},{\"@type\":\"WebSite\",\"@id\":\"https:\\\/\\\/www.consultingcheck.com\\\/de\\\/#website\",\"url\":\"https:\\\/\\\/www.consultingcheck.com\\\/de\\\/\",\"name\":\"consultingcheck\",\"description\":\"Vernetzt gedacht. Entzaubert. Hands-on.\",\"potentialAction\":[{\"@type\":\"SearchAction\",\"target\":{\"@type\":\"EntryPoint\",\"urlTemplate\":\"https:\\\/\\\/www.consultingcheck.com\\\/de\\\/?s={search_term_string}\"},\"query-input\":{\"@type\":\"PropertyValueSpecification\",\"valueRequired\":true,\"valueName\":\"search_term_string\"}}],\"inLanguage\":\"de\"}]}<\/script>\n<!-- \/ Yoast SEO plugin. -->","yoast_head_json":{"title":"Bedeutung von Leadership: PDF-Briefing herunterladen!","description":"Was bedeutet Leadership? Wir haben Ihnen die wesentlichen Aspekte auf 22 Inhaltsfolien zusammengestellt. Jetzt PDF-Briefing downloaden!","robots":{"index":"index","follow":"follow","max-snippet":"max-snippet:-1","max-image-preview":"max-image-preview:large","max-video-preview":"max-video-preview:-1"},"canonical":"https:\/\/www.consultingcheck.com\/de\/ressource\/motivation-fuer-und-einordnung-von-leadership\/","og_locale":"de_DE","og_type":"article","og_title":"Bedeutung von Leadership: PDF-Briefing herunterladen!","og_description":"Was bedeutet Leadership? Wir haben Ihnen die wesentlichen Aspekte auf 22 Inhaltsfolien zusammengestellt. Jetzt PDF-Briefing downloaden!","og_url":"https:\/\/www.consultingcheck.com\/de\/ressource\/motivation-fuer-und-einordnung-von-leadership\/","og_site_name":"consultingcheck","article_modified_time":"2024-06-18T12:18:05+00:00","twitter_card":"summary_large_image","twitter_misc":{"Gesch\u00e4tzte Lesezeit":"2\u00a0Minuten"},"schema":{"@context":"https:\/\/schema.org","@graph":[{"@type":"WebPage","@id":"https:\/\/www.consultingcheck.com\/de\/ressource\/motivation-fuer-und-einordnung-von-leadership\/","url":"https:\/\/www.consultingcheck.com\/de\/ressource\/motivation-fuer-und-einordnung-von-leadership\/","name":"Bedeutung von Leadership: PDF-Briefing herunterladen!","isPartOf":{"@id":"https:\/\/www.consultingcheck.com\/de\/#website"},"datePublished":"2021-11-08T23:49:54+00:00","dateModified":"2024-06-18T12:18:05+00:00","description":"Was bedeutet Leadership? Wir haben Ihnen die wesentlichen Aspekte auf 22 Inhaltsfolien zusammengestellt. Jetzt PDF-Briefing downloaden!","breadcrumb":{"@id":"https:\/\/www.consultingcheck.com\/de\/ressource\/motivation-fuer-und-einordnung-von-leadership\/#breadcrumb"},"inLanguage":"de","potentialAction":[{"@type":"ReadAction","target":["https:\/\/www.consultingcheck.com\/de\/ressource\/motivation-fuer-und-einordnung-von-leadership\/"]}]},{"@type":"BreadcrumbList","@id":"https:\/\/www.consultingcheck.com\/de\/ressource\/motivation-fuer-und-einordnung-von-leadership\/#breadcrumb","itemListElement":[{"@type":"ListItem","position":1,"name":"Startseite","item":"https:\/\/www.consultingcheck.com\/de\/"},{"@type":"ListItem","position":2,"name":"Downloads, Anwendungen und Produkte","item":"https:\/\/www.consultingcheck.com\/de\/tools\/downloads-anwendungen-und-produkte\/"},{"@type":"ListItem","position":3,"name":"Briefing zur Bedeutung von Leadership"}]},{"@type":"WebSite","@id":"https:\/\/www.consultingcheck.com\/de\/#website","url":"https:\/\/www.consultingcheck.com\/de\/","name":"consultingcheck","description":"Vernetzt gedacht. Entzaubert. Hands-on.","potentialAction":[{"@type":"SearchAction","target":{"@type":"EntryPoint","urlTemplate":"https:\/\/www.consultingcheck.com\/de\/?s={search_term_string}"},"query-input":{"@type":"PropertyValueSpecification","valueRequired":true,"valueName":"search_term_string"}}],"inLanguage":"de"}]}},"_links":{"self":[{"href":"https:\/\/www.consultingcheck.com\/de\/wp-json\/wp\/v2\/product\/1717","targetHints":{"allow":["GET"]}}],"collection":[{"href":"https:\/\/www.consultingcheck.com\/de\/wp-json\/wp\/v2\/product"}],"about":[{"href":"https:\/\/www.consultingcheck.com\/de\/wp-json\/wp\/v2\/types\/product"}],"wp:attachment":[{"href":"https:\/\/www.consultingcheck.com\/de\/wp-json\/wp\/v2\/media?parent=1717"}],"wp:term":[{"taxonomy":"product_brand","embeddable":true,"href":"https:\/\/www.consultingcheck.com\/de\/wp-json\/wp\/v2\/product_brand?post=1717"},{"taxonomy":"product_cat","embeddable":true,"href":"https:\/\/www.consultingcheck.com\/de\/wp-json\/wp\/v2\/product_cat?post=1717"},{"taxonomy":"product_tag","embeddable":true,"href":"https:\/\/www.consultingcheck.com\/de\/wp-json\/wp\/v2\/product_tag?post=1717"},{"taxonomy":"jask_topic_categories","embeddable":true,"href":"https:\/\/www.consultingcheck.com\/de\/wp-json\/wp\/v2\/jask_topic_categories?post=1717"}],"curies":[{"name":"wp","href":"https:\/\/api.w.org\/{rel}","templated":true}]}}