{"id":1715,"date":"2021-11-09T00:49:54","date_gmt":"2021-11-08T23:49:54","guid":{"rendered":"https:\/\/www.consultingcheck.com\/ressource\/mitarbeitergespraeche\/"},"modified":"2024-06-18T14:15:50","modified_gmt":"2024-06-18T12:15:50","slug":"mitarbeitergespraeche","status":"publish","type":"product","link":"https:\/\/www.consultingcheck.com\/de\/ressource\/mitarbeitergespraeche\/","title":{"rendered":"Briefing zu Mitarbeitergespr\u00e4chen"},"content":{"rendered":"<h3>Inhalte<\/h3>\n<p>In diesem Foliensatz erhalten Sie auf 12 Inhaltsfolien die essenziellen Empfehlungen f\u00fcr erfolgreiche Mitarbeitergespr\u00e4che. Sie erfahren, welche Arten von Mitarbeitergespr\u00e4chen es gibt und wie die Kommunikation in Mitarbeitergespr\u00e4chen gelingen kann. Insbesondere erhalten Sie konkrete Empfehlungen zur Vorbereitung und Strukturierung von Mitarbeitergespr\u00e4chen. Sie lernen wesentliche Gespr\u00e4chsprinzipien kennen. Weil man in Kritikgespr\u00e4che besonders viel falsch machen kann, gibt dieser Foliensatz insbesondere Empfehlungen f\u00fcr Kritikgespr\u00e4che.<\/p>\n<p>&nbsp;<\/p>\n<h3>Vorteile<\/h3>\n<ul>\n<li>Sie erhalten die besten konkreten Empfehlungen, damit Ihre Mitarbeitergespr\u00e4che gelingen.<\/li>\n<li>Sie lernen, zwischen unterschiedlichen Mitarbeitergespr\u00e4chen bez\u00fcglich der Gespr\u00e4chsinhalte und der beabsichtigten Gespr\u00e4chsergebnisse zu unterscheiden.<\/li>\n<li>Sie erfahren auch, woran es in der Regel liegt, wenn Mitarbeitergespr\u00e4che scheitern.<\/li>\n<li>Sie werden auf Mitarbeitergespr\u00e4che, insbesondere auf konstruktive Kritikgespr\u00e4che, gut vorbereitet.<\/li>\n<\/ul>\n<p>&nbsp;<\/p>\n<h3>Digitaler Download<\/h3>\n<p>Nach der Bestellung erhalten Sie einen Download-Link zum Foliensatz, den Sie sofort nutzen k\u00f6nnen.<\/p>\n<p>Bitte beachten Sie, dass dieser Foliensatz, zu dem Sie den Zugang erwerben, ausschlie\u00dflich f\u00fcr Ihren pers\u00f6nlichen Gebrauch bestimmt sind. Es ist untersagt, die Folien in jeglicher Form und in jeglicher digitaler oder physischer Weise weiterzuverkaufen oder sie ohne meine Erlaubnis in einer physischen oder Online-Ver\u00f6ffentlichung zu ver\u00f6ffentlichen. Ich bin der einzige Copyright-Inhaber dieser Datei.<\/p>\n<p>Link zum Download: pdf<\/p>\n<p>&nbsp;<\/p>\n","protected":false},"excerpt":{"rendered":"<h2><strong>Lernen Sie mit diesem Foliensatz wie Sie erfolgreich Mitarbeitergespr\u00e4che f\u00fchren!<\/strong><\/h2>\n","protected":false},"featured_media":20120,"template":"","meta":{"_links_to":"","_links_to_target":""},"product_brand":[],"product_cat":[594,601],"product_tag":[],"jask_topic_categories":[1220,118,120,249,255,258,266,333,340,257,259,260,250,253,267,268,271,274,275,304,312,318,321,270,279,281,282,305,313,314,315,316,317,320,415,418,419,421,432,433,434,435,481,477,491,490,529,1209,530,531,532,533,534,535,536,537,538,539,540,541,542,543,544,545],"class_list":{"0":"post-1715","1":"product","2":"type-product","3":"status-publish","4":"has-post-thumbnail","6":"product_cat-leadership","7":"product_cat-foliensatz","8":"jask_topic_categories-management","9":"jask_topic_categories-vertriebsmanagement","10":"jask_topic_categories-operative-vertriebsfuehrung","11":"jask_topic_categories-organisation-und-personal","12":"jask_topic_categories-einordnung-von-leadership","13":"jask_topic_categories-innenfuehrung","14":"jask_topic_categories-aussenfuehrung","15":"jask_topic_categories-projektmanagement","16":"jask_topic_categories-fuehrung-und-moral","17":"jask_topic_categories-personalfuehrung","18":"jask_topic_categories-leadership-haltung","19":"jask_topic_categories-selbstwahrnehmung-und-selbststeuerung","20":"jask_topic_categories-zusammenarbeit","21":"jask_topic_categories-leadership","22":"jask_topic_categories-leistungsklima-und-fairer-umgang-miteinander","23":"jask_topic_categories-kultur-des-vertrauens-und-der-wertschaetzung","24":"jask_topic_categories-identifikation-von-potenzial-und-leistungstraegern","25":"jask_topic_categories-situative-fuehrung","26":"jask_topic_categories-fuehrungsbereitschaft-fuehrungsfaehigkeit-und-fuehrungsmoeglichkeit","27":"jask_topic_categories-motivation","28":"jask_topic_categories-mitarbeitergespraeche","29":"jask_topic_categories-rollenwechsel-zur-fuehrungskraft","30":"jask_topic_categories-konfliktmanagement","31":"jask_topic_categories-wertschaetzungskultur","32":"jask_topic_categories-vorleben-der-fuehrungsrolle","33":"jask_topic_categories-zielvereinbarungen-mit-dem-smart-prinzip","34":"jask_topic_categories-zielverfolgung","35":"jask_topic_categories-motive","36":"jask_topic_categories-gespraechsvorbereitung","37":"jask_topic_categories-gespraechsstrukturierung","38":"jask_topic_categories-gespraechsprinzipien","39":"jask_topic_categories-ursachen-fuer-misserfolg-in-mitarbeitergespraechen","40":"jask_topic_categories-kritikgespraeche","41":"jask_topic_categories-umgang-mit-ehemaligen-mitarbeitern","42":"jask_topic_categories-krise-und-sanierung","43":"jask_topic_categories-sinnvolle-kostensenkung-in-der-krise","44":"jask_topic_categories-vorsicht-beim-abbau-gewerblicher-arbeitsplaetze","45":"jask_topic_categories-turnaround-management","46":"jask_topic_categories-personalabbau","47":"jask_topic_categories-individualvereinbarungen","48":"jask_topic_categories-kuendigungen","49":"jask_topic_categories-interessenausgleich-und-sozialplan","50":"jask_topic_categories-personnel-due-diligence","51":"jask_topic_categories-due-diligence","52":"jask_topic_categories-basisfragen","53":"jask_topic_categories-unternehmensgruendung","54":"jask_topic_categories-mentalitaeten-in-verschiedenen-kulturkreisen","55":"jask_topic_categories-die-deutsche-mentalitaet","56":"jask_topic_categories-britische-mentalitaet","57":"jask_topic_categories-schweizerische-mentalitaet","58":"jask_topic_categories-oesterreichische-mentalitaet","59":"jask_topic_categories-spanische-mentalitaet","60":"jask_topic_categories-niederlaendische-mentalitaet","61":"jask_topic_categories-skandinavische-mentalitaet","62":"jask_topic_categories-franzoesische-mentalitaet","63":"jask_topic_categories-tuerkische-mentalitaet","64":"jask_topic_categories-us-amerikanische-mentalitaet","65":"jask_topic_categories-italienische-mentalitaet","66":"jask_topic_categories-lateinamerikanische-mentalitaet","67":"jask_topic_categories-indische-mentalitaet","68":"jask_topic_categories-chinesische-mentalitaet","69":"jask_topic_categories-japanische-mentalitaet","70":"jask_topic_categories-russische-mentalitaet","71":"jask_topic_categories-arabische-mentalitaet","73":"first","74":"instock","75":"sold-individually","76":"taxable","77":"shipping-taxable","78":"purchasable","79":"product-type-variable"},"yoast_head":"<!-- This site is optimized with the Yoast SEO plugin v27.4 - https:\/\/yoast.com\/product\/yoast-seo-wordpress\/ -->\n<title>Briefing zu Mitarbeitergespr\u00e4chen: jetzt PDF downloaden!<\/title>\n<meta name=\"description\" content=\"12 Inhaltsfolien mit essenziellen Empfehlungen f\u00fcr erfolgreiche Mitarbeitergespr\u00e4che. Laden Sie jetzt unser bew\u00e4hrtes Briefing herunter!\" \/>\n<meta name=\"robots\" content=\"index, follow, max-snippet:-1, max-image-preview:large, max-video-preview:-1\" \/>\n<link rel=\"canonical\" href=\"https:\/\/www.consultingcheck.com\/de\/ressource\/mitarbeitergespraeche\/\" \/>\n<meta property=\"og:locale\" content=\"de_DE\" \/>\n<meta property=\"og:type\" content=\"article\" \/>\n<meta property=\"og:title\" content=\"Briefing zu Mitarbeitergespr\u00e4chen: jetzt PDF downloaden!\" \/>\n<meta property=\"og:description\" content=\"12 Inhaltsfolien mit essenziellen Empfehlungen f\u00fcr erfolgreiche Mitarbeitergespr\u00e4che. Laden Sie jetzt unser bew\u00e4hrtes Briefing herunter!\" \/>\n<meta property=\"og:url\" content=\"https:\/\/www.consultingcheck.com\/de\/ressource\/mitarbeitergespraeche\/\" \/>\n<meta property=\"og:site_name\" content=\"consultingcheck\" \/>\n<meta property=\"article:modified_time\" content=\"2024-06-18T12:15:50+00:00\" \/>\n<meta property=\"og:image\" content=\"https:\/\/www.consultingcheck.com\/wp-content\/uploads\/2021\/11\/mitarbeitergespraeche.jpg\" \/>\n\t<meta property=\"og:image:width\" content=\"1000\" \/>\n\t<meta property=\"og:image:height\" content=\"679\" \/>\n\t<meta property=\"og:image:type\" content=\"image\/jpeg\" \/>\n<meta name=\"twitter:card\" content=\"summary_large_image\" \/>\n<meta name=\"twitter:label1\" content=\"Gesch\u00e4tzte Lesezeit\" \/>\n\t<meta name=\"twitter:data1\" content=\"2\u00a0Minuten\" \/>\n<script type=\"application\/ld+json\" class=\"yoast-schema-graph\">{\"@context\":\"https:\\\/\\\/schema.org\",\"@graph\":[{\"@type\":\"WebPage\",\"@id\":\"https:\\\/\\\/www.consultingcheck.com\\\/de\\\/ressource\\\/mitarbeitergespraeche\\\/\",\"url\":\"https:\\\/\\\/www.consultingcheck.com\\\/de\\\/ressource\\\/mitarbeitergespraeche\\\/\",\"name\":\"Briefing zu Mitarbeitergespr\u00e4chen: jetzt PDF downloaden!\",\"isPartOf\":{\"@id\":\"https:\\\/\\\/www.consultingcheck.com\\\/de\\\/#website\"},\"primaryImageOfPage\":{\"@id\":\"https:\\\/\\\/www.consultingcheck.com\\\/de\\\/ressource\\\/mitarbeitergespraeche\\\/#primaryimage\"},\"image\":{\"@id\":\"https:\\\/\\\/www.consultingcheck.com\\\/de\\\/ressource\\\/mitarbeitergespraeche\\\/#primaryimage\"},\"thumbnailUrl\":\"https:\\\/\\\/www.consultingcheck.com\\\/wp-content\\\/uploads\\\/2021\\\/11\\\/mitarbeitergespraeche.jpg\",\"datePublished\":\"2021-11-08T23:49:54+00:00\",\"dateModified\":\"2024-06-18T12:15:50+00:00\",\"description\":\"12 Inhaltsfolien mit essenziellen Empfehlungen f\u00fcr erfolgreiche Mitarbeitergespr\u00e4che. Laden Sie jetzt unser bew\u00e4hrtes Briefing herunter!\",\"breadcrumb\":{\"@id\":\"https:\\\/\\\/www.consultingcheck.com\\\/de\\\/ressource\\\/mitarbeitergespraeche\\\/#breadcrumb\"},\"inLanguage\":\"de\",\"potentialAction\":[{\"@type\":\"ReadAction\",\"target\":[\"https:\\\/\\\/www.consultingcheck.com\\\/de\\\/ressource\\\/mitarbeitergespraeche\\\/\"]}]},{\"@type\":\"ImageObject\",\"inLanguage\":\"de\",\"@id\":\"https:\\\/\\\/www.consultingcheck.com\\\/de\\\/ressource\\\/mitarbeitergespraeche\\\/#primaryimage\",\"url\":\"https:\\\/\\\/www.consultingcheck.com\\\/wp-content\\\/uploads\\\/2021\\\/11\\\/mitarbeitergespraeche.jpg\",\"contentUrl\":\"https:\\\/\\\/www.consultingcheck.com\\\/wp-content\\\/uploads\\\/2021\\\/11\\\/mitarbeitergespraeche.jpg\",\"width\":1000,\"height\":679,\"caption\":\"Ein Screenshot des Briefings zu Mitarbeitergespr\u00e4chen.\"},{\"@type\":\"BreadcrumbList\",\"@id\":\"https:\\\/\\\/www.consultingcheck.com\\\/de\\\/ressource\\\/mitarbeitergespraeche\\\/#breadcrumb\",\"itemListElement\":[{\"@type\":\"ListItem\",\"position\":1,\"name\":\"Startseite\",\"item\":\"https:\\\/\\\/www.consultingcheck.com\\\/de\\\/\"},{\"@type\":\"ListItem\",\"position\":2,\"name\":\"Downloads, Anwendungen und Produkte\",\"item\":\"https:\\\/\\\/www.consultingcheck.com\\\/de\\\/tools\\\/downloads-anwendungen-und-produkte\\\/\"},{\"@type\":\"ListItem\",\"position\":3,\"name\":\"Briefing zu Mitarbeitergespr\u00e4chen\"}]},{\"@type\":\"WebSite\",\"@id\":\"https:\\\/\\\/www.consultingcheck.com\\\/de\\\/#website\",\"url\":\"https:\\\/\\\/www.consultingcheck.com\\\/de\\\/\",\"name\":\"consultingcheck\",\"description\":\"Vernetzt gedacht. Entzaubert. Hands-on.\",\"potentialAction\":[{\"@type\":\"SearchAction\",\"target\":{\"@type\":\"EntryPoint\",\"urlTemplate\":\"https:\\\/\\\/www.consultingcheck.com\\\/de\\\/?s={search_term_string}\"},\"query-input\":{\"@type\":\"PropertyValueSpecification\",\"valueRequired\":true,\"valueName\":\"search_term_string\"}}],\"inLanguage\":\"de\"}]}<\/script>\n<!-- \/ Yoast SEO plugin. -->","yoast_head_json":{"title":"Briefing zu Mitarbeitergespr\u00e4chen: jetzt PDF downloaden!","description":"12 Inhaltsfolien mit essenziellen Empfehlungen f\u00fcr erfolgreiche Mitarbeitergespr\u00e4che. Laden Sie jetzt unser bew\u00e4hrtes Briefing herunter!","robots":{"index":"index","follow":"follow","max-snippet":"max-snippet:-1","max-image-preview":"max-image-preview:large","max-video-preview":"max-video-preview:-1"},"canonical":"https:\/\/www.consultingcheck.com\/de\/ressource\/mitarbeitergespraeche\/","og_locale":"de_DE","og_type":"article","og_title":"Briefing zu Mitarbeitergespr\u00e4chen: jetzt PDF downloaden!","og_description":"12 Inhaltsfolien mit essenziellen Empfehlungen f\u00fcr erfolgreiche Mitarbeitergespr\u00e4che. Laden Sie jetzt unser bew\u00e4hrtes Briefing herunter!","og_url":"https:\/\/www.consultingcheck.com\/de\/ressource\/mitarbeitergespraeche\/","og_site_name":"consultingcheck","article_modified_time":"2024-06-18T12:15:50+00:00","og_image":[{"width":1000,"height":679,"url":"https:\/\/www.consultingcheck.com\/wp-content\/uploads\/2021\/11\/mitarbeitergespraeche.jpg","type":"image\/jpeg"}],"twitter_card":"summary_large_image","twitter_misc":{"Gesch\u00e4tzte Lesezeit":"2\u00a0Minuten"},"schema":{"@context":"https:\/\/schema.org","@graph":[{"@type":"WebPage","@id":"https:\/\/www.consultingcheck.com\/de\/ressource\/mitarbeitergespraeche\/","url":"https:\/\/www.consultingcheck.com\/de\/ressource\/mitarbeitergespraeche\/","name":"Briefing zu Mitarbeitergespr\u00e4chen: jetzt PDF downloaden!","isPartOf":{"@id":"https:\/\/www.consultingcheck.com\/de\/#website"},"primaryImageOfPage":{"@id":"https:\/\/www.consultingcheck.com\/de\/ressource\/mitarbeitergespraeche\/#primaryimage"},"image":{"@id":"https:\/\/www.consultingcheck.com\/de\/ressource\/mitarbeitergespraeche\/#primaryimage"},"thumbnailUrl":"https:\/\/www.consultingcheck.com\/wp-content\/uploads\/2021\/11\/mitarbeitergespraeche.jpg","datePublished":"2021-11-08T23:49:54+00:00","dateModified":"2024-06-18T12:15:50+00:00","description":"12 Inhaltsfolien mit essenziellen Empfehlungen f\u00fcr erfolgreiche Mitarbeitergespr\u00e4che. Laden Sie jetzt unser bew\u00e4hrtes Briefing herunter!","breadcrumb":{"@id":"https:\/\/www.consultingcheck.com\/de\/ressource\/mitarbeitergespraeche\/#breadcrumb"},"inLanguage":"de","potentialAction":[{"@type":"ReadAction","target":["https:\/\/www.consultingcheck.com\/de\/ressource\/mitarbeitergespraeche\/"]}]},{"@type":"ImageObject","inLanguage":"de","@id":"https:\/\/www.consultingcheck.com\/de\/ressource\/mitarbeitergespraeche\/#primaryimage","url":"https:\/\/www.consultingcheck.com\/wp-content\/uploads\/2021\/11\/mitarbeitergespraeche.jpg","contentUrl":"https:\/\/www.consultingcheck.com\/wp-content\/uploads\/2021\/11\/mitarbeitergespraeche.jpg","width":1000,"height":679,"caption":"Ein Screenshot des Briefings zu Mitarbeitergespr\u00e4chen."},{"@type":"BreadcrumbList","@id":"https:\/\/www.consultingcheck.com\/de\/ressource\/mitarbeitergespraeche\/#breadcrumb","itemListElement":[{"@type":"ListItem","position":1,"name":"Startseite","item":"https:\/\/www.consultingcheck.com\/de\/"},{"@type":"ListItem","position":2,"name":"Downloads, Anwendungen und Produkte","item":"https:\/\/www.consultingcheck.com\/de\/tools\/downloads-anwendungen-und-produkte\/"},{"@type":"ListItem","position":3,"name":"Briefing zu Mitarbeitergespr\u00e4chen"}]},{"@type":"WebSite","@id":"https:\/\/www.consultingcheck.com\/de\/#website","url":"https:\/\/www.consultingcheck.com\/de\/","name":"consultingcheck","description":"Vernetzt gedacht. Entzaubert. Hands-on.","potentialAction":[{"@type":"SearchAction","target":{"@type":"EntryPoint","urlTemplate":"https:\/\/www.consultingcheck.com\/de\/?s={search_term_string}"},"query-input":{"@type":"PropertyValueSpecification","valueRequired":true,"valueName":"search_term_string"}}],"inLanguage":"de"}]}},"_links":{"self":[{"href":"https:\/\/www.consultingcheck.com\/de\/wp-json\/wp\/v2\/product\/1715","targetHints":{"allow":["GET"]}}],"collection":[{"href":"https:\/\/www.consultingcheck.com\/de\/wp-json\/wp\/v2\/product"}],"about":[{"href":"https:\/\/www.consultingcheck.com\/de\/wp-json\/wp\/v2\/types\/product"}],"wp:featuredmedia":[{"embeddable":true,"href":"https:\/\/www.consultingcheck.com\/de\/wp-json\/wp\/v2\/media\/20120"}],"wp:attachment":[{"href":"https:\/\/www.consultingcheck.com\/de\/wp-json\/wp\/v2\/media?parent=1715"}],"wp:term":[{"taxonomy":"product_brand","embeddable":true,"href":"https:\/\/www.consultingcheck.com\/de\/wp-json\/wp\/v2\/product_brand?post=1715"},{"taxonomy":"product_cat","embeddable":true,"href":"https:\/\/www.consultingcheck.com\/de\/wp-json\/wp\/v2\/product_cat?post=1715"},{"taxonomy":"product_tag","embeddable":true,"href":"https:\/\/www.consultingcheck.com\/de\/wp-json\/wp\/v2\/product_tag?post=1715"},{"taxonomy":"jask_topic_categories","embeddable":true,"href":"https:\/\/www.consultingcheck.com\/de\/wp-json\/wp\/v2\/jask_topic_categories?post=1715"}],"curies":[{"name":"wp","href":"https:\/\/api.w.org\/{rel}","templated":true}]}}