{"id":1714,"date":"2021-11-09T00:49:54","date_gmt":"2021-11-08T23:49:54","guid":{"rendered":"https:\/\/www.consultingcheck.com\/ressource\/management-von-komplexitaet\/"},"modified":"2024-06-18T14:05:12","modified_gmt":"2024-06-18T12:05:12","slug":"management-von-komplexitaet","status":"publish","type":"product","link":"https:\/\/www.consultingcheck.com\/de\/ressource\/management-von-komplexitaet\/","title":{"rendered":"Briefing zum Komplexit\u00e4tsmanagement"},"content":{"rendered":"<h3>Inhalte<\/h3>\n<p>Hier erhalten Sie auf 10 Inhaltsfolien eine praxisgerechte Einf\u00fchrung in die wesentlichen Z\u00fcge der Komplexit\u00e4t und eine pr\u00e4gnante Anleitung zum sinnvollen Umgang mit Komplexit\u00e4t in Unternehmen. Sie lernen, vielschichtige Situationen zu beurteilen und sch\u00e4rfen Ihr Bewusstsein f\u00fcr komplexe Herausforderungen. Sie werden angemessener mit Komplexit\u00e4t umgehen k\u00f6nnen und erfahren, wie Sie Komplexit\u00e4t in Ihrem gesch\u00e4ftlichen Einflussbereich sogar gestalten k\u00f6nnen.<\/p>\n<p>&nbsp;<\/p>\n<h3>Vorteile<\/h3>\n<ul>\n<li>Dieser kleine Foliensatz wird Ihnen wesentliche Grundz\u00fcge der Komplexit\u00e4t vermitteln.<\/li>\n<li>Sie werden n\u00fctzliche Hinweise erhalten, wie Sie Komplexit\u00e4t in Ihrem Unternehmen erkennen k\u00f6nnen.<\/li>\n<li>Au\u00dferdem werden Sie n\u00fctzliche Impulse erhalten, wie Sie mit gegebener Komplexit\u00e4t sinnvoll umgehen k\u00f6nnen.<\/li>\n<\/ul>\n<p>&nbsp;<\/p>\n<h3>Digitaler Download<\/h3>\n<p>Nach der Bestellung erhalten Sie einen Download-Link zum Foliensatz, den Sie sofort nutzen k\u00f6nnen.<\/p>\n<p>Bitte beachten Sie, dass der Foliensatz, zu dem Sie den Zugang erwerben, ausschlie\u00dflich f\u00fcr Ihren pers\u00f6nlichen Gebrauch bestimmt sind. Es ist untersagt, die Folien in jeglicher Form und in jeglicher digitaler oder physischer Weise weiterzuverkaufen oder sie ohne meine Erlaubnis in einer physischen oder Online-Ver\u00f6ffentlichung zu ver\u00f6ffentlichen. Ich bin der einzige Copyright-Inhaber dieser Datei.<\/p>\n<p>Link zur Anwendung: pdf<\/p>\n<p>&nbsp;<\/p>\n<p>&nbsp;<\/p>\n","protected":false},"excerpt":{"rendered":"<h2>Wie geht man mit Komplexit\u00e4t in Unternehmen um? Unsere Anleitung liefert die Antwort!<\/h2>\n","protected":false},"featured_media":20192,"template":"","meta":{"_links_to":"","_links_to_target":""},"product_brand":[],"product_cat":[601,1227],"product_tag":[],"jask_topic_categories":[1220,118,119,120,127,128,129,130,211,212,219,221,222,223,170,169,175,172,173,174,249,251,254,255,258,266,333,259,260,261,262,250,253,267,274,275,284,282,286,288,342,345,346,347,341,365,421,439,438,505,506,509,517,524,527],"class_list":{"0":"post-1714","1":"product","2":"type-product","3":"status-publish","4":"has-post-thumbnail","6":"product_cat-foliensatz","7":"product_cat-management","8":"jask_topic_categories-management","9":"jask_topic_categories-vertriebsmanagement","10":"jask_topic_categories-strategische-vertriebsfuehrung","11":"jask_topic_categories-operative-vertriebsfuehrung","12":"jask_topic_categories-prozessoptimierung","13":"jask_topic_categories-schnittstellen-in-prozessen","14":"jask_topic_categories-feedback-schleifen-in-prozessen","15":"jask_topic_categories-verknuepfung-von-prozessen-miteinander","16":"jask_topic_categories-produktentwicklung","17":"jask_topic_categories-ganzheitliche-produktentwicklung","18":"jask_topic_categories-flexibilisierung","19":"jask_topic_categories-durchgaengige-gestaltung-von-vertragswerken","20":"jask_topic_categories-management-von-vertragsfristen","21":"jask_topic_categories-vertragliche-flexibilitaet","22":"jask_topic_categories-umgang-mit-komplexitaet","23":"jask_topic_categories-ganzheitlicher-vernetzter-ansatz","24":"jask_topic_categories-akzeptanz-des-nicht-wissens","25":"jask_topic_categories-komplizierte-sachverhalte","26":"jask_topic_categories-komplexe-sachverhalte","27":"jask_topic_categories-chaotische-sachverhalte","28":"jask_topic_categories-organisation-und-personal","29":"jask_topic_categories-prozesse","30":"jask_topic_categories-relevanz-von-leadership","31":"jask_topic_categories-einordnung-von-leadership","32":"jask_topic_categories-innenfuehrung","33":"jask_topic_categories-aussenfuehrung","34":"jask_topic_categories-projektmanagement","35":"jask_topic_categories-leadership-haltung","36":"jask_topic_categories-selbstwahrnehmung-und-selbststeuerung","37":"jask_topic_categories-die-zen-praxis-als-ein-weg-zur-selbstwahrnehmung-und-zur-selbststeuerung","38":"jask_topic_categories-zeitmanagement","39":"jask_topic_categories-zusammenarbeit","40":"jask_topic_categories-leadership","41":"jask_topic_categories-leistungsklima-und-fairer-umgang-miteinander","42":"jask_topic_categories-situative-fuehrung","43":"jask_topic_categories-fuehrungsbereitschaft-fuehrungsfaehigkeit-und-fuehrungsmoeglichkeit","44":"jask_topic_categories-entscheidungen-aussenfuehrung","45":"jask_topic_categories-zielverfolgung","46":"jask_topic_categories-entscheidungsprozess","47":"jask_topic_categories-verstaendnis-fuer-das-zusammenspiel-der-kraefte","48":"jask_topic_categories-ganzheitliches-controlling","49":"jask_topic_categories-risikomanagement","50":"jask_topic_categories-strategic-risk-self-assessment-srsa","51":"jask_topic_categories-operative-risk-self-assessment-orsa","52":"jask_topic_categories-controlling-und-risikomanagement","53":"jask_topic_categories-organisationsstruktur","54":"jask_topic_categories-turnaround-management","55":"jask_topic_categories-sofortmassnahmen","56":"jask_topic_categories-akute-krise","57":"jask_topic_categories-strategien","58":"jask_topic_categories-shaper-versus-adaptor-strategie","59":"jask_topic_categories-strategische-fokussierung","60":"jask_topic_categories-strategiemodelle","61":"jask_topic_categories-corporate-foresight-prozess","62":"jask_topic_categories-voraussetzungen-fuer-einen-foresight-prozess","64":"first","65":"instock","66":"sold-individually","67":"taxable","68":"shipping-taxable","69":"purchasable","70":"product-type-variable"},"yoast_head":"<!-- This site is optimized with the Yoast SEO plugin v27.5 - https:\/\/yoast.com\/product\/yoast-seo-wordpress\/ -->\n<title>Komplexit\u00e4tsmanagement umsetzen: PDF-Briefing kaufen!<\/title>\n<meta name=\"description\" content=\"Wie geht man richtig mit Komplexit\u00e4t um? Im PDF-Briefing zum Komplexit\u00e4tsmanagement erhalten Sie wertvolle Ans\u00e4tze. Jetzt downloaden!\" \/>\n<meta name=\"robots\" content=\"index, follow, max-snippet:-1, max-image-preview:large, max-video-preview:-1\" \/>\n<link rel=\"canonical\" href=\"https:\/\/www.consultingcheck.com\/de\/ressource\/management-von-komplexitaet\/\" \/>\n<meta property=\"og:locale\" content=\"de_DE\" \/>\n<meta property=\"og:type\" content=\"article\" \/>\n<meta property=\"og:title\" content=\"Komplexit\u00e4tsmanagement umsetzen: PDF-Briefing kaufen!\" \/>\n<meta property=\"og:description\" content=\"Wie geht man richtig mit Komplexit\u00e4t um? Im PDF-Briefing zum Komplexit\u00e4tsmanagement erhalten Sie wertvolle Ans\u00e4tze. Jetzt downloaden!\" \/>\n<meta property=\"og:url\" content=\"https:\/\/www.consultingcheck.com\/de\/ressource\/management-von-komplexitaet\/\" \/>\n<meta property=\"og:site_name\" content=\"consultingcheck\" \/>\n<meta property=\"article:modified_time\" content=\"2024-06-18T12:05:12+00:00\" \/>\n<meta property=\"og:image\" content=\"https:\/\/www.consultingcheck.com\/wp-content\/uploads\/2021\/11\/management-von-komplexitaet.jpg\" \/>\n\t<meta property=\"og:image:width\" content=\"1000\" \/>\n\t<meta property=\"og:image:height\" content=\"679\" \/>\n\t<meta property=\"og:image:type\" content=\"image\/jpeg\" \/>\n<meta name=\"twitter:card\" content=\"summary_large_image\" \/>\n<meta name=\"twitter:label1\" content=\"Gesch\u00e4tzte Lesezeit\" \/>\n\t<meta name=\"twitter:data1\" content=\"2\u00a0Minuten\" \/>\n<script type=\"application\/ld+json\" class=\"yoast-schema-graph\">{\"@context\":\"https:\\\/\\\/schema.org\",\"@graph\":[{\"@type\":\"WebPage\",\"@id\":\"https:\\\/\\\/www.consultingcheck.com\\\/de\\\/ressource\\\/management-von-komplexitaet\\\/\",\"url\":\"https:\\\/\\\/www.consultingcheck.com\\\/de\\\/ressource\\\/management-von-komplexitaet\\\/\",\"name\":\"Komplexit\u00e4tsmanagement umsetzen: PDF-Briefing kaufen!\",\"isPartOf\":{\"@id\":\"https:\\\/\\\/www.consultingcheck.com\\\/de\\\/#website\"},\"primaryImageOfPage\":{\"@id\":\"https:\\\/\\\/www.consultingcheck.com\\\/de\\\/ressource\\\/management-von-komplexitaet\\\/#primaryimage\"},\"image\":{\"@id\":\"https:\\\/\\\/www.consultingcheck.com\\\/de\\\/ressource\\\/management-von-komplexitaet\\\/#primaryimage\"},\"thumbnailUrl\":\"https:\\\/\\\/www.consultingcheck.com\\\/wp-content\\\/uploads\\\/2021\\\/11\\\/management-von-komplexitaet.jpg\",\"datePublished\":\"2021-11-08T23:49:54+00:00\",\"dateModified\":\"2024-06-18T12:05:12+00:00\",\"description\":\"Wie geht man richtig mit Komplexit\u00e4t um? Im PDF-Briefing zum Komplexit\u00e4tsmanagement erhalten Sie wertvolle Ans\u00e4tze. Jetzt downloaden!\",\"breadcrumb\":{\"@id\":\"https:\\\/\\\/www.consultingcheck.com\\\/de\\\/ressource\\\/management-von-komplexitaet\\\/#breadcrumb\"},\"inLanguage\":\"de\",\"potentialAction\":[{\"@type\":\"ReadAction\",\"target\":[\"https:\\\/\\\/www.consultingcheck.com\\\/de\\\/ressource\\\/management-von-komplexitaet\\\/\"]}]},{\"@type\":\"ImageObject\",\"inLanguage\":\"de\",\"@id\":\"https:\\\/\\\/www.consultingcheck.com\\\/de\\\/ressource\\\/management-von-komplexitaet\\\/#primaryimage\",\"url\":\"https:\\\/\\\/www.consultingcheck.com\\\/wp-content\\\/uploads\\\/2021\\\/11\\\/management-von-komplexitaet.jpg\",\"contentUrl\":\"https:\\\/\\\/www.consultingcheck.com\\\/wp-content\\\/uploads\\\/2021\\\/11\\\/management-von-komplexitaet.jpg\",\"width\":1000,\"height\":679,\"caption\":\"Ein Screenshot des Briefings zum Komplexit\u00e4tsmanagement.\"},{\"@type\":\"BreadcrumbList\",\"@id\":\"https:\\\/\\\/www.consultingcheck.com\\\/de\\\/ressource\\\/management-von-komplexitaet\\\/#breadcrumb\",\"itemListElement\":[{\"@type\":\"ListItem\",\"position\":1,\"name\":\"Startseite\",\"item\":\"https:\\\/\\\/www.consultingcheck.com\\\/de\\\/\"},{\"@type\":\"ListItem\",\"position\":2,\"name\":\"Downloads, Anwendungen und Produkte\",\"item\":\"https:\\\/\\\/www.consultingcheck.com\\\/de\\\/tools\\\/downloads-anwendungen-und-produkte\\\/\"},{\"@type\":\"ListItem\",\"position\":3,\"name\":\"Briefing zum Komplexit\u00e4tsmanagement\"}]},{\"@type\":\"WebSite\",\"@id\":\"https:\\\/\\\/www.consultingcheck.com\\\/de\\\/#website\",\"url\":\"https:\\\/\\\/www.consultingcheck.com\\\/de\\\/\",\"name\":\"consultingcheck\",\"description\":\"Vernetzt gedacht. Entzaubert. Hands-on.\",\"potentialAction\":[{\"@type\":\"SearchAction\",\"target\":{\"@type\":\"EntryPoint\",\"urlTemplate\":\"https:\\\/\\\/www.consultingcheck.com\\\/de\\\/?s={search_term_string}\"},\"query-input\":{\"@type\":\"PropertyValueSpecification\",\"valueRequired\":true,\"valueName\":\"search_term_string\"}}],\"inLanguage\":\"de\"}]}<\/script>\n<!-- \/ Yoast SEO plugin. -->","yoast_head_json":{"title":"Komplexit\u00e4tsmanagement umsetzen: PDF-Briefing kaufen!","description":"Wie geht man richtig mit Komplexit\u00e4t um? Im PDF-Briefing zum Komplexit\u00e4tsmanagement erhalten Sie wertvolle Ans\u00e4tze. Jetzt downloaden!","robots":{"index":"index","follow":"follow","max-snippet":"max-snippet:-1","max-image-preview":"max-image-preview:large","max-video-preview":"max-video-preview:-1"},"canonical":"https:\/\/www.consultingcheck.com\/de\/ressource\/management-von-komplexitaet\/","og_locale":"de_DE","og_type":"article","og_title":"Komplexit\u00e4tsmanagement umsetzen: PDF-Briefing kaufen!","og_description":"Wie geht man richtig mit Komplexit\u00e4t um? Im PDF-Briefing zum Komplexit\u00e4tsmanagement erhalten Sie wertvolle Ans\u00e4tze. Jetzt downloaden!","og_url":"https:\/\/www.consultingcheck.com\/de\/ressource\/management-von-komplexitaet\/","og_site_name":"consultingcheck","article_modified_time":"2024-06-18T12:05:12+00:00","og_image":[{"width":1000,"height":679,"url":"https:\/\/www.consultingcheck.com\/wp-content\/uploads\/2021\/11\/management-von-komplexitaet.jpg","type":"image\/jpeg"}],"twitter_card":"summary_large_image","twitter_misc":{"Gesch\u00e4tzte Lesezeit":"2\u00a0Minuten"},"schema":{"@context":"https:\/\/schema.org","@graph":[{"@type":"WebPage","@id":"https:\/\/www.consultingcheck.com\/de\/ressource\/management-von-komplexitaet\/","url":"https:\/\/www.consultingcheck.com\/de\/ressource\/management-von-komplexitaet\/","name":"Komplexit\u00e4tsmanagement umsetzen: PDF-Briefing kaufen!","isPartOf":{"@id":"https:\/\/www.consultingcheck.com\/de\/#website"},"primaryImageOfPage":{"@id":"https:\/\/www.consultingcheck.com\/de\/ressource\/management-von-komplexitaet\/#primaryimage"},"image":{"@id":"https:\/\/www.consultingcheck.com\/de\/ressource\/management-von-komplexitaet\/#primaryimage"},"thumbnailUrl":"https:\/\/www.consultingcheck.com\/wp-content\/uploads\/2021\/11\/management-von-komplexitaet.jpg","datePublished":"2021-11-08T23:49:54+00:00","dateModified":"2024-06-18T12:05:12+00:00","description":"Wie geht man richtig mit Komplexit\u00e4t um? Im PDF-Briefing zum Komplexit\u00e4tsmanagement erhalten Sie wertvolle Ans\u00e4tze. Jetzt downloaden!","breadcrumb":{"@id":"https:\/\/www.consultingcheck.com\/de\/ressource\/management-von-komplexitaet\/#breadcrumb"},"inLanguage":"de","potentialAction":[{"@type":"ReadAction","target":["https:\/\/www.consultingcheck.com\/de\/ressource\/management-von-komplexitaet\/"]}]},{"@type":"ImageObject","inLanguage":"de","@id":"https:\/\/www.consultingcheck.com\/de\/ressource\/management-von-komplexitaet\/#primaryimage","url":"https:\/\/www.consultingcheck.com\/wp-content\/uploads\/2021\/11\/management-von-komplexitaet.jpg","contentUrl":"https:\/\/www.consultingcheck.com\/wp-content\/uploads\/2021\/11\/management-von-komplexitaet.jpg","width":1000,"height":679,"caption":"Ein Screenshot des Briefings zum Komplexit\u00e4tsmanagement."},{"@type":"BreadcrumbList","@id":"https:\/\/www.consultingcheck.com\/de\/ressource\/management-von-komplexitaet\/#breadcrumb","itemListElement":[{"@type":"ListItem","position":1,"name":"Startseite","item":"https:\/\/www.consultingcheck.com\/de\/"},{"@type":"ListItem","position":2,"name":"Downloads, Anwendungen und Produkte","item":"https:\/\/www.consultingcheck.com\/de\/tools\/downloads-anwendungen-und-produkte\/"},{"@type":"ListItem","position":3,"name":"Briefing zum Komplexit\u00e4tsmanagement"}]},{"@type":"WebSite","@id":"https:\/\/www.consultingcheck.com\/de\/#website","url":"https:\/\/www.consultingcheck.com\/de\/","name":"consultingcheck","description":"Vernetzt gedacht. Entzaubert. Hands-on.","potentialAction":[{"@type":"SearchAction","target":{"@type":"EntryPoint","urlTemplate":"https:\/\/www.consultingcheck.com\/de\/?s={search_term_string}"},"query-input":{"@type":"PropertyValueSpecification","valueRequired":true,"valueName":"search_term_string"}}],"inLanguage":"de"}]}},"_links":{"self":[{"href":"https:\/\/www.consultingcheck.com\/de\/wp-json\/wp\/v2\/product\/1714","targetHints":{"allow":["GET"]}}],"collection":[{"href":"https:\/\/www.consultingcheck.com\/de\/wp-json\/wp\/v2\/product"}],"about":[{"href":"https:\/\/www.consultingcheck.com\/de\/wp-json\/wp\/v2\/types\/product"}],"wp:featuredmedia":[{"embeddable":true,"href":"https:\/\/www.consultingcheck.com\/de\/wp-json\/wp\/v2\/media\/20192"}],"wp:attachment":[{"href":"https:\/\/www.consultingcheck.com\/de\/wp-json\/wp\/v2\/media?parent=1714"}],"wp:term":[{"taxonomy":"product_brand","embeddable":true,"href":"https:\/\/www.consultingcheck.com\/de\/wp-json\/wp\/v2\/product_brand?post=1714"},{"taxonomy":"product_cat","embeddable":true,"href":"https:\/\/www.consultingcheck.com\/de\/wp-json\/wp\/v2\/product_cat?post=1714"},{"taxonomy":"product_tag","embeddable":true,"href":"https:\/\/www.consultingcheck.com\/de\/wp-json\/wp\/v2\/product_tag?post=1714"},{"taxonomy":"jask_topic_categories","embeddable":true,"href":"https:\/\/www.consultingcheck.com\/de\/wp-json\/wp\/v2\/jask_topic_categories?post=1714"}],"curies":[{"name":"wp","href":"https:\/\/api.w.org\/{rel}","templated":true}]}}