{"id":1711,"date":"2021-11-09T00:49:52","date_gmt":"2021-11-08T23:49:52","guid":{"rendered":"https:\/\/www.consultingcheck.com\/ressource\/entscheidungen\/"},"modified":"2024-06-19T07:44:34","modified_gmt":"2024-06-19T05:44:34","slug":"entscheidungen","status":"publish","type":"product","link":"https:\/\/www.consultingcheck.com\/de\/ressource\/entscheidungen\/","title":{"rendered":"Briefing zu Entscheidungen im Unternehmen"},"content":{"rendered":"<h3>Inhalte<\/h3>\n<p>In diesem Foliensatz lernen Sie auf 20 Inhaltsfolien kennen, welche Relevanz Entscheidungen f\u00fcr den Unternehmenserfolg haben, und wie Sie die Qualit\u00e4t von Entscheidungen systematisch optimieren k\u00f6nnen. Sie lernen die wesentlichen Faktoren kennen, die die G\u00fcte von Entscheidungen beeinflussen, und erfahren, wie Sie im Unternehmen einen funktionierenden Entscheidungsprozess einrichten k\u00f6nnen. Dieser Foliensatz zeigt Ihnen unter anderem M\u00f6glichkeiten auf, relevante Informationsquellen f\u00fcr die Vorbereitung von Entscheidungen zu nutzen, das entscheidungsrelevante Zusammenspiel im Gesch\u00e4ft zutreffend wahrzunehmen und auch das Bewusstsein f\u00fcr neurophysiologische Aspekte zu entwickeln.<\/p>\n<p>&nbsp;<\/p>\n<h3>Vorteile<\/h3>\n<ul>\n<li>Ihnen wird bewusst, welche Bedeutung Entscheidungen direkt und indirekt auf den gesch\u00e4ftlichen Erfolg haben.<\/li>\n<li>Sie verbessern die Entscheidungen in Ihrem Unternehmen.<\/li>\n<li>Sie lernen die wesentlichen Faktoren kennen, die Entscheidungen in ihrer Qualit\u00e4t beeinflussen.<\/li>\n<li>Sie erfahren, wie wichtig es ist, Entscheidungen im Gesamtkontext des Unternehmens in seinen M\u00e4rkten vorzubereiten und zu treffen.<\/li>\n<li>Sie lernen, wie Sie in Ihrem Unternehmen einen systematischen Entscheidungsprozess aufsetzen k\u00f6nnen.<\/li>\n<\/ul>\n<p>&nbsp;<\/p>\n<h3>Digitaler Download<\/h3>\n<p>Nach der Bestellung erhalten Sie einen Download-Link zum Foliensatz, den Sie sofort nutzen k\u00f6nnen.<\/p>\n<p>Bitte beachten Sie, dass dieser Foliensatz, zu dem Sie den Zugang erwerben, ausschlie\u00dflich f\u00fcr Ihren pers\u00f6nlichen Gebrauch bestimmt sind. Es ist untersagt, die Folien in jeglicher Form und in jeglicher digitaler oder physischer Weise weiterzuverkaufen oder sie ohne meine Erlaubnis in einer physischen oder Online-Ver\u00f6ffentlichung zu ver\u00f6ffentlichen. Ich bin der einzige Copyright-Inhaber dieser Datei.<\/p>\n<p>Link zum Download: pdf<\/p>\n","protected":false},"excerpt":{"rendered":"<h2><strong>Steigern Sie die Qualit\u00e4t Ihrer Unternehmensentscheidungen mit unserer Checklist!<\/strong><\/h2>\n","protected":false},"featured_media":20159,"template":"","meta":{"_links_to":"","_links_to_target":""},"product_brand":[],"product_cat":[1226,1229,601],"product_tag":[],"jask_topic_categories":[1220,76,104,106,108,105,115,118,117,119,120,165,159,168,177,178,207,208,182,219,221,220,234,176,170,169,175,171,172,173,174,235,236,240,243,246,254,255,266,327,332,256,257,262,253,275,280,284,277,278,279,276,292,285,286,290,291,287,288,289,328,342,345,351,349,341,352,348,365,386,399,415,417,416,421,423,429,432,439,440,438,446,463,473,491,490,494,495,496,505,506,509,517,524,546,548],"class_list":{"0":"post-1711","1":"product","2":"type-product","3":"status-publish","4":"has-post-thumbnail","6":"product_cat-innovation","7":"product_cat-unternehmenstransaktionen","8":"product_cat-foliensatz","9":"jask_topic_categories-management","10":"jask_topic_categories-marketing-und-vertrieb","11":"jask_topic_categories-vertrieb","12":"jask_topic_categories-strategische-positionierung","13":"jask_topic_categories-wachstum","14":"jask_topic_categories-vertriebsstrategie","15":"jask_topic_categories-vertriebsorganisation","16":"jask_topic_categories-vertriebsmanagement","17":"jask_topic_categories-key-account-management","18":"jask_topic_categories-strategische-vertriebsfuehrung","19":"jask_topic_categories-operative-vertriebsfuehrung","20":"jask_topic_categories-strukturkosten","21":"jask_topic_categories-standortstrategie","22":"jask_topic_categories-stabilisierung","23":"jask_topic_categories-innovation","24":"jask_topic_categories-innovationsprozess","25":"jask_topic_categories-entscheidungsprozess-fuer-innovationen","26":"jask_topic_categories-umsetzung-von-innovationen","27":"jask_topic_categories-kreativitaetstechniken-einsetzen","28":"jask_topic_categories-flexibilisierung","29":"jask_topic_categories-durchgaengige-gestaltung-von-vertragswerken","30":"jask_topic_categories-vertragsmanagement","31":"jask_topic_categories-entscheidungen","32":"jask_topic_categories-systemgerechtes-management-als-schluessel-zu-nachhaltigem-erfolg","33":"jask_topic_categories-umgang-mit-komplexitaet","34":"jask_topic_categories-ganzheitlicher-vernetzter-ansatz","35":"jask_topic_categories-akzeptanz-des-nicht-wissens","36":"jask_topic_categories-einfache-sachverhalte","37":"jask_topic_categories-komplizierte-sachverhalte","38":"jask_topic_categories-komplexe-sachverhalte","39":"jask_topic_categories-chaotische-sachverhalte","40":"jask_topic_categories-nachhaltigkeit","41":"jask_topic_categories-den-oekologischen-fussabdruck-erfassen","42":"jask_topic_categories-nachhaltig-wirtschaften","43":"jask_topic_categories-rueckstellungen-fuer-ausgleichsmassnahmen","44":"jask_topic_categories-umsetzung-nachhaltigen-wirtschaftens","45":"jask_topic_categories-relevanz-von-leadership","46":"jask_topic_categories-einordnung-von-leadership","47":"jask_topic_categories-aussenfuehrung","48":"jask_topic_categories-agiles-arbeiten","49":"jask_topic_categories-change-management","50":"jask_topic_categories-fuehren-von-geschaeften","51":"jask_topic_categories-personalfuehrung","52":"jask_topic_categories-zeitmanagement","53":"jask_topic_categories-leadership","54":"jask_topic_categories-fuehrungsbereitschaft-fuehrungsfaehigkeit-und-fuehrungsmoeglichkeit","55":"jask_topic_categories-umgang-mit-zielen","56":"jask_topic_categories-entscheidungen-aussenfuehrung","57":"jask_topic_categories-fuehrungsfaehigkeit","58":"jask_topic_categories-fuehrungsmoeglichkeit","59":"jask_topic_categories-vorleben-der-fuehrungsrolle","60":"jask_topic_categories-fuehrungsbereitschaft","61":"jask_topic_categories-spieltheoretische-modelle","62":"jask_topic_categories-themen-fuer-entscheidungen","63":"jask_topic_categories-entscheidungsprozess","64":"jask_topic_categories-kommunikationskultur","65":"jask_topic_categories-formaler-entscheidungsprozess","66":"jask_topic_categories-informationsquellen-fuer-entscheidungsgrundlagen","67":"jask_topic_categories-verstaendnis-fuer-das-zusammenspiel-der-kraefte","68":"jask_topic_categories-physiologische-aspekte-im-entscheidungsprozess","69":"jask_topic_categories-voraussetzungen-fuer-agiles-arbeiten","70":"jask_topic_categories-ganzheitliches-controlling","71":"jask_topic_categories-risikomanagement","72":"jask_topic_categories-erp-systemwechsel","73":"jask_topic_categories-erp-systeme","74":"jask_topic_categories-controlling-und-risikomanagement","75":"jask_topic_categories-argumente-fuer-einen-erp-systemwechsel","76":"jask_topic_categories-it-transformation-und-digitalisierung","77":"jask_topic_categories-organisationsstruktur","78":"jask_topic_categories-innenfinanzierung","79":"jask_topic_categories-aussenfinanzierung","80":"jask_topic_categories-krise-und-sanierung","81":"jask_topic_categories-ganzheitliche-ertragssteigerung-in-der-krise","82":"jask_topic_categories-ertragssteigerung-in-der-krise","83":"jask_topic_categories-turnaround-management","84":"jask_topic_categories-sanierungskonzept-mit-fortfuehrungsprognose-nach-idw-s6","85":"jask_topic_categories-turnaround-vorgehensmodell","86":"jask_topic_categories-personalabbau","87":"jask_topic_categories-sofortmassnahmen","88":"jask_topic_categories-insolvenz","89":"jask_topic_categories-akute-krise","90":"jask_topic_categories-unternehmensverkauf-kauf-unternehmensgruendung","91":"jask_topic_categories-unternehmensverkauf","92":"jask_topic_categories-unternehmenskauf","93":"jask_topic_categories-basisfragen","94":"jask_topic_categories-unternehmensgruendung","95":"jask_topic_categories-visionen-geschaeftsmodelle-und-strategien","96":"jask_topic_categories-vision","97":"jask_topic_categories-geschaeftsmodelle","98":"jask_topic_categories-strategien","99":"jask_topic_categories-shaper-versus-adaptor-strategie","100":"jask_topic_categories-strategische-fokussierung","101":"jask_topic_categories-strategiemodelle","102":"jask_topic_categories-corporate-foresight-prozess","103":"jask_topic_categories-systemzertifizierungen","104":"jask_topic_categories-nutzen-der-zertifizierung-von-managementsystemen","106":"first","107":"instock","108":"sold-individually","109":"taxable","110":"shipping-taxable","111":"purchasable","112":"product-type-variable"},"yoast_head":"<!-- This site is optimized with the Yoast SEO plugin v27.3 - https:\/\/yoast.com\/product\/yoast-seo-wordpress\/ -->\n<title>Entscheidungen in Unternehmen: PDF-Briefing downloaden<\/title>\n<meta name=\"description\" content=\"Sie m\u00f6chten im Unternehmen bessere Entscheidungen treffen? Mit unserem PDF-Briefing kreieren Sie einen systematischen Entscheidungsprozess!\" \/>\n<meta name=\"robots\" content=\"index, follow, max-snippet:-1, max-image-preview:large, max-video-preview:-1\" \/>\n<link rel=\"canonical\" href=\"https:\/\/www.consultingcheck.com\/de\/ressource\/entscheidungen\/\" \/>\n<meta property=\"og:locale\" content=\"de_DE\" \/>\n<meta property=\"og:type\" content=\"article\" \/>\n<meta property=\"og:title\" content=\"Entscheidungen in Unternehmen: PDF-Briefing downloaden\" \/>\n<meta property=\"og:description\" content=\"Sie m\u00f6chten im Unternehmen bessere Entscheidungen treffen? Mit unserem PDF-Briefing kreieren Sie einen systematischen Entscheidungsprozess!\" \/>\n<meta property=\"og:url\" content=\"https:\/\/www.consultingcheck.com\/de\/ressource\/entscheidungen\/\" \/>\n<meta property=\"og:site_name\" content=\"consultingcheck\" \/>\n<meta property=\"article:modified_time\" content=\"2024-06-19T05:44:34+00:00\" \/>\n<meta property=\"og:image\" content=\"https:\/\/www.consultingcheck.com\/wp-content\/uploads\/2021\/11\/entscheidungen-1.jpg\" \/>\n\t<meta property=\"og:image:width\" content=\"1000\" \/>\n\t<meta property=\"og:image:height\" content=\"679\" \/>\n\t<meta property=\"og:image:type\" content=\"image\/jpeg\" \/>\n<meta name=\"twitter:card\" content=\"summary_large_image\" \/>\n<meta name=\"twitter:label1\" content=\"Gesch\u00e4tzte Lesezeit\" \/>\n\t<meta name=\"twitter:data1\" content=\"2\u00a0Minuten\" \/>\n<script type=\"application\/ld+json\" class=\"yoast-schema-graph\">{\"@context\":\"https:\\\/\\\/schema.org\",\"@graph\":[{\"@type\":\"WebPage\",\"@id\":\"https:\\\/\\\/www.consultingcheck.com\\\/de\\\/ressource\\\/entscheidungen\\\/\",\"url\":\"https:\\\/\\\/www.consultingcheck.com\\\/de\\\/ressource\\\/entscheidungen\\\/\",\"name\":\"Entscheidungen in Unternehmen: PDF-Briefing downloaden\",\"isPartOf\":{\"@id\":\"https:\\\/\\\/www.consultingcheck.com\\\/de\\\/#website\"},\"primaryImageOfPage\":{\"@id\":\"https:\\\/\\\/www.consultingcheck.com\\\/de\\\/ressource\\\/entscheidungen\\\/#primaryimage\"},\"image\":{\"@id\":\"https:\\\/\\\/www.consultingcheck.com\\\/de\\\/ressource\\\/entscheidungen\\\/#primaryimage\"},\"thumbnailUrl\":\"https:\\\/\\\/www.consultingcheck.com\\\/wp-content\\\/uploads\\\/2021\\\/11\\\/entscheidungen-1.jpg\",\"datePublished\":\"2021-11-08T23:49:52+00:00\",\"dateModified\":\"2024-06-19T05:44:34+00:00\",\"description\":\"Sie m\u00f6chten im Unternehmen bessere Entscheidungen treffen? Mit unserem PDF-Briefing kreieren Sie einen systematischen Entscheidungsprozess!\",\"breadcrumb\":{\"@id\":\"https:\\\/\\\/www.consultingcheck.com\\\/de\\\/ressource\\\/entscheidungen\\\/#breadcrumb\"},\"inLanguage\":\"de\",\"potentialAction\":[{\"@type\":\"ReadAction\",\"target\":[\"https:\\\/\\\/www.consultingcheck.com\\\/de\\\/ressource\\\/entscheidungen\\\/\"]}]},{\"@type\":\"ImageObject\",\"inLanguage\":\"de\",\"@id\":\"https:\\\/\\\/www.consultingcheck.com\\\/de\\\/ressource\\\/entscheidungen\\\/#primaryimage\",\"url\":\"https:\\\/\\\/www.consultingcheck.com\\\/wp-content\\\/uploads\\\/2021\\\/11\\\/entscheidungen-1.jpg\",\"contentUrl\":\"https:\\\/\\\/www.consultingcheck.com\\\/wp-content\\\/uploads\\\/2021\\\/11\\\/entscheidungen-1.jpg\",\"width\":1000,\"height\":679,\"caption\":\"Ein Screenshot des Briefings zu Entscheidungen im Unternehmen.\"},{\"@type\":\"BreadcrumbList\",\"@id\":\"https:\\\/\\\/www.consultingcheck.com\\\/de\\\/ressource\\\/entscheidungen\\\/#breadcrumb\",\"itemListElement\":[{\"@type\":\"ListItem\",\"position\":1,\"name\":\"Startseite\",\"item\":\"https:\\\/\\\/www.consultingcheck.com\\\/de\\\/\"},{\"@type\":\"ListItem\",\"position\":2,\"name\":\"Downloads, Anwendungen und Produkte\",\"item\":\"https:\\\/\\\/www.consultingcheck.com\\\/de\\\/tools\\\/downloads-anwendungen-und-produkte\\\/\"},{\"@type\":\"ListItem\",\"position\":3,\"name\":\"Briefing zu Entscheidungen im Unternehmen\"}]},{\"@type\":\"WebSite\",\"@id\":\"https:\\\/\\\/www.consultingcheck.com\\\/de\\\/#website\",\"url\":\"https:\\\/\\\/www.consultingcheck.com\\\/de\\\/\",\"name\":\"consultingcheck\",\"description\":\"Vernetzt gedacht. Entzaubert. Hands-on.\",\"potentialAction\":[{\"@type\":\"SearchAction\",\"target\":{\"@type\":\"EntryPoint\",\"urlTemplate\":\"https:\\\/\\\/www.consultingcheck.com\\\/de\\\/?s={search_term_string}\"},\"query-input\":{\"@type\":\"PropertyValueSpecification\",\"valueRequired\":true,\"valueName\":\"search_term_string\"}}],\"inLanguage\":\"de\"}]}<\/script>\n<!-- \/ Yoast SEO plugin. -->","yoast_head_json":{"title":"Entscheidungen in Unternehmen: PDF-Briefing downloaden","description":"Sie m\u00f6chten im Unternehmen bessere Entscheidungen treffen? Mit unserem PDF-Briefing kreieren Sie einen systematischen Entscheidungsprozess!","robots":{"index":"index","follow":"follow","max-snippet":"max-snippet:-1","max-image-preview":"max-image-preview:large","max-video-preview":"max-video-preview:-1"},"canonical":"https:\/\/www.consultingcheck.com\/de\/ressource\/entscheidungen\/","og_locale":"de_DE","og_type":"article","og_title":"Entscheidungen in Unternehmen: PDF-Briefing downloaden","og_description":"Sie m\u00f6chten im Unternehmen bessere Entscheidungen treffen? Mit unserem PDF-Briefing kreieren Sie einen systematischen Entscheidungsprozess!","og_url":"https:\/\/www.consultingcheck.com\/de\/ressource\/entscheidungen\/","og_site_name":"consultingcheck","article_modified_time":"2024-06-19T05:44:34+00:00","og_image":[{"width":1000,"height":679,"url":"https:\/\/www.consultingcheck.com\/wp-content\/uploads\/2021\/11\/entscheidungen-1.jpg","type":"image\/jpeg"}],"twitter_card":"summary_large_image","twitter_misc":{"Gesch\u00e4tzte Lesezeit":"2\u00a0Minuten"},"schema":{"@context":"https:\/\/schema.org","@graph":[{"@type":"WebPage","@id":"https:\/\/www.consultingcheck.com\/de\/ressource\/entscheidungen\/","url":"https:\/\/www.consultingcheck.com\/de\/ressource\/entscheidungen\/","name":"Entscheidungen in Unternehmen: PDF-Briefing downloaden","isPartOf":{"@id":"https:\/\/www.consultingcheck.com\/de\/#website"},"primaryImageOfPage":{"@id":"https:\/\/www.consultingcheck.com\/de\/ressource\/entscheidungen\/#primaryimage"},"image":{"@id":"https:\/\/www.consultingcheck.com\/de\/ressource\/entscheidungen\/#primaryimage"},"thumbnailUrl":"https:\/\/www.consultingcheck.com\/wp-content\/uploads\/2021\/11\/entscheidungen-1.jpg","datePublished":"2021-11-08T23:49:52+00:00","dateModified":"2024-06-19T05:44:34+00:00","description":"Sie m\u00f6chten im Unternehmen bessere Entscheidungen treffen? Mit unserem PDF-Briefing kreieren Sie einen systematischen Entscheidungsprozess!","breadcrumb":{"@id":"https:\/\/www.consultingcheck.com\/de\/ressource\/entscheidungen\/#breadcrumb"},"inLanguage":"de","potentialAction":[{"@type":"ReadAction","target":["https:\/\/www.consultingcheck.com\/de\/ressource\/entscheidungen\/"]}]},{"@type":"ImageObject","inLanguage":"de","@id":"https:\/\/www.consultingcheck.com\/de\/ressource\/entscheidungen\/#primaryimage","url":"https:\/\/www.consultingcheck.com\/wp-content\/uploads\/2021\/11\/entscheidungen-1.jpg","contentUrl":"https:\/\/www.consultingcheck.com\/wp-content\/uploads\/2021\/11\/entscheidungen-1.jpg","width":1000,"height":679,"caption":"Ein Screenshot des Briefings zu Entscheidungen im Unternehmen."},{"@type":"BreadcrumbList","@id":"https:\/\/www.consultingcheck.com\/de\/ressource\/entscheidungen\/#breadcrumb","itemListElement":[{"@type":"ListItem","position":1,"name":"Startseite","item":"https:\/\/www.consultingcheck.com\/de\/"},{"@type":"ListItem","position":2,"name":"Downloads, Anwendungen und Produkte","item":"https:\/\/www.consultingcheck.com\/de\/tools\/downloads-anwendungen-und-produkte\/"},{"@type":"ListItem","position":3,"name":"Briefing zu Entscheidungen im Unternehmen"}]},{"@type":"WebSite","@id":"https:\/\/www.consultingcheck.com\/de\/#website","url":"https:\/\/www.consultingcheck.com\/de\/","name":"consultingcheck","description":"Vernetzt gedacht. Entzaubert. Hands-on.","potentialAction":[{"@type":"SearchAction","target":{"@type":"EntryPoint","urlTemplate":"https:\/\/www.consultingcheck.com\/de\/?s={search_term_string}"},"query-input":{"@type":"PropertyValueSpecification","valueRequired":true,"valueName":"search_term_string"}}],"inLanguage":"de"}]}},"_links":{"self":[{"href":"https:\/\/www.consultingcheck.com\/de\/wp-json\/wp\/v2\/product\/1711","targetHints":{"allow":["GET"]}}],"collection":[{"href":"https:\/\/www.consultingcheck.com\/de\/wp-json\/wp\/v2\/product"}],"about":[{"href":"https:\/\/www.consultingcheck.com\/de\/wp-json\/wp\/v2\/types\/product"}],"wp:featuredmedia":[{"embeddable":true,"href":"https:\/\/www.consultingcheck.com\/de\/wp-json\/wp\/v2\/media\/20159"}],"wp:attachment":[{"href":"https:\/\/www.consultingcheck.com\/de\/wp-json\/wp\/v2\/media?parent=1711"}],"wp:term":[{"taxonomy":"product_brand","embeddable":true,"href":"https:\/\/www.consultingcheck.com\/de\/wp-json\/wp\/v2\/product_brand?post=1711"},{"taxonomy":"product_cat","embeddable":true,"href":"https:\/\/www.consultingcheck.com\/de\/wp-json\/wp\/v2\/product_cat?post=1711"},{"taxonomy":"product_tag","embeddable":true,"href":"https:\/\/www.consultingcheck.com\/de\/wp-json\/wp\/v2\/product_tag?post=1711"},{"taxonomy":"jask_topic_categories","embeddable":true,"href":"https:\/\/www.consultingcheck.com\/de\/wp-json\/wp\/v2\/jask_topic_categories?post=1711"}],"curies":[{"name":"wp","href":"https:\/\/api.w.org\/{rel}","templated":true}]}}