{"id":1710,"date":"2021-11-09T00:49:52","date_gmt":"2021-11-08T23:49:52","guid":{"rendered":"https:\/\/www.consultingcheck.com\/ressource\/das-unternehmen-als-system\/"},"modified":"2024-06-19T07:45:28","modified_gmt":"2024-06-19T05:45:28","slug":"das-unternehmen-als-system","status":"publish","type":"product","link":"https:\/\/www.consultingcheck.com\/de\/ressource\/das-unternehmen-als-system\/","title":{"rendered":"Briefing zum Unternehmen als System"},"content":{"rendered":"<h3>Inhalte<\/h3>\n<p>In diesem Foliensatz lernen Sie auf 23 Inhaltsfolien die wertvolle Perspektive kennen, Unternehmen als soziale Systeme zu betrachten, die in ihr Umfeld \u00fcber Schnittstellen eingebunden sind. Ihre Aufmerksamkeit wird auf die Wechselwirkungen an diesen Schnittstellen gelenkt. Sie erfahren, wie Sie die Stabilit\u00e4t Ihres Unternehmens in diesem Wechselspiel f\u00f6rdern k\u00f6nnen. Es geht um Anschlussf\u00e4higkeit, die Sie durch Kommunikation und Rollen im Prozess erreichen; es geht weniger um Organisationseinheiten und Positionen. Sie lernen ein bew\u00e4hrtes Vorgehensmodell kennen, mit dem Sie Ihr Unternehmen agiler und anpassungsf\u00e4higer machen k\u00f6nnen, und erfahren, wie Sie diese Optimierung monitoren k\u00f6nnen.<\/p>\n<p>&nbsp;<\/p>\n<h3>Vorteile<\/h3>\n<ul>\n<li>Sie erhalten eine wertvolle Perspektive auf Ihr Unternehmen, es als soziales System aufzufassen. Sie erkennen die komplexen Wirkungsgef\u00fcge im Unternehmen kennen.<\/li>\n<li>Ihnen wird bewusst gemacht, mit welchen Stellgliedern Sie Ihr Unternehmen als soziales System in seinem Umfeld erfolgreich verankern k\u00f6nnen.<\/li>\n<li>Sie erfahren \u00fcber den Einfluss der Abstimmung an den Schnittstellen im Gesch\u00e4ftsprozess und lernen ein Vorgehensmodell kennen, mit dem Sie diese Schnittstellen<\/li>\n<li>Sie lernen M\u00f6glichkeiten kennen, ihr Unternehmen anschlussf\u00e4hig und anpassungsf\u00e4hig zu machen und dadurch seine Lebensf\u00e4higkeit zu verbessern.<\/li>\n<li>Sie lernen, wie Sie die Leistungsf\u00e4higkeit eines sozialen Systems angemessen monitoren k\u00f6nnen.<\/li>\n<\/ul>\n<p>&nbsp;<\/p>\n<h3>Digitaler Download<\/h3>\n<p>Nach der Bestellung erhalten Sie einen Download-Link zum Foliensatz, den Sie sofort nutzen k\u00f6nnen.<\/p>\n<p>Bitte beachten Sie, dass dieser Foliensatz, zu dem Sie den Zugang erwerben, ausschlie\u00dflich f\u00fcr Ihren pers\u00f6nlichen Gebrauch bestimmt sind. Es ist untersagt, die Folien in jeglicher Form und in jeglicher digitaler oder physischer Weise weiterzuverkaufen oder sie ohne meine Erlaubnis in einer physischen oder Online-Ver\u00f6ffentlichung zu ver\u00f6ffentlichen. Ich bin der einzige Copyright-Inhaber dieser Datei.<\/p>\n<p>Link zum Download: pdf<\/p>\n","protected":false},"excerpt":{"rendered":"<h2>Das Unternehmen als soziales System: Lernen Sie eine neue Perspektive kennen!<\/h2>\n","protected":false},"featured_media":20180,"template":"","meta":{"_links_to":"","_links_to_target":""},"product_brand":[],"product_cat":[601,1227],"product_tag":[],"jask_topic_categories":[1220,106,108,105,115,116,127,128,129,130,131,132,146,150,1669,153,159,154,155,168,177,209,207,208,212,213,221,226,227,228,229,234,176,169,173,235,240,246,247,248,249,251,255,327,256,257,250,267,268,274,275,280,284,321,286,290,288,322,323,324,328,342,345,349,341,365,384,620,417,429,496,505,517,524,546,547],"class_list":{"0":"post-1710","1":"product","2":"type-product","3":"status-publish","4":"has-post-thumbnail","6":"product_cat-foliensatz","7":"product_cat-management","8":"jask_topic_categories-management","9":"jask_topic_categories-strategische-positionierung","10":"jask_topic_categories-wachstum","11":"jask_topic_categories-vertriebsstrategie","12":"jask_topic_categories-vertriebsorganisation","13":"jask_topic_categories-aufbau-der-vertriebsorganisation","14":"jask_topic_categories-prozessoptimierung","15":"jask_topic_categories-schnittstellen-in-prozessen","16":"jask_topic_categories-feedback-schleifen-in-prozessen","17":"jask_topic_categories-verknuepfung-von-prozessen-miteinander","18":"jask_topic_categories-koordination-und-entwicklungsfaehigkeit-in-die-prozesse-legen","19":"jask_topic_categories-it-prozessunterstuetzung","20":"jask_topic_categories-kostensenkung-durch-abgestimmte-zusammenarbeit","21":"jask_topic_categories-kostensenkung-in-der-fertigung","22":"jask_topic_categories-digitale-technologien-zur-prozessoptimierung","23":"jask_topic_categories-fertigungsmanagement","24":"jask_topic_categories-standortstrategie","25":"jask_topic_categories-optimierung-des-fertigungsprozesses","26":"jask_topic_categories-lean-management","27":"jask_topic_categories-stabilisierung","28":"jask_topic_categories-innovation","29":"jask_topic_categories-bedarfsermittlung","30":"jask_topic_categories-entscheidungsprozess-fuer-innovationen","31":"jask_topic_categories-umsetzung-von-innovationen","32":"jask_topic_categories-ganzheitliche-produktentwicklung","33":"jask_topic_categories-vorgehensweisen-fuer-die-produktentwicklung","34":"jask_topic_categories-durchgaengige-gestaltung-von-vertragswerken","35":"jask_topic_categories-agilisierung-zur-laufenden-anpassung","36":"jask_topic_categories-regelung","37":"jask_topic_categories-welchen-einfluss-haben-regelsysteme-auf-die-stabilitaet","38":"jask_topic_categories-wie-funktionieren-regelsysteme","39":"jask_topic_categories-entscheidungen","40":"jask_topic_categories-systemgerechtes-management-als-schluessel-zu-nachhaltigem-erfolg","41":"jask_topic_categories-ganzheitlicher-vernetzter-ansatz","42":"jask_topic_categories-komplexe-sachverhalte","43":"jask_topic_categories-nachhaltigkeit","44":"jask_topic_categories-nachhaltig-wirtschaften","45":"jask_topic_categories-umsetzung-nachhaltigen-wirtschaftens","46":"jask_topic_categories-umweltmanagementsystem-nach-en-din-iso-14001","47":"jask_topic_categories-das-balanced-scorecard-konzept","48":"jask_topic_categories-organisation-und-personal","49":"jask_topic_categories-prozesse","50":"jask_topic_categories-einordnung-von-leadership","51":"jask_topic_categories-agiles-arbeiten","52":"jask_topic_categories-fuehren-von-geschaeften","53":"jask_topic_categories-personalfuehrung","54":"jask_topic_categories-zusammenarbeit","55":"jask_topic_categories-leistungsklima-und-fairer-umgang-miteinander","56":"jask_topic_categories-kultur-des-vertrauens-und-der-wertschaetzung","57":"jask_topic_categories-situative-fuehrung","58":"jask_topic_categories-fuehrungsbereitschaft-fuehrungsfaehigkeit-und-fuehrungsmoeglichkeit","59":"jask_topic_categories-umgang-mit-zielen","60":"jask_topic_categories-entscheidungen-aussenfuehrung","61":"jask_topic_categories-konfliktmanagement","62":"jask_topic_categories-entscheidungsprozess","63":"jask_topic_categories-kommunikationskultur","64":"jask_topic_categories-verstaendnis-fuer-das-zusammenspiel-der-kraefte","65":"jask_topic_categories-konfliktursachen","66":"jask_topic_categories-konfliktpraevention","67":"jask_topic_categories-konfliktbeseitigung","68":"jask_topic_categories-voraussetzungen-fuer-agiles-arbeiten","69":"jask_topic_categories-ganzheitliches-controlling","70":"jask_topic_categories-risikomanagement","71":"jask_topic_categories-erp-systeme","72":"jask_topic_categories-controlling-und-risikomanagement","73":"jask_topic_categories-organisationsstruktur","74":"jask_topic_categories-zusammenarbeit-mit-betriebsraeten","75":"jask_topic_categories-boersengang-initial-public-offering-ipo","76":"jask_topic_categories-ganzheitliche-ertragssteigerung-in-der-krise","77":"jask_topic_categories-turnaround-vorgehensmodell","78":"jask_topic_categories-geschaeftsmodelle","79":"jask_topic_categories-strategien","80":"jask_topic_categories-strategiemodelle","81":"jask_topic_categories-corporate-foresight-prozess","82":"jask_topic_categories-systemzertifizierungen","83":"jask_topic_categories-managementsysteme","85":"first","86":"instock","87":"sold-individually","88":"taxable","89":"shipping-taxable","90":"purchasable","91":"product-type-variable"},"yoast_head":"<!-- This site is optimized with the Yoast SEO plugin v27.5 - https:\/\/yoast.com\/product\/yoast-seo-wordpress\/ -->\n<title>Unternehmen als soziale Systeme: PDF-Briefing kaufen<\/title>\n<meta name=\"description\" content=\"Lernen Sie Unternehmen als soziale Systeme kennen und verstehen. Laden Sie dazu einfach unser 23-seitiges PDF-Briefing herunter!\" \/>\n<meta name=\"robots\" content=\"index, follow, max-snippet:-1, max-image-preview:large, max-video-preview:-1\" \/>\n<link rel=\"canonical\" href=\"https:\/\/www.consultingcheck.com\/de\/ressource\/das-unternehmen-als-system\/\" \/>\n<meta property=\"og:locale\" content=\"de_DE\" \/>\n<meta property=\"og:type\" content=\"article\" \/>\n<meta property=\"og:title\" content=\"Unternehmen als soziale Systeme: PDF-Briefing kaufen\" \/>\n<meta property=\"og:description\" content=\"Lernen Sie Unternehmen als soziale Systeme kennen und verstehen. Laden Sie dazu einfach unser 23-seitiges PDF-Briefing herunter!\" \/>\n<meta property=\"og:url\" content=\"https:\/\/www.consultingcheck.com\/de\/ressource\/das-unternehmen-als-system\/\" \/>\n<meta property=\"og:site_name\" content=\"consultingcheck\" \/>\n<meta property=\"article:modified_time\" content=\"2024-06-19T05:45:28+00:00\" \/>\n<meta property=\"og:image\" content=\"https:\/\/www.consultingcheck.com\/wp-content\/uploads\/2021\/11\/das-unternehmen-als-system.jpg\" \/>\n\t<meta property=\"og:image:width\" content=\"1000\" \/>\n\t<meta property=\"og:image:height\" content=\"679\" \/>\n\t<meta property=\"og:image:type\" content=\"image\/jpeg\" \/>\n<meta name=\"twitter:card\" content=\"summary_large_image\" \/>\n<meta name=\"twitter:label1\" content=\"Gesch\u00e4tzte Lesezeit\" \/>\n\t<meta name=\"twitter:data1\" content=\"2\u00a0Minuten\" \/>\n<script type=\"application\/ld+json\" class=\"yoast-schema-graph\">{\"@context\":\"https:\\\/\\\/schema.org\",\"@graph\":[{\"@type\":\"WebPage\",\"@id\":\"https:\\\/\\\/www.consultingcheck.com\\\/de\\\/ressource\\\/das-unternehmen-als-system\\\/\",\"url\":\"https:\\\/\\\/www.consultingcheck.com\\\/de\\\/ressource\\\/das-unternehmen-als-system\\\/\",\"name\":\"Unternehmen als soziale Systeme: PDF-Briefing kaufen\",\"isPartOf\":{\"@id\":\"https:\\\/\\\/www.consultingcheck.com\\\/de\\\/#website\"},\"primaryImageOfPage\":{\"@id\":\"https:\\\/\\\/www.consultingcheck.com\\\/de\\\/ressource\\\/das-unternehmen-als-system\\\/#primaryimage\"},\"image\":{\"@id\":\"https:\\\/\\\/www.consultingcheck.com\\\/de\\\/ressource\\\/das-unternehmen-als-system\\\/#primaryimage\"},\"thumbnailUrl\":\"https:\\\/\\\/www.consultingcheck.com\\\/wp-content\\\/uploads\\\/2021\\\/11\\\/das-unternehmen-als-system.jpg\",\"datePublished\":\"2021-11-08T23:49:52+00:00\",\"dateModified\":\"2024-06-19T05:45:28+00:00\",\"description\":\"Lernen Sie Unternehmen als soziale Systeme kennen und verstehen. Laden Sie dazu einfach unser 23-seitiges PDF-Briefing herunter!\",\"breadcrumb\":{\"@id\":\"https:\\\/\\\/www.consultingcheck.com\\\/de\\\/ressource\\\/das-unternehmen-als-system\\\/#breadcrumb\"},\"inLanguage\":\"de\",\"potentialAction\":[{\"@type\":\"ReadAction\",\"target\":[\"https:\\\/\\\/www.consultingcheck.com\\\/de\\\/ressource\\\/das-unternehmen-als-system\\\/\"]}]},{\"@type\":\"ImageObject\",\"inLanguage\":\"de\",\"@id\":\"https:\\\/\\\/www.consultingcheck.com\\\/de\\\/ressource\\\/das-unternehmen-als-system\\\/#primaryimage\",\"url\":\"https:\\\/\\\/www.consultingcheck.com\\\/wp-content\\\/uploads\\\/2021\\\/11\\\/das-unternehmen-als-system.jpg\",\"contentUrl\":\"https:\\\/\\\/www.consultingcheck.com\\\/wp-content\\\/uploads\\\/2021\\\/11\\\/das-unternehmen-als-system.jpg\",\"width\":1000,\"height\":679,\"caption\":\"Ein Screenshot des Briefings zum Unternehmen als System.\"},{\"@type\":\"BreadcrumbList\",\"@id\":\"https:\\\/\\\/www.consultingcheck.com\\\/de\\\/ressource\\\/das-unternehmen-als-system\\\/#breadcrumb\",\"itemListElement\":[{\"@type\":\"ListItem\",\"position\":1,\"name\":\"Startseite\",\"item\":\"https:\\\/\\\/www.consultingcheck.com\\\/de\\\/\"},{\"@type\":\"ListItem\",\"position\":2,\"name\":\"Downloads, Anwendungen und Produkte\",\"item\":\"https:\\\/\\\/www.consultingcheck.com\\\/de\\\/tools\\\/downloads-anwendungen-und-produkte\\\/\"},{\"@type\":\"ListItem\",\"position\":3,\"name\":\"Briefing zum Unternehmen als System\"}]},{\"@type\":\"WebSite\",\"@id\":\"https:\\\/\\\/www.consultingcheck.com\\\/de\\\/#website\",\"url\":\"https:\\\/\\\/www.consultingcheck.com\\\/de\\\/\",\"name\":\"consultingcheck\",\"description\":\"Vernetzt gedacht. Entzaubert. Hands-on.\",\"potentialAction\":[{\"@type\":\"SearchAction\",\"target\":{\"@type\":\"EntryPoint\",\"urlTemplate\":\"https:\\\/\\\/www.consultingcheck.com\\\/de\\\/?s={search_term_string}\"},\"query-input\":{\"@type\":\"PropertyValueSpecification\",\"valueRequired\":true,\"valueName\":\"search_term_string\"}}],\"inLanguage\":\"de\"}]}<\/script>\n<!-- \/ Yoast SEO plugin. -->","yoast_head_json":{"title":"Unternehmen als soziale Systeme: PDF-Briefing kaufen","description":"Lernen Sie Unternehmen als soziale Systeme kennen und verstehen. Laden Sie dazu einfach unser 23-seitiges PDF-Briefing herunter!","robots":{"index":"index","follow":"follow","max-snippet":"max-snippet:-1","max-image-preview":"max-image-preview:large","max-video-preview":"max-video-preview:-1"},"canonical":"https:\/\/www.consultingcheck.com\/de\/ressource\/das-unternehmen-als-system\/","og_locale":"de_DE","og_type":"article","og_title":"Unternehmen als soziale Systeme: PDF-Briefing kaufen","og_description":"Lernen Sie Unternehmen als soziale Systeme kennen und verstehen. Laden Sie dazu einfach unser 23-seitiges PDF-Briefing herunter!","og_url":"https:\/\/www.consultingcheck.com\/de\/ressource\/das-unternehmen-als-system\/","og_site_name":"consultingcheck","article_modified_time":"2024-06-19T05:45:28+00:00","og_image":[{"width":1000,"height":679,"url":"https:\/\/www.consultingcheck.com\/wp-content\/uploads\/2021\/11\/das-unternehmen-als-system.jpg","type":"image\/jpeg"}],"twitter_card":"summary_large_image","twitter_misc":{"Gesch\u00e4tzte Lesezeit":"2\u00a0Minuten"},"schema":{"@context":"https:\/\/schema.org","@graph":[{"@type":"WebPage","@id":"https:\/\/www.consultingcheck.com\/de\/ressource\/das-unternehmen-als-system\/","url":"https:\/\/www.consultingcheck.com\/de\/ressource\/das-unternehmen-als-system\/","name":"Unternehmen als soziale Systeme: PDF-Briefing kaufen","isPartOf":{"@id":"https:\/\/www.consultingcheck.com\/de\/#website"},"primaryImageOfPage":{"@id":"https:\/\/www.consultingcheck.com\/de\/ressource\/das-unternehmen-als-system\/#primaryimage"},"image":{"@id":"https:\/\/www.consultingcheck.com\/de\/ressource\/das-unternehmen-als-system\/#primaryimage"},"thumbnailUrl":"https:\/\/www.consultingcheck.com\/wp-content\/uploads\/2021\/11\/das-unternehmen-als-system.jpg","datePublished":"2021-11-08T23:49:52+00:00","dateModified":"2024-06-19T05:45:28+00:00","description":"Lernen Sie Unternehmen als soziale Systeme kennen und verstehen. Laden Sie dazu einfach unser 23-seitiges PDF-Briefing herunter!","breadcrumb":{"@id":"https:\/\/www.consultingcheck.com\/de\/ressource\/das-unternehmen-als-system\/#breadcrumb"},"inLanguage":"de","potentialAction":[{"@type":"ReadAction","target":["https:\/\/www.consultingcheck.com\/de\/ressource\/das-unternehmen-als-system\/"]}]},{"@type":"ImageObject","inLanguage":"de","@id":"https:\/\/www.consultingcheck.com\/de\/ressource\/das-unternehmen-als-system\/#primaryimage","url":"https:\/\/www.consultingcheck.com\/wp-content\/uploads\/2021\/11\/das-unternehmen-als-system.jpg","contentUrl":"https:\/\/www.consultingcheck.com\/wp-content\/uploads\/2021\/11\/das-unternehmen-als-system.jpg","width":1000,"height":679,"caption":"Ein Screenshot des Briefings zum Unternehmen als System."},{"@type":"BreadcrumbList","@id":"https:\/\/www.consultingcheck.com\/de\/ressource\/das-unternehmen-als-system\/#breadcrumb","itemListElement":[{"@type":"ListItem","position":1,"name":"Startseite","item":"https:\/\/www.consultingcheck.com\/de\/"},{"@type":"ListItem","position":2,"name":"Downloads, Anwendungen und Produkte","item":"https:\/\/www.consultingcheck.com\/de\/tools\/downloads-anwendungen-und-produkte\/"},{"@type":"ListItem","position":3,"name":"Briefing zum Unternehmen als System"}]},{"@type":"WebSite","@id":"https:\/\/www.consultingcheck.com\/de\/#website","url":"https:\/\/www.consultingcheck.com\/de\/","name":"consultingcheck","description":"Vernetzt gedacht. Entzaubert. Hands-on.","potentialAction":[{"@type":"SearchAction","target":{"@type":"EntryPoint","urlTemplate":"https:\/\/www.consultingcheck.com\/de\/?s={search_term_string}"},"query-input":{"@type":"PropertyValueSpecification","valueRequired":true,"valueName":"search_term_string"}}],"inLanguage":"de"}]}},"_links":{"self":[{"href":"https:\/\/www.consultingcheck.com\/de\/wp-json\/wp\/v2\/product\/1710","targetHints":{"allow":["GET"]}}],"collection":[{"href":"https:\/\/www.consultingcheck.com\/de\/wp-json\/wp\/v2\/product"}],"about":[{"href":"https:\/\/www.consultingcheck.com\/de\/wp-json\/wp\/v2\/types\/product"}],"wp:featuredmedia":[{"embeddable":true,"href":"https:\/\/www.consultingcheck.com\/de\/wp-json\/wp\/v2\/media\/20180"}],"wp:attachment":[{"href":"https:\/\/www.consultingcheck.com\/de\/wp-json\/wp\/v2\/media?parent=1710"}],"wp:term":[{"taxonomy":"product_brand","embeddable":true,"href":"https:\/\/www.consultingcheck.com\/de\/wp-json\/wp\/v2\/product_brand?post=1710"},{"taxonomy":"product_cat","embeddable":true,"href":"https:\/\/www.consultingcheck.com\/de\/wp-json\/wp\/v2\/product_cat?post=1710"},{"taxonomy":"product_tag","embeddable":true,"href":"https:\/\/www.consultingcheck.com\/de\/wp-json\/wp\/v2\/product_tag?post=1710"},{"taxonomy":"jask_topic_categories","embeddable":true,"href":"https:\/\/www.consultingcheck.com\/de\/wp-json\/wp\/v2\/jask_topic_categories?post=1710"}],"curies":[{"name":"wp","href":"https:\/\/api.w.org\/{rel}","templated":true}]}}