{"id":1707,"date":"2021-11-09T00:49:52","date_gmt":"2021-11-08T23:49:52","guid":{"rendered":"https:\/\/www.consultingcheck.com\/ressource\/projektmanagement\/"},"modified":"2024-06-19T07:48:57","modified_gmt":"2024-06-19T05:48:57","slug":"management-von-kundenprojekten","status":"publish","type":"product","link":"https:\/\/www.consultingcheck.com\/de\/ressource\/management-von-kundenprojekten\/","title":{"rendered":"Funktionsbeschreibung &#8222;Management von Kundenprojekten&#8220;"},"content":{"rendered":"<h3>Inhalte<\/h3>\n<p>Hier finden Sie Beispiele f\u00fcr Funktionsbeschreibungen und Anforderungsprofile f\u00fcr das Projektmanagement. Sie erhalten 1 Beschreibung, und zwar:<\/p>\n<ul>\n<li>Management von Kundenprojekten<\/li>\n<\/ul>\n<p>Jede Funktionsbeschreibung geht auf folgende Aspekte ein:<\/p>\n<ul>\n<li>Die Rolle im Unternehmen<\/li>\n<li>Verantwortlichkeiten<\/li>\n<li>Befugnisse<\/li>\n<li>Aktivit\u00e4ten<\/li>\n<li>Zusammenarbeit<\/li>\n<li>Einbindung in die Aufbauorganisation<\/li>\n<li>Vertretungsregelung<\/li>\n<\/ul>\n<p>Jedes Anforderungsprofil enth\u00e4lt folgende Information:<\/p>\n<ul>\n<li>Pers\u00f6nlichkeitsmerkmale<\/li>\n<li>Erfahrungen<\/li>\n<li>Besondere fachliche F\u00e4higkeiten<\/li>\n<li>Allgemeine IT-Kompetenz<\/li>\n<li>Formale Ausbildung<\/li>\n<li>Sprachkenntnisse<\/li>\n<\/ul>\n<p>&nbsp;<\/p>\n<h3>Vorteile<\/h3>\n<ul>\n<li>Diese Formatvorlagen f\u00fcr Funktionsbeschreibungen und Anforderungsprofile geben Ihnen relevante inhaltliche Anregungen, die in der Praxis bew\u00e4hrt haben.<\/li>\n<li>Sie k\u00f6nnen die offenen MS Word-Dateien an die Erfordernisse Ihrer Organisation anpassen.<\/li>\n<\/ul>\n<p>&nbsp;<\/p>\n<h3>Digitaler Download<\/h3>\n<p>Nach der Bestellung erhalten Sie einen Download-Link zu den Funktionsbeschreibungen und Anforderungsprofile, die Sie sofort nutzen k\u00f6nnen.<\/p>\n<p>Bitte beachten Sie, dass diese Funktionsbeschreibungen und Anforderungsprofile, zu denen Sie den Zugang erwerben, ausschlie\u00dflich f\u00fcr Ihren pers\u00f6nlichen Gebrauch bestimmt sind. Es ist untersagt, sie in jeglicher Form und in jeglicher digitaler oder physischer Weise weiterzuverkaufen oder sie ohne meine Erlaubnis in einer physischen oder Online-Ver\u00f6ffentlichung zu ver\u00f6ffentlichen. Ich bin der einzige Copyright-Inhaber dieser Dateien.<\/p>\n<p>Link zum Download: MS Word-Dateien<\/p>\n","protected":false},"excerpt":{"rendered":"<h2><strong>Entdecken Sie Beispiele f\u00fcr Funktionsbeschreibungen des Projektmanagements zum Download!<\/strong><\/h2>\n","protected":false},"featured_media":20222,"template":"","meta":{"_links_to":"","_links_to_target":""},"product_brand":[],"product_cat":[593,1224,1227],"product_tag":[],"jask_topic_categories":[1220,168,249,251,327,332,333,250,253,277,334,338,335,336,337,351,369,372,376,371,381],"class_list":{"0":"post-1707","1":"product","2":"type-product","3":"status-publish","4":"has-post-thumbnail","6":"product_cat-muster","7":"product_cat-funktionsbeschreibungen","8":"product_cat-management","9":"jask_topic_categories-management","10":"jask_topic_categories-stabilisierung","11":"jask_topic_categories-organisation-und-personal","12":"jask_topic_categories-prozesse","13":"jask_topic_categories-agiles-arbeiten","14":"jask_topic_categories-change-management","15":"jask_topic_categories-projektmanagement","16":"jask_topic_categories-zusammenarbeit","17":"jask_topic_categories-leadership","18":"jask_topic_categories-fuehrungsfaehigkeit","19":"jask_topic_categories-methoden-des-projektmanagements","20":"jask_topic_categories-qualifikationen-fuer-projektmanagement","21":"jask_topic_categories-klassisches-projektmanagement","22":"jask_topic_categories-agiles-projektmanagement-mit-scrum","23":"jask_topic_categories-hybrides-projektmanagement","24":"jask_topic_categories-erp-systemwechsel","25":"jask_topic_categories-projektorganisation","26":"jask_topic_categories-suchprofil-fuer-kandidaten","27":"jask_topic_categories-kandidateninterview-und-auswahlkriterien","28":"jask_topic_categories-personalbeschaffung","29":"jask_topic_categories-kooperation-und-vernetzung","31":"first","32":"instock","33":"downloadable","34":"virtual","35":"sold-individually","36":"taxable","37":"purchasable","38":"product-type-simple"},"yoast_head":"<!-- This site is optimized with the Yoast SEO plugin v27.5 - https:\/\/yoast.com\/product\/yoast-seo-wordpress\/ -->\n<title>Funktionsbeschreibung \u201eKunden-Projektmanager\u201c kaufen<\/title>\n<meta name=\"description\" content=\"Hier erhalten Funktionsbeschreibung und Anforderungsprofil f\u00fcr das Management von Kundenprojekten. Jetzt bessere Stellenangebote ausschreiben!\" \/>\n<meta name=\"robots\" content=\"index, follow, max-snippet:-1, max-image-preview:large, max-video-preview:-1\" \/>\n<link rel=\"canonical\" href=\"https:\/\/www.consultingcheck.com\/de\/ressource\/management-von-kundenprojekten\/\" \/>\n<meta property=\"og:locale\" content=\"de_DE\" \/>\n<meta property=\"og:type\" content=\"article\" \/>\n<meta property=\"og:title\" content=\"Funktionsbeschreibung \u201eKunden-Projektmanager\u201c kaufen\" \/>\n<meta property=\"og:description\" content=\"Hier erhalten Funktionsbeschreibung und Anforderungsprofil f\u00fcr das Management von Kundenprojekten. Jetzt bessere Stellenangebote ausschreiben!\" \/>\n<meta property=\"og:url\" content=\"https:\/\/www.consultingcheck.com\/de\/ressource\/management-von-kundenprojekten\/\" \/>\n<meta property=\"og:site_name\" content=\"consultingcheck\" \/>\n<meta property=\"article:modified_time\" content=\"2024-06-19T05:48:57+00:00\" \/>\n<meta property=\"og:image\" content=\"https:\/\/www.consultingcheck.com\/wp-content\/uploads\/2021\/11\/management-von-kundenprojekten.jpg\" \/>\n\t<meta property=\"og:image:width\" content=\"1000\" \/>\n\t<meta property=\"og:image:height\" content=\"679\" \/>\n\t<meta property=\"og:image:type\" content=\"image\/jpeg\" \/>\n<meta name=\"twitter:card\" content=\"summary_large_image\" \/>\n<meta name=\"twitter:label1\" content=\"Gesch\u00e4tzte Lesezeit\" \/>\n\t<meta name=\"twitter:data1\" content=\"2\u00a0Minuten\" \/>\n<script type=\"application\/ld+json\" class=\"yoast-schema-graph\">{\"@context\":\"https:\\\/\\\/schema.org\",\"@graph\":[{\"@type\":\"WebPage\",\"@id\":\"https:\\\/\\\/www.consultingcheck.com\\\/de\\\/ressource\\\/management-von-kundenprojekten\\\/\",\"url\":\"https:\\\/\\\/www.consultingcheck.com\\\/de\\\/ressource\\\/management-von-kundenprojekten\\\/\",\"name\":\"Funktionsbeschreibung \u201eKunden-Projektmanager\u201c kaufen\",\"isPartOf\":{\"@id\":\"https:\\\/\\\/www.consultingcheck.com\\\/de\\\/#website\"},\"primaryImageOfPage\":{\"@id\":\"https:\\\/\\\/www.consultingcheck.com\\\/de\\\/ressource\\\/management-von-kundenprojekten\\\/#primaryimage\"},\"image\":{\"@id\":\"https:\\\/\\\/www.consultingcheck.com\\\/de\\\/ressource\\\/management-von-kundenprojekten\\\/#primaryimage\"},\"thumbnailUrl\":\"https:\\\/\\\/www.consultingcheck.com\\\/wp-content\\\/uploads\\\/2021\\\/11\\\/management-von-kundenprojekten.jpg\",\"datePublished\":\"2021-11-08T23:49:52+00:00\",\"dateModified\":\"2024-06-19T05:48:57+00:00\",\"description\":\"Hier erhalten Funktionsbeschreibung und Anforderungsprofil f\u00fcr das Management von Kundenprojekten. Jetzt bessere Stellenangebote ausschreiben!\",\"breadcrumb\":{\"@id\":\"https:\\\/\\\/www.consultingcheck.com\\\/de\\\/ressource\\\/management-von-kundenprojekten\\\/#breadcrumb\"},\"inLanguage\":\"de\",\"potentialAction\":[{\"@type\":\"ReadAction\",\"target\":[\"https:\\\/\\\/www.consultingcheck.com\\\/de\\\/ressource\\\/management-von-kundenprojekten\\\/\"]}]},{\"@type\":\"ImageObject\",\"inLanguage\":\"de\",\"@id\":\"https:\\\/\\\/www.consultingcheck.com\\\/de\\\/ressource\\\/management-von-kundenprojekten\\\/#primaryimage\",\"url\":\"https:\\\/\\\/www.consultingcheck.com\\\/wp-content\\\/uploads\\\/2021\\\/11\\\/management-von-kundenprojekten.jpg\",\"contentUrl\":\"https:\\\/\\\/www.consultingcheck.com\\\/wp-content\\\/uploads\\\/2021\\\/11\\\/management-von-kundenprojekten.jpg\",\"width\":1000,\"height\":679,\"caption\":\"Ein Screenshot der Funktionsbeschreibung Management von Kundenprojekten.\"},{\"@type\":\"BreadcrumbList\",\"@id\":\"https:\\\/\\\/www.consultingcheck.com\\\/de\\\/ressource\\\/management-von-kundenprojekten\\\/#breadcrumb\",\"itemListElement\":[{\"@type\":\"ListItem\",\"position\":1,\"name\":\"Startseite\",\"item\":\"https:\\\/\\\/www.consultingcheck.com\\\/de\\\/\"},{\"@type\":\"ListItem\",\"position\":2,\"name\":\"Downloads, Anwendungen und Produkte\",\"item\":\"https:\\\/\\\/www.consultingcheck.com\\\/de\\\/tools\\\/downloads-anwendungen-und-produkte\\\/\"},{\"@type\":\"ListItem\",\"position\":3,\"name\":\"Funktionsbeschreibung &#8222;Management von Kundenprojekten&#8220;\"}]},{\"@type\":\"WebSite\",\"@id\":\"https:\\\/\\\/www.consultingcheck.com\\\/de\\\/#website\",\"url\":\"https:\\\/\\\/www.consultingcheck.com\\\/de\\\/\",\"name\":\"consultingcheck\",\"description\":\"Vernetzt gedacht. Entzaubert. Hands-on.\",\"potentialAction\":[{\"@type\":\"SearchAction\",\"target\":{\"@type\":\"EntryPoint\",\"urlTemplate\":\"https:\\\/\\\/www.consultingcheck.com\\\/de\\\/?s={search_term_string}\"},\"query-input\":{\"@type\":\"PropertyValueSpecification\",\"valueRequired\":true,\"valueName\":\"search_term_string\"}}],\"inLanguage\":\"de\"}]}<\/script>\n<!-- \/ Yoast SEO plugin. -->","yoast_head_json":{"title":"Funktionsbeschreibung \u201eKunden-Projektmanager\u201c kaufen","description":"Hier erhalten Funktionsbeschreibung und Anforderungsprofil f\u00fcr das Management von Kundenprojekten. Jetzt bessere Stellenangebote ausschreiben!","robots":{"index":"index","follow":"follow","max-snippet":"max-snippet:-1","max-image-preview":"max-image-preview:large","max-video-preview":"max-video-preview:-1"},"canonical":"https:\/\/www.consultingcheck.com\/de\/ressource\/management-von-kundenprojekten\/","og_locale":"de_DE","og_type":"article","og_title":"Funktionsbeschreibung \u201eKunden-Projektmanager\u201c kaufen","og_description":"Hier erhalten Funktionsbeschreibung und Anforderungsprofil f\u00fcr das Management von Kundenprojekten. Jetzt bessere Stellenangebote ausschreiben!","og_url":"https:\/\/www.consultingcheck.com\/de\/ressource\/management-von-kundenprojekten\/","og_site_name":"consultingcheck","article_modified_time":"2024-06-19T05:48:57+00:00","og_image":[{"width":1000,"height":679,"url":"https:\/\/www.consultingcheck.com\/wp-content\/uploads\/2021\/11\/management-von-kundenprojekten.jpg","type":"image\/jpeg"}],"twitter_card":"summary_large_image","twitter_misc":{"Gesch\u00e4tzte Lesezeit":"2\u00a0Minuten"},"schema":{"@context":"https:\/\/schema.org","@graph":[{"@type":"WebPage","@id":"https:\/\/www.consultingcheck.com\/de\/ressource\/management-von-kundenprojekten\/","url":"https:\/\/www.consultingcheck.com\/de\/ressource\/management-von-kundenprojekten\/","name":"Funktionsbeschreibung \u201eKunden-Projektmanager\u201c kaufen","isPartOf":{"@id":"https:\/\/www.consultingcheck.com\/de\/#website"},"primaryImageOfPage":{"@id":"https:\/\/www.consultingcheck.com\/de\/ressource\/management-von-kundenprojekten\/#primaryimage"},"image":{"@id":"https:\/\/www.consultingcheck.com\/de\/ressource\/management-von-kundenprojekten\/#primaryimage"},"thumbnailUrl":"https:\/\/www.consultingcheck.com\/wp-content\/uploads\/2021\/11\/management-von-kundenprojekten.jpg","datePublished":"2021-11-08T23:49:52+00:00","dateModified":"2024-06-19T05:48:57+00:00","description":"Hier erhalten Funktionsbeschreibung und Anforderungsprofil f\u00fcr das Management von Kundenprojekten. Jetzt bessere Stellenangebote ausschreiben!","breadcrumb":{"@id":"https:\/\/www.consultingcheck.com\/de\/ressource\/management-von-kundenprojekten\/#breadcrumb"},"inLanguage":"de","potentialAction":[{"@type":"ReadAction","target":["https:\/\/www.consultingcheck.com\/de\/ressource\/management-von-kundenprojekten\/"]}]},{"@type":"ImageObject","inLanguage":"de","@id":"https:\/\/www.consultingcheck.com\/de\/ressource\/management-von-kundenprojekten\/#primaryimage","url":"https:\/\/www.consultingcheck.com\/wp-content\/uploads\/2021\/11\/management-von-kundenprojekten.jpg","contentUrl":"https:\/\/www.consultingcheck.com\/wp-content\/uploads\/2021\/11\/management-von-kundenprojekten.jpg","width":1000,"height":679,"caption":"Ein Screenshot der Funktionsbeschreibung Management von Kundenprojekten."},{"@type":"BreadcrumbList","@id":"https:\/\/www.consultingcheck.com\/de\/ressource\/management-von-kundenprojekten\/#breadcrumb","itemListElement":[{"@type":"ListItem","position":1,"name":"Startseite","item":"https:\/\/www.consultingcheck.com\/de\/"},{"@type":"ListItem","position":2,"name":"Downloads, Anwendungen und Produkte","item":"https:\/\/www.consultingcheck.com\/de\/tools\/downloads-anwendungen-und-produkte\/"},{"@type":"ListItem","position":3,"name":"Funktionsbeschreibung &#8222;Management von Kundenprojekten&#8220;"}]},{"@type":"WebSite","@id":"https:\/\/www.consultingcheck.com\/de\/#website","url":"https:\/\/www.consultingcheck.com\/de\/","name":"consultingcheck","description":"Vernetzt gedacht. Entzaubert. Hands-on.","potentialAction":[{"@type":"SearchAction","target":{"@type":"EntryPoint","urlTemplate":"https:\/\/www.consultingcheck.com\/de\/?s={search_term_string}"},"query-input":{"@type":"PropertyValueSpecification","valueRequired":true,"valueName":"search_term_string"}}],"inLanguage":"de"}]}},"_links":{"self":[{"href":"https:\/\/www.consultingcheck.com\/de\/wp-json\/wp\/v2\/product\/1707","targetHints":{"allow":["GET"]}}],"collection":[{"href":"https:\/\/www.consultingcheck.com\/de\/wp-json\/wp\/v2\/product"}],"about":[{"href":"https:\/\/www.consultingcheck.com\/de\/wp-json\/wp\/v2\/types\/product"}],"wp:featuredmedia":[{"embeddable":true,"href":"https:\/\/www.consultingcheck.com\/de\/wp-json\/wp\/v2\/media\/20222"}],"wp:attachment":[{"href":"https:\/\/www.consultingcheck.com\/de\/wp-json\/wp\/v2\/media?parent=1707"}],"wp:term":[{"taxonomy":"product_brand","embeddable":true,"href":"https:\/\/www.consultingcheck.com\/de\/wp-json\/wp\/v2\/product_brand?post=1707"},{"taxonomy":"product_cat","embeddable":true,"href":"https:\/\/www.consultingcheck.com\/de\/wp-json\/wp\/v2\/product_cat?post=1707"},{"taxonomy":"product_tag","embeddable":true,"href":"https:\/\/www.consultingcheck.com\/de\/wp-json\/wp\/v2\/product_tag?post=1707"},{"taxonomy":"jask_topic_categories","embeddable":true,"href":"https:\/\/www.consultingcheck.com\/de\/wp-json\/wp\/v2\/jask_topic_categories?post=1707"}],"curies":[{"name":"wp","href":"https:\/\/api.w.org\/{rel}","templated":true}]}}