{"id":1706,"date":"2021-11-09T00:49:52","date_gmt":"2021-11-08T23:49:52","guid":{"rendered":"https:\/\/www.consultingcheck.com\/ressource\/managementbeauftragte\/"},"modified":"2024-06-19T07:49:35","modified_gmt":"2024-06-19T05:49:35","slug":"managementbeauftragte","status":"publish","type":"product","link":"https:\/\/www.consultingcheck.com\/de\/ressource\/managementbeauftragte\/","title":{"rendered":"Funktionsbeschreibungen &#8222;Managementbeauftragte&#8220;"},"content":{"rendered":"<h3>Inhalte<\/h3>\n<p>Hier finden Sie Beispiele f\u00fcr Funktionsbeschreibungen und Anforderungsprofile f\u00fcr die wesentlichen Managementbeauftragten. Sie erhalten 10 Beschreibungen, und zwar:<\/p>\n<ul>\n<li>Managementbeauftragter f\u00fcr das QM-System<\/li>\n<li>Managementbeauftragter f\u00fcr den Schutz personenbezogener Daten<\/li>\n<li>Managementbeauftragter f\u00fcr Abfall<\/li>\n<li>Managementbeauftragter f\u00fcr Arbeitssicherheit<\/li>\n<li>Managementbeauftragter f\u00fcr Hebezeuge und Lastaufnahmeeinrichtungen<\/li>\n<li>Managementbeauftragter f\u00fcr Leitern und Tritte<\/li>\n<li>Managementbeauftragter f\u00fcr Sprinkleranlagen<\/li>\n<li>Managementbeauftragter f\u00fcr Umweltmanagement<\/li>\n<li>Managementbeauftragter f\u00fcr Brandschutz<\/li>\n<li>Managementbeauftragter f\u00fcr Sicherheit<\/li>\n<\/ul>\n<p>Jede Funktionsbeschreibung geht auf folgende Aspekte ein:<\/p>\n<ul>\n<li>Die Rolle im Unternehmen<\/li>\n<li>Verantwortlichkeiten<\/li>\n<li>Befugnisse<\/li>\n<li>Aktivit\u00e4ten<\/li>\n<li>Zusammenarbeit<\/li>\n<li>Einbindung in die Aufbauorganisation<\/li>\n<li>Vertretungsregelung<\/li>\n<\/ul>\n<p>Jedes Anforderungsprofil enth\u00e4lt folgende Information:<\/p>\n<ul>\n<li>Pers\u00f6nlichkeitsmerkmale<\/li>\n<li>Erfahrungen<\/li>\n<li>Besondere fachliche F\u00e4higkeiten<\/li>\n<li>Allgemeine IT-Kompetenz<\/li>\n<li>Formale Ausbildung<\/li>\n<li>Sprachkenntnisse<\/li>\n<\/ul>\n<p><strong>\u00a0<\/strong><\/p>\n<h3>Vorteile<\/h3>\n<ul>\n<li>Diese Formatvorlagen f\u00fcr Funktionsbeschreibungen und Anforderungsprofile geben Ihnen relevante inhaltliche Anregungen, die in der Praxis bew\u00e4hrt haben.<\/li>\n<li>Sie k\u00f6nnen die offenen MS Word-Dateien an die Erfordernisse Ihrer Organisation anpassen.<\/li>\n<\/ul>\n<p>&nbsp;<\/p>\n<h3>Digitaler Download<\/h3>\n<p>Nach der Bestellung erhalten Sie einen Download-Link zu den Funktionsbeschreibungen und Anforderungsprofile, die Sie sofort nutzen k\u00f6nnen.<\/p>\n<p>Bitte beachten Sie, dass diese Funktionsbeschreibungen und Anforderungsprofile, zu denen Sie den Zugang erwerben, ausschlie\u00dflich f\u00fcr Ihren pers\u00f6nlichen Gebrauch bestimmt sind. Es ist untersagt, sie in jeglicher Form und in jeglicher digitaler oder physischer Weise weiterzuverkaufen oder sie ohne meine Erlaubnis in einer physischen oder Online-Ver\u00f6ffentlichung zu ver\u00f6ffentlichen. Ich bin der einzige Copyright-Inhaber dieser Dateien.<\/p>\n<p>Link zum Download: MS Word-Dateien<\/p>\n<p>&nbsp;<\/p>\n","protected":false},"excerpt":{"rendered":"<h2><strong>Entdecken Sie Funktionsbeschreibungen f\u00fcr die wesentlichen Managementbeauftragten zum Download!<\/strong><\/h2>\n","protected":false},"featured_media":20048,"template":"","meta":{"_links_to":"","_links_to_target":""},"product_brand":[],"product_cat":[593,1224,1227],"product_tag":[],"jask_topic_categories":[1220,127,126,128,129,130,139,136,145,1643,168,176,169,235,240,1664,243,244,245,246,249,251,255,339,256,257,250,342,362,341,363,364,372,376,379,371,378,484,477,547],"class_list":{"0":"post-1706","1":"product","2":"type-product","3":"status-publish","4":"has-post-thumbnail","6":"product_cat-muster","7":"product_cat-funktionsbeschreibungen","8":"product_cat-management","9":"jask_topic_categories-management","10":"jask_topic_categories-prozessoptimierung","11":"jask_topic_categories-durchsatz","12":"jask_topic_categories-schnittstellen-in-prozessen","13":"jask_topic_categories-feedback-schleifen-in-prozessen","14":"jask_topic_categories-verknuepfung-von-prozessen-miteinander","15":"jask_topic_categories-produktqualitaet","16":"jask_topic_categories-produkte-und-dienstleistungen","17":"jask_topic_categories-kostenoptimierung-zur-ertragssteigerung","18":"jask_topic_categories-kostensenkung-durch-qualitaetssicherung-qs","19":"jask_topic_categories-stabilisierung","20":"jask_topic_categories-systemgerechtes-management-als-schluessel-zu-nachhaltigem-erfolg","21":"jask_topic_categories-ganzheitlicher-vernetzter-ansatz","22":"jask_topic_categories-nachhaltigkeit","23":"jask_topic_categories-nachhaltig-wirtschaften","24":"jask_topic_categories-kreislaufwirtschaft","25":"jask_topic_categories-rueckstellungen-fuer-ausgleichsmassnahmen","26":"jask_topic_categories-notwendigkeit-nachhaltigen-wirtschaftens","27":"jask_topic_categories-verantwortung-fuer-nachhaltiges-wirtschaften","28":"jask_topic_categories-umsetzung-nachhaltigen-wirtschaftens","29":"jask_topic_categories-organisation-und-personal","30":"jask_topic_categories-prozesse","31":"jask_topic_categories-einordnung-von-leadership","32":"jask_topic_categories-arbeitsschutz","33":"jask_topic_categories-fuehren-von-geschaeften","34":"jask_topic_categories-personalfuehrung","35":"jask_topic_categories-zusammenarbeit","36":"jask_topic_categories-ganzheitliches-controlling","37":"jask_topic_categories-daten-und-systemsicherheit","38":"jask_topic_categories-controlling-und-risikomanagement","39":"jask_topic_categories-verfuegbarkeit-integritaet-und-vertraulichkeit-von-informationssystemen","40":"jask_topic_categories-schutz-personenbezogener-daten","41":"jask_topic_categories-suchprofil-fuer-kandidaten","42":"jask_topic_categories-kandidateninterview-und-auswahlkriterien","43":"jask_topic_categories-corporate-social-responsibility-csr","44":"jask_topic_categories-personalbeschaffung","45":"jask_topic_categories-corporate-social-responsibility-csr-und-employer-branding","46":"jask_topic_categories-site-due-diligence","47":"jask_topic_categories-due-diligence","48":"jask_topic_categories-managementsysteme","50":"first","51":"instock","52":"sold-individually","53":"taxable","54":"shipping-taxable","55":"purchasable","56":"product-type-variable"},"yoast_head":"<!-- This site is optimized with the Yoast SEO plugin v27.3 - https:\/\/yoast.com\/product\/yoast-seo-wordpress\/ -->\n<title>Funktionsbeschreibungen \u201eManagementbeauftragte\u201c downloaden!<\/title>\n<meta name=\"description\" content=\"Hier erhalten Sie 10 Funktionsbeschreibungen und Anforderungsprofile f\u00fcr verschiedene Managementbeauftragte. Jetzt bessere Stellenangebote ausschreiben!\" \/>\n<meta name=\"robots\" content=\"index, follow, max-snippet:-1, max-image-preview:large, max-video-preview:-1\" \/>\n<link rel=\"canonical\" href=\"https:\/\/www.consultingcheck.com\/de\/ressource\/managementbeauftragte\/\" \/>\n<meta property=\"og:locale\" content=\"de_DE\" \/>\n<meta property=\"og:type\" content=\"article\" \/>\n<meta property=\"og:title\" content=\"Funktionsbeschreibungen \u201eManagementbeauftragte\u201c downloaden!\" \/>\n<meta property=\"og:description\" content=\"Hier erhalten Sie 10 Funktionsbeschreibungen und Anforderungsprofile f\u00fcr verschiedene Managementbeauftragte. Jetzt bessere Stellenangebote ausschreiben!\" \/>\n<meta property=\"og:url\" content=\"https:\/\/www.consultingcheck.com\/de\/ressource\/managementbeauftragte\/\" \/>\n<meta property=\"og:site_name\" content=\"consultingcheck\" \/>\n<meta property=\"article:modified_time\" content=\"2024-06-19T05:49:35+00:00\" \/>\n<meta property=\"og:image\" content=\"https:\/\/www.consultingcheck.com\/wp-content\/uploads\/2021\/11\/Managementbeauftragte.jpg\" \/>\n\t<meta property=\"og:image:width\" content=\"1000\" \/>\n\t<meta property=\"og:image:height\" content=\"679\" \/>\n\t<meta property=\"og:image:type\" content=\"image\/jpeg\" \/>\n<meta name=\"twitter:card\" content=\"summary_large_image\" \/>\n<meta name=\"twitter:label1\" content=\"Gesch\u00e4tzte Lesezeit\" \/>\n\t<meta name=\"twitter:data1\" content=\"2\u00a0Minuten\" \/>\n<script type=\"application\/ld+json\" class=\"yoast-schema-graph\">{\"@context\":\"https:\\\/\\\/schema.org\",\"@graph\":[{\"@type\":\"WebPage\",\"@id\":\"https:\\\/\\\/www.consultingcheck.com\\\/de\\\/ressource\\\/managementbeauftragte\\\/\",\"url\":\"https:\\\/\\\/www.consultingcheck.com\\\/de\\\/ressource\\\/managementbeauftragte\\\/\",\"name\":\"Funktionsbeschreibungen \u201eManagementbeauftragte\u201c downloaden!\",\"isPartOf\":{\"@id\":\"https:\\\/\\\/www.consultingcheck.com\\\/de\\\/#website\"},\"primaryImageOfPage\":{\"@id\":\"https:\\\/\\\/www.consultingcheck.com\\\/de\\\/ressource\\\/managementbeauftragte\\\/#primaryimage\"},\"image\":{\"@id\":\"https:\\\/\\\/www.consultingcheck.com\\\/de\\\/ressource\\\/managementbeauftragte\\\/#primaryimage\"},\"thumbnailUrl\":\"https:\\\/\\\/www.consultingcheck.com\\\/wp-content\\\/uploads\\\/2021\\\/11\\\/Managementbeauftragte.jpg\",\"datePublished\":\"2021-11-08T23:49:52+00:00\",\"dateModified\":\"2024-06-19T05:49:35+00:00\",\"description\":\"Hier erhalten Sie 10 Funktionsbeschreibungen und Anforderungsprofile f\u00fcr verschiedene Managementbeauftragte. Jetzt bessere Stellenangebote ausschreiben!\",\"breadcrumb\":{\"@id\":\"https:\\\/\\\/www.consultingcheck.com\\\/de\\\/ressource\\\/managementbeauftragte\\\/#breadcrumb\"},\"inLanguage\":\"de\",\"potentialAction\":[{\"@type\":\"ReadAction\",\"target\":[\"https:\\\/\\\/www.consultingcheck.com\\\/de\\\/ressource\\\/managementbeauftragte\\\/\"]}]},{\"@type\":\"ImageObject\",\"inLanguage\":\"de\",\"@id\":\"https:\\\/\\\/www.consultingcheck.com\\\/de\\\/ressource\\\/managementbeauftragte\\\/#primaryimage\",\"url\":\"https:\\\/\\\/www.consultingcheck.com\\\/wp-content\\\/uploads\\\/2021\\\/11\\\/Managementbeauftragte.jpg\",\"contentUrl\":\"https:\\\/\\\/www.consultingcheck.com\\\/wp-content\\\/uploads\\\/2021\\\/11\\\/Managementbeauftragte.jpg\",\"width\":1000,\"height\":679,\"caption\":\"Ein Screenshot der Funktionsbeschreibungen Managementbeauftragte.\"},{\"@type\":\"BreadcrumbList\",\"@id\":\"https:\\\/\\\/www.consultingcheck.com\\\/de\\\/ressource\\\/managementbeauftragte\\\/#breadcrumb\",\"itemListElement\":[{\"@type\":\"ListItem\",\"position\":1,\"name\":\"Startseite\",\"item\":\"https:\\\/\\\/www.consultingcheck.com\\\/de\\\/\"},{\"@type\":\"ListItem\",\"position\":2,\"name\":\"Downloads, Anwendungen und Produkte\",\"item\":\"https:\\\/\\\/www.consultingcheck.com\\\/de\\\/tools\\\/downloads-anwendungen-und-produkte\\\/\"},{\"@type\":\"ListItem\",\"position\":3,\"name\":\"Funktionsbeschreibungen &#8222;Managementbeauftragte&#8220;\"}]},{\"@type\":\"WebSite\",\"@id\":\"https:\\\/\\\/www.consultingcheck.com\\\/de\\\/#website\",\"url\":\"https:\\\/\\\/www.consultingcheck.com\\\/de\\\/\",\"name\":\"consultingcheck\",\"description\":\"Vernetzt gedacht. Entzaubert. Hands-on.\",\"potentialAction\":[{\"@type\":\"SearchAction\",\"target\":{\"@type\":\"EntryPoint\",\"urlTemplate\":\"https:\\\/\\\/www.consultingcheck.com\\\/de\\\/?s={search_term_string}\"},\"query-input\":{\"@type\":\"PropertyValueSpecification\",\"valueRequired\":true,\"valueName\":\"search_term_string\"}}],\"inLanguage\":\"de\"}]}<\/script>\n<!-- \/ Yoast SEO plugin. -->","yoast_head_json":{"title":"Funktionsbeschreibungen \u201eManagementbeauftragte\u201c downloaden!","description":"Hier erhalten Sie 10 Funktionsbeschreibungen und Anforderungsprofile f\u00fcr verschiedene Managementbeauftragte. Jetzt bessere Stellenangebote ausschreiben!","robots":{"index":"index","follow":"follow","max-snippet":"max-snippet:-1","max-image-preview":"max-image-preview:large","max-video-preview":"max-video-preview:-1"},"canonical":"https:\/\/www.consultingcheck.com\/de\/ressource\/managementbeauftragte\/","og_locale":"de_DE","og_type":"article","og_title":"Funktionsbeschreibungen \u201eManagementbeauftragte\u201c downloaden!","og_description":"Hier erhalten Sie 10 Funktionsbeschreibungen und Anforderungsprofile f\u00fcr verschiedene Managementbeauftragte. Jetzt bessere Stellenangebote ausschreiben!","og_url":"https:\/\/www.consultingcheck.com\/de\/ressource\/managementbeauftragte\/","og_site_name":"consultingcheck","article_modified_time":"2024-06-19T05:49:35+00:00","og_image":[{"width":1000,"height":679,"url":"https:\/\/www.consultingcheck.com\/wp-content\/uploads\/2021\/11\/Managementbeauftragte.jpg","type":"image\/jpeg"}],"twitter_card":"summary_large_image","twitter_misc":{"Gesch\u00e4tzte Lesezeit":"2\u00a0Minuten"},"schema":{"@context":"https:\/\/schema.org","@graph":[{"@type":"WebPage","@id":"https:\/\/www.consultingcheck.com\/de\/ressource\/managementbeauftragte\/","url":"https:\/\/www.consultingcheck.com\/de\/ressource\/managementbeauftragte\/","name":"Funktionsbeschreibungen \u201eManagementbeauftragte\u201c downloaden!","isPartOf":{"@id":"https:\/\/www.consultingcheck.com\/de\/#website"},"primaryImageOfPage":{"@id":"https:\/\/www.consultingcheck.com\/de\/ressource\/managementbeauftragte\/#primaryimage"},"image":{"@id":"https:\/\/www.consultingcheck.com\/de\/ressource\/managementbeauftragte\/#primaryimage"},"thumbnailUrl":"https:\/\/www.consultingcheck.com\/wp-content\/uploads\/2021\/11\/Managementbeauftragte.jpg","datePublished":"2021-11-08T23:49:52+00:00","dateModified":"2024-06-19T05:49:35+00:00","description":"Hier erhalten Sie 10 Funktionsbeschreibungen und Anforderungsprofile f\u00fcr verschiedene Managementbeauftragte. Jetzt bessere Stellenangebote ausschreiben!","breadcrumb":{"@id":"https:\/\/www.consultingcheck.com\/de\/ressource\/managementbeauftragte\/#breadcrumb"},"inLanguage":"de","potentialAction":[{"@type":"ReadAction","target":["https:\/\/www.consultingcheck.com\/de\/ressource\/managementbeauftragte\/"]}]},{"@type":"ImageObject","inLanguage":"de","@id":"https:\/\/www.consultingcheck.com\/de\/ressource\/managementbeauftragte\/#primaryimage","url":"https:\/\/www.consultingcheck.com\/wp-content\/uploads\/2021\/11\/Managementbeauftragte.jpg","contentUrl":"https:\/\/www.consultingcheck.com\/wp-content\/uploads\/2021\/11\/Managementbeauftragte.jpg","width":1000,"height":679,"caption":"Ein Screenshot der Funktionsbeschreibungen Managementbeauftragte."},{"@type":"BreadcrumbList","@id":"https:\/\/www.consultingcheck.com\/de\/ressource\/managementbeauftragte\/#breadcrumb","itemListElement":[{"@type":"ListItem","position":1,"name":"Startseite","item":"https:\/\/www.consultingcheck.com\/de\/"},{"@type":"ListItem","position":2,"name":"Downloads, Anwendungen und Produkte","item":"https:\/\/www.consultingcheck.com\/de\/tools\/downloads-anwendungen-und-produkte\/"},{"@type":"ListItem","position":3,"name":"Funktionsbeschreibungen &#8222;Managementbeauftragte&#8220;"}]},{"@type":"WebSite","@id":"https:\/\/www.consultingcheck.com\/de\/#website","url":"https:\/\/www.consultingcheck.com\/de\/","name":"consultingcheck","description":"Vernetzt gedacht. Entzaubert. Hands-on.","potentialAction":[{"@type":"SearchAction","target":{"@type":"EntryPoint","urlTemplate":"https:\/\/www.consultingcheck.com\/de\/?s={search_term_string}"},"query-input":{"@type":"PropertyValueSpecification","valueRequired":true,"valueName":"search_term_string"}}],"inLanguage":"de"}]}},"_links":{"self":[{"href":"https:\/\/www.consultingcheck.com\/de\/wp-json\/wp\/v2\/product\/1706","targetHints":{"allow":["GET"]}}],"collection":[{"href":"https:\/\/www.consultingcheck.com\/de\/wp-json\/wp\/v2\/product"}],"about":[{"href":"https:\/\/www.consultingcheck.com\/de\/wp-json\/wp\/v2\/types\/product"}],"wp:featuredmedia":[{"embeddable":true,"href":"https:\/\/www.consultingcheck.com\/de\/wp-json\/wp\/v2\/media\/20048"}],"wp:attachment":[{"href":"https:\/\/www.consultingcheck.com\/de\/wp-json\/wp\/v2\/media?parent=1706"}],"wp:term":[{"taxonomy":"product_brand","embeddable":true,"href":"https:\/\/www.consultingcheck.com\/de\/wp-json\/wp\/v2\/product_brand?post=1706"},{"taxonomy":"product_cat","embeddable":true,"href":"https:\/\/www.consultingcheck.com\/de\/wp-json\/wp\/v2\/product_cat?post=1706"},{"taxonomy":"product_tag","embeddable":true,"href":"https:\/\/www.consultingcheck.com\/de\/wp-json\/wp\/v2\/product_tag?post=1706"},{"taxonomy":"jask_topic_categories","embeddable":true,"href":"https:\/\/www.consultingcheck.com\/de\/wp-json\/wp\/v2\/jask_topic_categories?post=1706"}],"curies":[{"name":"wp","href":"https:\/\/api.w.org\/{rel}","templated":true}]}}