{"id":1705,"date":"2021-11-09T00:49:52","date_gmt":"2021-11-08T23:49:52","guid":{"rendered":"https:\/\/www.consultingcheck.com\/ressource\/logistik-und-versand\/"},"modified":"2024-06-19T08:19:50","modified_gmt":"2024-06-19T06:19:50","slug":"logistik-und-versand","status":"publish","type":"product","link":"https:\/\/www.consultingcheck.com\/de\/ressource\/logistik-und-versand\/","title":{"rendered":"Funktionsbeschreibungen &#8222;Logistik und Versand&#8220;"},"content":{"rendered":"<h3>Inhalte<\/h3>\n<p>Hier finden Sie Beispiele f\u00fcr Funktionsbeschreibungen und Anforderungsprofile f\u00fcr die Logistik und den Versand. Sie erhalten 3 Beschreibungen, und zwar:<\/p>\n<ul>\n<li>Lagerleitung<\/li>\n<li>Innerbetrieblicher Transport<\/li>\n<li>Leitung Versand<\/li>\n<\/ul>\n<p>Jede Funktionsbeschreibung geht auf folgende Aspekte ein:<\/p>\n<ul>\n<li>Die Rolle im Unternehmen<\/li>\n<li>Verantwortlichkeiten<\/li>\n<li>Befugnisse<\/li>\n<li>Aktivit\u00e4ten<\/li>\n<li>Zusammenarbeit<\/li>\n<li>Einbindung in die Aufbauorganisation<\/li>\n<li>Vertretungsregelung<\/li>\n<\/ul>\n<p>Jedes Anforderungsprofil enth\u00e4lt folgende Information:<\/p>\n<ul>\n<li>Pers\u00f6nlichkeitsmerkmale<\/li>\n<li>Erfahrungen<\/li>\n<li>Besondere fachliche F\u00e4higkeiten<\/li>\n<li>Allgemeine IT-Kompetenz<\/li>\n<li>Formale Ausbildung<\/li>\n<li>Sprachkenntnisse<\/li>\n<\/ul>\n<p>&nbsp;<\/p>\n<h3>Vorteile<\/h3>\n<ul>\n<li>Diese Formatvorlagen f\u00fcr Funktionsbeschreibungen und Anforderungsprofile geben Ihnen relevante inhaltliche Anregungen, die in der Praxis bew\u00e4hrt haben.<\/li>\n<li>Sie k\u00f6nnen die offenen MS Word-Dateien an die Erfordernisse Ihrer Organisation anpassen.<\/li>\n<\/ul>\n<p>&nbsp;<\/p>\n<h3>Digitaler Download<\/h3>\n<p>Nach der Bestellung erhalten Sie einen Download-Link zu den Funktionsbeschreibungen und Anforderungsprofile, die Sie sofort nutzen k\u00f6nnen.<\/p>\n<p>Bitte beachten Sie, dass diese Funktionsbeschreibungen und Anforderungsprofile, zu denen Sie den Zugang erwerben, ausschlie\u00dflich f\u00fcr Ihren pers\u00f6nlichen Gebrauch bestimmt sind. Es ist untersagt, sie in jeglicher Form und in jeglicher digitaler oder physischer Weise weiterzuverkaufen oder sie ohne meine Erlaubnis in einer physischen oder Online-Ver\u00f6ffentlichung zu ver\u00f6ffentlichen. Ich bin der einzige Copyright-Inhaber dieser Dateien.<\/p>\n<p>Link zum Download: MS Word-Dateien<\/p>\n","protected":false},"excerpt":{"rendered":"<h2><strong>Hier erhalten Sie Beispiele f\u00fcr Funktionsbeschreibungen f\u00fcr die Logistik und den Versand<\/strong><\/h2>\n","protected":false},"featured_media":20105,"template":"","meta":{"_links_to":"","_links_to_target":""},"product_brand":[],"product_cat":[593,1224,1230],"product_tag":[],"jask_topic_categories":[76,104,115,118,80,116,117,120,127,135,126,128,129,130,145,1644,159,160,161,162,163,164,168,249,251,327,332,250,253,328,329,372,376,365,371,387,1667,1668,388,391,389,390],"class_list":{"0":"post-1705","1":"product","2":"type-product","3":"status-publish","4":"has-post-thumbnail","6":"product_cat-muster","7":"product_cat-funktionsbeschreibungen","8":"product_cat-vertrieb","9":"jask_topic_categories-marketing-und-vertrieb","10":"jask_topic_categories-vertrieb","11":"jask_topic_categories-vertriebsorganisation","12":"jask_topic_categories-vertriebsmanagement","13":"jask_topic_categories-reichweite-reach-und-zielkundenfokus","14":"jask_topic_categories-aufbau-der-vertriebsorganisation","15":"jask_topic_categories-key-account-management","16":"jask_topic_categories-operative-vertriebsfuehrung","17":"jask_topic_categories-prozessoptimierung","18":"jask_topic_categories-beschaffung","19":"jask_topic_categories-durchsatz","20":"jask_topic_categories-schnittstellen-in-prozessen","21":"jask_topic_categories-feedback-schleifen-in-prozessen","22":"jask_topic_categories-verknuepfung-von-prozessen-miteinander","23":"jask_topic_categories-kostenoptimierung-zur-ertragssteigerung","24":"jask_topic_categories-logistik-als-service-und-kostentreiber","25":"jask_topic_categories-standortstrategie","26":"jask_topic_categories-argumente-fuer-eine-standortzusammenlegung","27":"jask_topic_categories-argumente-gegen-eine-standortzusammenlegung","28":"jask_topic_categories-risiken-und-kosten-eines-umzugs","29":"jask_topic_categories-personalrechtliche-aspekte-einer-standortzusammenlegung","30":"jask_topic_categories-fazit-zur-standortzusammenlegung","31":"jask_topic_categories-stabilisierung","32":"jask_topic_categories-organisation-und-personal","33":"jask_topic_categories-prozesse","34":"jask_topic_categories-agiles-arbeiten","35":"jask_topic_categories-change-management","36":"jask_topic_categories-zusammenarbeit","37":"jask_topic_categories-leadership","38":"jask_topic_categories-voraussetzungen-fuer-agiles-arbeiten","39":"jask_topic_categories-methoden-fuer-agiles-arbeiten","40":"jask_topic_categories-suchprofil-fuer-kandidaten","41":"jask_topic_categories-kandidateninterview-und-auswahlkriterien","42":"jask_topic_categories-organisationsstruktur","43":"jask_topic_categories-personalbeschaffung","44":"jask_topic_categories-working-capital-optimierung","45":"jask_topic_categories-factoring","46":"jask_topic_categories-einkaufsfinanzierung","47":"jask_topic_categories-lagerbestandsoptimierung","48":"jask_topic_categories-abbau-von-vormaterialbestaenden","49":"jask_topic_categories-abbau-von-fertigwarenbestaenden","50":"jask_topic_categories-abbau-von-halbfertigwarenbestaenden","52":"first","53":"instock","54":"sold-individually","55":"taxable","56":"shipping-taxable","57":"purchasable","58":"product-type-variable"},"yoast_head":"<!-- This site is optimized with the Yoast SEO plugin v27.3 - https:\/\/yoast.com\/product\/yoast-seo-wordpress\/ -->\n<title>Funktionsbeschreibungen &quot;Logistik und Versand&quot; herunterladen<\/title>\n<meta name=\"description\" content=\"Hier erhalten Sie Funktionsbeschreibungen und Anforderungsprofile f\u00fcr Logistik und Versand. So k\u00f6nnen Sie gezielter Stellen ausschreiben!\" \/>\n<meta name=\"robots\" content=\"index, follow, max-snippet:-1, max-image-preview:large, max-video-preview:-1\" \/>\n<link rel=\"canonical\" href=\"https:\/\/www.consultingcheck.com\/de\/ressource\/logistik-und-versand\/\" \/>\n<meta property=\"og:locale\" content=\"de_DE\" \/>\n<meta property=\"og:type\" content=\"article\" \/>\n<meta property=\"og:title\" content=\"Funktionsbeschreibungen &quot;Logistik und Versand&quot; herunterladen\" \/>\n<meta property=\"og:description\" content=\"Hier erhalten Sie Funktionsbeschreibungen und Anforderungsprofile f\u00fcr Logistik und Versand. So k\u00f6nnen Sie gezielter Stellen ausschreiben!\" \/>\n<meta property=\"og:url\" content=\"https:\/\/www.consultingcheck.com\/de\/ressource\/logistik-und-versand\/\" \/>\n<meta property=\"og:site_name\" content=\"consultingcheck\" \/>\n<meta property=\"article:modified_time\" content=\"2024-06-19T06:19:50+00:00\" \/>\n<meta property=\"og:image\" content=\"https:\/\/www.consultingcheck.com\/wp-content\/uploads\/2021\/11\/logistik-und-versand.jpg\" \/>\n\t<meta property=\"og:image:width\" content=\"1000\" \/>\n\t<meta property=\"og:image:height\" content=\"679\" \/>\n\t<meta property=\"og:image:type\" content=\"image\/jpeg\" \/>\n<meta name=\"twitter:card\" content=\"summary_large_image\" \/>\n<meta name=\"twitter:label1\" content=\"Gesch\u00e4tzte Lesezeit\" \/>\n\t<meta name=\"twitter:data1\" content=\"2\u00a0Minuten\" \/>\n<script type=\"application\/ld+json\" class=\"yoast-schema-graph\">{\"@context\":\"https:\\\/\\\/schema.org\",\"@graph\":[{\"@type\":\"WebPage\",\"@id\":\"https:\\\/\\\/www.consultingcheck.com\\\/de\\\/ressource\\\/logistik-und-versand\\\/\",\"url\":\"https:\\\/\\\/www.consultingcheck.com\\\/de\\\/ressource\\\/logistik-und-versand\\\/\",\"name\":\"Funktionsbeschreibungen \\\"Logistik und Versand\\\" herunterladen\",\"isPartOf\":{\"@id\":\"https:\\\/\\\/www.consultingcheck.com\\\/de\\\/#website\"},\"primaryImageOfPage\":{\"@id\":\"https:\\\/\\\/www.consultingcheck.com\\\/de\\\/ressource\\\/logistik-und-versand\\\/#primaryimage\"},\"image\":{\"@id\":\"https:\\\/\\\/www.consultingcheck.com\\\/de\\\/ressource\\\/logistik-und-versand\\\/#primaryimage\"},\"thumbnailUrl\":\"https:\\\/\\\/www.consultingcheck.com\\\/wp-content\\\/uploads\\\/2021\\\/11\\\/logistik-und-versand.jpg\",\"datePublished\":\"2021-11-08T23:49:52+00:00\",\"dateModified\":\"2024-06-19T06:19:50+00:00\",\"description\":\"Hier erhalten Sie Funktionsbeschreibungen und Anforderungsprofile f\u00fcr Logistik und Versand. So k\u00f6nnen Sie gezielter Stellen ausschreiben!\",\"breadcrumb\":{\"@id\":\"https:\\\/\\\/www.consultingcheck.com\\\/de\\\/ressource\\\/logistik-und-versand\\\/#breadcrumb\"},\"inLanguage\":\"de\",\"potentialAction\":[{\"@type\":\"ReadAction\",\"target\":[\"https:\\\/\\\/www.consultingcheck.com\\\/de\\\/ressource\\\/logistik-und-versand\\\/\"]}]},{\"@type\":\"ImageObject\",\"inLanguage\":\"de\",\"@id\":\"https:\\\/\\\/www.consultingcheck.com\\\/de\\\/ressource\\\/logistik-und-versand\\\/#primaryimage\",\"url\":\"https:\\\/\\\/www.consultingcheck.com\\\/wp-content\\\/uploads\\\/2021\\\/11\\\/logistik-und-versand.jpg\",\"contentUrl\":\"https:\\\/\\\/www.consultingcheck.com\\\/wp-content\\\/uploads\\\/2021\\\/11\\\/logistik-und-versand.jpg\",\"width\":1000,\"height\":679,\"caption\":\"Ein Screenshot der Funktionsbeschreibungen Logistik und Versand.\"},{\"@type\":\"BreadcrumbList\",\"@id\":\"https:\\\/\\\/www.consultingcheck.com\\\/de\\\/ressource\\\/logistik-und-versand\\\/#breadcrumb\",\"itemListElement\":[{\"@type\":\"ListItem\",\"position\":1,\"name\":\"Startseite\",\"item\":\"https:\\\/\\\/www.consultingcheck.com\\\/de\\\/\"},{\"@type\":\"ListItem\",\"position\":2,\"name\":\"Downloads, Anwendungen und Produkte\",\"item\":\"https:\\\/\\\/www.consultingcheck.com\\\/de\\\/tools\\\/downloads-anwendungen-und-produkte\\\/\"},{\"@type\":\"ListItem\",\"position\":3,\"name\":\"Funktionsbeschreibungen &#8222;Logistik und Versand&#8220;\"}]},{\"@type\":\"WebSite\",\"@id\":\"https:\\\/\\\/www.consultingcheck.com\\\/de\\\/#website\",\"url\":\"https:\\\/\\\/www.consultingcheck.com\\\/de\\\/\",\"name\":\"consultingcheck\",\"description\":\"Vernetzt gedacht. Entzaubert. Hands-on.\",\"potentialAction\":[{\"@type\":\"SearchAction\",\"target\":{\"@type\":\"EntryPoint\",\"urlTemplate\":\"https:\\\/\\\/www.consultingcheck.com\\\/de\\\/?s={search_term_string}\"},\"query-input\":{\"@type\":\"PropertyValueSpecification\",\"valueRequired\":true,\"valueName\":\"search_term_string\"}}],\"inLanguage\":\"de\"}]}<\/script>\n<!-- \/ Yoast SEO plugin. -->","yoast_head_json":{"title":"Funktionsbeschreibungen \"Logistik und Versand\" herunterladen","description":"Hier erhalten Sie Funktionsbeschreibungen und Anforderungsprofile f\u00fcr Logistik und Versand. So k\u00f6nnen Sie gezielter Stellen ausschreiben!","robots":{"index":"index","follow":"follow","max-snippet":"max-snippet:-1","max-image-preview":"max-image-preview:large","max-video-preview":"max-video-preview:-1"},"canonical":"https:\/\/www.consultingcheck.com\/de\/ressource\/logistik-und-versand\/","og_locale":"de_DE","og_type":"article","og_title":"Funktionsbeschreibungen \"Logistik und Versand\" herunterladen","og_description":"Hier erhalten Sie Funktionsbeschreibungen und Anforderungsprofile f\u00fcr Logistik und Versand. So k\u00f6nnen Sie gezielter Stellen ausschreiben!","og_url":"https:\/\/www.consultingcheck.com\/de\/ressource\/logistik-und-versand\/","og_site_name":"consultingcheck","article_modified_time":"2024-06-19T06:19:50+00:00","og_image":[{"width":1000,"height":679,"url":"https:\/\/www.consultingcheck.com\/wp-content\/uploads\/2021\/11\/logistik-und-versand.jpg","type":"image\/jpeg"}],"twitter_card":"summary_large_image","twitter_misc":{"Gesch\u00e4tzte Lesezeit":"2\u00a0Minuten"},"schema":{"@context":"https:\/\/schema.org","@graph":[{"@type":"WebPage","@id":"https:\/\/www.consultingcheck.com\/de\/ressource\/logistik-und-versand\/","url":"https:\/\/www.consultingcheck.com\/de\/ressource\/logistik-und-versand\/","name":"Funktionsbeschreibungen \"Logistik und Versand\" herunterladen","isPartOf":{"@id":"https:\/\/www.consultingcheck.com\/de\/#website"},"primaryImageOfPage":{"@id":"https:\/\/www.consultingcheck.com\/de\/ressource\/logistik-und-versand\/#primaryimage"},"image":{"@id":"https:\/\/www.consultingcheck.com\/de\/ressource\/logistik-und-versand\/#primaryimage"},"thumbnailUrl":"https:\/\/www.consultingcheck.com\/wp-content\/uploads\/2021\/11\/logistik-und-versand.jpg","datePublished":"2021-11-08T23:49:52+00:00","dateModified":"2024-06-19T06:19:50+00:00","description":"Hier erhalten Sie Funktionsbeschreibungen und Anforderungsprofile f\u00fcr Logistik und Versand. So k\u00f6nnen Sie gezielter Stellen ausschreiben!","breadcrumb":{"@id":"https:\/\/www.consultingcheck.com\/de\/ressource\/logistik-und-versand\/#breadcrumb"},"inLanguage":"de","potentialAction":[{"@type":"ReadAction","target":["https:\/\/www.consultingcheck.com\/de\/ressource\/logistik-und-versand\/"]}]},{"@type":"ImageObject","inLanguage":"de","@id":"https:\/\/www.consultingcheck.com\/de\/ressource\/logistik-und-versand\/#primaryimage","url":"https:\/\/www.consultingcheck.com\/wp-content\/uploads\/2021\/11\/logistik-und-versand.jpg","contentUrl":"https:\/\/www.consultingcheck.com\/wp-content\/uploads\/2021\/11\/logistik-und-versand.jpg","width":1000,"height":679,"caption":"Ein Screenshot der Funktionsbeschreibungen Logistik und Versand."},{"@type":"BreadcrumbList","@id":"https:\/\/www.consultingcheck.com\/de\/ressource\/logistik-und-versand\/#breadcrumb","itemListElement":[{"@type":"ListItem","position":1,"name":"Startseite","item":"https:\/\/www.consultingcheck.com\/de\/"},{"@type":"ListItem","position":2,"name":"Downloads, Anwendungen und Produkte","item":"https:\/\/www.consultingcheck.com\/de\/tools\/downloads-anwendungen-und-produkte\/"},{"@type":"ListItem","position":3,"name":"Funktionsbeschreibungen &#8222;Logistik und Versand&#8220;"}]},{"@type":"WebSite","@id":"https:\/\/www.consultingcheck.com\/de\/#website","url":"https:\/\/www.consultingcheck.com\/de\/","name":"consultingcheck","description":"Vernetzt gedacht. Entzaubert. Hands-on.","potentialAction":[{"@type":"SearchAction","target":{"@type":"EntryPoint","urlTemplate":"https:\/\/www.consultingcheck.com\/de\/?s={search_term_string}"},"query-input":{"@type":"PropertyValueSpecification","valueRequired":true,"valueName":"search_term_string"}}],"inLanguage":"de"}]}},"_links":{"self":[{"href":"https:\/\/www.consultingcheck.com\/de\/wp-json\/wp\/v2\/product\/1705","targetHints":{"allow":["GET"]}}],"collection":[{"href":"https:\/\/www.consultingcheck.com\/de\/wp-json\/wp\/v2\/product"}],"about":[{"href":"https:\/\/www.consultingcheck.com\/de\/wp-json\/wp\/v2\/types\/product"}],"wp:featuredmedia":[{"embeddable":true,"href":"https:\/\/www.consultingcheck.com\/de\/wp-json\/wp\/v2\/media\/20105"}],"wp:attachment":[{"href":"https:\/\/www.consultingcheck.com\/de\/wp-json\/wp\/v2\/media?parent=1705"}],"wp:term":[{"taxonomy":"product_brand","embeddable":true,"href":"https:\/\/www.consultingcheck.com\/de\/wp-json\/wp\/v2\/product_brand?post=1705"},{"taxonomy":"product_cat","embeddable":true,"href":"https:\/\/www.consultingcheck.com\/de\/wp-json\/wp\/v2\/product_cat?post=1705"},{"taxonomy":"product_tag","embeddable":true,"href":"https:\/\/www.consultingcheck.com\/de\/wp-json\/wp\/v2\/product_tag?post=1705"},{"taxonomy":"jask_topic_categories","embeddable":true,"href":"https:\/\/www.consultingcheck.com\/de\/wp-json\/wp\/v2\/jask_topic_categories?post=1705"}],"curies":[{"name":"wp","href":"https:\/\/api.w.org\/{rel}","templated":true}]}}