{"id":1700,"date":"2021-11-09T00:49:52","date_gmt":"2021-11-08T23:49:52","guid":{"rendered":"https:\/\/www.consultingcheck.com\/ressource\/arbeitsvorbereitung\/"},"modified":"2024-06-19T08:15:29","modified_gmt":"2024-06-19T06:15:29","slug":"arbeitsvorbereitung","status":"publish","type":"product","link":"https:\/\/www.consultingcheck.com\/de\/ressource\/arbeitsvorbereitung\/","title":{"rendered":"Funktionsbeschreibungen &#8222;Arbeitsvorbereitung&#8220;"},"content":{"rendered":"<h3>Inhalte<\/h3>\n<p>Hier finden Sie Beispiele f\u00fcr Funktionsbeschreibungen und Anforderungsprofile in der Arbeitsvorbereitung. Sie erhalten zwei Beschreibungen, und zwar:<\/p>\n<ul>\n<li>Die Leitung der Arbeitsvorbereitung<\/li>\n<li>Die Sachbearbeitung in der Arbeitsvorbereitung.<\/li>\n<\/ul>\n<p>Jede Funktionsbeschreibung geht auf folgende Aspekte ein:<\/p>\n<ul>\n<li>Die Rolle im Unternehmen<\/li>\n<li>Verantwortlichkeiten<\/li>\n<li>Befugnisse<\/li>\n<li>Aktivit\u00e4ten<\/li>\n<li>Zusammenarbeit<\/li>\n<li>Einbindung in die Aufbauorganisation<\/li>\n<li>Vertretungsregelung<\/li>\n<\/ul>\n<p>Jedes Anforderungsprofil enth\u00e4lt folgende Information:<\/p>\n<ul>\n<li>Pers\u00f6nlichkeitsmerkmale<\/li>\n<li>Erfahrungen<\/li>\n<li>Besondere fachliche F\u00e4higkeiten<\/li>\n<li>Allgemeine IT-Kompetenz<\/li>\n<li>Formale Ausbildung<\/li>\n<li>Sprachkenntnisse<\/li>\n<\/ul>\n<p>&nbsp;<\/p>\n<h3>Vorteile<\/h3>\n<ul>\n<li>Diese Formatvorlagen f\u00fcr Funktionsbeschreibungen und Anforderungsprofile geben Ihnen relevante inhaltliche Anregungen, die in der Praxis bew\u00e4hrt haben.<\/li>\n<li>Sie k\u00f6nnen die offenen MS Word-Dateien an die Erfordernisse Ihrer Organisation anpassen.<\/li>\n<\/ul>\n<p><strong>\u00a0<\/strong><\/p>\n<h3>Digitaler Download<\/h3>\n<p>Nach der Bestellung erhalten Sie einen Download-Link zu den Funktionsbeschreibungen und Anforderungsprofile, die Sie sofort nutzen k\u00f6nnen.<\/p>\n<p>Bitte beachten Sie, dass diese Funktionsbeschreibungen und Anforderungsprofile, zu denen Sie den Zugang erwerben, ausschlie\u00dflich f\u00fcr Ihren pers\u00f6nlichen Gebrauch bestimmt sind. Es ist untersagt, sie in jeglicher Form und in jeglicher digitaler oder physischer Weise weiterzuverkaufen oder sie ohne meine Erlaubnis in einer physischen oder Online-Ver\u00f6ffentlichung zu ver\u00f6ffentlichen. Ich bin der einzige Copyright-Inhaber dieser Dateien.<\/p>\n<p>Link zum Download: MS Word-Dateien<\/p>\n","protected":false},"excerpt":{"rendered":"<h2><strong>Hier erhalten Sie Beispiele f\u00fcr Funktionsbeschreibungen f\u00fcr die Arbeitsvorbereitung<\/strong><\/h2>\n","protected":false},"featured_media":20084,"template":"","meta":{"_links_to":"","_links_to_target":""},"product_brand":[],"product_cat":[593,1224],"product_tag":[],"jask_topic_categories":[1296,127,133,134,135,126,128,129,130,131,132,140,141,145,146,147,150,153,154,177,178,179,249,251,257,250,253,287,288,349,354,348,368,372,376,374,375,365,371,415,417,416,491,490,505,509],"class_list":{"0":"post-1700","1":"product","2":"type-product","3":"status-publish","4":"has-post-thumbnail","6":"product_cat-muster","7":"product_cat-funktionsbeschreibungen","8":"jask_topic_categories-industriebau","9":"jask_topic_categories-prozessoptimierung","10":"jask_topic_categories-fertigungsplanung","11":"jask_topic_categories-absatz-forecast","12":"jask_topic_categories-beschaffung","13":"jask_topic_categories-durchsatz","14":"jask_topic_categories-schnittstellen-in-prozessen","15":"jask_topic_categories-feedback-schleifen-in-prozessen","16":"jask_topic_categories-verknuepfung-von-prozessen-miteinander","17":"jask_topic_categories-koordination-und-entwicklungsfaehigkeit-in-die-prozesse-legen","18":"jask_topic_categories-it-prozessunterstuetzung","19":"jask_topic_categories-akquisition-von-geschaeft","20":"jask_topic_categories-ertragssteigerung","21":"jask_topic_categories-kostenoptimierung-zur-ertragssteigerung","22":"jask_topic_categories-kostensenkung-durch-abgestimmte-zusammenarbeit","23":"jask_topic_categories-kostensenkung-in-der-beschaffung","24":"jask_topic_categories-kostensenkung-in-der-fertigung","25":"jask_topic_categories-fertigungsmanagement","26":"jask_topic_categories-optimierung-des-fertigungsprozesses","27":"jask_topic_categories-innovation","28":"jask_topic_categories-innovationsprozess","29":"jask_topic_categories-ideengenerierung-fuer-innovationen","30":"jask_topic_categories-organisation-und-personal","31":"jask_topic_categories-prozesse","32":"jask_topic_categories-personalfuehrung","33":"jask_topic_categories-zusammenarbeit","34":"jask_topic_categories-leadership","35":"jask_topic_categories-informationsquellen-fuer-entscheidungsgrundlagen","36":"jask_topic_categories-verstaendnis-fuer-das-zusammenspiel-der-kraefte","37":"jask_topic_categories-erp-systeme","38":"jask_topic_categories-anwendung-kuenstlicher-intelligenz","39":"jask_topic_categories-it-transformation-und-digitalisierung","40":"jask_topic_categories-prozessorientierte-organisation","41":"jask_topic_categories-suchprofil-fuer-kandidaten","42":"jask_topic_categories-kandidateninterview-und-auswahlkriterien","43":"jask_topic_categories-interne-kandidatensuche","44":"jask_topic_categories-externe-kandidatensuche","45":"jask_topic_categories-organisationsstruktur","46":"jask_topic_categories-personalbeschaffung","47":"jask_topic_categories-krise-und-sanierung","48":"jask_topic_categories-ganzheitliche-ertragssteigerung-in-der-krise","49":"jask_topic_categories-ertragssteigerung-in-der-krise","50":"jask_topic_categories-basisfragen","51":"jask_topic_categories-unternehmensgruendung","52":"jask_topic_categories-strategien","53":"jask_topic_categories-strategische-fokussierung","55":"first","56":"instock","57":"sold-individually","58":"taxable","59":"shipping-taxable","60":"purchasable","61":"product-type-variable"},"yoast_head":"<!-- This site is optimized with the Yoast SEO plugin v27.4 - https:\/\/yoast.com\/product\/yoast-seo-wordpress\/ -->\n<title>Funktionsbeschreibungen f\u00fcr \u201eArbeitsvorbereitung\u201c herunterladen<\/title>\n<meta name=\"description\" content=\"Hier erhalten Sie Funktionsbeschreibungen und Anforderungsprofile f\u00fcr die Arbeitsvorbereitung. So k\u00f6nnen Sie gezielter Stellen ausschreiben!\" \/>\n<meta name=\"robots\" content=\"index, follow, max-snippet:-1, max-image-preview:large, max-video-preview:-1\" \/>\n<link rel=\"canonical\" href=\"https:\/\/www.consultingcheck.com\/de\/ressource\/arbeitsvorbereitung\/\" \/>\n<meta property=\"og:locale\" content=\"de_DE\" \/>\n<meta property=\"og:type\" content=\"article\" \/>\n<meta property=\"og:title\" content=\"Funktionsbeschreibungen f\u00fcr \u201eArbeitsvorbereitung\u201c herunterladen\" \/>\n<meta property=\"og:description\" content=\"Hier erhalten Sie Funktionsbeschreibungen und Anforderungsprofile f\u00fcr die Arbeitsvorbereitung. So k\u00f6nnen Sie gezielter Stellen ausschreiben!\" \/>\n<meta property=\"og:url\" content=\"https:\/\/www.consultingcheck.com\/de\/ressource\/arbeitsvorbereitung\/\" \/>\n<meta property=\"og:site_name\" content=\"consultingcheck\" \/>\n<meta property=\"article:modified_time\" content=\"2024-06-19T06:15:29+00:00\" \/>\n<meta property=\"og:image\" content=\"https:\/\/www.consultingcheck.com\/wp-content\/uploads\/2021\/11\/arbeitsvorbereitung.jpg\" \/>\n\t<meta property=\"og:image:width\" content=\"1000\" \/>\n\t<meta property=\"og:image:height\" content=\"679\" \/>\n\t<meta property=\"og:image:type\" content=\"image\/jpeg\" \/>\n<meta name=\"twitter:card\" content=\"summary_large_image\" \/>\n<meta name=\"twitter:label1\" content=\"Gesch\u00e4tzte Lesezeit\" \/>\n\t<meta name=\"twitter:data1\" content=\"2\u00a0Minuten\" \/>\n<script type=\"application\/ld+json\" class=\"yoast-schema-graph\">{\"@context\":\"https:\\\/\\\/schema.org\",\"@graph\":[{\"@type\":\"WebPage\",\"@id\":\"https:\\\/\\\/www.consultingcheck.com\\\/de\\\/ressource\\\/arbeitsvorbereitung\\\/\",\"url\":\"https:\\\/\\\/www.consultingcheck.com\\\/de\\\/ressource\\\/arbeitsvorbereitung\\\/\",\"name\":\"Funktionsbeschreibungen f\u00fcr \u201eArbeitsvorbereitung\u201c herunterladen\",\"isPartOf\":{\"@id\":\"https:\\\/\\\/www.consultingcheck.com\\\/de\\\/#website\"},\"primaryImageOfPage\":{\"@id\":\"https:\\\/\\\/www.consultingcheck.com\\\/de\\\/ressource\\\/arbeitsvorbereitung\\\/#primaryimage\"},\"image\":{\"@id\":\"https:\\\/\\\/www.consultingcheck.com\\\/de\\\/ressource\\\/arbeitsvorbereitung\\\/#primaryimage\"},\"thumbnailUrl\":\"https:\\\/\\\/www.consultingcheck.com\\\/wp-content\\\/uploads\\\/2021\\\/11\\\/arbeitsvorbereitung.jpg\",\"datePublished\":\"2021-11-08T23:49:52+00:00\",\"dateModified\":\"2024-06-19T06:15:29+00:00\",\"description\":\"Hier erhalten Sie Funktionsbeschreibungen und Anforderungsprofile f\u00fcr die Arbeitsvorbereitung. So k\u00f6nnen Sie gezielter Stellen ausschreiben!\",\"breadcrumb\":{\"@id\":\"https:\\\/\\\/www.consultingcheck.com\\\/de\\\/ressource\\\/arbeitsvorbereitung\\\/#breadcrumb\"},\"inLanguage\":\"de\",\"potentialAction\":[{\"@type\":\"ReadAction\",\"target\":[\"https:\\\/\\\/www.consultingcheck.com\\\/de\\\/ressource\\\/arbeitsvorbereitung\\\/\"]}]},{\"@type\":\"ImageObject\",\"inLanguage\":\"de\",\"@id\":\"https:\\\/\\\/www.consultingcheck.com\\\/de\\\/ressource\\\/arbeitsvorbereitung\\\/#primaryimage\",\"url\":\"https:\\\/\\\/www.consultingcheck.com\\\/wp-content\\\/uploads\\\/2021\\\/11\\\/arbeitsvorbereitung.jpg\",\"contentUrl\":\"https:\\\/\\\/www.consultingcheck.com\\\/wp-content\\\/uploads\\\/2021\\\/11\\\/arbeitsvorbereitung.jpg\",\"width\":1000,\"height\":679,\"caption\":\"Ein Screenshot der Funktionsbeschreibungen Arbeitsvorbereitung.\"},{\"@type\":\"BreadcrumbList\",\"@id\":\"https:\\\/\\\/www.consultingcheck.com\\\/de\\\/ressource\\\/arbeitsvorbereitung\\\/#breadcrumb\",\"itemListElement\":[{\"@type\":\"ListItem\",\"position\":1,\"name\":\"Startseite\",\"item\":\"https:\\\/\\\/www.consultingcheck.com\\\/de\\\/\"},{\"@type\":\"ListItem\",\"position\":2,\"name\":\"Downloads, Anwendungen und Produkte\",\"item\":\"https:\\\/\\\/www.consultingcheck.com\\\/de\\\/tools\\\/downloads-anwendungen-und-produkte\\\/\"},{\"@type\":\"ListItem\",\"position\":3,\"name\":\"Funktionsbeschreibungen &#8222;Arbeitsvorbereitung&#8220;\"}]},{\"@type\":\"WebSite\",\"@id\":\"https:\\\/\\\/www.consultingcheck.com\\\/de\\\/#website\",\"url\":\"https:\\\/\\\/www.consultingcheck.com\\\/de\\\/\",\"name\":\"consultingcheck\",\"description\":\"Vernetzt gedacht. Entzaubert. Hands-on.\",\"potentialAction\":[{\"@type\":\"SearchAction\",\"target\":{\"@type\":\"EntryPoint\",\"urlTemplate\":\"https:\\\/\\\/www.consultingcheck.com\\\/de\\\/?s={search_term_string}\"},\"query-input\":{\"@type\":\"PropertyValueSpecification\",\"valueRequired\":true,\"valueName\":\"search_term_string\"}}],\"inLanguage\":\"de\"}]}<\/script>\n<!-- \/ Yoast SEO plugin. -->","yoast_head_json":{"title":"Funktionsbeschreibungen f\u00fcr \u201eArbeitsvorbereitung\u201c herunterladen","description":"Hier erhalten Sie Funktionsbeschreibungen und Anforderungsprofile f\u00fcr die Arbeitsvorbereitung. So k\u00f6nnen Sie gezielter Stellen ausschreiben!","robots":{"index":"index","follow":"follow","max-snippet":"max-snippet:-1","max-image-preview":"max-image-preview:large","max-video-preview":"max-video-preview:-1"},"canonical":"https:\/\/www.consultingcheck.com\/de\/ressource\/arbeitsvorbereitung\/","og_locale":"de_DE","og_type":"article","og_title":"Funktionsbeschreibungen f\u00fcr \u201eArbeitsvorbereitung\u201c herunterladen","og_description":"Hier erhalten Sie Funktionsbeschreibungen und Anforderungsprofile f\u00fcr die Arbeitsvorbereitung. So k\u00f6nnen Sie gezielter Stellen ausschreiben!","og_url":"https:\/\/www.consultingcheck.com\/de\/ressource\/arbeitsvorbereitung\/","og_site_name":"consultingcheck","article_modified_time":"2024-06-19T06:15:29+00:00","og_image":[{"width":1000,"height":679,"url":"https:\/\/www.consultingcheck.com\/wp-content\/uploads\/2021\/11\/arbeitsvorbereitung.jpg","type":"image\/jpeg"}],"twitter_card":"summary_large_image","twitter_misc":{"Gesch\u00e4tzte Lesezeit":"2\u00a0Minuten"},"schema":{"@context":"https:\/\/schema.org","@graph":[{"@type":"WebPage","@id":"https:\/\/www.consultingcheck.com\/de\/ressource\/arbeitsvorbereitung\/","url":"https:\/\/www.consultingcheck.com\/de\/ressource\/arbeitsvorbereitung\/","name":"Funktionsbeschreibungen f\u00fcr \u201eArbeitsvorbereitung\u201c herunterladen","isPartOf":{"@id":"https:\/\/www.consultingcheck.com\/de\/#website"},"primaryImageOfPage":{"@id":"https:\/\/www.consultingcheck.com\/de\/ressource\/arbeitsvorbereitung\/#primaryimage"},"image":{"@id":"https:\/\/www.consultingcheck.com\/de\/ressource\/arbeitsvorbereitung\/#primaryimage"},"thumbnailUrl":"https:\/\/www.consultingcheck.com\/wp-content\/uploads\/2021\/11\/arbeitsvorbereitung.jpg","datePublished":"2021-11-08T23:49:52+00:00","dateModified":"2024-06-19T06:15:29+00:00","description":"Hier erhalten Sie Funktionsbeschreibungen und Anforderungsprofile f\u00fcr die Arbeitsvorbereitung. So k\u00f6nnen Sie gezielter Stellen ausschreiben!","breadcrumb":{"@id":"https:\/\/www.consultingcheck.com\/de\/ressource\/arbeitsvorbereitung\/#breadcrumb"},"inLanguage":"de","potentialAction":[{"@type":"ReadAction","target":["https:\/\/www.consultingcheck.com\/de\/ressource\/arbeitsvorbereitung\/"]}]},{"@type":"ImageObject","inLanguage":"de","@id":"https:\/\/www.consultingcheck.com\/de\/ressource\/arbeitsvorbereitung\/#primaryimage","url":"https:\/\/www.consultingcheck.com\/wp-content\/uploads\/2021\/11\/arbeitsvorbereitung.jpg","contentUrl":"https:\/\/www.consultingcheck.com\/wp-content\/uploads\/2021\/11\/arbeitsvorbereitung.jpg","width":1000,"height":679,"caption":"Ein Screenshot der Funktionsbeschreibungen Arbeitsvorbereitung."},{"@type":"BreadcrumbList","@id":"https:\/\/www.consultingcheck.com\/de\/ressource\/arbeitsvorbereitung\/#breadcrumb","itemListElement":[{"@type":"ListItem","position":1,"name":"Startseite","item":"https:\/\/www.consultingcheck.com\/de\/"},{"@type":"ListItem","position":2,"name":"Downloads, Anwendungen und Produkte","item":"https:\/\/www.consultingcheck.com\/de\/tools\/downloads-anwendungen-und-produkte\/"},{"@type":"ListItem","position":3,"name":"Funktionsbeschreibungen &#8222;Arbeitsvorbereitung&#8220;"}]},{"@type":"WebSite","@id":"https:\/\/www.consultingcheck.com\/de\/#website","url":"https:\/\/www.consultingcheck.com\/de\/","name":"consultingcheck","description":"Vernetzt gedacht. Entzaubert. Hands-on.","potentialAction":[{"@type":"SearchAction","target":{"@type":"EntryPoint","urlTemplate":"https:\/\/www.consultingcheck.com\/de\/?s={search_term_string}"},"query-input":{"@type":"PropertyValueSpecification","valueRequired":true,"valueName":"search_term_string"}}],"inLanguage":"de"}]}},"_links":{"self":[{"href":"https:\/\/www.consultingcheck.com\/de\/wp-json\/wp\/v2\/product\/1700","targetHints":{"allow":["GET"]}}],"collection":[{"href":"https:\/\/www.consultingcheck.com\/de\/wp-json\/wp\/v2\/product"}],"about":[{"href":"https:\/\/www.consultingcheck.com\/de\/wp-json\/wp\/v2\/types\/product"}],"wp:featuredmedia":[{"embeddable":true,"href":"https:\/\/www.consultingcheck.com\/de\/wp-json\/wp\/v2\/media\/20084"}],"wp:attachment":[{"href":"https:\/\/www.consultingcheck.com\/de\/wp-json\/wp\/v2\/media?parent=1700"}],"wp:term":[{"taxonomy":"product_brand","embeddable":true,"href":"https:\/\/www.consultingcheck.com\/de\/wp-json\/wp\/v2\/product_brand?post=1700"},{"taxonomy":"product_cat","embeddable":true,"href":"https:\/\/www.consultingcheck.com\/de\/wp-json\/wp\/v2\/product_cat?post=1700"},{"taxonomy":"product_tag","embeddable":true,"href":"https:\/\/www.consultingcheck.com\/de\/wp-json\/wp\/v2\/product_tag?post=1700"},{"taxonomy":"jask_topic_categories","embeddable":true,"href":"https:\/\/www.consultingcheck.com\/de\/wp-json\/wp\/v2\/jask_topic_categories?post=1700"}],"curies":[{"name":"wp","href":"https:\/\/api.w.org\/{rel}","templated":true}]}}