{"id":1699,"date":"2021-11-09T00:49:52","date_gmt":"2021-11-08T23:49:52","guid":{"rendered":"https:\/\/www.consultingcheck.com\/ressource\/einkauf-und-beschaffung\/"},"modified":"2024-06-19T08:14:40","modified_gmt":"2024-06-19T06:14:40","slug":"funktionsbeschreibung-fuer-den-einkauf-und-die-beschaffung","status":"publish","type":"product","link":"https:\/\/www.consultingcheck.com\/de\/ressource\/funktionsbeschreibung-fuer-den-einkauf-und-die-beschaffung\/","title":{"rendered":"Funktionsbeschreibungen &#8222;Einkauf und Beschaffung&#8220;"},"content":{"rendered":"<h3>Inhalte<\/h3>\n<p>Hier finden Sie Beispiele f\u00fcr Funktionsbeschreibungen und Anforderungsprofile f\u00fcr den Einkauf und die Beschaffung. Sie erhalten drei Beschreibungen, und zwar:<\/p>\n<ul>\n<li>Die Leitung Einkauf und Beschaffung<\/li>\n<li>Die Sachbearbeitung Facheinkauf<\/li>\n<li>Die Sachbearbeitung technischer Einkauf<\/li>\n<\/ul>\n<p>Jede Funktionsbeschreibung geht auf folgende Aspekte ein:<\/p>\n<ul>\n<li>Die Rolle im Unternehmen<\/li>\n<li>Verantwortlichkeiten<\/li>\n<li>Befugnisse<\/li>\n<li>Aktivit\u00e4ten<\/li>\n<li>Zusammenarbeit<\/li>\n<li>Einbindung in die Aufbauorganisation<\/li>\n<li>Vertretungsregelung<\/li>\n<\/ul>\n<p>Jedes Anforderungsprofil enth\u00e4lt folgende Information:<\/p>\n<ul>\n<li>Pers\u00f6nlichkeitsmerkmale<\/li>\n<li>Erfahrungen<\/li>\n<li>Besondere fachliche F\u00e4higkeiten<\/li>\n<li>Allgemeine IT-Kompetenz<\/li>\n<li>Formale Ausbildung<\/li>\n<li>Sprachkenntnisse<\/li>\n<\/ul>\n<p>&nbsp;<\/p>\n<h3>Vorteile<\/h3>\n<ul>\n<li>Diese Formatvorlagen f\u00fcr Funktionsbeschreibungen und Anforderungsprofile geben Ihnen relevante inhaltliche Anregungen, die in der Praxis bew\u00e4hrt haben.<\/li>\n<li>Sie k\u00f6nnen die offenen MS Word-Dateien an die Erfordernisse Ihrer Organisation anpassen.<\/li>\n<\/ul>\n<p>&nbsp;<\/p>\n<h3>Digitaler Download<\/h3>\n<p>Nach der Bestellung erhalten Sie einen Download-Link zu den Funktionsbeschreibungen und Anforderungsprofile, die Sie sofort nutzen k\u00f6nnen.<\/p>\n<p>Bitte beachten Sie, dass diese Funktionsbeschreibungen und Anforderungsprofile, zu denen Sie den Zugang erwerben, ausschlie\u00dflich f\u00fcr Ihren pers\u00f6nlichen Gebrauch bestimmt sind. Es ist untersagt, sie in jeglicher Form und in jeglicher digitaler oder physischer Weise weiterzuverkaufen oder sie ohne meine Erlaubnis in einer physischen oder Online-Ver\u00f6ffentlichung zu ver\u00f6ffentlichen. Ich bin der einzige Copyright-Inhaber dieser Dateien.<\/p>\n<p>Link zum Download: MS Word-Dateien<\/p>\n<p><strong>\u00a0<\/strong><\/p>\n","protected":false},"excerpt":{"rendered":"<h2><strong>Hier erhalten Sie Beispiele f\u00fcr Funktionsbeschreibungen f\u00fcr den Einkauf und die Beschaffung<\/strong><\/h2>\n","protected":false},"featured_media":20072,"template":"","meta":{"_links_to":"","_links_to_target":""},"product_brand":[],"product_cat":[593,1224],"product_tag":[],"jask_topic_categories":[127,135,126,128,130,136,1644,147,148,149,254,255,257,253,372,371,382,381,491,490],"class_list":{"0":"post-1699","1":"product","2":"type-product","3":"status-publish","4":"has-post-thumbnail","6":"product_cat-muster","7":"product_cat-funktionsbeschreibungen","8":"jask_topic_categories-prozessoptimierung","9":"jask_topic_categories-beschaffung","10":"jask_topic_categories-durchsatz","11":"jask_topic_categories-schnittstellen-in-prozessen","12":"jask_topic_categories-verknuepfung-von-prozessen-miteinander","13":"jask_topic_categories-produkte-und-dienstleistungen","14":"jask_topic_categories-logistik-als-service-und-kostentreiber","15":"jask_topic_categories-kostensenkung-in-der-beschaffung","16":"jask_topic_categories-organisation-der-beschaffung","17":"jask_topic_categories-methoden-fuer-die-beschaffung","18":"jask_topic_categories-relevanz-von-leadership","19":"jask_topic_categories-einordnung-von-leadership","20":"jask_topic_categories-personalfuehrung","21":"jask_topic_categories-leadership","22":"jask_topic_categories-suchprofil-fuer-kandidaten","23":"jask_topic_categories-personalbeschaffung","24":"jask_topic_categories-ausbau-der-kooperationsfaehigkeit","25":"jask_topic_categories-kooperation-und-vernetzung","26":"jask_topic_categories-basisfragen","27":"jask_topic_categories-unternehmensgruendung","29":"first","30":"instock","31":"sold-individually","32":"taxable","33":"shipping-taxable","34":"purchasable","35":"product-type-variable"},"yoast_head":"<!-- This site is optimized with the Yoast SEO plugin v27.4 - https:\/\/yoast.com\/product\/yoast-seo-wordpress\/ -->\n<title>Funktionsbeschreibungen \u201eEinkauf und Beschaffung\u201c downloaden<\/title>\n<meta name=\"description\" content=\"Hier erhalten Sie Funktionsbeschreibungen und Anforderungsprofile f\u00fcr Einkauf und Beschaffung. So k\u00f6nnen Sie gezielter Stellen ausschreiben!\" \/>\n<meta name=\"robots\" content=\"index, follow, max-snippet:-1, max-image-preview:large, max-video-preview:-1\" \/>\n<link rel=\"canonical\" href=\"https:\/\/www.consultingcheck.com\/de\/ressource\/funktionsbeschreibung-fuer-den-einkauf-und-die-beschaffung\/\" \/>\n<meta property=\"og:locale\" content=\"de_DE\" \/>\n<meta property=\"og:type\" content=\"article\" \/>\n<meta property=\"og:title\" content=\"Funktionsbeschreibungen \u201eEinkauf und Beschaffung\u201c downloaden\" \/>\n<meta property=\"og:description\" content=\"Hier erhalten Sie Funktionsbeschreibungen und Anforderungsprofile f\u00fcr Einkauf und Beschaffung. So k\u00f6nnen Sie gezielter Stellen ausschreiben!\" \/>\n<meta property=\"og:url\" content=\"https:\/\/www.consultingcheck.com\/de\/ressource\/funktionsbeschreibung-fuer-den-einkauf-und-die-beschaffung\/\" \/>\n<meta property=\"og:site_name\" content=\"consultingcheck\" \/>\n<meta property=\"article:modified_time\" content=\"2024-06-19T06:14:40+00:00\" \/>\n<meta property=\"og:image\" content=\"https:\/\/www.consultingcheck.com\/wp-content\/uploads\/2021\/11\/funktionsbeschreibung-fuer-den-einkauf-und-die-beschaffung.jpg\" \/>\n\t<meta property=\"og:image:width\" content=\"1000\" \/>\n\t<meta property=\"og:image:height\" content=\"679\" \/>\n\t<meta property=\"og:image:type\" content=\"image\/jpeg\" \/>\n<meta name=\"twitter:card\" content=\"summary_large_image\" \/>\n<meta name=\"twitter:label1\" content=\"Gesch\u00e4tzte Lesezeit\" \/>\n\t<meta name=\"twitter:data1\" content=\"2\u00a0Minuten\" \/>\n<script type=\"application\/ld+json\" class=\"yoast-schema-graph\">{\"@context\":\"https:\\\/\\\/schema.org\",\"@graph\":[{\"@type\":\"WebPage\",\"@id\":\"https:\\\/\\\/www.consultingcheck.com\\\/de\\\/ressource\\\/funktionsbeschreibung-fuer-den-einkauf-und-die-beschaffung\\\/\",\"url\":\"https:\\\/\\\/www.consultingcheck.com\\\/de\\\/ressource\\\/funktionsbeschreibung-fuer-den-einkauf-und-die-beschaffung\\\/\",\"name\":\"Funktionsbeschreibungen \u201eEinkauf und Beschaffung\u201c downloaden\",\"isPartOf\":{\"@id\":\"https:\\\/\\\/www.consultingcheck.com\\\/de\\\/#website\"},\"primaryImageOfPage\":{\"@id\":\"https:\\\/\\\/www.consultingcheck.com\\\/de\\\/ressource\\\/funktionsbeschreibung-fuer-den-einkauf-und-die-beschaffung\\\/#primaryimage\"},\"image\":{\"@id\":\"https:\\\/\\\/www.consultingcheck.com\\\/de\\\/ressource\\\/funktionsbeschreibung-fuer-den-einkauf-und-die-beschaffung\\\/#primaryimage\"},\"thumbnailUrl\":\"https:\\\/\\\/www.consultingcheck.com\\\/wp-content\\\/uploads\\\/2021\\\/11\\\/funktionsbeschreibung-fuer-den-einkauf-und-die-beschaffung.jpg\",\"datePublished\":\"2021-11-08T23:49:52+00:00\",\"dateModified\":\"2024-06-19T06:14:40+00:00\",\"description\":\"Hier erhalten Sie Funktionsbeschreibungen und Anforderungsprofile f\u00fcr Einkauf und Beschaffung. So k\u00f6nnen Sie gezielter Stellen ausschreiben!\",\"breadcrumb\":{\"@id\":\"https:\\\/\\\/www.consultingcheck.com\\\/de\\\/ressource\\\/funktionsbeschreibung-fuer-den-einkauf-und-die-beschaffung\\\/#breadcrumb\"},\"inLanguage\":\"de\",\"potentialAction\":[{\"@type\":\"ReadAction\",\"target\":[\"https:\\\/\\\/www.consultingcheck.com\\\/de\\\/ressource\\\/funktionsbeschreibung-fuer-den-einkauf-und-die-beschaffung\\\/\"]}]},{\"@type\":\"ImageObject\",\"inLanguage\":\"de\",\"@id\":\"https:\\\/\\\/www.consultingcheck.com\\\/de\\\/ressource\\\/funktionsbeschreibung-fuer-den-einkauf-und-die-beschaffung\\\/#primaryimage\",\"url\":\"https:\\\/\\\/www.consultingcheck.com\\\/wp-content\\\/uploads\\\/2021\\\/11\\\/funktionsbeschreibung-fuer-den-einkauf-und-die-beschaffung.jpg\",\"contentUrl\":\"https:\\\/\\\/www.consultingcheck.com\\\/wp-content\\\/uploads\\\/2021\\\/11\\\/funktionsbeschreibung-fuer-den-einkauf-und-die-beschaffung.jpg\",\"width\":1000,\"height\":679,\"caption\":\"Ein Screenshot der Funktionsbeschreibungen Einkauf und Beschaffung.\"},{\"@type\":\"BreadcrumbList\",\"@id\":\"https:\\\/\\\/www.consultingcheck.com\\\/de\\\/ressource\\\/funktionsbeschreibung-fuer-den-einkauf-und-die-beschaffung\\\/#breadcrumb\",\"itemListElement\":[{\"@type\":\"ListItem\",\"position\":1,\"name\":\"Startseite\",\"item\":\"https:\\\/\\\/www.consultingcheck.com\\\/de\\\/\"},{\"@type\":\"ListItem\",\"position\":2,\"name\":\"Downloads, Anwendungen und Produkte\",\"item\":\"https:\\\/\\\/www.consultingcheck.com\\\/de\\\/tools\\\/downloads-anwendungen-und-produkte\\\/\"},{\"@type\":\"ListItem\",\"position\":3,\"name\":\"Funktionsbeschreibungen &#8222;Einkauf und Beschaffung&#8220;\"}]},{\"@type\":\"WebSite\",\"@id\":\"https:\\\/\\\/www.consultingcheck.com\\\/de\\\/#website\",\"url\":\"https:\\\/\\\/www.consultingcheck.com\\\/de\\\/\",\"name\":\"consultingcheck\",\"description\":\"Vernetzt gedacht. Entzaubert. Hands-on.\",\"potentialAction\":[{\"@type\":\"SearchAction\",\"target\":{\"@type\":\"EntryPoint\",\"urlTemplate\":\"https:\\\/\\\/www.consultingcheck.com\\\/de\\\/?s={search_term_string}\"},\"query-input\":{\"@type\":\"PropertyValueSpecification\",\"valueRequired\":true,\"valueName\":\"search_term_string\"}}],\"inLanguage\":\"de\"}]}<\/script>\n<!-- \/ Yoast SEO plugin. -->","yoast_head_json":{"title":"Funktionsbeschreibungen \u201eEinkauf und Beschaffung\u201c downloaden","description":"Hier erhalten Sie Funktionsbeschreibungen und Anforderungsprofile f\u00fcr Einkauf und Beschaffung. So k\u00f6nnen Sie gezielter Stellen ausschreiben!","robots":{"index":"index","follow":"follow","max-snippet":"max-snippet:-1","max-image-preview":"max-image-preview:large","max-video-preview":"max-video-preview:-1"},"canonical":"https:\/\/www.consultingcheck.com\/de\/ressource\/funktionsbeschreibung-fuer-den-einkauf-und-die-beschaffung\/","og_locale":"de_DE","og_type":"article","og_title":"Funktionsbeschreibungen \u201eEinkauf und Beschaffung\u201c downloaden","og_description":"Hier erhalten Sie Funktionsbeschreibungen und Anforderungsprofile f\u00fcr Einkauf und Beschaffung. So k\u00f6nnen Sie gezielter Stellen ausschreiben!","og_url":"https:\/\/www.consultingcheck.com\/de\/ressource\/funktionsbeschreibung-fuer-den-einkauf-und-die-beschaffung\/","og_site_name":"consultingcheck","article_modified_time":"2024-06-19T06:14:40+00:00","og_image":[{"width":1000,"height":679,"url":"https:\/\/www.consultingcheck.com\/wp-content\/uploads\/2021\/11\/funktionsbeschreibung-fuer-den-einkauf-und-die-beschaffung.jpg","type":"image\/jpeg"}],"twitter_card":"summary_large_image","twitter_misc":{"Gesch\u00e4tzte Lesezeit":"2\u00a0Minuten"},"schema":{"@context":"https:\/\/schema.org","@graph":[{"@type":"WebPage","@id":"https:\/\/www.consultingcheck.com\/de\/ressource\/funktionsbeschreibung-fuer-den-einkauf-und-die-beschaffung\/","url":"https:\/\/www.consultingcheck.com\/de\/ressource\/funktionsbeschreibung-fuer-den-einkauf-und-die-beschaffung\/","name":"Funktionsbeschreibungen \u201eEinkauf und Beschaffung\u201c downloaden","isPartOf":{"@id":"https:\/\/www.consultingcheck.com\/de\/#website"},"primaryImageOfPage":{"@id":"https:\/\/www.consultingcheck.com\/de\/ressource\/funktionsbeschreibung-fuer-den-einkauf-und-die-beschaffung\/#primaryimage"},"image":{"@id":"https:\/\/www.consultingcheck.com\/de\/ressource\/funktionsbeschreibung-fuer-den-einkauf-und-die-beschaffung\/#primaryimage"},"thumbnailUrl":"https:\/\/www.consultingcheck.com\/wp-content\/uploads\/2021\/11\/funktionsbeschreibung-fuer-den-einkauf-und-die-beschaffung.jpg","datePublished":"2021-11-08T23:49:52+00:00","dateModified":"2024-06-19T06:14:40+00:00","description":"Hier erhalten Sie Funktionsbeschreibungen und Anforderungsprofile f\u00fcr Einkauf und Beschaffung. So k\u00f6nnen Sie gezielter Stellen ausschreiben!","breadcrumb":{"@id":"https:\/\/www.consultingcheck.com\/de\/ressource\/funktionsbeschreibung-fuer-den-einkauf-und-die-beschaffung\/#breadcrumb"},"inLanguage":"de","potentialAction":[{"@type":"ReadAction","target":["https:\/\/www.consultingcheck.com\/de\/ressource\/funktionsbeschreibung-fuer-den-einkauf-und-die-beschaffung\/"]}]},{"@type":"ImageObject","inLanguage":"de","@id":"https:\/\/www.consultingcheck.com\/de\/ressource\/funktionsbeschreibung-fuer-den-einkauf-und-die-beschaffung\/#primaryimage","url":"https:\/\/www.consultingcheck.com\/wp-content\/uploads\/2021\/11\/funktionsbeschreibung-fuer-den-einkauf-und-die-beschaffung.jpg","contentUrl":"https:\/\/www.consultingcheck.com\/wp-content\/uploads\/2021\/11\/funktionsbeschreibung-fuer-den-einkauf-und-die-beschaffung.jpg","width":1000,"height":679,"caption":"Ein Screenshot der Funktionsbeschreibungen Einkauf und Beschaffung."},{"@type":"BreadcrumbList","@id":"https:\/\/www.consultingcheck.com\/de\/ressource\/funktionsbeschreibung-fuer-den-einkauf-und-die-beschaffung\/#breadcrumb","itemListElement":[{"@type":"ListItem","position":1,"name":"Startseite","item":"https:\/\/www.consultingcheck.com\/de\/"},{"@type":"ListItem","position":2,"name":"Downloads, Anwendungen und Produkte","item":"https:\/\/www.consultingcheck.com\/de\/tools\/downloads-anwendungen-und-produkte\/"},{"@type":"ListItem","position":3,"name":"Funktionsbeschreibungen &#8222;Einkauf und Beschaffung&#8220;"}]},{"@type":"WebSite","@id":"https:\/\/www.consultingcheck.com\/de\/#website","url":"https:\/\/www.consultingcheck.com\/de\/","name":"consultingcheck","description":"Vernetzt gedacht. Entzaubert. Hands-on.","potentialAction":[{"@type":"SearchAction","target":{"@type":"EntryPoint","urlTemplate":"https:\/\/www.consultingcheck.com\/de\/?s={search_term_string}"},"query-input":{"@type":"PropertyValueSpecification","valueRequired":true,"valueName":"search_term_string"}}],"inLanguage":"de"}]}},"_links":{"self":[{"href":"https:\/\/www.consultingcheck.com\/de\/wp-json\/wp\/v2\/product\/1699","targetHints":{"allow":["GET"]}}],"collection":[{"href":"https:\/\/www.consultingcheck.com\/de\/wp-json\/wp\/v2\/product"}],"about":[{"href":"https:\/\/www.consultingcheck.com\/de\/wp-json\/wp\/v2\/types\/product"}],"wp:featuredmedia":[{"embeddable":true,"href":"https:\/\/www.consultingcheck.com\/de\/wp-json\/wp\/v2\/media\/20072"}],"wp:attachment":[{"href":"https:\/\/www.consultingcheck.com\/de\/wp-json\/wp\/v2\/media?parent=1699"}],"wp:term":[{"taxonomy":"product_brand","embeddable":true,"href":"https:\/\/www.consultingcheck.com\/de\/wp-json\/wp\/v2\/product_brand?post=1699"},{"taxonomy":"product_cat","embeddable":true,"href":"https:\/\/www.consultingcheck.com\/de\/wp-json\/wp\/v2\/product_cat?post=1699"},{"taxonomy":"product_tag","embeddable":true,"href":"https:\/\/www.consultingcheck.com\/de\/wp-json\/wp\/v2\/product_tag?post=1699"},{"taxonomy":"jask_topic_categories","embeddable":true,"href":"https:\/\/www.consultingcheck.com\/de\/wp-json\/wp\/v2\/jask_topic_categories?post=1699"}],"curies":[{"name":"wp","href":"https:\/\/api.w.org\/{rel}","templated":true}]}}