{"id":1698,"date":"2021-11-09T00:49:52","date_gmt":"2021-11-08T23:49:52","guid":{"rendered":"https:\/\/www.consultingcheck.com\/ressource\/due-diligence-site\/"},"modified":"2024-06-19T07:56:30","modified_gmt":"2024-06-19T05:56:30","slug":"due-diligence-site","status":"publish","type":"product","link":"https:\/\/www.consultingcheck.com\/de\/ressource\/due-diligence-site\/","title":{"rendered":"Checkliste f\u00fcr die Site Due Diligence"},"content":{"rendered":"<h3>Inhalte<\/h3>\n<p>Im Rahmen von Unternehmenstransaktionen werden Zielunternehmen systematisch beurteilt. Dazu dient das Instrument der Due Diligence. Eine Facette dieser Due Diligence ist die \u00dcberpr\u00fcfung der Gegebenheiten am Standort des Unternehmens, f\u00fcr das Sie sich interessieren. Die systematische Beurteilung dieser standortbezogenen Aspekte ist Gegenstand der Site Due Diligence, f\u00fcr die Sie hier eine strukturierte Checkliste erhalten.<\/p>\n<p>Die praxisgerechte Checkliste geht mit 14 Fragen auf die rechtlichen Eigentumsverh\u00e4ltnisse betreffend die betrieblich genutzten Bauten und Grundst\u00fccke und mit 10 Fragen auf den Bau und die Nutzung der Betriebsst\u00e4tten ein.<\/p>\n<p>Als Kaufinteressent k\u00f6nnen Sie hinter jeden Punkt Ihre Befunde schreiben, relevante Informationsquellen einsetzen, auf Anlagen verweisen, Nachweisdokumente benennen und Ihre Kommentare schreiben. Damit entsteht w\u00e4hrend der Durchf\u00fchrung der Site Due Diligence ein Protokoll Ihrer Pr\u00fcfung. Wenn Sie im Anschluss an Ihre Pr\u00fcfung den Verk\u00e4ufer f\u00fcr seine Best\u00e4tigung unterschreiben lassen, erhalten Sie eine wertvolle Grundlage f\u00fcr die im Kaufvertrag zu definierenden Garantien.<\/p>\n<p>Auch f\u00fcr Verk\u00e4ufer ist diese Checkliste wertvoll, um sich auf eine Site Due Diligence sorgf\u00e4ltig vorzubereiten. Gehen Sie die Punkte dieser Checkliste sorgf\u00e4ltig durch und \u00fcberlegen Sie, wie Sie Antworten darauf finden k\u00f6nnen bzw. was Sie in Ihrem Unternehmen vor dem Verkauf in Bezug auf die Betriebsst\u00e4tten noch schleifen sollten.<\/p>\n<p>Damit Unternehmenstransaktionen landes\u00fcbergreifend unterst\u00fctzt werden k\u00f6nnen, steht Ihnen diese Checkliste in deutscher, englischer und spanischer Sprache zur Verf\u00fcgung.<\/p>\n<p><strong>\u00a0<\/strong><\/p>\n<h3>Vorteile<\/h3>\n<ul>\n<li>Mit dieser Checkliste werden Sie auf wesentliche relevante Pr\u00fcffelder hingewiesen, die die Betriebsst\u00e4tten betreffen.<\/li>\n<li>Sie erhalten eine praxisorientierte Checkliste f\u00fcr die Site Due Diligence, die einen angemessenen Tiefgang aufweist.<\/li>\n<li>Kaufinteressenten schafft der Einsatz dieser Checkliste w\u00e4hrend der Site Due Diligence eine solide Grundlage f\u00fcr die im Kaufvertrag zu definierenden verk\u00e4uferseitigen Garantien.<\/li>\n<li>Verk\u00e4ufern gibt diese Checkliste konkrete Hinweise auf m\u00f6gliche Fragen, die Kaufinteressenten stellen werden. Die Checkliste unterst\u00fctzt eine gute Vorbereitung auf den Verkaufsprozess und die damit verbundene Site Due Diligence.<\/li>\n<\/ul>\n<p>&nbsp;<\/p>\n<h3>Digitaler Download<\/h3>\n<p>Nach der Bestellung erhalten Sie einen Download-Link zur strukturierten Checkliste, die Sie sofort nutzen k\u00f6nnen.<\/p>\n<p>Bitte beachten Sie, dass diese Checkliste, zu der Sie den Zugang erwerben, ausschlie\u00dflich f\u00fcr Ihren pers\u00f6nlichen Gebrauch bestimmt sind. Es ist untersagt, die Checkliste in jeglicher Form und in jeglicher digitaler oder physischer Weise weiterzuverkaufen oder sie ohne meine Erlaubnis in einer physischen oder Online-Ver\u00f6ffentlichung zu ver\u00f6ffentlichen. Ich bin der einzige Copyright-Inhaber dieser Datei.<\/p>\n<p>Link zum Download: pdf<\/p>\n","protected":false},"excerpt":{"rendered":"<h2>Laden Sie unsere praxiserprobte Checkliste zur Durchf\u00fchrung einer Site Due Diligence herunter!<\/h2>\n","protected":false},"featured_media":20135,"template":"","meta":{"_links_to":"","_links_to_target":""},"product_brand":[],"product_cat":[1223,1229,592],"product_tag":[],"jask_topic_categories":[1220,108,110,111,145,1644,159,160,161,162,163,164,235,240,243,244,245,246,379,380,378,385,394,415,417,418,416,420,446,447,464,463,473,484,477,491,492,493,490,528],"class_list":{"0":"post-1698","1":"product","2":"type-product","3":"status-publish","4":"has-post-thumbnail","6":"product_cat-checklisten-fuer-die-due-diligence","7":"product_cat-unternehmenstransaktionen","8":"product_cat-checkliste","9":"jask_topic_categories-management","10":"jask_topic_categories-wachstum","11":"jask_topic_categories-expansion-mit-bestehenden-produkten-in-neue-regionale-maerkte-und-oder-in-neue-anwendungen","12":"jask_topic_categories-internationale-expansion-mit-bestehenden-produkten","13":"jask_topic_categories-kostenoptimierung-zur-ertragssteigerung","14":"jask_topic_categories-logistik-als-service-und-kostentreiber","15":"jask_topic_categories-standortstrategie","16":"jask_topic_categories-argumente-fuer-eine-standortzusammenlegung","17":"jask_topic_categories-argumente-gegen-eine-standortzusammenlegung","18":"jask_topic_categories-risiken-und-kosten-eines-umzugs","19":"jask_topic_categories-personalrechtliche-aspekte-einer-standortzusammenlegung","20":"jask_topic_categories-fazit-zur-standortzusammenlegung","21":"jask_topic_categories-nachhaltigkeit","22":"jask_topic_categories-nachhaltig-wirtschaften","23":"jask_topic_categories-rueckstellungen-fuer-ausgleichsmassnahmen","24":"jask_topic_categories-notwendigkeit-nachhaltigen-wirtschaftens","25":"jask_topic_categories-verantwortung-fuer-nachhaltiges-wirtschaften","26":"jask_topic_categories-umsetzung-nachhaltigen-wirtschaftens","27":"jask_topic_categories-corporate-social-responsibility-csr","28":"jask_topic_categories-employer-branding","29":"jask_topic_categories-corporate-social-responsibility-csr-und-employer-branding","30":"jask_topic_categories-finanzierung","31":"jask_topic_categories-abbau-nicht-betriebsnotwendiger-vermoegenswerte","32":"jask_topic_categories-krise-und-sanierung","33":"jask_topic_categories-ganzheitliche-ertragssteigerung-in-der-krise","34":"jask_topic_categories-sinnvolle-kostensenkung-in-der-krise","35":"jask_topic_categories-ertragssteigerung-in-der-krise","36":"jask_topic_categories-beherzter-abbau-von-strukturkosten","37":"jask_topic_categories-unternehmensverkauf-kauf-unternehmensgruendung","38":"jask_topic_categories-unternehmensbewertung","39":"jask_topic_categories-vorbereitung-des-unternehmens-auf-einen-verkauf","40":"jask_topic_categories-unternehmensverkauf","41":"jask_topic_categories-unternehmenskauf","42":"jask_topic_categories-site-due-diligence","43":"jask_topic_categories-due-diligence","44":"jask_topic_categories-basisfragen","45":"jask_topic_categories-businessplan-unternehmensgruendung","46":"jask_topic_categories-gruendungsfinanzierung","47":"jask_topic_categories-unternehmensgruendung","48":"jask_topic_categories-steuerliche-und-rechtliche-gestaltung","50":"first","51":"instock","52":"sold-individually","53":"taxable","54":"shipping-taxable","55":"purchasable","56":"product-type-variable"},"yoast_head":"<!-- This site is optimized with the Yoast SEO plugin v27.3 - https:\/\/yoast.com\/product\/yoast-seo-wordpress\/ -->\n<title>Checkliste f\u00fcr die Site Due Diligence zum Download<\/title>\n<meta name=\"description\" content=\"Standortgegebenheiten richtig einsch\u00e4tzen: Mit unserer Checkliste f\u00fcr die Site Due Diligence gelingt das problemlos. Jetzt einfach herunterladen!\" \/>\n<meta name=\"robots\" content=\"index, follow, max-snippet:-1, max-image-preview:large, max-video-preview:-1\" \/>\n<link rel=\"canonical\" href=\"https:\/\/www.consultingcheck.com\/de\/ressource\/due-diligence-site\/\" \/>\n<meta property=\"og:locale\" content=\"de_DE\" \/>\n<meta property=\"og:type\" content=\"article\" \/>\n<meta property=\"og:title\" content=\"Checkliste f\u00fcr die Site Due Diligence zum Download\" \/>\n<meta property=\"og:description\" content=\"Standortgegebenheiten richtig einsch\u00e4tzen: Mit unserer Checkliste f\u00fcr die Site Due Diligence gelingt das problemlos. Jetzt einfach herunterladen!\" \/>\n<meta property=\"og:url\" content=\"https:\/\/www.consultingcheck.com\/de\/ressource\/due-diligence-site\/\" \/>\n<meta property=\"og:site_name\" content=\"consultingcheck\" \/>\n<meta property=\"article:modified_time\" content=\"2024-06-19T05:56:30+00:00\" \/>\n<meta property=\"og:image\" content=\"https:\/\/www.consultingcheck.com\/wp-content\/uploads\/2021\/11\/due-diligence-site.jpg\" \/>\n\t<meta property=\"og:image:width\" content=\"1000\" \/>\n\t<meta property=\"og:image:height\" content=\"679\" \/>\n\t<meta property=\"og:image:type\" content=\"image\/jpeg\" \/>\n<meta name=\"twitter:card\" content=\"summary_large_image\" \/>\n<meta name=\"twitter:label1\" content=\"Gesch\u00e4tzte Lesezeit\" \/>\n\t<meta name=\"twitter:data1\" content=\"3\u00a0Minuten\" \/>\n<script type=\"application\/ld+json\" class=\"yoast-schema-graph\">{\"@context\":\"https:\\\/\\\/schema.org\",\"@graph\":[{\"@type\":\"WebPage\",\"@id\":\"https:\\\/\\\/www.consultingcheck.com\\\/de\\\/ressource\\\/due-diligence-site\\\/\",\"url\":\"https:\\\/\\\/www.consultingcheck.com\\\/de\\\/ressource\\\/due-diligence-site\\\/\",\"name\":\"Checkliste f\u00fcr die Site Due Diligence zum Download\",\"isPartOf\":{\"@id\":\"https:\\\/\\\/www.consultingcheck.com\\\/de\\\/#website\"},\"primaryImageOfPage\":{\"@id\":\"https:\\\/\\\/www.consultingcheck.com\\\/de\\\/ressource\\\/due-diligence-site\\\/#primaryimage\"},\"image\":{\"@id\":\"https:\\\/\\\/www.consultingcheck.com\\\/de\\\/ressource\\\/due-diligence-site\\\/#primaryimage\"},\"thumbnailUrl\":\"https:\\\/\\\/www.consultingcheck.com\\\/wp-content\\\/uploads\\\/2021\\\/11\\\/due-diligence-site.jpg\",\"datePublished\":\"2021-11-08T23:49:52+00:00\",\"dateModified\":\"2024-06-19T05:56:30+00:00\",\"description\":\"Standortgegebenheiten richtig einsch\u00e4tzen: Mit unserer Checkliste f\u00fcr die Site Due Diligence gelingt das problemlos. Jetzt einfach herunterladen!\",\"breadcrumb\":{\"@id\":\"https:\\\/\\\/www.consultingcheck.com\\\/de\\\/ressource\\\/due-diligence-site\\\/#breadcrumb\"},\"inLanguage\":\"de\",\"potentialAction\":[{\"@type\":\"ReadAction\",\"target\":[\"https:\\\/\\\/www.consultingcheck.com\\\/de\\\/ressource\\\/due-diligence-site\\\/\"]}]},{\"@type\":\"ImageObject\",\"inLanguage\":\"de\",\"@id\":\"https:\\\/\\\/www.consultingcheck.com\\\/de\\\/ressource\\\/due-diligence-site\\\/#primaryimage\",\"url\":\"https:\\\/\\\/www.consultingcheck.com\\\/wp-content\\\/uploads\\\/2021\\\/11\\\/due-diligence-site.jpg\",\"contentUrl\":\"https:\\\/\\\/www.consultingcheck.com\\\/wp-content\\\/uploads\\\/2021\\\/11\\\/due-diligence-site.jpg\",\"width\":1000,\"height\":679,\"caption\":\"Ein Screenshot der Checkliste f\u00fcr die Site Due Diligence.\"},{\"@type\":\"BreadcrumbList\",\"@id\":\"https:\\\/\\\/www.consultingcheck.com\\\/de\\\/ressource\\\/due-diligence-site\\\/#breadcrumb\",\"itemListElement\":[{\"@type\":\"ListItem\",\"position\":1,\"name\":\"Startseite\",\"item\":\"https:\\\/\\\/www.consultingcheck.com\\\/de\\\/\"},{\"@type\":\"ListItem\",\"position\":2,\"name\":\"Downloads, Anwendungen und Produkte\",\"item\":\"https:\\\/\\\/www.consultingcheck.com\\\/de\\\/tools\\\/downloads-anwendungen-und-produkte\\\/\"},{\"@type\":\"ListItem\",\"position\":3,\"name\":\"Checkliste f\u00fcr die Site Due Diligence\"}]},{\"@type\":\"WebSite\",\"@id\":\"https:\\\/\\\/www.consultingcheck.com\\\/de\\\/#website\",\"url\":\"https:\\\/\\\/www.consultingcheck.com\\\/de\\\/\",\"name\":\"consultingcheck\",\"description\":\"Vernetzt gedacht. Entzaubert. Hands-on.\",\"potentialAction\":[{\"@type\":\"SearchAction\",\"target\":{\"@type\":\"EntryPoint\",\"urlTemplate\":\"https:\\\/\\\/www.consultingcheck.com\\\/de\\\/?s={search_term_string}\"},\"query-input\":{\"@type\":\"PropertyValueSpecification\",\"valueRequired\":true,\"valueName\":\"search_term_string\"}}],\"inLanguage\":\"de\"}]}<\/script>\n<!-- \/ Yoast SEO plugin. -->","yoast_head_json":{"title":"Checkliste f\u00fcr die Site Due Diligence zum Download","description":"Standortgegebenheiten richtig einsch\u00e4tzen: Mit unserer Checkliste f\u00fcr die Site Due Diligence gelingt das problemlos. Jetzt einfach herunterladen!","robots":{"index":"index","follow":"follow","max-snippet":"max-snippet:-1","max-image-preview":"max-image-preview:large","max-video-preview":"max-video-preview:-1"},"canonical":"https:\/\/www.consultingcheck.com\/de\/ressource\/due-diligence-site\/","og_locale":"de_DE","og_type":"article","og_title":"Checkliste f\u00fcr die Site Due Diligence zum Download","og_description":"Standortgegebenheiten richtig einsch\u00e4tzen: Mit unserer Checkliste f\u00fcr die Site Due Diligence gelingt das problemlos. Jetzt einfach herunterladen!","og_url":"https:\/\/www.consultingcheck.com\/de\/ressource\/due-diligence-site\/","og_site_name":"consultingcheck","article_modified_time":"2024-06-19T05:56:30+00:00","og_image":[{"width":1000,"height":679,"url":"https:\/\/www.consultingcheck.com\/wp-content\/uploads\/2021\/11\/due-diligence-site.jpg","type":"image\/jpeg"}],"twitter_card":"summary_large_image","twitter_misc":{"Gesch\u00e4tzte Lesezeit":"3\u00a0Minuten"},"schema":{"@context":"https:\/\/schema.org","@graph":[{"@type":"WebPage","@id":"https:\/\/www.consultingcheck.com\/de\/ressource\/due-diligence-site\/","url":"https:\/\/www.consultingcheck.com\/de\/ressource\/due-diligence-site\/","name":"Checkliste f\u00fcr die Site Due Diligence zum Download","isPartOf":{"@id":"https:\/\/www.consultingcheck.com\/de\/#website"},"primaryImageOfPage":{"@id":"https:\/\/www.consultingcheck.com\/de\/ressource\/due-diligence-site\/#primaryimage"},"image":{"@id":"https:\/\/www.consultingcheck.com\/de\/ressource\/due-diligence-site\/#primaryimage"},"thumbnailUrl":"https:\/\/www.consultingcheck.com\/wp-content\/uploads\/2021\/11\/due-diligence-site.jpg","datePublished":"2021-11-08T23:49:52+00:00","dateModified":"2024-06-19T05:56:30+00:00","description":"Standortgegebenheiten richtig einsch\u00e4tzen: Mit unserer Checkliste f\u00fcr die Site Due Diligence gelingt das problemlos. Jetzt einfach herunterladen!","breadcrumb":{"@id":"https:\/\/www.consultingcheck.com\/de\/ressource\/due-diligence-site\/#breadcrumb"},"inLanguage":"de","potentialAction":[{"@type":"ReadAction","target":["https:\/\/www.consultingcheck.com\/de\/ressource\/due-diligence-site\/"]}]},{"@type":"ImageObject","inLanguage":"de","@id":"https:\/\/www.consultingcheck.com\/de\/ressource\/due-diligence-site\/#primaryimage","url":"https:\/\/www.consultingcheck.com\/wp-content\/uploads\/2021\/11\/due-diligence-site.jpg","contentUrl":"https:\/\/www.consultingcheck.com\/wp-content\/uploads\/2021\/11\/due-diligence-site.jpg","width":1000,"height":679,"caption":"Ein Screenshot der Checkliste f\u00fcr die Site Due Diligence."},{"@type":"BreadcrumbList","@id":"https:\/\/www.consultingcheck.com\/de\/ressource\/due-diligence-site\/#breadcrumb","itemListElement":[{"@type":"ListItem","position":1,"name":"Startseite","item":"https:\/\/www.consultingcheck.com\/de\/"},{"@type":"ListItem","position":2,"name":"Downloads, Anwendungen und Produkte","item":"https:\/\/www.consultingcheck.com\/de\/tools\/downloads-anwendungen-und-produkte\/"},{"@type":"ListItem","position":3,"name":"Checkliste f\u00fcr die Site Due Diligence"}]},{"@type":"WebSite","@id":"https:\/\/www.consultingcheck.com\/de\/#website","url":"https:\/\/www.consultingcheck.com\/de\/","name":"consultingcheck","description":"Vernetzt gedacht. Entzaubert. Hands-on.","potentialAction":[{"@type":"SearchAction","target":{"@type":"EntryPoint","urlTemplate":"https:\/\/www.consultingcheck.com\/de\/?s={search_term_string}"},"query-input":{"@type":"PropertyValueSpecification","valueRequired":true,"valueName":"search_term_string"}}],"inLanguage":"de"}]}},"_links":{"self":[{"href":"https:\/\/www.consultingcheck.com\/de\/wp-json\/wp\/v2\/product\/1698","targetHints":{"allow":["GET"]}}],"collection":[{"href":"https:\/\/www.consultingcheck.com\/de\/wp-json\/wp\/v2\/product"}],"about":[{"href":"https:\/\/www.consultingcheck.com\/de\/wp-json\/wp\/v2\/types\/product"}],"wp:featuredmedia":[{"embeddable":true,"href":"https:\/\/www.consultingcheck.com\/de\/wp-json\/wp\/v2\/media\/20135"}],"wp:attachment":[{"href":"https:\/\/www.consultingcheck.com\/de\/wp-json\/wp\/v2\/media?parent=1698"}],"wp:term":[{"taxonomy":"product_brand","embeddable":true,"href":"https:\/\/www.consultingcheck.com\/de\/wp-json\/wp\/v2\/product_brand?post=1698"},{"taxonomy":"product_cat","embeddable":true,"href":"https:\/\/www.consultingcheck.com\/de\/wp-json\/wp\/v2\/product_cat?post=1698"},{"taxonomy":"product_tag","embeddable":true,"href":"https:\/\/www.consultingcheck.com\/de\/wp-json\/wp\/v2\/product_tag?post=1698"},{"taxonomy":"jask_topic_categories","embeddable":true,"href":"https:\/\/www.consultingcheck.com\/de\/wp-json\/wp\/v2\/jask_topic_categories?post=1698"}],"curies":[{"name":"wp","href":"https:\/\/api.w.org\/{rel}","templated":true}]}}