{"id":1696,"date":"2021-11-09T00:49:52","date_gmt":"2021-11-08T23:49:52","guid":{"rendered":"https:\/\/www.consultingcheck.com\/ressource\/due-diligence-legal\/"},"modified":"2024-06-19T07:54:43","modified_gmt":"2024-06-19T05:54:43","slug":"due-diligence-legal","status":"publish","type":"product","link":"https:\/\/www.consultingcheck.com\/de\/ressource\/due-diligence-legal\/","title":{"rendered":"Checkliste f\u00fcr die Legal Due Diligence"},"content":{"rendered":"<h3>Inhalte<\/h3>\n<p>Im Rahmen von Unternehmenstransaktionen werden Zielunternehmen systematisch beurteilt. Dazu dient das Instrument der Due Diligence. Eine Facette dieser Due Diligence ist die \u00dcberpr\u00fcfung der rechtlichen Gegebenheiten im Unternehmen, f\u00fcr das Sie sich interessieren. Die systematische Beurteilung dieser juristischen Aspekte ist Gegenstand der Legal Due Diligence, f\u00fcr die Sie hier eine strukturierte Checkliste erhalten.<\/p>\n<p>Die praxisgerechte Checkliste geht mit 38 Fragen auf die gesellschaftsrechtlichen Belange, Belegschaft und die Aufbauorganisation und mit 3 Fragen auf m\u00f6gliche Rechtsstreitigkeiten ein.<\/p>\n<p>Als Kaufinteressent k\u00f6nnen Sie hinter jeden Punkt Ihre Befunde schreiben, relevante Informationsquellen einsetzen, auf Anlagen verweisen, Nachweisdokumente benennen und Ihre Kommentare schreiben. Damit entsteht w\u00e4hrend der Durchf\u00fchrung der Legal Due Diligence ein Protokoll Ihrer Pr\u00fcfung. Wenn Sie im Anschluss an Ihre Pr\u00fcfung den Verk\u00e4ufer f\u00fcr seine Best\u00e4tigung unterschreiben lassen, erhalten Sie eine wertvolle Grundlage f\u00fcr die im Kaufvertrag zu definierenden Garantien.<\/p>\n<p>Auch f\u00fcr Verk\u00e4ufer ist diese Checkliste wertvoll, um sich auf eine Legal Due Diligence sorgf\u00e4ltig vorzubereiten. Gehen Sie die Punkte dieser Checkliste sorgf\u00e4ltig durch und \u00fcberlegen Sie, wie Sie Antworten darauf finden k\u00f6nnen bzw. was Sie in Ihrem Unternehmen vor dem Verkauf in juristischer Hinsicht noch schleifen sollten.<\/p>\n<p>Damit Unternehmenstransaktionen landes\u00fcbergreifend unterst\u00fctzt werden k\u00f6nnen, steht Ihnen diese Checkliste in deutscher, englischer und spanischer Sprache zur Verf\u00fcgung.<\/p>\n<p>&nbsp;<\/p>\n<h3>Vorteile einer Checkliste f\u00fcr die Legal Due Diligence<\/h3>\n<ul>\n<li>Mit dieser Checkliste werden Sie auf wesentliche relevante Pr\u00fcffelder hingewiesen, die die rechtliche Situation betreffen.<\/li>\n<li>Sie erhalten eine praxisorientierte Checkliste f\u00fcr die Legal Due Diligence, die einen angemessenen Tiefgang aufweist.<\/li>\n<li>Kaufinteressenten schafft der Einsatz dieser Checkliste w\u00e4hrend der Legal Due Diligence eine solide Grundlage f\u00fcr die im Kaufvertrag zu definierenden verk\u00e4uferseitigen Garantien.<\/li>\n<li>Verk\u00e4ufern gibt diese Checkliste konkrete Hinweise auf m\u00f6gliche Fragen, die Kaufinteressenten stellen werden. Die Checkliste unterst\u00fctzt eine gute Vorbereitung auf den Verkaufsprozess und die damit verbundene Legal Due Diligence.<\/li>\n<\/ul>\n<p><strong>\u00a0<\/strong><\/p>\n<h3>Digitaler Download<\/h3>\n<p>Nach der Bestellung erhalten Sie einen Download-Link zur strukturierten Checkliste, die Sie sofort nutzen k\u00f6nnen.<\/p>\n<p>Bitte beachten Sie, dass diese Checkliste, zu der Sie den Zugang erwerben, ausschlie\u00dflich f\u00fcr Ihren pers\u00f6nlichen Gebrauch bestimmt sind. Es ist untersagt, die Checkliste in jeglicher Form und in jeglicher digitaler oder physischer Weise weiterzuverkaufen oder sie ohne meine Erlaubnis in einer physischen oder Online-Ver\u00f6ffentlichung zu ver\u00f6ffentlichen. Ich bin der einzige Copyright-Inhaber dieser Datei.<\/p>\n<p>Link zum Download: pdf<\/p>\n<p>&nbsp;<\/p>\n<h2>Was ist eine &#8222;Legal Due Diligence&#8220;?<\/h2>\n<p>Eine Due Diligence ist eine systematische Aufnahme aller relevanten M\u00f6glichkeiten und Beschr\u00e4nkungen, die ein Unternehmen bzw. einen Unternehmensteil charakterisieren. Due Diligence-Pr\u00fcfungen kommen im Zuge von Unternehmenstransaktionen zum Einsatz. Sie sollen dem K\u00e4ufer Sicherheit \u00fcber das Transaktionsobjekt geben.<\/p>\n<p>Bei einer Legal Due Diligence werden alle relevanten juristischen Aspekte gepr\u00fcft und aufgenommen.<\/p>\n<p>Bei der Aufnahme dieser Charakteristika werden die Informationsquellen angegeben. \u00dcblich ist, dass der Verkaufsinteressent die resultierenden Due Diligence-Protokolle unterschreibt und damit seine dokumentierten Aussagen formal best\u00e4tigt. So k\u00f6nnen Due Diligence-Protokolle als Grundlage f\u00fcr Ver\u00e4ufergarantieren genutzt werden, die im Transaktionsvertrag formuliert werden.<\/p>\n<h2>Ablauf einer Legal Due Diligence-Pr\u00fcfung<\/h2>\n<p>Eine Legal Due Diligence beginnt mit\u00a0 der Aufnahme aller M\u00f6glichkeiten, Beschr\u00e4nkungen und Belastungen, die ein Unternehmen bzw. ein Unternehmensteil juristisch aufweist. Dabei ist auf die Vollst\u00e4ndigkeit der Angaben zu achten. Es empfehlen sich konkrete Formulierungen wie: &#8222;Die Liste in Anlage x umfasst alle vorhandenen Vertr\u00e4ge. Weitere Vertr\u00e4ge existieren nicht.&#8220; Au\u00dferdem ist auf Pr\u00e4zision zu achten. Eine Formulierung wie<\/p>\n<h2>So hilft Ihnen eine Checkliste bei der Legal Due Diligence<\/h2>\n<p>Um bei der umfassenden Legal Due Diligence keinen wichtigen Aspekt zu vergessen, empfiehlt sich der Einsatz einer geeigneten Checkliste. Gute Checklisten sind vorstrukturiert und enthalten die wesentlichen Aspekte, die im Rahmen einer Financial Due Diligence aufgenommen werden sollten.<\/p>\n<p>In jedem Fall f\u00fchren Sie die Legal Due Diligence mit einer praxiserprobten Checkliste nicht beliebig durch, sondern sichern ein systematisches Vorgehen. Statt grunds\u00e4tzliche \u00dcberlegungen anstellen zu m\u00fcssen, k\u00f6nnen Sie sich auf die inhaltliche Pr\u00fcfung konzentrieren.<\/p>\n","protected":false},"excerpt":{"rendered":"<h2><strong>Laden Sie unsere praxiserprobte Checkliste zur Durchf\u00fchrung einer Legal Due Diligence herunter!<\/strong><\/h2>\n","protected":false},"featured_media":20066,"template":"","meta":{"_links_to":"","_links_to_target":""},"product_brand":[],"product_cat":[1223,1229,592],"product_tag":[],"jask_topic_categories":[1220,168,219,221,222,223,225,220,169,249,251,333,250,253,342,341,378,410,620,421,423,432,433,434,438,446,447,460,461,462,463,473,482,485,477,528,559],"class_list":{"0":"post-1696","1":"product","2":"type-product","3":"status-publish","4":"has-post-thumbnail","6":"product_cat-checklisten-fuer-die-due-diligence","7":"product_cat-unternehmenstransaktionen","8":"product_cat-checkliste","9":"jask_topic_categories-management","10":"jask_topic_categories-stabilisierung","11":"jask_topic_categories-flexibilisierung","12":"jask_topic_categories-durchgaengige-gestaltung-von-vertragswerken","13":"jask_topic_categories-management-von-vertragsfristen","14":"jask_topic_categories-vertragliche-flexibilitaet","15":"jask_topic_categories-management-von-rechten-an-geistigem-eigentum","16":"jask_topic_categories-vertragsmanagement","17":"jask_topic_categories-ganzheitlicher-vernetzter-ansatz","18":"jask_topic_categories-organisation-und-personal","19":"jask_topic_categories-prozesse","20":"jask_topic_categories-projektmanagement","21":"jask_topic_categories-zusammenarbeit","22":"jask_topic_categories-leadership","23":"jask_topic_categories-ganzheitliches-controlling","24":"jask_topic_categories-controlling-und-risikomanagement","25":"jask_topic_categories-corporate-social-responsibility-csr-und-employer-branding","26":"jask_topic_categories-strategische-unternehmensbeteiligung","27":"jask_topic_categories-boersengang-initial-public-offering-ipo","28":"jask_topic_categories-turnaround-management","29":"jask_topic_categories-sanierungskonzept-mit-fortfuehrungsprognose-nach-idw-s6","30":"jask_topic_categories-personalabbau","31":"jask_topic_categories-individualvereinbarungen","32":"jask_topic_categories-kuendigungen","33":"jask_topic_categories-akute-krise","34":"jask_topic_categories-unternehmensverkauf-kauf-unternehmensgruendung","35":"jask_topic_categories-unternehmensbewertung","36":"jask_topic_categories-bewertung-von-geistigem-eigentum","37":"jask_topic_categories-bewertung-von-geistigem-eigentum-bewertung-von-geistigem-eigentum","38":"jask_topic_categories-bewertung-von-markenrechten","39":"jask_topic_categories-unternehmensverkauf","40":"jask_topic_categories-unternehmenskauf","41":"jask_topic_categories-legal-due-diligence","42":"jask_topic_categories-hinweise-zum-due-diligence-prozess","43":"jask_topic_categories-due-diligence","44":"jask_topic_categories-steuerliche-und-rechtliche-gestaltung","45":"jask_topic_categories-kapitalgesellschaft","47":"first","48":"instock","49":"sold-individually","50":"taxable","51":"shipping-taxable","52":"purchasable","53":"product-type-variable"},"yoast_head":"<!-- This site is optimized with the Yoast SEO plugin v27.4 - https:\/\/yoast.com\/product\/yoast-seo-wordpress\/ -->\n<title>Checkliste f\u00fcr Legal Due Diligence zum Download<\/title>\n<meta name=\"description\" content=\"Juristische Aspekte eines Unternehmens richtig beurteilen \u2013 mit unserer Checkliste f\u00fcr die Legal Due Diligence. Jetzt einfach herunterladen!\" \/>\n<meta name=\"robots\" content=\"index, follow, max-snippet:-1, max-image-preview:large, max-video-preview:-1\" \/>\n<link rel=\"canonical\" href=\"https:\/\/www.consultingcheck.com\/de\/ressource\/due-diligence-legal\/\" \/>\n<meta property=\"og:locale\" content=\"de_DE\" \/>\n<meta property=\"og:type\" content=\"article\" \/>\n<meta property=\"og:title\" content=\"Checkliste f\u00fcr Legal Due Diligence zum Download\" \/>\n<meta property=\"og:description\" content=\"Juristische Aspekte eines Unternehmens richtig beurteilen \u2013 mit unserer Checkliste f\u00fcr die Legal Due Diligence. Jetzt einfach herunterladen!\" \/>\n<meta property=\"og:url\" content=\"https:\/\/www.consultingcheck.com\/de\/ressource\/due-diligence-legal\/\" \/>\n<meta property=\"og:site_name\" content=\"consultingcheck\" \/>\n<meta property=\"article:modified_time\" content=\"2024-06-19T05:54:43+00:00\" \/>\n<meta property=\"og:image\" content=\"https:\/\/www.consultingcheck.com\/wp-content\/uploads\/2021\/11\/due-diligence-legal.jpg\" \/>\n\t<meta property=\"og:image:width\" content=\"1000\" \/>\n\t<meta property=\"og:image:height\" content=\"679\" \/>\n\t<meta property=\"og:image:type\" content=\"image\/jpeg\" \/>\n<meta name=\"twitter:card\" content=\"summary_large_image\" \/>\n<meta name=\"twitter:label1\" content=\"Gesch\u00e4tzte Lesezeit\" \/>\n\t<meta name=\"twitter:data1\" content=\"4\u00a0Minuten\" \/>\n<script type=\"application\/ld+json\" class=\"yoast-schema-graph\">{\"@context\":\"https:\\\/\\\/schema.org\",\"@graph\":[{\"@type\":\"WebPage\",\"@id\":\"https:\\\/\\\/www.consultingcheck.com\\\/de\\\/ressource\\\/due-diligence-legal\\\/\",\"url\":\"https:\\\/\\\/www.consultingcheck.com\\\/de\\\/ressource\\\/due-diligence-legal\\\/\",\"name\":\"Checkliste f\u00fcr Legal Due Diligence zum Download\",\"isPartOf\":{\"@id\":\"https:\\\/\\\/www.consultingcheck.com\\\/de\\\/#website\"},\"primaryImageOfPage\":{\"@id\":\"https:\\\/\\\/www.consultingcheck.com\\\/de\\\/ressource\\\/due-diligence-legal\\\/#primaryimage\"},\"image\":{\"@id\":\"https:\\\/\\\/www.consultingcheck.com\\\/de\\\/ressource\\\/due-diligence-legal\\\/#primaryimage\"},\"thumbnailUrl\":\"https:\\\/\\\/www.consultingcheck.com\\\/wp-content\\\/uploads\\\/2021\\\/11\\\/due-diligence-legal.jpg\",\"datePublished\":\"2021-11-08T23:49:52+00:00\",\"dateModified\":\"2024-06-19T05:54:43+00:00\",\"description\":\"Juristische Aspekte eines Unternehmens richtig beurteilen \u2013 mit unserer Checkliste f\u00fcr die Legal Due Diligence. Jetzt einfach herunterladen!\",\"breadcrumb\":{\"@id\":\"https:\\\/\\\/www.consultingcheck.com\\\/de\\\/ressource\\\/due-diligence-legal\\\/#breadcrumb\"},\"inLanguage\":\"de\",\"potentialAction\":[{\"@type\":\"ReadAction\",\"target\":[\"https:\\\/\\\/www.consultingcheck.com\\\/de\\\/ressource\\\/due-diligence-legal\\\/\"]}]},{\"@type\":\"ImageObject\",\"inLanguage\":\"de\",\"@id\":\"https:\\\/\\\/www.consultingcheck.com\\\/de\\\/ressource\\\/due-diligence-legal\\\/#primaryimage\",\"url\":\"https:\\\/\\\/www.consultingcheck.com\\\/wp-content\\\/uploads\\\/2021\\\/11\\\/due-diligence-legal.jpg\",\"contentUrl\":\"https:\\\/\\\/www.consultingcheck.com\\\/wp-content\\\/uploads\\\/2021\\\/11\\\/due-diligence-legal.jpg\",\"width\":1000,\"height\":679,\"caption\":\"Ein Screenshot der Checkliste f\u00fcr die Legal Due Diligence.\"},{\"@type\":\"BreadcrumbList\",\"@id\":\"https:\\\/\\\/www.consultingcheck.com\\\/de\\\/ressource\\\/due-diligence-legal\\\/#breadcrumb\",\"itemListElement\":[{\"@type\":\"ListItem\",\"position\":1,\"name\":\"Startseite\",\"item\":\"https:\\\/\\\/www.consultingcheck.com\\\/de\\\/\"},{\"@type\":\"ListItem\",\"position\":2,\"name\":\"Downloads, Anwendungen und Produkte\",\"item\":\"https:\\\/\\\/www.consultingcheck.com\\\/de\\\/tools\\\/downloads-anwendungen-und-produkte\\\/\"},{\"@type\":\"ListItem\",\"position\":3,\"name\":\"Checkliste f\u00fcr die Legal Due Diligence\"}]},{\"@type\":\"WebSite\",\"@id\":\"https:\\\/\\\/www.consultingcheck.com\\\/de\\\/#website\",\"url\":\"https:\\\/\\\/www.consultingcheck.com\\\/de\\\/\",\"name\":\"consultingcheck\",\"description\":\"Vernetzt gedacht. Entzaubert. Hands-on.\",\"potentialAction\":[{\"@type\":\"SearchAction\",\"target\":{\"@type\":\"EntryPoint\",\"urlTemplate\":\"https:\\\/\\\/www.consultingcheck.com\\\/de\\\/?s={search_term_string}\"},\"query-input\":{\"@type\":\"PropertyValueSpecification\",\"valueRequired\":true,\"valueName\":\"search_term_string\"}}],\"inLanguage\":\"de\"}]}<\/script>\n<!-- \/ Yoast SEO plugin. -->","yoast_head_json":{"title":"Checkliste f\u00fcr Legal Due Diligence zum Download","description":"Juristische Aspekte eines Unternehmens richtig beurteilen \u2013 mit unserer Checkliste f\u00fcr die Legal Due Diligence. Jetzt einfach herunterladen!","robots":{"index":"index","follow":"follow","max-snippet":"max-snippet:-1","max-image-preview":"max-image-preview:large","max-video-preview":"max-video-preview:-1"},"canonical":"https:\/\/www.consultingcheck.com\/de\/ressource\/due-diligence-legal\/","og_locale":"de_DE","og_type":"article","og_title":"Checkliste f\u00fcr Legal Due Diligence zum Download","og_description":"Juristische Aspekte eines Unternehmens richtig beurteilen \u2013 mit unserer Checkliste f\u00fcr die Legal Due Diligence. Jetzt einfach herunterladen!","og_url":"https:\/\/www.consultingcheck.com\/de\/ressource\/due-diligence-legal\/","og_site_name":"consultingcheck","article_modified_time":"2024-06-19T05:54:43+00:00","og_image":[{"width":1000,"height":679,"url":"https:\/\/www.consultingcheck.com\/wp-content\/uploads\/2021\/11\/due-diligence-legal.jpg","type":"image\/jpeg"}],"twitter_card":"summary_large_image","twitter_misc":{"Gesch\u00e4tzte Lesezeit":"4\u00a0Minuten"},"schema":{"@context":"https:\/\/schema.org","@graph":[{"@type":"WebPage","@id":"https:\/\/www.consultingcheck.com\/de\/ressource\/due-diligence-legal\/","url":"https:\/\/www.consultingcheck.com\/de\/ressource\/due-diligence-legal\/","name":"Checkliste f\u00fcr Legal Due Diligence zum Download","isPartOf":{"@id":"https:\/\/www.consultingcheck.com\/de\/#website"},"primaryImageOfPage":{"@id":"https:\/\/www.consultingcheck.com\/de\/ressource\/due-diligence-legal\/#primaryimage"},"image":{"@id":"https:\/\/www.consultingcheck.com\/de\/ressource\/due-diligence-legal\/#primaryimage"},"thumbnailUrl":"https:\/\/www.consultingcheck.com\/wp-content\/uploads\/2021\/11\/due-diligence-legal.jpg","datePublished":"2021-11-08T23:49:52+00:00","dateModified":"2024-06-19T05:54:43+00:00","description":"Juristische Aspekte eines Unternehmens richtig beurteilen \u2013 mit unserer Checkliste f\u00fcr die Legal Due Diligence. Jetzt einfach herunterladen!","breadcrumb":{"@id":"https:\/\/www.consultingcheck.com\/de\/ressource\/due-diligence-legal\/#breadcrumb"},"inLanguage":"de","potentialAction":[{"@type":"ReadAction","target":["https:\/\/www.consultingcheck.com\/de\/ressource\/due-diligence-legal\/"]}]},{"@type":"ImageObject","inLanguage":"de","@id":"https:\/\/www.consultingcheck.com\/de\/ressource\/due-diligence-legal\/#primaryimage","url":"https:\/\/www.consultingcheck.com\/wp-content\/uploads\/2021\/11\/due-diligence-legal.jpg","contentUrl":"https:\/\/www.consultingcheck.com\/wp-content\/uploads\/2021\/11\/due-diligence-legal.jpg","width":1000,"height":679,"caption":"Ein Screenshot der Checkliste f\u00fcr die Legal Due Diligence."},{"@type":"BreadcrumbList","@id":"https:\/\/www.consultingcheck.com\/de\/ressource\/due-diligence-legal\/#breadcrumb","itemListElement":[{"@type":"ListItem","position":1,"name":"Startseite","item":"https:\/\/www.consultingcheck.com\/de\/"},{"@type":"ListItem","position":2,"name":"Downloads, Anwendungen und Produkte","item":"https:\/\/www.consultingcheck.com\/de\/tools\/downloads-anwendungen-und-produkte\/"},{"@type":"ListItem","position":3,"name":"Checkliste f\u00fcr die Legal Due Diligence"}]},{"@type":"WebSite","@id":"https:\/\/www.consultingcheck.com\/de\/#website","url":"https:\/\/www.consultingcheck.com\/de\/","name":"consultingcheck","description":"Vernetzt gedacht. Entzaubert. Hands-on.","potentialAction":[{"@type":"SearchAction","target":{"@type":"EntryPoint","urlTemplate":"https:\/\/www.consultingcheck.com\/de\/?s={search_term_string}"},"query-input":{"@type":"PropertyValueSpecification","valueRequired":true,"valueName":"search_term_string"}}],"inLanguage":"de"}]}},"_links":{"self":[{"href":"https:\/\/www.consultingcheck.com\/de\/wp-json\/wp\/v2\/product\/1696","targetHints":{"allow":["GET"]}}],"collection":[{"href":"https:\/\/www.consultingcheck.com\/de\/wp-json\/wp\/v2\/product"}],"about":[{"href":"https:\/\/www.consultingcheck.com\/de\/wp-json\/wp\/v2\/types\/product"}],"wp:featuredmedia":[{"embeddable":true,"href":"https:\/\/www.consultingcheck.com\/de\/wp-json\/wp\/v2\/media\/20066"}],"wp:attachment":[{"href":"https:\/\/www.consultingcheck.com\/de\/wp-json\/wp\/v2\/media?parent=1696"}],"wp:term":[{"taxonomy":"product_brand","embeddable":true,"href":"https:\/\/www.consultingcheck.com\/de\/wp-json\/wp\/v2\/product_brand?post=1696"},{"taxonomy":"product_cat","embeddable":true,"href":"https:\/\/www.consultingcheck.com\/de\/wp-json\/wp\/v2\/product_cat?post=1696"},{"taxonomy":"product_tag","embeddable":true,"href":"https:\/\/www.consultingcheck.com\/de\/wp-json\/wp\/v2\/product_tag?post=1696"},{"taxonomy":"jask_topic_categories","embeddable":true,"href":"https:\/\/www.consultingcheck.com\/de\/wp-json\/wp\/v2\/jask_topic_categories?post=1696"}],"curies":[{"name":"wp","href":"https:\/\/api.w.org\/{rel}","templated":true}]}}