{"id":1692,"date":"2021-11-09T00:49:52","date_gmt":"2021-11-08T23:49:52","guid":{"rendered":"https:\/\/www.consultingcheck.com\/ressource\/due-diligence-financial\/"},"modified":"2024-06-19T08:13:28","modified_gmt":"2024-06-19T06:13:28","slug":"due-diligence-financial","status":"publish","type":"product","link":"https:\/\/www.consultingcheck.com\/de\/ressource\/due-diligence-financial\/","title":{"rendered":"Checkliste f\u00fcr die Financial Due Diligence"},"content":{"rendered":"<h3>Inhalte<\/h3>\n<p>Im Rahmen von Unternehmenstransaktionen werden Zielunternehmen systematisch beurteilt. Dazu dient das Instrument der Due Diligence. Eine Facette dieser Due Diligence ist die \u00dcberpr\u00fcfung der finanziellen Gegebenheiten im Unternehmen, f\u00fcr das Sie sich interessieren. Die systematische Beurteilung dieser finanziellen Aspekte ist Gegenstand der Financial Due Diligence, f\u00fcr die Sie hier eine strukturierte Checkliste erhalten.<\/p>\n<p>Die praxisgerechte Checkliste geht mit 34 Fragen auf reine Finanzaspekte, mit 8 Fragen auf Versicherungsthemen und mit 6 Fragen auf m\u00f6gliche in Anspruch genommene \u00f6ffentliche F\u00f6rderungen ein.<\/p>\n<p>Als Kaufinteressent k\u00f6nnen Sie hinter jeden Punkt Ihre Befunde schreiben, relevante Informationsquellen einsetzen, auf Anlagen verweisen, Nachweisdokumente benennen und Ihre Kommentare schreiben. Damit entsteht w\u00e4hrend der Durchf\u00fchrung der Financial Due Diligence ein Protokoll Ihrer Pr\u00fcfung. Wenn Sie im Anschluss an Ihre Pr\u00fcfung den Verk\u00e4ufer f\u00fcr seine Best\u00e4tigung unterschreiben lassen, erhalten Sie eine wertvolle Grundlage f\u00fcr die im Kaufvertrag zu definierenden Garantien.<\/p>\n<p>Auch f\u00fcr Verk\u00e4ufer ist diese Checkliste wertvoll, um sich auf eine Financial Due Diligence sorgf\u00e4ltig vorzubereiten. Gehen Sie die Punkte dieser Checkliste sorgf\u00e4ltig durch und \u00fcberlegen Sie, wie Sie Antworten darauf finden k\u00f6nnen bzw. was Sie in Ihrem Unternehmen vor dem Verkauf in finanzieller Hinsicht noch schleifen sollten.<\/p>\n<p>Damit Unternehmenstransaktionen landes\u00fcbergreifend unterst\u00fctzt werden k\u00f6nnen, steht Ihnen diese Checkliste in deutscher, englischer und spanischer Sprache zur Verf\u00fcgung.<\/p>\n<p>&nbsp;<\/p>\n<h3>Vorteile Ihrer Checkliste zur Financial Due Diligence<\/h3>\n<ul>\n<li>Mit dieser Checkliste werden Sie auf wesentliche relevante Pr\u00fcffelder hingewiesen, die die Finanzen betreffen.<\/li>\n<li>Sie erhalten eine praxisorientierte Checkliste f\u00fcr die Financial Due Diligence, die einen angemessenen Tiefgang aufweist.<\/li>\n<li>Kaufinteressenten schafft der Einsatz dieser Checkliste w\u00e4hrend der Financial Due Diligence eine solide Grundlage f\u00fcr die im Kaufvertrag zu definierenden verk\u00e4uferseitigen Garantien.<\/li>\n<li>Verk\u00e4ufern gibt diese Checkliste konkrete Hinweise auf m\u00f6gliche Fragen, die Kaufinteressenten stellen werden. Die Checkliste unterst\u00fctzt eine gute Vorbereitung auf den Verkaufsprozess und die damit verbundene Financial Due Diligence.<\/li>\n<\/ul>\n<h3><\/h3>\n<h3>Digitaler Download<\/h3>\n<p>Nach der Bestellung erhalten Sie einen Download-Link zur strukturierten Checkliste, die Sie sofort nutzen k\u00f6nnen.<\/p>\n<p>Bitte beachten Sie, dass diese Checkliste, zu der Sie den Zugang erwerben, ausschlie\u00dflich f\u00fcr Ihren pers\u00f6nlichen Gebrauch bestimmt sind. Es ist untersagt, die Checkliste in jeglicher Form und in jeglicher digitaler oder physischer Weise weiterzuverkaufen oder sie ohne meine Erlaubnis in einer physischen oder Online-Ver\u00f6ffentlichung zu ver\u00f6ffentlichen. Ich bin der einzige Copyright-Inhaber dieser Datei.<\/p>\n<p>Link zum Download: pdf<\/p>\n<h2><\/h2>\n<h2>Was ist eine &#8222;Financial Due Diligence&#8220;?<\/h2>\n<p>Eine Due Diligence ist eine systematische Aufnahme aller relevanten M\u00f6glichkeiten und Beschr\u00e4nkungen, die ein Unternehmen bzw. einen Unternehmensteil charakterisieren. Due Diligence-Pr\u00fcfungen kommen im Zuge von Unternehmenstransaktionen zum Einsatz. Sie sollen dem K\u00e4ufer Sicherheit \u00fcber das Transaktionsobjekt geben.<\/p>\n<p>Bei einer Financial Due Diligence werden alle finanzrelevanten Aspekte gepr\u00fcft und aufgenommen.<\/p>\n<p>Bei der Aufnahme dieser Charakteristika werden die Informationsquellen angegeben. \u00dcblich ist, dass der Verkaufsinteressent die resultierenden Due Diligence-Protokolle unterschreibt und damit seine dokumentierten Aussagen formal best\u00e4tigt. So k\u00f6nnen Due Diligence-Protokolle als Grundlage f\u00fcr Ver\u00e4ufergarantieren genutzt werden, die im Transaktionsvertrag formuliert werden.<\/p>\n<h2>Ablauf einer Financial Due Diligence-Pr\u00fcfung<\/h2>\n<p>Eine Financial Due Diligence beginnt mit\u00a0 der Aufnahme aller M\u00f6glichkeiten, Beschr\u00e4nkungen und Belastungen, die ein Unternehmen bzw. ein Unternehmensteil bez\u00fcglich der Finanzen aufweist. Dabei ist auf die Vollst\u00e4ndigkeit der Angaben zu achten. Es empfehlen sich konkrete Formulierungen wie: &#8222;Die Liste in Anlage x umfasst alle vorhandenen Dauerschuldverh\u00e4ltnisse. Weitere Dauerschuldverh\u00e4ltnisse existieren nicht.&#8220; Au\u00dferdem ist auf Pr\u00e4zision zu achten. Eine Formulierung wie &#8222;Die geplante Unternehmenstransaktion verursacht keine Verpflichtung, Mittel aus den gew\u00e4hrten \u00f6ffentlichen F\u00f6rderungen zur\u00fcckzuzahlen, mit Ausnahmen von &#8230;&#8220;<\/p>\n<h2>So hilft Ihnen eine Checkliste bei der Financial Due Diligence<\/h2>\n<p>Um bei der umfassenden Financial Due Diligence keinen wichtigen Aspekt zu vergessen, empfiehlt sich der Einsatz einer geeigneten Checkliste. Gute Checklisten sind vorstrukturiert und enthalten die wesentlichen Aspekte, die im Rahmen einer Financial Due Diligence aufgenommen werden sollten.<\/p>\n<p>In jedem Fall f\u00fchren Sie die Finacial Due Diligence mit einer praxiserprobten Checkliste nicht beliebig durch, sondern sichern ein systematisches Vorgehen. Statt grunds\u00e4tzliche \u00dcberlegungen anstellen zu m\u00fcssen, k\u00f6nnen Sie sich auf die inhaltliche Pr\u00fcfung konzentrieren.<\/p>\n<p>&nbsp;<\/p>\n","protected":false},"excerpt":{"rendered":"<h2><strong>Laden Sie unsere praxiserprobte Checkliste zur Durchf\u00fchrung einer Financial Due Diligence herunter!<\/strong><\/h2>\n","protected":false},"featured_media":20054,"template":"","meta":{"_links_to":"","_links_to_target":""},"product_brand":[],"product_cat":[592,1223,1229],"product_tag":[],"jask_topic_categories":[1216,1220,134,141,143,144,145,1643,1644,146,147,150,165,152,158,159,166,167,168,234,169,235,240,246,255,256,253,345,341,385,409,386,387,1668,399,400,405,408,620,413,414,412,423,439,440,438,444,445,446,447,449,453,454,455,448,461,462,473,478,477,509,528,647],"class_list":{"0":"post-1692","1":"product","2":"type-product","3":"status-publish","4":"has-post-thumbnail","6":"product_cat-checkliste","7":"product_cat-checklisten-fuer-die-due-diligence","8":"product_cat-unternehmenstransaktionen","9":"jask_topic_categories-finanz","10":"jask_topic_categories-management","11":"jask_topic_categories-absatz-forecast","12":"jask_topic_categories-ertragssteigerung","13":"jask_topic_categories-absatzvolumen","14":"jask_topic_categories-preisgestaltung","15":"jask_topic_categories-kostenoptimierung-zur-ertragssteigerung","16":"jask_topic_categories-kostensenkung-durch-qualitaetssicherung-qs","17":"jask_topic_categories-logistik-als-service-und-kostentreiber","18":"jask_topic_categories-kostensenkung-durch-abgestimmte-zusammenarbeit","19":"jask_topic_categories-kostensenkung-in-der-beschaffung","20":"jask_topic_categories-kostensenkung-in-der-fertigung","21":"jask_topic_categories-strukturkosten","22":"jask_topic_categories-investition","23":"jask_topic_categories-materialfluss","24":"jask_topic_categories-standortstrategie","25":"jask_topic_categories-personalkosten-im-overhead-einer-organisation","26":"jask_topic_categories-sachliche-strukturkosten","27":"jask_topic_categories-stabilisierung","28":"jask_topic_categories-entscheidungen","29":"jask_topic_categories-ganzheitlicher-vernetzter-ansatz","30":"jask_topic_categories-nachhaltigkeit","31":"jask_topic_categories-nachhaltig-wirtschaften","32":"jask_topic_categories-umsetzung-nachhaltigen-wirtschaftens","33":"jask_topic_categories-einordnung-von-leadership","34":"jask_topic_categories-fuehren-von-geschaeften","35":"jask_topic_categories-leadership","36":"jask_topic_categories-risikomanagement","37":"jask_topic_categories-controlling-und-risikomanagement","38":"jask_topic_categories-finanzierung","39":"jask_topic_categories-finanzinvestment-durch-private-equity-gesellschaften","40":"jask_topic_categories-innenfinanzierung","41":"jask_topic_categories-working-capital-optimierung","42":"jask_topic_categories-einkaufsfinanzierung","43":"jask_topic_categories-aussenfinanzierung","44":"jask_topic_categories-zwischenfinanzierung","45":"jask_topic_categories-langfristige-finanzierung","46":"jask_topic_categories-beteiligung","47":"jask_topic_categories-boersengang-initial-public-offering-ipo","48":"jask_topic_categories-ermittlung-der-bonitaet","49":"jask_topic_categories-auswirkungen-der-bonitaet","50":"jask_topic_categories-beeinflusser-und-auswirkungen-der-bonitaet","51":"jask_topic_categories-sanierungskonzept-mit-fortfuehrungsprognose-nach-idw-s6","52":"jask_topic_categories-sofortmassnahmen","53":"jask_topic_categories-insolvenz","54":"jask_topic_categories-akute-krise","55":"jask_topic_categories-planinsolvenz-in-eigenverwaltung-esug-nach--270a-inso","56":"jask_topic_categories-schutzschirmverfahren-nach--270b-inso","57":"jask_topic_categories-unternehmensverkauf-kauf-unternehmensgruendung","58":"jask_topic_categories-unternehmensbewertung","59":"jask_topic_categories-ermittlung-des-diskontierungszinssatzes","60":"jask_topic_categories-abzinsung-von-planertraegen","61":"jask_topic_categories-ermittlung-der-ewigen-rente","62":"jask_topic_categories-ermittlung-des-ertragswertes","63":"jask_topic_categories-ertragswertverfahren","64":"jask_topic_categories-bewertung-von-geistigem-eigentum-bewertung-von-geistigem-eigentum","65":"jask_topic_categories-bewertung-von-markenrechten","66":"jask_topic_categories-unternehmenskauf","67":"jask_topic_categories-financial-due-diligence","68":"jask_topic_categories-due-diligence","69":"jask_topic_categories-strategische-fokussierung","70":"jask_topic_categories-steuerliche-und-rechtliche-gestaltung","71":"jask_topic_categories-wirtschaftspruefung","73":"first","74":"instock","75":"sold-individually","76":"taxable","77":"shipping-taxable","78":"purchasable","79":"product-type-variable"},"yoast_head":"<!-- This site is optimized with the Yoast SEO plugin v27.4 - https:\/\/yoast.com\/product\/yoast-seo-wordpress\/ -->\n<title>Checkliste f\u00fcr die Financial Due Diligence zum Download<\/title>\n<meta name=\"description\" content=\"Ihre Financial Due Diligence Checkliste: Pr\u00fcfen Sie alle finanzrelevanten Aspekte mit unserer Vorlage. Jetzt einfach downloaden!\" \/>\n<meta name=\"robots\" content=\"index, follow, max-snippet:-1, max-image-preview:large, max-video-preview:-1\" \/>\n<link rel=\"canonical\" href=\"https:\/\/www.consultingcheck.com\/de\/ressource\/due-diligence-financial\/\" \/>\n<meta property=\"og:locale\" content=\"de_DE\" \/>\n<meta property=\"og:type\" content=\"article\" \/>\n<meta property=\"og:title\" content=\"Checkliste f\u00fcr die Financial Due Diligence zum Download\" \/>\n<meta property=\"og:description\" content=\"Ihre Financial Due Diligence Checkliste: Pr\u00fcfen Sie alle finanzrelevanten Aspekte mit unserer Vorlage. Jetzt einfach downloaden!\" \/>\n<meta property=\"og:url\" content=\"https:\/\/www.consultingcheck.com\/de\/ressource\/due-diligence-financial\/\" \/>\n<meta property=\"og:site_name\" content=\"consultingcheck\" \/>\n<meta property=\"article:modified_time\" content=\"2024-06-19T06:13:28+00:00\" \/>\n<meta property=\"og:image\" content=\"https:\/\/www.consultingcheck.com\/wp-content\/uploads\/2021\/11\/due-diligence-financial.jpg\" \/>\n\t<meta property=\"og:image:width\" content=\"1000\" \/>\n\t<meta property=\"og:image:height\" content=\"679\" \/>\n\t<meta property=\"og:image:type\" content=\"image\/jpeg\" \/>\n<meta name=\"twitter:card\" content=\"summary_large_image\" \/>\n<meta name=\"twitter:label1\" content=\"Gesch\u00e4tzte Lesezeit\" \/>\n\t<meta name=\"twitter:data1\" content=\"4\u00a0Minuten\" \/>\n<script type=\"application\/ld+json\" class=\"yoast-schema-graph\">{\"@context\":\"https:\\\/\\\/schema.org\",\"@graph\":[{\"@type\":\"WebPage\",\"@id\":\"https:\\\/\\\/www.consultingcheck.com\\\/de\\\/ressource\\\/due-diligence-financial\\\/\",\"url\":\"https:\\\/\\\/www.consultingcheck.com\\\/de\\\/ressource\\\/due-diligence-financial\\\/\",\"name\":\"Checkliste f\u00fcr die Financial Due Diligence zum Download\",\"isPartOf\":{\"@id\":\"https:\\\/\\\/www.consultingcheck.com\\\/de\\\/#website\"},\"primaryImageOfPage\":{\"@id\":\"https:\\\/\\\/www.consultingcheck.com\\\/de\\\/ressource\\\/due-diligence-financial\\\/#primaryimage\"},\"image\":{\"@id\":\"https:\\\/\\\/www.consultingcheck.com\\\/de\\\/ressource\\\/due-diligence-financial\\\/#primaryimage\"},\"thumbnailUrl\":\"https:\\\/\\\/www.consultingcheck.com\\\/wp-content\\\/uploads\\\/2021\\\/11\\\/due-diligence-financial.jpg\",\"datePublished\":\"2021-11-08T23:49:52+00:00\",\"dateModified\":\"2024-06-19T06:13:28+00:00\",\"description\":\"Ihre Financial Due Diligence Checkliste: Pr\u00fcfen Sie alle finanzrelevanten Aspekte mit unserer Vorlage. Jetzt einfach downloaden!\",\"breadcrumb\":{\"@id\":\"https:\\\/\\\/www.consultingcheck.com\\\/de\\\/ressource\\\/due-diligence-financial\\\/#breadcrumb\"},\"inLanguage\":\"de\",\"potentialAction\":[{\"@type\":\"ReadAction\",\"target\":[\"https:\\\/\\\/www.consultingcheck.com\\\/de\\\/ressource\\\/due-diligence-financial\\\/\"]}]},{\"@type\":\"ImageObject\",\"inLanguage\":\"de\",\"@id\":\"https:\\\/\\\/www.consultingcheck.com\\\/de\\\/ressource\\\/due-diligence-financial\\\/#primaryimage\",\"url\":\"https:\\\/\\\/www.consultingcheck.com\\\/wp-content\\\/uploads\\\/2021\\\/11\\\/due-diligence-financial.jpg\",\"contentUrl\":\"https:\\\/\\\/www.consultingcheck.com\\\/wp-content\\\/uploads\\\/2021\\\/11\\\/due-diligence-financial.jpg\",\"width\":1000,\"height\":679,\"caption\":\"Ein Screenshot der Checkliste f\u00fcr die Financial Due Diligence.\"},{\"@type\":\"BreadcrumbList\",\"@id\":\"https:\\\/\\\/www.consultingcheck.com\\\/de\\\/ressource\\\/due-diligence-financial\\\/#breadcrumb\",\"itemListElement\":[{\"@type\":\"ListItem\",\"position\":1,\"name\":\"Startseite\",\"item\":\"https:\\\/\\\/www.consultingcheck.com\\\/de\\\/\"},{\"@type\":\"ListItem\",\"position\":2,\"name\":\"Downloads, Anwendungen und Produkte\",\"item\":\"https:\\\/\\\/www.consultingcheck.com\\\/de\\\/tools\\\/downloads-anwendungen-und-produkte\\\/\"},{\"@type\":\"ListItem\",\"position\":3,\"name\":\"Checkliste f\u00fcr die Financial Due Diligence\"}]},{\"@type\":\"WebSite\",\"@id\":\"https:\\\/\\\/www.consultingcheck.com\\\/de\\\/#website\",\"url\":\"https:\\\/\\\/www.consultingcheck.com\\\/de\\\/\",\"name\":\"consultingcheck\",\"description\":\"Vernetzt gedacht. Entzaubert. Hands-on.\",\"potentialAction\":[{\"@type\":\"SearchAction\",\"target\":{\"@type\":\"EntryPoint\",\"urlTemplate\":\"https:\\\/\\\/www.consultingcheck.com\\\/de\\\/?s={search_term_string}\"},\"query-input\":{\"@type\":\"PropertyValueSpecification\",\"valueRequired\":true,\"valueName\":\"search_term_string\"}}],\"inLanguage\":\"de\"}]}<\/script>\n<!-- \/ Yoast SEO plugin. -->","yoast_head_json":{"title":"Checkliste f\u00fcr die Financial Due Diligence zum Download","description":"Ihre Financial Due Diligence Checkliste: Pr\u00fcfen Sie alle finanzrelevanten Aspekte mit unserer Vorlage. Jetzt einfach downloaden!","robots":{"index":"index","follow":"follow","max-snippet":"max-snippet:-1","max-image-preview":"max-image-preview:large","max-video-preview":"max-video-preview:-1"},"canonical":"https:\/\/www.consultingcheck.com\/de\/ressource\/due-diligence-financial\/","og_locale":"de_DE","og_type":"article","og_title":"Checkliste f\u00fcr die Financial Due Diligence zum Download","og_description":"Ihre Financial Due Diligence Checkliste: Pr\u00fcfen Sie alle finanzrelevanten Aspekte mit unserer Vorlage. Jetzt einfach downloaden!","og_url":"https:\/\/www.consultingcheck.com\/de\/ressource\/due-diligence-financial\/","og_site_name":"consultingcheck","article_modified_time":"2024-06-19T06:13:28+00:00","og_image":[{"width":1000,"height":679,"url":"https:\/\/www.consultingcheck.com\/wp-content\/uploads\/2021\/11\/due-diligence-financial.jpg","type":"image\/jpeg"}],"twitter_card":"summary_large_image","twitter_misc":{"Gesch\u00e4tzte Lesezeit":"4\u00a0Minuten"},"schema":{"@context":"https:\/\/schema.org","@graph":[{"@type":"WebPage","@id":"https:\/\/www.consultingcheck.com\/de\/ressource\/due-diligence-financial\/","url":"https:\/\/www.consultingcheck.com\/de\/ressource\/due-diligence-financial\/","name":"Checkliste f\u00fcr die Financial Due Diligence zum Download","isPartOf":{"@id":"https:\/\/www.consultingcheck.com\/de\/#website"},"primaryImageOfPage":{"@id":"https:\/\/www.consultingcheck.com\/de\/ressource\/due-diligence-financial\/#primaryimage"},"image":{"@id":"https:\/\/www.consultingcheck.com\/de\/ressource\/due-diligence-financial\/#primaryimage"},"thumbnailUrl":"https:\/\/www.consultingcheck.com\/wp-content\/uploads\/2021\/11\/due-diligence-financial.jpg","datePublished":"2021-11-08T23:49:52+00:00","dateModified":"2024-06-19T06:13:28+00:00","description":"Ihre Financial Due Diligence Checkliste: Pr\u00fcfen Sie alle finanzrelevanten Aspekte mit unserer Vorlage. Jetzt einfach downloaden!","breadcrumb":{"@id":"https:\/\/www.consultingcheck.com\/de\/ressource\/due-diligence-financial\/#breadcrumb"},"inLanguage":"de","potentialAction":[{"@type":"ReadAction","target":["https:\/\/www.consultingcheck.com\/de\/ressource\/due-diligence-financial\/"]}]},{"@type":"ImageObject","inLanguage":"de","@id":"https:\/\/www.consultingcheck.com\/de\/ressource\/due-diligence-financial\/#primaryimage","url":"https:\/\/www.consultingcheck.com\/wp-content\/uploads\/2021\/11\/due-diligence-financial.jpg","contentUrl":"https:\/\/www.consultingcheck.com\/wp-content\/uploads\/2021\/11\/due-diligence-financial.jpg","width":1000,"height":679,"caption":"Ein Screenshot der Checkliste f\u00fcr die Financial Due Diligence."},{"@type":"BreadcrumbList","@id":"https:\/\/www.consultingcheck.com\/de\/ressource\/due-diligence-financial\/#breadcrumb","itemListElement":[{"@type":"ListItem","position":1,"name":"Startseite","item":"https:\/\/www.consultingcheck.com\/de\/"},{"@type":"ListItem","position":2,"name":"Downloads, Anwendungen und Produkte","item":"https:\/\/www.consultingcheck.com\/de\/tools\/downloads-anwendungen-und-produkte\/"},{"@type":"ListItem","position":3,"name":"Checkliste f\u00fcr die Financial Due Diligence"}]},{"@type":"WebSite","@id":"https:\/\/www.consultingcheck.com\/de\/#website","url":"https:\/\/www.consultingcheck.com\/de\/","name":"consultingcheck","description":"Vernetzt gedacht. Entzaubert. Hands-on.","potentialAction":[{"@type":"SearchAction","target":{"@type":"EntryPoint","urlTemplate":"https:\/\/www.consultingcheck.com\/de\/?s={search_term_string}"},"query-input":{"@type":"PropertyValueSpecification","valueRequired":true,"valueName":"search_term_string"}}],"inLanguage":"de"}]}},"_links":{"self":[{"href":"https:\/\/www.consultingcheck.com\/de\/wp-json\/wp\/v2\/product\/1692","targetHints":{"allow":["GET"]}}],"collection":[{"href":"https:\/\/www.consultingcheck.com\/de\/wp-json\/wp\/v2\/product"}],"about":[{"href":"https:\/\/www.consultingcheck.com\/de\/wp-json\/wp\/v2\/types\/product"}],"wp:featuredmedia":[{"embeddable":true,"href":"https:\/\/www.consultingcheck.com\/de\/wp-json\/wp\/v2\/media\/20054"}],"wp:attachment":[{"href":"https:\/\/www.consultingcheck.com\/de\/wp-json\/wp\/v2\/media?parent=1692"}],"wp:term":[{"taxonomy":"product_brand","embeddable":true,"href":"https:\/\/www.consultingcheck.com\/de\/wp-json\/wp\/v2\/product_brand?post=1692"},{"taxonomy":"product_cat","embeddable":true,"href":"https:\/\/www.consultingcheck.com\/de\/wp-json\/wp\/v2\/product_cat?post=1692"},{"taxonomy":"product_tag","embeddable":true,"href":"https:\/\/www.consultingcheck.com\/de\/wp-json\/wp\/v2\/product_tag?post=1692"},{"taxonomy":"jask_topic_categories","embeddable":true,"href":"https:\/\/www.consultingcheck.com\/de\/wp-json\/wp\/v2\/jask_topic_categories?post=1692"}],"curies":[{"name":"wp","href":"https:\/\/api.w.org\/{rel}","templated":true}]}}