{"id":15467,"date":"2023-02-21T10:06:17","date_gmt":"2023-02-21T09:06:17","guid":{"rendered":"https:\/\/www.consultingcheck.com\/?post_type=product&#038;p=15467"},"modified":"2024-06-18T11:17:41","modified_gmt":"2024-06-18T09:17:41","slug":"grundlagenermittlung-industriebau","status":"publish","type":"product","link":"https:\/\/www.consultingcheck.com\/de\/ressource\/grundlagenermittlung-industriebau\/","title":{"rendered":"Grundlagenermittlung Industriebau"},"content":{"rendered":"<p>Auch wenn die Bau- und Erschlie\u00dfungkosten eines neuen Standorts wertm\u00e4\u00dfig hinter dem Anlageninvest zur\u00fcckstehen, ist es sinnvoll, den verantwortlichen Abteilungsleiter \/ Interim Manager Bau bereits in die Erstellung des Business Plans einzubeziehen.<\/p>\n<p>&nbsp;<\/p>\n<h3><strong>Inhalte<\/strong><\/h3>\n<p>Das Briefing beschreibt die Schritte, die seitens Baumanagement unternommen werden k\u00f6nnen, um ein tragf\u00e4higes Investitionskonzept und eine bestm\u00f6gliche Standortauswahl vorbereiten zu k\u00f6nnen. Die m\u00f6glichen Ableitungen f\u00fcr den Bau aus dem Strategiepapier des Unternehmens werden dargelegt und weitere grundlegenden Datenrecherchen aufgezeigt. Damit wird eine fundierte Entscheidung in der sp\u00e4teren Phase erm\u00f6glicht.<\/p>\n<p>&nbsp;<\/p>\n<h3><strong>Vorteile<\/strong><\/h3>\n<ul>\n<li>Darstellung des m\u00f6glichen baulichen Inputs zur Gesch\u00e4ftsstrategie<\/li>\n<li>Recherchegrundlage f\u00fcr bauliche Spezifika in verschiedenen Weltregionen<\/li>\n<li>Aufzeigen der Aspekte der geb\u00e4udetechnischen Historienrecherche<br \/>\nHinweise zur standortunabh\u00e4ngigen Budgetplanung<\/li>\n<\/ul>\n<p>&nbsp;<\/p>\n<h3><strong>Digitaler Download<\/strong><\/h3>\n<p>Nach der Bestellung erhalten Sie einen Download-Link zum pdf-Dokument, den Sie sofort nutzen k\u00f6nnen.<\/p>\n<p>Bitte beachten Sie, dass dieser Foliensatz, zu dem Sie den Zugang erwerben, ausschlie\u00dflich f\u00fcr Ihren pers\u00f6nlichen Gebrauch bestimmt ist. Es ist untersagt, den Foliensatz in jeglicher Form und in jeglicher digitaler oder physischer Weise weiterzuverkaufen oder ihn ohne meine Erlaubnis in einer physischen oder Online-Ver\u00f6ffentlichung zu ver\u00f6ffentlichen.<\/p>\n<p>Urheberin f\u00fcr die Inhalte ist <a href=\"https:\/\/www.consultingcheck.com\/de\/expertise-industriebau\/\" target=\"_blank\" rel=\"noopener\">Kathleen Wagner<\/a>.<\/p>\n<p>Link: pdf-Datei<\/p>\n","protected":false},"excerpt":{"rendered":"<h2>Tragf\u00e4higes Investitionskonzept und bestm\u00f6gliche Standortauswahl mit unserer Vorlage einfach umsetzen!<\/h2>\n","protected":false},"featured_media":20147,"template":"","meta":{"_links_to":"","_links_to_target":""},"product_brand":[],"product_cat":[1225,1297,601],"product_tag":[],"jask_topic_categories":[1296,127,136,145,1644,150,1641,151,159,160,161,162,164,235,240,244,245,246,385,484,477],"class_list":{"0":"post-15467","1":"product","2":"type-product","3":"status-publish","4":"has-post-thumbnail","6":"product_cat-gruendung","7":"product_cat-gewerbeimmobilien-und-industriebau","8":"product_cat-foliensatz","9":"jask_topic_categories-industriebau","10":"jask_topic_categories-prozessoptimierung","11":"jask_topic_categories-produkte-und-dienstleistungen","12":"jask_topic_categories-kostenoptimierung-zur-ertragssteigerung","13":"jask_topic_categories-logistik-als-service-und-kostentreiber","14":"jask_topic_categories-kostensenkung-in-der-fertigung","15":"jask_topic_categories-kennzahlen-fuer-die-produktion-und-die-qualitaetssicherung","16":"jask_topic_categories-auswahl-von-fertigungsverfahren","17":"jask_topic_categories-standortstrategie","18":"jask_topic_categories-argumente-fuer-eine-standortzusammenlegung","19":"jask_topic_categories-argumente-gegen-eine-standortzusammenlegung","20":"jask_topic_categories-risiken-und-kosten-eines-umzugs","21":"jask_topic_categories-fazit-zur-standortzusammenlegung","22":"jask_topic_categories-nachhaltigkeit","23":"jask_topic_categories-nachhaltig-wirtschaften","24":"jask_topic_categories-notwendigkeit-nachhaltigen-wirtschaftens","25":"jask_topic_categories-verantwortung-fuer-nachhaltiges-wirtschaften","26":"jask_topic_categories-umsetzung-nachhaltigen-wirtschaftens","27":"jask_topic_categories-finanzierung","28":"jask_topic_categories-site-due-diligence","29":"jask_topic_categories-due-diligence","31":"first","32":"instock","33":"taxable","34":"shipping-taxable","35":"purchasable","36":"product-type-variable"},"yoast_head":"<!-- This site is optimized with the Yoast SEO plugin v27.3 - https:\/\/yoast.com\/product\/yoast-seo-wordpress\/ -->\n<title>PDF-Briefing zur Grundlagenermittlung im Industriebau kaufen<\/title>\n<meta name=\"description\" content=\"F\u00fcr einen erfolgreichen Industriebau: Unser PDF-Briefing unterst\u00fctzt Sie bei der Grundlagenermittlung und Projektplanung. Jetzt downloaden!\" \/>\n<meta name=\"robots\" content=\"index, follow, max-snippet:-1, max-image-preview:large, max-video-preview:-1\" \/>\n<link rel=\"canonical\" href=\"https:\/\/www.consultingcheck.com\/de\/ressource\/grundlagenermittlung-industriebau\/\" \/>\n<meta property=\"og:locale\" content=\"de_DE\" \/>\n<meta property=\"og:type\" content=\"article\" \/>\n<meta property=\"og:title\" content=\"PDF-Briefing zur Grundlagenermittlung im Industriebau kaufen\" \/>\n<meta property=\"og:description\" content=\"F\u00fcr einen erfolgreichen Industriebau: Unser PDF-Briefing unterst\u00fctzt Sie bei der Grundlagenermittlung und Projektplanung. Jetzt downloaden!\" \/>\n<meta property=\"og:url\" content=\"https:\/\/www.consultingcheck.com\/de\/ressource\/grundlagenermittlung-industriebau\/\" \/>\n<meta property=\"og:site_name\" content=\"consultingcheck\" \/>\n<meta property=\"article:modified_time\" content=\"2024-06-18T09:17:41+00:00\" \/>\n<meta property=\"og:image\" content=\"https:\/\/www.consultingcheck.com\/wp-content\/uploads\/2023\/02\/grundlagenermittlung-industriebau.jpg\" \/>\n\t<meta property=\"og:image:width\" content=\"1000\" \/>\n\t<meta property=\"og:image:height\" content=\"679\" \/>\n\t<meta property=\"og:image:type\" content=\"image\/jpeg\" \/>\n<meta name=\"twitter:card\" content=\"summary_large_image\" \/>\n<meta name=\"twitter:label1\" content=\"Gesch\u00e4tzte Lesezeit\" \/>\n\t<meta name=\"twitter:data1\" content=\"2\u00a0Minuten\" \/>\n<script type=\"application\/ld+json\" class=\"yoast-schema-graph\">{\"@context\":\"https:\\\/\\\/schema.org\",\"@graph\":[{\"@type\":\"WebPage\",\"@id\":\"https:\\\/\\\/www.consultingcheck.com\\\/de\\\/ressource\\\/grundlagenermittlung-industriebau\\\/\",\"url\":\"https:\\\/\\\/www.consultingcheck.com\\\/de\\\/ressource\\\/grundlagenermittlung-industriebau\\\/\",\"name\":\"PDF-Briefing zur Grundlagenermittlung im Industriebau kaufen\",\"isPartOf\":{\"@id\":\"https:\\\/\\\/www.consultingcheck.com\\\/de\\\/#website\"},\"primaryImageOfPage\":{\"@id\":\"https:\\\/\\\/www.consultingcheck.com\\\/de\\\/ressource\\\/grundlagenermittlung-industriebau\\\/#primaryimage\"},\"image\":{\"@id\":\"https:\\\/\\\/www.consultingcheck.com\\\/de\\\/ressource\\\/grundlagenermittlung-industriebau\\\/#primaryimage\"},\"thumbnailUrl\":\"https:\\\/\\\/www.consultingcheck.com\\\/wp-content\\\/uploads\\\/2023\\\/02\\\/grundlagenermittlung-industriebau.jpg\",\"datePublished\":\"2023-02-21T09:06:17+00:00\",\"dateModified\":\"2024-06-18T09:17:41+00:00\",\"description\":\"F\u00fcr einen erfolgreichen Industriebau: Unser PDF-Briefing unterst\u00fctzt Sie bei der Grundlagenermittlung und Projektplanung. Jetzt downloaden!\",\"breadcrumb\":{\"@id\":\"https:\\\/\\\/www.consultingcheck.com\\\/de\\\/ressource\\\/grundlagenermittlung-industriebau\\\/#breadcrumb\"},\"inLanguage\":\"de\",\"potentialAction\":[{\"@type\":\"ReadAction\",\"target\":[\"https:\\\/\\\/www.consultingcheck.com\\\/de\\\/ressource\\\/grundlagenermittlung-industriebau\\\/\"]}]},{\"@type\":\"ImageObject\",\"inLanguage\":\"de\",\"@id\":\"https:\\\/\\\/www.consultingcheck.com\\\/de\\\/ressource\\\/grundlagenermittlung-industriebau\\\/#primaryimage\",\"url\":\"https:\\\/\\\/www.consultingcheck.com\\\/wp-content\\\/uploads\\\/2023\\\/02\\\/grundlagenermittlung-industriebau.jpg\",\"contentUrl\":\"https:\\\/\\\/www.consultingcheck.com\\\/wp-content\\\/uploads\\\/2023\\\/02\\\/grundlagenermittlung-industriebau.jpg\",\"width\":1000,\"height\":679,\"caption\":\"Ein Screenshot der PDF zur Grundlagenermittlung Industriebau.\"},{\"@type\":\"BreadcrumbList\",\"@id\":\"https:\\\/\\\/www.consultingcheck.com\\\/de\\\/ressource\\\/grundlagenermittlung-industriebau\\\/#breadcrumb\",\"itemListElement\":[{\"@type\":\"ListItem\",\"position\":1,\"name\":\"Startseite\",\"item\":\"https:\\\/\\\/www.consultingcheck.com\\\/de\\\/\"},{\"@type\":\"ListItem\",\"position\":2,\"name\":\"Downloads, Anwendungen und Produkte\",\"item\":\"https:\\\/\\\/www.consultingcheck.com\\\/de\\\/tools\\\/downloads-anwendungen-und-produkte\\\/\"},{\"@type\":\"ListItem\",\"position\":3,\"name\":\"Grundlagenermittlung Industriebau\"}]},{\"@type\":\"WebSite\",\"@id\":\"https:\\\/\\\/www.consultingcheck.com\\\/de\\\/#website\",\"url\":\"https:\\\/\\\/www.consultingcheck.com\\\/de\\\/\",\"name\":\"consultingcheck\",\"description\":\"Vernetzt gedacht. Entzaubert. Hands-on.\",\"potentialAction\":[{\"@type\":\"SearchAction\",\"target\":{\"@type\":\"EntryPoint\",\"urlTemplate\":\"https:\\\/\\\/www.consultingcheck.com\\\/de\\\/?s={search_term_string}\"},\"query-input\":{\"@type\":\"PropertyValueSpecification\",\"valueRequired\":true,\"valueName\":\"search_term_string\"}}],\"inLanguage\":\"de\"}]}<\/script>\n<!-- \/ Yoast SEO plugin. -->","yoast_head_json":{"title":"PDF-Briefing zur Grundlagenermittlung im Industriebau kaufen","description":"F\u00fcr einen erfolgreichen Industriebau: Unser PDF-Briefing unterst\u00fctzt Sie bei der Grundlagenermittlung und Projektplanung. Jetzt downloaden!","robots":{"index":"index","follow":"follow","max-snippet":"max-snippet:-1","max-image-preview":"max-image-preview:large","max-video-preview":"max-video-preview:-1"},"canonical":"https:\/\/www.consultingcheck.com\/de\/ressource\/grundlagenermittlung-industriebau\/","og_locale":"de_DE","og_type":"article","og_title":"PDF-Briefing zur Grundlagenermittlung im Industriebau kaufen","og_description":"F\u00fcr einen erfolgreichen Industriebau: Unser PDF-Briefing unterst\u00fctzt Sie bei der Grundlagenermittlung und Projektplanung. Jetzt downloaden!","og_url":"https:\/\/www.consultingcheck.com\/de\/ressource\/grundlagenermittlung-industriebau\/","og_site_name":"consultingcheck","article_modified_time":"2024-06-18T09:17:41+00:00","og_image":[{"width":1000,"height":679,"url":"https:\/\/www.consultingcheck.com\/wp-content\/uploads\/2023\/02\/grundlagenermittlung-industriebau.jpg","type":"image\/jpeg"}],"twitter_card":"summary_large_image","twitter_misc":{"Gesch\u00e4tzte Lesezeit":"2\u00a0Minuten"},"schema":{"@context":"https:\/\/schema.org","@graph":[{"@type":"WebPage","@id":"https:\/\/www.consultingcheck.com\/de\/ressource\/grundlagenermittlung-industriebau\/","url":"https:\/\/www.consultingcheck.com\/de\/ressource\/grundlagenermittlung-industriebau\/","name":"PDF-Briefing zur Grundlagenermittlung im Industriebau kaufen","isPartOf":{"@id":"https:\/\/www.consultingcheck.com\/de\/#website"},"primaryImageOfPage":{"@id":"https:\/\/www.consultingcheck.com\/de\/ressource\/grundlagenermittlung-industriebau\/#primaryimage"},"image":{"@id":"https:\/\/www.consultingcheck.com\/de\/ressource\/grundlagenermittlung-industriebau\/#primaryimage"},"thumbnailUrl":"https:\/\/www.consultingcheck.com\/wp-content\/uploads\/2023\/02\/grundlagenermittlung-industriebau.jpg","datePublished":"2023-02-21T09:06:17+00:00","dateModified":"2024-06-18T09:17:41+00:00","description":"F\u00fcr einen erfolgreichen Industriebau: Unser PDF-Briefing unterst\u00fctzt Sie bei der Grundlagenermittlung und Projektplanung. Jetzt downloaden!","breadcrumb":{"@id":"https:\/\/www.consultingcheck.com\/de\/ressource\/grundlagenermittlung-industriebau\/#breadcrumb"},"inLanguage":"de","potentialAction":[{"@type":"ReadAction","target":["https:\/\/www.consultingcheck.com\/de\/ressource\/grundlagenermittlung-industriebau\/"]}]},{"@type":"ImageObject","inLanguage":"de","@id":"https:\/\/www.consultingcheck.com\/de\/ressource\/grundlagenermittlung-industriebau\/#primaryimage","url":"https:\/\/www.consultingcheck.com\/wp-content\/uploads\/2023\/02\/grundlagenermittlung-industriebau.jpg","contentUrl":"https:\/\/www.consultingcheck.com\/wp-content\/uploads\/2023\/02\/grundlagenermittlung-industriebau.jpg","width":1000,"height":679,"caption":"Ein Screenshot der PDF zur Grundlagenermittlung Industriebau."},{"@type":"BreadcrumbList","@id":"https:\/\/www.consultingcheck.com\/de\/ressource\/grundlagenermittlung-industriebau\/#breadcrumb","itemListElement":[{"@type":"ListItem","position":1,"name":"Startseite","item":"https:\/\/www.consultingcheck.com\/de\/"},{"@type":"ListItem","position":2,"name":"Downloads, Anwendungen und Produkte","item":"https:\/\/www.consultingcheck.com\/de\/tools\/downloads-anwendungen-und-produkte\/"},{"@type":"ListItem","position":3,"name":"Grundlagenermittlung Industriebau"}]},{"@type":"WebSite","@id":"https:\/\/www.consultingcheck.com\/de\/#website","url":"https:\/\/www.consultingcheck.com\/de\/","name":"consultingcheck","description":"Vernetzt gedacht. Entzaubert. Hands-on.","potentialAction":[{"@type":"SearchAction","target":{"@type":"EntryPoint","urlTemplate":"https:\/\/www.consultingcheck.com\/de\/?s={search_term_string}"},"query-input":{"@type":"PropertyValueSpecification","valueRequired":true,"valueName":"search_term_string"}}],"inLanguage":"de"}]}},"_links":{"self":[{"href":"https:\/\/www.consultingcheck.com\/de\/wp-json\/wp\/v2\/product\/15467","targetHints":{"allow":["GET"]}}],"collection":[{"href":"https:\/\/www.consultingcheck.com\/de\/wp-json\/wp\/v2\/product"}],"about":[{"href":"https:\/\/www.consultingcheck.com\/de\/wp-json\/wp\/v2\/types\/product"}],"wp:featuredmedia":[{"embeddable":true,"href":"https:\/\/www.consultingcheck.com\/de\/wp-json\/wp\/v2\/media\/20147"}],"wp:attachment":[{"href":"https:\/\/www.consultingcheck.com\/de\/wp-json\/wp\/v2\/media?parent=15467"}],"wp:term":[{"taxonomy":"product_brand","embeddable":true,"href":"https:\/\/www.consultingcheck.com\/de\/wp-json\/wp\/v2\/product_brand?post=15467"},{"taxonomy":"product_cat","embeddable":true,"href":"https:\/\/www.consultingcheck.com\/de\/wp-json\/wp\/v2\/product_cat?post=15467"},{"taxonomy":"product_tag","embeddable":true,"href":"https:\/\/www.consultingcheck.com\/de\/wp-json\/wp\/v2\/product_tag?post=15467"},{"taxonomy":"jask_topic_categories","embeddable":true,"href":"https:\/\/www.consultingcheck.com\/de\/wp-json\/wp\/v2\/jask_topic_categories?post=15467"}],"curies":[{"name":"wp","href":"https:\/\/api.w.org\/{rel}","templated":true}]}}