{"id":15463,"date":"2023-02-21T09:59:32","date_gmt":"2023-02-21T08:59:32","guid":{"rendered":"https:\/\/www.consultingcheck.com\/?post_type=product&#038;p=15463"},"modified":"2024-06-18T11:19:09","modified_gmt":"2024-06-18T09:19:09","slug":"mediensysteme","status":"publish","type":"product","link":"https:\/\/www.consultingcheck.com\/de\/ressource\/mediensysteme\/","title":{"rendered":"Mediensysteme"},"content":{"rendered":"<p>Die generelle Struktur der beabsichtigten Mediensysteme zu kennen, vereinfacht sowohl die Verhandlungen mit der Industriezone als auch die sp\u00e4teren technischen Ausschreibungen und das Konzeptdesign. Hier geht es nicht um die bautechnische Umsetzung, sondern um Informationen aus dem Produktionsprozess, das die Voraussetzung f\u00fcr die zielgerichtete Bereitstellung der Medien liefert.<\/p>\n<p>&nbsp;<\/p>\n<h3><strong>Inhalte<\/strong><\/h3>\n<p>Die Schemata der g\u00e4ngigen Mediensysteme mit Anbindung an externe Medienversorgung liefern ein Grundger\u00fcst, in dem bereits handschriftliche Erg\u00e4nzungen ausreichen, um bei der Durchsprache von Bereitstellung der Medien, baulichen Notwendigkeiten, flankierenden Regulatorien oder speziellen Genehmigungen einen Leitfaden zu formen.<\/p>\n<p>Es sind folgende Mediensystem ber\u00fccksichtigt: Strom, Wasser (inkl. Verschiedene Zuwasserarten, Abwasser, Regenwasser, Gas, Internet).<\/p>\n<p>&nbsp;<\/p>\n<h3><strong>Vorteile<\/strong><\/h3>\n<ul>\n<li>Strukturierte Abfrage der Verwendung von externen Medien<\/li>\n<li>Grundlage zur vollst\u00e4ndigen Ermittlung der sp\u00e4teren Medienverbr\u00e4uche<\/li>\n<li>Basis zur Verhandlung mit Industriezonen<\/li>\n<li>Kalkulationsunterst\u00fctzung f\u00fcr Bau- und Verbrauchskosten<\/li>\n<\/ul>\n<h3><\/h3>\n<h3><strong>Digitaler Download<\/strong><\/h3>\n<p>Nach der Bestellung erhalten Sie einen Download-Link zum pdf-Dokument, den Sie sofort nutzen k\u00f6nnen.<\/p>\n<p>Bitte beachten Sie, dass dieser Foliensatz, zu dem Sie den Zugang erwerben, ausschlie\u00dflich f\u00fcr Ihren pers\u00f6nlichen Gebrauch bestimmt ist. Es ist untersagt, den Foliensatz in jeglicher Form und in jeglicher digitaler oder physischer Weise weiterzuverkaufen oder ihn ohne meine Erlaubnis in einer physischen oder Online-Ver\u00f6ffentlichung zu ver\u00f6ffentlichen.<\/p>\n<p>Urheberin f\u00fcr die Inhalte ist <a href=\"https:\/\/www.consultingcheck.com\/de\/expertise-industriebau\/\" target=\"_blank\" rel=\"noopener\">Kathleen Wagner<\/a>.<\/p>\n<p>Link: pdf-Datei<\/p>\n","protected":false},"excerpt":{"rendered":"<h2>B\u00fcndeln Sie das Wissen zu externer Medienversorgung f\u00fcr eine strukturiertere Bauplanung!<\/h2>\n","protected":false},"featured_media":20225,"template":"","meta":{"_links_to":"","_links_to_target":""},"product_brand":[],"product_cat":[1297,601,1223],"product_tag":[],"jask_topic_categories":[1296,127,1669,235,240,362,348],"class_list":{"0":"post-15463","1":"product","2":"type-product","3":"status-publish","4":"has-post-thumbnail","6":"product_cat-gewerbeimmobilien-und-industriebau","7":"product_cat-foliensatz","8":"product_cat-checklisten-fuer-die-due-diligence","9":"jask_topic_categories-industriebau","10":"jask_topic_categories-prozessoptimierung","11":"jask_topic_categories-digitale-technologien-zur-prozessoptimierung","12":"jask_topic_categories-nachhaltigkeit","13":"jask_topic_categories-nachhaltig-wirtschaften","14":"jask_topic_categories-daten-und-systemsicherheit","15":"jask_topic_categories-it-transformation-und-digitalisierung","17":"first","18":"instock","19":"taxable","20":"shipping-taxable","21":"purchasable","22":"product-type-variable"},"yoast_head":"<!-- This site is optimized with the Yoast SEO plugin v27.5 - https:\/\/yoast.com\/product\/yoast-seo-wordpress\/ -->\n<title>Externe Mediensysteme in der Bauplanung: Jetzt PDF downloaden!<\/title>\n<meta name=\"description\" content=\"B\u00fcndeln Sie das Wissen zu externer Medienversorgung: Mit unserem PDF-Download gelingt Ihnen eine strukturiertere Bauplanung!\" \/>\n<meta name=\"robots\" content=\"index, follow, max-snippet:-1, max-image-preview:large, max-video-preview:-1\" \/>\n<link rel=\"canonical\" href=\"https:\/\/www.consultingcheck.com\/de\/ressource\/mediensysteme\/\" \/>\n<meta property=\"og:locale\" content=\"de_DE\" \/>\n<meta property=\"og:type\" content=\"article\" \/>\n<meta property=\"og:title\" content=\"Externe Mediensysteme in der Bauplanung: Jetzt PDF downloaden!\" \/>\n<meta property=\"og:description\" content=\"B\u00fcndeln Sie das Wissen zu externer Medienversorgung: Mit unserem PDF-Download gelingt Ihnen eine strukturiertere Bauplanung!\" \/>\n<meta property=\"og:url\" content=\"https:\/\/www.consultingcheck.com\/de\/ressource\/mediensysteme\/\" \/>\n<meta property=\"og:site_name\" content=\"consultingcheck\" \/>\n<meta property=\"article:modified_time\" content=\"2024-06-18T09:19:09+00:00\" \/>\n<meta property=\"og:image\" content=\"https:\/\/www.consultingcheck.com\/wp-content\/uploads\/2023\/02\/mediensysteme.jpg\" \/>\n\t<meta property=\"og:image:width\" content=\"1000\" \/>\n\t<meta property=\"og:image:height\" content=\"679\" \/>\n\t<meta property=\"og:image:type\" content=\"image\/jpeg\" \/>\n<meta name=\"twitter:card\" content=\"summary_large_image\" \/>\n<meta name=\"twitter:label1\" content=\"Gesch\u00e4tzte Lesezeit\" \/>\n\t<meta name=\"twitter:data1\" content=\"2\u00a0Minuten\" \/>\n<script type=\"application\/ld+json\" class=\"yoast-schema-graph\">{\"@context\":\"https:\\\/\\\/schema.org\",\"@graph\":[{\"@type\":\"WebPage\",\"@id\":\"https:\\\/\\\/www.consultingcheck.com\\\/de\\\/ressource\\\/mediensysteme\\\/\",\"url\":\"https:\\\/\\\/www.consultingcheck.com\\\/de\\\/ressource\\\/mediensysteme\\\/\",\"name\":\"Externe Mediensysteme in der Bauplanung: Jetzt PDF downloaden!\",\"isPartOf\":{\"@id\":\"https:\\\/\\\/www.consultingcheck.com\\\/de\\\/#website\"},\"primaryImageOfPage\":{\"@id\":\"https:\\\/\\\/www.consultingcheck.com\\\/de\\\/ressource\\\/mediensysteme\\\/#primaryimage\"},\"image\":{\"@id\":\"https:\\\/\\\/www.consultingcheck.com\\\/de\\\/ressource\\\/mediensysteme\\\/#primaryimage\"},\"thumbnailUrl\":\"https:\\\/\\\/www.consultingcheck.com\\\/wp-content\\\/uploads\\\/2023\\\/02\\\/mediensysteme.jpg\",\"datePublished\":\"2023-02-21T08:59:32+00:00\",\"dateModified\":\"2024-06-18T09:19:09+00:00\",\"description\":\"B\u00fcndeln Sie das Wissen zu externer Medienversorgung: Mit unserem PDF-Download gelingt Ihnen eine strukturiertere Bauplanung!\",\"breadcrumb\":{\"@id\":\"https:\\\/\\\/www.consultingcheck.com\\\/de\\\/ressource\\\/mediensysteme\\\/#breadcrumb\"},\"inLanguage\":\"de\",\"potentialAction\":[{\"@type\":\"ReadAction\",\"target\":[\"https:\\\/\\\/www.consultingcheck.com\\\/de\\\/ressource\\\/mediensysteme\\\/\"]}]},{\"@type\":\"ImageObject\",\"inLanguage\":\"de\",\"@id\":\"https:\\\/\\\/www.consultingcheck.com\\\/de\\\/ressource\\\/mediensysteme\\\/#primaryimage\",\"url\":\"https:\\\/\\\/www.consultingcheck.com\\\/wp-content\\\/uploads\\\/2023\\\/02\\\/mediensysteme.jpg\",\"contentUrl\":\"https:\\\/\\\/www.consultingcheck.com\\\/wp-content\\\/uploads\\\/2023\\\/02\\\/mediensysteme.jpg\",\"width\":1000,\"height\":679,\"caption\":\"Ein Screenshot der Pr\u00e4sentation zu Mediensystemen.\"},{\"@type\":\"BreadcrumbList\",\"@id\":\"https:\\\/\\\/www.consultingcheck.com\\\/de\\\/ressource\\\/mediensysteme\\\/#breadcrumb\",\"itemListElement\":[{\"@type\":\"ListItem\",\"position\":1,\"name\":\"Startseite\",\"item\":\"https:\\\/\\\/www.consultingcheck.com\\\/de\\\/\"},{\"@type\":\"ListItem\",\"position\":2,\"name\":\"Downloads, Anwendungen und Produkte\",\"item\":\"https:\\\/\\\/www.consultingcheck.com\\\/de\\\/tools\\\/downloads-anwendungen-und-produkte\\\/\"},{\"@type\":\"ListItem\",\"position\":3,\"name\":\"Mediensysteme\"}]},{\"@type\":\"WebSite\",\"@id\":\"https:\\\/\\\/www.consultingcheck.com\\\/de\\\/#website\",\"url\":\"https:\\\/\\\/www.consultingcheck.com\\\/de\\\/\",\"name\":\"consultingcheck\",\"description\":\"Vernetzt gedacht. Entzaubert. Hands-on.\",\"potentialAction\":[{\"@type\":\"SearchAction\",\"target\":{\"@type\":\"EntryPoint\",\"urlTemplate\":\"https:\\\/\\\/www.consultingcheck.com\\\/de\\\/?s={search_term_string}\"},\"query-input\":{\"@type\":\"PropertyValueSpecification\",\"valueRequired\":true,\"valueName\":\"search_term_string\"}}],\"inLanguage\":\"de\"}]}<\/script>\n<!-- \/ Yoast SEO plugin. -->","yoast_head_json":{"title":"Externe Mediensysteme in der Bauplanung: Jetzt PDF downloaden!","description":"B\u00fcndeln Sie das Wissen zu externer Medienversorgung: Mit unserem PDF-Download gelingt Ihnen eine strukturiertere Bauplanung!","robots":{"index":"index","follow":"follow","max-snippet":"max-snippet:-1","max-image-preview":"max-image-preview:large","max-video-preview":"max-video-preview:-1"},"canonical":"https:\/\/www.consultingcheck.com\/de\/ressource\/mediensysteme\/","og_locale":"de_DE","og_type":"article","og_title":"Externe Mediensysteme in der Bauplanung: Jetzt PDF downloaden!","og_description":"B\u00fcndeln Sie das Wissen zu externer Medienversorgung: Mit unserem PDF-Download gelingt Ihnen eine strukturiertere Bauplanung!","og_url":"https:\/\/www.consultingcheck.com\/de\/ressource\/mediensysteme\/","og_site_name":"consultingcheck","article_modified_time":"2024-06-18T09:19:09+00:00","og_image":[{"width":1000,"height":679,"url":"https:\/\/www.consultingcheck.com\/wp-content\/uploads\/2023\/02\/mediensysteme.jpg","type":"image\/jpeg"}],"twitter_card":"summary_large_image","twitter_misc":{"Gesch\u00e4tzte Lesezeit":"2\u00a0Minuten"},"schema":{"@context":"https:\/\/schema.org","@graph":[{"@type":"WebPage","@id":"https:\/\/www.consultingcheck.com\/de\/ressource\/mediensysteme\/","url":"https:\/\/www.consultingcheck.com\/de\/ressource\/mediensysteme\/","name":"Externe Mediensysteme in der Bauplanung: Jetzt PDF downloaden!","isPartOf":{"@id":"https:\/\/www.consultingcheck.com\/de\/#website"},"primaryImageOfPage":{"@id":"https:\/\/www.consultingcheck.com\/de\/ressource\/mediensysteme\/#primaryimage"},"image":{"@id":"https:\/\/www.consultingcheck.com\/de\/ressource\/mediensysteme\/#primaryimage"},"thumbnailUrl":"https:\/\/www.consultingcheck.com\/wp-content\/uploads\/2023\/02\/mediensysteme.jpg","datePublished":"2023-02-21T08:59:32+00:00","dateModified":"2024-06-18T09:19:09+00:00","description":"B\u00fcndeln Sie das Wissen zu externer Medienversorgung: Mit unserem PDF-Download gelingt Ihnen eine strukturiertere Bauplanung!","breadcrumb":{"@id":"https:\/\/www.consultingcheck.com\/de\/ressource\/mediensysteme\/#breadcrumb"},"inLanguage":"de","potentialAction":[{"@type":"ReadAction","target":["https:\/\/www.consultingcheck.com\/de\/ressource\/mediensysteme\/"]}]},{"@type":"ImageObject","inLanguage":"de","@id":"https:\/\/www.consultingcheck.com\/de\/ressource\/mediensysteme\/#primaryimage","url":"https:\/\/www.consultingcheck.com\/wp-content\/uploads\/2023\/02\/mediensysteme.jpg","contentUrl":"https:\/\/www.consultingcheck.com\/wp-content\/uploads\/2023\/02\/mediensysteme.jpg","width":1000,"height":679,"caption":"Ein Screenshot der Pr\u00e4sentation zu Mediensystemen."},{"@type":"BreadcrumbList","@id":"https:\/\/www.consultingcheck.com\/de\/ressource\/mediensysteme\/#breadcrumb","itemListElement":[{"@type":"ListItem","position":1,"name":"Startseite","item":"https:\/\/www.consultingcheck.com\/de\/"},{"@type":"ListItem","position":2,"name":"Downloads, Anwendungen und Produkte","item":"https:\/\/www.consultingcheck.com\/de\/tools\/downloads-anwendungen-und-produkte\/"},{"@type":"ListItem","position":3,"name":"Mediensysteme"}]},{"@type":"WebSite","@id":"https:\/\/www.consultingcheck.com\/de\/#website","url":"https:\/\/www.consultingcheck.com\/de\/","name":"consultingcheck","description":"Vernetzt gedacht. Entzaubert. Hands-on.","potentialAction":[{"@type":"SearchAction","target":{"@type":"EntryPoint","urlTemplate":"https:\/\/www.consultingcheck.com\/de\/?s={search_term_string}"},"query-input":{"@type":"PropertyValueSpecification","valueRequired":true,"valueName":"search_term_string"}}],"inLanguage":"de"}]}},"_links":{"self":[{"href":"https:\/\/www.consultingcheck.com\/de\/wp-json\/wp\/v2\/product\/15463","targetHints":{"allow":["GET"]}}],"collection":[{"href":"https:\/\/www.consultingcheck.com\/de\/wp-json\/wp\/v2\/product"}],"about":[{"href":"https:\/\/www.consultingcheck.com\/de\/wp-json\/wp\/v2\/types\/product"}],"wp:featuredmedia":[{"embeddable":true,"href":"https:\/\/www.consultingcheck.com\/de\/wp-json\/wp\/v2\/media\/20225"}],"wp:attachment":[{"href":"https:\/\/www.consultingcheck.com\/de\/wp-json\/wp\/v2\/media?parent=15463"}],"wp:term":[{"taxonomy":"product_brand","embeddable":true,"href":"https:\/\/www.consultingcheck.com\/de\/wp-json\/wp\/v2\/product_brand?post=15463"},{"taxonomy":"product_cat","embeddable":true,"href":"https:\/\/www.consultingcheck.com\/de\/wp-json\/wp\/v2\/product_cat?post=15463"},{"taxonomy":"product_tag","embeddable":true,"href":"https:\/\/www.consultingcheck.com\/de\/wp-json\/wp\/v2\/product_tag?post=15463"},{"taxonomy":"jask_topic_categories","embeddable":true,"href":"https:\/\/www.consultingcheck.com\/de\/wp-json\/wp\/v2\/jask_topic_categories?post=15463"}],"curies":[{"name":"wp","href":"https:\/\/api.w.org\/{rel}","templated":true}]}}