{"id":15458,"date":"2023-02-21T09:52:33","date_gmt":"2023-02-21T08:52:33","guid":{"rendered":"https:\/\/www.consultingcheck.com\/?post_type=product&#038;p=15458"},"modified":"2024-06-18T11:20:25","modified_gmt":"2024-06-18T09:20:25","slug":"technische-standortpruefung","status":"publish","type":"product","link":"https:\/\/www.consultingcheck.com\/de\/ressource\/technische-standortpruefung\/","title":{"rendered":"Technische Standortpr\u00fcfung"},"content":{"rendered":"<p>Besonders in Asiatischen L\u00e4ndern kann man bei der Standortansiedelung noch gute technische Konditionen verhandeln und teure Fallstricke von vorn herein entdecken, wenn man die richtigen Themen anspricht. Dies sind \u00fcblicherweise Verpflichtungen zu baulichen Anlagen f\u00fcr die Abwasservorbehandlung, Feuerl\u00f6schwasser-Auffangbecken, Regenwasserr\u00fcckhaltebecken oder zwei parallele Leitungssysteme f\u00fcr Leitungs- und Grauwasser.<\/p>\n<p>&nbsp;<\/p>\n<h3>Inhalte<\/h3>\n<p>Die Checkliste dient zur Vorbereitung auf Investitionsgespr\u00e4che mit Grundst\u00fcckseigent\u00fcmern, Industriezonen oder Gemeinden. Er enth\u00e4lt alle Parameter, die zur technischen Eignungspr\u00fcfung des Baugel\u00e4ndes notwendig sind inklusive Abfrage der Medienanbindung, technischer Subventionen und Regulatorien, die hohe Baukosten verursachen k\u00f6nnen.<\/p>\n<h3><\/h3>\n<h3>Vorteile<\/h3>\n<ul>\n<li>Strukturierte Abfrage technischer Rahmenbedingungen bei der Grundst\u00fccksauswahl<\/li>\n<li>Ebenfalls anwendbar f\u00fcr Miethallen und deren Rahmenbedingungen<\/li>\n<li>Fr\u00fchzeitiges Ansprechen technischer Invest-Themen sichert entsprechende Subventionen<\/li>\n<li>Erm\u00f6glicht realistische Baukostenkalkulation unter Ber\u00fccksichtigung regulatorischer Anforderungen und Standortgegebenheiten<\/li>\n<\/ul>\n<h3><\/h3>\n<h3>Digitaler Download<\/h3>\n<p>Nach der Bestellung erhalten Sie einen Download-Link zum pdf-Dokument, den Sie sofort nutzen k\u00f6nnen.<\/p>\n<p>Bitte beachten Sie, dass dieses Dokument, zu dem Sie den Zugang erwerben, ausschlie\u00dflich f\u00fcr Ihren pers\u00f6nlichen Gebrauch bestimmt ist. Es ist untersagt, das Dokument in jeglicher Form und in jeglicher digitaler oder physischer Weise weiterzuverkaufen oder ihn ohne meine Erlaubnis in einer physischen oder Online-Ver\u00f6ffentlichung zu ver\u00f6ffentlichen.<\/p>\n<p>Urheberin f\u00fcr die Inhalte ist <a href=\"https:\/\/www.consultingcheck.com\/de\/expertise-industriebau\/\" target=\"_blank\" rel=\"noopener\">Kathleen Wagner<\/a>.<\/p>\n<p>Link: pdf-Datei<\/p>\n","protected":false},"excerpt":{"rendered":"<h2>Mit unserer Vorlage technische Bauvoraussetzungen strukturiert abfragen und Klarheit schaffen!<\/h2>\n","protected":false},"featured_media":0,"template":"","meta":{"_links_to":"","_links_to_target":""},"product_brand":[],"product_cat":[1297,601,1223],"product_tag":[],"jask_topic_categories":[1296,159,484],"class_list":{"0":"post-15458","1":"product","2":"type-product","3":"status-publish","5":"product_cat-gewerbeimmobilien-und-industriebau","6":"product_cat-foliensatz","7":"product_cat-checklisten-fuer-die-due-diligence","8":"jask_topic_categories-industriebau","9":"jask_topic_categories-standortstrategie","10":"jask_topic_categories-site-due-diligence","12":"first","13":"instock","14":"taxable","15":"shipping-taxable","16":"purchasable","17":"product-type-variable"},"yoast_head":"<!-- This site is optimized with the Yoast SEO plugin v27.4 - https:\/\/yoast.com\/product\/yoast-seo-wordpress\/ -->\n<title>PDF-Checkliste zur technischen Standortpr\u00fcfung downloaden<\/title>\n<meta name=\"description\" content=\"Die PDF-Checkliste zur Vorbereitung von Investitionsgespr\u00e4chen: Jetzt Dokument zur technischen Standortpr\u00fcfung herunterladen!\" \/>\n<meta name=\"robots\" content=\"index, follow, max-snippet:-1, max-image-preview:large, max-video-preview:-1\" \/>\n<link rel=\"canonical\" href=\"https:\/\/www.consultingcheck.com\/de\/ressource\/technische-standortpruefung\/\" \/>\n<meta property=\"og:locale\" content=\"de_DE\" \/>\n<meta property=\"og:type\" content=\"article\" \/>\n<meta property=\"og:title\" content=\"PDF-Checkliste zur technischen Standortpr\u00fcfung downloaden\" \/>\n<meta property=\"og:description\" content=\"Die PDF-Checkliste zur Vorbereitung von Investitionsgespr\u00e4chen: Jetzt Dokument zur technischen Standortpr\u00fcfung herunterladen!\" \/>\n<meta property=\"og:url\" content=\"https:\/\/www.consultingcheck.com\/de\/ressource\/technische-standortpruefung\/\" \/>\n<meta property=\"og:site_name\" content=\"consultingcheck\" \/>\n<meta property=\"article:modified_time\" content=\"2024-06-18T09:20:25+00:00\" \/>\n<meta name=\"twitter:card\" content=\"summary_large_image\" \/>\n<meta name=\"twitter:label1\" content=\"Gesch\u00e4tzte Lesezeit\" \/>\n\t<meta name=\"twitter:data1\" content=\"2\u00a0Minuten\" \/>\n<script type=\"application\/ld+json\" class=\"yoast-schema-graph\">{\"@context\":\"https:\\\/\\\/schema.org\",\"@graph\":[{\"@type\":\"WebPage\",\"@id\":\"https:\\\/\\\/www.consultingcheck.com\\\/de\\\/ressource\\\/technische-standortpruefung\\\/\",\"url\":\"https:\\\/\\\/www.consultingcheck.com\\\/de\\\/ressource\\\/technische-standortpruefung\\\/\",\"name\":\"PDF-Checkliste zur technischen Standortpr\u00fcfung downloaden\",\"isPartOf\":{\"@id\":\"https:\\\/\\\/www.consultingcheck.com\\\/de\\\/#website\"},\"datePublished\":\"2023-02-21T08:52:33+00:00\",\"dateModified\":\"2024-06-18T09:20:25+00:00\",\"description\":\"Die PDF-Checkliste zur Vorbereitung von Investitionsgespr\u00e4chen: Jetzt Dokument zur technischen Standortpr\u00fcfung herunterladen!\",\"breadcrumb\":{\"@id\":\"https:\\\/\\\/www.consultingcheck.com\\\/de\\\/ressource\\\/technische-standortpruefung\\\/#breadcrumb\"},\"inLanguage\":\"de\",\"potentialAction\":[{\"@type\":\"ReadAction\",\"target\":[\"https:\\\/\\\/www.consultingcheck.com\\\/de\\\/ressource\\\/technische-standortpruefung\\\/\"]}]},{\"@type\":\"BreadcrumbList\",\"@id\":\"https:\\\/\\\/www.consultingcheck.com\\\/de\\\/ressource\\\/technische-standortpruefung\\\/#breadcrumb\",\"itemListElement\":[{\"@type\":\"ListItem\",\"position\":1,\"name\":\"Startseite\",\"item\":\"https:\\\/\\\/www.consultingcheck.com\\\/de\\\/\"},{\"@type\":\"ListItem\",\"position\":2,\"name\":\"Downloads, Anwendungen und Produkte\",\"item\":\"https:\\\/\\\/www.consultingcheck.com\\\/de\\\/tools\\\/downloads-anwendungen-und-produkte\\\/\"},{\"@type\":\"ListItem\",\"position\":3,\"name\":\"Technische Standortpr\u00fcfung\"}]},{\"@type\":\"WebSite\",\"@id\":\"https:\\\/\\\/www.consultingcheck.com\\\/de\\\/#website\",\"url\":\"https:\\\/\\\/www.consultingcheck.com\\\/de\\\/\",\"name\":\"consultingcheck\",\"description\":\"Vernetzt gedacht. Entzaubert. Hands-on.\",\"potentialAction\":[{\"@type\":\"SearchAction\",\"target\":{\"@type\":\"EntryPoint\",\"urlTemplate\":\"https:\\\/\\\/www.consultingcheck.com\\\/de\\\/?s={search_term_string}\"},\"query-input\":{\"@type\":\"PropertyValueSpecification\",\"valueRequired\":true,\"valueName\":\"search_term_string\"}}],\"inLanguage\":\"de\"}]}<\/script>\n<!-- \/ Yoast SEO plugin. -->","yoast_head_json":{"title":"PDF-Checkliste zur technischen Standortpr\u00fcfung downloaden","description":"Die PDF-Checkliste zur Vorbereitung von Investitionsgespr\u00e4chen: Jetzt Dokument zur technischen Standortpr\u00fcfung herunterladen!","robots":{"index":"index","follow":"follow","max-snippet":"max-snippet:-1","max-image-preview":"max-image-preview:large","max-video-preview":"max-video-preview:-1"},"canonical":"https:\/\/www.consultingcheck.com\/de\/ressource\/technische-standortpruefung\/","og_locale":"de_DE","og_type":"article","og_title":"PDF-Checkliste zur technischen Standortpr\u00fcfung downloaden","og_description":"Die PDF-Checkliste zur Vorbereitung von Investitionsgespr\u00e4chen: Jetzt Dokument zur technischen Standortpr\u00fcfung herunterladen!","og_url":"https:\/\/www.consultingcheck.com\/de\/ressource\/technische-standortpruefung\/","og_site_name":"consultingcheck","article_modified_time":"2024-06-18T09:20:25+00:00","twitter_card":"summary_large_image","twitter_misc":{"Gesch\u00e4tzte Lesezeit":"2\u00a0Minuten"},"schema":{"@context":"https:\/\/schema.org","@graph":[{"@type":"WebPage","@id":"https:\/\/www.consultingcheck.com\/de\/ressource\/technische-standortpruefung\/","url":"https:\/\/www.consultingcheck.com\/de\/ressource\/technische-standortpruefung\/","name":"PDF-Checkliste zur technischen Standortpr\u00fcfung downloaden","isPartOf":{"@id":"https:\/\/www.consultingcheck.com\/de\/#website"},"datePublished":"2023-02-21T08:52:33+00:00","dateModified":"2024-06-18T09:20:25+00:00","description":"Die PDF-Checkliste zur Vorbereitung von Investitionsgespr\u00e4chen: Jetzt Dokument zur technischen Standortpr\u00fcfung herunterladen!","breadcrumb":{"@id":"https:\/\/www.consultingcheck.com\/de\/ressource\/technische-standortpruefung\/#breadcrumb"},"inLanguage":"de","potentialAction":[{"@type":"ReadAction","target":["https:\/\/www.consultingcheck.com\/de\/ressource\/technische-standortpruefung\/"]}]},{"@type":"BreadcrumbList","@id":"https:\/\/www.consultingcheck.com\/de\/ressource\/technische-standortpruefung\/#breadcrumb","itemListElement":[{"@type":"ListItem","position":1,"name":"Startseite","item":"https:\/\/www.consultingcheck.com\/de\/"},{"@type":"ListItem","position":2,"name":"Downloads, Anwendungen und Produkte","item":"https:\/\/www.consultingcheck.com\/de\/tools\/downloads-anwendungen-und-produkte\/"},{"@type":"ListItem","position":3,"name":"Technische Standortpr\u00fcfung"}]},{"@type":"WebSite","@id":"https:\/\/www.consultingcheck.com\/de\/#website","url":"https:\/\/www.consultingcheck.com\/de\/","name":"consultingcheck","description":"Vernetzt gedacht. Entzaubert. Hands-on.","potentialAction":[{"@type":"SearchAction","target":{"@type":"EntryPoint","urlTemplate":"https:\/\/www.consultingcheck.com\/de\/?s={search_term_string}"},"query-input":{"@type":"PropertyValueSpecification","valueRequired":true,"valueName":"search_term_string"}}],"inLanguage":"de"}]}},"_links":{"self":[{"href":"https:\/\/www.consultingcheck.com\/de\/wp-json\/wp\/v2\/product\/15458","targetHints":{"allow":["GET"]}}],"collection":[{"href":"https:\/\/www.consultingcheck.com\/de\/wp-json\/wp\/v2\/product"}],"about":[{"href":"https:\/\/www.consultingcheck.com\/de\/wp-json\/wp\/v2\/types\/product"}],"wp:attachment":[{"href":"https:\/\/www.consultingcheck.com\/de\/wp-json\/wp\/v2\/media?parent=15458"}],"wp:term":[{"taxonomy":"product_brand","embeddable":true,"href":"https:\/\/www.consultingcheck.com\/de\/wp-json\/wp\/v2\/product_brand?post=15458"},{"taxonomy":"product_cat","embeddable":true,"href":"https:\/\/www.consultingcheck.com\/de\/wp-json\/wp\/v2\/product_cat?post=15458"},{"taxonomy":"product_tag","embeddable":true,"href":"https:\/\/www.consultingcheck.com\/de\/wp-json\/wp\/v2\/product_tag?post=15458"},{"taxonomy":"jask_topic_categories","embeddable":true,"href":"https:\/\/www.consultingcheck.com\/de\/wp-json\/wp\/v2\/jask_topic_categories?post=15458"}],"curies":[{"name":"wp","href":"https:\/\/api.w.org\/{rel}","templated":true}]}}