{"id":15329,"date":"2023-02-21T09:31:27","date_gmt":"2023-02-21T08:31:27","guid":{"rendered":"https:\/\/www.consultingcheck.com\/?post_type=product&#038;p=15329"},"modified":"2024-06-18T11:21:47","modified_gmt":"2024-06-18T09:21:47","slug":"vorgehensmodell-internationaler-industriebau-pdf","status":"publish","type":"product","link":"https:\/\/www.consultingcheck.com\/de\/ressource\/vorgehensmodell-internationaler-industriebau-pdf\/","title":{"rendered":"Vorgehensmodell Internationaler Industriebau (PDF)"},"content":{"rendered":"<p>Sie m\u00f6chten eine neue Produktionsst\u00e4tte im Ausland er\u00f6ffnen? Das Vorgehensmodell zeigt Ihnen die notwendigen Phasen und Prozesse und gibt Ihnen damit eine Methode an die Hand, wie Sie Ihre neue Fertigung technisch und zeitlich optimiert an den Start bringen k\u00f6nnen.<\/p>\n<p>&nbsp;<\/p>\n<h3>Inhalte<\/h3>\n<p>Das Vorgehensmodell stellt in 5 Phasen den Weg zur neuen Produktionsst\u00e4tte vor, ist gegliedert in Phasenziele, ihre Voraussetzungen, Meilensteine und listet detailliert sowohl Projektmanagement- als auch baufachliche Prozesse. Zus\u00e4tzlich enth\u00e4lt das Vorgehensmodell Verweise auf notwendige Templates und Checklisten, die k\u00fcnftig ebenfalls bei Consultingcheck verf\u00fcgbar sein werden und Musterdateien der angesprochende Bereiche aus der t\u00e4glichen Praxis im chinesischen Industriebau.<\/p>\n<p>Kurz angesprochen und fortlaufend erweitert wird ein Bereich allgemeiner Management-Methoden und Verweise, z.B. auf DIN-Normen.<\/p>\n<p>&nbsp;<\/p>\n<h3>Vorteile<\/h3>\n<ul>\n<li>\u00dcbersicht \u00fcber alle Prozesse von Ausgangsidee bis zur \u00dcbergabe der Fertigungsst\u00e4tte in den laufenden Betrieb<\/li>\n<li>Verweis auf Templates, Checklisten und Musterdateien zu ausgew\u00e4hlten Vorg\u00e4ngen<\/li>\n<li>Erm\u00f6glicht die geb\u00e4udebezogene Vorbereitung auf eine ausl\u00e4ndische Produktionsst\u00e4tte<\/li>\n<\/ul>\n<h3><\/h3>\n<h3>Digitaler Download<\/h3>\n<p>Nach der Bestellung erhalten Sie einen Download-Link zum pdf-Dokument, den Sie sofort nutzen k\u00f6nnen.<\/p>\n<p>Bitte beachten Sie, dass dieses Dokument, zu dem Sie den Zugang erwerben, ausschlie\u00dflich f\u00fcr Ihren pers\u00f6nlichen Gebrauch bestimmt ist. Es ist untersagt, das Dokument in jeglicher Form und in jeglicher digitaler oder physischer Weise weiterzuverkaufen oder ihn ohne meine Erlaubnis in einer physischen oder Online-Ver\u00f6ffentlichung zu ver\u00f6ffentlichen.<\/p>\n<p>Urheberin f\u00fcr die Inhalte ist <a href=\"https:\/\/www.consultingcheck.com\/de\/expertise-industriebau\/\" target=\"_blank\" rel=\"noopener\">Kathleen Wagner<\/a>.<\/p>\n<p>Link: pdf-Datei<\/p>\n<p>&nbsp;<\/p>\n","protected":false},"excerpt":{"rendered":"<h2>Alle Phasen und Prozesse der Er\u00f6ffnung internationaler Produktionsst\u00e4tten f\u00fcr Sie geb\u00fcndelt!<\/h2>\n","protected":false},"featured_media":20234,"template":"","meta":{"_links_to":"","_links_to_target":""},"product_brand":[],"product_cat":[1297,593,603,1228],"product_tag":[],"jask_topic_categories":[1296,151,153,154,240,333,334],"class_list":{"0":"post-15329","1":"product","2":"type-product","3":"status-publish","4":"has-post-thumbnail","6":"product_cat-gewerbeimmobilien-und-industriebau","7":"product_cat-muster","8":"product_cat-formatvorlage","9":"product_cat-prozesse","10":"jask_topic_categories-industriebau","11":"jask_topic_categories-auswahl-von-fertigungsverfahren","12":"jask_topic_categories-fertigungsmanagement","13":"jask_topic_categories-optimierung-des-fertigungsprozesses","14":"jask_topic_categories-nachhaltig-wirtschaften","15":"jask_topic_categories-projektmanagement","16":"jask_topic_categories-methoden-des-projektmanagements","18":"first","19":"instock","20":"taxable","21":"shipping-taxable","22":"purchasable","23":"product-type-variable"},"yoast_head":"<!-- This site is optimized with the Yoast SEO plugin v27.3 - https:\/\/yoast.com\/product\/yoast-seo-wordpress\/ -->\n<title>Vorgehensmodell f\u00fcr internationalen Industriebau herunterladen!<\/title>\n<meta name=\"description\" content=\"Unser Vorgehensmodell stellt in 5 Phasen den Weg zur internationalen Produktionsst\u00e4tte vor. Jetzt PDF kaufen und herunterladen!\" \/>\n<meta name=\"robots\" content=\"index, follow, max-snippet:-1, max-image-preview:large, max-video-preview:-1\" \/>\n<link rel=\"canonical\" href=\"https:\/\/www.consultingcheck.com\/de\/ressource\/vorgehensmodell-internationaler-industriebau-pdf\/\" \/>\n<meta property=\"og:locale\" content=\"de_DE\" \/>\n<meta property=\"og:type\" content=\"article\" \/>\n<meta property=\"og:title\" content=\"Vorgehensmodell f\u00fcr internationalen Industriebau herunterladen!\" \/>\n<meta property=\"og:description\" content=\"Unser Vorgehensmodell stellt in 5 Phasen den Weg zur internationalen Produktionsst\u00e4tte vor. Jetzt PDF kaufen und herunterladen!\" \/>\n<meta property=\"og:url\" content=\"https:\/\/www.consultingcheck.com\/de\/ressource\/vorgehensmodell-internationaler-industriebau-pdf\/\" \/>\n<meta property=\"og:site_name\" content=\"consultingcheck\" \/>\n<meta property=\"article:modified_time\" content=\"2024-06-18T09:21:47+00:00\" \/>\n<meta property=\"og:image\" content=\"https:\/\/www.consultingcheck.com\/wp-content\/uploads\/2023\/02\/vorgehensmodell-internationaler-industriebau-pdf.jpg\" \/>\n\t<meta property=\"og:image:width\" content=\"1000\" \/>\n\t<meta property=\"og:image:height\" content=\"679\" \/>\n\t<meta property=\"og:image:type\" content=\"image\/jpeg\" \/>\n<meta name=\"twitter:card\" content=\"summary_large_image\" \/>\n<meta name=\"twitter:label1\" content=\"Gesch\u00e4tzte Lesezeit\" \/>\n\t<meta name=\"twitter:data1\" content=\"2\u00a0Minuten\" \/>\n<script type=\"application\/ld+json\" class=\"yoast-schema-graph\">{\"@context\":\"https:\\\/\\\/schema.org\",\"@graph\":[{\"@type\":\"WebPage\",\"@id\":\"https:\\\/\\\/www.consultingcheck.com\\\/de\\\/ressource\\\/vorgehensmodell-internationaler-industriebau-pdf\\\/\",\"url\":\"https:\\\/\\\/www.consultingcheck.com\\\/de\\\/ressource\\\/vorgehensmodell-internationaler-industriebau-pdf\\\/\",\"name\":\"Vorgehensmodell f\u00fcr internationalen Industriebau herunterladen!\",\"isPartOf\":{\"@id\":\"https:\\\/\\\/www.consultingcheck.com\\\/de\\\/#website\"},\"primaryImageOfPage\":{\"@id\":\"https:\\\/\\\/www.consultingcheck.com\\\/de\\\/ressource\\\/vorgehensmodell-internationaler-industriebau-pdf\\\/#primaryimage\"},\"image\":{\"@id\":\"https:\\\/\\\/www.consultingcheck.com\\\/de\\\/ressource\\\/vorgehensmodell-internationaler-industriebau-pdf\\\/#primaryimage\"},\"thumbnailUrl\":\"https:\\\/\\\/www.consultingcheck.com\\\/wp-content\\\/uploads\\\/2023\\\/02\\\/vorgehensmodell-internationaler-industriebau-pdf.jpg\",\"datePublished\":\"2023-02-21T08:31:27+00:00\",\"dateModified\":\"2024-06-18T09:21:47+00:00\",\"description\":\"Unser Vorgehensmodell stellt in 5 Phasen den Weg zur internationalen Produktionsst\u00e4tte vor. Jetzt PDF kaufen und herunterladen!\",\"breadcrumb\":{\"@id\":\"https:\\\/\\\/www.consultingcheck.com\\\/de\\\/ressource\\\/vorgehensmodell-internationaler-industriebau-pdf\\\/#breadcrumb\"},\"inLanguage\":\"de\",\"potentialAction\":[{\"@type\":\"ReadAction\",\"target\":[\"https:\\\/\\\/www.consultingcheck.com\\\/de\\\/ressource\\\/vorgehensmodell-internationaler-industriebau-pdf\\\/\"]}]},{\"@type\":\"ImageObject\",\"inLanguage\":\"de\",\"@id\":\"https:\\\/\\\/www.consultingcheck.com\\\/de\\\/ressource\\\/vorgehensmodell-internationaler-industriebau-pdf\\\/#primaryimage\",\"url\":\"https:\\\/\\\/www.consultingcheck.com\\\/wp-content\\\/uploads\\\/2023\\\/02\\\/vorgehensmodell-internationaler-industriebau-pdf.jpg\",\"contentUrl\":\"https:\\\/\\\/www.consultingcheck.com\\\/wp-content\\\/uploads\\\/2023\\\/02\\\/vorgehensmodell-internationaler-industriebau-pdf.jpg\",\"width\":1000,\"height\":679,\"caption\":\"Ein Screenshot der PDF mit Vorgehensmodellen im internationalen Industriebau.\"},{\"@type\":\"BreadcrumbList\",\"@id\":\"https:\\\/\\\/www.consultingcheck.com\\\/de\\\/ressource\\\/vorgehensmodell-internationaler-industriebau-pdf\\\/#breadcrumb\",\"itemListElement\":[{\"@type\":\"ListItem\",\"position\":1,\"name\":\"Startseite\",\"item\":\"https:\\\/\\\/www.consultingcheck.com\\\/de\\\/\"},{\"@type\":\"ListItem\",\"position\":2,\"name\":\"Downloads, Anwendungen und Produkte\",\"item\":\"https:\\\/\\\/www.consultingcheck.com\\\/de\\\/tools\\\/downloads-anwendungen-und-produkte\\\/\"},{\"@type\":\"ListItem\",\"position\":3,\"name\":\"Vorgehensmodell Internationaler Industriebau (PDF)\"}]},{\"@type\":\"WebSite\",\"@id\":\"https:\\\/\\\/www.consultingcheck.com\\\/de\\\/#website\",\"url\":\"https:\\\/\\\/www.consultingcheck.com\\\/de\\\/\",\"name\":\"consultingcheck\",\"description\":\"Vernetzt gedacht. Entzaubert. Hands-on.\",\"potentialAction\":[{\"@type\":\"SearchAction\",\"target\":{\"@type\":\"EntryPoint\",\"urlTemplate\":\"https:\\\/\\\/www.consultingcheck.com\\\/de\\\/?s={search_term_string}\"},\"query-input\":{\"@type\":\"PropertyValueSpecification\",\"valueRequired\":true,\"valueName\":\"search_term_string\"}}],\"inLanguage\":\"de\"}]}<\/script>\n<!-- \/ Yoast SEO plugin. -->","yoast_head_json":{"title":"Vorgehensmodell f\u00fcr internationalen Industriebau herunterladen!","description":"Unser Vorgehensmodell stellt in 5 Phasen den Weg zur internationalen Produktionsst\u00e4tte vor. Jetzt PDF kaufen und herunterladen!","robots":{"index":"index","follow":"follow","max-snippet":"max-snippet:-1","max-image-preview":"max-image-preview:large","max-video-preview":"max-video-preview:-1"},"canonical":"https:\/\/www.consultingcheck.com\/de\/ressource\/vorgehensmodell-internationaler-industriebau-pdf\/","og_locale":"de_DE","og_type":"article","og_title":"Vorgehensmodell f\u00fcr internationalen Industriebau herunterladen!","og_description":"Unser Vorgehensmodell stellt in 5 Phasen den Weg zur internationalen Produktionsst\u00e4tte vor. Jetzt PDF kaufen und herunterladen!","og_url":"https:\/\/www.consultingcheck.com\/de\/ressource\/vorgehensmodell-internationaler-industriebau-pdf\/","og_site_name":"consultingcheck","article_modified_time":"2024-06-18T09:21:47+00:00","og_image":[{"width":1000,"height":679,"url":"https:\/\/www.consultingcheck.com\/wp-content\/uploads\/2023\/02\/vorgehensmodell-internationaler-industriebau-pdf.jpg","type":"image\/jpeg"}],"twitter_card":"summary_large_image","twitter_misc":{"Gesch\u00e4tzte Lesezeit":"2\u00a0Minuten"},"schema":{"@context":"https:\/\/schema.org","@graph":[{"@type":"WebPage","@id":"https:\/\/www.consultingcheck.com\/de\/ressource\/vorgehensmodell-internationaler-industriebau-pdf\/","url":"https:\/\/www.consultingcheck.com\/de\/ressource\/vorgehensmodell-internationaler-industriebau-pdf\/","name":"Vorgehensmodell f\u00fcr internationalen Industriebau herunterladen!","isPartOf":{"@id":"https:\/\/www.consultingcheck.com\/de\/#website"},"primaryImageOfPage":{"@id":"https:\/\/www.consultingcheck.com\/de\/ressource\/vorgehensmodell-internationaler-industriebau-pdf\/#primaryimage"},"image":{"@id":"https:\/\/www.consultingcheck.com\/de\/ressource\/vorgehensmodell-internationaler-industriebau-pdf\/#primaryimage"},"thumbnailUrl":"https:\/\/www.consultingcheck.com\/wp-content\/uploads\/2023\/02\/vorgehensmodell-internationaler-industriebau-pdf.jpg","datePublished":"2023-02-21T08:31:27+00:00","dateModified":"2024-06-18T09:21:47+00:00","description":"Unser Vorgehensmodell stellt in 5 Phasen den Weg zur internationalen Produktionsst\u00e4tte vor. Jetzt PDF kaufen und herunterladen!","breadcrumb":{"@id":"https:\/\/www.consultingcheck.com\/de\/ressource\/vorgehensmodell-internationaler-industriebau-pdf\/#breadcrumb"},"inLanguage":"de","potentialAction":[{"@type":"ReadAction","target":["https:\/\/www.consultingcheck.com\/de\/ressource\/vorgehensmodell-internationaler-industriebau-pdf\/"]}]},{"@type":"ImageObject","inLanguage":"de","@id":"https:\/\/www.consultingcheck.com\/de\/ressource\/vorgehensmodell-internationaler-industriebau-pdf\/#primaryimage","url":"https:\/\/www.consultingcheck.com\/wp-content\/uploads\/2023\/02\/vorgehensmodell-internationaler-industriebau-pdf.jpg","contentUrl":"https:\/\/www.consultingcheck.com\/wp-content\/uploads\/2023\/02\/vorgehensmodell-internationaler-industriebau-pdf.jpg","width":1000,"height":679,"caption":"Ein Screenshot der PDF mit Vorgehensmodellen im internationalen Industriebau."},{"@type":"BreadcrumbList","@id":"https:\/\/www.consultingcheck.com\/de\/ressource\/vorgehensmodell-internationaler-industriebau-pdf\/#breadcrumb","itemListElement":[{"@type":"ListItem","position":1,"name":"Startseite","item":"https:\/\/www.consultingcheck.com\/de\/"},{"@type":"ListItem","position":2,"name":"Downloads, Anwendungen und Produkte","item":"https:\/\/www.consultingcheck.com\/de\/tools\/downloads-anwendungen-und-produkte\/"},{"@type":"ListItem","position":3,"name":"Vorgehensmodell Internationaler Industriebau (PDF)"}]},{"@type":"WebSite","@id":"https:\/\/www.consultingcheck.com\/de\/#website","url":"https:\/\/www.consultingcheck.com\/de\/","name":"consultingcheck","description":"Vernetzt gedacht. Entzaubert. Hands-on.","potentialAction":[{"@type":"SearchAction","target":{"@type":"EntryPoint","urlTemplate":"https:\/\/www.consultingcheck.com\/de\/?s={search_term_string}"},"query-input":{"@type":"PropertyValueSpecification","valueRequired":true,"valueName":"search_term_string"}}],"inLanguage":"de"}]}},"_links":{"self":[{"href":"https:\/\/www.consultingcheck.com\/de\/wp-json\/wp\/v2\/product\/15329","targetHints":{"allow":["GET"]}}],"collection":[{"href":"https:\/\/www.consultingcheck.com\/de\/wp-json\/wp\/v2\/product"}],"about":[{"href":"https:\/\/www.consultingcheck.com\/de\/wp-json\/wp\/v2\/types\/product"}],"wp:featuredmedia":[{"embeddable":true,"href":"https:\/\/www.consultingcheck.com\/de\/wp-json\/wp\/v2\/media\/20234"}],"wp:attachment":[{"href":"https:\/\/www.consultingcheck.com\/de\/wp-json\/wp\/v2\/media?parent=15329"}],"wp:term":[{"taxonomy":"product_brand","embeddable":true,"href":"https:\/\/www.consultingcheck.com\/de\/wp-json\/wp\/v2\/product_brand?post=15329"},{"taxonomy":"product_cat","embeddable":true,"href":"https:\/\/www.consultingcheck.com\/de\/wp-json\/wp\/v2\/product_cat?post=15329"},{"taxonomy":"product_tag","embeddable":true,"href":"https:\/\/www.consultingcheck.com\/de\/wp-json\/wp\/v2\/product_tag?post=15329"},{"taxonomy":"jask_topic_categories","embeddable":true,"href":"https:\/\/www.consultingcheck.com\/de\/wp-json\/wp\/v2\/jask_topic_categories?post=15329"}],"curies":[{"name":"wp","href":"https:\/\/api.w.org\/{rel}","templated":true}]}}