{"id":14869,"date":"2023-02-02T12:11:48","date_gmt":"2023-02-02T11:11:48","guid":{"rendered":"https:\/\/www.consultingcheck.com\/?post_type=product&#038;p=14869"},"modified":"2024-06-18T11:26:30","modified_gmt":"2024-06-18T09:26:30","slug":"handelsmargen-in-mehrstufigen-absatzkanaelen","status":"publish","type":"product","link":"https:\/\/www.consultingcheck.com\/de\/ressource\/handelsmargen-in-mehrstufigen-absatzkanaelen\/","title":{"rendered":"Handelsmargen in mehrstufigen Absatzkan\u00e4len"},"content":{"rendered":"<h3><strong>Inhalte<\/strong><\/h3>\n<p>Handelsmargen in mehrstufigen Absatzkan\u00e4len m\u00f6gen trivial erscheinen, sind es aber nicht. Als Hersteller von Produkten kennen Sie Ihre Herstellkosten und Ihre Marketing- und Vertriebskosten. Vielleicht kennen Sie auch den Preis, den Endkunden zu zahlen bereit sind (Listenpreis). Aber welche Marge f\u00fcr den Gro\u00dfhandel und welche Marge f\u00fcr den Einzelhandel bzw. den Handwerker verkraftet Ihr Produkt dazwischen? Sind die m\u00f6glichen Margen f\u00fcr die Absatzpartner attraktiv genug, damit sie Ihre Produkte verkaufen und nicht die Produkte Ihrer Wettbewerber? Was sollten Sie an Ihren Herstellkosten optimieren?<\/p>\n<p>Wenn Sie Fachgro\u00dfh\u00e4ndler sind, ist f\u00fcr Sie interessant, ob Sie mit Produkten eines bestimmten Herstellers bei Ihren Wiederverk\u00e4ufern \u2013 Einzelhandel oder Handwerker \u2013 preislich erfolgreich sein k\u00f6nnen.<\/p>\n<p>Die offene Excel-Datei zeigt \u2013 ausgehend von einem Listenpreis f\u00fcr Endkunden \u2013 die Margenverteilung zwischen Hersteller, Fachgro\u00dfhandel und Einzelhandel\/Handwerker. F\u00fcr den operativen Handel ist interessant, welche Preisaufschl\u00e4ge auf Einkaufspreise angesetzt werden k\u00f6nnen.<\/p>\n<p>F\u00fcr das Controlling im Handel ist von Bedeutung, den Deckungsbeitrag, der sich aus dieser Marge ergibt, mit den variablen Kosten zu vergleichen.<\/p>\n<p>Um die Preise entlang der ganzen Absatzkette zu verstehen und sauber zu planen, ist es schlie\u00dflich erforderlich, die Rabatte vom Listenpreis f\u00fcr die einzelnen Handelsstufen zu definieren.<\/p>\n<p>Die kleine, fertig verformelte Excel-Datei erm\u00f6glicht Ihnen, Antworten auf all diese Fragen zu finden.<\/p>\n<p>&nbsp;<\/p>\n<h3><strong>Vorteile<\/strong><\/h3>\n<ul>\n<li>Als Hersteller erhalten Sie eine Vorlage, mit der Sie Handelsmargen in mehrstufigen Absatzkan\u00e4len planen k\u00f6nnen.<\/li>\n<li>Als Produktentwickler bei einem Hersteller erfahren Sie, wie teuer Ihr neues Produkt sein darf, um in mehrstufigen Absatzkan\u00e4len erfolgreich vermarktet werden zu k\u00f6nnen (target pricing)<\/li>\n<li>Als Gro\u00dfh\u00e4ndler gewinnen Sie eine Erkenntnis \u00fcber die Absatzchancen von Produkten bestimmter Hersteller.<\/li>\n<li>Als Eink\u00e4ufer im Fachgro\u00dfhandel erhalten Sie Argumente f\u00fcr Ihre Preisverhandlung mit Herstellern.<\/li>\n<li>Als Eink\u00e4ufer im Einzelhandel erhalten Sie Einsichten f\u00fcr Ihre Beschaffung.<\/li>\n<li>Als Startup-Unternehmer k\u00f6nnen Sie erkennen, ob Ihr Produkt in mehrstufigen Absatzkan\u00e4len wettbewerbsf\u00e4hig ist.<\/li>\n<\/ul>\n<p>&nbsp;<\/p>\n<h3><strong>Digitaler Download<\/strong><\/h3>\n<p>Nach der Bestellung erhalten Sie einen Download-Link zur Vorlage, die Sie sofort nutzen k\u00f6nnen.<\/p>\n<p>Bitte beachten Sie, dass diese Vorlage, zu der Sie den Zugang erwerben, ausschlie\u00dflich f\u00fcr Ihren pers\u00f6nlichen Gebrauch bestimmt sind. Es ist untersagt, die Vorlage in jeglicher Form und in jeglicher digitaler oder physischer Weise weiterzuverkaufen oder sie ohne meine Erlaubnis in einer physischen oder Online-Ver\u00f6ffentlichung zu ver\u00f6ffentlichen. Ich bin der einzige Copyright-Inhaber dieser Datei.<\/p>\n<p>Link zum Download: MS Excel-Dokument<\/p>\n","protected":false},"excerpt":{"rendered":"<h2>Definieren und verstehen Sie Handelsmargen in mehrstufigen Absatzkan\u00e4len einfacher mit unserer Vorlage!<\/h2>\n","protected":false},"featured_media":0,"template":"","meta":{"_links_to":"","_links_to_target":""},"product_brand":[],"product_cat":[1230,1231,599,1225,1227],"product_tag":[],"jask_topic_categories":[1216,1217,76,104,107,105,115,118,127,134,135,136,141,144,142,145,1644,147,150,168,343,381,439,438,492,496,499,502,504,517,510],"class_list":{"0":"post-14869","1":"product","2":"type-product","3":"status-publish","5":"product_cat-vertrieb","6":"product_cat-finanz","7":"product_cat-rechenmodul","8":"product_cat-gruendung","9":"product_cat-management","10":"jask_topic_categories-finanz","11":"jask_topic_categories-gruendung","12":"jask_topic_categories-marketing-und-vertrieb","13":"jask_topic_categories-vertrieb","14":"jask_topic_categories-preisgestaltung-pricing","15":"jask_topic_categories-vertriebsstrategie","16":"jask_topic_categories-vertriebsorganisation","17":"jask_topic_categories-vertriebsmanagement","18":"jask_topic_categories-prozessoptimierung","19":"jask_topic_categories-absatz-forecast","20":"jask_topic_categories-beschaffung","21":"jask_topic_categories-produkte-und-dienstleistungen","22":"jask_topic_categories-ertragssteigerung","23":"jask_topic_categories-preisgestaltung","24":"jask_topic_categories-einfluss-von-absatz-und-umsatzerloesen-auf-den-ertrag","25":"jask_topic_categories-kostenoptimierung-zur-ertragssteigerung","26":"jask_topic_categories-logistik-als-service-und-kostentreiber","27":"jask_topic_categories-kostensenkung-in-der-beschaffung","28":"jask_topic_categories-kostensenkung-in-der-fertigung","29":"jask_topic_categories-stabilisierung","30":"jask_topic_categories-businessplan","31":"jask_topic_categories-kooperation-und-vernetzung","32":"jask_topic_categories-sofortmassnahmen","33":"jask_topic_categories-akute-krise","34":"jask_topic_categories-businessplan-unternehmensgruendung","35":"jask_topic_categories-geschaeftsmodelle","36":"jask_topic_categories-muster-fuer-die-preisgestaltung","37":"jask_topic_categories-muster-fuer-die-produktgestaltung","38":"jask_topic_categories-muster-fuer-den-vertrieb","39":"jask_topic_categories-strategiemodelle","40":"jask_topic_categories-vertriebsfuehrerschaft","42":"first","43":"instock","44":"taxable","45":"shipping-taxable","46":"purchasable","47":"product-type-variable"},"yoast_head":"<!-- This site is optimized with the Yoast SEO plugin v27.4 - https:\/\/yoast.com\/product\/yoast-seo-wordpress\/ -->\n<title>Excel-Download zur Bestimmung von Handelsmargen<\/title>\n<meta name=\"description\" content=\"Handelsmargen in mehrstufigen Absatzkan\u00e4len einfach bestimmen: Nutzen Sie jetzt unsere offene Excel-Datei. Einfach herunterladen!\" \/>\n<meta name=\"robots\" content=\"index, follow, max-snippet:-1, max-image-preview:large, max-video-preview:-1\" \/>\n<link rel=\"canonical\" href=\"https:\/\/www.consultingcheck.com\/de\/ressource\/handelsmargen-in-mehrstufigen-absatzkanaelen\/\" \/>\n<meta property=\"og:locale\" content=\"de_DE\" \/>\n<meta property=\"og:type\" content=\"article\" \/>\n<meta property=\"og:title\" content=\"Excel-Download zur Bestimmung von Handelsmargen\" \/>\n<meta property=\"og:description\" content=\"Handelsmargen in mehrstufigen Absatzkan\u00e4len einfach bestimmen: Nutzen Sie jetzt unsere offene Excel-Datei. Einfach herunterladen!\" \/>\n<meta property=\"og:url\" content=\"https:\/\/www.consultingcheck.com\/de\/ressource\/handelsmargen-in-mehrstufigen-absatzkanaelen\/\" \/>\n<meta property=\"og:site_name\" content=\"consultingcheck\" \/>\n<meta property=\"article:modified_time\" content=\"2024-06-18T09:26:30+00:00\" \/>\n<meta name=\"twitter:card\" content=\"summary_large_image\" \/>\n<meta name=\"twitter:label1\" content=\"Gesch\u00e4tzte Lesezeit\" \/>\n\t<meta name=\"twitter:data1\" content=\"3\u00a0Minuten\" \/>\n<script type=\"application\/ld+json\" class=\"yoast-schema-graph\">{\"@context\":\"https:\\\/\\\/schema.org\",\"@graph\":[{\"@type\":\"WebPage\",\"@id\":\"https:\\\/\\\/www.consultingcheck.com\\\/de\\\/ressource\\\/handelsmargen-in-mehrstufigen-absatzkanaelen\\\/\",\"url\":\"https:\\\/\\\/www.consultingcheck.com\\\/de\\\/ressource\\\/handelsmargen-in-mehrstufigen-absatzkanaelen\\\/\",\"name\":\"Excel-Download zur Bestimmung von Handelsmargen\",\"isPartOf\":{\"@id\":\"https:\\\/\\\/www.consultingcheck.com\\\/de\\\/#website\"},\"datePublished\":\"2023-02-02T11:11:48+00:00\",\"dateModified\":\"2024-06-18T09:26:30+00:00\",\"description\":\"Handelsmargen in mehrstufigen Absatzkan\u00e4len einfach bestimmen: Nutzen Sie jetzt unsere offene Excel-Datei. Einfach herunterladen!\",\"breadcrumb\":{\"@id\":\"https:\\\/\\\/www.consultingcheck.com\\\/de\\\/ressource\\\/handelsmargen-in-mehrstufigen-absatzkanaelen\\\/#breadcrumb\"},\"inLanguage\":\"de\",\"potentialAction\":[{\"@type\":\"ReadAction\",\"target\":[\"https:\\\/\\\/www.consultingcheck.com\\\/de\\\/ressource\\\/handelsmargen-in-mehrstufigen-absatzkanaelen\\\/\"]}]},{\"@type\":\"BreadcrumbList\",\"@id\":\"https:\\\/\\\/www.consultingcheck.com\\\/de\\\/ressource\\\/handelsmargen-in-mehrstufigen-absatzkanaelen\\\/#breadcrumb\",\"itemListElement\":[{\"@type\":\"ListItem\",\"position\":1,\"name\":\"Startseite\",\"item\":\"https:\\\/\\\/www.consultingcheck.com\\\/de\\\/\"},{\"@type\":\"ListItem\",\"position\":2,\"name\":\"Downloads, Anwendungen und Produkte\",\"item\":\"https:\\\/\\\/www.consultingcheck.com\\\/de\\\/tools\\\/downloads-anwendungen-und-produkte\\\/\"},{\"@type\":\"ListItem\",\"position\":3,\"name\":\"Handelsmargen in mehrstufigen Absatzkan\u00e4len\"}]},{\"@type\":\"WebSite\",\"@id\":\"https:\\\/\\\/www.consultingcheck.com\\\/de\\\/#website\",\"url\":\"https:\\\/\\\/www.consultingcheck.com\\\/de\\\/\",\"name\":\"consultingcheck\",\"description\":\"Vernetzt gedacht. Entzaubert. Hands-on.\",\"potentialAction\":[{\"@type\":\"SearchAction\",\"target\":{\"@type\":\"EntryPoint\",\"urlTemplate\":\"https:\\\/\\\/www.consultingcheck.com\\\/de\\\/?s={search_term_string}\"},\"query-input\":{\"@type\":\"PropertyValueSpecification\",\"valueRequired\":true,\"valueName\":\"search_term_string\"}}],\"inLanguage\":\"de\"}]}<\/script>\n<!-- \/ Yoast SEO plugin. -->","yoast_head_json":{"title":"Excel-Download zur Bestimmung von Handelsmargen","description":"Handelsmargen in mehrstufigen Absatzkan\u00e4len einfach bestimmen: Nutzen Sie jetzt unsere offene Excel-Datei. Einfach herunterladen!","robots":{"index":"index","follow":"follow","max-snippet":"max-snippet:-1","max-image-preview":"max-image-preview:large","max-video-preview":"max-video-preview:-1"},"canonical":"https:\/\/www.consultingcheck.com\/de\/ressource\/handelsmargen-in-mehrstufigen-absatzkanaelen\/","og_locale":"de_DE","og_type":"article","og_title":"Excel-Download zur Bestimmung von Handelsmargen","og_description":"Handelsmargen in mehrstufigen Absatzkan\u00e4len einfach bestimmen: Nutzen Sie jetzt unsere offene Excel-Datei. Einfach herunterladen!","og_url":"https:\/\/www.consultingcheck.com\/de\/ressource\/handelsmargen-in-mehrstufigen-absatzkanaelen\/","og_site_name":"consultingcheck","article_modified_time":"2024-06-18T09:26:30+00:00","twitter_card":"summary_large_image","twitter_misc":{"Gesch\u00e4tzte Lesezeit":"3\u00a0Minuten"},"schema":{"@context":"https:\/\/schema.org","@graph":[{"@type":"WebPage","@id":"https:\/\/www.consultingcheck.com\/de\/ressource\/handelsmargen-in-mehrstufigen-absatzkanaelen\/","url":"https:\/\/www.consultingcheck.com\/de\/ressource\/handelsmargen-in-mehrstufigen-absatzkanaelen\/","name":"Excel-Download zur Bestimmung von Handelsmargen","isPartOf":{"@id":"https:\/\/www.consultingcheck.com\/de\/#website"},"datePublished":"2023-02-02T11:11:48+00:00","dateModified":"2024-06-18T09:26:30+00:00","description":"Handelsmargen in mehrstufigen Absatzkan\u00e4len einfach bestimmen: Nutzen Sie jetzt unsere offene Excel-Datei. Einfach herunterladen!","breadcrumb":{"@id":"https:\/\/www.consultingcheck.com\/de\/ressource\/handelsmargen-in-mehrstufigen-absatzkanaelen\/#breadcrumb"},"inLanguage":"de","potentialAction":[{"@type":"ReadAction","target":["https:\/\/www.consultingcheck.com\/de\/ressource\/handelsmargen-in-mehrstufigen-absatzkanaelen\/"]}]},{"@type":"BreadcrumbList","@id":"https:\/\/www.consultingcheck.com\/de\/ressource\/handelsmargen-in-mehrstufigen-absatzkanaelen\/#breadcrumb","itemListElement":[{"@type":"ListItem","position":1,"name":"Startseite","item":"https:\/\/www.consultingcheck.com\/de\/"},{"@type":"ListItem","position":2,"name":"Downloads, Anwendungen und Produkte","item":"https:\/\/www.consultingcheck.com\/de\/tools\/downloads-anwendungen-und-produkte\/"},{"@type":"ListItem","position":3,"name":"Handelsmargen in mehrstufigen Absatzkan\u00e4len"}]},{"@type":"WebSite","@id":"https:\/\/www.consultingcheck.com\/de\/#website","url":"https:\/\/www.consultingcheck.com\/de\/","name":"consultingcheck","description":"Vernetzt gedacht. Entzaubert. Hands-on.","potentialAction":[{"@type":"SearchAction","target":{"@type":"EntryPoint","urlTemplate":"https:\/\/www.consultingcheck.com\/de\/?s={search_term_string}"},"query-input":{"@type":"PropertyValueSpecification","valueRequired":true,"valueName":"search_term_string"}}],"inLanguage":"de"}]}},"_links":{"self":[{"href":"https:\/\/www.consultingcheck.com\/de\/wp-json\/wp\/v2\/product\/14869","targetHints":{"allow":["GET"]}}],"collection":[{"href":"https:\/\/www.consultingcheck.com\/de\/wp-json\/wp\/v2\/product"}],"about":[{"href":"https:\/\/www.consultingcheck.com\/de\/wp-json\/wp\/v2\/types\/product"}],"wp:attachment":[{"href":"https:\/\/www.consultingcheck.com\/de\/wp-json\/wp\/v2\/media?parent=14869"}],"wp:term":[{"taxonomy":"product_brand","embeddable":true,"href":"https:\/\/www.consultingcheck.com\/de\/wp-json\/wp\/v2\/product_brand?post=14869"},{"taxonomy":"product_cat","embeddable":true,"href":"https:\/\/www.consultingcheck.com\/de\/wp-json\/wp\/v2\/product_cat?post=14869"},{"taxonomy":"product_tag","embeddable":true,"href":"https:\/\/www.consultingcheck.com\/de\/wp-json\/wp\/v2\/product_tag?post=14869"},{"taxonomy":"jask_topic_categories","embeddable":true,"href":"https:\/\/www.consultingcheck.com\/de\/wp-json\/wp\/v2\/jask_topic_categories?post=14869"}],"curies":[{"name":"wp","href":"https:\/\/api.w.org\/{rel}","templated":true}]}}