{"id":14858,"date":"2023-02-02T11:50:59","date_gmt":"2023-02-02T10:50:59","guid":{"rendered":"https:\/\/www.consultingcheck.com\/?post_type=product&#038;p=14858"},"modified":"2024-06-18T11:27:38","modified_gmt":"2024-06-18T09:27:38","slug":"checkliste-fuer-investitionen","status":"publish","type":"product","link":"https:\/\/www.consultingcheck.com\/de\/ressource\/checkliste-fuer-investitionen\/","title":{"rendered":"Checkliste f\u00fcr Investitionen"},"content":{"rendered":"<h3><strong>Inhalte<\/strong><\/h3>\n<p>Diese pragmatisch angelegte Checkliste hilft dabei, Ideen f\u00fcr Investitionsvorhaben zu klassifizieren und zu beurteilen. Anhand dieser Checkliste werden Sie auf Kriterien hingewiesen, die f\u00fcr die Beurteilung von Investitionen relevant sind. Insofern ist die Checkliste zur Vorbereitung einer Investitionsrechnung n\u00fctzlich.<\/p>\n<p>Sie erhalten die Checkliste als offenes MS Word-Dokument, damit Sie es an Ihr CI und Ihre betrieblichen Gegebenheiten anpassen k\u00f6nnen.<\/p>\n<h3><\/h3>\n<h3><strong>Vorteile<\/strong><\/h3>\n<ul>\n<li>Sie erhalten eine praxiserprobte Checkliste f\u00fcr die erste Beurteilung von Ideen f\u00fcr Investitionsvorhaben.<\/li>\n<li>Mithilfe dieser Checkliste k\u00f6nnen Sie alle wichtigen Informationen f\u00fcr eine Investitionsrechnung zusammentragen und vorbereiten.<\/li>\n<li>Anhand der Checkliste sensibilisieren Sie Ihre Mitarbeiter f\u00fcr relevante Kriterien zur Investitionsentscheidung<\/li>\n<li>Durch die Einf\u00fchrung dieser Checkliste im Unternehmen, erhalten Sie einen Standard f\u00fcr den Investitionsprozess.<\/li>\n<li>Sie k\u00f6nnen die offene MS Word-Datei an die Gegebenheiten in Ihrem Unternehmen anpassen.<\/li>\n<\/ul>\n<p>&nbsp;<\/p>\n<h3><strong>Digitaler Download<\/strong><\/h3>\n<p>Nach der Bestellung erhalten Sie einen Download-Link zur Checkliste, die Sie sofort ausf\u00fchren k\u00f6nnen. Sie k\u00f6nnen die Checkliste so oft herunterladen, wie Sie m\u00f6chten.<\/p>\n<p>Bitte beachten Sie, dass diese Checkliste, zu der Sie den Zugang erwerben, ausschlie\u00dflich f\u00fcr Ihren pers\u00f6nlichen Gebrauch bestimmt sind. Es ist untersagt, die Folien in jeglicher Form und in jeglicher digitaler oder physischer Weise weiterzuverkaufen oder sie ohne meine Erlaubnis in einer physischen oder Online-Ver\u00f6ffentlichung zu ver\u00f6ffentlichen. Ich bin der einzige Copyright-Inhaber dieser Datei.<\/p>\n<p>Link zum Download: MS Word<\/p>\n","protected":false},"excerpt":{"rendered":"<h2>W\u00e4gen Sie mit unserer Checkliste Investitionsentscheidungen sorgsam ab!<\/h2>\n","protected":false},"featured_media":20093,"template":"","meta":{"_links_to":"","_links_to_target":""},"product_brand":[],"product_cat":[592,1225,1226,1231],"product_tag":[],"jask_topic_categories":[1216,1217,101,77,115,118,78,80,127,126,136,141,145,152,153,154,168,177,207,213,234,235,240,244,245,246,332,284,286,298,342,344,345,343,354,362,341,348,385,415,421,446,473,479,492],"class_list":{"0":"post-14858","1":"product","2":"type-product","3":"status-publish","4":"has-post-thumbnail","6":"product_cat-checkliste","7":"product_cat-gruendung","8":"product_cat-innovation","9":"product_cat-finanz","10":"jask_topic_categories-finanz","11":"jask_topic_categories-gruendung","12":"jask_topic_categories-branding","13":"jask_topic_categories-marketing","14":"jask_topic_categories-vertriebsorganisation","15":"jask_topic_categories-vertriebsmanagement","16":"jask_topic_categories-marktforschung","17":"jask_topic_categories-reichweite-reach-und-zielkundenfokus","18":"jask_topic_categories-prozessoptimierung","19":"jask_topic_categories-durchsatz","20":"jask_topic_categories-produkte-und-dienstleistungen","21":"jask_topic_categories-ertragssteigerung","22":"jask_topic_categories-kostenoptimierung-zur-ertragssteigerung","23":"jask_topic_categories-investition","24":"jask_topic_categories-fertigungsmanagement","25":"jask_topic_categories-optimierung-des-fertigungsprozesses","26":"jask_topic_categories-stabilisierung","27":"jask_topic_categories-innovation","28":"jask_topic_categories-entscheidungsprozess-fuer-innovationen","29":"jask_topic_categories-vorgehensweisen-fuer-die-produktentwicklung","30":"jask_topic_categories-entscheidungen","31":"jask_topic_categories-nachhaltigkeit","32":"jask_topic_categories-nachhaltig-wirtschaften","33":"jask_topic_categories-notwendigkeit-nachhaltigen-wirtschaftens","34":"jask_topic_categories-verantwortung-fuer-nachhaltiges-wirtschaften","35":"jask_topic_categories-umsetzung-nachhaltigen-wirtschaftens","36":"jask_topic_categories-change-management","37":"jask_topic_categories-entscheidungen-aussenfuehrung","38":"jask_topic_categories-entscheidungsprozess","39":"jask_topic_categories-entscheidungsprinzipien","40":"jask_topic_categories-ganzheitliches-controlling","41":"jask_topic_categories-agile-planung-mit-beyond-budgeting","42":"jask_topic_categories-risikomanagement","43":"jask_topic_categories-businessplan","44":"jask_topic_categories-anwendung-kuenstlicher-intelligenz","45":"jask_topic_categories-daten-und-systemsicherheit","46":"jask_topic_categories-controlling-und-risikomanagement","47":"jask_topic_categories-it-transformation-und-digitalisierung","48":"jask_topic_categories-finanzierung","49":"jask_topic_categories-krise-und-sanierung","50":"jask_topic_categories-turnaround-management","51":"jask_topic_categories-unternehmensverkauf-kauf-unternehmensgruendung","52":"jask_topic_categories-unternehmenskauf","53":"jask_topic_categories-commercial-due-diligence","54":"jask_topic_categories-businessplan-unternehmensgruendung","56":"first","57":"instock","58":"taxable","59":"shipping-taxable","60":"purchasable","61":"product-type-variable"},"yoast_head":"<!-- This site is optimized with the Yoast SEO plugin v27.3 - https:\/\/yoast.com\/product\/yoast-seo-wordpress\/ -->\n<title>Checkliste f\u00fcr Investitionen herunterladen<\/title>\n<meta name=\"description\" content=\"Zur Klassifizierung und Beurteilung von Investitionsvorhaben: Laden Sie jetzt unsere Word-Checkliste f\u00fcr Investitionen herunter!\" \/>\n<meta name=\"robots\" content=\"index, follow, max-snippet:-1, max-image-preview:large, max-video-preview:-1\" \/>\n<link rel=\"canonical\" href=\"https:\/\/www.consultingcheck.com\/de\/ressource\/checkliste-fuer-investitionen\/\" \/>\n<meta property=\"og:locale\" content=\"de_DE\" \/>\n<meta property=\"og:type\" content=\"article\" \/>\n<meta property=\"og:title\" content=\"Checkliste f\u00fcr Investitionen herunterladen\" \/>\n<meta property=\"og:description\" content=\"Zur Klassifizierung und Beurteilung von Investitionsvorhaben: Laden Sie jetzt unsere Word-Checkliste f\u00fcr Investitionen herunter!\" \/>\n<meta property=\"og:url\" content=\"https:\/\/www.consultingcheck.com\/de\/ressource\/checkliste-fuer-investitionen\/\" \/>\n<meta property=\"og:site_name\" content=\"consultingcheck\" \/>\n<meta property=\"article:modified_time\" content=\"2024-06-18T09:27:38+00:00\" \/>\n<meta property=\"og:image\" content=\"https:\/\/www.consultingcheck.com\/wp-content\/uploads\/2023\/02\/checkliste-fuer-investitionen-1.jpg\" \/>\n\t<meta property=\"og:image:width\" content=\"1000\" \/>\n\t<meta property=\"og:image:height\" content=\"679\" \/>\n\t<meta property=\"og:image:type\" content=\"image\/jpeg\" \/>\n<meta name=\"twitter:card\" content=\"summary_large_image\" \/>\n<meta name=\"twitter:label1\" content=\"Gesch\u00e4tzte Lesezeit\" \/>\n\t<meta name=\"twitter:data1\" content=\"2\u00a0Minuten\" \/>\n<script type=\"application\/ld+json\" class=\"yoast-schema-graph\">{\"@context\":\"https:\\\/\\\/schema.org\",\"@graph\":[{\"@type\":\"WebPage\",\"@id\":\"https:\\\/\\\/www.consultingcheck.com\\\/de\\\/ressource\\\/checkliste-fuer-investitionen\\\/\",\"url\":\"https:\\\/\\\/www.consultingcheck.com\\\/de\\\/ressource\\\/checkliste-fuer-investitionen\\\/\",\"name\":\"Checkliste f\u00fcr Investitionen herunterladen\",\"isPartOf\":{\"@id\":\"https:\\\/\\\/www.consultingcheck.com\\\/de\\\/#website\"},\"primaryImageOfPage\":{\"@id\":\"https:\\\/\\\/www.consultingcheck.com\\\/de\\\/ressource\\\/checkliste-fuer-investitionen\\\/#primaryimage\"},\"image\":{\"@id\":\"https:\\\/\\\/www.consultingcheck.com\\\/de\\\/ressource\\\/checkliste-fuer-investitionen\\\/#primaryimage\"},\"thumbnailUrl\":\"https:\\\/\\\/www.consultingcheck.com\\\/wp-content\\\/uploads\\\/2023\\\/02\\\/checkliste-fuer-investitionen-1.jpg\",\"datePublished\":\"2023-02-02T10:50:59+00:00\",\"dateModified\":\"2024-06-18T09:27:38+00:00\",\"description\":\"Zur Klassifizierung und Beurteilung von Investitionsvorhaben: Laden Sie jetzt unsere Word-Checkliste f\u00fcr Investitionen herunter!\",\"breadcrumb\":{\"@id\":\"https:\\\/\\\/www.consultingcheck.com\\\/de\\\/ressource\\\/checkliste-fuer-investitionen\\\/#breadcrumb\"},\"inLanguage\":\"de\",\"potentialAction\":[{\"@type\":\"ReadAction\",\"target\":[\"https:\\\/\\\/www.consultingcheck.com\\\/de\\\/ressource\\\/checkliste-fuer-investitionen\\\/\"]}]},{\"@type\":\"ImageObject\",\"inLanguage\":\"de\",\"@id\":\"https:\\\/\\\/www.consultingcheck.com\\\/de\\\/ressource\\\/checkliste-fuer-investitionen\\\/#primaryimage\",\"url\":\"https:\\\/\\\/www.consultingcheck.com\\\/wp-content\\\/uploads\\\/2023\\\/02\\\/checkliste-fuer-investitionen-1.jpg\",\"contentUrl\":\"https:\\\/\\\/www.consultingcheck.com\\\/wp-content\\\/uploads\\\/2023\\\/02\\\/checkliste-fuer-investitionen-1.jpg\",\"width\":1000,\"height\":679,\"caption\":\"Ein Screenshot der Checkliste f\u00fcr Investitionen.\"},{\"@type\":\"BreadcrumbList\",\"@id\":\"https:\\\/\\\/www.consultingcheck.com\\\/de\\\/ressource\\\/checkliste-fuer-investitionen\\\/#breadcrumb\",\"itemListElement\":[{\"@type\":\"ListItem\",\"position\":1,\"name\":\"Startseite\",\"item\":\"https:\\\/\\\/www.consultingcheck.com\\\/de\\\/\"},{\"@type\":\"ListItem\",\"position\":2,\"name\":\"Downloads, Anwendungen und Produkte\",\"item\":\"https:\\\/\\\/www.consultingcheck.com\\\/de\\\/tools\\\/downloads-anwendungen-und-produkte\\\/\"},{\"@type\":\"ListItem\",\"position\":3,\"name\":\"Checkliste f\u00fcr Investitionen\"}]},{\"@type\":\"WebSite\",\"@id\":\"https:\\\/\\\/www.consultingcheck.com\\\/de\\\/#website\",\"url\":\"https:\\\/\\\/www.consultingcheck.com\\\/de\\\/\",\"name\":\"consultingcheck\",\"description\":\"Vernetzt gedacht. Entzaubert. Hands-on.\",\"potentialAction\":[{\"@type\":\"SearchAction\",\"target\":{\"@type\":\"EntryPoint\",\"urlTemplate\":\"https:\\\/\\\/www.consultingcheck.com\\\/de\\\/?s={search_term_string}\"},\"query-input\":{\"@type\":\"PropertyValueSpecification\",\"valueRequired\":true,\"valueName\":\"search_term_string\"}}],\"inLanguage\":\"de\"}]}<\/script>\n<!-- \/ Yoast SEO plugin. -->","yoast_head_json":{"title":"Checkliste f\u00fcr Investitionen herunterladen","description":"Zur Klassifizierung und Beurteilung von Investitionsvorhaben: Laden Sie jetzt unsere Word-Checkliste f\u00fcr Investitionen herunter!","robots":{"index":"index","follow":"follow","max-snippet":"max-snippet:-1","max-image-preview":"max-image-preview:large","max-video-preview":"max-video-preview:-1"},"canonical":"https:\/\/www.consultingcheck.com\/de\/ressource\/checkliste-fuer-investitionen\/","og_locale":"de_DE","og_type":"article","og_title":"Checkliste f\u00fcr Investitionen herunterladen","og_description":"Zur Klassifizierung und Beurteilung von Investitionsvorhaben: Laden Sie jetzt unsere Word-Checkliste f\u00fcr Investitionen herunter!","og_url":"https:\/\/www.consultingcheck.com\/de\/ressource\/checkliste-fuer-investitionen\/","og_site_name":"consultingcheck","article_modified_time":"2024-06-18T09:27:38+00:00","og_image":[{"width":1000,"height":679,"url":"https:\/\/www.consultingcheck.com\/wp-content\/uploads\/2023\/02\/checkliste-fuer-investitionen-1.jpg","type":"image\/jpeg"}],"twitter_card":"summary_large_image","twitter_misc":{"Gesch\u00e4tzte Lesezeit":"2\u00a0Minuten"},"schema":{"@context":"https:\/\/schema.org","@graph":[{"@type":"WebPage","@id":"https:\/\/www.consultingcheck.com\/de\/ressource\/checkliste-fuer-investitionen\/","url":"https:\/\/www.consultingcheck.com\/de\/ressource\/checkliste-fuer-investitionen\/","name":"Checkliste f\u00fcr Investitionen herunterladen","isPartOf":{"@id":"https:\/\/www.consultingcheck.com\/de\/#website"},"primaryImageOfPage":{"@id":"https:\/\/www.consultingcheck.com\/de\/ressource\/checkliste-fuer-investitionen\/#primaryimage"},"image":{"@id":"https:\/\/www.consultingcheck.com\/de\/ressource\/checkliste-fuer-investitionen\/#primaryimage"},"thumbnailUrl":"https:\/\/www.consultingcheck.com\/wp-content\/uploads\/2023\/02\/checkliste-fuer-investitionen-1.jpg","datePublished":"2023-02-02T10:50:59+00:00","dateModified":"2024-06-18T09:27:38+00:00","description":"Zur Klassifizierung und Beurteilung von Investitionsvorhaben: Laden Sie jetzt unsere Word-Checkliste f\u00fcr Investitionen herunter!","breadcrumb":{"@id":"https:\/\/www.consultingcheck.com\/de\/ressource\/checkliste-fuer-investitionen\/#breadcrumb"},"inLanguage":"de","potentialAction":[{"@type":"ReadAction","target":["https:\/\/www.consultingcheck.com\/de\/ressource\/checkliste-fuer-investitionen\/"]}]},{"@type":"ImageObject","inLanguage":"de","@id":"https:\/\/www.consultingcheck.com\/de\/ressource\/checkliste-fuer-investitionen\/#primaryimage","url":"https:\/\/www.consultingcheck.com\/wp-content\/uploads\/2023\/02\/checkliste-fuer-investitionen-1.jpg","contentUrl":"https:\/\/www.consultingcheck.com\/wp-content\/uploads\/2023\/02\/checkliste-fuer-investitionen-1.jpg","width":1000,"height":679,"caption":"Ein Screenshot der Checkliste f\u00fcr Investitionen."},{"@type":"BreadcrumbList","@id":"https:\/\/www.consultingcheck.com\/de\/ressource\/checkliste-fuer-investitionen\/#breadcrumb","itemListElement":[{"@type":"ListItem","position":1,"name":"Startseite","item":"https:\/\/www.consultingcheck.com\/de\/"},{"@type":"ListItem","position":2,"name":"Downloads, Anwendungen und Produkte","item":"https:\/\/www.consultingcheck.com\/de\/tools\/downloads-anwendungen-und-produkte\/"},{"@type":"ListItem","position":3,"name":"Checkliste f\u00fcr Investitionen"}]},{"@type":"WebSite","@id":"https:\/\/www.consultingcheck.com\/de\/#website","url":"https:\/\/www.consultingcheck.com\/de\/","name":"consultingcheck","description":"Vernetzt gedacht. Entzaubert. Hands-on.","potentialAction":[{"@type":"SearchAction","target":{"@type":"EntryPoint","urlTemplate":"https:\/\/www.consultingcheck.com\/de\/?s={search_term_string}"},"query-input":{"@type":"PropertyValueSpecification","valueRequired":true,"valueName":"search_term_string"}}],"inLanguage":"de"}]}},"_links":{"self":[{"href":"https:\/\/www.consultingcheck.com\/de\/wp-json\/wp\/v2\/product\/14858","targetHints":{"allow":["GET"]}}],"collection":[{"href":"https:\/\/www.consultingcheck.com\/de\/wp-json\/wp\/v2\/product"}],"about":[{"href":"https:\/\/www.consultingcheck.com\/de\/wp-json\/wp\/v2\/types\/product"}],"wp:featuredmedia":[{"embeddable":true,"href":"https:\/\/www.consultingcheck.com\/de\/wp-json\/wp\/v2\/media\/20093"}],"wp:attachment":[{"href":"https:\/\/www.consultingcheck.com\/de\/wp-json\/wp\/v2\/media?parent=14858"}],"wp:term":[{"taxonomy":"product_brand","embeddable":true,"href":"https:\/\/www.consultingcheck.com\/de\/wp-json\/wp\/v2\/product_brand?post=14858"},{"taxonomy":"product_cat","embeddable":true,"href":"https:\/\/www.consultingcheck.com\/de\/wp-json\/wp\/v2\/product_cat?post=14858"},{"taxonomy":"product_tag","embeddable":true,"href":"https:\/\/www.consultingcheck.com\/de\/wp-json\/wp\/v2\/product_tag?post=14858"},{"taxonomy":"jask_topic_categories","embeddable":true,"href":"https:\/\/www.consultingcheck.com\/de\/wp-json\/wp\/v2\/jask_topic_categories?post=14858"}],"curies":[{"name":"wp","href":"https:\/\/api.w.org\/{rel}","templated":true}]}}