{"id":10957,"date":"2022-11-01T16:08:32","date_gmt":"2022-11-01T15:08:32","guid":{"rendered":"https:\/\/www.consultingcheck.com\/?post_type=product&#038;p=10957"},"modified":"2024-06-18T12:28:13","modified_gmt":"2024-06-18T10:28:13","slug":"vorlage-fuer-die-vorbereitung-fuehrung-und-dokumentation-von-mitarbeitergespraechen","status":"publish","type":"product","link":"https:\/\/www.consultingcheck.com\/de\/ressource\/vorlage-fuer-die-vorbereitung-fuehrung-und-dokumentation-von-mitarbeitergespraechen\/","title":{"rendered":"Vorlage f\u00fcr die Vorbereitung, F\u00fchrung und Dokumentation von Mitarbeitergespr\u00e4chen"},"content":{"rendered":"<h3>Inhalte<\/h3>\n<p>Hier finden Sie eine 2 \u00bd-seitige praxiserprobte Vorlage, die Ihnen hilft, Mitarbeitergespr\u00e4che strukturiert und professionell zu f\u00fchren. Die Vorlage konzentriert sich zun\u00e4chst auf die Beurteilung der Bereitschaft, der F\u00e4higkeiten und der Leistung des Mitarbeiters, mit dem Sie ein Beurteilungsgespr\u00e4ch f\u00fchren m\u00f6chten, bevor die Facette der Kompetenzentwicklung hinterfragt wird. Schlie\u00dflich hilft Ihnen die Vorlage dabei, erw\u00fcnschte k\u00fcnftige Entwicklungen des Mitarbeiters zu besprechen und vereinbarte Schritte dahin zu dokumentieren.<\/p>\n<p>&nbsp;<\/p>\n<h3>Vorteile<\/h3>\n<ul>\n<li>Mit dieser Vorlage gelingt es Ihnen, im Mitarbeitergespr\u00e4ch die wesentlichen F\u00e4higkeiten strukturiert zu hinterfragen.<\/li>\n<li>Sie sparen sich die Zeit und den Aufwand, selbst eine Struktur zu bilden und zu formatieren.<\/li>\n<li>Durch die regelm\u00e4\u00dfige Anwendung dieser Vorlage gelangen Sie zu einer einheitlichen Aufnahme der Mitarbeiterbeurteilungen in Ihrem Unternehmen.<\/li>\n<\/ul>\n<h3><\/h3>\n<h3>Digitaler Download<\/h3>\n<p>Nach der Bestellung erhalten Sie einen Download-Link zur Vorlage, die Sie sofort nutzen k\u00f6nnen.<\/p>\n<p>Bitte beachten Sie, dass diese Vorlage, zu der Sie den Zugang erwerben, ausschlie\u00dflich f\u00fcr Ihren pers\u00f6nlichen Gebrauch bestimmt sind. Es ist untersagt, die Folien in jeglicher Form und in jeglicher digitaler oder physischer Weise weiterzuverkaufen oder sie ohne meine Erlaubnis in einer physischen oder Online-Ver\u00f6ffentlichung zu ver\u00f6ffentlichen. Ich bin der einzige Copyright-Inhaber dieser Datei.<\/p>\n<p>Link zum Download: pdf-Dokument<\/p>\n","protected":false},"excerpt":{"rendered":"<h2>Einheitliche und zielf\u00fchrende Mitarbeitergespr\u00e4che umsetzen mit unserer strukturierten Vorlage!<\/h2>\n","protected":false},"featured_media":20039,"template":"","meta":{"_links_to":"","_links_to_target":""},"product_brand":[],"product_cat":[1227,592,594],"product_tag":[],"jask_topic_categories":[1217,1220,120,249,257,312,321,313,314,315,316,317,320,379,378],"class_list":{"0":"post-10957","1":"product","2":"type-product","3":"status-publish","4":"has-post-thumbnail","6":"product_cat-management","7":"product_cat-checkliste","8":"product_cat-leadership","9":"jask_topic_categories-gruendung","10":"jask_topic_categories-management","11":"jask_topic_categories-operative-vertriebsfuehrung","12":"jask_topic_categories-organisation-und-personal","13":"jask_topic_categories-personalfuehrung","14":"jask_topic_categories-mitarbeitergespraeche","15":"jask_topic_categories-konfliktmanagement","16":"jask_topic_categories-gespraechsvorbereitung","17":"jask_topic_categories-gespraechsstrukturierung","18":"jask_topic_categories-gespraechsprinzipien","19":"jask_topic_categories-ursachen-fuer-misserfolg-in-mitarbeitergespraechen","20":"jask_topic_categories-kritikgespraeche","21":"jask_topic_categories-umgang-mit-ehemaligen-mitarbeitern","22":"jask_topic_categories-corporate-social-responsibility-csr","23":"jask_topic_categories-corporate-social-responsibility-csr-und-employer-branding","25":"first","26":"instock","27":"taxable","28":"shipping-taxable","29":"purchasable","30":"product-type-variable"},"yoast_head":"<!-- This site is optimized with the Yoast SEO plugin v27.3 - https:\/\/yoast.com\/product\/yoast-seo-wordpress\/ -->\n<title>PDF-Vorlage zur F\u00fchrung von Mitarbeitergespr\u00e4chen downloaden<\/title>\n<meta name=\"description\" content=\"Mitarbeitergespr\u00e4che richtig f\u00fchren: Kein Problem mit der praktischen PDF-Vorlage von consultingcheck. Jetzt einfach herunterladen!\" \/>\n<meta name=\"robots\" content=\"index, follow, max-snippet:-1, max-image-preview:large, max-video-preview:-1\" \/>\n<link rel=\"canonical\" href=\"https:\/\/www.consultingcheck.com\/de\/ressource\/vorlage-fuer-die-vorbereitung-fuehrung-und-dokumentation-von-mitarbeitergespraechen\/\" \/>\n<meta property=\"og:locale\" content=\"de_DE\" \/>\n<meta property=\"og:type\" content=\"article\" \/>\n<meta property=\"og:title\" content=\"PDF-Vorlage zur F\u00fchrung von Mitarbeitergespr\u00e4chen downloaden\" \/>\n<meta property=\"og:description\" content=\"Mitarbeitergespr\u00e4che richtig f\u00fchren: Kein Problem mit der praktischen PDF-Vorlage von consultingcheck. Jetzt einfach herunterladen!\" \/>\n<meta property=\"og:url\" content=\"https:\/\/www.consultingcheck.com\/de\/ressource\/vorlage-fuer-die-vorbereitung-fuehrung-und-dokumentation-von-mitarbeitergespraechen\/\" \/>\n<meta property=\"og:site_name\" content=\"consultingcheck\" \/>\n<meta property=\"article:modified_time\" content=\"2024-06-18T10:28:13+00:00\" \/>\n<meta property=\"og:image\" content=\"https:\/\/www.consultingcheck.com\/wp-content\/uploads\/2022\/11\/vorlage-fuer-die-vorbereitung-fuehrung-und-dokumentation-von-mitarbeitergespraechen.jpg\" \/>\n\t<meta property=\"og:image:width\" content=\"1000\" \/>\n\t<meta property=\"og:image:height\" content=\"679\" \/>\n\t<meta property=\"og:image:type\" content=\"image\/jpeg\" \/>\n<meta name=\"twitter:card\" content=\"summary_large_image\" \/>\n<meta name=\"twitter:label1\" content=\"Gesch\u00e4tzte Lesezeit\" \/>\n\t<meta name=\"twitter:data1\" content=\"2\u00a0Minuten\" \/>\n<script type=\"application\/ld+json\" class=\"yoast-schema-graph\">{\"@context\":\"https:\\\/\\\/schema.org\",\"@graph\":[{\"@type\":\"WebPage\",\"@id\":\"https:\\\/\\\/www.consultingcheck.com\\\/de\\\/ressource\\\/vorlage-fuer-die-vorbereitung-fuehrung-und-dokumentation-von-mitarbeitergespraechen\\\/\",\"url\":\"https:\\\/\\\/www.consultingcheck.com\\\/de\\\/ressource\\\/vorlage-fuer-die-vorbereitung-fuehrung-und-dokumentation-von-mitarbeitergespraechen\\\/\",\"name\":\"PDF-Vorlage zur F\u00fchrung von Mitarbeitergespr\u00e4chen downloaden\",\"isPartOf\":{\"@id\":\"https:\\\/\\\/www.consultingcheck.com\\\/de\\\/#website\"},\"primaryImageOfPage\":{\"@id\":\"https:\\\/\\\/www.consultingcheck.com\\\/de\\\/ressource\\\/vorlage-fuer-die-vorbereitung-fuehrung-und-dokumentation-von-mitarbeitergespraechen\\\/#primaryimage\"},\"image\":{\"@id\":\"https:\\\/\\\/www.consultingcheck.com\\\/de\\\/ressource\\\/vorlage-fuer-die-vorbereitung-fuehrung-und-dokumentation-von-mitarbeitergespraechen\\\/#primaryimage\"},\"thumbnailUrl\":\"https:\\\/\\\/www.consultingcheck.com\\\/wp-content\\\/uploads\\\/2022\\\/11\\\/vorlage-fuer-die-vorbereitung-fuehrung-und-dokumentation-von-mitarbeitergespraechen.jpg\",\"datePublished\":\"2022-11-01T15:08:32+00:00\",\"dateModified\":\"2024-06-18T10:28:13+00:00\",\"description\":\"Mitarbeitergespr\u00e4che richtig f\u00fchren: Kein Problem mit der praktischen PDF-Vorlage von consultingcheck. Jetzt einfach herunterladen!\",\"breadcrumb\":{\"@id\":\"https:\\\/\\\/www.consultingcheck.com\\\/de\\\/ressource\\\/vorlage-fuer-die-vorbereitung-fuehrung-und-dokumentation-von-mitarbeitergespraechen\\\/#breadcrumb\"},\"inLanguage\":\"de\",\"potentialAction\":[{\"@type\":\"ReadAction\",\"target\":[\"https:\\\/\\\/www.consultingcheck.com\\\/de\\\/ressource\\\/vorlage-fuer-die-vorbereitung-fuehrung-und-dokumentation-von-mitarbeitergespraechen\\\/\"]}]},{\"@type\":\"ImageObject\",\"inLanguage\":\"de\",\"@id\":\"https:\\\/\\\/www.consultingcheck.com\\\/de\\\/ressource\\\/vorlage-fuer-die-vorbereitung-fuehrung-und-dokumentation-von-mitarbeitergespraechen\\\/#primaryimage\",\"url\":\"https:\\\/\\\/www.consultingcheck.com\\\/wp-content\\\/uploads\\\/2022\\\/11\\\/vorlage-fuer-die-vorbereitung-fuehrung-und-dokumentation-von-mitarbeitergespraechen.jpg\",\"contentUrl\":\"https:\\\/\\\/www.consultingcheck.com\\\/wp-content\\\/uploads\\\/2022\\\/11\\\/vorlage-fuer-die-vorbereitung-fuehrung-und-dokumentation-von-mitarbeitergespraechen.jpg\",\"width\":1000,\"height\":679,\"caption\":\"Ein Screenshot der Vorlage f\u00fcr die Vorbereitung, F\u00fchrung und Dokumentation von Mitarbeitergespr\u00e4chen.\"},{\"@type\":\"BreadcrumbList\",\"@id\":\"https:\\\/\\\/www.consultingcheck.com\\\/de\\\/ressource\\\/vorlage-fuer-die-vorbereitung-fuehrung-und-dokumentation-von-mitarbeitergespraechen\\\/#breadcrumb\",\"itemListElement\":[{\"@type\":\"ListItem\",\"position\":1,\"name\":\"Startseite\",\"item\":\"https:\\\/\\\/www.consultingcheck.com\\\/de\\\/\"},{\"@type\":\"ListItem\",\"position\":2,\"name\":\"Downloads, Anwendungen und Produkte\",\"item\":\"https:\\\/\\\/www.consultingcheck.com\\\/de\\\/tools\\\/downloads-anwendungen-und-produkte\\\/\"},{\"@type\":\"ListItem\",\"position\":3,\"name\":\"Vorlage f\u00fcr die Vorbereitung, F\u00fchrung und Dokumentation von Mitarbeitergespr\u00e4chen\"}]},{\"@type\":\"WebSite\",\"@id\":\"https:\\\/\\\/www.consultingcheck.com\\\/de\\\/#website\",\"url\":\"https:\\\/\\\/www.consultingcheck.com\\\/de\\\/\",\"name\":\"consultingcheck\",\"description\":\"Vernetzt gedacht. Entzaubert. Hands-on.\",\"potentialAction\":[{\"@type\":\"SearchAction\",\"target\":{\"@type\":\"EntryPoint\",\"urlTemplate\":\"https:\\\/\\\/www.consultingcheck.com\\\/de\\\/?s={search_term_string}\"},\"query-input\":{\"@type\":\"PropertyValueSpecification\",\"valueRequired\":true,\"valueName\":\"search_term_string\"}}],\"inLanguage\":\"de\"}]}<\/script>\n<!-- \/ Yoast SEO plugin. -->","yoast_head_json":{"title":"PDF-Vorlage zur F\u00fchrung von Mitarbeitergespr\u00e4chen downloaden","description":"Mitarbeitergespr\u00e4che richtig f\u00fchren: Kein Problem mit der praktischen PDF-Vorlage von consultingcheck. Jetzt einfach herunterladen!","robots":{"index":"index","follow":"follow","max-snippet":"max-snippet:-1","max-image-preview":"max-image-preview:large","max-video-preview":"max-video-preview:-1"},"canonical":"https:\/\/www.consultingcheck.com\/de\/ressource\/vorlage-fuer-die-vorbereitung-fuehrung-und-dokumentation-von-mitarbeitergespraechen\/","og_locale":"de_DE","og_type":"article","og_title":"PDF-Vorlage zur F\u00fchrung von Mitarbeitergespr\u00e4chen downloaden","og_description":"Mitarbeitergespr\u00e4che richtig f\u00fchren: Kein Problem mit der praktischen PDF-Vorlage von consultingcheck. Jetzt einfach herunterladen!","og_url":"https:\/\/www.consultingcheck.com\/de\/ressource\/vorlage-fuer-die-vorbereitung-fuehrung-und-dokumentation-von-mitarbeitergespraechen\/","og_site_name":"consultingcheck","article_modified_time":"2024-06-18T10:28:13+00:00","og_image":[{"width":1000,"height":679,"url":"https:\/\/www.consultingcheck.com\/wp-content\/uploads\/2022\/11\/vorlage-fuer-die-vorbereitung-fuehrung-und-dokumentation-von-mitarbeitergespraechen.jpg","type":"image\/jpeg"}],"twitter_card":"summary_large_image","twitter_misc":{"Gesch\u00e4tzte Lesezeit":"2\u00a0Minuten"},"schema":{"@context":"https:\/\/schema.org","@graph":[{"@type":"WebPage","@id":"https:\/\/www.consultingcheck.com\/de\/ressource\/vorlage-fuer-die-vorbereitung-fuehrung-und-dokumentation-von-mitarbeitergespraechen\/","url":"https:\/\/www.consultingcheck.com\/de\/ressource\/vorlage-fuer-die-vorbereitung-fuehrung-und-dokumentation-von-mitarbeitergespraechen\/","name":"PDF-Vorlage zur F\u00fchrung von Mitarbeitergespr\u00e4chen downloaden","isPartOf":{"@id":"https:\/\/www.consultingcheck.com\/de\/#website"},"primaryImageOfPage":{"@id":"https:\/\/www.consultingcheck.com\/de\/ressource\/vorlage-fuer-die-vorbereitung-fuehrung-und-dokumentation-von-mitarbeitergespraechen\/#primaryimage"},"image":{"@id":"https:\/\/www.consultingcheck.com\/de\/ressource\/vorlage-fuer-die-vorbereitung-fuehrung-und-dokumentation-von-mitarbeitergespraechen\/#primaryimage"},"thumbnailUrl":"https:\/\/www.consultingcheck.com\/wp-content\/uploads\/2022\/11\/vorlage-fuer-die-vorbereitung-fuehrung-und-dokumentation-von-mitarbeitergespraechen.jpg","datePublished":"2022-11-01T15:08:32+00:00","dateModified":"2024-06-18T10:28:13+00:00","description":"Mitarbeitergespr\u00e4che richtig f\u00fchren: Kein Problem mit der praktischen PDF-Vorlage von consultingcheck. Jetzt einfach herunterladen!","breadcrumb":{"@id":"https:\/\/www.consultingcheck.com\/de\/ressource\/vorlage-fuer-die-vorbereitung-fuehrung-und-dokumentation-von-mitarbeitergespraechen\/#breadcrumb"},"inLanguage":"de","potentialAction":[{"@type":"ReadAction","target":["https:\/\/www.consultingcheck.com\/de\/ressource\/vorlage-fuer-die-vorbereitung-fuehrung-und-dokumentation-von-mitarbeitergespraechen\/"]}]},{"@type":"ImageObject","inLanguage":"de","@id":"https:\/\/www.consultingcheck.com\/de\/ressource\/vorlage-fuer-die-vorbereitung-fuehrung-und-dokumentation-von-mitarbeitergespraechen\/#primaryimage","url":"https:\/\/www.consultingcheck.com\/wp-content\/uploads\/2022\/11\/vorlage-fuer-die-vorbereitung-fuehrung-und-dokumentation-von-mitarbeitergespraechen.jpg","contentUrl":"https:\/\/www.consultingcheck.com\/wp-content\/uploads\/2022\/11\/vorlage-fuer-die-vorbereitung-fuehrung-und-dokumentation-von-mitarbeitergespraechen.jpg","width":1000,"height":679,"caption":"Ein Screenshot der Vorlage f\u00fcr die Vorbereitung, F\u00fchrung und Dokumentation von Mitarbeitergespr\u00e4chen."},{"@type":"BreadcrumbList","@id":"https:\/\/www.consultingcheck.com\/de\/ressource\/vorlage-fuer-die-vorbereitung-fuehrung-und-dokumentation-von-mitarbeitergespraechen\/#breadcrumb","itemListElement":[{"@type":"ListItem","position":1,"name":"Startseite","item":"https:\/\/www.consultingcheck.com\/de\/"},{"@type":"ListItem","position":2,"name":"Downloads, Anwendungen und Produkte","item":"https:\/\/www.consultingcheck.com\/de\/tools\/downloads-anwendungen-und-produkte\/"},{"@type":"ListItem","position":3,"name":"Vorlage f\u00fcr die Vorbereitung, F\u00fchrung und Dokumentation von Mitarbeitergespr\u00e4chen"}]},{"@type":"WebSite","@id":"https:\/\/www.consultingcheck.com\/de\/#website","url":"https:\/\/www.consultingcheck.com\/de\/","name":"consultingcheck","description":"Vernetzt gedacht. Entzaubert. Hands-on.","potentialAction":[{"@type":"SearchAction","target":{"@type":"EntryPoint","urlTemplate":"https:\/\/www.consultingcheck.com\/de\/?s={search_term_string}"},"query-input":{"@type":"PropertyValueSpecification","valueRequired":true,"valueName":"search_term_string"}}],"inLanguage":"de"}]}},"_links":{"self":[{"href":"https:\/\/www.consultingcheck.com\/de\/wp-json\/wp\/v2\/product\/10957","targetHints":{"allow":["GET"]}}],"collection":[{"href":"https:\/\/www.consultingcheck.com\/de\/wp-json\/wp\/v2\/product"}],"about":[{"href":"https:\/\/www.consultingcheck.com\/de\/wp-json\/wp\/v2\/types\/product"}],"wp:featuredmedia":[{"embeddable":true,"href":"https:\/\/www.consultingcheck.com\/de\/wp-json\/wp\/v2\/media\/20039"}],"wp:attachment":[{"href":"https:\/\/www.consultingcheck.com\/de\/wp-json\/wp\/v2\/media?parent=10957"}],"wp:term":[{"taxonomy":"product_brand","embeddable":true,"href":"https:\/\/www.consultingcheck.com\/de\/wp-json\/wp\/v2\/product_brand?post=10957"},{"taxonomy":"product_cat","embeddable":true,"href":"https:\/\/www.consultingcheck.com\/de\/wp-json\/wp\/v2\/product_cat?post=10957"},{"taxonomy":"product_tag","embeddable":true,"href":"https:\/\/www.consultingcheck.com\/de\/wp-json\/wp\/v2\/product_tag?post=10957"},{"taxonomy":"jask_topic_categories","embeddable":true,"href":"https:\/\/www.consultingcheck.com\/de\/wp-json\/wp\/v2\/jask_topic_categories?post=10957"}],"curies":[{"name":"wp","href":"https:\/\/api.w.org\/{rel}","templated":true}]}}