{"id":10953,"date":"2022-11-03T10:02:38","date_gmt":"2022-11-03T09:02:38","guid":{"rendered":"https:\/\/www.consultingcheck.com\/?post_type=product&#038;p=10953"},"modified":"2024-06-18T12:27:18","modified_gmt":"2024-06-18T10:27:18","slug":"vorlage-vertriebsprozesse-in-handelsunternehmen","status":"publish","type":"product","link":"https:\/\/www.consultingcheck.com\/de\/ressource\/vorlage-vertriebsprozesse-in-handelsunternehmen\/","title":{"rendered":"Vorlage Vertriebsprozesse in Handelsunternehmen"},"content":{"rendered":"<h3>Inhalte<\/h3>\n<p>Dieses Produkt enth\u00e4lt 7 durchdachte Prozessdarstellungen, die sich f\u00fcr den Vertrieb in Handelsunternehmen praktisch bew\u00e4hrt haben.<\/p>\n<p>Die Prozesse sind mit MS Visio erstellt und stehen Nutzern als offene Dokumente zur Anpassung an die individuellen Verh\u00e4ltnisse in Unternehmen und pdf zur Verf\u00fcgung.<\/p>\n<p>Im Einzelnen enth\u00e4lt dieses Produkt folgende Prozesse f\u00fcr den Vertrieb in Handelsunternehmen:<\/p>\n<ul>\n<li>Prozess zur Anfragengewinnung<\/li>\n<li>Prozess zur Angebotserstellung<\/li>\n<li>Prozess zur Auftragsbest\u00e4tigung<\/li>\n<li>Prozess zur Auftragsauslieferung<\/li>\n<li>Prozess Zahlungseingang<\/li>\n<li>Prozess zum Umgang mit kundenseitigen Mangelanzeigen<\/li>\n<li>Prozess zur Prozessver\u00e4nderung<\/li>\n<\/ul>\n<p>&nbsp;<\/p>\n<h3>Vorteile<\/h3>\n<ul>\n<li>Sie erhalten Zugang zu durchdachten, in MS Visio sowie pdf dargestellten Prozessen, die sich in der Unternehmenspraxis bew\u00e4hrt haben.<\/li>\n<li>Sie k\u00f6nnen diese Prozesse in Ihrem Unternehmen sofort einsetzen. Ggf. m\u00fcssen Sie lediglich unternehmensspezifische Bezeichnungen von Abteilungen anpassen.<\/li>\n<li>Durch die Einf\u00fchrung dieser Vertriebsprozesse vermeiden Sie teure Fehler.<\/li>\n<li>Auch wenn Sie Ihre bestehenden Prozesse \u00fcberarbeiten m\u00f6chten, erhalten Sie durch diese Prozessdarstellungen wertvolle Impulse<\/li>\n<\/ul>\n<p>&nbsp;<\/p>\n<h3>Digitaler Download<\/h3>\n<p>Nach der Bestellung erhalten Sie einen Download-Link zu den Visio-\/pdf-Prozessdarstellungen, die Sie sofort nutzen k\u00f6nnen.<\/p>\n<p>Bitte beachten Sie, dass die Prozessdarstellungen, zu dem Sie den Zugang erwerben, ausschlie\u00dflich f\u00fcr Ihren pers\u00f6nlichen Gebrauch bestimmt sind. Es ist untersagt, die Darstellungen in jeglicher Form und in jeglicher digitaler oder physischer Weise weiterzuverkaufen oder sie ohne meine Erlaubnis in einer physischen oder Online-Ver\u00f6ffentlichung zu ver\u00f6ffentlichen. Ich bin der einzige Copyright-Inhaber dieser Dateien.<\/p>\n<p>Link zum Download: pdf<\/p>\n","protected":false},"excerpt":{"rendered":"<h2>Bauen Sie den Vertrieb Ihres Handelsunternehmens strategisch auf \u2013 mit unseren sieben Prozessdarstellungen!<\/h2>\n","protected":false},"featured_media":20174,"template":"","meta":{"_links_to":"","_links_to_target":""},"product_brand":[],"product_cat":[593,603,1228,1230],"product_tag":[],"jask_topic_categories":[1217,1220,76,115,142,251,368,547],"class_list":{"0":"post-10953","1":"product","2":"type-product","3":"status-publish","4":"has-post-thumbnail","6":"product_cat-muster","7":"product_cat-formatvorlage","8":"product_cat-prozesse","9":"product_cat-vertrieb","10":"jask_topic_categories-gruendung","11":"jask_topic_categories-management","12":"jask_topic_categories-marketing-und-vertrieb","13":"jask_topic_categories-vertriebsorganisation","14":"jask_topic_categories-einfluss-von-absatz-und-umsatzerloesen-auf-den-ertrag","15":"jask_topic_categories-prozesse","16":"jask_topic_categories-prozessorientierte-organisation","17":"jask_topic_categories-managementsysteme","19":"first","20":"instock","21":"taxable","22":"shipping-taxable","23":"purchasable","24":"product-type-variable"},"yoast_head":"<!-- This site is optimized with the Yoast SEO plugin v27.5 - https:\/\/yoast.com\/product\/yoast-seo-wordpress\/ -->\n<title>PDF-Vorlage: Vertriebsprozesse in Handelsunternehmen<\/title>\n<meta name=\"description\" content=\"7 durchdachte Prozessdarstellungen, die sich f\u00fcr den Vertrieb in Handelsunternehmen praktisch bew\u00e4hrt haben. Jetzt PDF-Vorlage downloaden!\" \/>\n<meta name=\"robots\" content=\"index, follow, max-snippet:-1, max-image-preview:large, max-video-preview:-1\" \/>\n<link rel=\"canonical\" href=\"https:\/\/www.consultingcheck.com\/de\/ressource\/vorlage-vertriebsprozesse-in-handelsunternehmen\/\" \/>\n<meta property=\"og:locale\" content=\"de_DE\" \/>\n<meta property=\"og:type\" content=\"article\" \/>\n<meta property=\"og:title\" content=\"PDF-Vorlage: Vertriebsprozesse in Handelsunternehmen\" \/>\n<meta property=\"og:description\" content=\"7 durchdachte Prozessdarstellungen, die sich f\u00fcr den Vertrieb in Handelsunternehmen praktisch bew\u00e4hrt haben. Jetzt PDF-Vorlage downloaden!\" \/>\n<meta property=\"og:url\" content=\"https:\/\/www.consultingcheck.com\/de\/ressource\/vorlage-vertriebsprozesse-in-handelsunternehmen\/\" \/>\n<meta property=\"og:site_name\" content=\"consultingcheck\" \/>\n<meta property=\"article:modified_time\" content=\"2024-06-18T10:27:18+00:00\" \/>\n<meta property=\"og:image\" content=\"https:\/\/www.consultingcheck.com\/wp-content\/uploads\/2022\/11\/vorlage-vertriebsprozesse-in-handelsunternehmen.jpg\" \/>\n\t<meta property=\"og:image:width\" content=\"1000\" \/>\n\t<meta property=\"og:image:height\" content=\"679\" \/>\n\t<meta property=\"og:image:type\" content=\"image\/jpeg\" \/>\n<meta name=\"twitter:card\" content=\"summary_large_image\" \/>\n<meta name=\"twitter:label1\" content=\"Gesch\u00e4tzte Lesezeit\" \/>\n\t<meta name=\"twitter:data1\" content=\"2\u00a0Minuten\" \/>\n<script type=\"application\/ld+json\" class=\"yoast-schema-graph\">{\"@context\":\"https:\\\/\\\/schema.org\",\"@graph\":[{\"@type\":\"WebPage\",\"@id\":\"https:\\\/\\\/www.consultingcheck.com\\\/de\\\/ressource\\\/vorlage-vertriebsprozesse-in-handelsunternehmen\\\/\",\"url\":\"https:\\\/\\\/www.consultingcheck.com\\\/de\\\/ressource\\\/vorlage-vertriebsprozesse-in-handelsunternehmen\\\/\",\"name\":\"PDF-Vorlage: Vertriebsprozesse in Handelsunternehmen\",\"isPartOf\":{\"@id\":\"https:\\\/\\\/www.consultingcheck.com\\\/de\\\/#website\"},\"primaryImageOfPage\":{\"@id\":\"https:\\\/\\\/www.consultingcheck.com\\\/de\\\/ressource\\\/vorlage-vertriebsprozesse-in-handelsunternehmen\\\/#primaryimage\"},\"image\":{\"@id\":\"https:\\\/\\\/www.consultingcheck.com\\\/de\\\/ressource\\\/vorlage-vertriebsprozesse-in-handelsunternehmen\\\/#primaryimage\"},\"thumbnailUrl\":\"https:\\\/\\\/www.consultingcheck.com\\\/wp-content\\\/uploads\\\/2022\\\/11\\\/vorlage-vertriebsprozesse-in-handelsunternehmen.jpg\",\"datePublished\":\"2022-11-03T09:02:38+00:00\",\"dateModified\":\"2024-06-18T10:27:18+00:00\",\"description\":\"7 durchdachte Prozessdarstellungen, die sich f\u00fcr den Vertrieb in Handelsunternehmen praktisch bew\u00e4hrt haben. Jetzt PDF-Vorlage downloaden!\",\"breadcrumb\":{\"@id\":\"https:\\\/\\\/www.consultingcheck.com\\\/de\\\/ressource\\\/vorlage-vertriebsprozesse-in-handelsunternehmen\\\/#breadcrumb\"},\"inLanguage\":\"de\",\"potentialAction\":[{\"@type\":\"ReadAction\",\"target\":[\"https:\\\/\\\/www.consultingcheck.com\\\/de\\\/ressource\\\/vorlage-vertriebsprozesse-in-handelsunternehmen\\\/\"]}]},{\"@type\":\"ImageObject\",\"inLanguage\":\"de\",\"@id\":\"https:\\\/\\\/www.consultingcheck.com\\\/de\\\/ressource\\\/vorlage-vertriebsprozesse-in-handelsunternehmen\\\/#primaryimage\",\"url\":\"https:\\\/\\\/www.consultingcheck.com\\\/wp-content\\\/uploads\\\/2022\\\/11\\\/vorlage-vertriebsprozesse-in-handelsunternehmen.jpg\",\"contentUrl\":\"https:\\\/\\\/www.consultingcheck.com\\\/wp-content\\\/uploads\\\/2022\\\/11\\\/vorlage-vertriebsprozesse-in-handelsunternehmen.jpg\",\"width\":1000,\"height\":679,\"caption\":\"Ein Screenshot der Vorlage f\u00fcr Vertriebsprozesse in Handelsunternehmen.\"},{\"@type\":\"BreadcrumbList\",\"@id\":\"https:\\\/\\\/www.consultingcheck.com\\\/de\\\/ressource\\\/vorlage-vertriebsprozesse-in-handelsunternehmen\\\/#breadcrumb\",\"itemListElement\":[{\"@type\":\"ListItem\",\"position\":1,\"name\":\"Startseite\",\"item\":\"https:\\\/\\\/www.consultingcheck.com\\\/de\\\/\"},{\"@type\":\"ListItem\",\"position\":2,\"name\":\"Downloads, Anwendungen und Produkte\",\"item\":\"https:\\\/\\\/www.consultingcheck.com\\\/de\\\/tools\\\/downloads-anwendungen-und-produkte\\\/\"},{\"@type\":\"ListItem\",\"position\":3,\"name\":\"Vorlage Vertriebsprozesse in Handelsunternehmen\"}]},{\"@type\":\"WebSite\",\"@id\":\"https:\\\/\\\/www.consultingcheck.com\\\/de\\\/#website\",\"url\":\"https:\\\/\\\/www.consultingcheck.com\\\/de\\\/\",\"name\":\"consultingcheck\",\"description\":\"Vernetzt gedacht. Entzaubert. Hands-on.\",\"potentialAction\":[{\"@type\":\"SearchAction\",\"target\":{\"@type\":\"EntryPoint\",\"urlTemplate\":\"https:\\\/\\\/www.consultingcheck.com\\\/de\\\/?s={search_term_string}\"},\"query-input\":{\"@type\":\"PropertyValueSpecification\",\"valueRequired\":true,\"valueName\":\"search_term_string\"}}],\"inLanguage\":\"de\"}]}<\/script>\n<!-- \/ Yoast SEO plugin. -->","yoast_head_json":{"title":"PDF-Vorlage: Vertriebsprozesse in Handelsunternehmen","description":"7 durchdachte Prozessdarstellungen, die sich f\u00fcr den Vertrieb in Handelsunternehmen praktisch bew\u00e4hrt haben. Jetzt PDF-Vorlage downloaden!","robots":{"index":"index","follow":"follow","max-snippet":"max-snippet:-1","max-image-preview":"max-image-preview:large","max-video-preview":"max-video-preview:-1"},"canonical":"https:\/\/www.consultingcheck.com\/de\/ressource\/vorlage-vertriebsprozesse-in-handelsunternehmen\/","og_locale":"de_DE","og_type":"article","og_title":"PDF-Vorlage: Vertriebsprozesse in Handelsunternehmen","og_description":"7 durchdachte Prozessdarstellungen, die sich f\u00fcr den Vertrieb in Handelsunternehmen praktisch bew\u00e4hrt haben. Jetzt PDF-Vorlage downloaden!","og_url":"https:\/\/www.consultingcheck.com\/de\/ressource\/vorlage-vertriebsprozesse-in-handelsunternehmen\/","og_site_name":"consultingcheck","article_modified_time":"2024-06-18T10:27:18+00:00","og_image":[{"width":1000,"height":679,"url":"https:\/\/www.consultingcheck.com\/wp-content\/uploads\/2022\/11\/vorlage-vertriebsprozesse-in-handelsunternehmen.jpg","type":"image\/jpeg"}],"twitter_card":"summary_large_image","twitter_misc":{"Gesch\u00e4tzte Lesezeit":"2\u00a0Minuten"},"schema":{"@context":"https:\/\/schema.org","@graph":[{"@type":"WebPage","@id":"https:\/\/www.consultingcheck.com\/de\/ressource\/vorlage-vertriebsprozesse-in-handelsunternehmen\/","url":"https:\/\/www.consultingcheck.com\/de\/ressource\/vorlage-vertriebsprozesse-in-handelsunternehmen\/","name":"PDF-Vorlage: Vertriebsprozesse in Handelsunternehmen","isPartOf":{"@id":"https:\/\/www.consultingcheck.com\/de\/#website"},"primaryImageOfPage":{"@id":"https:\/\/www.consultingcheck.com\/de\/ressource\/vorlage-vertriebsprozesse-in-handelsunternehmen\/#primaryimage"},"image":{"@id":"https:\/\/www.consultingcheck.com\/de\/ressource\/vorlage-vertriebsprozesse-in-handelsunternehmen\/#primaryimage"},"thumbnailUrl":"https:\/\/www.consultingcheck.com\/wp-content\/uploads\/2022\/11\/vorlage-vertriebsprozesse-in-handelsunternehmen.jpg","datePublished":"2022-11-03T09:02:38+00:00","dateModified":"2024-06-18T10:27:18+00:00","description":"7 durchdachte Prozessdarstellungen, die sich f\u00fcr den Vertrieb in Handelsunternehmen praktisch bew\u00e4hrt haben. Jetzt PDF-Vorlage downloaden!","breadcrumb":{"@id":"https:\/\/www.consultingcheck.com\/de\/ressource\/vorlage-vertriebsprozesse-in-handelsunternehmen\/#breadcrumb"},"inLanguage":"de","potentialAction":[{"@type":"ReadAction","target":["https:\/\/www.consultingcheck.com\/de\/ressource\/vorlage-vertriebsprozesse-in-handelsunternehmen\/"]}]},{"@type":"ImageObject","inLanguage":"de","@id":"https:\/\/www.consultingcheck.com\/de\/ressource\/vorlage-vertriebsprozesse-in-handelsunternehmen\/#primaryimage","url":"https:\/\/www.consultingcheck.com\/wp-content\/uploads\/2022\/11\/vorlage-vertriebsprozesse-in-handelsunternehmen.jpg","contentUrl":"https:\/\/www.consultingcheck.com\/wp-content\/uploads\/2022\/11\/vorlage-vertriebsprozesse-in-handelsunternehmen.jpg","width":1000,"height":679,"caption":"Ein Screenshot der Vorlage f\u00fcr Vertriebsprozesse in Handelsunternehmen."},{"@type":"BreadcrumbList","@id":"https:\/\/www.consultingcheck.com\/de\/ressource\/vorlage-vertriebsprozesse-in-handelsunternehmen\/#breadcrumb","itemListElement":[{"@type":"ListItem","position":1,"name":"Startseite","item":"https:\/\/www.consultingcheck.com\/de\/"},{"@type":"ListItem","position":2,"name":"Downloads, Anwendungen und Produkte","item":"https:\/\/www.consultingcheck.com\/de\/tools\/downloads-anwendungen-und-produkte\/"},{"@type":"ListItem","position":3,"name":"Vorlage Vertriebsprozesse in Handelsunternehmen"}]},{"@type":"WebSite","@id":"https:\/\/www.consultingcheck.com\/de\/#website","url":"https:\/\/www.consultingcheck.com\/de\/","name":"consultingcheck","description":"Vernetzt gedacht. Entzaubert. Hands-on.","potentialAction":[{"@type":"SearchAction","target":{"@type":"EntryPoint","urlTemplate":"https:\/\/www.consultingcheck.com\/de\/?s={search_term_string}"},"query-input":{"@type":"PropertyValueSpecification","valueRequired":true,"valueName":"search_term_string"}}],"inLanguage":"de"}]}},"_links":{"self":[{"href":"https:\/\/www.consultingcheck.com\/de\/wp-json\/wp\/v2\/product\/10953","targetHints":{"allow":["GET"]}}],"collection":[{"href":"https:\/\/www.consultingcheck.com\/de\/wp-json\/wp\/v2\/product"}],"about":[{"href":"https:\/\/www.consultingcheck.com\/de\/wp-json\/wp\/v2\/types\/product"}],"wp:featuredmedia":[{"embeddable":true,"href":"https:\/\/www.consultingcheck.com\/de\/wp-json\/wp\/v2\/media\/20174"}],"wp:attachment":[{"href":"https:\/\/www.consultingcheck.com\/de\/wp-json\/wp\/v2\/media?parent=10953"}],"wp:term":[{"taxonomy":"product_brand","embeddable":true,"href":"https:\/\/www.consultingcheck.com\/de\/wp-json\/wp\/v2\/product_brand?post=10953"},{"taxonomy":"product_cat","embeddable":true,"href":"https:\/\/www.consultingcheck.com\/de\/wp-json\/wp\/v2\/product_cat?post=10953"},{"taxonomy":"product_tag","embeddable":true,"href":"https:\/\/www.consultingcheck.com\/de\/wp-json\/wp\/v2\/product_tag?post=10953"},{"taxonomy":"jask_topic_categories","embeddable":true,"href":"https:\/\/www.consultingcheck.com\/de\/wp-json\/wp\/v2\/jask_topic_categories?post=10953"}],"curies":[{"name":"wp","href":"https:\/\/api.w.org\/{rel}","templated":true}]}}