{"id":10950,"date":"2022-11-03T11:51:08","date_gmt":"2022-11-03T10:51:08","guid":{"rendered":"https:\/\/www.consultingcheck.com\/?post_type=product&#038;p=10950"},"modified":"2024-06-18T12:26:37","modified_gmt":"2024-06-18T10:26:37","slug":"vorlage-prozesse-fuer-den-vertrieb-in-produzierenden-unternehmen","status":"publish","type":"product","link":"https:\/\/www.consultingcheck.com\/de\/ressource\/vorlage-prozesse-fuer-den-vertrieb-in-produzierenden-unternehmen\/","title":{"rendered":"Vorlage Prozesse f\u00fcr den Vertrieb in produzierenden Unternehmen"},"content":{"rendered":"<h3>Inhalte<\/h3>\n<p>Dieses Produkt enth\u00e4lt 7 durchdachte Prozessdarstellungen, die sich im Vertrieb produzierender Unternehmen praktisch bew\u00e4hrt haben.<\/p>\n<p>Die Prozesse sind mit MS Visio erstellt und stehen Nutzern als offene Dokumente zur Anpassung an die individuellen Verh\u00e4ltnisse in Unternehmen sowie pdf zur Verf\u00fcgung.<\/p>\n<p>Im Einzelnen enth\u00e4lt dieses Produkt folgende Prozesse f\u00fcr den Vertrieb:<\/p>\n<ul>\n<li>Prozess zur Anfragengewinnung<\/li>\n<li>Prozess zur Angebotserstellung<\/li>\n<li>Prozess zur Auftragsbest\u00e4tigung<\/li>\n<li>Prozess zum Umgang mit kundenseitigen Mangelanzeigen<\/li>\n<li>Prozess zum Erstellen und Anpassen von Provisionsvertr\u00e4gen<\/li>\n<li>Prozess zur Kl\u00e4rung handelsmittlerseitiger Provisionsanspr\u00fcche<\/li>\n<li>Prozess zur Abwicklung handelsmittlerseitiger Provisionsanspr\u00fcche<\/li>\n<\/ul>\n<p>&nbsp;<\/p>\n<h3>Vorteile<\/h3>\n<ul>\n<li>Sie erhalten Zugang zu durchdachten, in MS Visio sowie pdf dargestellten Prozessen, die sich in der Unternehmenspraxis bew\u00e4hrt haben.<\/li>\n<li>Sie k\u00f6nnen diese Prozesse in Ihrem Unternehmen sofort einsetzen. Ggf. m\u00fcssen Sie lediglich unternehmensspezifische Bezeichnungen von Abteilungen anpassen.<\/li>\n<li>Durch die Einf\u00fchrung dieser Vertriebsprozesse vermeiden Sie teure Fehler.<\/li>\n<li>Auch wenn Sie Ihre bestehenden Prozesse \u00fcberarbeiten m\u00f6chten, erhalten Sie durch diese Prozessdarstellungen wertvolle Impulse<\/li>\n<\/ul>\n<p>&nbsp;<\/p>\n<h3>Digitaler Download<\/h3>\n<p>Nach der Bestellung erhalten Sie einen Download-Link zu den Visio-\/pdf-Prozessdarstellungen, die Sie sofort nutzen k\u00f6nnen.<\/p>\n<p>Bitte beachten Sie, dass die Prozessdarstellungen, zu dem Sie den Zugang erwerben, ausschlie\u00dflich f\u00fcr Ihren pers\u00f6nlichen Gebrauch bestimmt sind. Es ist untersagt, die Darstellungen in jeglicher Form und in jeglicher digitaler oder physischer Weise weiterzuverkaufen oder sie ohne meine Erlaubnis in einer physischen oder Online-Ver\u00f6ffentlichung zu ver\u00f6ffentlichen. Ich bin der einzige Copyright-Inhaber dieser Dateien.<\/p>\n<p>Link zum Download: pdf<\/p>\n<p>&nbsp;<\/p>\n","protected":false},"excerpt":{"rendered":"<h2>Optimieren Sie den Vertrieb in Ihrem produzierenden Unternehmen mit unseren sieben Prozessdarstellungen!<\/h2>\n","protected":false},"featured_media":19587,"template":"","meta":{"_links_to":"","_links_to_target":""},"product_brand":[],"product_cat":[593,603,1228,1230],"product_tag":[],"jask_topic_categories":[1217,1220,104,118,120,226,251,266,368,547],"class_list":{"0":"post-10950","1":"product","2":"type-product","3":"status-publish","4":"has-post-thumbnail","6":"product_cat-muster","7":"product_cat-formatvorlage","8":"product_cat-prozesse","9":"product_cat-vertrieb","10":"jask_topic_categories-gruendung","11":"jask_topic_categories-management","12":"jask_topic_categories-vertrieb","13":"jask_topic_categories-vertriebsmanagement","14":"jask_topic_categories-operative-vertriebsfuehrung","15":"jask_topic_categories-agilisierung-zur-laufenden-anpassung","16":"jask_topic_categories-prozesse","17":"jask_topic_categories-aussenfuehrung","18":"jask_topic_categories-prozessorientierte-organisation","19":"jask_topic_categories-managementsysteme","21":"first","22":"instock","23":"taxable","24":"shipping-taxable","25":"purchasable","26":"product-type-variable"},"yoast_head":"<!-- This site is optimized with the Yoast SEO plugin v27.4 - https:\/\/yoast.com\/product\/yoast-seo-wordpress\/ -->\n<title>PDF-Vorlage: Prozesse f\u00fcr den Vertrieb von Produzenten<\/title>\n<meta name=\"description\" content=\"7 durchdachte Prozessdarstellungen, die sich im Vertrieb produzierender Unternehmen praktisch bew\u00e4hrt haben. Jetzt PDF-Vorlage herunterladen!\" \/>\n<meta name=\"robots\" content=\"index, follow, max-snippet:-1, max-image-preview:large, max-video-preview:-1\" \/>\n<link rel=\"canonical\" href=\"https:\/\/www.consultingcheck.com\/de\/ressource\/vorlage-prozesse-fuer-den-vertrieb-in-produzierenden-unternehmen\/\" \/>\n<meta property=\"og:locale\" content=\"de_DE\" \/>\n<meta property=\"og:type\" content=\"article\" \/>\n<meta property=\"og:title\" content=\"PDF-Vorlage: Prozesse f\u00fcr den Vertrieb von Produzenten\" \/>\n<meta property=\"og:description\" content=\"7 durchdachte Prozessdarstellungen, die sich im Vertrieb produzierender Unternehmen praktisch bew\u00e4hrt haben. Jetzt PDF-Vorlage herunterladen!\" \/>\n<meta property=\"og:url\" content=\"https:\/\/www.consultingcheck.com\/de\/ressource\/vorlage-prozesse-fuer-den-vertrieb-in-produzierenden-unternehmen\/\" \/>\n<meta property=\"og:site_name\" content=\"consultingcheck\" \/>\n<meta property=\"article:modified_time\" content=\"2024-06-18T10:26:37+00:00\" \/>\n<meta property=\"og:image\" content=\"https:\/\/www.consultingcheck.com\/wp-content\/uploads\/2022\/11\/Prozess-Vertrieb-produz-Unt.png\" \/>\n\t<meta property=\"og:image:width\" content=\"1464\" \/>\n\t<meta property=\"og:image:height\" content=\"1122\" \/>\n\t<meta property=\"og:image:type\" content=\"image\/png\" \/>\n<meta name=\"twitter:card\" content=\"summary_large_image\" \/>\n<meta name=\"twitter:label1\" content=\"Gesch\u00e4tzte Lesezeit\" \/>\n\t<meta name=\"twitter:data1\" content=\"2\u00a0Minuten\" \/>\n<script type=\"application\/ld+json\" class=\"yoast-schema-graph\">{\"@context\":\"https:\\\/\\\/schema.org\",\"@graph\":[{\"@type\":\"WebPage\",\"@id\":\"https:\\\/\\\/www.consultingcheck.com\\\/de\\\/ressource\\\/vorlage-prozesse-fuer-den-vertrieb-in-produzierenden-unternehmen\\\/\",\"url\":\"https:\\\/\\\/www.consultingcheck.com\\\/de\\\/ressource\\\/vorlage-prozesse-fuer-den-vertrieb-in-produzierenden-unternehmen\\\/\",\"name\":\"PDF-Vorlage: Prozesse f\u00fcr den Vertrieb von Produzenten\",\"isPartOf\":{\"@id\":\"https:\\\/\\\/www.consultingcheck.com\\\/de\\\/#website\"},\"primaryImageOfPage\":{\"@id\":\"https:\\\/\\\/www.consultingcheck.com\\\/de\\\/ressource\\\/vorlage-prozesse-fuer-den-vertrieb-in-produzierenden-unternehmen\\\/#primaryimage\"},\"image\":{\"@id\":\"https:\\\/\\\/www.consultingcheck.com\\\/de\\\/ressource\\\/vorlage-prozesse-fuer-den-vertrieb-in-produzierenden-unternehmen\\\/#primaryimage\"},\"thumbnailUrl\":\"https:\\\/\\\/www.consultingcheck.com\\\/wp-content\\\/uploads\\\/2022\\\/11\\\/Prozess-Vertrieb-produz-Unt.png\",\"datePublished\":\"2022-11-03T10:51:08+00:00\",\"dateModified\":\"2024-06-18T10:26:37+00:00\",\"description\":\"7 durchdachte Prozessdarstellungen, die sich im Vertrieb produzierender Unternehmen praktisch bew\u00e4hrt haben. Jetzt PDF-Vorlage herunterladen!\",\"breadcrumb\":{\"@id\":\"https:\\\/\\\/www.consultingcheck.com\\\/de\\\/ressource\\\/vorlage-prozesse-fuer-den-vertrieb-in-produzierenden-unternehmen\\\/#breadcrumb\"},\"inLanguage\":\"de\",\"potentialAction\":[{\"@type\":\"ReadAction\",\"target\":[\"https:\\\/\\\/www.consultingcheck.com\\\/de\\\/ressource\\\/vorlage-prozesse-fuer-den-vertrieb-in-produzierenden-unternehmen\\\/\"]}]},{\"@type\":\"ImageObject\",\"inLanguage\":\"de\",\"@id\":\"https:\\\/\\\/www.consultingcheck.com\\\/de\\\/ressource\\\/vorlage-prozesse-fuer-den-vertrieb-in-produzierenden-unternehmen\\\/#primaryimage\",\"url\":\"https:\\\/\\\/www.consultingcheck.com\\\/wp-content\\\/uploads\\\/2022\\\/11\\\/Prozess-Vertrieb-produz-Unt.png\",\"contentUrl\":\"https:\\\/\\\/www.consultingcheck.com\\\/wp-content\\\/uploads\\\/2022\\\/11\\\/Prozess-Vertrieb-produz-Unt.png\",\"width\":1464,\"height\":1122},{\"@type\":\"BreadcrumbList\",\"@id\":\"https:\\\/\\\/www.consultingcheck.com\\\/de\\\/ressource\\\/vorlage-prozesse-fuer-den-vertrieb-in-produzierenden-unternehmen\\\/#breadcrumb\",\"itemListElement\":[{\"@type\":\"ListItem\",\"position\":1,\"name\":\"Startseite\",\"item\":\"https:\\\/\\\/www.consultingcheck.com\\\/de\\\/\"},{\"@type\":\"ListItem\",\"position\":2,\"name\":\"Downloads, Anwendungen und Produkte\",\"item\":\"https:\\\/\\\/www.consultingcheck.com\\\/de\\\/tools\\\/downloads-anwendungen-und-produkte\\\/\"},{\"@type\":\"ListItem\",\"position\":3,\"name\":\"Vorlage Prozesse f\u00fcr den Vertrieb in produzierenden Unternehmen\"}]},{\"@type\":\"WebSite\",\"@id\":\"https:\\\/\\\/www.consultingcheck.com\\\/de\\\/#website\",\"url\":\"https:\\\/\\\/www.consultingcheck.com\\\/de\\\/\",\"name\":\"consultingcheck\",\"description\":\"Vernetzt gedacht. Entzaubert. Hands-on.\",\"potentialAction\":[{\"@type\":\"SearchAction\",\"target\":{\"@type\":\"EntryPoint\",\"urlTemplate\":\"https:\\\/\\\/www.consultingcheck.com\\\/de\\\/?s={search_term_string}\"},\"query-input\":{\"@type\":\"PropertyValueSpecification\",\"valueRequired\":true,\"valueName\":\"search_term_string\"}}],\"inLanguage\":\"de\"}]}<\/script>\n<!-- \/ Yoast SEO plugin. -->","yoast_head_json":{"title":"PDF-Vorlage: Prozesse f\u00fcr den Vertrieb von Produzenten","description":"7 durchdachte Prozessdarstellungen, die sich im Vertrieb produzierender Unternehmen praktisch bew\u00e4hrt haben. Jetzt PDF-Vorlage herunterladen!","robots":{"index":"index","follow":"follow","max-snippet":"max-snippet:-1","max-image-preview":"max-image-preview:large","max-video-preview":"max-video-preview:-1"},"canonical":"https:\/\/www.consultingcheck.com\/de\/ressource\/vorlage-prozesse-fuer-den-vertrieb-in-produzierenden-unternehmen\/","og_locale":"de_DE","og_type":"article","og_title":"PDF-Vorlage: Prozesse f\u00fcr den Vertrieb von Produzenten","og_description":"7 durchdachte Prozessdarstellungen, die sich im Vertrieb produzierender Unternehmen praktisch bew\u00e4hrt haben. Jetzt PDF-Vorlage herunterladen!","og_url":"https:\/\/www.consultingcheck.com\/de\/ressource\/vorlage-prozesse-fuer-den-vertrieb-in-produzierenden-unternehmen\/","og_site_name":"consultingcheck","article_modified_time":"2024-06-18T10:26:37+00:00","og_image":[{"width":1464,"height":1122,"url":"https:\/\/www.consultingcheck.com\/wp-content\/uploads\/2022\/11\/Prozess-Vertrieb-produz-Unt.png","type":"image\/png"}],"twitter_card":"summary_large_image","twitter_misc":{"Gesch\u00e4tzte Lesezeit":"2\u00a0Minuten"},"schema":{"@context":"https:\/\/schema.org","@graph":[{"@type":"WebPage","@id":"https:\/\/www.consultingcheck.com\/de\/ressource\/vorlage-prozesse-fuer-den-vertrieb-in-produzierenden-unternehmen\/","url":"https:\/\/www.consultingcheck.com\/de\/ressource\/vorlage-prozesse-fuer-den-vertrieb-in-produzierenden-unternehmen\/","name":"PDF-Vorlage: Prozesse f\u00fcr den Vertrieb von Produzenten","isPartOf":{"@id":"https:\/\/www.consultingcheck.com\/de\/#website"},"primaryImageOfPage":{"@id":"https:\/\/www.consultingcheck.com\/de\/ressource\/vorlage-prozesse-fuer-den-vertrieb-in-produzierenden-unternehmen\/#primaryimage"},"image":{"@id":"https:\/\/www.consultingcheck.com\/de\/ressource\/vorlage-prozesse-fuer-den-vertrieb-in-produzierenden-unternehmen\/#primaryimage"},"thumbnailUrl":"https:\/\/www.consultingcheck.com\/wp-content\/uploads\/2022\/11\/Prozess-Vertrieb-produz-Unt.png","datePublished":"2022-11-03T10:51:08+00:00","dateModified":"2024-06-18T10:26:37+00:00","description":"7 durchdachte Prozessdarstellungen, die sich im Vertrieb produzierender Unternehmen praktisch bew\u00e4hrt haben. Jetzt PDF-Vorlage herunterladen!","breadcrumb":{"@id":"https:\/\/www.consultingcheck.com\/de\/ressource\/vorlage-prozesse-fuer-den-vertrieb-in-produzierenden-unternehmen\/#breadcrumb"},"inLanguage":"de","potentialAction":[{"@type":"ReadAction","target":["https:\/\/www.consultingcheck.com\/de\/ressource\/vorlage-prozesse-fuer-den-vertrieb-in-produzierenden-unternehmen\/"]}]},{"@type":"ImageObject","inLanguage":"de","@id":"https:\/\/www.consultingcheck.com\/de\/ressource\/vorlage-prozesse-fuer-den-vertrieb-in-produzierenden-unternehmen\/#primaryimage","url":"https:\/\/www.consultingcheck.com\/wp-content\/uploads\/2022\/11\/Prozess-Vertrieb-produz-Unt.png","contentUrl":"https:\/\/www.consultingcheck.com\/wp-content\/uploads\/2022\/11\/Prozess-Vertrieb-produz-Unt.png","width":1464,"height":1122},{"@type":"BreadcrumbList","@id":"https:\/\/www.consultingcheck.com\/de\/ressource\/vorlage-prozesse-fuer-den-vertrieb-in-produzierenden-unternehmen\/#breadcrumb","itemListElement":[{"@type":"ListItem","position":1,"name":"Startseite","item":"https:\/\/www.consultingcheck.com\/de\/"},{"@type":"ListItem","position":2,"name":"Downloads, Anwendungen und Produkte","item":"https:\/\/www.consultingcheck.com\/de\/tools\/downloads-anwendungen-und-produkte\/"},{"@type":"ListItem","position":3,"name":"Vorlage Prozesse f\u00fcr den Vertrieb in produzierenden Unternehmen"}]},{"@type":"WebSite","@id":"https:\/\/www.consultingcheck.com\/de\/#website","url":"https:\/\/www.consultingcheck.com\/de\/","name":"consultingcheck","description":"Vernetzt gedacht. Entzaubert. Hands-on.","potentialAction":[{"@type":"SearchAction","target":{"@type":"EntryPoint","urlTemplate":"https:\/\/www.consultingcheck.com\/de\/?s={search_term_string}"},"query-input":{"@type":"PropertyValueSpecification","valueRequired":true,"valueName":"search_term_string"}}],"inLanguage":"de"}]}},"_links":{"self":[{"href":"https:\/\/www.consultingcheck.com\/de\/wp-json\/wp\/v2\/product\/10950","targetHints":{"allow":["GET"]}}],"collection":[{"href":"https:\/\/www.consultingcheck.com\/de\/wp-json\/wp\/v2\/product"}],"about":[{"href":"https:\/\/www.consultingcheck.com\/de\/wp-json\/wp\/v2\/types\/product"}],"wp:featuredmedia":[{"embeddable":true,"href":"https:\/\/www.consultingcheck.com\/de\/wp-json\/wp\/v2\/media\/19587"}],"wp:attachment":[{"href":"https:\/\/www.consultingcheck.com\/de\/wp-json\/wp\/v2\/media?parent=10950"}],"wp:term":[{"taxonomy":"product_brand","embeddable":true,"href":"https:\/\/www.consultingcheck.com\/de\/wp-json\/wp\/v2\/product_brand?post=10950"},{"taxonomy":"product_cat","embeddable":true,"href":"https:\/\/www.consultingcheck.com\/de\/wp-json\/wp\/v2\/product_cat?post=10950"},{"taxonomy":"product_tag","embeddable":true,"href":"https:\/\/www.consultingcheck.com\/de\/wp-json\/wp\/v2\/product_tag?post=10950"},{"taxonomy":"jask_topic_categories","embeddable":true,"href":"https:\/\/www.consultingcheck.com\/de\/wp-json\/wp\/v2\/jask_topic_categories?post=10950"}],"curies":[{"name":"wp","href":"https:\/\/api.w.org\/{rel}","templated":true}]}}