{"id":10941,"date":"2022-11-03T11:59:47","date_gmt":"2022-11-03T10:59:47","guid":{"rendered":"https:\/\/www.consultingcheck.com\/?post_type=product&#038;p=10941"},"modified":"2024-06-18T12:23:53","modified_gmt":"2024-06-18T10:23:53","slug":"vorlage-prozesse-fuer-die-fertigungsplanung-und-steuerung-in-produzierenden-unternehmen","status":"publish","type":"product","link":"https:\/\/www.consultingcheck.com\/de\/ressource\/vorlage-prozesse-fuer-die-fertigungsplanung-und-steuerung-in-produzierenden-unternehmen\/","title":{"rendered":"Vorlage Prozesse f\u00fcr die Fertigungsplanung und -steuerung in produzierenden Unternehmen"},"content":{"rendered":"<h3>Inhalte<\/h3>\n<p>Dieses Produkt enth\u00e4lt zwei durchdachte Prozessdarstellungen, die sich zur Fertigungsplanung und -steuerung in produzierenden Unternehmen praktisch bew\u00e4hrt haben.<\/p>\n<p>Die Prozesse sind mit MS Visio erstellt und stehen Nutzern als offene Visio-Dokumente zur Anpassung an die individuellen Verh\u00e4ltnisse in Unternehmen sowie als pdf zur Verf\u00fcgung.<\/p>\n<p>Im Einzelnen enth\u00e4lt dieses Produkt folgende Prozesse f\u00fcr die Fertigungsplanung und -steuerung:<\/p>\n<ul>\n<li>Prozess f\u00fcr die Grobplanung f\u00fcr die Fertigung<\/li>\n<li>Prozess f\u00fcr die Fertigungssteuerung<\/li>\n<\/ul>\n<p>&nbsp;<\/p>\n<h3>Vorteile<\/h3>\n<ul>\n<li>Sie erhalten Zugang zu durchdachten, in MS Visio sowie pdf dargestellten Prozessen zur Fertigungsplanung und -steuerung, die sich in der Unternehmenspraxis bew\u00e4hrt haben.<\/li>\n<li>Sie k\u00f6nnen diese Prozesse in Ihrem Unternehmen sofort einsetzen. Ggf. m\u00fcssen Sie lediglich unternehmensspezifische Bezeichnungen von Abteilungen anpassen.<\/li>\n<li>Auch wenn Sie Ihre bestehenden Prozesse \u00fcberarbeiten m\u00f6chten, erhalten Sie durch diese Prozessdarstellungen wertvolle Impulse<\/li>\n<\/ul>\n<p>&nbsp;<\/p>\n<h3>Digitaler Download<\/h3>\n<p>Nach der Bestellung erhalten Sie einen Download-Link zu den Visio-\/pdf-Prozessdarstellungen, die Sie sofort nutzen k\u00f6nnen.<\/p>\n<p>Bitte beachten Sie, dass die Prozessdarstellungen, zu dem Sie den Zugang erwerben, ausschlie\u00dflich f\u00fcr Ihren pers\u00f6nlichen Gebrauch bestimmt sind. Es ist untersagt, die Darstellungen in jeglicher Form und in jeglicher digitaler oder physischer Weise weiterzuverkaufen oder sie ohne meine Erlaubnis in einer physischen oder Online-Ver\u00f6ffentlichung zu ver\u00f6ffentlichen. Ich bin der einzige Copyright-Inhaber dieser Dateien.<\/p>\n<p>Link zum Download: pdf<\/p>\n","protected":false},"excerpt":{"rendered":"<h2>Fertigungsplanung und -steuerung mit zwei durchdachten Prozessdarstellungen gezielt umsetzen!<\/h2>\n","protected":false},"featured_media":20198,"template":"","meta":{"_links_to":"","_links_to_target":""},"product_brand":[],"product_cat":[593,603,1228],"product_tag":[],"jask_topic_categories":[1217,1220,127,133,141,251,266,345,368,547],"class_list":{"0":"post-10941","1":"product","2":"type-product","3":"status-publish","4":"has-post-thumbnail","6":"product_cat-muster","7":"product_cat-formatvorlage","8":"product_cat-prozesse","9":"jask_topic_categories-gruendung","10":"jask_topic_categories-management","11":"jask_topic_categories-prozessoptimierung","12":"jask_topic_categories-fertigungsplanung","13":"jask_topic_categories-ertragssteigerung","14":"jask_topic_categories-prozesse","15":"jask_topic_categories-aussenfuehrung","16":"jask_topic_categories-risikomanagement","17":"jask_topic_categories-prozessorientierte-organisation","18":"jask_topic_categories-managementsysteme","20":"first","21":"instock","22":"taxable","23":"shipping-taxable","24":"purchasable","25":"product-type-variable"},"yoast_head":"<!-- This site is optimized with the Yoast SEO plugin v27.3 - https:\/\/yoast.com\/product\/yoast-seo-wordpress\/ -->\n<title>PDF-Vorlage: Prozesse f\u00fcr die Fertigungsplanung und -steuerung<\/title>\n<meta name=\"description\" content=\"Praktisch bew\u00e4hrte Prozessdarstellungen zur Fertigungsplanung und -steuerung in produzierenden Unternehmen. Jetzt PDF herunterladen!\" \/>\n<meta name=\"robots\" content=\"index, follow, max-snippet:-1, max-image-preview:large, max-video-preview:-1\" \/>\n<link rel=\"canonical\" href=\"https:\/\/www.consultingcheck.com\/de\/ressource\/vorlage-prozesse-fuer-die-fertigungsplanung-und-steuerung-in-produzierenden-unternehmen\/\" \/>\n<meta property=\"og:locale\" content=\"de_DE\" \/>\n<meta property=\"og:type\" content=\"article\" \/>\n<meta property=\"og:title\" content=\"PDF-Vorlage: Prozesse f\u00fcr die Fertigungsplanung und -steuerung\" \/>\n<meta property=\"og:description\" content=\"Praktisch bew\u00e4hrte Prozessdarstellungen zur Fertigungsplanung und -steuerung in produzierenden Unternehmen. Jetzt PDF herunterladen!\" \/>\n<meta property=\"og:url\" content=\"https:\/\/www.consultingcheck.com\/de\/ressource\/vorlage-prozesse-fuer-die-fertigungsplanung-und-steuerung-in-produzierenden-unternehmen\/\" \/>\n<meta property=\"og:site_name\" content=\"consultingcheck\" \/>\n<meta property=\"article:modified_time\" content=\"2024-06-18T10:23:53+00:00\" \/>\n<meta property=\"og:image\" content=\"https:\/\/www.consultingcheck.com\/wp-content\/uploads\/2022\/11\/vorlage-prozesse-fuer-die-fertigungsplanung-und-steuerung-in-produzierenden-unternehmen.jpg\" \/>\n\t<meta property=\"og:image:width\" content=\"1000\" \/>\n\t<meta property=\"og:image:height\" content=\"679\" \/>\n\t<meta property=\"og:image:type\" content=\"image\/jpeg\" \/>\n<meta name=\"twitter:card\" content=\"summary_large_image\" \/>\n<meta name=\"twitter:label1\" content=\"Gesch\u00e4tzte Lesezeit\" \/>\n\t<meta name=\"twitter:data1\" content=\"2\u00a0Minuten\" \/>\n<script type=\"application\/ld+json\" class=\"yoast-schema-graph\">{\"@context\":\"https:\\\/\\\/schema.org\",\"@graph\":[{\"@type\":\"WebPage\",\"@id\":\"https:\\\/\\\/www.consultingcheck.com\\\/de\\\/ressource\\\/vorlage-prozesse-fuer-die-fertigungsplanung-und-steuerung-in-produzierenden-unternehmen\\\/\",\"url\":\"https:\\\/\\\/www.consultingcheck.com\\\/de\\\/ressource\\\/vorlage-prozesse-fuer-die-fertigungsplanung-und-steuerung-in-produzierenden-unternehmen\\\/\",\"name\":\"PDF-Vorlage: Prozesse f\u00fcr die Fertigungsplanung und -steuerung\",\"isPartOf\":{\"@id\":\"https:\\\/\\\/www.consultingcheck.com\\\/de\\\/#website\"},\"primaryImageOfPage\":{\"@id\":\"https:\\\/\\\/www.consultingcheck.com\\\/de\\\/ressource\\\/vorlage-prozesse-fuer-die-fertigungsplanung-und-steuerung-in-produzierenden-unternehmen\\\/#primaryimage\"},\"image\":{\"@id\":\"https:\\\/\\\/www.consultingcheck.com\\\/de\\\/ressource\\\/vorlage-prozesse-fuer-die-fertigungsplanung-und-steuerung-in-produzierenden-unternehmen\\\/#primaryimage\"},\"thumbnailUrl\":\"https:\\\/\\\/www.consultingcheck.com\\\/wp-content\\\/uploads\\\/2022\\\/11\\\/vorlage-prozesse-fuer-die-fertigungsplanung-und-steuerung-in-produzierenden-unternehmen.jpg\",\"datePublished\":\"2022-11-03T10:59:47+00:00\",\"dateModified\":\"2024-06-18T10:23:53+00:00\",\"description\":\"Praktisch bew\u00e4hrte Prozessdarstellungen zur Fertigungsplanung und -steuerung in produzierenden Unternehmen. Jetzt PDF herunterladen!\",\"breadcrumb\":{\"@id\":\"https:\\\/\\\/www.consultingcheck.com\\\/de\\\/ressource\\\/vorlage-prozesse-fuer-die-fertigungsplanung-und-steuerung-in-produzierenden-unternehmen\\\/#breadcrumb\"},\"inLanguage\":\"de\",\"potentialAction\":[{\"@type\":\"ReadAction\",\"target\":[\"https:\\\/\\\/www.consultingcheck.com\\\/de\\\/ressource\\\/vorlage-prozesse-fuer-die-fertigungsplanung-und-steuerung-in-produzierenden-unternehmen\\\/\"]}]},{\"@type\":\"ImageObject\",\"inLanguage\":\"de\",\"@id\":\"https:\\\/\\\/www.consultingcheck.com\\\/de\\\/ressource\\\/vorlage-prozesse-fuer-die-fertigungsplanung-und-steuerung-in-produzierenden-unternehmen\\\/#primaryimage\",\"url\":\"https:\\\/\\\/www.consultingcheck.com\\\/wp-content\\\/uploads\\\/2022\\\/11\\\/vorlage-prozesse-fuer-die-fertigungsplanung-und-steuerung-in-produzierenden-unternehmen.jpg\",\"contentUrl\":\"https:\\\/\\\/www.consultingcheck.com\\\/wp-content\\\/uploads\\\/2022\\\/11\\\/vorlage-prozesse-fuer-die-fertigungsplanung-und-steuerung-in-produzierenden-unternehmen.jpg\",\"width\":1000,\"height\":679,\"caption\":\"Ein Screenshot der Vorlage Prozesse f\u00fcr die Fertigungsplanung und -steuerung in produzierenden Unternehmen.\"},{\"@type\":\"BreadcrumbList\",\"@id\":\"https:\\\/\\\/www.consultingcheck.com\\\/de\\\/ressource\\\/vorlage-prozesse-fuer-die-fertigungsplanung-und-steuerung-in-produzierenden-unternehmen\\\/#breadcrumb\",\"itemListElement\":[{\"@type\":\"ListItem\",\"position\":1,\"name\":\"Startseite\",\"item\":\"https:\\\/\\\/www.consultingcheck.com\\\/de\\\/\"},{\"@type\":\"ListItem\",\"position\":2,\"name\":\"Downloads, Anwendungen und Produkte\",\"item\":\"https:\\\/\\\/www.consultingcheck.com\\\/de\\\/tools\\\/downloads-anwendungen-und-produkte\\\/\"},{\"@type\":\"ListItem\",\"position\":3,\"name\":\"Vorlage Prozesse f\u00fcr die Fertigungsplanung und -steuerung in produzierenden Unternehmen\"}]},{\"@type\":\"WebSite\",\"@id\":\"https:\\\/\\\/www.consultingcheck.com\\\/de\\\/#website\",\"url\":\"https:\\\/\\\/www.consultingcheck.com\\\/de\\\/\",\"name\":\"consultingcheck\",\"description\":\"Vernetzt gedacht. Entzaubert. Hands-on.\",\"potentialAction\":[{\"@type\":\"SearchAction\",\"target\":{\"@type\":\"EntryPoint\",\"urlTemplate\":\"https:\\\/\\\/www.consultingcheck.com\\\/de\\\/?s={search_term_string}\"},\"query-input\":{\"@type\":\"PropertyValueSpecification\",\"valueRequired\":true,\"valueName\":\"search_term_string\"}}],\"inLanguage\":\"de\"}]}<\/script>\n<!-- \/ Yoast SEO plugin. -->","yoast_head_json":{"title":"PDF-Vorlage: Prozesse f\u00fcr die Fertigungsplanung und -steuerung","description":"Praktisch bew\u00e4hrte Prozessdarstellungen zur Fertigungsplanung und -steuerung in produzierenden Unternehmen. Jetzt PDF herunterladen!","robots":{"index":"index","follow":"follow","max-snippet":"max-snippet:-1","max-image-preview":"max-image-preview:large","max-video-preview":"max-video-preview:-1"},"canonical":"https:\/\/www.consultingcheck.com\/de\/ressource\/vorlage-prozesse-fuer-die-fertigungsplanung-und-steuerung-in-produzierenden-unternehmen\/","og_locale":"de_DE","og_type":"article","og_title":"PDF-Vorlage: Prozesse f\u00fcr die Fertigungsplanung und -steuerung","og_description":"Praktisch bew\u00e4hrte Prozessdarstellungen zur Fertigungsplanung und -steuerung in produzierenden Unternehmen. Jetzt PDF herunterladen!","og_url":"https:\/\/www.consultingcheck.com\/de\/ressource\/vorlage-prozesse-fuer-die-fertigungsplanung-und-steuerung-in-produzierenden-unternehmen\/","og_site_name":"consultingcheck","article_modified_time":"2024-06-18T10:23:53+00:00","og_image":[{"width":1000,"height":679,"url":"https:\/\/www.consultingcheck.com\/wp-content\/uploads\/2022\/11\/vorlage-prozesse-fuer-die-fertigungsplanung-und-steuerung-in-produzierenden-unternehmen.jpg","type":"image\/jpeg"}],"twitter_card":"summary_large_image","twitter_misc":{"Gesch\u00e4tzte Lesezeit":"2\u00a0Minuten"},"schema":{"@context":"https:\/\/schema.org","@graph":[{"@type":"WebPage","@id":"https:\/\/www.consultingcheck.com\/de\/ressource\/vorlage-prozesse-fuer-die-fertigungsplanung-und-steuerung-in-produzierenden-unternehmen\/","url":"https:\/\/www.consultingcheck.com\/de\/ressource\/vorlage-prozesse-fuer-die-fertigungsplanung-und-steuerung-in-produzierenden-unternehmen\/","name":"PDF-Vorlage: Prozesse f\u00fcr die Fertigungsplanung und -steuerung","isPartOf":{"@id":"https:\/\/www.consultingcheck.com\/de\/#website"},"primaryImageOfPage":{"@id":"https:\/\/www.consultingcheck.com\/de\/ressource\/vorlage-prozesse-fuer-die-fertigungsplanung-und-steuerung-in-produzierenden-unternehmen\/#primaryimage"},"image":{"@id":"https:\/\/www.consultingcheck.com\/de\/ressource\/vorlage-prozesse-fuer-die-fertigungsplanung-und-steuerung-in-produzierenden-unternehmen\/#primaryimage"},"thumbnailUrl":"https:\/\/www.consultingcheck.com\/wp-content\/uploads\/2022\/11\/vorlage-prozesse-fuer-die-fertigungsplanung-und-steuerung-in-produzierenden-unternehmen.jpg","datePublished":"2022-11-03T10:59:47+00:00","dateModified":"2024-06-18T10:23:53+00:00","description":"Praktisch bew\u00e4hrte Prozessdarstellungen zur Fertigungsplanung und -steuerung in produzierenden Unternehmen. Jetzt PDF herunterladen!","breadcrumb":{"@id":"https:\/\/www.consultingcheck.com\/de\/ressource\/vorlage-prozesse-fuer-die-fertigungsplanung-und-steuerung-in-produzierenden-unternehmen\/#breadcrumb"},"inLanguage":"de","potentialAction":[{"@type":"ReadAction","target":["https:\/\/www.consultingcheck.com\/de\/ressource\/vorlage-prozesse-fuer-die-fertigungsplanung-und-steuerung-in-produzierenden-unternehmen\/"]}]},{"@type":"ImageObject","inLanguage":"de","@id":"https:\/\/www.consultingcheck.com\/de\/ressource\/vorlage-prozesse-fuer-die-fertigungsplanung-und-steuerung-in-produzierenden-unternehmen\/#primaryimage","url":"https:\/\/www.consultingcheck.com\/wp-content\/uploads\/2022\/11\/vorlage-prozesse-fuer-die-fertigungsplanung-und-steuerung-in-produzierenden-unternehmen.jpg","contentUrl":"https:\/\/www.consultingcheck.com\/wp-content\/uploads\/2022\/11\/vorlage-prozesse-fuer-die-fertigungsplanung-und-steuerung-in-produzierenden-unternehmen.jpg","width":1000,"height":679,"caption":"Ein Screenshot der Vorlage Prozesse f\u00fcr die Fertigungsplanung und -steuerung in produzierenden Unternehmen."},{"@type":"BreadcrumbList","@id":"https:\/\/www.consultingcheck.com\/de\/ressource\/vorlage-prozesse-fuer-die-fertigungsplanung-und-steuerung-in-produzierenden-unternehmen\/#breadcrumb","itemListElement":[{"@type":"ListItem","position":1,"name":"Startseite","item":"https:\/\/www.consultingcheck.com\/de\/"},{"@type":"ListItem","position":2,"name":"Downloads, Anwendungen und Produkte","item":"https:\/\/www.consultingcheck.com\/de\/tools\/downloads-anwendungen-und-produkte\/"},{"@type":"ListItem","position":3,"name":"Vorlage Prozesse f\u00fcr die Fertigungsplanung und -steuerung in produzierenden Unternehmen"}]},{"@type":"WebSite","@id":"https:\/\/www.consultingcheck.com\/de\/#website","url":"https:\/\/www.consultingcheck.com\/de\/","name":"consultingcheck","description":"Vernetzt gedacht. Entzaubert. Hands-on.","potentialAction":[{"@type":"SearchAction","target":{"@type":"EntryPoint","urlTemplate":"https:\/\/www.consultingcheck.com\/de\/?s={search_term_string}"},"query-input":{"@type":"PropertyValueSpecification","valueRequired":true,"valueName":"search_term_string"}}],"inLanguage":"de"}]}},"_links":{"self":[{"href":"https:\/\/www.consultingcheck.com\/de\/wp-json\/wp\/v2\/product\/10941","targetHints":{"allow":["GET"]}}],"collection":[{"href":"https:\/\/www.consultingcheck.com\/de\/wp-json\/wp\/v2\/product"}],"about":[{"href":"https:\/\/www.consultingcheck.com\/de\/wp-json\/wp\/v2\/types\/product"}],"wp:featuredmedia":[{"embeddable":true,"href":"https:\/\/www.consultingcheck.com\/de\/wp-json\/wp\/v2\/media\/20198"}],"wp:attachment":[{"href":"https:\/\/www.consultingcheck.com\/de\/wp-json\/wp\/v2\/media?parent=10941"}],"wp:term":[{"taxonomy":"product_brand","embeddable":true,"href":"https:\/\/www.consultingcheck.com\/de\/wp-json\/wp\/v2\/product_brand?post=10941"},{"taxonomy":"product_cat","embeddable":true,"href":"https:\/\/www.consultingcheck.com\/de\/wp-json\/wp\/v2\/product_cat?post=10941"},{"taxonomy":"product_tag","embeddable":true,"href":"https:\/\/www.consultingcheck.com\/de\/wp-json\/wp\/v2\/product_tag?post=10941"},{"taxonomy":"jask_topic_categories","embeddable":true,"href":"https:\/\/www.consultingcheck.com\/de\/wp-json\/wp\/v2\/jask_topic_categories?post=10941"}],"curies":[{"name":"wp","href":"https:\/\/api.w.org\/{rel}","templated":true}]}}