{"id":10935,"date":"2022-11-03T12:03:14","date_gmt":"2022-11-03T11:03:14","guid":{"rendered":"https:\/\/www.consultingcheck.com\/?post_type=product&#038;p=10935"},"modified":"2024-06-18T11:41:41","modified_gmt":"2024-06-18T09:41:41","slug":"vorlage-prozess-fuer-die-freigabe-erster-bearbeiteter-teile","status":"publish","type":"product","link":"https:\/\/www.consultingcheck.com\/de\/ressource\/vorlage-prozess-fuer-die-freigabe-erster-bearbeiteter-teile\/","title":{"rendered":"Vorlage Prozess f\u00fcr die Freigabe erster bearbeiteter Teile"},"content":{"rendered":"<h3>Inhalte<\/h3>\n<p>Dieses Produkt enth\u00e4lt eine durchdachte Prozessdarstellung, die sich f\u00fcr die Freigabe erster bearbeiteter Teile einer Fertigugslosgr\u00f6\u00dfe in produzierenden Unternehmen praktisch bew\u00e4hrt hat.<\/p>\n<p>Der Prozess ist mit MS Visio erstellt und steht Nutzern als offenes Dokument zur Anpassung an die individuellen Verh\u00e4ltnisse im Unternehmen sowie als pdf zur Verf\u00fcgung.<\/p>\n<p>&nbsp;<\/p>\n<h3>Vorteile<\/h3>\n<ul>\n<li>Sie erhalten Zugang zu einem durchdachten, in MS Visio\/pdf dargestellten Prozess zum Umgang mit ersten bearbeiteten Teilen einer Fertigungslosgr\u00f6\u00dfe, der sich in der Unternehmenspraxis bew\u00e4hrt hat.<\/li>\n<li>Sie k\u00f6nnen diesen Prozess in Ihrem Unternehmen sofort einsetzen. Ggf. m\u00fcssen Sie lediglich unternehmensspezifische Bezeichnungen von Abteilungen anpassen.<\/li>\n<li>Durch die Einf\u00fchrung dieses Prozesses sparen Sie Geld und Zeit.<\/li>\n<li>Auch wenn Sie Ihren bestehenden Prozess \u00fcberarbeiten m\u00f6chten, erhalten Sie durch diese Prozessdarstellung wertvolle Impulse.<\/li>\n<\/ul>\n<p>&nbsp;<\/p>\n<h3>Digitaler Download<\/h3>\n<p>Nach der Bestellung erhalten Sie einen Download-Link zur Visio-\/pdf-Prozessdarstellung sowie zu einer pdf-Version, die Sie sofort nutzen k\u00f6nnen.<\/p>\n<p>Bitte beachten Sie, dass die Prozessdarstellung, zu der Sie den Zugang erwerben, ausschlie\u00dflich f\u00fcr Ihren pers\u00f6nlichen Gebrauch bestimmt sind. Es ist untersagt, die Darstellung in jeglicher Form und in jeglicher digitaler oder physischer Weise weiterzuverkaufen oder sie ohne meine Erlaubnis in einer physischen oder Online-Ver\u00f6ffentlichung zu ver\u00f6ffentlichen. Ich bin der einzige Copyright-Inhaber dieser Datei.<\/p>\n<p>Link zum Download: pdf<\/p>\n","protected":false},"excerpt":{"rendered":"<h2>Durchdachte und bew\u00e4hrte Prozessdarstellung f\u00fcr die Freigabe erster bearbeiteter Teile einer Fertigungslosgr\u00f6\u00dfe in produzierenden Unternehmen<\/h2>\n","protected":false},"featured_media":20237,"template":"","meta":{"_links_to":"","_links_to_target":""},"product_brand":[],"product_cat":[593,1228],"product_tag":[],"jask_topic_categories":[1220,153,154,211,266,341,547],"class_list":{"0":"post-10935","1":"product","2":"type-product","3":"status-publish","4":"has-post-thumbnail","6":"product_cat-muster","7":"product_cat-prozesse","8":"jask_topic_categories-management","9":"jask_topic_categories-fertigungsmanagement","10":"jask_topic_categories-optimierung-des-fertigungsprozesses","11":"jask_topic_categories-produktentwicklung","12":"jask_topic_categories-aussenfuehrung","13":"jask_topic_categories-controlling-und-risikomanagement","14":"jask_topic_categories-managementsysteme","16":"first","17":"instock","18":"taxable","19":"shipping-taxable","20":"purchasable","21":"product-type-variable"},"yoast_head":"<!-- This site is optimized with the Yoast SEO plugin v27.4 - https:\/\/yoast.com\/product\/yoast-seo-wordpress\/ -->\n<title>PDF-Vorlage: Prozess f\u00fcr die Freigabe erster bearbeiteter Teile<\/title>\n<meta name=\"description\" content=\"Bew\u00e4hrte Prozessdarstellung f\u00fcr die Freigabe erster bearbeiteter Teile einer Fertigungslosgr\u00f6\u00dfe in produzierenden Unternehmen. Jetzt herunterladen!\" \/>\n<meta name=\"robots\" content=\"index, follow, max-snippet:-1, max-image-preview:large, max-video-preview:-1\" \/>\n<link rel=\"canonical\" href=\"https:\/\/www.consultingcheck.com\/de\/ressource\/vorlage-prozess-fuer-die-freigabe-erster-bearbeiteter-teile\/\" \/>\n<meta property=\"og:locale\" content=\"de_DE\" \/>\n<meta property=\"og:type\" content=\"article\" \/>\n<meta property=\"og:title\" content=\"PDF-Vorlage: Prozess f\u00fcr die Freigabe erster bearbeiteter Teile\" \/>\n<meta property=\"og:description\" content=\"Bew\u00e4hrte Prozessdarstellung f\u00fcr die Freigabe erster bearbeiteter Teile einer Fertigungslosgr\u00f6\u00dfe in produzierenden Unternehmen. Jetzt herunterladen!\" \/>\n<meta property=\"og:url\" content=\"https:\/\/www.consultingcheck.com\/de\/ressource\/vorlage-prozess-fuer-die-freigabe-erster-bearbeiteter-teile\/\" \/>\n<meta property=\"og:site_name\" content=\"consultingcheck\" \/>\n<meta property=\"article:modified_time\" content=\"2024-06-18T09:41:41+00:00\" \/>\n<meta property=\"og:image\" content=\"https:\/\/www.consultingcheck.com\/wp-content\/uploads\/2022\/11\/vorlage-prozess-fuer-die-freigabe-erster-bearbeiteter-teile.jpg\" \/>\n\t<meta property=\"og:image:width\" content=\"1000\" \/>\n\t<meta property=\"og:image:height\" content=\"679\" \/>\n\t<meta property=\"og:image:type\" content=\"image\/jpeg\" \/>\n<meta name=\"twitter:card\" content=\"summary_large_image\" \/>\n<meta name=\"twitter:label1\" content=\"Gesch\u00e4tzte Lesezeit\" \/>\n\t<meta name=\"twitter:data1\" content=\"2\u00a0Minuten\" \/>\n<script type=\"application\/ld+json\" class=\"yoast-schema-graph\">{\"@context\":\"https:\\\/\\\/schema.org\",\"@graph\":[{\"@type\":\"WebPage\",\"@id\":\"https:\\\/\\\/www.consultingcheck.com\\\/de\\\/ressource\\\/vorlage-prozess-fuer-die-freigabe-erster-bearbeiteter-teile\\\/\",\"url\":\"https:\\\/\\\/www.consultingcheck.com\\\/de\\\/ressource\\\/vorlage-prozess-fuer-die-freigabe-erster-bearbeiteter-teile\\\/\",\"name\":\"PDF-Vorlage: Prozess f\u00fcr die Freigabe erster bearbeiteter Teile\",\"isPartOf\":{\"@id\":\"https:\\\/\\\/www.consultingcheck.com\\\/de\\\/#website\"},\"primaryImageOfPage\":{\"@id\":\"https:\\\/\\\/www.consultingcheck.com\\\/de\\\/ressource\\\/vorlage-prozess-fuer-die-freigabe-erster-bearbeiteter-teile\\\/#primaryimage\"},\"image\":{\"@id\":\"https:\\\/\\\/www.consultingcheck.com\\\/de\\\/ressource\\\/vorlage-prozess-fuer-die-freigabe-erster-bearbeiteter-teile\\\/#primaryimage\"},\"thumbnailUrl\":\"https:\\\/\\\/www.consultingcheck.com\\\/wp-content\\\/uploads\\\/2022\\\/11\\\/vorlage-prozess-fuer-die-freigabe-erster-bearbeiteter-teile.jpg\",\"datePublished\":\"2022-11-03T11:03:14+00:00\",\"dateModified\":\"2024-06-18T09:41:41+00:00\",\"description\":\"Bew\u00e4hrte Prozessdarstellung f\u00fcr die Freigabe erster bearbeiteter Teile einer Fertigungslosgr\u00f6\u00dfe in produzierenden Unternehmen. Jetzt herunterladen!\",\"breadcrumb\":{\"@id\":\"https:\\\/\\\/www.consultingcheck.com\\\/de\\\/ressource\\\/vorlage-prozess-fuer-die-freigabe-erster-bearbeiteter-teile\\\/#breadcrumb\"},\"inLanguage\":\"de\",\"potentialAction\":[{\"@type\":\"ReadAction\",\"target\":[\"https:\\\/\\\/www.consultingcheck.com\\\/de\\\/ressource\\\/vorlage-prozess-fuer-die-freigabe-erster-bearbeiteter-teile\\\/\"]}]},{\"@type\":\"ImageObject\",\"inLanguage\":\"de\",\"@id\":\"https:\\\/\\\/www.consultingcheck.com\\\/de\\\/ressource\\\/vorlage-prozess-fuer-die-freigabe-erster-bearbeiteter-teile\\\/#primaryimage\",\"url\":\"https:\\\/\\\/www.consultingcheck.com\\\/wp-content\\\/uploads\\\/2022\\\/11\\\/vorlage-prozess-fuer-die-freigabe-erster-bearbeiteter-teile.jpg\",\"contentUrl\":\"https:\\\/\\\/www.consultingcheck.com\\\/wp-content\\\/uploads\\\/2022\\\/11\\\/vorlage-prozess-fuer-die-freigabe-erster-bearbeiteter-teile.jpg\",\"width\":1000,\"height\":679,\"caption\":\"Ein Screenshot der Vorlage f\u00fcr Prozesse zur Freigabe erster bearbeiteter Teile.\"},{\"@type\":\"BreadcrumbList\",\"@id\":\"https:\\\/\\\/www.consultingcheck.com\\\/de\\\/ressource\\\/vorlage-prozess-fuer-die-freigabe-erster-bearbeiteter-teile\\\/#breadcrumb\",\"itemListElement\":[{\"@type\":\"ListItem\",\"position\":1,\"name\":\"Startseite\",\"item\":\"https:\\\/\\\/www.consultingcheck.com\\\/de\\\/\"},{\"@type\":\"ListItem\",\"position\":2,\"name\":\"Downloads, Anwendungen und Produkte\",\"item\":\"https:\\\/\\\/www.consultingcheck.com\\\/de\\\/tools\\\/downloads-anwendungen-und-produkte\\\/\"},{\"@type\":\"ListItem\",\"position\":3,\"name\":\"Vorlage Prozess f\u00fcr die Freigabe erster bearbeiteter Teile\"}]},{\"@type\":\"WebSite\",\"@id\":\"https:\\\/\\\/www.consultingcheck.com\\\/de\\\/#website\",\"url\":\"https:\\\/\\\/www.consultingcheck.com\\\/de\\\/\",\"name\":\"consultingcheck\",\"description\":\"Vernetzt gedacht. Entzaubert. Hands-on.\",\"potentialAction\":[{\"@type\":\"SearchAction\",\"target\":{\"@type\":\"EntryPoint\",\"urlTemplate\":\"https:\\\/\\\/www.consultingcheck.com\\\/de\\\/?s={search_term_string}\"},\"query-input\":{\"@type\":\"PropertyValueSpecification\",\"valueRequired\":true,\"valueName\":\"search_term_string\"}}],\"inLanguage\":\"de\"}]}<\/script>\n<!-- \/ Yoast SEO plugin. -->","yoast_head_json":{"title":"PDF-Vorlage: Prozess f\u00fcr die Freigabe erster bearbeiteter Teile","description":"Bew\u00e4hrte Prozessdarstellung f\u00fcr die Freigabe erster bearbeiteter Teile einer Fertigungslosgr\u00f6\u00dfe in produzierenden Unternehmen. Jetzt herunterladen!","robots":{"index":"index","follow":"follow","max-snippet":"max-snippet:-1","max-image-preview":"max-image-preview:large","max-video-preview":"max-video-preview:-1"},"canonical":"https:\/\/www.consultingcheck.com\/de\/ressource\/vorlage-prozess-fuer-die-freigabe-erster-bearbeiteter-teile\/","og_locale":"de_DE","og_type":"article","og_title":"PDF-Vorlage: Prozess f\u00fcr die Freigabe erster bearbeiteter Teile","og_description":"Bew\u00e4hrte Prozessdarstellung f\u00fcr die Freigabe erster bearbeiteter Teile einer Fertigungslosgr\u00f6\u00dfe in produzierenden Unternehmen. Jetzt herunterladen!","og_url":"https:\/\/www.consultingcheck.com\/de\/ressource\/vorlage-prozess-fuer-die-freigabe-erster-bearbeiteter-teile\/","og_site_name":"consultingcheck","article_modified_time":"2024-06-18T09:41:41+00:00","og_image":[{"width":1000,"height":679,"url":"https:\/\/www.consultingcheck.com\/wp-content\/uploads\/2022\/11\/vorlage-prozess-fuer-die-freigabe-erster-bearbeiteter-teile.jpg","type":"image\/jpeg"}],"twitter_card":"summary_large_image","twitter_misc":{"Gesch\u00e4tzte Lesezeit":"2\u00a0Minuten"},"schema":{"@context":"https:\/\/schema.org","@graph":[{"@type":"WebPage","@id":"https:\/\/www.consultingcheck.com\/de\/ressource\/vorlage-prozess-fuer-die-freigabe-erster-bearbeiteter-teile\/","url":"https:\/\/www.consultingcheck.com\/de\/ressource\/vorlage-prozess-fuer-die-freigabe-erster-bearbeiteter-teile\/","name":"PDF-Vorlage: Prozess f\u00fcr die Freigabe erster bearbeiteter Teile","isPartOf":{"@id":"https:\/\/www.consultingcheck.com\/de\/#website"},"primaryImageOfPage":{"@id":"https:\/\/www.consultingcheck.com\/de\/ressource\/vorlage-prozess-fuer-die-freigabe-erster-bearbeiteter-teile\/#primaryimage"},"image":{"@id":"https:\/\/www.consultingcheck.com\/de\/ressource\/vorlage-prozess-fuer-die-freigabe-erster-bearbeiteter-teile\/#primaryimage"},"thumbnailUrl":"https:\/\/www.consultingcheck.com\/wp-content\/uploads\/2022\/11\/vorlage-prozess-fuer-die-freigabe-erster-bearbeiteter-teile.jpg","datePublished":"2022-11-03T11:03:14+00:00","dateModified":"2024-06-18T09:41:41+00:00","description":"Bew\u00e4hrte Prozessdarstellung f\u00fcr die Freigabe erster bearbeiteter Teile einer Fertigungslosgr\u00f6\u00dfe in produzierenden Unternehmen. Jetzt herunterladen!","breadcrumb":{"@id":"https:\/\/www.consultingcheck.com\/de\/ressource\/vorlage-prozess-fuer-die-freigabe-erster-bearbeiteter-teile\/#breadcrumb"},"inLanguage":"de","potentialAction":[{"@type":"ReadAction","target":["https:\/\/www.consultingcheck.com\/de\/ressource\/vorlage-prozess-fuer-die-freigabe-erster-bearbeiteter-teile\/"]}]},{"@type":"ImageObject","inLanguage":"de","@id":"https:\/\/www.consultingcheck.com\/de\/ressource\/vorlage-prozess-fuer-die-freigabe-erster-bearbeiteter-teile\/#primaryimage","url":"https:\/\/www.consultingcheck.com\/wp-content\/uploads\/2022\/11\/vorlage-prozess-fuer-die-freigabe-erster-bearbeiteter-teile.jpg","contentUrl":"https:\/\/www.consultingcheck.com\/wp-content\/uploads\/2022\/11\/vorlage-prozess-fuer-die-freigabe-erster-bearbeiteter-teile.jpg","width":1000,"height":679,"caption":"Ein Screenshot der Vorlage f\u00fcr Prozesse zur Freigabe erster bearbeiteter Teile."},{"@type":"BreadcrumbList","@id":"https:\/\/www.consultingcheck.com\/de\/ressource\/vorlage-prozess-fuer-die-freigabe-erster-bearbeiteter-teile\/#breadcrumb","itemListElement":[{"@type":"ListItem","position":1,"name":"Startseite","item":"https:\/\/www.consultingcheck.com\/de\/"},{"@type":"ListItem","position":2,"name":"Downloads, Anwendungen und Produkte","item":"https:\/\/www.consultingcheck.com\/de\/tools\/downloads-anwendungen-und-produkte\/"},{"@type":"ListItem","position":3,"name":"Vorlage Prozess f\u00fcr die Freigabe erster bearbeiteter Teile"}]},{"@type":"WebSite","@id":"https:\/\/www.consultingcheck.com\/de\/#website","url":"https:\/\/www.consultingcheck.com\/de\/","name":"consultingcheck","description":"Vernetzt gedacht. Entzaubert. Hands-on.","potentialAction":[{"@type":"SearchAction","target":{"@type":"EntryPoint","urlTemplate":"https:\/\/www.consultingcheck.com\/de\/?s={search_term_string}"},"query-input":{"@type":"PropertyValueSpecification","valueRequired":true,"valueName":"search_term_string"}}],"inLanguage":"de"}]}},"_links":{"self":[{"href":"https:\/\/www.consultingcheck.com\/de\/wp-json\/wp\/v2\/product\/10935","targetHints":{"allow":["GET"]}}],"collection":[{"href":"https:\/\/www.consultingcheck.com\/de\/wp-json\/wp\/v2\/product"}],"about":[{"href":"https:\/\/www.consultingcheck.com\/de\/wp-json\/wp\/v2\/types\/product"}],"wp:featuredmedia":[{"embeddable":true,"href":"https:\/\/www.consultingcheck.com\/de\/wp-json\/wp\/v2\/media\/20237"}],"wp:attachment":[{"href":"https:\/\/www.consultingcheck.com\/de\/wp-json\/wp\/v2\/media?parent=10935"}],"wp:term":[{"taxonomy":"product_brand","embeddable":true,"href":"https:\/\/www.consultingcheck.com\/de\/wp-json\/wp\/v2\/product_brand?post=10935"},{"taxonomy":"product_cat","embeddable":true,"href":"https:\/\/www.consultingcheck.com\/de\/wp-json\/wp\/v2\/product_cat?post=10935"},{"taxonomy":"product_tag","embeddable":true,"href":"https:\/\/www.consultingcheck.com\/de\/wp-json\/wp\/v2\/product_tag?post=10935"},{"taxonomy":"jask_topic_categories","embeddable":true,"href":"https:\/\/www.consultingcheck.com\/de\/wp-json\/wp\/v2\/jask_topic_categories?post=10935"}],"curies":[{"name":"wp","href":"https:\/\/api.w.org\/{rel}","templated":true}]}}