{"id":10929,"date":"2022-11-01T13:06:18","date_gmt":"2022-11-01T12:06:18","guid":{"rendered":"https:\/\/www.consultingcheck.com\/?post_type=product&#038;p=10929"},"modified":"2024-06-18T12:29:13","modified_gmt":"2024-06-18T10:29:13","slug":"briefing-ueber-management-buyout-mbo","status":"publish","type":"product","link":"https:\/\/www.consultingcheck.com\/de\/ressource\/briefing-ueber-management-buyout-mbo\/","title":{"rendered":"Briefing \u00fcber Management-Buyout (MBO)"},"content":{"rendered":"<h2><strong>Einblick in die M\u00f6glichkeit und den typischen Ablauf eines Management-Buyouts (MBO)<\/strong><\/h2>\n<h3>Inhalte<\/h3>\n<p>In diesem Briefing erhalten Sie auf 10 Inhaltsfolien wesentliche Informationen \u00fcber die M\u00f6glichkeit und den typischen Ablauf eines Management-Buyouts (MBO).<\/p>\n<p>Wenn Sie sich daf\u00fcr interessieren, sich ma\u00dfgeblich am Unternehmen Ihres Arbeitgebers finanziell zu beteiligen, aber noch gar keine Vorstellung davon haben, wie Sie so einen Prozess angehen k\u00f6nnen, ist dieser Beitrag sicher interessant f\u00fcr Sie.<\/p>\n<p>&nbsp;<\/p>\n<h3>Vorteile<\/h3>\n<ul>\n<li>Sie erhalten erste Informationen \u00fcber die M\u00f6glichkeit, sich ma\u00dfgeblich am Unternehmen Ihres Arbeitgebers finanziell zu beteiligen.<\/li>\n<li>Sie erfahren, wie ein Management-Buyout-Prozess typischerweise abl\u00e4uft und wie Sie ihn initiieren k\u00f6nnen.<\/li>\n<li>Sie erhalten wertvolle erste Hinweise zur Strukturierung Ihrer Beteiligungsfinanzierung.<\/li>\n<\/ul>\n<p>&nbsp;<\/p>\n<h3>Digitaler Download<\/h3>\n<p>Nach der Bestellung erhalten Sie einen Download-Link zum pdf-Foliensatz, den Sie sofort nutzen k\u00f6nnen.<\/p>\n<p>Bitte beachten Sie, dass dieser Foliensatz, zu dem Sie den Zugang erwerben, ausschlie\u00dflich f\u00fcr Ihren pers\u00f6nlichen Gebrauch bestimmt sind. Es ist untersagt, diesen Foliensatz in jeglicher Form und in jeglicher digitaler oder physischer Weise weiterzuverkaufen oder ihn ohne meine Erlaubnis in einer physischen oder Online-Ver\u00f6ffentlichung zu ver\u00f6ffentlichen. Ich bin der einzige Copyright-Inhaber dieser Datei.<\/p>\n","protected":false},"excerpt":{"rendered":"<h2>Management-Buyout (MBO) einfach umsetzen mit unserem Briefing!<\/h2>\n","protected":false},"featured_media":20177,"template":"","meta":{"_links_to":"","_links_to_target":""},"product_brand":[],"product_cat":[1225,1227,1229,592,601],"product_tag":[],"jask_topic_categories":[1216,1217,1220,115,116,249,332,340,253,275,318,276,277,278,319,320,415,446,464,463,465,491],"class_list":{"0":"post-10929","1":"product","2":"type-product","3":"status-publish","4":"has-post-thumbnail","6":"product_cat-gruendung","7":"product_cat-management","8":"product_cat-unternehmenstransaktionen","9":"product_cat-checkliste","10":"product_cat-foliensatz","11":"jask_topic_categories-finanz","12":"jask_topic_categories-gruendung","13":"jask_topic_categories-management","14":"jask_topic_categories-vertriebsorganisation","15":"jask_topic_categories-aufbau-der-vertriebsorganisation","16":"jask_topic_categories-organisation-und-personal","17":"jask_topic_categories-change-management","18":"jask_topic_categories-fuehrung-und-moral","19":"jask_topic_categories-leadership","20":"jask_topic_categories-fuehrungsbereitschaft-fuehrungsfaehigkeit-und-fuehrungsmoeglichkeit","21":"jask_topic_categories-rollenwechsel-zur-fuehrungskraft","22":"jask_topic_categories-fuehrungsbereitschaft","23":"jask_topic_categories-fuehrungsfaehigkeit","24":"jask_topic_categories-fuehrungsmoeglichkeit","25":"jask_topic_categories-von-der-fachkraft-zur-fuehrungskraft","26":"jask_topic_categories-umgang-mit-ehemaligen-mitarbeitern","27":"jask_topic_categories-krise-und-sanierung","28":"jask_topic_categories-unternehmensverkauf-kauf-unternehmensgruendung","29":"jask_topic_categories-vorbereitung-des-unternehmens-auf-einen-verkauf","30":"jask_topic_categories-unternehmensverkauf","31":"jask_topic_categories-nachfolgeregelung","32":"jask_topic_categories-basisfragen","34":"first","35":"instock","36":"taxable","37":"shipping-taxable","38":"purchasable","39":"product-type-variable"},"yoast_head":"<!-- This site is optimized with the Yoast SEO plugin v27.3 - https:\/\/yoast.com\/product\/yoast-seo-wordpress\/ -->\n<title>PDF-Briefing \u00fcber Management-Buyout (MBO) downloaden<\/title>\n<meta name=\"description\" content=\"In diesem Briefing erhalten Sie auf 10 Inhaltsfolien wesentliche Informationen \u00fcber die M\u00f6glichkeit und den Ablauf eines Management-Buyouts (MBO).\" \/>\n<meta name=\"robots\" content=\"index, follow, max-snippet:-1, max-image-preview:large, max-video-preview:-1\" \/>\n<link rel=\"canonical\" href=\"https:\/\/www.consultingcheck.com\/de\/ressource\/briefing-ueber-management-buyout-mbo\/\" \/>\n<meta property=\"og:locale\" content=\"de_DE\" \/>\n<meta property=\"og:type\" content=\"article\" \/>\n<meta property=\"og:title\" content=\"PDF-Briefing \u00fcber Management-Buyout (MBO) downloaden\" \/>\n<meta property=\"og:description\" content=\"In diesem Briefing erhalten Sie auf 10 Inhaltsfolien wesentliche Informationen \u00fcber die M\u00f6glichkeit und den Ablauf eines Management-Buyouts (MBO).\" \/>\n<meta property=\"og:url\" content=\"https:\/\/www.consultingcheck.com\/de\/ressource\/briefing-ueber-management-buyout-mbo\/\" \/>\n<meta property=\"og:site_name\" content=\"consultingcheck\" \/>\n<meta property=\"article:modified_time\" content=\"2024-06-18T10:29:13+00:00\" \/>\n<meta property=\"og:image\" content=\"https:\/\/www.consultingcheck.com\/wp-content\/uploads\/2022\/11\/briefing-ueber-management-buyout-mbo.jpg\" \/>\n\t<meta property=\"og:image:width\" content=\"1000\" \/>\n\t<meta property=\"og:image:height\" content=\"679\" \/>\n\t<meta property=\"og:image:type\" content=\"image\/jpeg\" \/>\n<meta name=\"twitter:card\" content=\"summary_large_image\" \/>\n<meta name=\"twitter:label1\" content=\"Gesch\u00e4tzte Lesezeit\" \/>\n\t<meta name=\"twitter:data1\" content=\"2\u00a0Minuten\" \/>\n<script type=\"application\/ld+json\" class=\"yoast-schema-graph\">{\"@context\":\"https:\\\/\\\/schema.org\",\"@graph\":[{\"@type\":\"WebPage\",\"@id\":\"https:\\\/\\\/www.consultingcheck.com\\\/de\\\/ressource\\\/briefing-ueber-management-buyout-mbo\\\/\",\"url\":\"https:\\\/\\\/www.consultingcheck.com\\\/de\\\/ressource\\\/briefing-ueber-management-buyout-mbo\\\/\",\"name\":\"PDF-Briefing \u00fcber Management-Buyout (MBO) downloaden\",\"isPartOf\":{\"@id\":\"https:\\\/\\\/www.consultingcheck.com\\\/de\\\/#website\"},\"primaryImageOfPage\":{\"@id\":\"https:\\\/\\\/www.consultingcheck.com\\\/de\\\/ressource\\\/briefing-ueber-management-buyout-mbo\\\/#primaryimage\"},\"image\":{\"@id\":\"https:\\\/\\\/www.consultingcheck.com\\\/de\\\/ressource\\\/briefing-ueber-management-buyout-mbo\\\/#primaryimage\"},\"thumbnailUrl\":\"https:\\\/\\\/www.consultingcheck.com\\\/wp-content\\\/uploads\\\/2022\\\/11\\\/briefing-ueber-management-buyout-mbo.jpg\",\"datePublished\":\"2022-11-01T12:06:18+00:00\",\"dateModified\":\"2024-06-18T10:29:13+00:00\",\"description\":\"In diesem Briefing erhalten Sie auf 10 Inhaltsfolien wesentliche Informationen \u00fcber die M\u00f6glichkeit und den Ablauf eines Management-Buyouts (MBO).\",\"breadcrumb\":{\"@id\":\"https:\\\/\\\/www.consultingcheck.com\\\/de\\\/ressource\\\/briefing-ueber-management-buyout-mbo\\\/#breadcrumb\"},\"inLanguage\":\"de\",\"potentialAction\":[{\"@type\":\"ReadAction\",\"target\":[\"https:\\\/\\\/www.consultingcheck.com\\\/de\\\/ressource\\\/briefing-ueber-management-buyout-mbo\\\/\"]}]},{\"@type\":\"ImageObject\",\"inLanguage\":\"de\",\"@id\":\"https:\\\/\\\/www.consultingcheck.com\\\/de\\\/ressource\\\/briefing-ueber-management-buyout-mbo\\\/#primaryimage\",\"url\":\"https:\\\/\\\/www.consultingcheck.com\\\/wp-content\\\/uploads\\\/2022\\\/11\\\/briefing-ueber-management-buyout-mbo.jpg\",\"contentUrl\":\"https:\\\/\\\/www.consultingcheck.com\\\/wp-content\\\/uploads\\\/2022\\\/11\\\/briefing-ueber-management-buyout-mbo.jpg\",\"width\":1000,\"height\":679,\"caption\":\"Ein Screenshot des Briefings \u00fcber Management-Buyout (MBO).\"},{\"@type\":\"BreadcrumbList\",\"@id\":\"https:\\\/\\\/www.consultingcheck.com\\\/de\\\/ressource\\\/briefing-ueber-management-buyout-mbo\\\/#breadcrumb\",\"itemListElement\":[{\"@type\":\"ListItem\",\"position\":1,\"name\":\"Startseite\",\"item\":\"https:\\\/\\\/www.consultingcheck.com\\\/de\\\/\"},{\"@type\":\"ListItem\",\"position\":2,\"name\":\"Downloads, Anwendungen und Produkte\",\"item\":\"https:\\\/\\\/www.consultingcheck.com\\\/de\\\/tools\\\/downloads-anwendungen-und-produkte\\\/\"},{\"@type\":\"ListItem\",\"position\":3,\"name\":\"Briefing \u00fcber Management-Buyout (MBO)\"}]},{\"@type\":\"WebSite\",\"@id\":\"https:\\\/\\\/www.consultingcheck.com\\\/de\\\/#website\",\"url\":\"https:\\\/\\\/www.consultingcheck.com\\\/de\\\/\",\"name\":\"consultingcheck\",\"description\":\"Vernetzt gedacht. Entzaubert. Hands-on.\",\"potentialAction\":[{\"@type\":\"SearchAction\",\"target\":{\"@type\":\"EntryPoint\",\"urlTemplate\":\"https:\\\/\\\/www.consultingcheck.com\\\/de\\\/?s={search_term_string}\"},\"query-input\":{\"@type\":\"PropertyValueSpecification\",\"valueRequired\":true,\"valueName\":\"search_term_string\"}}],\"inLanguage\":\"de\"}]}<\/script>\n<!-- \/ Yoast SEO plugin. -->","yoast_head_json":{"title":"PDF-Briefing \u00fcber Management-Buyout (MBO) downloaden","description":"In diesem Briefing erhalten Sie auf 10 Inhaltsfolien wesentliche Informationen \u00fcber die M\u00f6glichkeit und den Ablauf eines Management-Buyouts (MBO).","robots":{"index":"index","follow":"follow","max-snippet":"max-snippet:-1","max-image-preview":"max-image-preview:large","max-video-preview":"max-video-preview:-1"},"canonical":"https:\/\/www.consultingcheck.com\/de\/ressource\/briefing-ueber-management-buyout-mbo\/","og_locale":"de_DE","og_type":"article","og_title":"PDF-Briefing \u00fcber Management-Buyout (MBO) downloaden","og_description":"In diesem Briefing erhalten Sie auf 10 Inhaltsfolien wesentliche Informationen \u00fcber die M\u00f6glichkeit und den Ablauf eines Management-Buyouts (MBO).","og_url":"https:\/\/www.consultingcheck.com\/de\/ressource\/briefing-ueber-management-buyout-mbo\/","og_site_name":"consultingcheck","article_modified_time":"2024-06-18T10:29:13+00:00","og_image":[{"width":1000,"height":679,"url":"https:\/\/www.consultingcheck.com\/wp-content\/uploads\/2022\/11\/briefing-ueber-management-buyout-mbo.jpg","type":"image\/jpeg"}],"twitter_card":"summary_large_image","twitter_misc":{"Gesch\u00e4tzte Lesezeit":"2\u00a0Minuten"},"schema":{"@context":"https:\/\/schema.org","@graph":[{"@type":"WebPage","@id":"https:\/\/www.consultingcheck.com\/de\/ressource\/briefing-ueber-management-buyout-mbo\/","url":"https:\/\/www.consultingcheck.com\/de\/ressource\/briefing-ueber-management-buyout-mbo\/","name":"PDF-Briefing \u00fcber Management-Buyout (MBO) downloaden","isPartOf":{"@id":"https:\/\/www.consultingcheck.com\/de\/#website"},"primaryImageOfPage":{"@id":"https:\/\/www.consultingcheck.com\/de\/ressource\/briefing-ueber-management-buyout-mbo\/#primaryimage"},"image":{"@id":"https:\/\/www.consultingcheck.com\/de\/ressource\/briefing-ueber-management-buyout-mbo\/#primaryimage"},"thumbnailUrl":"https:\/\/www.consultingcheck.com\/wp-content\/uploads\/2022\/11\/briefing-ueber-management-buyout-mbo.jpg","datePublished":"2022-11-01T12:06:18+00:00","dateModified":"2024-06-18T10:29:13+00:00","description":"In diesem Briefing erhalten Sie auf 10 Inhaltsfolien wesentliche Informationen \u00fcber die M\u00f6glichkeit und den Ablauf eines Management-Buyouts (MBO).","breadcrumb":{"@id":"https:\/\/www.consultingcheck.com\/de\/ressource\/briefing-ueber-management-buyout-mbo\/#breadcrumb"},"inLanguage":"de","potentialAction":[{"@type":"ReadAction","target":["https:\/\/www.consultingcheck.com\/de\/ressource\/briefing-ueber-management-buyout-mbo\/"]}]},{"@type":"ImageObject","inLanguage":"de","@id":"https:\/\/www.consultingcheck.com\/de\/ressource\/briefing-ueber-management-buyout-mbo\/#primaryimage","url":"https:\/\/www.consultingcheck.com\/wp-content\/uploads\/2022\/11\/briefing-ueber-management-buyout-mbo.jpg","contentUrl":"https:\/\/www.consultingcheck.com\/wp-content\/uploads\/2022\/11\/briefing-ueber-management-buyout-mbo.jpg","width":1000,"height":679,"caption":"Ein Screenshot des Briefings \u00fcber Management-Buyout (MBO)."},{"@type":"BreadcrumbList","@id":"https:\/\/www.consultingcheck.com\/de\/ressource\/briefing-ueber-management-buyout-mbo\/#breadcrumb","itemListElement":[{"@type":"ListItem","position":1,"name":"Startseite","item":"https:\/\/www.consultingcheck.com\/de\/"},{"@type":"ListItem","position":2,"name":"Downloads, Anwendungen und Produkte","item":"https:\/\/www.consultingcheck.com\/de\/tools\/downloads-anwendungen-und-produkte\/"},{"@type":"ListItem","position":3,"name":"Briefing \u00fcber Management-Buyout (MBO)"}]},{"@type":"WebSite","@id":"https:\/\/www.consultingcheck.com\/de\/#website","url":"https:\/\/www.consultingcheck.com\/de\/","name":"consultingcheck","description":"Vernetzt gedacht. Entzaubert. Hands-on.","potentialAction":[{"@type":"SearchAction","target":{"@type":"EntryPoint","urlTemplate":"https:\/\/www.consultingcheck.com\/de\/?s={search_term_string}"},"query-input":{"@type":"PropertyValueSpecification","valueRequired":true,"valueName":"search_term_string"}}],"inLanguage":"de"}]}},"_links":{"self":[{"href":"https:\/\/www.consultingcheck.com\/de\/wp-json\/wp\/v2\/product\/10929","targetHints":{"allow":["GET"]}}],"collection":[{"href":"https:\/\/www.consultingcheck.com\/de\/wp-json\/wp\/v2\/product"}],"about":[{"href":"https:\/\/www.consultingcheck.com\/de\/wp-json\/wp\/v2\/types\/product"}],"wp:featuredmedia":[{"embeddable":true,"href":"https:\/\/www.consultingcheck.com\/de\/wp-json\/wp\/v2\/media\/20177"}],"wp:attachment":[{"href":"https:\/\/www.consultingcheck.com\/de\/wp-json\/wp\/v2\/media?parent=10929"}],"wp:term":[{"taxonomy":"product_brand","embeddable":true,"href":"https:\/\/www.consultingcheck.com\/de\/wp-json\/wp\/v2\/product_brand?post=10929"},{"taxonomy":"product_cat","embeddable":true,"href":"https:\/\/www.consultingcheck.com\/de\/wp-json\/wp\/v2\/product_cat?post=10929"},{"taxonomy":"product_tag","embeddable":true,"href":"https:\/\/www.consultingcheck.com\/de\/wp-json\/wp\/v2\/product_tag?post=10929"},{"taxonomy":"jask_topic_categories","embeddable":true,"href":"https:\/\/www.consultingcheck.com\/de\/wp-json\/wp\/v2\/jask_topic_categories?post=10929"}],"curies":[{"name":"wp","href":"https:\/\/api.w.org\/{rel}","templated":true}]}}