{"id":9,"date":"2021-09-14T01:17:34","date_gmt":"2021-09-13T23:17:34","guid":{"rendered":"https:\/\/www.consultingcheck.com\/dialog\/"},"modified":"2025-06-25T13:09:38","modified_gmt":"2025-06-25T11:09:38","slug":"dialog","status":"publish","type":"page","link":"https:\/\/www.consultingcheck.com\/de\/dialog\/","title":{"rendered":"Dialog"},"content":{"rendered":"\n<div class=\"wp-block-columns is-layout-flex wp-container-core-columns-is-layout-9d6595d7 wp-block-columns-is-layout-flex\">\n<div class=\"wp-block-column is-layout-flow wp-block-column-is-layout-flow\">\n<h1 class=\"wp-block-heading\">Willkommen zum kostenfreien KI-gest\u00fctzten Beratungsdialog f\u00fcr Fach- und F\u00fchrungskr\u00e4fte<\/h1>\n\n\n\n<h2 class=\"wp-block-heading\">Fragen Sie Marion, unsere KI-basierte consultingcheck-Beraterin<\/h2>\n\n\n\n<p>Marion st\u00fctzt sich ausschlie\u00dflich auf Inhalte, die bei consultingcheck verf\u00fcgbar sind. Entsprechend hoch ist die Qualit\u00e4t der Ergebnisse, die Marion liefert.<\/p>\n\n\n\n<div style=\"height:100px\" aria-hidden=\"true\" class=\"wp-block-spacer is-style-s30\"><\/div>\n\n\n\n<style>\n@media (min-width: 1025px) {\t\n\t#chatbase-bubble-button {\n\t\tbackground-color: rgba(255, 255, 255, 0.4) !important;\n\t}\t\n\t#chatbase-bubble-button, #chatbase-bubble-button img {\n\t    width: 200px !important;\n\t    height: 200px !important;\n\t    border-color: transparent !important;\n\t    border-radius: 100px !important;\n\t}\n\t#chatbase-message-bubbles {\n        bottom: 220px !important;\n\t\tmax-width: 40vw !important;\n\t}\n#top { display: none; }\n}\n<\/style>\n<iframe\n    data-borlabs-cookie-iframe-spared\n    data-ff-iframe-src=\"https:\/\/chatbot.forty-four.de\/chatbot-iframe\/eSP74NyHWQXNMTSr6cgxv\"\n    width=\"100%\"\n    style=\"min-height: 400px; border: 1px solid #e4e4e7; border-radius: 5px; margin-bottom: 120px\"\n    frameborder=\"0\"\n><\/iframe>\n\n\n\n<div style=\"height:100px\" aria-hidden=\"true\" class=\"wp-block-spacer is-style-s30\"><\/div>\n<\/div>\n<\/div>\n","protected":false},"excerpt":{"rendered":"<p>Willkommen zum kostenfreien KI-gest\u00fctzten Beratungsdialog f\u00fcr Fach- und F\u00fchrungskr\u00e4fte Fragen Sie Marion, unsere KI-basierte consultingcheck-Beraterin Marion st\u00fctzt sich ausschlie\u00dflich auf Inhalte, die bei consultingcheck verf\u00fcgbar sind. Entsprechend hoch ist die Qualit\u00e4t der Ergebnisse, die Marion liefert.<\/p>\n","protected":false},"author":1,"featured_media":0,"parent":0,"menu_order":32,"comment_status":"closed","ping_status":"closed","template":"","meta":{"footnotes":"","_links_to":"","_links_to_target":""},"class_list":["post-9","page","type-page","status-publish","hentry"],"yoast_head":"<!-- This site is optimized with the Yoast SEO plugin v27.4 - https:\/\/yoast.com\/product\/yoast-seo-wordpress\/ -->\n<title>Consulting im kostenfreien Online-Dialog von consultingcheck<\/title>\n<meta name=\"description\" content=\"Kostenloser 1st-Level-Support f\u00fcr Fach- &amp; F\u00fchrungskr\u00e4fte: Nutzen Sie unseren Online-Dialog zur L\u00f6sungsfindung. Jetzt consultingcheck testen!\" \/>\n<meta name=\"robots\" content=\"index, follow, max-snippet:-1, max-image-preview:large, max-video-preview:-1\" \/>\n<link rel=\"canonical\" href=\"https:\/\/www.consultingcheck.com\/de\/dialog\/\" \/>\n<meta property=\"og:locale\" content=\"de_DE\" \/>\n<meta property=\"og:type\" content=\"article\" \/>\n<meta property=\"og:title\" content=\"Der kostenfreie Beratungs-Dialog\" \/>\n<meta property=\"og:description\" content=\"Jetzt online beraten lassen\" \/>\n<meta property=\"og:url\" content=\"https:\/\/www.consultingcheck.com\/de\/dialog\/\" \/>\n<meta property=\"og:site_name\" content=\"consultingcheck\" \/>\n<meta property=\"article:modified_time\" content=\"2025-06-25T11:09:38+00:00\" \/>\n<meta property=\"og:image\" content=\"https:\/\/www.consultingcheck.com\/wp-content\/uploads\/2022\/04\/og-bild_1200x630.jpg\" \/>\n\t<meta property=\"og:image:width\" content=\"1200\" \/>\n\t<meta property=\"og:image:height\" content=\"630\" \/>\n\t<meta property=\"og:image:type\" content=\"image\/jpeg\" \/>\n<meta name=\"twitter:card\" content=\"summary_large_image\" \/>\n<meta name=\"twitter:title\" content=\"Der kostenfreie Beratungs-Dialog\" \/>\n<meta name=\"twitter:description\" content=\"Jetzt online beraten lassen\" \/>\n<meta name=\"twitter:image\" content=\"https:\/\/www.consultingcheck.com\/wp-content\/uploads\/2022\/04\/og-bild_1200x630.jpg\" \/>\n<meta name=\"twitter:label1\" content=\"Gesch\u00e4tzte Lesezeit\" \/>\n\t<meta name=\"twitter:data1\" content=\"1\u00a0Minute\" \/>\n<script type=\"application\/ld+json\" class=\"yoast-schema-graph\">{\"@context\":\"https:\\\/\\\/schema.org\",\"@graph\":[{\"@type\":\"WebPage\",\"@id\":\"https:\\\/\\\/www.consultingcheck.com\\\/de\\\/dialog\\\/\",\"url\":\"https:\\\/\\\/www.consultingcheck.com\\\/de\\\/dialog\\\/\",\"name\":\"Consulting im kostenfreien Online-Dialog von consultingcheck\",\"isPartOf\":{\"@id\":\"https:\\\/\\\/www.consultingcheck.com\\\/de\\\/#website\"},\"datePublished\":\"2021-09-13T23:17:34+00:00\",\"dateModified\":\"2025-06-25T11:09:38+00:00\",\"description\":\"Kostenloser 1st-Level-Support f\u00fcr Fach- & F\u00fchrungskr\u00e4fte: Nutzen Sie unseren Online-Dialog zur L\u00f6sungsfindung. Jetzt consultingcheck testen!\",\"breadcrumb\":{\"@id\":\"https:\\\/\\\/www.consultingcheck.com\\\/de\\\/dialog\\\/#breadcrumb\"},\"inLanguage\":\"de\",\"potentialAction\":[{\"@type\":\"ReadAction\",\"target\":[\"https:\\\/\\\/www.consultingcheck.com\\\/de\\\/dialog\\\/\"]}]},{\"@type\":\"BreadcrumbList\",\"@id\":\"https:\\\/\\\/www.consultingcheck.com\\\/de\\\/dialog\\\/#breadcrumb\",\"itemListElement\":[{\"@type\":\"ListItem\",\"position\":1,\"name\":\"Startseite\",\"item\":\"https:\\\/\\\/www.consultingcheck.com\\\/de\\\/\"},{\"@type\":\"ListItem\",\"position\":2,\"name\":\"Dialog\"}]},{\"@type\":\"WebSite\",\"@id\":\"https:\\\/\\\/www.consultingcheck.com\\\/de\\\/#website\",\"url\":\"https:\\\/\\\/www.consultingcheck.com\\\/de\\\/\",\"name\":\"consultingcheck\",\"description\":\"Vernetzt gedacht. Entzaubert. Hands-on.\",\"potentialAction\":[{\"@type\":\"SearchAction\",\"target\":{\"@type\":\"EntryPoint\",\"urlTemplate\":\"https:\\\/\\\/www.consultingcheck.com\\\/de\\\/?s={search_term_string}\"},\"query-input\":{\"@type\":\"PropertyValueSpecification\",\"valueRequired\":true,\"valueName\":\"search_term_string\"}}],\"inLanguage\":\"de\"}]}<\/script>\n<!-- \/ Yoast SEO plugin. -->","yoast_head_json":{"title":"Consulting im kostenfreien Online-Dialog von consultingcheck","description":"Kostenloser 1st-Level-Support f\u00fcr Fach- & F\u00fchrungskr\u00e4fte: Nutzen Sie unseren Online-Dialog zur L\u00f6sungsfindung. Jetzt consultingcheck testen!","robots":{"index":"index","follow":"follow","max-snippet":"max-snippet:-1","max-image-preview":"max-image-preview:large","max-video-preview":"max-video-preview:-1"},"canonical":"https:\/\/www.consultingcheck.com\/de\/dialog\/","og_locale":"de_DE","og_type":"article","og_title":"Der kostenfreie Beratungs-Dialog","og_description":"Jetzt online beraten lassen","og_url":"https:\/\/www.consultingcheck.com\/de\/dialog\/","og_site_name":"consultingcheck","article_modified_time":"2025-06-25T11:09:38+00:00","og_image":[{"width":1200,"height":630,"url":"https:\/\/www.consultingcheck.com\/wp-content\/uploads\/2022\/04\/og-bild_1200x630.jpg","type":"image\/jpeg"}],"twitter_card":"summary_large_image","twitter_title":"Der kostenfreie Beratungs-Dialog","twitter_description":"Jetzt online beraten lassen","twitter_image":"https:\/\/www.consultingcheck.com\/wp-content\/uploads\/2022\/04\/og-bild_1200x630.jpg","twitter_misc":{"Gesch\u00e4tzte Lesezeit":"1\u00a0Minute"},"schema":{"@context":"https:\/\/schema.org","@graph":[{"@type":"WebPage","@id":"https:\/\/www.consultingcheck.com\/de\/dialog\/","url":"https:\/\/www.consultingcheck.com\/de\/dialog\/","name":"Consulting im kostenfreien Online-Dialog von consultingcheck","isPartOf":{"@id":"https:\/\/www.consultingcheck.com\/de\/#website"},"datePublished":"2021-09-13T23:17:34+00:00","dateModified":"2025-06-25T11:09:38+00:00","description":"Kostenloser 1st-Level-Support f\u00fcr Fach- & F\u00fchrungskr\u00e4fte: Nutzen Sie unseren Online-Dialog zur L\u00f6sungsfindung. Jetzt consultingcheck testen!","breadcrumb":{"@id":"https:\/\/www.consultingcheck.com\/de\/dialog\/#breadcrumb"},"inLanguage":"de","potentialAction":[{"@type":"ReadAction","target":["https:\/\/www.consultingcheck.com\/de\/dialog\/"]}]},{"@type":"BreadcrumbList","@id":"https:\/\/www.consultingcheck.com\/de\/dialog\/#breadcrumb","itemListElement":[{"@type":"ListItem","position":1,"name":"Startseite","item":"https:\/\/www.consultingcheck.com\/de\/"},{"@type":"ListItem","position":2,"name":"Dialog"}]},{"@type":"WebSite","@id":"https:\/\/www.consultingcheck.com\/de\/#website","url":"https:\/\/www.consultingcheck.com\/de\/","name":"consultingcheck","description":"Vernetzt gedacht. Entzaubert. Hands-on.","potentialAction":[{"@type":"SearchAction","target":{"@type":"EntryPoint","urlTemplate":"https:\/\/www.consultingcheck.com\/de\/?s={search_term_string}"},"query-input":{"@type":"PropertyValueSpecification","valueRequired":true,"valueName":"search_term_string"}}],"inLanguage":"de"}]}},"_links":{"self":[{"href":"https:\/\/www.consultingcheck.com\/de\/wp-json\/wp\/v2\/pages\/9","targetHints":{"allow":["GET"]}}],"collection":[{"href":"https:\/\/www.consultingcheck.com\/de\/wp-json\/wp\/v2\/pages"}],"about":[{"href":"https:\/\/www.consultingcheck.com\/de\/wp-json\/wp\/v2\/types\/page"}],"author":[{"embeddable":true,"href":"https:\/\/www.consultingcheck.com\/de\/wp-json\/wp\/v2\/users\/1"}],"replies":[{"embeddable":true,"href":"https:\/\/www.consultingcheck.com\/de\/wp-json\/wp\/v2\/comments?post=9"}],"version-history":[{"count":5,"href":"https:\/\/www.consultingcheck.com\/de\/wp-json\/wp\/v2\/pages\/9\/revisions"}],"predecessor-version":[{"id":20611,"href":"https:\/\/www.consultingcheck.com\/de\/wp-json\/wp\/v2\/pages\/9\/revisions\/20611"}],"wp:attachment":[{"href":"https:\/\/www.consultingcheck.com\/de\/wp-json\/wp\/v2\/media?parent=9"}],"curies":[{"name":"wp","href":"https:\/\/api.w.org\/{rel}","templated":true}]}}