{"id":74,"date":"2021-11-02T06:40:00","date_gmt":"2021-11-02T05:40:00","guid":{"rendered":"https:\/\/www.consultingcheck.com\/widerrufsbelehrung\/"},"modified":"2022-06-23T09:51:10","modified_gmt":"2022-06-23T07:51:10","slug":"widerrufsbelehrung","status":"publish","type":"page","link":"https:\/\/www.consultingcheck.com\/de\/widerrufsbelehrung\/","title":{"rendered":"Widerrufsbelehrung"},"content":{"rendered":"\n<div class=\"wp-block-columns is-layout-flex wp-container-core-columns-is-layout-9d6595d7 wp-block-columns-is-layout-flex\">\n<div class=\"wp-block-column is-layout-flow wp-block-column-is-layout-flow\">\n<h1 class=\"wp-block-heading\">Widerruf<\/h1>\n\n\n\n<h3 class=\"wp-block-heading\" id=\"13-widerrufsbelehrung\">Widerrufsbelehrung<\/h3>\n\n\n\n<p>Sie haben das Recht, binnen vierzehn Tagen ohne Angaben von Gr\u00fcnden diesen Vertrag zu widerrufen.<br>Die Widerrufsfrist betr\u00e4gt vierzehn Tage ab dem Tag des Vertragsschlusses. Um Ihr Widerrufsrecht auszu\u00fcben, m\u00fcssen Sie uns<\/p>\n\n\n\n<p>Dr. Boysen Management + Consulting GmbH<br>Gesch\u00e4ftsf\u00fchrer: Dipl.-Ing. Dr. rer. pol. Werner Boysen<\/p>\n\n\n\n<p>Klostergut Besselich<br>D-56182 Urbar am Rhein<br>Tel.: +49-178 464 03 12<br>Email: info@consultingcheck.com<\/p>\n\n\n\n<p>mittels einer eindeutigen Erkl\u00e4rung (z. B. ein mit der Post versandter Brief, Telefax oder E-Mail) \u00fcber Ihren Entschluss, diesen Vertrag zu widerrufen, informieren. Sie k\u00f6nnen daf\u00fcr das beigef\u00fcgte Muster-Widerrufsformular verwenden, das jedoch nicht vorgeschrieben ist. Zur Wahrung der Widerrufsfrist reicht es aus, dass Sie die Mitteilung \u00fcber die Aus\u00fcbung des Widerrufsrechts vor Ablauf der Widerrufsfrist absenden.<\/p>\n\n\n\n<p>Folgen des Widerrufs<\/p>\n\n\n\n<p>Wenn Sie diesen Vertrag widerrufen, haben wir Ihnen alle Zahlungen, die wir von Ihnen erhalten haben, einschlie\u00dflich der Lieferkosten (mit Ausnahme der zus\u00e4tzlichen Kosten, die sich daraus ergeben, dass Sie eine andere Art der Lieferung als die von uns angebotene, g\u00fcnstige Standardlieferung gew\u00e4hlt haben), unverz\u00fcglich und sp\u00e4testens binnen vierzehn Tagen ab dem Tag zur\u00fcckzuzahlen, an dem die Mitteilung \u00fcber Ihren Widerruf dieses Vertrages bei uns eingegangen ist. F\u00fcr diese R\u00fcckzahlung verwenden wir dasselbe Zahlungsmittel, das Sie bei der urspr\u00fcnglichen Transaktion eingesetzt haben, es sei denn, mit Ihnen wurde ausdr\u00fccklich etwas anderes vereinbart; in keinem Fall werden Ihnen wegen dieser R\u00fcckzahlung Entgelte berechnet.<\/p>\n\n\n\n<p>Haben Sie verlangt, dass die Dienstleistungen w\u00e4hrend der Widerrufsfrist beginnen sollen, so haben Sie uns einen angemessenen Betrag zu zahlen, der dem Anteil der bis zu dem Zeitpunkt, zu dem Sie uns von der Aus\u00fcbung des Widerrufsrechts hinsichtlich dieses Vertrages unterrichten, bereits erbrachten Dienstleistungen im Vergleich zum Gesamtumfang der im Vertrag vorgesehenen Dienstleistungen entspricht.<br><\/p>\n\n\n\n<p><strong>\u00dcber das Muster-Widerrufsformular informieren wir nach der gesetzlichen Regelung wie folgt:<\/strong><\/p>\n\n\n\n<p>Muster-Widerrufsformular<\/p>\n\n\n\n<p>(Wenn Sie den Vertrag widerrufen wollen, dann drucken Sie bitte den nachfolgenden Text aus, f\u00fcllen die entsprechenden Passagen aus und senden es per Post\/Fax an uns zur\u00fcck. Alternativ k\u00f6nnen Sie den Widerruf auch per E-Mail formulieren.<\/p>\n\n\n\n<p>\u2014 An<br>Dr. Boysen Management + Consulting GmbH<br>Gesch\u00e4ftsf\u00fchrer: Dipl.-Ing. Dr. rer. pol. Werner Boysen<br>Klostergut Besselich<br>D-56182 Urbar am Rhein<br>Tel.: +49-178 464 03 12<br>Email: info@consultingcheck.com<\/p>\n\n\n\n<p>\u2014 Hiermit widerrufe(n) ich\/wir (<em>) den von mir\/uns (<\/em>) abgeschlossenen Vertrag<\/p>\n\n\n\n<p>\u00fcber den Kauf der folgenden Waren (*)\/ die Erbringung der folgenden<\/p>\n\n\n\n<p>Dienstleistung (*)<\/p>\n\n\n\n<p>\u2014 Bestellt am (<em>)\/erhalten am (<\/em>)<\/p>\n\n\n\n<p>\u2014 Name des\/der Verbraucher(s)<\/p>\n\n\n\n<p>\u2014 Anschrift des\/der Verbraucher(s)<\/p>\n\n\n\n<p>\u2014 Unterschrift des\/der Verbraucher(s) (nur bei Mitteilung auf Papier)<\/p>\n\n\n\n<p>\u2014 Datum<\/p>\n\n\n\n<p>(*) Unzutreffendes streichen<\/p>\n<\/div>\n<\/div>\n","protected":false},"excerpt":{"rendered":"<p>Widerruf Widerrufsbelehrung Sie haben das Recht, binnen vierzehn Tagen ohne Angaben von Gr\u00fcnden diesen Vertrag zu widerrufen.Die Widerrufsfrist betr\u00e4gt vierzehn Tage ab dem Tag des Vertragsschlusses. Um Ihr Widerrufsrecht auszu\u00fcben, m\u00fcssen Sie uns Dr. Boysen Management + Consulting GmbHGesch\u00e4ftsf\u00fchrer: Dipl.-Ing. Dr. rer. pol. Werner Boysen Klostergut BesselichD-56182 Urbar am RheinTel.: +49-178 464 03 12Email: info@consultingcheck.com <a href=\"https:\/\/www.consultingcheck.com\/de\/widerrufsbelehrung\/\" class=\"more-link\">&#8230;<\/a><\/p>\n","protected":false},"author":1,"featured_media":0,"parent":0,"menu_order":28,"comment_status":"closed","ping_status":"closed","template":"","meta":{"footnotes":"","_links_to":"","_links_to_target":""},"class_list":["post-74","page","type-page","status-publish","hentry"],"yoast_head":"<!-- This site is optimized with the Yoast SEO plugin v27.4 - https:\/\/yoast.com\/product\/yoast-seo-wordpress\/ -->\n<title>Widerrufsbelehrung - consultingcheck<\/title>\n<meta name=\"robots\" content=\"index, follow, max-snippet:-1, max-image-preview:large, max-video-preview:-1\" \/>\n<link rel=\"canonical\" href=\"https:\/\/www.consultingcheck.com\/de\/widerrufsbelehrung\/\" \/>\n<meta property=\"og:locale\" content=\"de_DE\" \/>\n<meta property=\"og:type\" content=\"article\" \/>\n<meta property=\"og:title\" content=\"Widerrufsbelehrung - consultingcheck\" \/>\n<meta property=\"og:description\" content=\"Widerruf Widerrufsbelehrung Sie haben das Recht, binnen vierzehn Tagen ohne Angaben von Gr\u00fcnden diesen Vertrag zu widerrufen.Die Widerrufsfrist betr\u00e4gt vierzehn Tage ab dem Tag des Vertragsschlusses. Um Ihr Widerrufsrecht auszu\u00fcben, m\u00fcssen Sie uns Dr. Boysen Management + Consulting GmbHGesch\u00e4ftsf\u00fchrer: Dipl.-Ing. Dr. rer. pol. Werner Boysen Klostergut BesselichD-56182 Urbar am RheinTel.: +49-178 464 03 12Email: info@consultingcheck.com ...\" \/>\n<meta property=\"og:url\" content=\"https:\/\/www.consultingcheck.com\/de\/widerrufsbelehrung\/\" \/>\n<meta property=\"og:site_name\" content=\"consultingcheck\" \/>\n<meta property=\"article:modified_time\" content=\"2022-06-23T07:51:10+00:00\" \/>\n<meta name=\"twitter:card\" content=\"summary_large_image\" \/>\n<meta name=\"twitter:label1\" content=\"Gesch\u00e4tzte Lesezeit\" \/>\n\t<meta name=\"twitter:data1\" content=\"3\u00a0Minuten\" \/>\n<script type=\"application\/ld+json\" class=\"yoast-schema-graph\">{\"@context\":\"https:\\\/\\\/schema.org\",\"@graph\":[{\"@type\":\"WebPage\",\"@id\":\"https:\\\/\\\/www.consultingcheck.com\\\/de\\\/widerrufsbelehrung\\\/\",\"url\":\"https:\\\/\\\/www.consultingcheck.com\\\/de\\\/widerrufsbelehrung\\\/\",\"name\":\"Widerrufsbelehrung - consultingcheck\",\"isPartOf\":{\"@id\":\"https:\\\/\\\/www.consultingcheck.com\\\/de\\\/#website\"},\"datePublished\":\"2021-11-02T05:40:00+00:00\",\"dateModified\":\"2022-06-23T07:51:10+00:00\",\"breadcrumb\":{\"@id\":\"https:\\\/\\\/www.consultingcheck.com\\\/de\\\/widerrufsbelehrung\\\/#breadcrumb\"},\"inLanguage\":\"de\",\"potentialAction\":[{\"@type\":\"ReadAction\",\"target\":[\"https:\\\/\\\/www.consultingcheck.com\\\/de\\\/widerrufsbelehrung\\\/\"]}]},{\"@type\":\"BreadcrumbList\",\"@id\":\"https:\\\/\\\/www.consultingcheck.com\\\/de\\\/widerrufsbelehrung\\\/#breadcrumb\",\"itemListElement\":[{\"@type\":\"ListItem\",\"position\":1,\"name\":\"Startseite\",\"item\":\"https:\\\/\\\/www.consultingcheck.com\\\/de\\\/\"},{\"@type\":\"ListItem\",\"position\":2,\"name\":\"Widerrufsbelehrung\"}]},{\"@type\":\"WebSite\",\"@id\":\"https:\\\/\\\/www.consultingcheck.com\\\/de\\\/#website\",\"url\":\"https:\\\/\\\/www.consultingcheck.com\\\/de\\\/\",\"name\":\"consultingcheck\",\"description\":\"Vernetzt gedacht. Entzaubert. Hands-on.\",\"potentialAction\":[{\"@type\":\"SearchAction\",\"target\":{\"@type\":\"EntryPoint\",\"urlTemplate\":\"https:\\\/\\\/www.consultingcheck.com\\\/de\\\/?s={search_term_string}\"},\"query-input\":{\"@type\":\"PropertyValueSpecification\",\"valueRequired\":true,\"valueName\":\"search_term_string\"}}],\"inLanguage\":\"de\"}]}<\/script>\n<!-- \/ Yoast SEO plugin. -->","yoast_head_json":{"title":"Widerrufsbelehrung - consultingcheck","robots":{"index":"index","follow":"follow","max-snippet":"max-snippet:-1","max-image-preview":"max-image-preview:large","max-video-preview":"max-video-preview:-1"},"canonical":"https:\/\/www.consultingcheck.com\/de\/widerrufsbelehrung\/","og_locale":"de_DE","og_type":"article","og_title":"Widerrufsbelehrung - consultingcheck","og_description":"Widerruf Widerrufsbelehrung Sie haben das Recht, binnen vierzehn Tagen ohne Angaben von Gr\u00fcnden diesen Vertrag zu widerrufen.Die Widerrufsfrist betr\u00e4gt vierzehn Tage ab dem Tag des Vertragsschlusses. Um Ihr Widerrufsrecht auszu\u00fcben, m\u00fcssen Sie uns Dr. Boysen Management + Consulting GmbHGesch\u00e4ftsf\u00fchrer: Dipl.-Ing. Dr. rer. pol. Werner Boysen Klostergut BesselichD-56182 Urbar am RheinTel.: +49-178 464 03 12Email: info@consultingcheck.com ...","og_url":"https:\/\/www.consultingcheck.com\/de\/widerrufsbelehrung\/","og_site_name":"consultingcheck","article_modified_time":"2022-06-23T07:51:10+00:00","twitter_card":"summary_large_image","twitter_misc":{"Gesch\u00e4tzte Lesezeit":"3\u00a0Minuten"},"schema":{"@context":"https:\/\/schema.org","@graph":[{"@type":"WebPage","@id":"https:\/\/www.consultingcheck.com\/de\/widerrufsbelehrung\/","url":"https:\/\/www.consultingcheck.com\/de\/widerrufsbelehrung\/","name":"Widerrufsbelehrung - consultingcheck","isPartOf":{"@id":"https:\/\/www.consultingcheck.com\/de\/#website"},"datePublished":"2021-11-02T05:40:00+00:00","dateModified":"2022-06-23T07:51:10+00:00","breadcrumb":{"@id":"https:\/\/www.consultingcheck.com\/de\/widerrufsbelehrung\/#breadcrumb"},"inLanguage":"de","potentialAction":[{"@type":"ReadAction","target":["https:\/\/www.consultingcheck.com\/de\/widerrufsbelehrung\/"]}]},{"@type":"BreadcrumbList","@id":"https:\/\/www.consultingcheck.com\/de\/widerrufsbelehrung\/#breadcrumb","itemListElement":[{"@type":"ListItem","position":1,"name":"Startseite","item":"https:\/\/www.consultingcheck.com\/de\/"},{"@type":"ListItem","position":2,"name":"Widerrufsbelehrung"}]},{"@type":"WebSite","@id":"https:\/\/www.consultingcheck.com\/de\/#website","url":"https:\/\/www.consultingcheck.com\/de\/","name":"consultingcheck","description":"Vernetzt gedacht. Entzaubert. Hands-on.","potentialAction":[{"@type":"SearchAction","target":{"@type":"EntryPoint","urlTemplate":"https:\/\/www.consultingcheck.com\/de\/?s={search_term_string}"},"query-input":{"@type":"PropertyValueSpecification","valueRequired":true,"valueName":"search_term_string"}}],"inLanguage":"de"}]}},"_links":{"self":[{"href":"https:\/\/www.consultingcheck.com\/de\/wp-json\/wp\/v2\/pages\/74","targetHints":{"allow":["GET"]}}],"collection":[{"href":"https:\/\/www.consultingcheck.com\/de\/wp-json\/wp\/v2\/pages"}],"about":[{"href":"https:\/\/www.consultingcheck.com\/de\/wp-json\/wp\/v2\/types\/page"}],"author":[{"embeddable":true,"href":"https:\/\/www.consultingcheck.com\/de\/wp-json\/wp\/v2\/users\/1"}],"replies":[{"embeddable":true,"href":"https:\/\/www.consultingcheck.com\/de\/wp-json\/wp\/v2\/comments?post=74"}],"version-history":[{"count":2,"href":"https:\/\/www.consultingcheck.com\/de\/wp-json\/wp\/v2\/pages\/74\/revisions"}],"predecessor-version":[{"id":6141,"href":"https:\/\/www.consultingcheck.com\/de\/wp-json\/wp\/v2\/pages\/74\/revisions\/6141"}],"wp:attachment":[{"href":"https:\/\/www.consultingcheck.com\/de\/wp-json\/wp\/v2\/media?parent=74"}],"curies":[{"name":"wp","href":"https:\/\/api.w.org\/{rel}","templated":true}]}}