{"id":1915,"date":"2021-11-09T05:08:27","date_gmt":"2021-11-09T04:08:27","guid":{"rendered":"https:\/\/www.consultingcheck.com\/?page_id=1915"},"modified":"2025-09-15T16:50:38","modified_gmt":"2025-09-15T14:50:38","slug":"kontakt","status":"publish","type":"page","link":"https:\/\/www.consultingcheck.com\/de\/kontakt\/","title":{"rendered":"Kontakt"},"content":{"rendered":"\n<div class=\"wp-block-columns is-layout-flex wp-container-core-columns-is-layout-9d6595d7 wp-block-columns-is-layout-flex\">\n<div class=\"wp-block-column is-layout-flow wp-block-column-is-layout-flow\">\n<h1 class=\"wp-block-heading\">Kontakt zu consultingcheck<\/h1>\n\n\n\n<div class=\"wp-block-columns is-layout-flex wp-container-core-columns-is-layout-9d6595d7 wp-block-columns-is-layout-flex\">\n<div class=\"wp-block-column is-layout-flow wp-block-column-is-layout-flow\">\n<span class=\"consultingcheck\"><span>consulting<\/span>check<\/span>\n\n\n\n<p>Wenn Sie mit uns Kontakt aufnehmen m\u00f6chten, freuen wir uns.<\/p>\n\n\n\n<p>consultingcheck ist eine Initiative der Dr. Boysen Management + Consulting GmbH mit Sitz auf dem Klostergut Besselich in Urbar am Rhein.<\/p>\n\n\n\n<p>Dr. Boysen Management + Consulting GmbH<\/p>\n\n\n\n<p>Klostergut Besselich<br>D-56182 Urbar am Rhein<\/p>\n\n\n\n<p><\/p>\n\n\n\n<figure class=\"wp-block-image size-large is-resized\"><img loading=\"lazy\" decoding=\"async\" width=\"1024\" height=\"797\" src=\"https:\/\/www.consultingcheck.com\/wp-content\/uploads\/2021\/11\/wb5-1024x797.jpg\" alt=\"Ein Foto von Dr. Werner Boysen, dem Gr\u00fcnder von consultingcheck, beim Telefonieren.\" class=\"wp-image-1990\" style=\"width:432px;height:336px\" srcset=\"https:\/\/www.consultingcheck.com\/wp-content\/uploads\/2021\/11\/wb5-1024x797.jpg 1024w, https:\/\/www.consultingcheck.com\/wp-content\/uploads\/2021\/11\/wb5-600x467.jpg 600w, https:\/\/www.consultingcheck.com\/wp-content\/uploads\/2021\/11\/wb5-300x234.jpg 300w, https:\/\/www.consultingcheck.com\/wp-content\/uploads\/2021\/11\/wb5-694x540.jpg 694w, https:\/\/www.consultingcheck.com\/wp-content\/uploads\/2021\/11\/wb5-1536x1196.jpg 1536w, https:\/\/www.consultingcheck.com\/wp-content\/uploads\/2021\/11\/wb5-2048x1594.jpg 2048w\" sizes=\"auto, (max-width: 1024px) 100vw, 1024px\" \/><figcaption class=\"wp-element-caption\">Dr. Werner Boysen <em>(<\/em><a href=\"https:\/\/www.dr-boysen-management.de\/\" target=\"_blank\" rel=\"noreferrer noopener\">Dr. Boysen Management + Consulting<\/a><em>)<\/em><\/figcaption><\/figure>\n\n\n\n<p>Tel.: <a href=\"tel:+491784640312\">+49-178-464 03 12<\/a><\/p>\n\n\n\n<p>Email: <a href=\"mailto:werner.boysen@dr-boysen-management.de\">werner.boysen@dr-boysen-management.de<\/a><\/p>\n\n\n\n<p><\/p>\n\n\n\n<p><\/p>\n<\/div>\n\n\n\n<div class=\"wp-block-column is-layout-flow wp-block-column-is-layout-flow\">\n<div class=\"wp-block-contact-form-7-contact-form-selector\">\n<div class=\"wpcf7 no-js\" id=\"wpcf7-f5-o1\" lang=\"de-DE\" dir=\"ltr\" data-wpcf7-id=\"5\">\n<div class=\"screen-reader-response\"><p role=\"status\" aria-live=\"polite\" aria-atomic=\"true\"><\/p> <ul><\/ul><\/div>\n<form action=\"\/de\/wp-json\/wp\/v2\/pages\/1915#wpcf7-f5-o1\" method=\"post\" class=\"wpcf7-form init\" aria-label=\"Kontaktformular\" novalidate=\"novalidate\" data-status=\"init\">\n<fieldset class=\"hidden-fields-container\"><input type=\"hidden\" name=\"_wpcf7\" value=\"5\" \/><input type=\"hidden\" name=\"_wpcf7_version\" value=\"6.1.5\" \/><input type=\"hidden\" name=\"_wpcf7_locale\" value=\"de_DE\" \/><input type=\"hidden\" name=\"_wpcf7_unit_tag\" value=\"wpcf7-f5-o1\" \/><input type=\"hidden\" name=\"_wpcf7_container_post\" value=\"0\" \/><input type=\"hidden\" name=\"_wpcf7_posted_data_hash\" value=\"\" \/>\n<\/fieldset>\n<div class=\"form-group\">\n\t<div>\n\t\t<p><label>Vorname<span class=\"req\">*<\/span><\/label><span class=\"wpcf7-form-control-wrap\" data-name=\"first-name\"><input size=\"40\" maxlength=\"400\" class=\"wpcf7-form-control wpcf7-text wpcf7-validates-as-required\" aria-required=\"true\" aria-invalid=\"false\" value=\"\" type=\"text\" name=\"first-name\" \/><\/span>\n\t\t<\/p>\n\t<\/div>\n\t<div>\n\t\t<p><label>Nachname<span class=\"req\">*<\/span><\/label><span class=\"wpcf7-form-control-wrap\" data-name=\"last-name\"><input size=\"40\" maxlength=\"400\" class=\"wpcf7-form-control wpcf7-text wpcf7-validates-as-required\" aria-required=\"true\" aria-invalid=\"false\" value=\"\" type=\"text\" name=\"last-name\" \/><\/span>\n\t\t<\/p>\n\t<\/div>\n<\/div>\n<div class=\"form-group\">\n\t<div>\n\t\t<p><label> Firma<\/label><span class=\"wpcf7-form-control-wrap\" data-name=\"company\"><input size=\"40\" maxlength=\"400\" class=\"wpcf7-form-control wpcf7-text\" aria-invalid=\"false\" value=\"\" type=\"text\" name=\"company\" \/><\/span>\n\t\t<\/p>\n\t<\/div>\n<\/div>\n<div class=\"form-group\">\n\t<div>\n\t\t<p><label>Email-Adresse<span class=\"req\">*<\/span><\/label><span class=\"wpcf7-form-control-wrap\" data-name=\"email\"><input size=\"40\" maxlength=\"400\" class=\"wpcf7-form-control wpcf7-email wpcf7-validates-as-required wpcf7-text wpcf7-validates-as-email\" aria-required=\"true\" aria-invalid=\"false\" value=\"\" type=\"email\" name=\"email\" \/><\/span>\n\t\t<\/p>\n\t<\/div>\n\t<div>\n\t\t<p><label>Telefonnummer<span class=\"req\">*<\/span><\/label><span class=\"wpcf7-form-control-wrap\" data-name=\"phone\"><input size=\"40\" maxlength=\"400\" class=\"wpcf7-form-control wpcf7-text wpcf7-validates-as-required\" aria-required=\"true\" aria-invalid=\"false\" value=\"\" type=\"text\" name=\"phone\" \/><\/span>\n\t\t<\/p>\n\t<\/div>\n<\/div>\n<div class=\"message\">\n\t<p><label>Ihre Nachricht<span class=\"req\">*<\/span><\/label><span class=\"wpcf7-form-control-wrap\" data-name=\"message\"><textarea cols=\"40\" rows=\"10\" maxlength=\"2000\" class=\"wpcf7-form-control wpcf7-textarea wpcf7-validates-as-required\" aria-required=\"true\" aria-invalid=\"false\" name=\"message\"><\/textarea><\/span>\n\t<\/p>\n<\/div>\n<div class=\"form-group\">\n\t<div class=\"asp-field asp-email\">\n\t\t<p><label>Ihre Email<span class=\"req\">*<\/span><\/label><span class=\"wpcf7-form-control-wrap\" data-name=\"email-asp\"><input size=\"40\" maxlength=\"400\" class=\"wpcf7-form-control wpcf7-text\" aria-invalid=\"false\" value=\"\" type=\"text\" name=\"email-asp\" \/><\/span>\n\t\t<\/p>\n\t<\/div>\n\t<div class=\"asp-field asp-name\">\n\t\t<p><label>Ihr Name<span class=\"req\">*<\/span><\/label><span class=\"wpcf7-form-control-wrap\" data-name=\"name-asp\"><input size=\"40\" maxlength=\"400\" class=\"wpcf7-form-control wpcf7-text wpcf7-validates-as-required\" aria-required=\"true\" aria-invalid=\"false\" value=\"\" type=\"text\" name=\"name-asp\" \/><\/span>\n\t\t<\/p>\n\t<\/div>\n\t<div class=\"asp-field asp-human\">\n\t\t<p><label>Ja ich bin ein Mensch<span class=\"req\">*<\/span><\/label><span class=\"wpcf7-form-control-wrap\" data-name=\"human-asp\"><input size=\"40\" maxlength=\"400\" class=\"wpcf7-form-control wpcf7-text wpcf7-validates-as-required\" aria-required=\"true\" aria-invalid=\"false\" value=\"\" type=\"text\" name=\"human-asp\" \/><\/span>\n\t\t<\/p>\n\t<\/div>\n<\/div>\n<div class=\"data-protection\">\n\t<p><strong>Datenschutzerkl\u00e4rung<\/strong>\n\t<\/p>\n\t<p>Mit Absenden des Formulars stimme ich zu, dass meine Angaben aus dem Kontaktformular zur Beantwortung meiner Anfrage erhoben und verarbeitet werden. Die Daten werden nach abgeschlossener Bearbeitung Ihrer Anfrage gel\u00f6scht. Hinweis: Sie k\u00f6nnen Ihre Einwilligung jederzeit f\u00fcr die Zukunft per E-Mail an info@consultingcheck.com widerrufen. Detaillierte Informationen zum Umgang mit Nutzerdaten finden Sie in unserer <a href=\"\/datenschutz\" target=\"_blank\">Datenschutzerkl\u00e4rung<\/a>.\n\t<\/p>\n<\/div>\n<p><input class=\"wpcf7-form-control wpcf7-submit has-spinner\" type=\"submit\" value=\"Senden\" \/>\n<\/p><div class=\"wpcf7-response-output\" aria-hidden=\"true\"><\/div>\n<\/form>\n<\/div>\n<\/div>\n<\/div>\n<\/div>\n<\/div>\n<\/div>\n","protected":false},"excerpt":{"rendered":"<p>Kontakt zu consultingcheck Wenn Sie mit uns Kontakt aufnehmen m\u00f6chten, freuen wir uns. consultingcheck ist eine Initiative der Dr. Boysen Management + Consulting GmbH mit Sitz auf dem Klostergut Besselich in Urbar am Rhein. Dr. Boysen Management + Consulting GmbH Klostergut BesselichD-56182 Urbar am Rhein Tel.: +49-178-464 03 12 Email: werner.boysen@dr-boysen-management.de<\/p>\n","protected":false},"author":1,"featured_media":0,"parent":0,"menu_order":19,"comment_status":"closed","ping_status":"closed","template":"","meta":{"footnotes":"","_links_to":"","_links_to_target":""},"class_list":["post-1915","page","type-page","status-publish","hentry"],"yoast_head":"<!-- This site is optimized with the Yoast SEO plugin v27.4 - https:\/\/yoast.com\/product\/yoast-seo-wordpress\/ -->\n<title>Kontakt zur digitalen Unternehmensberatung consultingcheck<\/title>\n<meta name=\"description\" content=\"consultingcheck steht Ihnen als digitale Unternehmensberatung stets auch pers\u00f6nlich zur Verf\u00fcgung. Kontaktieren Sie uns einfach!\" \/>\n<meta name=\"robots\" content=\"index, follow, max-snippet:-1, max-image-preview:large, max-video-preview:-1\" \/>\n<link rel=\"canonical\" href=\"https:\/\/www.consultingcheck.com\/de\/kontakt\/\" \/>\n<meta property=\"og:locale\" content=\"de_DE\" \/>\n<meta property=\"og:type\" content=\"article\" \/>\n<meta property=\"og:title\" content=\"Kontakt zu consultingcheck\" \/>\n<meta property=\"og:description\" content=\"Sprechen Sie uns einfach an\" \/>\n<meta property=\"og:url\" content=\"https:\/\/www.consultingcheck.com\/de\/kontakt\/\" \/>\n<meta property=\"og:site_name\" content=\"consultingcheck\" \/>\n<meta property=\"article:modified_time\" content=\"2025-09-15T14:50:38+00:00\" \/>\n<meta property=\"og:image\" content=\"https:\/\/www.consultingcheck.com\/wp-content\/uploads\/2022\/04\/og-bild_1200x630.jpg\" \/>\n\t<meta property=\"og:image:width\" content=\"1200\" \/>\n\t<meta property=\"og:image:height\" content=\"630\" \/>\n\t<meta property=\"og:image:type\" content=\"image\/jpeg\" \/>\n<meta name=\"twitter:card\" content=\"summary_large_image\" \/>\n<meta name=\"twitter:title\" content=\"Kontakt zu consultingcheck\" \/>\n<meta name=\"twitter:description\" content=\"Sprechen Sie uns einfach an\" \/>\n<meta name=\"twitter:image\" content=\"https:\/\/www.consultingcheck.com\/wp-content\/uploads\/2022\/04\/og-bild_1200x630.jpg\" \/>\n<meta name=\"twitter:label1\" content=\"Gesch\u00e4tzte Lesezeit\" \/>\n\t<meta name=\"twitter:data1\" content=\"1\u00a0Minute\" \/>\n<script type=\"application\/ld+json\" class=\"yoast-schema-graph\">{\"@context\":\"https:\\\/\\\/schema.org\",\"@graph\":[{\"@type\":\"WebPage\",\"@id\":\"https:\\\/\\\/www.consultingcheck.com\\\/de\\\/kontakt\\\/\",\"url\":\"https:\\\/\\\/www.consultingcheck.com\\\/de\\\/kontakt\\\/\",\"name\":\"Kontakt zur digitalen Unternehmensberatung consultingcheck\",\"isPartOf\":{\"@id\":\"https:\\\/\\\/www.consultingcheck.com\\\/de\\\/#website\"},\"primaryImageOfPage\":{\"@id\":\"https:\\\/\\\/www.consultingcheck.com\\\/de\\\/kontakt\\\/#primaryimage\"},\"image\":{\"@id\":\"https:\\\/\\\/www.consultingcheck.com\\\/de\\\/kontakt\\\/#primaryimage\"},\"thumbnailUrl\":\"https:\\\/\\\/www.consultingcheck.com\\\/wp-content\\\/uploads\\\/2021\\\/11\\\/wb5-1024x797.jpg\",\"datePublished\":\"2021-11-09T04:08:27+00:00\",\"dateModified\":\"2025-09-15T14:50:38+00:00\",\"description\":\"consultingcheck steht Ihnen als digitale Unternehmensberatung stets auch pers\u00f6nlich zur Verf\u00fcgung. Kontaktieren Sie uns einfach!\",\"breadcrumb\":{\"@id\":\"https:\\\/\\\/www.consultingcheck.com\\\/de\\\/kontakt\\\/#breadcrumb\"},\"inLanguage\":\"de\",\"potentialAction\":[{\"@type\":\"ReadAction\",\"target\":[\"https:\\\/\\\/www.consultingcheck.com\\\/de\\\/kontakt\\\/\"]}]},{\"@type\":\"ImageObject\",\"inLanguage\":\"de\",\"@id\":\"https:\\\/\\\/www.consultingcheck.com\\\/de\\\/kontakt\\\/#primaryimage\",\"url\":\"https:\\\/\\\/www.consultingcheck.com\\\/wp-content\\\/uploads\\\/2021\\\/11\\\/wb5-1024x797.jpg\",\"contentUrl\":\"https:\\\/\\\/www.consultingcheck.com\\\/wp-content\\\/uploads\\\/2021\\\/11\\\/wb5-1024x797.jpg\"},{\"@type\":\"BreadcrumbList\",\"@id\":\"https:\\\/\\\/www.consultingcheck.com\\\/de\\\/kontakt\\\/#breadcrumb\",\"itemListElement\":[{\"@type\":\"ListItem\",\"position\":1,\"name\":\"Startseite\",\"item\":\"https:\\\/\\\/www.consultingcheck.com\\\/de\\\/\"},{\"@type\":\"ListItem\",\"position\":2,\"name\":\"Kontakt\"}]},{\"@type\":\"WebSite\",\"@id\":\"https:\\\/\\\/www.consultingcheck.com\\\/de\\\/#website\",\"url\":\"https:\\\/\\\/www.consultingcheck.com\\\/de\\\/\",\"name\":\"consultingcheck\",\"description\":\"Vernetzt gedacht. Entzaubert. Hands-on.\",\"potentialAction\":[{\"@type\":\"SearchAction\",\"target\":{\"@type\":\"EntryPoint\",\"urlTemplate\":\"https:\\\/\\\/www.consultingcheck.com\\\/de\\\/?s={search_term_string}\"},\"query-input\":{\"@type\":\"PropertyValueSpecification\",\"valueRequired\":true,\"valueName\":\"search_term_string\"}}],\"inLanguage\":\"de\"}]}<\/script>\n<!-- \/ Yoast SEO plugin. -->","yoast_head_json":{"title":"Kontakt zur digitalen Unternehmensberatung consultingcheck","description":"consultingcheck steht Ihnen als digitale Unternehmensberatung stets auch pers\u00f6nlich zur Verf\u00fcgung. Kontaktieren Sie uns einfach!","robots":{"index":"index","follow":"follow","max-snippet":"max-snippet:-1","max-image-preview":"max-image-preview:large","max-video-preview":"max-video-preview:-1"},"canonical":"https:\/\/www.consultingcheck.com\/de\/kontakt\/","og_locale":"de_DE","og_type":"article","og_title":"Kontakt zu consultingcheck","og_description":"Sprechen Sie uns einfach an","og_url":"https:\/\/www.consultingcheck.com\/de\/kontakt\/","og_site_name":"consultingcheck","article_modified_time":"2025-09-15T14:50:38+00:00","og_image":[{"width":1200,"height":630,"url":"https:\/\/www.consultingcheck.com\/wp-content\/uploads\/2022\/04\/og-bild_1200x630.jpg","type":"image\/jpeg"}],"twitter_card":"summary_large_image","twitter_title":"Kontakt zu consultingcheck","twitter_description":"Sprechen Sie uns einfach an","twitter_image":"https:\/\/www.consultingcheck.com\/wp-content\/uploads\/2022\/04\/og-bild_1200x630.jpg","twitter_misc":{"Gesch\u00e4tzte Lesezeit":"1\u00a0Minute"},"schema":{"@context":"https:\/\/schema.org","@graph":[{"@type":"WebPage","@id":"https:\/\/www.consultingcheck.com\/de\/kontakt\/","url":"https:\/\/www.consultingcheck.com\/de\/kontakt\/","name":"Kontakt zur digitalen Unternehmensberatung consultingcheck","isPartOf":{"@id":"https:\/\/www.consultingcheck.com\/de\/#website"},"primaryImageOfPage":{"@id":"https:\/\/www.consultingcheck.com\/de\/kontakt\/#primaryimage"},"image":{"@id":"https:\/\/www.consultingcheck.com\/de\/kontakt\/#primaryimage"},"thumbnailUrl":"https:\/\/www.consultingcheck.com\/wp-content\/uploads\/2021\/11\/wb5-1024x797.jpg","datePublished":"2021-11-09T04:08:27+00:00","dateModified":"2025-09-15T14:50:38+00:00","description":"consultingcheck steht Ihnen als digitale Unternehmensberatung stets auch pers\u00f6nlich zur Verf\u00fcgung. Kontaktieren Sie uns einfach!","breadcrumb":{"@id":"https:\/\/www.consultingcheck.com\/de\/kontakt\/#breadcrumb"},"inLanguage":"de","potentialAction":[{"@type":"ReadAction","target":["https:\/\/www.consultingcheck.com\/de\/kontakt\/"]}]},{"@type":"ImageObject","inLanguage":"de","@id":"https:\/\/www.consultingcheck.com\/de\/kontakt\/#primaryimage","url":"https:\/\/www.consultingcheck.com\/wp-content\/uploads\/2021\/11\/wb5-1024x797.jpg","contentUrl":"https:\/\/www.consultingcheck.com\/wp-content\/uploads\/2021\/11\/wb5-1024x797.jpg"},{"@type":"BreadcrumbList","@id":"https:\/\/www.consultingcheck.com\/de\/kontakt\/#breadcrumb","itemListElement":[{"@type":"ListItem","position":1,"name":"Startseite","item":"https:\/\/www.consultingcheck.com\/de\/"},{"@type":"ListItem","position":2,"name":"Kontakt"}]},{"@type":"WebSite","@id":"https:\/\/www.consultingcheck.com\/de\/#website","url":"https:\/\/www.consultingcheck.com\/de\/","name":"consultingcheck","description":"Vernetzt gedacht. Entzaubert. Hands-on.","potentialAction":[{"@type":"SearchAction","target":{"@type":"EntryPoint","urlTemplate":"https:\/\/www.consultingcheck.com\/de\/?s={search_term_string}"},"query-input":{"@type":"PropertyValueSpecification","valueRequired":true,"valueName":"search_term_string"}}],"inLanguage":"de"}]}},"_links":{"self":[{"href":"https:\/\/www.consultingcheck.com\/de\/wp-json\/wp\/v2\/pages\/1915","targetHints":{"allow":["GET"]}}],"collection":[{"href":"https:\/\/www.consultingcheck.com\/de\/wp-json\/wp\/v2\/pages"}],"about":[{"href":"https:\/\/www.consultingcheck.com\/de\/wp-json\/wp\/v2\/types\/page"}],"author":[{"embeddable":true,"href":"https:\/\/www.consultingcheck.com\/de\/wp-json\/wp\/v2\/users\/1"}],"replies":[{"embeddable":true,"href":"https:\/\/www.consultingcheck.com\/de\/wp-json\/wp\/v2\/comments?post=1915"}],"version-history":[{"count":5,"href":"https:\/\/www.consultingcheck.com\/de\/wp-json\/wp\/v2\/pages\/1915\/revisions"}],"predecessor-version":[{"id":20751,"href":"https:\/\/www.consultingcheck.com\/de\/wp-json\/wp\/v2\/pages\/1915\/revisions\/20751"}],"wp:attachment":[{"href":"https:\/\/www.consultingcheck.com\/de\/wp-json\/wp\/v2\/media?parent=1915"}],"curies":[{"name":"wp","href":"https:\/\/api.w.org\/{rel}","templated":true}]}}