{"id":15,"date":"2021-09-14T01:17:34","date_gmt":"2021-09-13T23:17:34","guid":{"rendered":"https:\/\/www.consultingcheck.com\/consultingcheck\/"},"modified":"2025-07-08T21:29:44","modified_gmt":"2025-07-08T19:29:44","slug":"consultingcheck","status":"publish","type":"page","link":"https:\/\/www.consultingcheck.com\/de\/consultingcheck\/","title":{"rendered":"consultingcheck"},"content":{"rendered":"\n<div class=\"wp-block-columns is-layout-flex wp-container-core-columns-is-layout-9d6595d7 wp-block-columns-is-layout-flex\">\n<div class=\"wp-block-column is-layout-flow wp-block-column-is-layout-flow\">\n<h1 class=\"wp-block-heading\">\u00dcber <span class=\"consultingcheck\"><span>consulting<\/span>check<\/span><\/h1>\n\n\n\n<div style=\"height:100px\" aria-hidden=\"true\" class=\"wp-block-spacer is-style-s20\"><\/div>\n\n\n\n<figure class=\"wp-block-image size-full is-resized\"><img loading=\"lazy\" decoding=\"async\" width=\"1024\" height=\"576\" src=\"https:\/\/www.consultingcheck.com\/wp-content\/uploads\/2022\/11\/image-28.png\" alt=\"Eine Fach- und F\u00fchrungskraft nutzt consultingcheck am Laptop, um sich weiterzubilden.\" class=\"wp-image-11898\" style=\"width:1145px;height:644px\" srcset=\"https:\/\/www.consultingcheck.com\/wp-content\/uploads\/2022\/11\/image-28.png 1024w, https:\/\/www.consultingcheck.com\/wp-content\/uploads\/2022\/11\/image-28-300x169.png 300w, https:\/\/www.consultingcheck.com\/wp-content\/uploads\/2022\/11\/image-28-840x472.png 840w, https:\/\/www.consultingcheck.com\/wp-content\/uploads\/2022\/11\/image-28-400x225.png 400w, https:\/\/www.consultingcheck.com\/wp-content\/uploads\/2022\/11\/image-28-600x338.png 600w\" sizes=\"auto, (max-width: 1024px) 100vw, 1024px\" \/><\/figure>\n\n\n\n<p><\/p>\n\n\n\n<h2 class=\"wp-block-heading\">Was ist <span class=\"consultingcheck\"><span>consulting<\/span>check<\/span>?<\/h2>\n\n\n\n<p><span class=\"consultingcheck\"><span>consulting<\/span>check<\/span> ist eine digitale Plattform f\u00fcr Unternehmensberatung, die sich an Fach- und F\u00fchrungskr\u00e4fte in Betrieben aller Branchen, Gr\u00f6\u00dfenordnungen und Lebenszyklusphasen richtet.<\/p>\n\n\n\n<p>Mit <span class=\"consultingcheck\"><span>consulting<\/span>check<\/span> k\u00f6nnen Sie Ihre individuellen betriebswirtschaftlichen Herausforderungen in einem interaktiven Austausch systematisch sch\u00e4rfen und wirksame L\u00f6sungsans\u00e4tze herauskristallisieren.<\/p>\n\n\n\n<p>Wenn Sie stark in ihr anspruchsvolles Tagesgesch\u00e4ft eingebunden sind, laufen Sie Gefahr, dass Sie nicht alle Handlungsm\u00f6glichkeiten erkennen. Niemand kann von Praktikern erwarten, dass sie alle relevanten Methoden und Vorgehensmodelle kennen.<\/p>\n\n\n\n<p>Ob Sie Ihren Vertrieb internationalisieren oder den Ertrag steigern wollen, ob Sie Prozesse digitalisieren, Ihr Unternehmen restrukturieren, es verkaufen oder andere gro\u00dfe Herausforderungen meistern m\u00f6chten: <span class=\"consultingcheck\"><span>consulting<\/span>check<\/span><strong> <\/strong>gibt Ihnen einen methodischen \u00dcberblick und Orientierung on-the-job und zeigt Ihnen genau dann, wenn Sie es brauchen, gezielt geeignete und bew\u00e4hrte Wege und Instrumente auf.<\/p>\n\n\n\n<p>Sie profitieren auch von break-through Whitepapers, praxisgerechten Checklisten, n\u00fctzlichen Vorlagen, betriebswirtschaftlichen Anwendungen, relevanten Hintergrundinformationen und wertvollen Kontakten.<\/p>\n\n\n\n<p>Nutzen Sie <span class=\"consultingcheck\"><span>consulting<\/span>check<\/span><strong> <\/strong>als Ihren pers\u00f6nlichen Coach f\u00fcr Top-Leistungen.<\/p>\n\n\n\n<br><style>.embed-container { position: relative; padding-bottom: 56.25%; height: 0; overflow: hidden; max-width: 100%; } .embed-container iframe, .embed-container object, .embed-container embed { position: absolute; top: 0; left: 0; width: 100%; height: 100%; }<\/style><div class=\"embed-container\"> <div class=\"brlbs-cmpnt-container brlbs-cmpnt-content-blocker brlbs-cmpnt-with-individual-styles\" data-borlabs-cookie-content-blocker-id=\"youtube-content-blocker\" data-borlabs-cookie-content=\"PGlmcmFtZSBzcmM9Imh0dHBzOi8vd3d3LnlvdXR1YmUtbm9jb29raWUuY29tL2VtYmVkLzJXcTZ5aWFmR0JrP3JlbD0wIiBmcmFtZWJvcmRlcj0iMCIgYWxsb3dmdWxsc2NyZWVuPSIiPjwvaWZyYW1lPg==\"><div class=\"brlbs-cmpnt-cb-preset-c brlbs-cmpnt-cb-youtube\"> <div class=\"brlbs-cmpnt-cb-thumbnail\" style=\"background-image: url('https:\/\/www.consultingcheck.com\/wp-content\/uploads\/borlabs-cookie\/1\/yt_2Wq6yiafGBk_hqdefault.jpg')\"><\/div> <div class=\"brlbs-cmpnt-cb-main\"> <div class=\"brlbs-cmpnt-cb-play-button\"><\/div> <div class=\"brlbs-cmpnt-cb-content\"> <p class=\"brlbs-cmpnt-cb-description\">Sie sehen gerade einen Platzhalterinhalt von <strong>YouTube<\/strong>. Um auf den eigentlichen Inhalt zuzugreifen, klicken Sie auf die Schaltfl\u00e4che unten. Bitte beachten Sie, dass dabei Daten an Drittanbieter weitergegeben werden.<\/p> <a class=\"brlbs-cmpnt-cb-provider-toggle\" href=\"#\" data-borlabs-cookie-show-provider-information role=\"button\">Mehr Informationen<\/a> <\/div> <div class=\"brlbs-cmpnt-cb-buttons\"> <a class=\"brlbs-cmpnt-cb-btn\" href=\"#\" data-borlabs-cookie-unblock role=\"button\">Inhalt entsperren<\/a> <a class=\"brlbs-cmpnt-cb-btn\" href=\"#\" data-borlabs-cookie-accept-service role=\"button\" style=\"display: inherit\">Erforderlichen Service akzeptieren und Inhalte entsperren<\/a> <\/div> <\/div> <\/div><\/div><\/div><br>\n\n\n\n<h2 class=\"wp-block-heading\">Leistungen von <span class=\"consultingcheck\"><span>consulting<\/span>check<\/span><\/h2>\n\n\n\n<p>Die Kernleistung von <span class=\"consultingcheck\"><span>consulting<\/span>check<\/span> ist eine digitale, interaktive Unternehmensberatung, die registrierte Nutzer in folgenden Phasen des Beratungsprozesses unterst\u00fctzt:<\/p>\n\n\n\n<ol style=\"list-style-type:1\" class=\"wp-block-list\">\n<li>ein einf\u00fchrender Auftakt zum Dialog mit Nutzern, in dem Sie angeben k\u00f6nnen, was sie tun m\u00f6chten, beispielsweise eine Info zu konkretem Thema zu erhalten oder aktuelle Herausforderung zu l\u00f6sen<\/li>\n\n\n\n<li>eine interaktive Eingrenzung Ihrer aktuellen Herausforderung (\u201eDiagnose\u201c)<\/li>\n\n\n\n<li>eine systematische Heranf\u00fchrung an wirksame L\u00f6sungskomponenten und Impulse nach wissenschaftlich anerkannten Standards<\/li>\n\n\n\n<li>eine Empfehlung wirksamer Ma\u00dfnahmen (1st level-Therapieempfehlung) in der Anwendung<\/li>\n\n\n\n<li>das Angebot praktischer Umsetzungshilfen (Zugang zu n\u00fctzlichen Checklisten und bew\u00e4hrten Anwendungen, bspw. Unternehmenswertberechnung, Liquidit\u00e4tsplanung)<\/li>\n\n\n\n<li>das Angebot eines telefonischen 2nd-level Supports<\/li>\n\n\n\n<li>und eine gezielte Leistungsvermittlung (\u201e\u00dcberweisung\u201c an Spezialisten) f\u00fcr 3rd-level Support und zur Umsetzungsunterst\u00fctzung.<\/li>\n<\/ol>\n\n\n\n<p>Neben der Beratungsanwendung finden Sie bei <span class=\"consultingcheck\"><span>consulting<\/span>check<\/span> folgende Angebote:<\/p>\n\n\n\n<ul class=\"wp-block-list\">\n<li>ein Set an Vermittlungsb\u00f6rsen\n<ul class=\"wp-block-list\">\n<li>eine Unternehmensb\u00f6rse<\/li>\n\n\n\n<li>eine Job-B\u00f6rse<\/li>\n\n\n\n<li>und eine Maschinen- und Materialb\u00f6rse<\/li>\n<\/ul>\n<\/li>\n\n\n\n<li>Relevante Literaturempfehlungen<\/li>\n\n\n\n<li>und perspektivisch ein Video-Panel, auf dem Interviews mit Experten angeboten werden.<\/li>\n<\/ul>\n\n\n\n<p>Als registrierter Nutzer profitieren Sie auch von attraktiven Sonderkonditionen f\u00fcr zahlungspflichtige Leistungen, bspw. f\u00fcr SystemScan und f\u00fcr Workshops und Kongresse.<\/p>\n\n\n\n<h3 class=\"wp-block-heading\">Anspruch von <span class=\"consultingcheck\"><span>consulting<\/span>check<\/span><\/h3>\n\n\n\n<p><strong>Wie <span class=\"consultingcheck\"><span>consulting<\/span>check<\/span> Ihnen helfen kann<\/strong><\/p>\n\n\n\n<p><span class=\"consultingcheck\"><span>consulting<\/span>check<\/span> setzt voraus, dass Sie Experte auf Ihrem Fachgebiet sind. Wir m\u00f6chten und k\u00f6nnen Ihnen nicht die Grundlagen Ihres Jobs erkl\u00e4ren.<\/p>\n\n\n\n<p>Wobei <span class=\"consultingcheck\"><span>consulting<\/span>check<\/span> Ihnen helfen m\u00f6chte und kann, ist, das nicht Naheliegende zu erkennen, das Sie erfolgreicher machen kann. Sie kennen Ihr Unternehmen, Ihre M\u00e4rkte und Ihre Arbeitsweise viel besser als jeder Berater, der zu Ihnen kommt. Berater bringen Methoden ein, die sie Ihnen zur Verf\u00fcgung stellen. Sie stellen Fragen, die Sie so nicht stellen w\u00fcrden, und fordern Sie und Ihre Teams dadurch jenseits Ihres Tagesgesch\u00e4ftes heraus, \u00fcber wirksame L\u00f6sungsans\u00e4tze nachzudenken und sie erfolgreich umzusetzen. Berater erg\u00e4nzen Sie.<\/p>\n\n\n\n<p>Genau diese Erg\u00e4nzung ist die Ambition von <span class=\"consultingcheck\"><span>consulting<\/span>check<\/span>. Wir m\u00f6chten Sie im Dialog an passende L\u00f6sungsans\u00e4tze heranf\u00fchren, die Sie dann selbst oder gemeinsam mit Spezialisten, die wir Ihnen empfehlen, umsetzen k\u00f6nnen.<\/p>\n\n\n\n<div class=\"wp-block-columns is-layout-flex wp-container-core-columns-is-layout-9d6595d7 wp-block-columns-is-layout-flex\">\n<div class=\"wp-block-column is-layout-flow wp-block-column-is-layout-flow\">\n<h3 class=\"wp-block-heading\"><strong>Warum wir meinen, das leisten zu k\u00f6nnen<\/strong><\/h3>\n\n\n\n<p>Als Autoren von <span class=\"consultingcheck\"><span>consulting<\/span>check<\/span> verf\u00fcgen wir \u00fcber viele Jahrzehnte F\u00fchrungs- und Beratungserfahrung in vielen Branchen und in unterschiedlichen Unternehmenssituationen mit ganz unterschiedlichen Herausforderungen. Wir haben uns eine Expertise erarbeitet und ein Feingesp\u00fcr daf\u00fcr entwickelt, was funktioniert und was nicht funktioniert. Wir haben gelernt, \u00fcber den Tellerrand hinauszublicken, um wirksame und nachhaltige L\u00f6sungen zu finden.<\/p>\n\n\n\n<p>All diese Erfahrungen, Methoden, Beispiele und Tools haben wir in <span class=\"consultingcheck\"><span>consulting<\/span>check<\/span> eingebracht, um Ihnen bei der Bew\u00e4ltigung Ihrer Herausforderungen zu helfen und unsere Wirtschaft zu st\u00e4rken.<\/p>\n\n\n\n<p>Auf das Gendern verzichten wir bei consultingcheck. Die verwendete Form steht stellvertretend f\u00fcr alle Geschlechter. Wir m\u00f6chten diese Entscheidung nicht als Missachtung verstanden wissen; vielmehr dient der Verzicht auf das Gendern der einfachen Lesbarkeit.<\/p>\n<\/div>\n\n\n\n<div class=\"wp-block-column is-layout-flow wp-block-column-is-layout-flow\">\n<figure class=\"wp-block-image\"><img decoding=\"async\" src=\"https:\/\/www.consultingcheck.com\/wp-content\/uploads\/2025\/07\/so4bu_kmuberater_boysen_-13-1024x683.jpg\" alt=\"Das aktuelle Bild hat keinen Alternativtext. Der Dateiname ist: so4bu_kmuberater_boysen_-13-scaled.jpg\"\/><\/figure>\n\n\n\n<p><strong>Dr. Werner Boysen<\/strong><\/p>\n\n\n\n<p>Managing Director <a href=\"https:\/\/www.dr-boysen-management.de\/\">Dr. Boysen Management + Consulting GmbH<\/a>, Initiator und Betreiber von <span class=\"consultingcheck\"><span>consulting<\/span>check<\/span><\/p>\n<\/div>\n<\/div>\n<\/div>\n<\/div>\n\n\n\n<p><\/p>\n","protected":false},"excerpt":{"rendered":"<p>\u00dcber Was ist ? ist eine digitale Plattform f\u00fcr Unternehmensberatung, die sich an Fach- und F\u00fchrungskr\u00e4fte in Betrieben aller Branchen, Gr\u00f6\u00dfenordnungen und Lebenszyklusphasen richtet. Mit k\u00f6nnen Sie Ihre individuellen betriebswirtschaftlichen Herausforderungen in einem interaktiven Austausch systematisch sch\u00e4rfen und wirksame L\u00f6sungsans\u00e4tze herauskristallisieren. Wenn Sie stark in ihr anspruchsvolles Tagesgesch\u00e4ft eingebunden sind, laufen Sie Gefahr, dass Sie <a href=\"https:\/\/www.consultingcheck.com\/de\/consultingcheck\/\" class=\"more-link\">&#8230;<\/a><\/p>\n","protected":false},"author":1,"featured_media":0,"parent":0,"menu_order":36,"comment_status":"closed","ping_status":"closed","template":"","meta":{"footnotes":"","_links_to":"","_links_to_target":""},"class_list":["post-15","page","type-page","status-publish","hentry"],"yoast_head":"<!-- This site is optimized with the Yoast SEO plugin v27.5 - https:\/\/yoast.com\/product\/yoast-seo-wordpress\/ -->\n<title>Lernen Sie consultingcheck kennen - consultingcheck<\/title>\n<meta name=\"description\" content=\"consultingcheck ist eine digitale Plattform f\u00fcr Unternehmensberatung &amp; Consulting. Einfach, online &amp; kostenfrei. Jetzt mehr erfahren!\" \/>\n<meta name=\"robots\" content=\"index, follow, max-snippet:-1, max-image-preview:large, max-video-preview:-1\" \/>\n<link rel=\"canonical\" href=\"https:\/\/www.consultingcheck.com\/de\/consultingcheck\/\" \/>\n<meta property=\"og:locale\" content=\"de_DE\" \/>\n<meta property=\"og:type\" content=\"article\" \/>\n<meta property=\"og:title\" content=\"Was ist consultingcheck?\" \/>\n<meta property=\"og:description\" content=\"Die digitale Unternehmensberatung\" \/>\n<meta property=\"og:url\" content=\"https:\/\/www.consultingcheck.com\/de\/consultingcheck\/\" \/>\n<meta property=\"og:site_name\" content=\"consultingcheck\" \/>\n<meta property=\"article:modified_time\" content=\"2025-07-08T19:29:44+00:00\" \/>\n<meta property=\"og:image\" content=\"https:\/\/www.consultingcheck.com\/wp-content\/uploads\/2022\/04\/og-bild_1200x630.jpg\" \/>\n\t<meta property=\"og:image:width\" content=\"1200\" \/>\n\t<meta property=\"og:image:height\" content=\"630\" \/>\n\t<meta property=\"og:image:type\" content=\"image\/jpeg\" \/>\n<meta name=\"twitter:card\" content=\"summary_large_image\" \/>\n<meta name=\"twitter:title\" content=\"Was ist consultingcheck?\" \/>\n<meta name=\"twitter:description\" content=\"Die digitale Unternehmensberatung\" \/>\n<meta name=\"twitter:image\" content=\"https:\/\/www.consultingcheck.com\/wp-content\/uploads\/2022\/04\/og-bild_1200x630.jpg\" \/>\n<meta name=\"twitter:label1\" content=\"Gesch\u00e4tzte Lesezeit\" \/>\n\t<meta name=\"twitter:data1\" content=\"4\u00a0Minuten\" \/>\n<script type=\"application\/ld+json\" class=\"yoast-schema-graph\">{\"@context\":\"https:\\\/\\\/schema.org\",\"@graph\":[{\"@type\":\"WebPage\",\"@id\":\"https:\\\/\\\/www.consultingcheck.com\\\/de\\\/consultingcheck\\\/\",\"url\":\"https:\\\/\\\/www.consultingcheck.com\\\/de\\\/consultingcheck\\\/\",\"name\":\"Lernen Sie consultingcheck kennen - consultingcheck\",\"isPartOf\":{\"@id\":\"https:\\\/\\\/www.consultingcheck.com\\\/de\\\/#website\"},\"primaryImageOfPage\":{\"@id\":\"https:\\\/\\\/www.consultingcheck.com\\\/de\\\/consultingcheck\\\/#primaryimage\"},\"image\":{\"@id\":\"https:\\\/\\\/www.consultingcheck.com\\\/de\\\/consultingcheck\\\/#primaryimage\"},\"thumbnailUrl\":\"https:\\\/\\\/www.consultingcheck.com\\\/wp-content\\\/uploads\\\/2022\\\/11\\\/image-28.png\",\"datePublished\":\"2021-09-13T23:17:34+00:00\",\"dateModified\":\"2025-07-08T19:29:44+00:00\",\"description\":\"consultingcheck ist eine digitale Plattform f\u00fcr Unternehmensberatung & Consulting. Einfach, online & kostenfrei. Jetzt mehr erfahren!\",\"breadcrumb\":{\"@id\":\"https:\\\/\\\/www.consultingcheck.com\\\/de\\\/consultingcheck\\\/#breadcrumb\"},\"inLanguage\":\"de\",\"potentialAction\":[{\"@type\":\"ReadAction\",\"target\":[\"https:\\\/\\\/www.consultingcheck.com\\\/de\\\/consultingcheck\\\/\"]}]},{\"@type\":\"ImageObject\",\"inLanguage\":\"de\",\"@id\":\"https:\\\/\\\/www.consultingcheck.com\\\/de\\\/consultingcheck\\\/#primaryimage\",\"url\":\"https:\\\/\\\/www.consultingcheck.com\\\/wp-content\\\/uploads\\\/2022\\\/11\\\/image-28.png\",\"contentUrl\":\"https:\\\/\\\/www.consultingcheck.com\\\/wp-content\\\/uploads\\\/2022\\\/11\\\/image-28.png\"},{\"@type\":\"BreadcrumbList\",\"@id\":\"https:\\\/\\\/www.consultingcheck.com\\\/de\\\/consultingcheck\\\/#breadcrumb\",\"itemListElement\":[{\"@type\":\"ListItem\",\"position\":1,\"name\":\"Startseite\",\"item\":\"https:\\\/\\\/www.consultingcheck.com\\\/de\\\/\"},{\"@type\":\"ListItem\",\"position\":2,\"name\":\"consultingcheck\"}]},{\"@type\":\"WebSite\",\"@id\":\"https:\\\/\\\/www.consultingcheck.com\\\/de\\\/#website\",\"url\":\"https:\\\/\\\/www.consultingcheck.com\\\/de\\\/\",\"name\":\"consultingcheck\",\"description\":\"Vernetzt gedacht. Entzaubert. Hands-on.\",\"potentialAction\":[{\"@type\":\"SearchAction\",\"target\":{\"@type\":\"EntryPoint\",\"urlTemplate\":\"https:\\\/\\\/www.consultingcheck.com\\\/de\\\/?s={search_term_string}\"},\"query-input\":{\"@type\":\"PropertyValueSpecification\",\"valueRequired\":true,\"valueName\":\"search_term_string\"}}],\"inLanguage\":\"de\"}]}<\/script>\n<!-- \/ Yoast SEO plugin. -->","yoast_head_json":{"title":"Lernen Sie consultingcheck kennen - consultingcheck","description":"consultingcheck ist eine digitale Plattform f\u00fcr Unternehmensberatung & Consulting. Einfach, online & kostenfrei. Jetzt mehr erfahren!","robots":{"index":"index","follow":"follow","max-snippet":"max-snippet:-1","max-image-preview":"max-image-preview:large","max-video-preview":"max-video-preview:-1"},"canonical":"https:\/\/www.consultingcheck.com\/de\/consultingcheck\/","og_locale":"de_DE","og_type":"article","og_title":"Was ist consultingcheck?","og_description":"Die digitale Unternehmensberatung","og_url":"https:\/\/www.consultingcheck.com\/de\/consultingcheck\/","og_site_name":"consultingcheck","article_modified_time":"2025-07-08T19:29:44+00:00","og_image":[{"width":1200,"height":630,"url":"https:\/\/www.consultingcheck.com\/wp-content\/uploads\/2022\/04\/og-bild_1200x630.jpg","type":"image\/jpeg"}],"twitter_card":"summary_large_image","twitter_title":"Was ist consultingcheck?","twitter_description":"Die digitale Unternehmensberatung","twitter_image":"https:\/\/www.consultingcheck.com\/wp-content\/uploads\/2022\/04\/og-bild_1200x630.jpg","twitter_misc":{"Gesch\u00e4tzte Lesezeit":"4\u00a0Minuten"},"schema":{"@context":"https:\/\/schema.org","@graph":[{"@type":"WebPage","@id":"https:\/\/www.consultingcheck.com\/de\/consultingcheck\/","url":"https:\/\/www.consultingcheck.com\/de\/consultingcheck\/","name":"Lernen Sie consultingcheck kennen - consultingcheck","isPartOf":{"@id":"https:\/\/www.consultingcheck.com\/de\/#website"},"primaryImageOfPage":{"@id":"https:\/\/www.consultingcheck.com\/de\/consultingcheck\/#primaryimage"},"image":{"@id":"https:\/\/www.consultingcheck.com\/de\/consultingcheck\/#primaryimage"},"thumbnailUrl":"https:\/\/www.consultingcheck.com\/wp-content\/uploads\/2022\/11\/image-28.png","datePublished":"2021-09-13T23:17:34+00:00","dateModified":"2025-07-08T19:29:44+00:00","description":"consultingcheck ist eine digitale Plattform f\u00fcr Unternehmensberatung & Consulting. Einfach, online & kostenfrei. Jetzt mehr erfahren!","breadcrumb":{"@id":"https:\/\/www.consultingcheck.com\/de\/consultingcheck\/#breadcrumb"},"inLanguage":"de","potentialAction":[{"@type":"ReadAction","target":["https:\/\/www.consultingcheck.com\/de\/consultingcheck\/"]}]},{"@type":"ImageObject","inLanguage":"de","@id":"https:\/\/www.consultingcheck.com\/de\/consultingcheck\/#primaryimage","url":"https:\/\/www.consultingcheck.com\/wp-content\/uploads\/2022\/11\/image-28.png","contentUrl":"https:\/\/www.consultingcheck.com\/wp-content\/uploads\/2022\/11\/image-28.png"},{"@type":"BreadcrumbList","@id":"https:\/\/www.consultingcheck.com\/de\/consultingcheck\/#breadcrumb","itemListElement":[{"@type":"ListItem","position":1,"name":"Startseite","item":"https:\/\/www.consultingcheck.com\/de\/"},{"@type":"ListItem","position":2,"name":"consultingcheck"}]},{"@type":"WebSite","@id":"https:\/\/www.consultingcheck.com\/de\/#website","url":"https:\/\/www.consultingcheck.com\/de\/","name":"consultingcheck","description":"Vernetzt gedacht. Entzaubert. Hands-on.","potentialAction":[{"@type":"SearchAction","target":{"@type":"EntryPoint","urlTemplate":"https:\/\/www.consultingcheck.com\/de\/?s={search_term_string}"},"query-input":{"@type":"PropertyValueSpecification","valueRequired":true,"valueName":"search_term_string"}}],"inLanguage":"de"}]}},"_links":{"self":[{"href":"https:\/\/www.consultingcheck.com\/de\/wp-json\/wp\/v2\/pages\/15","targetHints":{"allow":["GET"]}}],"collection":[{"href":"https:\/\/www.consultingcheck.com\/de\/wp-json\/wp\/v2\/pages"}],"about":[{"href":"https:\/\/www.consultingcheck.com\/de\/wp-json\/wp\/v2\/types\/page"}],"author":[{"embeddable":true,"href":"https:\/\/www.consultingcheck.com\/de\/wp-json\/wp\/v2\/users\/1"}],"replies":[{"embeddable":true,"href":"https:\/\/www.consultingcheck.com\/de\/wp-json\/wp\/v2\/comments?post=15"}],"version-history":[{"count":5,"href":"https:\/\/www.consultingcheck.com\/de\/wp-json\/wp\/v2\/pages\/15\/revisions"}],"predecessor-version":[{"id":20651,"href":"https:\/\/www.consultingcheck.com\/de\/wp-json\/wp\/v2\/pages\/15\/revisions\/20651"}],"wp:attachment":[{"href":"https:\/\/www.consultingcheck.com\/de\/wp-json\/wp\/v2\/media?parent=15"}],"curies":[{"name":"wp","href":"https:\/\/api.w.org\/{rel}","templated":true}]}}