{"id":12113,"date":"2022-12-06T16:19:41","date_gmt":"2022-12-06T15:19:41","guid":{"rendered":"https:\/\/www.consultingcheck.com\/?page_id=12113"},"modified":"2024-09-10T07:55:24","modified_gmt":"2024-09-10T05:55:24","slug":"expertisen-pool","status":"publish","type":"page","link":"https:\/\/www.consultingcheck.com\/de\/expertisen-pool\/","title":{"rendered":"Expertisen-Pool"},"content":{"rendered":"\n<div class=\"wp-block-columns is-layout-flex wp-container-core-columns-is-layout-9d6595d7 wp-block-columns-is-layout-flex\">\n<div class=\"wp-block-column is-layout-flow wp-block-column-is-layout-flow\">\n<h1 class=\"wp-block-heading\">Expertisen-Pool<\/h1>\n\n\n\n<p>In unserem Expertisen-Pool geben wir ausgewiesenen Experten eine Plattform, um Fach- und F\u00fchrungskr\u00e4fte \u00fcber ihr Fachgebiet und \u00fcber den praktischen Nutzen ihrer Leistungen zu informieren. Der Expertisen-Pool ist ein erster Schritt, consultingcheck f\u00fcr die Expertise Dritter zu \u00f6ffnen und das Angebot dadurch noch attraktiver zu machen.&nbsp;<\/p>\n\n\n\n<p>Mit unserem Expertisen-Pool m\u00f6chten wir einerseits den fachlichen Horizont erweitern und andererseits den Praxisbezug vertiefen und den Zugang zu Experten-Skills erleichtern. Der Expertisen-Pool ist in zwei Kategorien gegliedert:&nbsp;<\/p>\n<\/div>\n<\/div>\n\n\n\n<div style=\"height:100px\" aria-hidden=\"true\" class=\"wp-block-spacer is-style-s40\"><\/div>\n\n\n\n<div class=\"wp-block-columns is-layout-flex wp-container-core-columns-is-layout-9d6595d7 wp-block-columns-is-layout-flex\">\n<div class=\"wp-block-column is-layout-flow wp-block-column-is-layout-flow\">\n<h2 class=\"wp-block-heading\"><strong>Bew\u00e4ltigung von Unternehmenskrisen&nbsp;<\/strong><\/h2>\n\n\n\n<figure class=\"wp-block-image size-full\"><img loading=\"lazy\" decoding=\"async\" width=\"1024\" height=\"440\" src=\"https:\/\/www.consultingcheck.com\/wp-content\/uploads\/2022\/11\/Krisenbewaeltigung-Krise.jpg\" alt=\"\" class=\"wp-image-11946\" srcset=\"https:\/\/www.consultingcheck.com\/wp-content\/uploads\/2022\/11\/Krisenbewaeltigung-Krise.jpg 1024w, https:\/\/www.consultingcheck.com\/wp-content\/uploads\/2022\/11\/Krisenbewaeltigung-Krise-300x129.jpg 300w, https:\/\/www.consultingcheck.com\/wp-content\/uploads\/2022\/11\/Krisenbewaeltigung-Krise-400x172.jpg 400w, https:\/\/www.consultingcheck.com\/wp-content\/uploads\/2022\/11\/Krisenbewaeltigung-Krise-600x258.jpg 600w\" sizes=\"auto, (max-width: 1024px) 100vw, 1024px\" \/><\/figure>\n\n\n\n<p>Je fr\u00fcher eine Krise erkannt wird, desto wirksamer k\u00f6nnen ihre Auswirkungen begrenzt werden. In diesem Fachbeitrag erfahren Sie alles \u00fcber die Bew\u00e4ltigung von Unternehmenskrisen.&nbsp;<\/p>\n\n\n\n<div class=\"wp-block-buttons is-layout-flex wp-block-buttons-is-layout-flex\">\n<div class=\"wp-block-button\"><a class=\"wp-block-button__link wp-element-button\" href=\"https:\/\/www.consultingcheck.com\/de\/krisenbewaeltigung\/\">Mehr erfahren<\/a><\/div>\n<\/div>\n<\/div>\n\n\n\n<div class=\"wp-block-column is-layout-flow wp-block-column-is-layout-flow\">\n<h2 class=\"wp-block-heading\"><strong>Interim Management in der Lebensmittelindustrie&nbsp;<\/strong><\/h2>\n\n\n\n<figure class=\"wp-block-image size-full\"><img loading=\"lazy\" decoding=\"async\" width=\"1024\" height=\"440\" src=\"https:\/\/www.consultingcheck.com\/wp-content\/uploads\/2022\/12\/Interim-Management-Lebensmittelindustrie-1.jpg\" alt=\"\" class=\"wp-image-13146\" srcset=\"https:\/\/www.consultingcheck.com\/wp-content\/uploads\/2022\/12\/Interim-Management-Lebensmittelindustrie-1.jpg 1024w, https:\/\/www.consultingcheck.com\/wp-content\/uploads\/2022\/12\/Interim-Management-Lebensmittelindustrie-1-300x129.jpg 300w, https:\/\/www.consultingcheck.com\/wp-content\/uploads\/2022\/12\/Interim-Management-Lebensmittelindustrie-1-400x172.jpg 400w, https:\/\/www.consultingcheck.com\/wp-content\/uploads\/2022\/12\/Interim-Management-Lebensmittelindustrie-1-600x258.jpg 600w\" sizes=\"auto, (max-width: 1024px) 100vw, 1024px\" \/><\/figure>\n\n\n\n<p>In der Lebensmittelindustrie bestehen besondere Anforderungen an das Management. Wir erkl\u00e4ren Ihnen, wie Interim-Management hier als wirkungsvolles Instrument helfen kann!&nbsp;<\/p>\n\n\n\n<div class=\"wp-block-buttons is-layout-flex wp-block-buttons-is-layout-flex\">\n<div class=\"wp-block-button\"><a class=\"wp-block-button__link wp-element-button\" href=\"https:\/\/www.consultingcheck.com\/de\/expertise-interim-management-in-der-lebensmittelindustrie\/\">Mehr erfahren<\/a><\/div>\n<\/div>\n<\/div>\n<\/div>\n\n\n\n<div style=\"height:100px\" aria-hidden=\"true\" class=\"wp-block-spacer is-style-s40\"><\/div>\n\n\n\n<div class=\"wp-block-columns is-layout-flex wp-container-core-columns-is-layout-9d6595d7 wp-block-columns-is-layout-flex\">\n<div class=\"wp-block-column is-layout-flow wp-block-column-is-layout-flow\">\n<h2 class=\"wp-block-heading\"><strong><strong>Industriebau<\/strong><\/strong><\/h2>\n\n\n\n<figure class=\"wp-block-image size-full\"><img loading=\"lazy\" decoding=\"async\" width=\"1024\" height=\"440\" src=\"https:\/\/www.consultingcheck.com\/wp-content\/uploads\/2022\/12\/Expertise-Industriebau-4.jpg\" alt=\"\" class=\"wp-image-13111\" srcset=\"https:\/\/www.consultingcheck.com\/wp-content\/uploads\/2022\/12\/Expertise-Industriebau-4.jpg 1024w, https:\/\/www.consultingcheck.com\/wp-content\/uploads\/2022\/12\/Expertise-Industriebau-4-300x129.jpg 300w, https:\/\/www.consultingcheck.com\/wp-content\/uploads\/2022\/12\/Expertise-Industriebau-4-400x172.jpg 400w, https:\/\/www.consultingcheck.com\/wp-content\/uploads\/2022\/12\/Expertise-Industriebau-4-600x258.jpg 600w\" sizes=\"auto, (max-width: 1024px) 100vw, 1024px\" \/><\/figure>\n\n\n\n<p>Wenn Produktion resilient sein m\u00f6chte, ben\u00f6tigt sie neue oder umgebaute Werke in Deutschland und der Welt. Wir kl\u00e4ren Sie \u00fcber Herausforderungen und M\u00f6glichkeiten im Industriebau auf!&nbsp;<\/p>\n\n\n\n<div class=\"wp-block-buttons is-layout-flex wp-block-buttons-is-layout-flex\">\n<div class=\"wp-block-button\"><a class=\"wp-block-button__link wp-element-button\" href=\"https:\/\/www.consultingcheck.com\/de\/expertise-industriebau\/\">Mehr erfahren<\/a><\/div>\n<\/div>\n<\/div>\n\n\n\n<div class=\"wp-block-column is-layout-flow wp-block-column-is-layout-flow\">\n<h2 class=\"wp-block-heading\"><strong><strong>DSGVO rechtssicher anwenden<\/strong><\/strong><\/h2>\n\n\n\n<figure class=\"wp-block-image size-full\"><img loading=\"lazy\" decoding=\"async\" width=\"1024\" height=\"440\" src=\"https:\/\/www.consultingcheck.com\/wp-content\/uploads\/2024\/09\/keydata-teaser.jpg\" alt=\"\" class=\"wp-image-20335\" srcset=\"https:\/\/www.consultingcheck.com\/wp-content\/uploads\/2024\/09\/keydata-teaser.jpg 1024w, https:\/\/www.consultingcheck.com\/wp-content\/uploads\/2024\/09\/keydata-teaser-300x129.jpg 300w, https:\/\/www.consultingcheck.com\/wp-content\/uploads\/2024\/09\/keydata-teaser-400x172.jpg 400w, https:\/\/www.consultingcheck.com\/wp-content\/uploads\/2024\/09\/keydata-teaser-600x258.jpg 600w\" sizes=\"auto, (max-width: 1024px) 100vw, 1024px\" \/><\/figure>\n\n\n\n<p>Auch Jahre nach Einf\u00fchrung der DSGVO herrschen in vielen Unternehmen Unklarheit und Handlungsbedarf. Unser Experte hilft Ihnen bei der Umsetzung des korrekten Datenschutzes!&nbsp;<\/p>\n\n\n\n<div class=\"wp-block-buttons is-layout-flex wp-block-buttons-is-layout-flex\">\n<div class=\"wp-block-button\"><a class=\"wp-block-button__link wp-element-button\" href=\"https:\/\/www.consultingcheck.com\/de\/expertise-rechtssicherer-umgang-mit-der-dsgvo\/\">Mehr erfahren<\/a><\/div>\n<\/div>\n<\/div>\n<\/div>\n\n\n\n<div style=\"height:100px\" aria-hidden=\"true\" class=\"wp-block-spacer is-style-s40\"><\/div>\n\n\n\n<div class=\"wp-block-columns is-layout-flex wp-container-core-columns-is-layout-9d6595d7 wp-block-columns-is-layout-flex\">\n<div class=\"wp-block-column is-layout-flow wp-block-column-is-layout-flow\">\n<h2 class=\"wp-block-heading\"><strong><strong><strong><strong>Digitalisierung und Automatisierung&nbsp;<\/strong><\/strong><\/strong><\/strong><\/h2>\n\n\n\n<figure class=\"wp-block-image size-full\"><img loading=\"lazy\" decoding=\"async\" width=\"1024\" height=\"440\" src=\"https:\/\/www.consultingcheck.com\/wp-content\/uploads\/2023\/10\/Expertise-Digitalisierung-01-Einleitung.jpg\" alt=\"\" class=\"wp-image-19439\" srcset=\"https:\/\/www.consultingcheck.com\/wp-content\/uploads\/2023\/10\/Expertise-Digitalisierung-01-Einleitung.jpg 1024w, https:\/\/www.consultingcheck.com\/wp-content\/uploads\/2023\/10\/Expertise-Digitalisierung-01-Einleitung-300x129.jpg 300w, https:\/\/www.consultingcheck.com\/wp-content\/uploads\/2023\/10\/Expertise-Digitalisierung-01-Einleitung-400x172.jpg 400w, https:\/\/www.consultingcheck.com\/wp-content\/uploads\/2023\/10\/Expertise-Digitalisierung-01-Einleitung-600x258.jpg 600w\" sizes=\"auto, (max-width: 1024px) 100vw, 1024px\" \/><\/figure>\n\n\n\n<p>Die Digitalisierung ist zu einem Schl\u00fcsselthema f\u00fcr Unternehmen und Organisationen geworden. Erfahren Sie jetzt, wie eine planvolle und nachhaltige Umsetzung \u00fcber Erfolg entscheidet.&nbsp;<\/p>\n\n\n\n<div class=\"wp-block-buttons is-layout-flex wp-block-buttons-is-layout-flex\">\n<div class=\"wp-block-button\"><a class=\"wp-block-button__link wp-element-button\" href=\"https:\/\/www.consultingcheck.com\/de\/expertise-digitalisierung\/\">Mehr erfahren<\/a><\/div>\n<\/div>\n<\/div>\n\n\n\n<div class=\"wp-block-column is-layout-flow wp-block-column-is-layout-flow\">\n<h2 class=\"wp-block-heading\"><\/h2>\n\n\n\n<p><\/p>\n<\/div>\n<\/div>\n","protected":false},"excerpt":{"rendered":"<p>Expertisen-Pool In unserem Expertisen-Pool geben wir ausgewiesenen Experten eine Plattform, um Fach- und F\u00fchrungskr\u00e4fte \u00fcber ihr Fachgebiet und \u00fcber den praktischen Nutzen ihrer Leistungen zu informieren. Der Expertisen-Pool ist ein erster Schritt, consultingcheck f\u00fcr die Expertise Dritter zu \u00f6ffnen und das Angebot dadurch noch attraktiver zu machen.&nbsp; Mit unserem Expertisen-Pool m\u00f6chten wir einerseits den fachlichen <a href=\"https:\/\/www.consultingcheck.com\/de\/expertisen-pool\/\" class=\"more-link\">&#8230;<\/a><\/p>\n","protected":false},"author":2,"featured_media":0,"parent":0,"menu_order":17,"comment_status":"closed","ping_status":"closed","template":"","meta":{"footnotes":"","_links_to":"","_links_to_target":""},"class_list":["post-12113","page","type-page","status-publish","hentry"],"yoast_head":"<!-- This site is optimized with the Yoast SEO plugin v27.4 - https:\/\/yoast.com\/product\/yoast-seo-wordpress\/ -->\n<title>Expertisen-Pool: Fachartikel bei consultingcheck<\/title>\n<meta name=\"description\" content=\"Fachartikel von Experten f\u00fcr Experten: Entdecken Sie im Expertisen-Pool von consultingcheck Hilfreiches f\u00fcr Fach- und F\u00fchrungskr\u00e4fte!\" \/>\n<meta name=\"robots\" content=\"index, follow, max-snippet:-1, max-image-preview:large, max-video-preview:-1\" \/>\n<link rel=\"canonical\" href=\"https:\/\/www.consultingcheck.com\/de\/expertisen-pool\/\" \/>\n<meta property=\"og:locale\" content=\"de_DE\" \/>\n<meta property=\"og:type\" content=\"article\" \/>\n<meta property=\"og:title\" content=\"Expertisen-Pool: Fachartikel bei consultingcheck\" \/>\n<meta property=\"og:description\" content=\"Fachartikel von Experten f\u00fcr Experten: Entdecken Sie im Expertisen-Pool von consultingcheck Hilfreiches f\u00fcr Fach- und F\u00fchrungskr\u00e4fte!\" \/>\n<meta property=\"og:url\" content=\"https:\/\/www.consultingcheck.com\/de\/expertisen-pool\/\" \/>\n<meta property=\"og:site_name\" content=\"consultingcheck\" \/>\n<meta property=\"article:modified_time\" content=\"2024-09-10T05:55:24+00:00\" \/>\n<meta property=\"og:image\" content=\"https:\/\/www.consultingcheck.com\/wp-content\/uploads\/2022\/11\/Krisenbewaeltigung-Krise.jpg\" \/>\n<meta name=\"twitter:card\" content=\"summary_large_image\" \/>\n<meta name=\"twitter:label1\" content=\"Gesch\u00e4tzte Lesezeit\" \/>\n\t<meta name=\"twitter:data1\" content=\"3\u00a0Minuten\" \/>\n<script type=\"application\/ld+json\" class=\"yoast-schema-graph\">{\"@context\":\"https:\\\/\\\/schema.org\",\"@graph\":[{\"@type\":\"WebPage\",\"@id\":\"https:\\\/\\\/www.consultingcheck.com\\\/de\\\/expertisen-pool\\\/\",\"url\":\"https:\\\/\\\/www.consultingcheck.com\\\/de\\\/expertisen-pool\\\/\",\"name\":\"Expertisen-Pool: Fachartikel bei consultingcheck\",\"isPartOf\":{\"@id\":\"https:\\\/\\\/www.consultingcheck.com\\\/de\\\/#website\"},\"primaryImageOfPage\":{\"@id\":\"https:\\\/\\\/www.consultingcheck.com\\\/de\\\/expertisen-pool\\\/#primaryimage\"},\"image\":{\"@id\":\"https:\\\/\\\/www.consultingcheck.com\\\/de\\\/expertisen-pool\\\/#primaryimage\"},\"thumbnailUrl\":\"https:\\\/\\\/www.consultingcheck.com\\\/wp-content\\\/uploads\\\/2022\\\/11\\\/Krisenbewaeltigung-Krise.jpg\",\"datePublished\":\"2022-12-06T15:19:41+00:00\",\"dateModified\":\"2024-09-10T05:55:24+00:00\",\"description\":\"Fachartikel von Experten f\u00fcr Experten: Entdecken Sie im Expertisen-Pool von consultingcheck Hilfreiches f\u00fcr Fach- und F\u00fchrungskr\u00e4fte!\",\"breadcrumb\":{\"@id\":\"https:\\\/\\\/www.consultingcheck.com\\\/de\\\/expertisen-pool\\\/#breadcrumb\"},\"inLanguage\":\"de\",\"potentialAction\":[{\"@type\":\"ReadAction\",\"target\":[\"https:\\\/\\\/www.consultingcheck.com\\\/de\\\/expertisen-pool\\\/\"]}]},{\"@type\":\"ImageObject\",\"inLanguage\":\"de\",\"@id\":\"https:\\\/\\\/www.consultingcheck.com\\\/de\\\/expertisen-pool\\\/#primaryimage\",\"url\":\"https:\\\/\\\/www.consultingcheck.com\\\/wp-content\\\/uploads\\\/2022\\\/11\\\/Krisenbewaeltigung-Krise.jpg\",\"contentUrl\":\"https:\\\/\\\/www.consultingcheck.com\\\/wp-content\\\/uploads\\\/2022\\\/11\\\/Krisenbewaeltigung-Krise.jpg\"},{\"@type\":\"BreadcrumbList\",\"@id\":\"https:\\\/\\\/www.consultingcheck.com\\\/de\\\/expertisen-pool\\\/#breadcrumb\",\"itemListElement\":[{\"@type\":\"ListItem\",\"position\":1,\"name\":\"Startseite\",\"item\":\"https:\\\/\\\/www.consultingcheck.com\\\/de\\\/\"},{\"@type\":\"ListItem\",\"position\":2,\"name\":\"Expertisen-Pool\"}]},{\"@type\":\"WebSite\",\"@id\":\"https:\\\/\\\/www.consultingcheck.com\\\/de\\\/#website\",\"url\":\"https:\\\/\\\/www.consultingcheck.com\\\/de\\\/\",\"name\":\"consultingcheck\",\"description\":\"Vernetzt gedacht. Entzaubert. Hands-on.\",\"potentialAction\":[{\"@type\":\"SearchAction\",\"target\":{\"@type\":\"EntryPoint\",\"urlTemplate\":\"https:\\\/\\\/www.consultingcheck.com\\\/de\\\/?s={search_term_string}\"},\"query-input\":{\"@type\":\"PropertyValueSpecification\",\"valueRequired\":true,\"valueName\":\"search_term_string\"}}],\"inLanguage\":\"de\"}]}<\/script>\n<!-- \/ Yoast SEO plugin. -->","yoast_head_json":{"title":"Expertisen-Pool: Fachartikel bei consultingcheck","description":"Fachartikel von Experten f\u00fcr Experten: Entdecken Sie im Expertisen-Pool von consultingcheck Hilfreiches f\u00fcr Fach- und F\u00fchrungskr\u00e4fte!","robots":{"index":"index","follow":"follow","max-snippet":"max-snippet:-1","max-image-preview":"max-image-preview:large","max-video-preview":"max-video-preview:-1"},"canonical":"https:\/\/www.consultingcheck.com\/de\/expertisen-pool\/","og_locale":"de_DE","og_type":"article","og_title":"Expertisen-Pool: Fachartikel bei consultingcheck","og_description":"Fachartikel von Experten f\u00fcr Experten: Entdecken Sie im Expertisen-Pool von consultingcheck Hilfreiches f\u00fcr Fach- und F\u00fchrungskr\u00e4fte!","og_url":"https:\/\/www.consultingcheck.com\/de\/expertisen-pool\/","og_site_name":"consultingcheck","article_modified_time":"2024-09-10T05:55:24+00:00","og_image":[{"url":"https:\/\/www.consultingcheck.com\/wp-content\/uploads\/2022\/11\/Krisenbewaeltigung-Krise.jpg","type":"","width":"","height":""}],"twitter_card":"summary_large_image","twitter_misc":{"Gesch\u00e4tzte Lesezeit":"3\u00a0Minuten"},"schema":{"@context":"https:\/\/schema.org","@graph":[{"@type":"WebPage","@id":"https:\/\/www.consultingcheck.com\/de\/expertisen-pool\/","url":"https:\/\/www.consultingcheck.com\/de\/expertisen-pool\/","name":"Expertisen-Pool: Fachartikel bei consultingcheck","isPartOf":{"@id":"https:\/\/www.consultingcheck.com\/de\/#website"},"primaryImageOfPage":{"@id":"https:\/\/www.consultingcheck.com\/de\/expertisen-pool\/#primaryimage"},"image":{"@id":"https:\/\/www.consultingcheck.com\/de\/expertisen-pool\/#primaryimage"},"thumbnailUrl":"https:\/\/www.consultingcheck.com\/wp-content\/uploads\/2022\/11\/Krisenbewaeltigung-Krise.jpg","datePublished":"2022-12-06T15:19:41+00:00","dateModified":"2024-09-10T05:55:24+00:00","description":"Fachartikel von Experten f\u00fcr Experten: Entdecken Sie im Expertisen-Pool von consultingcheck Hilfreiches f\u00fcr Fach- und F\u00fchrungskr\u00e4fte!","breadcrumb":{"@id":"https:\/\/www.consultingcheck.com\/de\/expertisen-pool\/#breadcrumb"},"inLanguage":"de","potentialAction":[{"@type":"ReadAction","target":["https:\/\/www.consultingcheck.com\/de\/expertisen-pool\/"]}]},{"@type":"ImageObject","inLanguage":"de","@id":"https:\/\/www.consultingcheck.com\/de\/expertisen-pool\/#primaryimage","url":"https:\/\/www.consultingcheck.com\/wp-content\/uploads\/2022\/11\/Krisenbewaeltigung-Krise.jpg","contentUrl":"https:\/\/www.consultingcheck.com\/wp-content\/uploads\/2022\/11\/Krisenbewaeltigung-Krise.jpg"},{"@type":"BreadcrumbList","@id":"https:\/\/www.consultingcheck.com\/de\/expertisen-pool\/#breadcrumb","itemListElement":[{"@type":"ListItem","position":1,"name":"Startseite","item":"https:\/\/www.consultingcheck.com\/de\/"},{"@type":"ListItem","position":2,"name":"Expertisen-Pool"}]},{"@type":"WebSite","@id":"https:\/\/www.consultingcheck.com\/de\/#website","url":"https:\/\/www.consultingcheck.com\/de\/","name":"consultingcheck","description":"Vernetzt gedacht. Entzaubert. Hands-on.","potentialAction":[{"@type":"SearchAction","target":{"@type":"EntryPoint","urlTemplate":"https:\/\/www.consultingcheck.com\/de\/?s={search_term_string}"},"query-input":{"@type":"PropertyValueSpecification","valueRequired":true,"valueName":"search_term_string"}}],"inLanguage":"de"}]}},"_links":{"self":[{"href":"https:\/\/www.consultingcheck.com\/de\/wp-json\/wp\/v2\/pages\/12113","targetHints":{"allow":["GET"]}}],"collection":[{"href":"https:\/\/www.consultingcheck.com\/de\/wp-json\/wp\/v2\/pages"}],"about":[{"href":"https:\/\/www.consultingcheck.com\/de\/wp-json\/wp\/v2\/types\/page"}],"author":[{"embeddable":true,"href":"https:\/\/www.consultingcheck.com\/de\/wp-json\/wp\/v2\/users\/2"}],"replies":[{"embeddable":true,"href":"https:\/\/www.consultingcheck.com\/de\/wp-json\/wp\/v2\/comments?post=12113"}],"version-history":[{"count":5,"href":"https:\/\/www.consultingcheck.com\/de\/wp-json\/wp\/v2\/pages\/12113\/revisions"}],"predecessor-version":[{"id":20346,"href":"https:\/\/www.consultingcheck.com\/de\/wp-json\/wp\/v2\/pages\/12113\/revisions\/20346"}],"wp:attachment":[{"href":"https:\/\/www.consultingcheck.com\/de\/wp-json\/wp\/v2\/media?parent=12113"}],"curies":[{"name":"wp","href":"https:\/\/api.w.org\/{rel}","templated":true}]}}