{"id":10343,"date":"2022-10-11T06:01:48","date_gmt":"2022-10-11T04:01:48","guid":{"rendered":"https:\/\/www.consultingcheck.com\/?page_id=10343"},"modified":"2023-01-05T17:10:13","modified_gmt":"2023-01-05T16:10:13","slug":"pressespiegel","status":"publish","type":"page","link":"https:\/\/www.consultingcheck.com\/de\/news\/pressespiegel\/","title":{"rendered":"Pressespiegel"},"content":{"rendered":"\n<div class=\"wp-block-columns is-layout-flex wp-container-core-columns-is-layout-9d6595d7 wp-block-columns-is-layout-flex\">\n<div class=\"wp-block-column is-layout-flow wp-block-column-is-layout-flow\" style=\"flex-basis:100%\">\n<h1 class=\"wp-block-heading\">Pressespiegel<\/h1>\n\n\n\n<p>Hier finden Sie einen Auszug der Ver\u00f6ffentlichungen \u00fcber <span class=\"consultingcheck\"><span>consulting<\/span>check<\/span>\u00a0und Management-Themen in relevanten Fachjournalen und in regionalen Zeitungen.<\/p>\n\n\n\n<p>Die angebotenen Verlinkungen leiten Sie direkt zur Website des Mediums, in dem der jeweilige Beitrag erschienen ist.<\/p>\n\n\n\n<style>.embed-container { position: relative; padding-bottom: 56.25%; height: 0; overflow: hidden; max-width: 100%; } .embed-container iframe, .embed-container object, .embed-container embed { position: absolute; top: 0; left: 0; width: 100%; height: 100%; }<\/style><div class=\"embed-container\"> <div class=\"brlbs-cmpnt-container brlbs-cmpnt-content-blocker brlbs-cmpnt-with-individual-styles\" data-borlabs-cookie-content-blocker-id=\"youtube-content-blocker\" data-borlabs-cookie-content=\"PGlmcmFtZSBzcmM9Imh0dHBzOi8vd3d3LnlvdXR1YmUtbm9jb29raWUuY29tL2VtYmVkL01GRXNVQW5VRVF3P3JlbD0wIiBmcmFtZWJvcmRlcj0iMCIgYWxsb3dmdWxsc2NyZWVuPSIiPjwvaWZyYW1lPg==\"><div class=\"brlbs-cmpnt-cb-preset-c brlbs-cmpnt-cb-youtube\"> <div class=\"brlbs-cmpnt-cb-thumbnail\" style=\"background-image: url('https:\/\/www.consultingcheck.com\/wp-content\/uploads\/borlabs-cookie\/1\/yt_MFEsUAnUEQw_hqdefault.jpg')\"><\/div> <div class=\"brlbs-cmpnt-cb-main\"> <div class=\"brlbs-cmpnt-cb-play-button\"><\/div> <div class=\"brlbs-cmpnt-cb-content\"> <p class=\"brlbs-cmpnt-cb-description\">Sie sehen gerade einen Platzhalterinhalt von <strong>YouTube<\/strong>. Um auf den eigentlichen Inhalt zuzugreifen, klicken Sie auf die Schaltfl\u00e4che unten. Bitte beachten Sie, dass dabei Daten an Drittanbieter weitergegeben werden.<\/p> <a class=\"brlbs-cmpnt-cb-provider-toggle\" href=\"#\" data-borlabs-cookie-show-provider-information role=\"button\">Mehr Informationen<\/a> <\/div> <div class=\"brlbs-cmpnt-cb-buttons\"> <a class=\"brlbs-cmpnt-cb-btn\" href=\"#\" data-borlabs-cookie-unblock role=\"button\">Inhalt entsperren<\/a> <a class=\"brlbs-cmpnt-cb-btn\" href=\"#\" data-borlabs-cookie-accept-service role=\"button\" style=\"display: inherit\">Erforderlichen Service akzeptieren und Inhalte entsperren<\/a> <\/div> <\/div> <\/div><\/div><\/div>\n\n\n\n<div style=\"height:16px\" aria-hidden=\"true\" class=\"wp-block-spacer is-style-s40\"><\/div>\n\n\n\n<div class=\"wp-block-group\"><div class=\"wp-block-group__inner-container is-layout-flow wp-block-group-is-layout-flow\">\n<div class=\"blog-entries\"><div class=\"blog-entry\" id=\"blog-entry-17286\"><div class=\"thumb\"><img decoding=\"async\" src=\"\/wp-content\/uploads\/2022\/06\/ccbanner-950-840x472.jpg\" title=\"consultingcheck im PT-Magazin f\u00fcr Wirtschaft und Gesellschaft\" \/><\/div><div class=\"blog-entry-content\"><a href=\"https:\/\/www.pt-magazin.de\/de\/wirtschaft\/unternehmen\/was-tun-im-notfall_lgxk8fcv.html\" title=\"consultingcheck im PT-Magazin f\u00fcr Wirtschaft und Gesellschaft\"><h3>consultingcheck im PT-Magazin f\u00fcr Wirtschaft und Gesellschaft<\/h3><\/a><div class=\"blog-entry-excerpt\">Was tun im Notfall? F\u00fcr das PT-Magazin f\u00fcr Wirtschaft und Gesellschaft hat unser Gr\u00fcnder Dr. Werner Boysen einen Fachartikel \u00fcber ...<\/div><span class=\"blog-entry-date\">12.05.2023<\/span><a href=\"https:\/\/www.pt-magazin.de\/de\/wirtschaft\/unternehmen\/was-tun-im-notfall_lgxk8fcv.html\" title=\"consultingcheck im PT-Magazin f\u00fcr Wirtschaft und Gesellschaft\" class=\"btn\">mehr lesen<\/a><\/div><\/div><div class=\"blog-entry\" id=\"blog-entry-16489\"><div class=\"thumb\"><img decoding=\"async\" src=\"https:\/\/www.consultingcheck.com\/wp-content\/uploads\/2023\/05\/DGSD_28042023-840x472.jpg\" title=\"consultingcheck pr\u00e4sentiert auf der Jahrestagung der Deutschen Gesellschaft f\u00fcr System Dynamics\" \/><\/div><div class=\"blog-entry-content\"><a href=\"https:\/\/www.consultingcheck.com\/de\/consultingcheck-praesentiert-auf-der-jahrestagung-der-deutschen-gesellschaft-fuer-system-dynamics\/\" title=\"consultingcheck pr\u00e4sentiert auf der Jahrestagung der Deutschen Gesellschaft f\u00fcr System Dynamics\"><h3>consultingcheck pr\u00e4sentiert auf der Jahrestagung der Deutschen Gesellschaft f\u00fcr System Dynamics<\/h3><\/a><div class=\"blog-entry-excerpt\">Am ersten Veranstaltungstag der Jahrestagung 2023 der Deutschen Gesellschaft f\u00fcr System Dynamics (DGSD), die an der Fernuniversit\u00e4t Hagen ...<\/div><span class=\"blog-entry-date\">20.04.2023<\/span><a href=\"https:\/\/www.consultingcheck.com\/de\/consultingcheck-praesentiert-auf-der-jahrestagung-der-deutschen-gesellschaft-fuer-system-dynamics\/\" title=\"consultingcheck pr\u00e4sentiert auf der Jahrestagung der Deutschen Gesellschaft f\u00fcr System Dynamics\" class=\"btn\">mehr lesen<\/a><\/div><\/div><div class=\"blog-entry\" id=\"blog-entry-10661\"><div class=\"thumb\"><img decoding=\"async\" src=\"https:\/\/www.consultingcheck.com\/wp-content\/uploads\/2022\/10\/Rhein-Zeitung1.png\" title=\"consultingcheck in der Rhein-Zeitung\" \/><\/div><div class=\"blog-entry-content\"><a href=\"https:\/\/www.consultingcheck.com\/de\/consultingcheck-in-der-rhein-zeitung\/\" title=\"consultingcheck in der Rhein-Zeitung\"><h3>consultingcheck in der Rhein-Zeitung<\/h3><\/a><div class=\"blog-entry-excerpt\">Am 14. Oktober 2022 wurde consultingcheck in einem fast ganzseitigen Artikel in der Rhein-Zeitung ausf\u00fchrlich ...<\/div><span class=\"blog-entry-date\">18.10.2022<\/span><a href=\"https:\/\/www.consultingcheck.com\/de\/consultingcheck-in-der-rhein-zeitung\/\" title=\"consultingcheck in der Rhein-Zeitung\" class=\"btn\">mehr lesen<\/a><\/div><\/div><div class=\"blog-entry\" id=\"blog-entry-10659\"><div class=\"thumb\"><img decoding=\"async\" src=\"https:\/\/www.consultingcheck.com\/wp-content\/uploads\/2022\/10\/DUP1.png\" title=\"consultingcheck auf der Deutschen Unternehmer-Plattform DUP f\u00fcr Digitalisierung und Nachhaltigkeit\" \/><\/div><div class=\"blog-entry-content\"><a href=\"https:\/\/www.consultingcheck.com\/de\/consultingcheck-auf-der-deutschen-unternehmer-plattform-dup-fuer-digitalisierung-und-nachhaltigkeit\/\" title=\"consultingcheck auf der Deutschen Unternehmer-Plattform DUP f\u00fcr Digitalisierung und Nachhaltigkeit\"><h3>consultingcheck auf der Deutschen Unternehmer-Plattform DUP f\u00fcr Digitalisierung und Nachhaltigkeit<\/h3><\/a><div class=\"blog-entry-excerpt\">In der Rubrik &#8222;Vordenker 2022&#8220; stellte die Deutsche Unternehmer-Plattform DUP f\u00fcr Digitalisierung und Nachhaltigkeit am 25. Juli 2022 ...<\/div><span class=\"blog-entry-date\">18.10.2022<\/span><a href=\"https:\/\/www.consultingcheck.com\/de\/consultingcheck-auf-der-deutschen-unternehmer-plattform-dup-fuer-digitalisierung-und-nachhaltigkeit\/\" title=\"consultingcheck auf der Deutschen Unternehmer-Plattform DUP f\u00fcr Digitalisierung und Nachhaltigkeit\" class=\"btn\">mehr lesen<\/a><\/div><\/div><div class=\"blog-entry\" id=\"blog-entry-10657\"><div class=\"thumb\"><img decoding=\"async\" src=\"https:\/\/www.consultingcheck.com\/wp-content\/uploads\/2022\/10\/Der-Handel1.png\" title=\"consultingcheck ist f\u00fcr den Handel interessant\" \/><\/div><div class=\"blog-entry-content\"><a href=\"https:\/\/www.consultingcheck.com\/de\/consultingcheck-ist-fuer-den-handel-interessant\/\" title=\"consultingcheck ist f\u00fcr den Handel interessant\"><h3>consultingcheck ist f\u00fcr den Handel interessant<\/h3><\/a><div class=\"blog-entry-excerpt\">consultingcheck setzt &#8222;Impulse f\u00fcr alle&#8220;, wie in einem Artikel in Heft 02\/2022 der Fachzeitschrift &#8222;Der Handel&#8220; ab S. 16 ...<\/div><span class=\"blog-entry-date\">18.10.2022<\/span><a href=\"https:\/\/www.consultingcheck.com\/de\/consultingcheck-ist-fuer-den-handel-interessant\/\" title=\"consultingcheck ist f\u00fcr den Handel interessant\" class=\"btn\">mehr lesen<\/a><\/div><\/div><div class=\"blog-entry\" id=\"blog-entry-10649\"><div class=\"thumb\"><img decoding=\"async\" src=\"https:\/\/www.consultingcheck.com\/wp-content\/uploads\/2022\/10\/Interview-Abenteuer-Projekte-840x464.png\" title=\"Interview des Blogs \"Abenteuer Projekte\" mit Dr. Boysen\" \/><\/div><div class=\"blog-entry-content\"><a href=\"https:\/\/www.consultingcheck.com\/de\/interview-des-blogs-abenteuer-projekte-mit-dr-boysen\/\" title=\"Interview des Blogs \"Abenteuer Projekte\" mit Dr. Boysen\"><h3>Interview des Blogs \"Abenteuer Projekte\" mit Dr. Boysen<\/h3><\/a><div class=\"blog-entry-excerpt\">Mario Neumann, der Betreiber der Initiative &#8222;Abenteuer Projekte&#8220; hat ein Interview mit Dr. Boysen \u00fcber consultingcheck gef\u00fchrt, das am ...<\/div><span class=\"blog-entry-date\">18.10.2022<\/span><a href=\"https:\/\/www.consultingcheck.com\/de\/interview-des-blogs-abenteuer-projekte-mit-dr-boysen\/\" title=\"Interview des Blogs \"Abenteuer Projekte\" mit Dr. Boysen\" class=\"btn\">mehr lesen<\/a><\/div><\/div><div class=\"blog-entry\" id=\"blog-entry-10647\"><div class=\"thumb\"><img decoding=\"async\" src=\"https:\/\/www.consultingcheck.com\/wp-content\/uploads\/2022\/10\/Podcast-theconsulmergoodsforum-840x429.png\" title=\"Podcast \u00fcber consultingcheck beim consumergoodsforum\" \/><\/div><div class=\"blog-entry-content\"><a href=\"https:\/\/www.consultingcheck.com\/de\/podcast-ueber-consultingcheck-beim-consumergoodsforum\/\" title=\"Podcast \u00fcber consultingcheck beim consumergoodsforum\"><h3>Podcast \u00fcber consultingcheck beim consumergoodsforum<\/h3><\/a><div class=\"blog-entry-excerpt\">Im Januar 2022 zeichnete das consumergoodsforum einen Podcast mit Dr. Boysen \u00fcber consultingcheck auf. Im Podcast zeigt Dr. Boysen die Vorteile ...<\/div><span class=\"blog-entry-date\">18.10.2022<\/span><a href=\"https:\/\/www.consultingcheck.com\/de\/podcast-ueber-consultingcheck-beim-consumergoodsforum\/\" title=\"Podcast \u00fcber consultingcheck beim consumergoodsforum\" class=\"btn\">mehr lesen<\/a><\/div><\/div><div class=\"blog-entry\" id=\"blog-entry-10645\"><div class=\"thumb\"><img decoding=\"async\" src=\"https:\/\/www.consultingcheck.com\/wp-content\/uploads\/2022\/10\/Startup-Valley1.png\" title=\"consultingcheck im Gr\u00fcndermagazin \"Startup Valley\"\" \/><\/div><div class=\"blog-entry-content\"><a href=\"https:\/\/www.yumpu.com\/news\/de\/ausgabe\/133840-startupvalley-magazine-ausgabe-032022\/91\" title=\"consultingcheck im Gr\u00fcndermagazin \"Startup Valley\"\"><h3>consultingcheck im Gr\u00fcndermagazin \"Startup Valley\"<\/h3><\/a><div class=\"blog-entry-excerpt\">Wie consultingcheck auch f\u00fcr Unternehmensgr\u00fcnder n\u00fctzlich sein kann, l\u00e4sst sich diesem Artikel in der Ausgabe 3\/2022 des ...<\/div><span class=\"blog-entry-date\">18.10.2022<\/span><a href=\"https:\/\/www.yumpu.com\/news\/de\/ausgabe\/133840-startupvalley-magazine-ausgabe-032022\/91\" title=\"consultingcheck im Gr\u00fcndermagazin \"Startup Valley\"\" class=\"btn\">mehr lesen<\/a><\/div><\/div><div class=\"blog-entry\" id=\"blog-entry-10643\"><div class=\"thumb\"><img decoding=\"async\" src=\"https:\/\/www.consultingcheck.com\/wp-content\/uploads\/2022\/10\/Personalwirtschaft1.png\" title=\"consultingcheck in der \"Personalwirtschaft\"\" \/><\/div><div class=\"blog-entry-content\"><a href=\"https:\/\/www.consultingcheck.com\/de\/consultingcheck-in-der-personalwirtschaft\/\" title=\"consultingcheck in der \"Personalwirtschaft\"\"><h3>consultingcheck in der \"Personalwirtschaft\"<\/h3><\/a><div class=\"blog-entry-excerpt\">In der Fachzeitschrift &#8222;Personalwirtschaft&#8220; erschien im Fr\u00fchjahr 2022 ein Artikel, der Aufschluss dar\u00fcber gibt, wie consultingcheck ...<\/div><span class=\"blog-entry-date\">18.10.2022<\/span><a href=\"https:\/\/www.consultingcheck.com\/de\/consultingcheck-in-der-personalwirtschaft\/\" title=\"consultingcheck in der \"Personalwirtschaft\"\" class=\"btn\">mehr lesen<\/a><\/div><\/div><div class=\"blog-entry\" id=\"blog-entry-10641\"><div class=\"thumb\"><img decoding=\"async\" src=\"https:\/\/www.consultingcheck.com\/wp-content\/uploads\/2022\/10\/return1.png\" title=\"consultingcheck im Fachmagazin \"return\"\" \/><\/div><div class=\"blog-entry-content\"><a href=\"https:\/\/www.consultingcheck.com\/de\/consultingcheck-im-fachmagazin-return\/\" title=\"consultingcheck im Fachmagazin \"return\"\"><h3>consultingcheck im Fachmagazin \"return\"<\/h3><\/a><div class=\"blog-entry-excerpt\">In der Ausgabe 2\/2022 des Fachmagazins &#8222;return&#8220; f\u00fcr Transformation und Turnaround in Unternehmen erschien ein ausf\u00fchrlicher Artikel ...<\/div><span class=\"blog-entry-date\">18.10.2022<\/span><a href=\"https:\/\/www.consultingcheck.com\/de\/consultingcheck-im-fachmagazin-return\/\" title=\"consultingcheck im Fachmagazin \"return\"\" class=\"btn\">mehr lesen<\/a><\/div><\/div><div class=\"blog-entry\" id=\"blog-entry-10639\"><div class=\"thumb\"><img decoding=\"async\" src=\"https:\/\/www.consultingcheck.com\/wp-content\/uploads\/2022\/10\/Fuchsfriefe1.png\" title=\"Empfehlung von consultingcheck durch die \"Fuchsbriefe\"\" \/><\/div><div class=\"blog-entry-content\"><a href=\"https:\/\/www.consultingcheck.com\/de\/empfehlung-von-consultingcheck-durch-die-fuchsbriefe\/\" title=\"Empfehlung von consultingcheck durch die \"Fuchsbriefe\"\"><h3>Empfehlung von consultingcheck durch die \"Fuchsbriefe\"<\/h3><\/a><div class=\"blog-entry-excerpt\">Am 12. Mai 2022 erschien eine tolle Empfehlung von consultingcheck durch die renommierten Fuchsbriefe (76. Jahrgang, Ausgabe ...<\/div><span class=\"blog-entry-date\">18.10.2022<\/span><a href=\"https:\/\/www.consultingcheck.com\/de\/empfehlung-von-consultingcheck-durch-die-fuchsbriefe\/\" title=\"Empfehlung von consultingcheck durch die \"Fuchsbriefe\"\" class=\"btn\">mehr lesen<\/a><\/div><\/div><\/div>\n<\/div><\/div>\n<\/div>\n<\/div>\n","protected":false},"excerpt":{"rendered":"<p>Pressespiegel Hier finden Sie einen Auszug der Ver\u00f6ffentlichungen \u00fcber \u00a0und Management-Themen in relevanten Fachjournalen und in regionalen Zeitungen. Die angebotenen Verlinkungen leiten Sie direkt zur Website des Mediums, in dem der jeweilige Beitrag erschienen ist. Sie sehen gerade einen Platzhalterinhalt von YouTube. Um auf den eigentlichen Inhalt zuzugreifen, klicken Sie auf die Schaltfl\u00e4che unten. Bitte <a href=\"https:\/\/www.consultingcheck.com\/de\/news\/pressespiegel\/\" class=\"more-link\">&#8230;<\/a><\/p>\n","protected":false},"author":1,"featured_media":0,"parent":17,"menu_order":0,"comment_status":"closed","ping_status":"closed","template":"","meta":{"footnotes":"","_links_to":"","_links_to_target":""},"class_list":["post-10343","page","type-page","status-publish","hentry"],"yoast_head":"<!-- This site is optimized with the Yoast SEO plugin v27.4 - https:\/\/yoast.com\/product\/yoast-seo-wordpress\/ -->\n<title>Pressespiegel - consultingcheck<\/title>\n<meta name=\"robots\" content=\"index, follow, max-snippet:-1, max-image-preview:large, max-video-preview:-1\" \/>\n<link rel=\"canonical\" href=\"https:\/\/www.consultingcheck.com\/de\/news\/pressespiegel\/\" \/>\n<meta property=\"og:locale\" content=\"de_DE\" \/>\n<meta property=\"og:type\" content=\"article\" \/>\n<meta property=\"og:title\" content=\"Pressespiegel - consultingcheck\" \/>\n<meta property=\"og:description\" content=\"Pressespiegel Hier finden Sie einen Auszug der Ver\u00f6ffentlichungen \u00fcber \u00a0und Management-Themen in relevanten Fachjournalen und in regionalen Zeitungen. Die angebotenen Verlinkungen leiten Sie direkt zur Website des Mediums, in dem der jeweilige Beitrag erschienen ist. Sie sehen gerade einen Platzhalterinhalt von YouTube. Um auf den eigentlichen Inhalt zuzugreifen, klicken Sie auf die Schaltfl\u00e4che unten. Bitte ...\" \/>\n<meta property=\"og:url\" content=\"https:\/\/www.consultingcheck.com\/de\/news\/pressespiegel\/\" \/>\n<meta property=\"og:site_name\" content=\"consultingcheck\" \/>\n<meta property=\"article:modified_time\" content=\"2023-01-05T16:10:13+00:00\" \/>\n<meta name=\"twitter:card\" content=\"summary_large_image\" \/>\n<meta name=\"twitter:label1\" content=\"Gesch\u00e4tzte Lesezeit\" \/>\n\t<meta name=\"twitter:data1\" content=\"1\u00a0Minute\" \/>\n<script type=\"application\/ld+json\" class=\"yoast-schema-graph\">{\"@context\":\"https:\\\/\\\/schema.org\",\"@graph\":[{\"@type\":\"WebPage\",\"@id\":\"https:\\\/\\\/www.consultingcheck.com\\\/de\\\/news\\\/pressespiegel\\\/\",\"url\":\"https:\\\/\\\/www.consultingcheck.com\\\/de\\\/news\\\/pressespiegel\\\/\",\"name\":\"Pressespiegel - consultingcheck\",\"isPartOf\":{\"@id\":\"https:\\\/\\\/www.consultingcheck.com\\\/de\\\/#website\"},\"datePublished\":\"2022-10-11T04:01:48+00:00\",\"dateModified\":\"2023-01-05T16:10:13+00:00\",\"breadcrumb\":{\"@id\":\"https:\\\/\\\/www.consultingcheck.com\\\/de\\\/news\\\/pressespiegel\\\/#breadcrumb\"},\"inLanguage\":\"de\",\"potentialAction\":[{\"@type\":\"ReadAction\",\"target\":[\"https:\\\/\\\/www.consultingcheck.com\\\/de\\\/news\\\/pressespiegel\\\/\"]}]},{\"@type\":\"BreadcrumbList\",\"@id\":\"https:\\\/\\\/www.consultingcheck.com\\\/de\\\/news\\\/pressespiegel\\\/#breadcrumb\",\"itemListElement\":[{\"@type\":\"ListItem\",\"position\":1,\"name\":\"Startseite\",\"item\":\"https:\\\/\\\/www.consultingcheck.com\\\/de\\\/\"},{\"@type\":\"ListItem\",\"position\":2,\"name\":\"News\",\"item\":\"https:\\\/\\\/www.consultingcheck.com\\\/de\\\/news\\\/\"},{\"@type\":\"ListItem\",\"position\":3,\"name\":\"Pressespiegel\"}]},{\"@type\":\"WebSite\",\"@id\":\"https:\\\/\\\/www.consultingcheck.com\\\/de\\\/#website\",\"url\":\"https:\\\/\\\/www.consultingcheck.com\\\/de\\\/\",\"name\":\"consultingcheck\",\"description\":\"Vernetzt gedacht. Entzaubert. Hands-on.\",\"potentialAction\":[{\"@type\":\"SearchAction\",\"target\":{\"@type\":\"EntryPoint\",\"urlTemplate\":\"https:\\\/\\\/www.consultingcheck.com\\\/de\\\/?s={search_term_string}\"},\"query-input\":{\"@type\":\"PropertyValueSpecification\",\"valueRequired\":true,\"valueName\":\"search_term_string\"}}],\"inLanguage\":\"de\"}]}<\/script>\n<!-- \/ Yoast SEO plugin. -->","yoast_head_json":{"title":"Pressespiegel - consultingcheck","robots":{"index":"index","follow":"follow","max-snippet":"max-snippet:-1","max-image-preview":"max-image-preview:large","max-video-preview":"max-video-preview:-1"},"canonical":"https:\/\/www.consultingcheck.com\/de\/news\/pressespiegel\/","og_locale":"de_DE","og_type":"article","og_title":"Pressespiegel - consultingcheck","og_description":"Pressespiegel Hier finden Sie einen Auszug der Ver\u00f6ffentlichungen \u00fcber \u00a0und Management-Themen in relevanten Fachjournalen und in regionalen Zeitungen. Die angebotenen Verlinkungen leiten Sie direkt zur Website des Mediums, in dem der jeweilige Beitrag erschienen ist. Sie sehen gerade einen Platzhalterinhalt von YouTube. Um auf den eigentlichen Inhalt zuzugreifen, klicken Sie auf die Schaltfl\u00e4che unten. Bitte ...","og_url":"https:\/\/www.consultingcheck.com\/de\/news\/pressespiegel\/","og_site_name":"consultingcheck","article_modified_time":"2023-01-05T16:10:13+00:00","twitter_card":"summary_large_image","twitter_misc":{"Gesch\u00e4tzte Lesezeit":"1\u00a0Minute"},"schema":{"@context":"https:\/\/schema.org","@graph":[{"@type":"WebPage","@id":"https:\/\/www.consultingcheck.com\/de\/news\/pressespiegel\/","url":"https:\/\/www.consultingcheck.com\/de\/news\/pressespiegel\/","name":"Pressespiegel - consultingcheck","isPartOf":{"@id":"https:\/\/www.consultingcheck.com\/de\/#website"},"datePublished":"2022-10-11T04:01:48+00:00","dateModified":"2023-01-05T16:10:13+00:00","breadcrumb":{"@id":"https:\/\/www.consultingcheck.com\/de\/news\/pressespiegel\/#breadcrumb"},"inLanguage":"de","potentialAction":[{"@type":"ReadAction","target":["https:\/\/www.consultingcheck.com\/de\/news\/pressespiegel\/"]}]},{"@type":"BreadcrumbList","@id":"https:\/\/www.consultingcheck.com\/de\/news\/pressespiegel\/#breadcrumb","itemListElement":[{"@type":"ListItem","position":1,"name":"Startseite","item":"https:\/\/www.consultingcheck.com\/de\/"},{"@type":"ListItem","position":2,"name":"News","item":"https:\/\/www.consultingcheck.com\/de\/news\/"},{"@type":"ListItem","position":3,"name":"Pressespiegel"}]},{"@type":"WebSite","@id":"https:\/\/www.consultingcheck.com\/de\/#website","url":"https:\/\/www.consultingcheck.com\/de\/","name":"consultingcheck","description":"Vernetzt gedacht. Entzaubert. Hands-on.","potentialAction":[{"@type":"SearchAction","target":{"@type":"EntryPoint","urlTemplate":"https:\/\/www.consultingcheck.com\/de\/?s={search_term_string}"},"query-input":{"@type":"PropertyValueSpecification","valueRequired":true,"valueName":"search_term_string"}}],"inLanguage":"de"}]}},"_links":{"self":[{"href":"https:\/\/www.consultingcheck.com\/de\/wp-json\/wp\/v2\/pages\/10343","targetHints":{"allow":["GET"]}}],"collection":[{"href":"https:\/\/www.consultingcheck.com\/de\/wp-json\/wp\/v2\/pages"}],"about":[{"href":"https:\/\/www.consultingcheck.com\/de\/wp-json\/wp\/v2\/types\/page"}],"author":[{"embeddable":true,"href":"https:\/\/www.consultingcheck.com\/de\/wp-json\/wp\/v2\/users\/1"}],"replies":[{"embeddable":true,"href":"https:\/\/www.consultingcheck.com\/de\/wp-json\/wp\/v2\/comments?post=10343"}],"version-history":[{"count":5,"href":"https:\/\/www.consultingcheck.com\/de\/wp-json\/wp\/v2\/pages\/10343\/revisions"}],"predecessor-version":[{"id":13449,"href":"https:\/\/www.consultingcheck.com\/de\/wp-json\/wp\/v2\/pages\/10343\/revisions\/13449"}],"up":[{"embeddable":true,"href":"https:\/\/www.consultingcheck.com\/de\/wp-json\/wp\/v2\/pages\/17"}],"wp:attachment":[{"href":"https:\/\/www.consultingcheck.com\/de\/wp-json\/wp\/v2\/media?parent=10343"}],"curies":[{"name":"wp","href":"https:\/\/api.w.org\/{rel}","templated":true}]}}